{"id":9,"date":"2022-01-11T23:23:35","date_gmt":"2022-01-11T23:23:35","guid":{"rendered":"https:\/\/tlatelolcounam.mx\/caminoreal\/?page_id=9"},"modified":"2025-08-12T21:05:22","modified_gmt":"2025-08-12T21:05:22","slug":"inicio","status":"publish","type":"page","link":"https:\/\/tlatelolcounam.mx\/caminoreal\/","title":{"rendered":"Inicio"},"content":{"rendered":"<div class=\"brz-root__container brz-reset-all\">\n<section data-uid=\"wlzvbdulidkzsqnuyzujernrjifuxjtcntms\" id=\"wlzvbdulidkzsqnuyzujernrjifuxjtcntms\" data-iteration-count=\"1\" class=\"brz-section brz-css-kyfti brz-css-hvnsm brz-animated brz-css-ohmxt brz-css-drbep\">\n<div class=\"brz-slick-slider brz-slick-slider__section\" data-slides-to-show=\"1\" data-slides-to-scroll=\"1\" data-arrows=\"true\" data-dots=\"true\" data-dots-class=\"brz-slick-slider__dots brz-slick-slider__dots--circle\" data-fade=\"false\" data-vertical=\"false\" data-auto-play=\"true\" data-auto-play-speed=\"3000\" data-swipe=\"true\" data-responsive=\"%5B%7B%22breakpoint%22%3A767%2C%22settings%22%3A%7B%22slidesToShow%22%3A1%2C%22slidesToScroll%22%3A1%7D%7D%5D\">\n<div>\n<div class=\"brz-section__content brz-section--boxed brz-css-dilyo brz-css-glxxc\" data-custom-id=\"hqtaalrdfcsrnqlaspzuqzpgqigunsmdttwh\">\n<div class=\"brz-bg overflow-hidden absolute top-0 left-0 w-full h-full\">\n<div class=\"brz-bg-image absolute top-0 left-0 w-full h-full bg-no-repeat bg-cover\"><\/div>\n<\/div>\n<div class=\"brz-container brz-css-szdwl\">\n<div class=\"brz-row__container brz-css-ccvbb\" data-custom-id=\"eshnlfmxytpyfwznepnpizcfmyiehktbjttt\">\n<div class=\"brz-bg overflow-hidden absolute top-0 left-0 w-full h-full\"><\/div>\n<div class=\"brz-row brz-css-mtkkv brz-css-xtafz\">\n<div class=\"brz-columns brz-css-zdmlq brz-css-upega brz-css-cdlzt\" data-custom-id=\"innrgmqgtgqqwhqrfjlfkcyukursybroqcvk\">\n<div class=\"brz-bg overflow-hidden absolute top-0 left-0 w-full h-full\"><\/div>\n<div class=\"brz-column__items brz-css-dvcgf brz-css-vbkmm\">\n<div class=\"brz-css-ndcmm brz-wrapper\">\n<div class=\"brz-rich-text brz-rich-text__custom brz-css-dlcnz\" data-custom-id=\"jycknlgnyikrckcghpgkegucuipwvyoeatyk\">\n<div>\n<p class=\"brz-css-bquxk\" data-uniq-id=\"bckpa\" data-generated-css=\"brz-css-btmcx\"><span class=\" brz-span\">Estados<\/span><\/p>\n<\/div>\n<\/div>\n<\/div>\n<\/div>\n<p><a class=\"brz-a brz-container-link\" href=\"#kmtyfbakgdxkhrfsemlbedpdwagihxletyjb\" data-brz-link-type=\"popup\" id><\/a><\/div>\n<div class=\"brz-popup2 brz-popup2__preview brz-popup2__auto brz-simple-popup brz-css-qmcuz brz-css-ngufj\" id=\"global_pdntatuetywdmuwpzxcchuuoewgfdktgndcz\" data-brz-popup=\"kmtyfbakgdxkhrfsemlbedpdwagihxletyjb\" data-click_outside_to_close=\"true\" data-custom-id=\"antpufiopjkuhpjvfvtsarnofqmmhvryfhvn\">\n<div class=\"brz-bg overflow-hidden absolute top-0 left-0 w-full h-full\">\n<div class=\"brz-bg-color absolute top-0 left-0 w-full h-full\"><\/div>\n<\/div>\n<div class=\"brz-popup2__inner brz-d-xs-flex brz-flex-xs-wrap brz-css-ogneo brz-css-kiech\">\n<div class=\"brz-container__wrap\">\n<div class=\"brz-popup2__close\">     <\/div>\n<div class=\"brz-container\">\n<div data-iteration-count=\"Infinity\" class=\"brz-row__container brz-css-ccvbb brz-css-hxcou brz-animated brz-css-wuzlj brz-css-vkxbc\" data-custom-id=\"mriaerqrlrhquxkhvamitdazbvwryyjezvop\">\n<div class=\"brz-row brz-css-mtkkv\">\n<div class=\"brz-columns brz-css-zdmlq brz-css-hamzw\" data-custom-id=\"boqsywtkecdpoxawvfagvybmdtxbgjassmjc\">\n<div class=\"brz-bg overflow-hidden absolute top-0 left-0 w-full h-full\"><\/div>\n<div class=\"brz-column__items brz-css-dvcgf\">\n<div class=\"brz-css-ndcmm brz-wrapper\">\n<div data-action=\"click\" class=\"brz-tabs brz-tabs--horizontal brz-tabs--style-1 brz-tabs--left brz-css-kfwyr brz-css-qjzgn\" data-custom-id=\"olmfuagpbbmssfroppgvnklgqseukgovfknd\">\n<ul class=\"brz-tabs__nav brz-tabs__nav--horizontal brz-tabs__nav--style-1 brz-tabs__nav--left\">\n<li class=\"brz-tabs__nav--item brz-tabs__nav--desktop brz-tabs__nav--active\">\n<div class=\"brz-tabs__nav--button\"><span class=\"brz-span brz-text__editor\">Estados<\/span><\/div>\n<\/li>\n<\/ul>\n<div class=\"brz-tabs__content brz-tabs__content--horizontal brz-tabs__content--style-1 brz-tabs__content--left\">\n<div class=\"brz-tabs__items brz-tabs__items--active\">\n<div class=\"brz-tabs__nav--mobile brz-tabs__nav--mobile--active\">\n<div class=\"brz-tabs__nav--button\">Estados<\/div>\n<\/div>\n<div class=\"brz-tabs__item--content\">\n<div class=\"brz-d-xs-flex brz-flex-xs-column\">\n<div class=\"brz-css-ndcmm brz-css-yolfq brz-wrapper\">\n<div class=\"brz-image__gallery\" data-custom-id=\"rrznnaqnhenhcztbffikmhvkfksirtxlahgs\">\n<div class=\"brz-image__gallery-wrapper brz-d-xs-flex brz-flex-xs-wrap brz-css-viptp brz-css-mazfh\">\n<div class=\"brz-image__gallery-item\">\n<div class=\"brz-image brz-css-hnifi\"><a class=\"brz-a\" href=\"https:\/\/tlatelolcounam.mx\/caminoreal\/zacatecas\/\" data-brz-link-type=\"external\" id data-custom-id=\"rimrborqmlnpbqdzlkxgxveoowwlgbqkvexc\"><img decoding=\"async\" class=\"brz-img\" src=\"https:\/\/tlatelolcounam.mx\/caminoreal\/wp-content\/uploads\/brizy\/imgs\/1-243x243x0x39x243x164x1651078594.jpg\" alt=\"\" loading=\"lazy\" \/><\/a><\/div>\n<\/div>\n<div class=\"brz-image__gallery-item\">\n<div class=\"brz-image brz-css-ulpbz\"><a class=\"brz-a\" href=\"https:\/\/tlatelolcounam.mx\/caminoreal\/ags_2\" data-brz-link-type=\"external\" id data-custom-id=\"qmarofwvlmzoohqnirqzouwtbccyxjbzagnp\"><img decoding=\"async\" class=\"brz-img\" src=\"https:\/\/tlatelolcounam.mx\/caminoreal\/wp-content\/uploads\/brizy\/imgs\/ags-243x243x0x28x243x188x1651079561.jpg\" alt=\"\" loading=\"lazy\" \/><\/a><\/div>\n<\/div>\n<div class=\"brz-image__gallery-item\">\n<div class=\"brz-image brz-css-xixuy\"><a class=\"brz-a\" href=\"https:\/\/tlatelolcounam.mx\/caminoreal\/san-luis-potosi\" data-brz-link-type=\"external\" id data-custom-id=\"htgrrkngjsmhdwcqljbnhbuwsvbdxjlnutse\"><img decoding=\"async\" class=\"brz-img\" src=\"https:\/\/tlatelolcounam.mx\/caminoreal\/wp-content\/uploads\/brizy\/imgs\/slp-243x243x0x28x243x188x1651079773.jpg\" alt=\"\" loading=\"lazy\" \/><\/a><\/div>\n<\/div>\n<div class=\"brz-image__gallery-item\">\n<div class=\"brz-image brz-css-mrdyo\"><a class=\"brz-a\" href=\"https:\/\/tlatelolcounam.mx\/caminoreal\/dura_2\" data-brz-link-type=\"external\" id data-custom-id=\"ogbtzrhoxlwohxhdgveinqnmgnwllazpfwtq\"><img decoding=\"async\" class=\"brz-img\" src=\"https:\/\/tlatelolcounam.mx\/caminoreal\/wp-content\/uploads\/brizy\/imgs\/dgo-266x266x11x0x243x266x1651079643.jpg\" alt=\"\" loading=\"lazy\" \/><\/a><\/div>\n<\/div>\n<div class=\"brz-image__gallery-item\">\n<div class=\"brz-image brz-css-iobmb\"><a class=\"brz-a\" href=\"https:\/\/tlatelolcounam.mx\/caminoreal\/edomex\" data-brz-link-type=\"external\" id data-custom-id=\"rrpfrjsciwumubpumtcirogrbvdwhhxppebh\"><img decoding=\"async\" class=\"brz-img\" src=\"https:\/\/tlatelolcounam.mx\/caminoreal\/wp-content\/uploads\/brizy\/imgs\/edomx-243x243x0x36x243x172x1651079664.jpg\" alt=\"\" loading=\"lazy\" \/><\/a><\/div>\n<\/div>\n<div class=\"brz-image__gallery-item\">\n<div class=\"brz-image brz-css-aviys\"><a class=\"brz-a\" href=\"https:\/\/tlatelolcounam.mx\/caminoreal\/texas\" data-brz-link-type=\"external\" id data-custom-id=\"fkltyelbrkezfygzjpryklkxtlxbiwcskdxy\"><img decoding=\"async\" class=\"brz-img\" src=\"https:\/\/tlatelolcounam.mx\/caminoreal\/wp-content\/uploads\/brizy\/imgs\/tx-243x243x0x36x243x172x1651079800.jpg\" alt=\"\" loading=\"lazy\" \/><\/a><\/div>\n<\/div>\n<div class=\"brz-image__gallery-item\">\n<div class=\"brz-image brz-css-gyadk\"><a class=\"brz-a\" href=\"https:\/\/tlatelolcounam.mx\/caminoreal\/cdmx-2\/\" data-brz-link-type=\"external\" id data-custom-id=\"xxpxhpydfukptnwsnxtngazacdfttucjuylo\"><img decoding=\"async\" class=\"brz-img\" src=\"https:\/\/tlatelolcounam.mx\/caminoreal\/wp-content\/uploads\/brizy\/imgs\/cdmx-310x310x34x0x243x310x1651079606.jpg\" alt=\"\" loading=\"lazy\" \/><\/a><\/div>\n<\/div>\n<div class=\"brz-image__gallery-item\">\n<div class=\"brz-image brz-css-hwort\"><a class=\"brz-a\" href=\"https:\/\/tlatelolcounam.mx\/caminoreal\/guanajuato\" data-brz-link-type=\"external\" id data-custom-id=\"gplouaqtamczmwhriupxesynqvkjqazrhtky\"><img decoding=\"async\" class=\"brz-img\" src=\"https:\/\/tlatelolcounam.mx\/caminoreal\/wp-content\/uploads\/brizy\/imgs\/gto-243x243x0x10x243x223x1651079681.jpg\" alt=\"\" loading=\"lazy\" \/><\/a><\/div>\n<\/div>\n<div class=\"brz-image__gallery-item\">\n<div class=\"brz-image brz-css-ooxnv\"><a class=\"brz-a\" href=\"https:\/\/tlatelolcounam.mx\/caminoreal\/chihuahua\" data-brz-link-type=\"external\" id data-custom-id=\"xohhdnkelhdblhgrsxbslyhzczmczgfmkjcr\"><img decoding=\"async\" class=\"brz-img\" src=\"https:\/\/tlatelolcounam.mx\/caminoreal\/wp-content\/uploads\/brizy\/imgs\/ch-243x243x0x4x243x236x1651079623.jpg\" alt=\"\" loading=\"lazy\" \/><\/a><\/div>\n<\/div>\n<div class=\"brz-image__gallery-item\">\n<div class=\"brz-image brz-css-zguif\"><a class=\"brz-a\" href=\"https:\/\/tlatelolcounam.mx\/caminoreal\/hidalgo\" data-brz-link-type=\"external\" id data-custom-id=\"djqkkunuvlatlszclbmufkadxlauqcmmytzv\"><img decoding=\"async\" class=\"brz-img\" src=\"https:\/\/tlatelolcounam.mx\/caminoreal\/wp-content\/uploads\/brizy\/imgs\/hdo-472x472x114x0x243x472x1651079706.jpg\" alt=\"\" loading=\"lazy\" \/><\/a><\/div>\n<\/div>\n<div class=\"brz-image__gallery-item\">\n<div class=\"brz-image brz-css-ddddm\"><a class=\"brz-a\" href=\"https:\/\/tlatelolcounam.mx\/caminoreal\/queretaro-2\" data-brz-link-type=\"external\" id data-custom-id=\"vytgbujoceuphpxqwfnmsaxbxsorzsyyjqbx\"><img decoding=\"async\" class=\"brz-img\" src=\"https:\/\/tlatelolcounam.mx\/caminoreal\/wp-content\/uploads\/brizy\/imgs\/qro-345x345x51x0x243x345x1651079756.jpg\" alt=\"\" loading=\"lazy\" \/><\/a><\/div>\n<\/div>\n<div class=\"brz-image__gallery-item\">\n<div class=\"brz-image brz-css-wdxzt\"><a class=\"brz-a\" href=\"https:\/\/tlatelolcounam.mx\/caminoreal\/nuevo-mexico\" data-brz-link-type=\"external\" id data-custom-id=\"gryulqhetcowxrlxwjfqrstznahnfrcxvycs\"><img decoding=\"async\" class=\"brz-img\" src=\"https:\/\/tlatelolcounam.mx\/caminoreal\/wp-content\/uploads\/brizy\/imgs\/nmx-335x335x46x0x243x335x1651079731.jpg\" alt=\"\" loading=\"lazy\" \/><\/a><\/div>\n<\/div>\n<div class=\"brz-image__gallery-item\">\n<div class=\"brz-image brz-css-bhgmw\"><a class=\"brz-a\" href=\"https:\/\/tlatelolcounam.mx\/caminoreal\/jalisco\" data-brz-link-type=\"external\" id data-custom-id=\"zqpftvyndfgmdkprgjtrmoukymhprakuxymb\"><img decoding=\"async\" class=\"brz-img\" src=\"https:\/\/tlatelolcounam.mx\/caminoreal\/wp-content\/uploads\/brizy\/imgs\/jal-247x247x2x0x243x247x1651079717.jpg\" alt=\"\" loading=\"lazy\" \/><\/a><\/div>\n<\/div>\n<\/div>\n<\/div>\n<\/div>\n<\/div>\n<\/div>\n<\/div>\n<\/div>\n<\/div>\n<\/div>\n<\/div>\n<\/div>\n<\/div>\n<\/div>\n<\/div>\n<\/div>\n<\/div>\n<\/div>\n<div class=\"brz-columns brz-css-zdmlq brz-css-upega brz-css-ubkio\" data-custom-id=\"glydscqupobhmgjmmpeqlgjybntlhiscmgxz\">\n<div class=\"brz-bg overflow-hidden absolute top-0 left-0 w-full h-full\"><\/div>\n<div class=\"brz-column__items brz-css-dvcgf brz-css-ozrpq\">\n<div class=\"brz-css-ndcmm brz-wrapper\">\n<div class=\"brz-rich-text brz-rich-text__custom brz-css-dlcnz\" data-custom-id=\"xzpzdrodnehiyaodlvgnujjavvmitjkbgjmk\">\n<div>\n<p class=\"brz-css-wcnbp\" data-generated-css=\"brz-css-scghi\" data-uniq-id=\"exool\"><span>Historia<\/span><\/p>\n<\/div>\n<\/div>\n<\/div>\n<\/div>\n<p><a class=\"brz-a brz-container-link\" href=\"https:\/\/tlatelolcounam.mx\/caminoreal\/historia\/\" data-brz-link-type=\"external\" id><\/a><\/div>\n<\/div>\n<\/div>\n<div class=\"brz-css-ndcmm brz-css-ujqsh brz-wrapper\">\n<div class=\"brz-spacer brz-css-nzorl brz-css-aqkba\"><\/div>\n<\/div>\n<\/div>\n<\/div>\n<\/div>\n<p><title>thin<\/title>\n<\/div>\n<\/section>\n<section data-uid=\"piwgpgupstrmvruzwjosklsolymnjpfknvps\" id=\"piwgpgupstrmvruzwjosklsolymnjpfknvps\" class=\"brz-section brz-css-kyfti\">\n<div class=\"brz-section__content brz-section--boxed brz-css-dilyo brz-css-ftqay\" data-custom-id=\"ohgzvyuypfrqxumafogqzdemrzhroispjtwj\">\n<div class=\"brz-bg overflow-hidden absolute top-0 left-0 w-full h-full\">\n<div class=\"brz-bg-image absolute top-0 left-0 w-full h-full bg-no-repeat bg-cover\"><\/div>\n<\/div>\n<div class=\"brz-container brz-css-szdwl\">\n<div class=\"brz-row__container brz-css-ccvbb\" data-custom-id=\"jhhqtsbkyogzmkahyqbuukofzxxldhlebwtx\">\n<div class=\"brz-bg overflow-hidden absolute top-0 left-0 w-full h-full\"><\/div>\n<div class=\"brz-row brz-css-mtkkv brz-css-xtafz\">\n<div class=\"brz-columns brz-css-zdmlq brz-css-hmijp\" data-custom-id=\"tkpptbnfonlsdkdfueesyktvcfqxwnaeujaw\">\n<div class=\"brz-bg overflow-hidden absolute top-0 left-0 w-full h-full\"><\/div>\n<div class=\"brz-column__items brz-css-dvcgf brz-css-vyqxe\">\n<div class=\"brz-css-ndcmm brz-css-ujqsh brz-css-izvjs brz-wrapper\">\n<div class=\"brz-spacer brz-css-nzorl brz-css-kkroq\"><\/div>\n<\/div>\n<div class=\"brz-css-ndcmm brz-css-rhkku brz-wrapper\">\n<div data-start=\"0\" data-end=\"2600\" data-duration=\"2\" data-separator=\",\" data-type=\"simple\" class=\"brz-counter brz-counter-simple brz-css-lmyoo brz-css-vrwko\" data-custom-id=\"glqcvvikwpldsgrvpvpntoyrivmqbxbjejrq\">\n<div class=\"brz-counter-figures brz-css-iciol brz-css-bimtc\"><span class=\"brz-counter-numbers\">0<\/span><\/div>\n<\/div>\n<\/div>\n<div class=\"brz-css-ndcmm brz-css-tzpwr brz-wrapper\">\n<div class=\"brz-rich-text brz-rich-text__custom brz-css-dlcnz\" data-custom-id=\"nmhklmmeozmwtzpbhmorlpudginuoqylwueh\">\n<div>\n<p class=\"brz-css-zrrvj\" data-generated-css=\"brz-css-lkftm\" data-uniq-id=\"qzvch\"><span class=\"brz-cp-color7\">Kilometros Recorridos<\/span><\/p>\n<\/div>\n<\/div>\n<\/div>\n<\/div>\n<\/div>\n<\/div>\n<\/div>\n<\/div>\n<\/div>\n<\/section>\n<section data-uid=\"gkuuqgrijvxmwyyuyhummyaspabfiotglnqd\" id=\"gkuuqgrijvxmwyyuyhummyaspabfiotglnqd\" class=\"brz-section brz-css-kyfti\">\n<div class=\"brz-section__content brz-section--boxed brz-css-dilyo brz-css-dhhid\" data-custom-id=\"xzcquerfoaaunuurcrgpzjrgltpojxhqeeqv\">\n<div class=\"brz-bg overflow-hidden absolute top-0 left-0 w-full h-full\">\n<div class=\"brz-bg-image absolute top-0 left-0 w-full h-full bg-no-repeat bg-cover\"><\/div>\n<\/div>\n<div class=\"brz-container brz-css-szdwl\">\n<div class=\"brz-css-ndcmm brz-wrapper\">\n<div class=\"brz-rich-text brz-rich-text__custom brz-css-dlcnz\" data-custom-id=\"flihmeuhzmgedyjwfacxbzqstpgnwmclrnwr\">\n<div>\n<p class=\"brz-css-jpeiy\" data-uniq-id=\"weqmm\" data-generated-css=\"brz-css-cckni\"><\/p>\n<\/div>\n<\/div>\n<\/div>\n<div class=\"brz-css-ndcmm brz-css-kksjr brz-wrapper\">\n<div class=\"brz-rich-text brz-rich-text__custom brz-css-dlcnz\" data-custom-id=\"elbxnbbbdxhgqmdtcovmmhmtevtzdzoxqcqy\">\n<div>\n<p class=\"brz-css-cpmnj\" data-uniq-id=\"yhaby\" data-generated-css=\"brz-css-gbquz\"><span>\u00bfQu\u00e9 es?<\/span><\/p>\n<\/div>\n<\/div>\n<\/div>\n<div class=\"brz-css-ndcmm brz-css-guosc brz-wrapper\">\n<div class=\"brz-rich-text brz-rich-text__custom brz-css-dlcnz\" data-custom-id=\"muhubhvdtsqdugakzniajmoeikooxaosahmk\">\n<div>\n<p class=\"brz-css-ygfrn\" data-uniq-id=\"brari\" data-generated-css=\"brz-css-qjxcc\"><span>Los caminos reales fueron las rutas principales de transporte para el comercio y abastecimiento de recursos.<\/span><\/p>\n<p class=\"brz-css-bdjui\" data-uniq-id=\"vupio\" data-generated-css=\"brz-css-nqneu\"><span>En su per\u00edodo hist\u00f3rico fue la ruta comercial<\/span><\/p>\n<p class=\"brz-css-bijdl\" data-uniq-id=\"faajq\" data-generated-css=\"brz-css-nzgca\"><span> terrestre m\u00e1s grande del mundo.<\/span><span> <\/span><\/p>\n<\/div>\n<\/div>\n<\/div>\n<div class=\"brz-css-ndcmm brz-css-ujqsh brz-wrapper\">\n<div class=\"brz-spacer brz-css-nzorl brz-css-picpr\"><\/div>\n<\/div>\n<\/div>\n<\/div>\n<\/section>\n<section data-uid=\"xcuhbjjwqvtjrygaocoghyelsfkvtscnagak\" id=\"xcuhbjjwqvtjrygaocoghyelsfkvtscnagak\" class=\"brz-section brz-css-kyfti\">\n<div class=\"brz-section__content brz-section--boxed brz-css-dilyo brz-css-slplv\" data-custom-id=\"qpxwohnmmmcnjbjdgexlreddyjuowvpfxmnf\">\n<div class=\"brz-container brz-css-szdwl\">\n<div class=\"brz-css-ndcmm brz-wrapper\">\n<div class=\"brz-wp-shortcode brz-css-pljuk\" data-custom-id=\"bfsxoyoknhthitsidxdnijslbpnqiaqbepoz\">\n<div><div class=\"twer-map-wrapper treweler-map-fw\" ><div class=\"twer-iframe-embed\" style=\"max-width:200%;height:1000px;\"><iframe loading=\"lazy\" class=\"twer-iframe\" src=\"https:\/\/tlatelolcounam.mx\/caminoreal\/treweler-map\/test1\/?tw=iframe&#038;twer-index=1&#038;twer-map-id=83&#038;twer-height=1000px&#038;twer-type=fullwidth&#038;twer-scrollzoom=yes&#038;twer-width=200%\"  frameborder=\"0\" title=\"Treweler Map\"><\/iframe><\/div><\/div><\/div>\n<\/div>\n<\/div>\n<\/div>\n<\/div>\n<\/section>\n<section data-uid=\"wiqlejndpgrhiddusceckbktxesrftwoxqhu\" id=\"wiqlejndpgrhiddusceckbktxesrftwoxqhu\" class=\"brz-section brz-css-kyfti\">\n<div class=\"brz-section__content brz-section--boxed brz-css-dilyo brz-css-twvfe\" data-custom-id=\"kgazcmuqahtiydizarawyxotpybpanvarqzb\">\n<div class=\"brz-bg overflow-hidden absolute top-0 left-0 w-full h-full\">\n<div class=\"brz-bg-image absolute top-0 left-0 w-full h-full bg-no-repeat bg-cover\"><\/div>\n<\/div>\n<div class=\"brz-container brz-css-szdwl\"><\/div>\n<\/div>\n<\/section>\n<section data-uid=\"ndbrjwlkpgkbutqkhndxtwlghyzthupgxoer\" id=\"ndbrjwlkpgkbutqkhndxtwlghyzthupgxoer\" class=\"brz-section brz-css-kyfti\">\n<div class=\"brz-section__content brz-section--boxed brz-css-dilyo brz-css-qjhiu\" data-custom-id=\"pmpyqmquwlwwnbbqravyfmyyfwzjmupdrqwm\">\n<div class=\"brz-bg overflow-hidden absolute top-0 left-0 w-full h-full\">\n<div class=\"brz-bg-image absolute top-0 left-0 w-full h-full bg-no-repeat bg-cover\"><\/div>\n<div class=\"brz-bg-color absolute top-0 left-0 w-full h-full\"><\/div>\n<\/div>\n<div class=\"brz-container brz-css-szdwl\">\n<div class=\"brz-row__container brz-css-ccvbb\" data-custom-id=\"rqwpjjxbxtlnqzmsrcnossttmlptixpkffzd\">\n<div class=\"brz-bg overflow-hidden absolute top-0 left-0 w-full h-full\"><\/div>\n<div class=\"brz-row brz-css-mtkkv brz-css-xtafz\">\n<div class=\"brz-columns brz-css-zdmlq brz-css-jrawm\" data-custom-id=\"xaaalhzkzqlrmtdjmawghruivhqtxdirzppf\">\n<div class=\"brz-bg overflow-hidden absolute top-0 left-0 w-full h-full\"><\/div>\n<div class=\"brz-column__items brz-css-dvcgf brz-css-jijcb\">\n<div class=\"brz-css-ndcmm brz-css-oolvl brz-wrapper\">\n<div class=\"brz-image brz-css-ipguh\"><img decoding=\"async\" class=\"brz-img\" src=\"https:\/\/tlatelolcounam.mx\/caminoreal\/wp-content\/uploads\/brizy\/imgs\/logo-1-293x101x0x1x293x100x1642108354.png\" alt=\"\" loading=\"lazy\" \/><\/div>\n<\/div>\n<div class=\"brz-css-ndcmm brz-css-ujqsh brz-wrapper\">\n<div class=\"brz-spacer brz-css-nzorl brz-css-scjrj\"><\/div>\n<\/div>\n<div class=\"brz-css-ndcmm brz-wrapper\">\n<div class=\"brz-rich-text brz-rich-text__custom brz-css-dlcnz\" data-custom-id=\"gjegktnrmoofavhpkpcvkadjakmwzcgirice\">\n<div>\n<p class=\"brz-css-cjyhq\" data-uniq-id=\"euomf\" data-generated-css=\"brz-css-qlfmh\"><span>Ricardo Flores Mag\u00f3n 1. <\/span><\/p>\n<p class=\"brz-css-dgahc\" data-uniq-id=\"fkrdx\" data-generated-css=\"brz-css-lepkg\"><span>Col. Nonoalco-Tlatelolco C.P. 06995. <\/span><\/p>\n<p class=\"brz-css-gdghe\" data-uniq-id=\"gutxj\" data-generated-css=\"brz-css-zxvpu\"><span>ccutlatelolco@gmail.com<\/span><\/p>\n<p class=\"brz-css-rylvz\" data-generated-css=\"brz-css-fwbyw\" data-uniq-id=\"yzdzu\"><span>5117 2818 ext. 49613<\/span><\/p>\n<\/div>\n<\/div>\n<\/div>\n<\/div>\n<\/div>\n<div class=\"brz-columns brz-css-zdmlq brz-css-kymcg\" data-custom-id=\"jybrkyhtenvuwpnijtazsyakuxqgnnoseczd\">\n<div class=\"brz-bg overflow-hidden absolute top-0 left-0 w-full h-full\"><\/div>\n<div class=\"brz-column__items brz-css-dvcgf\">\n<div class=\"brz-css-ndcmm brz-wrapper\">\n<div class=\"brz-rich-text brz-rich-text__custom brz-css-dlcnz\" data-custom-id=\"oimqqfmucarphaxhwlmqbfdxkftpbxtovvqc\">\n<div>\n<p class=\"brz-css-uocmn\" data-uniq-id=\"pdybz\" data-generated-css=\"brz-css-custc\"><span>M\u00e1s sobre el CCUT<\/span><\/p>\n<\/div>\n<\/div>\n<\/div>\n<div class=\"brz-css-ndcmm brz-css-ujqsh brz-wrapper\">\n<div class=\"brz-spacer brz-css-nzorl brz-css-dsxkw\"><\/div>\n<\/div>\n<div class=\"brz-css-ndcmm brz-wrapper\">\n<div class=\"brz-rich-text brz-rich-text__custom brz-css-dlcnz\" data-custom-id=\"gxigcfbxvzsgnlvlwcdybycvapjuwmneuqll\">\n<div>\n<p class=\"brz-css-qjdxg\" data-uniq-id=\"frwjr\" data-generated-css=\"brz-css-laqsj\"><span>Seminario <\/span><\/p>\n<p class=\"brz-css-fgoij\" data-uniq-id=\"vnkoo\" data-generated-css=\"brz-css-dmrvc\"><span>Memorias<\/span><\/p>\n<p class=\"brz-css-mssqu\" data-uniq-id=\"dcvrt\" data-generated-css=\"brz-css-bwatq\"><span>Resistencias<\/span><\/p>\n<p class=\"brz-css-eedct\" data-generated-css=\"brz-css-vpotn\" data-uniq-id=\"xkgby\"><span>Comunidades<\/span><\/p>\n<\/div>\n<\/div>\n<\/div>\n<div class=\"brz-css-ndcmm brz-wrapper\">\n<div class=\"brz-rich-text brz-rich-text__custom brz-css-dlcnz\" data-custom-id=\"xtcvlflqpoikgxvqpzuaqmrqxcjfkrkjwfvv\">\n<div>\n<p class=\"brz-css-tdvaj\" data-uniq-id=\"icvhm\" data-generated-css=\"brz-css-gzhjx\"><\/p>\n<\/div>\n<\/div>\n<\/div>\n<\/div>\n<\/div>\n<div class=\"brz-columns brz-css-zdmlq brz-css-kkgmz\" data-custom-id=\"obkciwtkkjpitsdmktdwoxjnkingtwlwtwex\">\n<div class=\"brz-bg overflow-hidden absolute top-0 left-0 w-full h-full\"><\/div>\n<div class=\"brz-column__items brz-css-dvcgf\">\n<div class=\"brz-css-ndcmm brz-wrapper\">\n<div class=\"brz-rich-text brz-rich-text__custom brz-css-dlcnz\" data-custom-id=\"hejxlkpgheztqygkkhovvbvsxhxiclvfflwn\">\n<div>\n<p class=\"brz-css-kghip\" data-uniq-id=\"wbckk\" data-generated-css=\"brz-css-akbyj\"><span class=\"brz-cp-color8\">S\u00edguenos<\/span><\/p>\n<\/div>\n<\/div>\n<\/div>\n<div class=\"brz-css-ndcmm brz-css-ujqsh brz-wrapper\">\n<div class=\"brz-spacer brz-css-nzorl brz-css-tercs\"><\/div>\n<\/div>\n<div class=\"brz-css-ndcmm brz-css-nbceq brz-wrapper\">\n<div class=\"brz-icon-text brz-css-wgxon brz-css-cfasy\" data-custom-id=\"hkvvxjleyubdmhedbanhlqpxwtdhpvhyaszc\">\n<div id class=\"brz-icon__container\" data-custom-id=\"ucwnefmefgnvdcmiyczgokacmmcsujrcytip\"><span class=\"brz-icon brz-span brz-css-hyfwa brz-css-nqrbg\"><\/span><\/div>\n<div class=\"brz-text-btn\">\n<div class=\"brz-rich-text brz-rich-text__custom brz-css-dlcnz\" data-custom-id=\"wcbuysdkccpjzkbekfchujzptciggqhompzj\">\n<div>\n<p class=\"brz-css-soole\"><span>Twitter<\/span><\/p>\n<\/div>\n<\/div>\n<\/div>\n<\/div>\n<\/div>\n<div class=\"brz-css-ndcmm brz-css-ilimu brz-wrapper\">\n<div class=\"brz-icon-text brz-css-wgxon brz-css-gifio\" data-custom-id=\"ikszxadkeozaifxojioelesmfywtcarnsmca\">\n<div id class=\"brz-icon__container\" data-custom-id=\"mtfapomewsekpqgrftisobranvbrmcougqdc\"><span class=\"brz-icon brz-span brz-css-hyfwa brz-css-gauim\"><\/span><\/div>\n<div class=\"brz-text-btn\">\n<div class=\"brz-rich-text brz-rich-text__custom brz-css-dlcnz\" data-custom-id=\"nqdzfkxbnrjlhusyjbvndfwedytoicbgawti\">\n<div>\n<p class=\"brz-css-xrbgl\"><span>Facebook<\/span><\/p>\n<\/div>\n<\/div>\n<\/div>\n<\/div>\n<\/div>\n<div class=\"brz-css-ndcmm brz-wrapper\">\n<div class=\"brz-icon-text brz-css-wgxon brz-css-ljszn\" data-custom-id=\"acmefhnhhauqwjkazatdzpivjexylgfhynym\">\n<div id class=\"brz-icon__container\" data-custom-id=\"sqmtawdmrzpfwksomrrdsabkeuddcaptlfna\"><span class=\"brz-icon brz-span brz-css-hyfwa brz-css-sbkcz\"><\/span><\/div>\n<div class=\"brz-text-btn\">\n<div class=\"brz-rich-text brz-rich-text__custom brz-css-dlcnz\" data-custom-id=\"gqpegedfnkrbdkvwkrdxddisxzrfmkmnfwnr\">\n<div>\n<p class=\"brz-css-ntjau\"><span>Youtube<\/span><\/p>\n<\/div>\n<\/div>\n<\/div>\n<\/div>\n<\/div>\n<\/div>\n<\/div>\n<\/div>\n<\/div>\n<div class=\"brz-css-ndcmm brz-wrapper\">\n<div class=\"brz-image brz-css-wpohe\"><img decoding=\"async\" class=\"brz-img\" src=\"https:\/\/tlatelolcounam.mx\/caminoreal\/wp-content\/uploads\/brizy\/imgs\/escudo-firma-176x88x0x0x176x88x1642108760.png\" alt=\"\" loading=\"lazy\" \/><\/div>\n<\/div>\n<div class=\"brz-css-ndcmm brz-css-dhtfk brz-wrapper\">\n<div class=\"brz-line brz-line-default brz-css-ftgjc brz-css-yvlxl\" data-custom-id=\"ajxbhuiaiipvpvmusgjbijyjphdxtqzilafc\">\n<hr class=\"brz-hr\" \/><\/div>\n<\/div>\n<div class=\"brz-css-ndcmm brz-wrapper\">\n<div class=\"brz-rich-text brz-rich-text__custom brz-css-dlcnz\" data-custom-id=\"mvzortkfjmkxciwtzjnvltotxinxijsnuqnu\">\n<div>\n<p class=\"brz-css-bqrql\" data-uniq-id=\"yqtzc\" data-generated-css=\"brz-css-kwjoz\"><span>Esta p\u00e1gina y el contenido de la misma se encuentran protegidos por propiedad intelectual, confidencialidad entre las partes, as\u00ed como por normativa general y universitaria vigente de Transparencia, Acceso a la Informaci\u00f3n P\u00fablica y Protecci\u00f3n de Datos Personales. UNAM-CCUT.<\/span><\/p>\n<\/div>\n<\/div>\n<\/div>\n<\/div>\n<\/div>\n<\/section>\n<\/div>\n<p><!-- version:1673288912 --><\/p>\n","protected":false},"excerpt":{"rendered":"<p>Estados Estados Estados Historia thin 0 Kilometros Recorridos \u00bfQu\u00e9 es? Los caminos reales fueron las rutas principales de transporte para el comercio y abastecimiento de recursos. En su per\u00edodo hist\u00f3rico fue la ruta comercial terrestre m\u00e1s grande del mundo. Ricardo Flores Mag\u00f3n 1. Col. Nonoalco-Tlatelolco C.P. 06995. ccutlatelolco@gmail.com 5117 2818 ext. 49613 M\u00e1s sobre el [&hellip;]<\/p>\n","protected":false},"author":1,"featured_media":0,"parent":0,"menu_order":0,"comment_status":"closed","ping_status":"closed","template":"brizy-blank-template.php","meta":{"footnotes":""},"class_list":["post-9","page","type-page","status-publish","hentry"],"_links":{"self":[{"href":"https:\/\/tlatelolcounam.mx\/caminoreal\/wp-json\/wp\/v2\/pages\/9","targetHints":{"allow":["GET"]}}],"collection":[{"href":"https:\/\/tlatelolcounam.mx\/caminoreal\/wp-json\/wp\/v2\/pages"}],"about":[{"href":"https:\/\/tlatelolcounam.mx\/caminoreal\/wp-json\/wp\/v2\/types\/page"}],"author":[{"embeddable":true,"href":"https:\/\/tlatelolcounam.mx\/caminoreal\/wp-json\/wp\/v2\/users\/1"}],"replies":[{"embeddable":true,"href":"https:\/\/tlatelolcounam.mx\/caminoreal\/wp-json\/wp\/v2\/comments?post=9"}],"version-history":[{"count":30,"href":"https:\/\/tlatelolcounam.mx\/caminoreal\/wp-json\/wp\/v2\/pages\/9\/revisions"}],"predecessor-version":[{"id":22511,"href":"https:\/\/tlatelolcounam.mx\/caminoreal\/wp-json\/wp\/v2\/pages\/9\/revisions\/22511"}],"wp:attachment":[{"href":"https:\/\/tlatelolcounam.mx\/caminoreal\/wp-json\/wp\/v2\/media?parent=9"}],"curies":[{"name":"wp","href":"https:\/\/api.w.org\/{rel}","templated":true}]}}