{"id":8204,"date":"2022-05-04T21:18:00","date_gmt":"2022-05-04T21:18:00","guid":{"rendered":"https:\/\/tlatelolcounam.mx\/caminoreal\/?page_id=8204"},"modified":"2025-10-07T23:17:02","modified_gmt":"2025-10-07T23:17:02","slug":"nuevomexico-cronistas","status":"publish","type":"page","link":"https:\/\/tlatelolcounam.mx\/caminoreal\/nuevo-mexico\/nuevomexico-cronistas\/","title":{"rendered":"Nuevo M\u00e9xico Cronistas"},"content":{"rendered":"<div class=\"brz-root__container brz-reset-all\">\n<section data-uid=\"cdkeghlziiohoukivthemcomadlvolvjzyzx\" id=\"cdkeghlziiohoukivthemcomadlvolvjzyzx\" class=\"brz-section brz-css-atiqg\">\n<div class=\"brz-section__content brz-section--boxed brz-css-fkvhp brz-css-aufgu\" data-custom-id=\"kxtylskpqchveijjrewfnyruqtatzgwljyzm\">\n<div class=\"brz-container brz-css-bhdaj\">\n<div class=\"brz-row__container brz-css-qreyw\" data-custom-id=\"tnecfxcdykoambyuufnshbafyloyrkvzbfkf\">\n<div class=\"brz-bg overflow-hidden absolute top-0 left-0 w-full h-full\"><\/div>\n<div class=\"brz-row brz-css-mrrii brz-css-uxhgc\">\n<div class=\"brz-columns brz-css-ctfsx brz-css-gatxz\" data-custom-id=\"epxscrxbxahcngbhbcghkwdykelzrjhfzqft\">\n<div class=\"brz-bg overflow-hidden absolute top-0 left-0 w-full h-full\"><\/div>\n<div class=\"brz-column__items brz-css-qpyeu brz-css-ksdcv\">\n<div class=\"brz-css-stjkg brz-css-vctrt brz-wrapper\">\n<div class=\"brz-image brz-css-tdmdk brz-css-zvkrm\"><img decoding=\"async\" class=\"brz-img\" src=\"https:\/\/tlatelolcounam.mx\/caminoreal\/wp-content\/uploads\/2022\/01\/logo.png\" alt=\"\" loading=\"lazy\" \/><\/div>\n<\/div>\n<\/div>\n<\/div>\n<div class=\"brz-columns brz-css-ctfsx brz-css-sonjj\" data-custom-id=\"pzxzuttxxgqksrrdgcwhaktqjdmukvkhahfe\">\n<div class=\"brz-bg overflow-hidden absolute top-0 left-0 w-full h-full\"><\/div>\n<div class=\"brz-column__items brz-css-qpyeu brz-css-jusbk\">\n<div class=\"brz-css-stjkg brz-wrapper\">\n<div class=\"brz-menu__container brz-css-txxee\" data-mmenu-id=\"#vxloakwtcbjjttymeiflcvcezzquktmzwsxy\" data-mmenu-position=\"position-left\" data-mmenu-title=\"Menu\" data-mmenu-stickytitle=\"on\" data-custom-id=\"xbqtfmrcedukngnyygmfwgkwektymnnnuzxj\">\n<nav class=\"brz-menu brz-menu__preview brz-css-yalfo\">\n<ul class=\"brz-menu__ul\" data-menu-items-active=\"\">\n<li class=\"brz-menu__item\" data-menu-item-id=\"a45e250d979c9b3c26fe6917797cc038\"><a class=\"brz-a menu-item menu-item-type-post_type menu-item-object-page menu-item-home\" href=\"https:\/\/tlatelolcounam.mx\/caminoreal\/\" data-brz-link-type=\"external\" id><span class=\"brz-span\">Inicio<\/span><\/a><\/li>\n<li class=\"brz-menu__item brz-menu__item-dropdown\" data-menu-item-id=\"ba4a85012b5365c17cdf357587076276\"><a class=\"brz-a brz-anchor menu-item menu-item-type-custom menu-item-object-custom\" href=\"#\" data-brz-link-type=\"anchor\" id><span class=\"brz-span\">Estados<\/span><\/a><\/li>\n<li class=\"brz-menu__item\" data-menu-item-id=\"d3c0c655631b120767a40bd0aed90e47\"><a class=\"brz-a menu-item menu-item-type-post_type menu-item-object-page\" href=\"https:\/\/tlatelolcounam.mx\/caminoreal\/historia\/\" data-brz-link-type=\"external\" id><span class=\"brz-span\">Historia<\/span><\/a><\/li>\n<\/ul>\n<\/nav>\n<div class=\"brz-mm-menu__icon\">\n<\/div>\n<\/div>\n<\/div>\n<\/div>\n<\/div>\n<\/div>\n<\/div>\n<\/div>\n<\/div>\n<\/section>\n<section data-uid=\"dokjzmexqunazctbloammypxiyzspbnjdvyj\" id=\"dokjzmexqunazctbloammypxiyzspbnjdvyj\" class=\"brz-section brz-css-atiqg\">\n<div class=\"brz-section__content brz-section--fullWidth brz-css-fkvhp brz-css-ggghz\" data-custom-id=\"ofodesxequsppebghdddegirgebmibqoghuq\">\n<div class=\"brz-container brz-css-bhdaj brz-css-ukwby\">\n<div class=\"brz-row__container brz-css-qreyw\" data-custom-id=\"utyrubatiicuodtfdrsdwpqylqelgarpuuon\">\n<div class=\"brz-bg overflow-hidden absolute top-0 left-0 w-full h-full\"><\/div>\n<div class=\"brz-row brz-css-mrrii brz-css-uxhgc\">\n<div class=\"brz-columns brz-css-ctfsx brz-css-kbbmm\" data-custom-id=\"bwhvzqizgbjedpjcxsmqwrqrinyzgjbgspsj\">\n<div class=\"brz-bg overflow-hidden absolute top-0 left-0 w-full h-full\">\n<div class=\"brz-bg-image absolute top-0 left-0 w-full h-full bg-no-repeat bg-cover\"><\/div>\n<div class=\"brz-bg-color absolute top-0 left-0 w-full h-full\"><\/div>\n<\/div>\n<div class=\"brz-column__items brz-css-qpyeu brz-css-potmj\">\n<div class=\"brz-css-stjkg brz-wrapper\">\n<div class=\"brz-rich-text brz-rich-text__custom brz-css-puerr\" data-custom-id=\"djfcrcasyilhdbtptovortgepvigljyqjgpz\">\n<div>\n<p class=\"brz-css-xoahx\" data-generated-css=\"brz-css-slzge\" data-uniq-id=\"jgnbm\"><strong>NUEVO M\u00c9XICO<\/strong><\/p>\n<\/div>\n<\/div>\n<\/div>\n<div class=\"brz-css-stjkg brz-wrapper\">\n<div class=\"brz-rich-text brz-rich-text__custom brz-css-puerr\" data-custom-id=\"rfrwyfzzjfalkzmfvpbreydwqtmolhhowwzf\">\n<div>\n<p class=\"brz-css-toyqj\" data-generated-css=\"brz-css-bmvqa\" data-uniq-id=\"gnykw\"><\/p>\n<\/div>\n<\/div>\n<\/div>\n<div class=\"brz-css-stjkg brz-wrapper\">\n<div class=\"brz-rich-text brz-rich-text__custom brz-css-puerr\" data-custom-id=\"rgndtmnswzykacczfekzkiskrffakntwnfpu\">\n<div>\n<p class=\"brz-css-mcvni\" data-generated-css=\"brz-css-wmpgv\" data-uniq-id=\"zcayh\"><\/p>\n<\/div>\n<\/div>\n<\/div>\n<div class=\"brz-css-stjkg brz-wrapper\">\n<div class=\"brz-rich-text brz-rich-text__custom brz-css-puerr\" data-custom-id=\"hzahyvwqbmeyrikuiwjcoukkbduxihauhmdh\">\n<div>\n<p class=\"brz-css-ndubt\" data-uniq-id=\"lmpif\" data-generated-css=\"brz-css-heqdq\"><strong>Cronistas<\/strong><\/p>\n<\/div>\n<\/div>\n<\/div>\n<\/div>\n<\/div>\n<\/div>\n<\/div>\n<\/div>\n<\/div>\n<\/section>\n<section data-uid=\"vkkdmiywdorcuowqdwgtdcgpjevosqiqxbqd\" id=\"vkkdmiywdorcuowqdwgtdcgpjevosqiqxbqd\" class=\"brz-section brz-css-atiqg\">\n<div class=\"brz-section__content brz-section--boxed brz-css-fkvhp brz-css-wvvnz\" data-custom-id=\"tmgrfkcjjliasesblgtfjhoqvkheinubntyp\">\n<div class=\"brz-container brz-css-bhdaj brz-css-zwafd\">\n<div class=\"brz-css-stjkg brz-css-rzqmo brz-css-wnqep brz-wrapper\">\n<div class=\"brz-spacer brz-css-tljmc brz-css-wgvby\"><\/div>\n<\/div>\n<div class=\"brz-css-stjkg brz-wrapper\">\n<div class=\"brz-rich-text brz-rich-text__custom brz-css-puerr\" data-custom-id=\"nitgkhcbyhnpapxomplmorpncupzoveqwgfx\">\n<div>\n<p class=\"brz-css-wmpxz\" data-uniq-id=\"xcuay\" data-generated-css=\"brz-css-mjodh\"><\/p>\n<\/div>\n<\/div>\n<\/div>\n<div class=\"brz-css-stjkg brz-wrapper\">\n<div class=\"brz-line brz-line-default brz-css-pmsim brz-css-pztvt\" data-custom-id=\"vxlmzpzhiqesinjtklbyrtycwsmvrwyprrvy\">\n<hr class=\"brz-hr\" \/><\/div>\n<\/div>\n<div class=\"brz-css-stjkg brz-css-rzqmo brz-css-zddtq brz-wrapper\">\n<div class=\"brz-spacer brz-css-tljmc brz-css-yrvxw\"><\/div>\n<\/div>\n<div class=\"brz-row__container brz-css-qreyw\" data-custom-id=\"pxduhuvlsmlbvyoiuvgnepxymvbvboqoxboq\">\n<div class=\"brz-bg overflow-hidden absolute top-0 left-0 w-full h-full\"><\/div>\n<div class=\"brz-row brz-css-mrrii brz-css-uxhgc\">\n<div class=\"brz-columns brz-css-ctfsx brz-css-jbqii\" data-custom-id=\"szdimjmmscpnmhbbxtqfdqxfipodflnavhyc\">\n<div class=\"brz-bg overflow-hidden absolute top-0 left-0 w-full h-full\"><\/div>\n<div class=\"brz-column__items brz-css-qpyeu brz-css-cxkpv\">\n<div class=\"brz-css-stjkg brz-css-ckysi brz-wrapper\">\n<div class=\"brz-rich-text brz-rich-text__custom brz-css-puerr\" data-custom-id=\"uvgszqewclrgtxqypkdmgzxppviqvrbslgue\">\n<div>\n<p class=\"brz-css-jjmtw\" data-uniq-id=\"bcrja\" data-generated-css=\"brz-css-axchs\"><\/p>\n<\/div>\n<\/div>\n<\/div>\n<\/div>\n<\/div>\n<\/div>\n<\/div>\n<\/div>\n<\/div>\n<\/section>\n<section data-uid=\"rveuamtmysvwswawebijahrjxkuxjvxlxelg\" id=\"rveuamtmysvwswawebijahrjxkuxjvxlxelg\" class=\"brz-section brz-css-atiqg brz-css-lgpdv\">\n<div class=\"brz-section__content brz-section--boxed brz-css-fkvhp brz-css-cwjzc\" data-custom-id=\"jevxzucvdlfbjclqnoxdfdxufrptolgfwndq\">\n<div class=\"brz-bg overflow-hidden absolute top-0 left-0 w-full h-full\">\n<div class=\"brz-bg-map absolute top-0 left-0 w-full h-full\"><\/div>\n<\/div>\n<div class=\"brz-container brz-css-bhdaj\">\n<div class=\"brz-css-stjkg brz-wrapper\">\n<div class=\"brz-wp-shortcode brz-css-irjya\" data-custom-id=\"vaumvpxxskcrrqrhzkoxiwldmvtwaubzppkh\">\n<div><div class=\"twer-map-wrapper treweler-map-fw\" ><div class=\"twer-iframe-embed\" style=\"height:500px;\"><iframe loading=\"lazy\" class=\"twer-iframe\" src=\"https:\/\/tlatelolcounam.mx\/caminoreal\/treweler-map\/estado-de-mexico\/?tw=iframe&#038;twer-index=1&#038;twer-map-id=474&#038;twer-height=500px&#038;twer-type=fullwidth&#038;twer-scrollzoom=yes&#038;twer-width\"  frameborder=\"0\" title=\"Treweler Map\"><\/iframe><\/div><\/div><\/div>\n<\/div>\n<\/div>\n<\/div>\n<\/div>\n<\/section>\n<section data-uid=\"qkfzfeoawtxqqyvitadwfdeismrzfhwurmii\" id=\"qkfzfeoawtxqqyvitadwfdeismrzfhwurmii\" class=\"brz-section brz-css-atiqg\">\n<div class=\"brz-section__content brz-section--boxed brz-css-fkvhp brz-css-uqwgu\" data-custom-id=\"furozkipdsfzporznemncmrldghyqktjhmgb\">\n<div class=\"brz-bg overflow-hidden absolute top-0 left-0 w-full h-full\">\n<div class=\"brz-bg-image absolute top-0 left-0 w-full h-full bg-no-repeat bg-cover\"><\/div>\n<div class=\"brz-bg-color absolute top-0 left-0 w-full h-full\"><\/div>\n<\/div>\n<div class=\"brz-container brz-css-bhdaj\">\n<div class=\"brz-row__container brz-css-qreyw\" data-custom-id=\"achsreujasksizjbtnmshsdugxsmfrbryrvr\">\n<div class=\"brz-bg overflow-hidden absolute top-0 left-0 w-full h-full\"><\/div>\n<div class=\"brz-row brz-css-mrrii brz-css-uxhgc\">\n<div class=\"brz-columns brz-css-ctfsx brz-css-qypcx\" data-custom-id=\"zokmicasrntzzshjxniwzjkuppixtkmaqdzz\">\n<div class=\"brz-bg overflow-hidden absolute top-0 left-0 w-full h-full\"><\/div>\n<div class=\"brz-column__items brz-css-qpyeu brz-css-nppad\">\n<div class=\"brz-css-stjkg brz-css-meufi brz-wrapper\">\n<div class=\"brz-image brz-css-ezzos\"><img decoding=\"async\" class=\"brz-img\" src=\"https:\/\/tlatelolcounam.mx\/caminoreal\/wp-content\/uploads\/brizy\/imgs\/logo-1-293x101x0x1x293x100x1642108354.png\" alt=\"\" loading=\"lazy\" \/><\/div>\n<\/div>\n<div class=\"brz-css-stjkg brz-css-rzqmo brz-wrapper\">\n<div class=\"brz-spacer brz-css-tljmc brz-css-fetko\"><\/div>\n<\/div>\n<div class=\"brz-css-stjkg brz-wrapper\">\n<div class=\"brz-rich-text brz-rich-text__custom brz-css-puerr\" data-custom-id=\"kywuxuscztrrhlidoxrxnbhrmlsoucwdrdvp\">\n<div>\n<p class=\"brz-css-abgio\" data-uniq-id=\"euomf\" data-generated-css=\"brz-css-qlfmh\"><span>Ricardo Flores Mag\u00f3n 1. <\/span><\/p>\n<p class=\"brz-css-dgxjn\" data-uniq-id=\"fkrdx\" data-generated-css=\"brz-css-lepkg\"><span>Col. Nonoalco-Tlatelolco C.P. 06995. <\/span><\/p>\n<p class=\"brz-css-ywgsh\" data-uniq-id=\"gutxj\" data-generated-css=\"brz-css-zxvpu\"><span>ccutlatelolco@gmail.com<\/span><\/p>\n<p class=\"brz-css-jfope\" data-generated-css=\"brz-css-fwbyw\" data-uniq-id=\"yzdzu\"><span>5117 2818 ext. 49613<\/span><\/p>\n<\/div>\n<\/div>\n<\/div>\n<\/div>\n<\/div>\n<div class=\"brz-columns brz-css-ctfsx brz-css-hiwpk\" data-custom-id=\"ueceosewmvdlocaoiccxqzaqsdrbhugdlqwp\">\n<div class=\"brz-bg overflow-hidden absolute top-0 left-0 w-full h-full\"><\/div>\n<div class=\"brz-column__items brz-css-qpyeu\">\n<div class=\"brz-css-stjkg brz-wrapper\">\n<div class=\"brz-rich-text brz-rich-text__custom brz-css-puerr\" data-custom-id=\"yieydbdefqqzosmqedrukrhhuflrrnwhnfme\">\n<div>\n<p class=\"brz-css-yiues\" data-uniq-id=\"pdybz\" data-generated-css=\"brz-css-custc\"><span>M\u00e1s sobre el CCUT<\/span><\/p>\n<\/div>\n<\/div>\n<\/div>\n<div class=\"brz-css-stjkg brz-css-rzqmo brz-wrapper\">\n<div class=\"brz-spacer brz-css-tljmc brz-css-iwklx\"><\/div>\n<\/div>\n<div class=\"brz-css-stjkg brz-wrapper\">\n<div class=\"brz-rich-text brz-rich-text__custom brz-css-puerr\" data-custom-id=\"ynfeweewrtxixsrhnduzblhwsykqywcbwrbd\">\n<div>\n<p class=\"brz-css-okjfh\" data-uniq-id=\"frwjr\" data-generated-css=\"brz-css-laqsj\"><span>Seminario <\/span><\/p>\n<p class=\"brz-css-jybui\" data-uniq-id=\"vnkoo\" data-generated-css=\"brz-css-dmrvc\"><span>Memorias<\/span><\/p>\n<p class=\"brz-css-mqykd\" data-uniq-id=\"dcvrt\" data-generated-css=\"brz-css-bwatq\"><span>Resistencias<\/span><\/p>\n<p class=\"brz-css-drxhk\" data-generated-css=\"brz-css-vpotn\" data-uniq-id=\"xkgby\"><span>Comunidades<\/span><\/p>\n<\/div>\n<\/div>\n<\/div>\n<div class=\"brz-css-stjkg brz-wrapper\">\n<div class=\"brz-rich-text brz-rich-text__custom brz-css-puerr\" data-custom-id=\"imzwziqzkzgaummubqbkvghlpqnmykoyscdr\">\n<div>\n<p class=\"brz-css-ezpgw\" data-uniq-id=\"icvhm\" data-generated-css=\"brz-css-gzhjx\"><\/p>\n<\/div>\n<\/div>\n<\/div>\n<\/div>\n<\/div>\n<div class=\"brz-columns brz-css-ctfsx brz-css-weiso\" data-custom-id=\"vweavhhwtywjlvwtobzunrtkfybgszsfwmoi\">\n<div class=\"brz-bg overflow-hidden absolute top-0 left-0 w-full h-full\"><\/div>\n<div class=\"brz-column__items brz-css-qpyeu\">\n<div class=\"brz-css-stjkg brz-wrapper\">\n<div class=\"brz-rich-text brz-rich-text__custom brz-css-puerr\" data-custom-id=\"yuqipqqugxqfpjpkfcexpwembqsekzhvzpjf\">\n<div>\n<p class=\"brz-css-zonmc\" data-uniq-id=\"wbckk\" data-generated-css=\"brz-css-akbyj\"><span class=\"brz-cp-color8\">S\u00edguenos<\/span><\/p>\n<\/div>\n<\/div>\n<\/div>\n<div class=\"brz-css-stjkg brz-css-rzqmo brz-wrapper\">\n<div class=\"brz-spacer brz-css-tljmc brz-css-ylkmb\"><\/div>\n<\/div>\n<div class=\"brz-css-stjkg brz-css-gnwni brz-wrapper\">\n<div class=\"brz-icon-text brz-css-dfphl brz-css-cuarl\" data-custom-id=\"hydbwhzcpvjqiiorwlilgqxqftkxpkwkywsj\">\n<div id class=\"brz-icon__container\" data-custom-id=\"uqxskthsztuwpwwoqfqmhvqdknuvatiyuwqk\"><span class=\"brz-icon brz-span brz-css-qvdyc brz-css-tvtke\"><\/span><\/div>\n<div class=\"brz-text-btn\">\n<div class=\"brz-rich-text brz-rich-text__custom brz-css-puerr\" data-custom-id=\"bgkyxrvclbbxxythvkxjtgqxdhzzsnwwrkmq\">\n<div>\n<p class=\"brz-css-unogh\"><span>Twitter<\/span><\/p>\n<\/div>\n<\/div>\n<\/div>\n<\/div>\n<\/div>\n<div class=\"brz-css-stjkg brz-css-nkmwx brz-wrapper\">\n<div class=\"brz-icon-text brz-css-dfphl brz-css-gjiju\" data-custom-id=\"jabsrjtzzoxfchshzqqtimtttlnkjsnwskkq\">\n<div id class=\"brz-icon__container\" data-custom-id=\"cdxdzmlnscinzsmwffqlxwmqhplmzbhprxza\"><span class=\"brz-icon brz-span brz-css-qvdyc brz-css-hrsar\"><\/span><\/div>\n<div class=\"brz-text-btn\">\n<div class=\"brz-rich-text brz-rich-text__custom brz-css-puerr\" data-custom-id=\"txxspklpmzyaxsjzabzltuhbhneozicfdhup\">\n<div>\n<p class=\"brz-css-mufcu\"><span>Facebook<\/span><\/p>\n<\/div>\n<\/div>\n<\/div>\n<\/div>\n<\/div>\n<div class=\"brz-css-stjkg brz-wrapper\">\n<div class=\"brz-icon-text brz-css-dfphl brz-css-osguw\" data-custom-id=\"evbxwngmaedzgcjttyjbxbrqilvezuyjizmm\">\n<div id class=\"brz-icon__container\" data-custom-id=\"gburckwvhlgdxkgngoywxugovxipiwturtcd\"><span class=\"brz-icon brz-span brz-css-qvdyc brz-css-xziye\"><\/span><\/div>\n<div class=\"brz-text-btn\">\n<div class=\"brz-rich-text brz-rich-text__custom brz-css-puerr\" data-custom-id=\"cxbjqcvvcsyicwjnumpamepblkgqnskdfjka\">\n<div>\n<p class=\"brz-css-hfnrm\"><span>Youtube<\/span><\/p>\n<\/div>\n<\/div>\n<\/div>\n<\/div>\n<\/div>\n<\/div>\n<\/div>\n<\/div>\n<\/div>\n<div class=\"brz-css-stjkg brz-wrapper\">\n<div class=\"brz-image brz-css-cvewg\"><img decoding=\"async\" class=\"brz-img\" src=\"https:\/\/tlatelolcounam.mx\/caminoreal\/wp-content\/uploads\/brizy\/imgs\/escudo-firma-176x88x0x0x176x88x1642108760.png\" alt=\"\" loading=\"lazy\" \/><\/div>\n<\/div>\n<div class=\"brz-css-stjkg brz-css-iacbc brz-wrapper\">\n<div class=\"brz-line brz-line-default brz-css-pmsim brz-css-xpjky\" data-custom-id=\"wguunchwyulhdtykgwtenhecrqcyxgzhcexc\">\n<hr class=\"brz-hr\" \/><\/div>\n<\/div>\n<div class=\"brz-css-stjkg brz-wrapper\">\n<div class=\"brz-rich-text brz-rich-text__custom brz-css-puerr\" data-custom-id=\"ltuintpcpfoaywaqxegggkzizlpptgxtiful\">\n<div>\n<p class=\"brz-css-esfsg\" data-uniq-id=\"yqtzc\" data-generated-css=\"brz-css-kwjoz\"><span>Esta p\u00e1gina y el contenido de la misma se encuentran protegidos por propiedad intelectual, confidencialidad entre las partes, as\u00ed como por normativa general y universitaria vigente de Transparencia, Acceso a la Informaci\u00f3n P\u00fablica y Protecci\u00f3n de Datos Personales. UNAM-CCUT.<\/span><\/p>\n<\/div>\n<\/div>\n<\/div>\n<\/div>\n<\/div>\n<\/section>\n<\/div>\n<p><!-- version:1673311888 --><\/p>\n","protected":false},"excerpt":{"rendered":"<p>Inicio Estados Historia NUEVO M\u00c9XICO Cronistas Ricardo Flores Mag\u00f3n 1. Col. Nonoalco-Tlatelolco C.P. 06995. ccutlatelolco@gmail.com 5117 2818 ext. 49613 M\u00e1s sobre el CCUT Seminario Memorias Resistencias Comunidades S\u00edguenos Twitter Facebook Youtube Esta p\u00e1gina y el contenido de la misma se encuentran protegidos por propiedad intelectual, confidencialidad entre las partes, as\u00ed como por normativa general y [&hellip;]<\/p>\n","protected":false},"author":3,"featured_media":0,"parent":1088,"menu_order":0,"comment_status":"closed","ping_status":"closed","template":"brizy-blank-template.php","meta":{"footnotes":""},"class_list":["post-8204","page","type-page","status-publish","hentry"],"_links":{"self":[{"href":"https:\/\/tlatelolcounam.mx\/caminoreal\/wp-json\/wp\/v2\/pages\/8204","targetHints":{"allow":["GET"]}}],"collection":[{"href":"https:\/\/tlatelolcounam.mx\/caminoreal\/wp-json\/wp\/v2\/pages"}],"about":[{"href":"https:\/\/tlatelolcounam.mx\/caminoreal\/wp-json\/wp\/v2\/types\/page"}],"author":[{"embeddable":true,"href":"https:\/\/tlatelolcounam.mx\/caminoreal\/wp-json\/wp\/v2\/users\/3"}],"replies":[{"embeddable":true,"href":"https:\/\/tlatelolcounam.mx\/caminoreal\/wp-json\/wp\/v2\/comments?post=8204"}],"version-history":[{"count":13,"href":"https:\/\/tlatelolcounam.mx\/caminoreal\/wp-json\/wp\/v2\/pages\/8204\/revisions"}],"predecessor-version":[{"id":41693,"href":"https:\/\/tlatelolcounam.mx\/caminoreal\/wp-json\/wp\/v2\/pages\/8204\/revisions\/41693"}],"up":[{"embeddable":true,"href":"https:\/\/tlatelolcounam.mx\/caminoreal\/wp-json\/wp\/v2\/pages\/1088"}],"wp:attachment":[{"href":"https:\/\/tlatelolcounam.mx\/caminoreal\/wp-json\/wp\/v2\/media?parent=8204"}],"curies":[{"name":"wp","href":"https:\/\/api.w.org\/{rel}","templated":true}]}}