{"id":8201,"date":"2022-05-04T21:17:24","date_gmt":"2022-05-04T21:17:24","guid":{"rendered":"https:\/\/tlatelolcounam.mx\/caminoreal\/?page_id=8201"},"modified":"2025-08-27T14:24:02","modified_gmt":"2025-08-27T14:24:02","slug":"nuevomexico-guiadeturistas","status":"publish","type":"page","link":"https:\/\/tlatelolcounam.mx\/caminoreal\/nuevo-mexico\/nuevomexico-guiadeturistas\/","title":{"rendered":"Nuevo M\u00e9xico Gu\u00eda de turismo"},"content":{"rendered":"<div class=\"brz-root__container brz-reset-all\">\n<section data-uid=\"cdkeghlziiohoukivthemcomadlvolvjzyzx\" id=\"cdkeghlziiohoukivthemcomadlvolvjzyzx\" class=\"brz-section brz-css-fptxy\">\n<div class=\"brz-section__content brz-section--boxed brz-css-rppfb brz-css-bvjse\" data-custom-id=\"kxtylskpqchveijjrewfnyruqtatzgwljyzm\">\n<div class=\"brz-container brz-css-iirma\">\n<div class=\"brz-row__container brz-css-dupxc\" data-custom-id=\"tnecfxcdykoambyuufnshbafyloyrkvzbfkf\">\n<div class=\"brz-bg overflow-hidden absolute top-0 left-0 w-full h-full\"><\/div>\n<div class=\"brz-row brz-css-mbcec brz-css-lhbxb\">\n<div class=\"brz-columns brz-css-incii brz-css-bawwb\" data-custom-id=\"epxscrxbxahcngbhbcghkwdykelzrjhfzqft\">\n<div class=\"brz-bg overflow-hidden absolute top-0 left-0 w-full h-full\"><\/div>\n<div class=\"brz-column__items brz-css-vwjbe brz-css-rmvcx\">\n<div class=\"brz-css-kaabw brz-css-gldga brz-wrapper\">\n<div class=\"brz-image brz-css-kqbuw brz-css-yioph\"><img decoding=\"async\" class=\"brz-img\" src=\"https:\/\/tlatelolcounam.mx\/caminoreal\/wp-content\/uploads\/2022\/01\/logo.png\" alt=\"\" loading=\"lazy\" \/><\/div>\n<\/div>\n<\/div>\n<\/div>\n<div class=\"brz-columns brz-css-incii brz-css-kueks\" data-custom-id=\"pzxzuttxxgqksrrdgcwhaktqjdmukvkhahfe\">\n<div class=\"brz-bg overflow-hidden absolute top-0 left-0 w-full h-full\"><\/div>\n<div class=\"brz-column__items brz-css-vwjbe brz-css-ugxbi\">\n<div class=\"brz-css-kaabw brz-wrapper\">\n<div class=\"brz-menu__container brz-css-uwdsr\" data-mmenu-id=\"#snbztmvcutuvlzfcxfnmcrhrqsyvpvdcqkbm\" data-mmenu-position=\"position-left\" data-mmenu-title=\"Menu\" data-mmenu-stickytitle=\"on\" data-custom-id=\"xbqtfmrcedukngnyygmfwgkwektymnnnuzxj\">\n<nav class=\"brz-menu brz-menu__preview brz-css-xsvhk\">\n<ul class=\"brz-menu__ul\" data-menu-items-active=\"\">\n<li class=\"brz-menu__item\" data-menu-item-id=\"a45e250d979c9b3c26fe6917797cc038\"><a class=\"brz-a menu-item menu-item-type-post_type menu-item-object-page menu-item-home\" href=\"https:\/\/tlatelolcounam.mx\/caminoreal\/\" data-brz-link-type=\"external\" id><span class=\"brz-span\">Inicio<\/span><\/a><\/li>\n<li class=\"brz-menu__item brz-menu__item-dropdown\" data-menu-item-id=\"ba4a85012b5365c17cdf357587076276\"><a class=\"brz-a brz-anchor menu-item menu-item-type-custom menu-item-object-custom\" href=\"#\" data-brz-link-type=\"anchor\" id><span class=\"brz-span\">Estados<\/span><\/a><\/li>\n<li class=\"brz-menu__item\" data-menu-item-id=\"d3c0c655631b120767a40bd0aed90e47\"><a class=\"brz-a menu-item menu-item-type-post_type menu-item-object-page\" href=\"https:\/\/tlatelolcounam.mx\/caminoreal\/historia\/\" data-brz-link-type=\"external\" id><span class=\"brz-span\">Historia<\/span><\/a><\/li>\n<\/ul>\n<\/nav>\n<div class=\"brz-mm-menu__icon\">\n<\/div>\n<\/div>\n<\/div>\n<\/div>\n<\/div>\n<\/div>\n<\/div>\n<\/div>\n<\/div>\n<\/section>\n<section data-uid=\"dokjzmexqunazctbloammypxiyzspbnjdvyj\" id=\"dokjzmexqunazctbloammypxiyzspbnjdvyj\" class=\"brz-section brz-css-fptxy\">\n<div class=\"brz-section__content brz-section--fullWidth brz-css-rppfb brz-css-tkzex\" data-custom-id=\"ofodesxequsppebghdddegirgebmibqoghuq\">\n<div class=\"brz-container brz-css-iirma brz-css-xzkrf\">\n<div class=\"brz-row__container brz-css-dupxc\" data-custom-id=\"utyrubatiicuodtfdrsdwpqylqelgarpuuon\">\n<div class=\"brz-bg overflow-hidden absolute top-0 left-0 w-full h-full\"><\/div>\n<div class=\"brz-row brz-css-mbcec brz-css-lhbxb\">\n<div class=\"brz-columns brz-css-incii brz-css-smvwc\" data-custom-id=\"bwhvzqizgbjedpjcxsmqwrqrinyzgjbgspsj\">\n<div class=\"brz-bg overflow-hidden absolute top-0 left-0 w-full h-full\">\n<div class=\"brz-bg-image absolute top-0 left-0 w-full h-full bg-no-repeat bg-cover\"><\/div>\n<div class=\"brz-bg-color absolute top-0 left-0 w-full h-full\"><\/div>\n<\/div>\n<div class=\"brz-column__items brz-css-vwjbe brz-css-gcgqc\">\n<div class=\"brz-css-kaabw brz-css-dzbhg brz-wrapper\">\n<div class=\"brz-spacer brz-css-ctqmo brz-css-strxp\"><\/div>\n<\/div>\n<div class=\"brz-css-kaabw brz-css-funch brz-wrapper\">\n<div class=\"brz-rich-text brz-rich-text__custom brz-css-zzqvz\" data-custom-id=\"izorsycabgqshdvrjbcfkgyetwgynrgveamm\">\n<div>\n<p class=\"brz-css-xjlpo\" data-generated-css=\"brz-css-wpmuh\" data-uniq-id=\"wdhyz\"><span class=\"brz-capitalize-on\">NUEVO M\u00c9XICO<\/span><\/p>\n<\/div>\n<\/div>\n<\/div>\n<div class=\"brz-css-kaabw brz-css-welpx brz-wrapper\">\n<div class=\"brz-rich-text brz-rich-text__custom brz-css-zzqvz\" data-custom-id=\"grocxvjszuwtnpfnlnucmxtqymivkyacvllr\">\n<div>\n<p class=\"brz-css-nibrf\" data-uniq-id=\"nqgjb\" data-generated-css=\"brz-css-ckxak\"><\/p>\n<\/div>\n<\/div>\n<\/div>\n<div class=\"brz-css-kaabw brz-css-dfjob brz-wrapper\">\n<div class=\"brz-rich-text brz-rich-text__custom brz-css-zzqvz\" data-custom-id=\"ndhmmepptdrhljxhttwypkedqbmobzoierag\">\n<div>\n<p class=\"brz-css-ovtik\" data-uniq-id=\"gxakk\" data-generated-css=\"brz-css-rqdyu\"><\/p>\n<\/div>\n<\/div>\n<\/div>\n<div class=\"brz-css-kaabw brz-css-fxrmv brz-wrapper\">\n<div class=\"brz-rich-text brz-rich-text__custom brz-css-zzqvz\" data-custom-id=\"onukxzvkdnhlbxwmbdpprzitxhhsfetggadz\">\n<div>\n<p class=\"brz-css-lqbra\" data-uniq-id=\"wehkp\" data-generated-css=\"brz-css-mobsw\"><span>Gu\u00eda de turismo<\/span><\/p>\n<\/div>\n<\/div>\n<\/div>\n<\/div>\n<\/div>\n<\/div>\n<\/div>\n<\/div>\n<\/div>\n<\/section>\n<section data-uid=\"vkkdmiywdorcuowqdwgtdcgpjevosqiqxbqd\" id=\"vkkdmiywdorcuowqdwgtdcgpjevosqiqxbqd\" class=\"brz-section brz-css-fptxy\">\n<div class=\"brz-section__content brz-section--boxed brz-css-rppfb brz-css-egszd\" data-custom-id=\"tmgrfkcjjliasesblgtfjhoqvkheinubntyp\">\n<div class=\"brz-container brz-css-iirma brz-css-frnys\">\n<div class=\"brz-row__container brz-css-dupxc\" data-custom-id=\"pxduhuvlsmlbvyoiuvgnepxymvbvboqoxboq\">\n<div class=\"brz-bg overflow-hidden absolute top-0 left-0 w-full h-full\"><\/div>\n<div class=\"brz-row brz-css-mbcec brz-css-lhbxb\">\n<div class=\"brz-columns brz-css-incii brz-css-scmeu\" data-custom-id=\"szdimjmmscpnmhbbxtqfdqxfipodflnavhyc\">\n<div class=\"brz-bg overflow-hidden absolute top-0 left-0 w-full h-full\"><\/div>\n<div class=\"brz-column__items brz-css-vwjbe brz-css-vavuk\">\n<div class=\"brz-css-kaabw brz-css-fkokk brz-wrapper\">\n<div class=\"brz-rich-text brz-rich-text__custom brz-css-zzqvz\" data-custom-id=\"tmygdlxtffssdgucdpqksreorcwocldnmikz\">\n<div>\n<p class=\"brz-css-aonyw\" data-generated-css=\"brz-css-fswpi\" data-uniq-id=\"yspto\">Nuevo M\u00e9xico tiene incre\u00edbles destinos que muestran la riqueza cultural del estado, con la ayuda de gu\u00edas profesionales podr\u00e1s conocer su profunda historia llev\u00e1ndote una experiencia inolvidable. Desde actividades en bicicleta, arqueol\u00f3gicas, gastron\u00f3micas o hist\u00f3ricas en los principales sitios de inter\u00e9s.\u00a0<\/p>\n<\/div>\n<\/div>\n<\/div>\n<div class=\"brz-css-kaabw brz-wrapper\">\n<div class=\"brz-line brz-line-default brz-css-dmwue brz-css-vhkxj\" data-custom-id=\"vxlmzpzhiqesinjtklbyrtycwsmvrwyprrvy\">\n<hr class=\"brz-hr\" \/><\/div>\n<\/div>\n<div class=\"brz-css-kaabw brz-css-nfbgv brz-wrapper\">\n<div class=\"brz-rich-text brz-rich-text__custom brz-css-zzqvz\" data-custom-id=\"uvgszqewclrgtxqypkdmgzxppviqvrbslgue\">\n<div>\n<p class=\"brz-css-iadnw\" data-generated-css=\"brz-css-wvemf\" data-uniq-id=\"nahuz\"><strong>Heritage Inspirations<\/strong><\/p>\n<p class=\"brz-css-zpkxn\" data-generated-css=\"brz-css-lztzc\" data-uniq-id=\"wlkmx\"><span>Realiza tours a Taos, Chaco, Santa fe, Albuquerque con diversas actividades como glamping y tours en bicicleta.<\/span><\/p>\n<p class=\"brz-css-wamdm\" data-generated-css=\"brz-css-kbsnn\" data-uniq-id=\"zdeex\"><strong>Sitio web:<\/strong><span> https:\/\/www.heritageinspirations.com\/<\/span><\/p>\n<p class=\"brz-css-nsspj\" data-generated-css=\"brz-css-fvqdb\" data-uniq-id=\"knxjr\"><\/p>\n<p class=\"brz-css-znddj\" data-generated-css=\"brz-css-lqzyu\" data-uniq-id=\"mazgm\"><strong>Santa Fe Guides Association<\/strong><\/p>\n<p class=\"brz-css-bihbh\" data-generated-css=\"brz-css-vxvtv\" data-uniq-id=\"wghtm\"><span>Gu\u00edas especializados en Santa Fe con diferentes tem\u00e1ticas como historia, arquitectura, literatura, culturas nativas etc.<\/span><\/p>\n<p class=\"brz-css-ntupa\" data-generated-css=\"brz-css-vtjhs\" data-uniq-id=\"sbmfx\"><strong>Tel\u00e9fono:<\/strong><span> 505 466 4877<\/span><\/p>\n<p class=\"brz-css-blihd\" data-generated-css=\"brz-css-zydbc\" data-uniq-id=\"dlcgp\"><strong>Correo:<\/strong><span> luisalbertoguevara8@gmail.com<\/span><\/p>\n<p class=\"brz-css-aubhw\" data-generated-css=\"brz-css-oddxh\" data-uniq-id=\"xhjvd\"><\/p>\n<p class=\"brz-css-qigqp\" data-generated-css=\"brz-css-twqer\" data-uniq-id=\"zczke\"><strong>Boundless Journeys<\/strong><\/p>\n<p class=\"brz-css-aeupp\" data-generated-css=\"brz-css-wgkib\" data-uniq-id=\"xdwte\"><span>Se especializa en Santa Fe, Albuquerque y Taos, tiene actividades como clases de cocina, vistas a aguas termales etc.<\/span><\/p>\n<p class=\"brz-css-lbxsv\" data-generated-css=\"brz-css-hoiep\" data-uniq-id=\"evrmm\"><strong>Tel\u00e9fono:<\/strong><span> 01 800 941 8010<\/span><\/p>\n<p class=\"brz-css-zqiix\" data-generated-css=\"brz-css-tzqfw\" data-uniq-id=\"stzcn\"><strong>Correo:<\/strong><span> info@boundlessjourneys.com<\/span><\/p>\n<p class=\"brz-css-tfptc\" data-generated-css=\"brz-css-swvkv\" data-uniq-id=\"auvit\"><strong>Sitios web: <\/strong><span>https:\/\/www.boundlessjourneys.com\/tours\/new-mexico-santa-fe-abiquiu-taos-hiking\/<\/span><\/p>\n<p class=\"brz-css-cxugr\" data-generated-css=\"brz-css-ytedo\" data-uniq-id=\"ktwks\"><\/p>\n<p class=\"brz-css-fikwg\" data-generated-css=\"brz-css-xqsxe\" data-uniq-id=\"tndpn\"><strong>Miguel D.\u00a0<\/strong><\/p>\n<p class=\"brz-css-zxsil\" data-generated-css=\"brz-css-sjiaw\" data-uniq-id=\"ntejg\"><span>Especializado en el tramo de Santa Fe, tiene tours espec\u00edficos como el Chaco Canyon, Albuquerque e Iglesias en Santa Fe.<\/span><\/p>\n<p class=\"brz-css-tybym\" data-generated-css=\"brz-css-nxrkz\" data-uniq-id=\"sxqsw\"><strong>Sitio web: <\/strong><span>https:\/\/www.toursbylocals.com\/AlbuquerqueGuide-PrivateTours<\/span><\/p>\n<p class=\"brz-css-xiskn\" data-generated-css=\"brz-css-fcdho\" data-uniq-id=\"bbtkf\"><\/p>\n<p class=\"brz-css-fwkqp\" data-generated-css=\"brz-css-acyeg\" data-uniq-id=\"eeftw\"><strong>Navajo Tours USA<\/strong><\/p>\n<p class=\"brz-css-wjhhh\" data-generated-css=\"brz-css-nypuf\" data-uniq-id=\"zlnon\"><span>Los tours exploran la arquitectura y la astronom\u00eda de Chaco Culture National Historical Site.<\/span><\/p>\n<p class=\"brz-css-wzqbl\" data-generated-css=\"brz-css-ngskr\" data-uniq-id=\"rvcbx\"><strong>Direcci\u00f3n:<\/strong><span> PO Box 1795 Cuba, NM\u00a0<\/span><\/p>\n<p class=\"brz-css-vjhjv\" data-generated-css=\"brz-css-ynogi\" data-uniq-id=\"nxtjz\"><strong>Tel\u00e9fono:<\/strong><span> 855 422 5476\u00a0<\/span><\/p>\n<p class=\"brz-css-zaznl\" data-generated-css=\"brz-css-oaznk\" data-uniq-id=\"eygeh\"><strong>Correo:<\/strong><span> info@navajotoursusa.com<\/span><\/p>\n<p class=\"brz-css-vbndw\" data-generated-css=\"brz-css-lsljv\" data-uniq-id=\"gfgdt\"><\/p>\n<p class=\"brz-css-chrub\" data-generated-css=\"brz-css-buysn\" data-uniq-id=\"xdxlq\"><strong>Aztec Adventures<\/strong><\/p>\n<p class=\"brz-css-nkhes\" data-generated-css=\"brz-css-dsutc\" data-uniq-id=\"serib\"><span>Ofrece tours en bicicleta, de uno o varios d\u00edas desde tours culturales a lecciones de habilidad.<\/span><\/p>\n<p class=\"brz-css-wqzbx\" data-generated-css=\"brz-css-tlgra\" data-uniq-id=\"inebd\"><strong>Tel\u00e9fono:<\/strong><span> 970 759 2126<\/span><\/p>\n<p class=\"brz-css-sbhqj\" data-generated-css=\"brz-css-mweyn\" data-uniq-id=\"yjwlu\"><strong>Correo:<\/strong><span> aztecadventures01@gmail.com<\/span><\/p>\n<p class=\"brz-css-oaini\" data-generated-css=\"brz-css-aesvn\" data-uniq-id=\"jbrcq\"><\/p>\n<p class=\"brz-css-fcalu\" data-generated-css=\"brz-css-zbtgv\" data-uniq-id=\"vgmea\"><strong>Desert River Guides<\/strong><\/p>\n<p class=\"brz-css-ekimj\" data-generated-css=\"brz-css-vzjvw\" data-uniq-id=\"wjwgi\"><span>Tours en el desierto y r\u00edos con actividades como trekking, ciclismo y rafting.<\/span><\/p>\n<p class=\"brz-css-scugg\" data-generated-css=\"brz-css-qtfjs\" data-uniq-id=\"fpuhd\"><strong>Direcci\u00f3n:<\/strong><span> 109 E Pinon St, Farmington, NM 87401<\/span><\/p>\n<p class=\"brz-css-wxwjk\" data-generated-css=\"brz-css-gbmrb\" data-uniq-id=\"dijps\"><strong>Tel\u00e9fono:<\/strong><span> 505 427 7734<\/span><\/p>\n<p class=\"brz-css-dimpt\" data-generated-css=\"brz-css-kkapq\" data-uniq-id=\"eracx\"><\/p>\n<p class=\"brz-css-xsrab\" data-generated-css=\"brz-css-woirf\" data-uniq-id=\"jksmz\"><strong>Journey Into The Past Tours<\/strong><\/p>\n<p class=\"brz-css-pzxet\" data-generated-css=\"brz-css-hjwbf\" data-uniq-id=\"knrba\"><span>Ofrece tours arqueol\u00f3gicos re descubriendo los tesoros de Nuevo M\u00e9xico<\/span><\/p>\n<p class=\"brz-css-ehaic\" data-generated-css=\"brz-css-hhoha\" data-uniq-id=\"iqehn\"><strong>Direcci\u00f3n:<\/strong><span> 6131 US-64, Bloomfield, NM<\/span><\/p>\n<p class=\"brz-css-scxvl\" data-generated-css=\"brz-css-xyxea\" data-uniq-id=\"jpysf\"><strong>Tel\u00e9fono:<\/strong><span> 505 632 2013<\/span><\/p>\n<p class=\"brz-css-waese\" data-generated-css=\"brz-css-iugdl\" data-uniq-id=\"ztdox\"><\/p>\n<p class=\"brz-css-jvyha\" data-generated-css=\"brz-css-lafza\" data-uniq-id=\"nczya\"><strong>Mullen\u2019s Equestrian Services<\/strong><\/p>\n<p class=\"brz-css-cbdzm\" data-generated-css=\"brz-css-goljw\" data-uniq-id=\"xlqlc\"><span>Tours a caballo con profesionales locales.<\/span><\/p>\n<p class=\"brz-css-jcbrs\" data-generated-css=\"brz-css-mzjzj\" data-uniq-id=\"adujm\"><strong>Direcci\u00f3n:<\/strong><span> 47 Road 4785 Bloomfield, NM<\/span><\/p>\n<p class=\"brz-css-rvuxs\" data-generated-css=\"brz-css-dsyxq\" data-uniq-id=\"qwpky\"><strong>Tel\u00e9fono:<\/strong><span> 505 632 0812<\/span><\/p>\n<p class=\"brz-css-rupjl\" data-generated-css=\"brz-css-brlsv\" data-uniq-id=\"smvaa\"><strong>Correo:<\/strong><span> mullensequestrianservices@gmail.com<\/span><\/p>\n<\/div>\n<\/div>\n<\/div>\n<\/div>\n<\/div>\n<\/div>\n<\/div>\n<\/div>\n<\/div>\n<\/section>\n<section data-uid=\"rveuamtmysvwswawebijahrjxkuxjvxlxelg\" id=\"rveuamtmysvwswawebijahrjxkuxjvxlxelg\" class=\"brz-section brz-css-fptxy brz-css-eckcn\">\n<div class=\"brz-section__content brz-section--boxed brz-css-rppfb brz-css-kaavf\" data-custom-id=\"jevxzucvdlfbjclqnoxdfdxufrptolgfwndq\">\n<div class=\"brz-bg overflow-hidden absolute top-0 left-0 w-full h-full\">\n<div class=\"brz-bg-map absolute top-0 left-0 w-full h-full\"><\/div>\n<\/div>\n<div class=\"brz-container brz-css-iirma\">\n<div class=\"brz-css-kaabw brz-wrapper\">\n<div class=\"brz-wp-shortcode brz-css-sfyyv\" data-custom-id=\"vaumvpxxskcrrqrhzkoxiwldmvtwaubzppkh\">\n<div><div class=\"twer-map-wrapper treweler-map-fw\" ><div class=\"twer-iframe-embed\" style=\"height:500px;\"><iframe loading=\"lazy\" class=\"twer-iframe\" src=\"https:\/\/tlatelolcounam.mx\/caminoreal\/treweler-map\/estado-de-mexico\/?tw=iframe&#038;twer-index=1&#038;twer-map-id=474&#038;twer-height=500px&#038;twer-type=fullwidth&#038;twer-scrollzoom=yes&#038;twer-width\"  frameborder=\"0\" title=\"Treweler Map\"><\/iframe><\/div><\/div><\/div>\n<\/div>\n<\/div>\n<\/div>\n<\/div>\n<\/section>\n<section data-uid=\"qkfzfeoawtxqqyvitadwfdeismrzfhwurmii\" id=\"qkfzfeoawtxqqyvitadwfdeismrzfhwurmii\" class=\"brz-section brz-css-fptxy\">\n<div class=\"brz-section__content brz-section--boxed brz-css-rppfb brz-css-ywdyn\" data-custom-id=\"furozkipdsfzporznemncmrldghyqktjhmgb\">\n<div class=\"brz-bg overflow-hidden absolute top-0 left-0 w-full h-full\">\n<div class=\"brz-bg-image absolute top-0 left-0 w-full h-full bg-no-repeat bg-cover\"><\/div>\n<div class=\"brz-bg-color absolute top-0 left-0 w-full h-full\"><\/div>\n<\/div>\n<div class=\"brz-container brz-css-iirma\">\n<div class=\"brz-row__container brz-css-dupxc\" data-custom-id=\"achsreujasksizjbtnmshsdugxsmfrbryrvr\">\n<div class=\"brz-bg overflow-hidden absolute top-0 left-0 w-full h-full\"><\/div>\n<div class=\"brz-row brz-css-mbcec brz-css-lhbxb\">\n<div class=\"brz-columns brz-css-incii brz-css-vfpwy\" data-custom-id=\"zokmicasrntzzshjxniwzjkuppixtkmaqdzz\">\n<div class=\"brz-bg overflow-hidden absolute top-0 left-0 w-full h-full\"><\/div>\n<div class=\"brz-column__items brz-css-vwjbe brz-css-wmosd\">\n<div class=\"brz-css-kaabw brz-css-gkcgp brz-wrapper\">\n<div class=\"brz-image brz-css-czdms\"><img decoding=\"async\" class=\"brz-img\" src=\"https:\/\/tlatelolcounam.mx\/caminoreal\/wp-content\/uploads\/brizy\/imgs\/logo-1-293x101x0x1x293x100x1642108354.png\" alt=\"\" loading=\"lazy\" \/><\/div>\n<\/div>\n<div class=\"brz-css-kaabw brz-css-dzbhg brz-wrapper\">\n<div class=\"brz-spacer brz-css-ctqmo brz-css-yzbsk\"><\/div>\n<\/div>\n<div class=\"brz-css-kaabw brz-wrapper\">\n<div class=\"brz-rich-text brz-rich-text__custom brz-css-zzqvz\" data-custom-id=\"kywuxuscztrrhlidoxrxnbhrmlsoucwdrdvp\">\n<div>\n<p class=\"brz-css-fzpls\" data-uniq-id=\"euomf\" data-generated-css=\"brz-css-qlfmh\"><span>Ricardo Flores Mag\u00f3n 1. <\/span><\/p>\n<p class=\"brz-css-emgxe\" data-uniq-id=\"fkrdx\" data-generated-css=\"brz-css-lepkg\"><span>Col. Nonoalco-Tlatelolco C.P. 06995. <\/span><\/p>\n<p class=\"brz-css-jknuy\" data-uniq-id=\"gutxj\" data-generated-css=\"brz-css-zxvpu\"><span>ccutlatelolco@gmail.com<\/span><\/p>\n<p class=\"brz-css-xjqrs\" data-generated-css=\"brz-css-fwbyw\" data-uniq-id=\"yzdzu\"><span>5117 2818 ext. 49613<\/span><\/p>\n<\/div>\n<\/div>\n<\/div>\n<\/div>\n<\/div>\n<div class=\"brz-columns brz-css-incii brz-css-imtme\" data-custom-id=\"ueceosewmvdlocaoiccxqzaqsdrbhugdlqwp\">\n<div class=\"brz-bg overflow-hidden absolute top-0 left-0 w-full h-full\"><\/div>\n<div class=\"brz-column__items brz-css-vwjbe\">\n<div class=\"brz-css-kaabw brz-wrapper\">\n<div class=\"brz-rich-text brz-rich-text__custom brz-css-zzqvz\" data-custom-id=\"yieydbdefqqzosmqedrukrhhuflrrnwhnfme\">\n<div>\n<p class=\"brz-css-xecda\" data-uniq-id=\"pdybz\" data-generated-css=\"brz-css-custc\"><span>M\u00e1s sobre el CCUT<\/span><\/p>\n<\/div>\n<\/div>\n<\/div>\n<div class=\"brz-css-kaabw brz-css-dzbhg brz-wrapper\">\n<div class=\"brz-spacer brz-css-ctqmo brz-css-kwblu\"><\/div>\n<\/div>\n<div class=\"brz-css-kaabw brz-wrapper\">\n<div class=\"brz-rich-text brz-rich-text__custom brz-css-zzqvz\" data-custom-id=\"ynfeweewrtxixsrhnduzblhwsykqywcbwrbd\">\n<div>\n<p class=\"brz-css-wbwgy\" data-uniq-id=\"frwjr\" data-generated-css=\"brz-css-laqsj\"><span>Seminario <\/span><\/p>\n<p class=\"brz-css-pcaqx\" data-uniq-id=\"vnkoo\" data-generated-css=\"brz-css-dmrvc\"><span>Memorias<\/span><\/p>\n<p class=\"brz-css-kweab\" data-uniq-id=\"dcvrt\" data-generated-css=\"brz-css-bwatq\"><span>Resistencias<\/span><\/p>\n<p class=\"brz-css-rijyf\" data-generated-css=\"brz-css-vpotn\" data-uniq-id=\"xkgby\"><span>Comunidades<\/span><\/p>\n<\/div>\n<\/div>\n<\/div>\n<div class=\"brz-css-kaabw brz-wrapper\">\n<div class=\"brz-rich-text brz-rich-text__custom brz-css-zzqvz\" data-custom-id=\"imzwziqzkzgaummubqbkvghlpqnmykoyscdr\">\n<div>\n<p class=\"brz-css-zvcrn\" data-uniq-id=\"icvhm\" data-generated-css=\"brz-css-gzhjx\"><\/p>\n<\/div>\n<\/div>\n<\/div>\n<\/div>\n<\/div>\n<div class=\"brz-columns brz-css-incii brz-css-omsyz\" data-custom-id=\"vweavhhwtywjlvwtobzunrtkfybgszsfwmoi\">\n<div class=\"brz-bg overflow-hidden absolute top-0 left-0 w-full h-full\"><\/div>\n<div class=\"brz-column__items brz-css-vwjbe\">\n<div class=\"brz-css-kaabw brz-wrapper\">\n<div class=\"brz-rich-text brz-rich-text__custom brz-css-zzqvz\" data-custom-id=\"yuqipqqugxqfpjpkfcexpwembqsekzhvzpjf\">\n<div>\n<p class=\"brz-css-lasoj\" data-uniq-id=\"wbckk\" data-generated-css=\"brz-css-akbyj\"><span class=\"brz-cp-color8\">S\u00edguenos<\/span><\/p>\n<\/div>\n<\/div>\n<\/div>\n<div class=\"brz-css-kaabw brz-css-dzbhg brz-wrapper\">\n<div class=\"brz-spacer brz-css-ctqmo brz-css-nmpdm\"><\/div>\n<\/div>\n<div class=\"brz-css-kaabw brz-css-ppesb brz-wrapper\">\n<div class=\"brz-icon-text brz-css-qeuhs brz-css-vzlic\" data-custom-id=\"hydbwhzcpvjqiiorwlilgqxqftkxpkwkywsj\">\n<div id class=\"brz-icon__container\" data-custom-id=\"uqxskthsztuwpwwoqfqmhvqdknuvatiyuwqk\"><span class=\"brz-icon brz-span brz-css-ojlaf brz-css-hzztx\"><\/span><\/div>\n<div class=\"brz-text-btn\">\n<div class=\"brz-rich-text brz-rich-text__custom brz-css-zzqvz\" data-custom-id=\"bgkyxrvclbbxxythvkxjtgqxdhzzsnwwrkmq\">\n<div>\n<p class=\"brz-css-hrkne\"><span>Twitter<\/span><\/p>\n<\/div>\n<\/div>\n<\/div>\n<\/div>\n<\/div>\n<div class=\"brz-css-kaabw brz-css-uyxsc brz-wrapper\">\n<div class=\"brz-icon-text brz-css-qeuhs brz-css-phljx\" data-custom-id=\"jabsrjtzzoxfchshzqqtimtttlnkjsnwskkq\">\n<div id class=\"brz-icon__container\" data-custom-id=\"cdxdzmlnscinzsmwffqlxwmqhplmzbhprxza\"><span class=\"brz-icon brz-span brz-css-ojlaf brz-css-lbrik\"><\/span><\/div>\n<div class=\"brz-text-btn\">\n<div class=\"brz-rich-text brz-rich-text__custom brz-css-zzqvz\" data-custom-id=\"txxspklpmzyaxsjzabzltuhbhneozicfdhup\">\n<div>\n<p class=\"brz-css-pokvg\"><span>Facebook<\/span><\/p>\n<\/div>\n<\/div>\n<\/div>\n<\/div>\n<\/div>\n<div class=\"brz-css-kaabw brz-wrapper\">\n<div class=\"brz-icon-text brz-css-qeuhs brz-css-rmcns\" data-custom-id=\"evbxwngmaedzgcjttyjbxbrqilvezuyjizmm\">\n<div id class=\"brz-icon__container\" data-custom-id=\"gburckwvhlgdxkgngoywxugovxipiwturtcd\"><span class=\"brz-icon brz-span brz-css-ojlaf brz-css-sjbpl\"><\/span><\/div>\n<div class=\"brz-text-btn\">\n<div class=\"brz-rich-text brz-rich-text__custom brz-css-zzqvz\" data-custom-id=\"cxbjqcvvcsyicwjnumpamepblkgqnskdfjka\">\n<div>\n<p class=\"brz-css-xykfs\"><span>Youtube<\/span><\/p>\n<\/div>\n<\/div>\n<\/div>\n<\/div>\n<\/div>\n<\/div>\n<\/div>\n<\/div>\n<\/div>\n<div class=\"brz-css-kaabw brz-wrapper\">\n<div class=\"brz-image brz-css-rduhi\"><img decoding=\"async\" class=\"brz-img\" src=\"https:\/\/tlatelolcounam.mx\/caminoreal\/wp-content\/uploads\/brizy\/imgs\/escudo-firma-176x88x0x0x176x88x1642108760.png\" alt=\"\" loading=\"lazy\" \/><\/div>\n<\/div>\n<div class=\"brz-css-kaabw brz-css-zwjzg brz-wrapper\">\n<div class=\"brz-line brz-line-default brz-css-dmwue brz-css-srfnr\" data-custom-id=\"wguunchwyulhdtykgwtenhecrqcyxgzhcexc\">\n<hr class=\"brz-hr\" \/><\/div>\n<\/div>\n<div class=\"brz-css-kaabw brz-wrapper\">\n<div class=\"brz-rich-text brz-rich-text__custom brz-css-zzqvz\" data-custom-id=\"ltuintpcpfoaywaqxegggkzizlpptgxtiful\">\n<div>\n<p class=\"brz-css-ircpr\" data-uniq-id=\"yqtzc\" data-generated-css=\"brz-css-kwjoz\"><span>Esta p\u00e1gina y el contenido de la misma se encuentran protegidos por propiedad intelectual, confidencialidad entre las partes, as\u00ed como por normativa general y universitaria vigente de Transparencia, Acceso a la Informaci\u00f3n P\u00fablica y Protecci\u00f3n de Datos Personales. UNAM-CCUT.<\/span><\/p>\n<\/div>\n<\/div>\n<\/div>\n<\/div>\n<\/div>\n<\/section>\n<\/div>\n<p><!-- version:1673311337 --><\/p>\n","protected":false},"excerpt":{"rendered":"<p>Inicio Estados Historia NUEVO M\u00c9XICO Gu\u00eda de turismo Nuevo M\u00e9xico tiene incre\u00edbles destinos que muestran la riqueza cultural del estado, con la ayuda de gu\u00edas profesionales podr\u00e1s conocer su profunda historia llev\u00e1ndote una experiencia inolvidable. Desde actividades en bicicleta, arqueol\u00f3gicas, gastron\u00f3micas o hist\u00f3ricas en los principales sitios de inter\u00e9s.\u00a0 Heritage Inspirations Realiza tours a Taos, [&hellip;]<\/p>\n","protected":false},"author":3,"featured_media":0,"parent":1088,"menu_order":0,"comment_status":"closed","ping_status":"closed","template":"brizy-blank-template.php","meta":{"footnotes":""},"class_list":["post-8201","page","type-page","status-publish","hentry"],"_links":{"self":[{"href":"https:\/\/tlatelolcounam.mx\/caminoreal\/wp-json\/wp\/v2\/pages\/8201","targetHints":{"allow":["GET"]}}],"collection":[{"href":"https:\/\/tlatelolcounam.mx\/caminoreal\/wp-json\/wp\/v2\/pages"}],"about":[{"href":"https:\/\/tlatelolcounam.mx\/caminoreal\/wp-json\/wp\/v2\/types\/page"}],"author":[{"embeddable":true,"href":"https:\/\/tlatelolcounam.mx\/caminoreal\/wp-json\/wp\/v2\/users\/3"}],"replies":[{"embeddable":true,"href":"https:\/\/tlatelolcounam.mx\/caminoreal\/wp-json\/wp\/v2\/comments?post=8201"}],"version-history":[{"count":18,"href":"https:\/\/tlatelolcounam.mx\/caminoreal\/wp-json\/wp\/v2\/pages\/8201\/revisions"}],"predecessor-version":[{"id":41848,"href":"https:\/\/tlatelolcounam.mx\/caminoreal\/wp-json\/wp\/v2\/pages\/8201\/revisions\/41848"}],"up":[{"embeddable":true,"href":"https:\/\/tlatelolcounam.mx\/caminoreal\/wp-json\/wp\/v2\/pages\/1088"}],"wp:attachment":[{"href":"https:\/\/tlatelolcounam.mx\/caminoreal\/wp-json\/wp\/v2\/media?parent=8201"}],"curies":[{"name":"wp","href":"https:\/\/api.w.org\/{rel}","templated":true}]}}