{"id":8200,"date":"2022-05-04T21:17:17","date_gmt":"2022-05-04T21:17:17","guid":{"rendered":"https:\/\/tlatelolcounam.mx\/caminoreal\/?page_id=8200"},"modified":"2025-08-12T05:05:51","modified_gmt":"2025-08-12T05:05:51","slug":"nuevomexico-transporte","status":"publish","type":"page","link":"https:\/\/tlatelolcounam.mx\/caminoreal\/nuevo-mexico\/nuevomexico-transporte\/","title":{"rendered":"Nuevo M\u00e9xico Transporte"},"content":{"rendered":"<div class=\"brz-root__container brz-reset-all\">\n<section data-uid=\"cdkeghlziiohoukivthemcomadlvolvjzyzx\" id=\"cdkeghlziiohoukivthemcomadlvolvjzyzx\" class=\"brz-section brz-css-igufl\">\n<div class=\"brz-section__content brz-section--boxed brz-css-efvfe brz-css-btijk\" data-custom-id=\"kxtylskpqchveijjrewfnyruqtatzgwljyzm\">\n<div class=\"brz-container brz-css-eevjf\">\n<div class=\"brz-row__container brz-css-qefmt\" data-custom-id=\"tnecfxcdykoambyuufnshbafyloyrkvzbfkf\">\n<div class=\"brz-bg overflow-hidden absolute top-0 left-0 w-full h-full\"><\/div>\n<div class=\"brz-row brz-css-xfcmp brz-css-vvcsi\">\n<div class=\"brz-columns brz-css-mdjux brz-css-lztbi\" data-custom-id=\"epxscrxbxahcngbhbcghkwdykelzrjhfzqft\">\n<div class=\"brz-bg overflow-hidden absolute top-0 left-0 w-full h-full\"><\/div>\n<div class=\"brz-column__items brz-css-toyxg brz-css-zocvi\">\n<div class=\"brz-css-hwrvt brz-css-ovxmm brz-wrapper\">\n<div class=\"brz-image brz-css-kcfrt brz-css-patlo\"><img decoding=\"async\" class=\"brz-img\" src=\"https:\/\/tlatelolcounam.mx\/caminoreal\/wp-content\/uploads\/2022\/01\/logo.png\" alt=\"\" loading=\"lazy\" \/><\/div>\n<\/div>\n<\/div>\n<\/div>\n<div class=\"brz-columns brz-css-mdjux brz-css-reujo\" data-custom-id=\"pzxzuttxxgqksrrdgcwhaktqjdmukvkhahfe\">\n<div class=\"brz-bg overflow-hidden absolute top-0 left-0 w-full h-full\"><\/div>\n<div class=\"brz-column__items brz-css-toyxg brz-css-ulchf\">\n<div class=\"brz-css-hwrvt brz-wrapper\">\n<div class=\"brz-menu__container brz-css-wzhsz\" data-mmenu-id=\"#rmcwjmhkedpngdmbkezbvlmrldqptektanek\" data-mmenu-position=\"position-left\" data-mmenu-title=\"Menu\" data-mmenu-stickytitle=\"on\" data-custom-id=\"xbqtfmrcedukngnyygmfwgkwektymnnnuzxj\">\n<nav class=\"brz-menu brz-menu__preview brz-css-fsxut\">\n<ul class=\"brz-menu__ul\" data-menu-items-active=\"\">\n<li class=\"brz-menu__item\" data-menu-item-id=\"a45e250d979c9b3c26fe6917797cc038\"><a class=\"brz-a menu-item menu-item-type-post_type menu-item-object-page menu-item-home\" href=\"https:\/\/tlatelolcounam.mx\/caminoreal\/\" data-brz-link-type=\"external\" id><span class=\"brz-span\">Inicio<\/span><\/a><\/li>\n<li class=\"brz-menu__item brz-menu__item-dropdown\" data-menu-item-id=\"ba4a85012b5365c17cdf357587076276\"><a class=\"brz-a brz-anchor menu-item menu-item-type-custom menu-item-object-custom\" href=\"#\" data-brz-link-type=\"anchor\" id><span class=\"brz-span\">Estados<\/span><\/a><\/li>\n<li class=\"brz-menu__item\" data-menu-item-id=\"d3c0c655631b120767a40bd0aed90e47\"><a class=\"brz-a menu-item menu-item-type-post_type menu-item-object-page\" href=\"https:\/\/tlatelolcounam.mx\/caminoreal\/historia\/\" data-brz-link-type=\"external\" id><span class=\"brz-span\">Historia<\/span><\/a><\/li>\n<\/ul>\n<\/nav>\n<div class=\"brz-mm-menu__icon\">\n<\/div>\n<\/div>\n<\/div>\n<\/div>\n<\/div>\n<\/div>\n<\/div>\n<\/div>\n<\/div>\n<\/section>\n<section data-uid=\"dokjzmexqunazctbloammypxiyzspbnjdvyj\" id=\"dokjzmexqunazctbloammypxiyzspbnjdvyj\" class=\"brz-section brz-css-igufl\">\n<div class=\"brz-section__content brz-section--fullWidth brz-css-efvfe brz-css-smbol\" data-custom-id=\"ofodesxequsppebghdddegirgebmibqoghuq\">\n<div class=\"brz-container brz-css-eevjf brz-css-blwtx\">\n<div class=\"brz-row__container brz-css-qefmt\" data-custom-id=\"utyrubatiicuodtfdrsdwpqylqelgarpuuon\">\n<div class=\"brz-bg overflow-hidden absolute top-0 left-0 w-full h-full\"><\/div>\n<div class=\"brz-row brz-css-xfcmp brz-css-vvcsi\">\n<div class=\"brz-columns brz-css-mdjux brz-css-tpzzm\" data-custom-id=\"bwhvzqizgbjedpjcxsmqwrqrinyzgjbgspsj\">\n<div class=\"brz-bg overflow-hidden absolute top-0 left-0 w-full h-full\">\n<div class=\"brz-bg-image absolute top-0 left-0 w-full h-full bg-no-repeat bg-cover\"><\/div>\n<div class=\"brz-bg-color absolute top-0 left-0 w-full h-full\"><\/div>\n<\/div>\n<div class=\"brz-column__items brz-css-toyxg brz-css-lapcu\">\n<div class=\"brz-css-hwrvt brz-wrapper\">\n<div class=\"brz-rich-text brz-rich-text__custom brz-css-bqicu\" data-custom-id=\"ekpmitvwjdajcpaooywycwbuifsqgxzlpbyg\">\n<div>\n<p class=\"brz-css-nkxpd\" data-generated-css=\"brz-css-reqqv\" data-uniq-id=\"xfkcu\"><strong class=\"brz-cp-color7\">NUEVO M\u00c9XICO<\/strong><\/p>\n<\/div>\n<\/div>\n<\/div>\n<div class=\"brz-css-hwrvt brz-wrapper\">\n<div class=\"brz-rich-text brz-rich-text__custom brz-css-bqicu\" data-custom-id=\"avvefqcvxpbfavulwkiztvuefofnaksgriyy\">\n<div>\n<p class=\"brz-css-ndzlx\" data-generated-css=\"brz-css-rmqws\" data-uniq-id=\"swfyz\"><\/p>\n<\/div>\n<\/div>\n<\/div>\n<div class=\"brz-css-hwrvt brz-wrapper\">\n<div class=\"brz-rich-text brz-rich-text__custom brz-css-bqicu\" data-custom-id=\"ufzpvafgfgybantvqbtrxqbcbshnkxrhwljo\">\n<div>\n<p class=\"brz-css-flpeg\" data-generated-css=\"brz-css-nmriy\" data-uniq-id=\"vmknq\"><\/p>\n<\/div>\n<\/div>\n<\/div>\n<div class=\"brz-css-hwrvt brz-wrapper\">\n<div class=\"brz-rich-text brz-rich-text__custom brz-css-bqicu\" data-custom-id=\"zrxmsldilcsowhrjvvmpprfijrgqommqsjow\">\n<div>\n<p class=\"brz-css-mnwbi\" data-uniq-id=\"zzvco\" data-generated-css=\"brz-css-lppny\"><strong class=\"brz-cp-color7\">Transporte<\/strong><\/p>\n<\/div>\n<\/div>\n<\/div>\n<\/div>\n<\/div>\n<\/div>\n<\/div>\n<\/div>\n<\/div>\n<\/section>\n<section data-uid=\"vkkdmiywdorcuowqdwgtdcgpjevosqiqxbqd\" id=\"vkkdmiywdorcuowqdwgtdcgpjevosqiqxbqd\" class=\"brz-section brz-css-igufl\">\n<div class=\"brz-section__content brz-section--boxed brz-css-efvfe brz-css-kjwby\" data-custom-id=\"tmgrfkcjjliasesblgtfjhoqvkheinubntyp\">\n<div class=\"brz-container brz-css-eevjf brz-css-iarcb\">\n<div class=\"brz-css-hwrvt brz-wrapper\">\n<div class=\"brz-rich-text brz-rich-text__custom brz-css-bqicu\" data-custom-id=\"idhftytsvvgckqezowuscircwrkujsdzrvkh\">\n<div>\n<p class=\"brz-css-nophl\" data-generated-css=\"brz-css-arbra\" data-uniq-id=\"agins\">La mayor\u00eda de las ciudades de Nuevo M\u00e9xico tiene transporte p\u00fablico sin embargo toma en cuenta otro tipo de transporte como la renta de auto ya que puedes recorrer sus 314.917 km en carretera y descubrir paisajes coloridos, desiertos inmensos y monumentos hist\u00f3ricos \u00fanicos. Adem\u00e1s puedes hacer actividades en globo para admirar la belleza del estado.<\/p>\n<\/div>\n<\/div>\n<\/div>\n<div class=\"brz-css-hwrvt brz-wrapper\">\n<div class=\"brz-line brz-line-default brz-css-wrnkn brz-css-mekzb\" data-custom-id=\"vxlmzpzhiqesinjtklbyrtycwsmvrwyprrvy\">\n<hr class=\"brz-hr\" \/><\/div>\n<\/div>\n<div class=\"brz-row__container brz-css-qefmt\" data-custom-id=\"pxduhuvlsmlbvyoiuvgnepxymvbvboqoxboq\">\n<div class=\"brz-bg overflow-hidden absolute top-0 left-0 w-full h-full\"><\/div>\n<div class=\"brz-row brz-css-xfcmp brz-css-vvcsi\">\n<div class=\"brz-columns brz-css-mdjux brz-css-ceocp\" data-custom-id=\"szdimjmmscpnmhbbxtqfdqxfipodflnavhyc\">\n<div class=\"brz-bg overflow-hidden absolute top-0 left-0 w-full h-full\"><\/div>\n<div class=\"brz-column__items brz-css-toyxg brz-css-snqim\">\n<div class=\"brz-css-hwrvt brz-css-uaziy brz-wrapper\">\n<div class=\"brz-rich-text brz-rich-text__custom brz-css-bqicu\" data-custom-id=\"uvgszqewclrgtxqypkdmgzxppviqvrbslgue\">\n<div>\n<p class=\"brz-css-qsspa\" data-uniq-id=\"vzdao\" data-generated-css=\"brz-css-gxdkq\"><strong>Departamento de Transporte Nuevo M\u00e9xico\u00a0<\/strong><\/p>\n<p class=\"brz-css-kisgz\" data-uniq-id=\"rkjdi\" data-generated-css=\"brz-css-qtvco\">Informaci\u00f3n acerca de carreteras, impuestos a la gasolina, tr\u00e1mites, mapas etc<\/p>\n<p class=\"brz-css-cdbyg\" data-uniq-id=\"zfcdk\" data-generated-css=\"brz-css-hvtlc\"><strong>Sitio web:<\/strong> https:\/\/www.dot.nm.gov\/<\/p>\n<p class=\"brz-css-iztyp\" data-uniq-id=\"tiwee\" data-generated-css=\"brz-css-shvxf\"><\/p>\n<p class=\"brz-css-dkogi\" data-uniq-id=\"ngqxo\" data-generated-css=\"brz-css-oairy\"><strong>Mapa de aeropuertos en Nuevo M\u00e9xico<\/strong><\/p>\n<p class=\"brz-css-oaxok\" data-uniq-id=\"qpdcx\" data-generated-css=\"brz-css-nkhuf\"><strong>Sitio web:<\/strong> https:\/\/nmdot.maps.arcgis.com\/apps\/webappviewer\/index.html?id=9873e34c2f0643bc9a75ae353f0371f9<\/p>\n<p class=\"brz-css-jydxr\" data-uniq-id=\"qoyzo\" data-generated-css=\"brz-css-hunzr\"><\/p>\n<p class=\"brz-css-qlayq\" data-uniq-id=\"xfeue\" data-generated-css=\"brz-css-gxxix\"><strong>Mapa de carreteras en Nuevo Mexico<\/strong><\/p>\n<p class=\"brz-css-brxap\" data-uniq-id=\"eoqxa\" data-generated-css=\"brz-css-xttze\"><strong>Sitio web:<\/strong> https:\/\/www.nmroads.com\/mapIndex.html?<\/p>\n<p class=\"brz-css-hgrux\" data-uniq-id=\"risfd\" data-generated-css=\"brz-css-ncmjd\"><\/p>\n<p class=\"brz-css-udjul\" data-uniq-id=\"iijgj\" data-generated-css=\"brz-css-jufng\"><strong>Viajes en globo en Albuquerque<\/strong><\/p>\n<p class=\"brz-css-ndfhn\" data-uniq-id=\"rsuwg\" data-generated-css=\"brz-css-gqjyf\"><strong>Direcci\u00f3n:<\/strong> 5601 Eagle Rock Avenue NE Albuquerque, NM 87113<\/p>\n<p class=\"brz-css-fjfsx\" data-uniq-id=\"flkgh\" data-generated-css=\"brz-css-cscpv\"><strong>Tel\u00e9fono:<\/strong> 800 725 2477<\/p>\n<p class=\"brz-css-texgy\" data-uniq-id=\"efesp\" data-generated-css=\"brz-css-vzdcl\"><strong>Sitio web:<\/strong><span> https:\/\/www.rainbowryders.com\/locations\/albuquerque\/<\/span><\/p>\n<p class=\"brz-css-junvw\" data-uniq-id=\"uebth\" data-generated-css=\"brz-css-txwcb\"><\/p>\n<p class=\"brz-css-yizqd\" data-uniq-id=\"ojsbq\" data-generated-css=\"brz-css-ixmdd\"><strong>Wheelchair Getaways of New Mexico<\/strong><\/p>\n<p class=\"brz-css-weucv\" data-uniq-id=\"gclpa\" data-generated-css=\"brz-css-pmjlt\">Renta de autos o vans para silla de ruedas.<\/p>\n<p class=\"brz-css-zxuld\" data-uniq-id=\"iemjp\" data-generated-css=\"brz-css-melgi\"><strong>Direcci\u00f3n:<\/strong> 1015 Tramway Lane NE, Albuquerque<\/p>\n<p class=\"brz-css-icdtg\" data-uniq-id=\"epujx\" data-generated-css=\"brz-css-wndaz\"><strong>Tel\u00e9fono: <\/strong>800\/408 2626 y 505\/247 2626<\/p>\n<p class=\"brz-css-lqyvn\" data-uniq-id=\"xocid\" data-generated-css=\"brz-css-qqnsd\"><strong>Sitio web: <\/strong><span>www.wheelchairgetaways.com<\/span><\/p>\n<p class=\"brz-css-bpekp\" data-uniq-id=\"fxcyc\" data-generated-css=\"brz-css-cxrlu\"><\/p>\n<p class=\"brz-css-vljnh\" data-uniq-id=\"qvqgk\" data-generated-css=\"brz-css-ozhmu\"><strong>The New Mexico Rail Runner Express (NMRX)<\/strong><\/p>\n<p class=\"brz-css-xaado\" data-uniq-id=\"dpqfi\" data-generated-css=\"brz-css-srbng\">Con 15 estaciones, el tren recorre las 100 millas de Rio Grande.<\/p>\n<p class=\"brz-css-wvopn\" data-uniq-id=\"tldgo\" data-generated-css=\"brz-css-mljdm\"><strong>Sitio web:<\/strong><span> https:\/\/www.riometro.org\/<\/span><\/p>\n<p class=\"brz-css-robuy\" data-uniq-id=\"quede\" data-generated-css=\"brz-css-qnwcx\"><\/p>\n<p class=\"brz-css-jkvnt\" data-uniq-id=\"whhlx\" data-generated-css=\"brz-css-adzti\"><strong>ABQ RIDE<\/strong><\/p>\n<p class=\"brz-css-xtrxn\" data-uniq-id=\"urziy\" data-generated-css=\"brz-css-qcaqs\">Ruta de autobuses urbanos en Albuquerque, tambi\u00e9n se puede descargar en app.<\/p>\n<p class=\"brz-css-bcyej\" data-uniq-id=\"pzqgj\" data-generated-css=\"brz-css-licen\"><strong>Sitio web:<\/strong> https:\/\/www.cabq.gov\/transit\/routes-and-schedules<\/p>\n<p class=\"brz-css-wgugl\" data-uniq-id=\"jclxl\" data-generated-css=\"brz-css-dbgmz\"><\/p>\n<p class=\"brz-css-wsily\" data-uniq-id=\"zdqsv\" data-generated-css=\"brz-css-pvdqe\"><strong>Greyhound\u00a0<\/strong><\/p>\n<p class=\"brz-css-yuibd\" data-uniq-id=\"xnulx\" data-generated-css=\"brz-css-tmoxn\">Autobuses con rutas desde Nuevo M\u00e9xico hacia Estados Unidos<\/p>\n<p class=\"brz-css-zuiux\" data-uniq-id=\"gpxog\" data-generated-css=\"brz-css-bjnds\"><strong>Sitio web:<\/strong><span> https:\/\/www.greyhound.com\/en-us\/bus-stations-in-new-mexico<\/span><\/p>\n<p class=\"brz-css-ffkvz\" data-uniq-id=\"qmlzv\" data-generated-css=\"brz-css-ufwkg\"><\/p>\n<p class=\"brz-css-ptfna\" data-uniq-id=\"hgfzu\" data-generated-css=\"brz-css-yixrz\"><strong>Albuquerque International Sunport (ABQ)<\/strong><\/p>\n<p class=\"brz-css-fspoc\" data-uniq-id=\"cdmgx\" data-generated-css=\"brz-css-slahv\"><strong>Direcci\u00f3n:<\/strong> 2200 Sunport Blvd, Albuquerque, NM 87106, Estados Unidos<\/p>\n<p class=\"brz-css-tixem\" data-uniq-id=\"vmrat\" data-generated-css=\"brz-css-koygm\"><strong>Tel\u00e9fono:<\/strong> 505 244 7700<\/p>\n<p class=\"brz-css-pknfb\" data-uniq-id=\"jgyfz\" data-generated-css=\"brz-css-iveyg\"><strong>Sitio web:<\/strong> https:\/\/www.abqsunport.com\/<\/p>\n<p class=\"brz-css-oaelg\" data-uniq-id=\"odwfd\" data-generated-css=\"brz-css-aryfe\"><\/p>\n<p class=\"brz-css-osdpc\" data-uniq-id=\"lofja\" data-generated-css=\"brz-css-mbtto\"><strong>Aeropuerto Municipal de Santa Fe<\/strong><\/p>\n<p class=\"brz-css-awjlw\" data-uniq-id=\"lweoj\" data-generated-css=\"brz-css-wlzcz\"><strong>Direcci\u00f3n:<\/strong> 121 Aviation Dr, Santa Fe, NM 87507, Estados Unidos<\/p>\n<p class=\"brz-css-tmhvf\" data-uniq-id=\"zoviv\" data-generated-css=\"brz-css-jdkhx\"><strong>Tel\u00e9fono: <\/strong>505 955 2900<\/p>\n<p class=\"brz-css-cszvg\" data-uniq-id=\"baire\" data-generated-css=\"brz-css-ydxyk\"><strong>Sitio web:<\/strong> https:\/\/www.santafenm.gov\/m\/airport<\/p>\n<p class=\"brz-css-xbgaz\" data-uniq-id=\"neeuh\" data-generated-css=\"brz-css-qmopq\"><\/p>\n<p class=\"brz-css-rgbgo\" data-uniq-id=\"jyjcy\" data-generated-css=\"brz-css-iyrss\"><strong>Las Cruces International Airport (LRU)<\/strong><\/p>\n<p class=\"brz-css-ydvjg\" data-uniq-id=\"nouez\" data-generated-css=\"brz-css-balia\"><strong>Direcci\u00f3n:<\/strong> 8990 Zia Blvd, Las Cruces, NM 88007, Estados Unidos<\/p>\n<p class=\"brz-css-yuvgy\" data-uniq-id=\"hxsod\" data-generated-css=\"brz-css-kfdtd\"><strong>Tel\u00e9fono: <\/strong>575 541 2471<\/p>\n<p class=\"brz-css-utrho\" data-uniq-id=\"wshem\" data-generated-css=\"brz-css-ehumn\"><strong>Sitio web:<\/strong> https:\/\/www.las-cruces.org\/\/1246\/Airport<\/p>\n<p class=\"brz-css-djcjo\" data-uniq-id=\"eshxc\" data-generated-css=\"brz-css-rrxxh\">\u00a0<\/p>\n<p class=\"brz-css-cynst\" data-uniq-id=\"ixeuh\" data-generated-css=\"brz-css-ofkui\"><strong>Double Eagle II Airport (AEG)<\/strong><\/p>\n<p class=\"brz-css-fhzsb\" data-uniq-id=\"eiacv\" data-generated-css=\"brz-css-mgerj\"><strong>Direcci\u00f3n:<\/strong> 7401 Paseo Del Volcan NW, Albuquerque, NM 87120, Estados Unidos<\/p>\n<p class=\"brz-css-godha\" data-uniq-id=\"tjheb\" data-generated-css=\"brz-css-ehkmb\"><strong>Tel\u00e9fono:<\/strong> 505 244 7888<\/p>\n<p class=\"brz-css-gorth\" data-uniq-id=\"kbyrg\" data-generated-css=\"brz-css-liaxz\"><strong>Sitio web:<\/strong><span> https:\/\/www.abqsunport.com\/double-eagle-ii-airport\/<\/span><\/p>\n<p class=\"brz-css-vdfiw\" data-uniq-id=\"ooerv\" data-generated-css=\"brz-css-huicf\"><\/p>\n<p class=\"brz-css-nqpng\" data-uniq-id=\"wlddp\" data-generated-css=\"brz-css-esmmk\"><strong>Los Alamos Airport<\/strong><\/p>\n<p class=\"brz-css-qcrgr\" data-uniq-id=\"rxeyl\" data-generated-css=\"brz-css-hmrro\"><strong>Direcci\u00f3n:<\/strong> 1040 Airport Rd, Los Alamos, NM 87544, Estados Unidos<\/p>\n<p class=\"brz-css-mdcjk\" data-uniq-id=\"hieaa\" data-generated-css=\"brz-css-nzfxi\"><strong>Tel\u00e9fono:<\/strong> 505 662 8420<\/p>\n<p class=\"brz-css-kdqnu\" data-uniq-id=\"dwhfd\" data-generated-css=\"brz-css-dxeim\"><strong>Sitio web:<\/strong><span> https:\/\/www.losalamosnm.us\/government\/departments\/public_works\/airport_division<\/span><\/p>\n<p class=\"brz-css-kzvvy\" data-uniq-id=\"eatfb\" data-generated-css=\"brz-css-jblgb\"><\/p>\n<p class=\"brz-css-qozjq\" data-uniq-id=\"whtuh\" data-generated-css=\"brz-css-ptjyz\"><strong>Aztec Municipal Airport<\/strong><\/p>\n<p class=\"brz-css-qorun\" data-uniq-id=\"ygcjs\" data-generated-css=\"brz-css-gzmhn\"><strong>Direcci\u00f3n: <\/strong>802 Airport Dr, Aztec, NM 87410, Estados Unidos<\/p>\n<p class=\"brz-css-dmxbc\" data-uniq-id=\"blpnd\" data-generated-css=\"brz-css-vltik\"><strong>Tel\u00e9fono:<\/strong> 505 334 7600<\/p>\n<p class=\"brz-css-mtukb\" data-uniq-id=\"qvxzq\" data-generated-css=\"brz-css-ngaoe\"><strong>Sitio web: <\/strong>http:\/\/www.aztecnm.gov\/airport\/index.html<\/p>\n<\/div>\n<\/div>\n<\/div>\n<\/div>\n<\/div>\n<\/div>\n<\/div>\n<\/div>\n<\/div>\n<\/section>\n<section data-uid=\"rveuamtmysvwswawebijahrjxkuxjvxlxelg\" id=\"rveuamtmysvwswawebijahrjxkuxjvxlxelg\" class=\"brz-section brz-css-igufl brz-css-kjqra\">\n<div class=\"brz-section__content brz-section--boxed brz-css-efvfe brz-css-wynll\" data-custom-id=\"jevxzucvdlfbjclqnoxdfdxufrptolgfwndq\">\n<div class=\"brz-bg overflow-hidden absolute top-0 left-0 w-full h-full\">\n<div class=\"brz-bg-map absolute top-0 left-0 w-full h-full\"><\/div>\n<\/div>\n<div class=\"brz-container brz-css-eevjf\">\n<div class=\"brz-css-hwrvt brz-wrapper\">\n<div class=\"brz-wp-shortcode brz-css-ozmpf\" data-custom-id=\"vaumvpxxskcrrqrhzkoxiwldmvtwaubzppkh\">\n<div><div class=\"twer-map-wrapper treweler-map-fw\" ><div class=\"twer-iframe-embed\" style=\"height:500px;\"><iframe loading=\"lazy\" class=\"twer-iframe\" src=\"https:\/\/tlatelolcounam.mx\/caminoreal\/treweler-map\/estado-de-mexico\/?tw=iframe&#038;twer-index=1&#038;twer-map-id=474&#038;twer-height=500px&#038;twer-type=fullwidth&#038;twer-scrollzoom=yes&#038;twer-width\"  frameborder=\"0\" title=\"Treweler Map\"><\/iframe><\/div><\/div><\/div>\n<\/div>\n<\/div>\n<\/div>\n<\/div>\n<\/section>\n<section data-uid=\"qkfzfeoawtxqqyvitadwfdeismrzfhwurmii\" id=\"qkfzfeoawtxqqyvitadwfdeismrzfhwurmii\" class=\"brz-section brz-css-igufl\">\n<div class=\"brz-section__content brz-section--boxed brz-css-efvfe brz-css-agtmi\" data-custom-id=\"furozkipdsfzporznemncmrldghyqktjhmgb\">\n<div class=\"brz-bg overflow-hidden absolute top-0 left-0 w-full h-full\">\n<div class=\"brz-bg-image absolute top-0 left-0 w-full h-full bg-no-repeat bg-cover\"><\/div>\n<div class=\"brz-bg-color absolute top-0 left-0 w-full h-full\"><\/div>\n<\/div>\n<div class=\"brz-container brz-css-eevjf\">\n<div class=\"brz-row__container brz-css-qefmt\" data-custom-id=\"achsreujasksizjbtnmshsdugxsmfrbryrvr\">\n<div class=\"brz-bg overflow-hidden absolute top-0 left-0 w-full h-full\"><\/div>\n<div class=\"brz-row brz-css-xfcmp brz-css-vvcsi\">\n<div class=\"brz-columns brz-css-mdjux brz-css-fchhe\" data-custom-id=\"zokmicasrntzzshjxniwzjkuppixtkmaqdzz\">\n<div class=\"brz-bg overflow-hidden absolute top-0 left-0 w-full h-full\"><\/div>\n<div class=\"brz-column__items brz-css-toyxg brz-css-ahnzm\">\n<div class=\"brz-css-hwrvt brz-css-czxbm brz-wrapper\">\n<div class=\"brz-image brz-css-qoyan\"><img decoding=\"async\" class=\"brz-img\" src=\"https:\/\/tlatelolcounam.mx\/caminoreal\/wp-content\/uploads\/brizy\/imgs\/logo-1-293x101x0x1x293x100x1642108354.png\" alt=\"\" loading=\"lazy\" \/><\/div>\n<\/div>\n<div class=\"brz-css-hwrvt brz-css-wbrlu brz-wrapper\">\n<div class=\"brz-spacer brz-css-xocgc brz-css-xdyzv\"><\/div>\n<\/div>\n<div class=\"brz-css-hwrvt brz-wrapper\">\n<div class=\"brz-rich-text brz-rich-text__custom brz-css-bqicu\" data-custom-id=\"kywuxuscztrrhlidoxrxnbhrmlsoucwdrdvp\">\n<div>\n<p class=\"brz-css-dswte\" data-uniq-id=\"euomf\" data-generated-css=\"brz-css-qlfmh\"><span>Ricardo Flores Mag\u00f3n 1. <\/span><\/p>\n<p class=\"brz-css-vdaxo\" data-uniq-id=\"fkrdx\" data-generated-css=\"brz-css-lepkg\"><span>Col. Nonoalco-Tlatelolco C.P. 06995. <\/span><\/p>\n<p class=\"brz-css-cywlg\" data-uniq-id=\"gutxj\" data-generated-css=\"brz-css-zxvpu\"><span>ccutlatelolco@gmail.com<\/span><\/p>\n<p class=\"brz-css-vqgwj\" data-generated-css=\"brz-css-fwbyw\" data-uniq-id=\"yzdzu\"><span>5117 2818 ext. 49613<\/span><\/p>\n<\/div>\n<\/div>\n<\/div>\n<\/div>\n<\/div>\n<div class=\"brz-columns brz-css-mdjux brz-css-xcpen\" data-custom-id=\"ueceosewmvdlocaoiccxqzaqsdrbhugdlqwp\">\n<div class=\"brz-bg overflow-hidden absolute top-0 left-0 w-full h-full\"><\/div>\n<div class=\"brz-column__items brz-css-toyxg\">\n<div class=\"brz-css-hwrvt brz-wrapper\">\n<div class=\"brz-rich-text brz-rich-text__custom brz-css-bqicu\" data-custom-id=\"yieydbdefqqzosmqedrukrhhuflrrnwhnfme\">\n<div>\n<p class=\"brz-css-zbokj\" data-uniq-id=\"pdybz\" data-generated-css=\"brz-css-custc\"><span>M\u00e1s sobre el CCUT<\/span><\/p>\n<\/div>\n<\/div>\n<\/div>\n<div class=\"brz-css-hwrvt brz-css-wbrlu brz-wrapper\">\n<div class=\"brz-spacer brz-css-xocgc brz-css-yfzgw\"><\/div>\n<\/div>\n<div class=\"brz-css-hwrvt brz-wrapper\">\n<div class=\"brz-rich-text brz-rich-text__custom brz-css-bqicu\" data-custom-id=\"ynfeweewrtxixsrhnduzblhwsykqywcbwrbd\">\n<div>\n<p class=\"brz-css-tfnhw\" data-uniq-id=\"frwjr\" data-generated-css=\"brz-css-laqsj\"><span>Seminario <\/span><\/p>\n<p class=\"brz-css-ycald\" data-uniq-id=\"vnkoo\" data-generated-css=\"brz-css-dmrvc\"><span>Memorias<\/span><\/p>\n<p class=\"brz-css-oywmr\" data-uniq-id=\"dcvrt\" data-generated-css=\"brz-css-bwatq\"><span>Resistencias<\/span><\/p>\n<p class=\"brz-css-niuhn\" data-generated-css=\"brz-css-vpotn\" data-uniq-id=\"xkgby\"><span>Comunidades<\/span><\/p>\n<\/div>\n<\/div>\n<\/div>\n<div class=\"brz-css-hwrvt brz-wrapper\">\n<div class=\"brz-rich-text brz-rich-text__custom brz-css-bqicu\" data-custom-id=\"imzwziqzkzgaummubqbkvghlpqnmykoyscdr\">\n<div>\n<p class=\"brz-css-edpqq\" data-uniq-id=\"icvhm\" data-generated-css=\"brz-css-gzhjx\"><\/p>\n<\/div>\n<\/div>\n<\/div>\n<\/div>\n<\/div>\n<div class=\"brz-columns brz-css-mdjux brz-css-xjmjj\" data-custom-id=\"vweavhhwtywjlvwtobzunrtkfybgszsfwmoi\">\n<div class=\"brz-bg overflow-hidden absolute top-0 left-0 w-full h-full\"><\/div>\n<div class=\"brz-column__items brz-css-toyxg\">\n<div class=\"brz-css-hwrvt brz-wrapper\">\n<div class=\"brz-rich-text brz-rich-text__custom brz-css-bqicu\" data-custom-id=\"yuqipqqugxqfpjpkfcexpwembqsekzhvzpjf\">\n<div>\n<p class=\"brz-css-ufmwz\" data-uniq-id=\"wbckk\" data-generated-css=\"brz-css-akbyj\"><span class=\"brz-cp-color8\">S\u00edguenos<\/span><\/p>\n<\/div>\n<\/div>\n<\/div>\n<div class=\"brz-css-hwrvt brz-css-wbrlu brz-wrapper\">\n<div class=\"brz-spacer brz-css-xocgc brz-css-gjlnu\"><\/div>\n<\/div>\n<div class=\"brz-css-hwrvt brz-css-vqwsa brz-wrapper\">\n<div class=\"brz-icon-text brz-css-pyiuq brz-css-utbqe\" data-custom-id=\"hydbwhzcpvjqiiorwlilgqxqftkxpkwkywsj\">\n<div id class=\"brz-icon__container\" data-custom-id=\"uqxskthsztuwpwwoqfqmhvqdknuvatiyuwqk\"><span class=\"brz-icon brz-span brz-css-xbirw brz-css-jqjpn\"><\/span><\/div>\n<div class=\"brz-text-btn\">\n<div class=\"brz-rich-text brz-rich-text__custom brz-css-bqicu\" data-custom-id=\"bgkyxrvclbbxxythvkxjtgqxdhzzsnwwrkmq\">\n<div>\n<p class=\"brz-css-ekzoz\"><span>Twitter<\/span><\/p>\n<\/div>\n<\/div>\n<\/div>\n<\/div>\n<\/div>\n<div class=\"brz-css-hwrvt brz-css-yneos brz-wrapper\">\n<div class=\"brz-icon-text brz-css-pyiuq brz-css-ilggp\" data-custom-id=\"jabsrjtzzoxfchshzqqtimtttlnkjsnwskkq\">\n<div id class=\"brz-icon__container\" data-custom-id=\"cdxdzmlnscinzsmwffqlxwmqhplmzbhprxza\"><span class=\"brz-icon brz-span brz-css-xbirw brz-css-givqo\"><\/span><\/div>\n<div class=\"brz-text-btn\">\n<div class=\"brz-rich-text brz-rich-text__custom brz-css-bqicu\" data-custom-id=\"txxspklpmzyaxsjzabzltuhbhneozicfdhup\">\n<div>\n<p class=\"brz-css-sjqwa\"><span>Facebook<\/span><\/p>\n<\/div>\n<\/div>\n<\/div>\n<\/div>\n<\/div>\n<div class=\"brz-css-hwrvt brz-wrapper\">\n<div class=\"brz-icon-text brz-css-pyiuq brz-css-ctoqb\" data-custom-id=\"evbxwngmaedzgcjttyjbxbrqilvezuyjizmm\">\n<div id class=\"brz-icon__container\" data-custom-id=\"gburckwvhlgdxkgngoywxugovxipiwturtcd\"><span class=\"brz-icon brz-span brz-css-xbirw brz-css-dackp\"><\/span><\/div>\n<div class=\"brz-text-btn\">\n<div class=\"brz-rich-text brz-rich-text__custom brz-css-bqicu\" data-custom-id=\"cxbjqcvvcsyicwjnumpamepblkgqnskdfjka\">\n<div>\n<p class=\"brz-css-nrqdn\"><span>Youtube<\/span><\/p>\n<\/div>\n<\/div>\n<\/div>\n<\/div>\n<\/div>\n<\/div>\n<\/div>\n<\/div>\n<\/div>\n<div class=\"brz-css-hwrvt brz-wrapper\">\n<div class=\"brz-image brz-css-ygzzb\"><img decoding=\"async\" class=\"brz-img\" src=\"https:\/\/tlatelolcounam.mx\/caminoreal\/wp-content\/uploads\/brizy\/imgs\/escudo-firma-176x88x0x0x176x88x1642108760.png\" alt=\"\" loading=\"lazy\" \/><\/div>\n<\/div>\n<div class=\"brz-css-hwrvt brz-css-mtvwq brz-wrapper\">\n<div class=\"brz-line brz-line-default brz-css-wrnkn brz-css-kohbo\" data-custom-id=\"wguunchwyulhdtykgwtenhecrqcyxgzhcexc\">\n<hr class=\"brz-hr\" \/><\/div>\n<\/div>\n<div class=\"brz-css-hwrvt brz-wrapper\">\n<div class=\"brz-rich-text brz-rich-text__custom brz-css-bqicu\" data-custom-id=\"ltuintpcpfoaywaqxegggkzizlpptgxtiful\">\n<div>\n<p class=\"brz-css-dcrzj\" data-uniq-id=\"yqtzc\" data-generated-css=\"brz-css-kwjoz\"><span>Esta p\u00e1gina y el contenido de la misma se encuentran protegidos por propiedad intelectual, confidencialidad entre las partes, as\u00ed como por normativa general y universitaria vigente de Transparencia, Acceso a la Informaci\u00f3n P\u00fablica y Protecci\u00f3n de Datos Personales. UNAM-CCUT.<\/span><\/p>\n<\/div>\n<\/div>\n<\/div>\n<\/div>\n<\/div>\n<\/section>\n<\/div>\n<p><!-- version:1673311262 --><\/p>\n","protected":false},"excerpt":{"rendered":"<p>Inicio Estados Historia NUEVO M\u00c9XICO Transporte La mayor\u00eda de las ciudades de Nuevo M\u00e9xico tiene transporte p\u00fablico sin embargo toma en cuenta otro tipo de transporte como la renta de auto ya que puedes recorrer sus 314.917 km en carretera y descubrir paisajes coloridos, desiertos inmensos y monumentos hist\u00f3ricos \u00fanicos. Adem\u00e1s puedes hacer actividades en [&hellip;]<\/p>\n","protected":false},"author":3,"featured_media":0,"parent":1088,"menu_order":0,"comment_status":"closed","ping_status":"closed","template":"brizy-blank-template.php","meta":{"footnotes":""},"class_list":["post-8200","page","type-page","status-publish","hentry"],"_links":{"self":[{"href":"https:\/\/tlatelolcounam.mx\/caminoreal\/wp-json\/wp\/v2\/pages\/8200","targetHints":{"allow":["GET"]}}],"collection":[{"href":"https:\/\/tlatelolcounam.mx\/caminoreal\/wp-json\/wp\/v2\/pages"}],"about":[{"href":"https:\/\/tlatelolcounam.mx\/caminoreal\/wp-json\/wp\/v2\/types\/page"}],"author":[{"embeddable":true,"href":"https:\/\/tlatelolcounam.mx\/caminoreal\/wp-json\/wp\/v2\/users\/3"}],"replies":[{"embeddable":true,"href":"https:\/\/tlatelolcounam.mx\/caminoreal\/wp-json\/wp\/v2\/comments?post=8200"}],"version-history":[{"count":17,"href":"https:\/\/tlatelolcounam.mx\/caminoreal\/wp-json\/wp\/v2\/pages\/8200\/revisions"}],"predecessor-version":[{"id":43409,"href":"https:\/\/tlatelolcounam.mx\/caminoreal\/wp-json\/wp\/v2\/pages\/8200\/revisions\/43409"}],"up":[{"embeddable":true,"href":"https:\/\/tlatelolcounam.mx\/caminoreal\/wp-json\/wp\/v2\/pages\/1088"}],"wp:attachment":[{"href":"https:\/\/tlatelolcounam.mx\/caminoreal\/wp-json\/wp\/v2\/media?parent=8200"}],"curies":[{"name":"wp","href":"https:\/\/api.w.org\/{rel}","templated":true}]}}