{"id":5044,"date":"2022-05-03T12:00:25","date_gmt":"2022-05-03T12:00:25","guid":{"rendered":"https:\/\/tlatelolcounam.mx\/caminoreal\/?page_id=5044"},"modified":"2025-08-12T04:41:48","modified_gmt":"2025-08-12T04:41:48","slug":"queretaroarqueologicos","status":"publish","type":"page","link":"https:\/\/tlatelolcounam.mx\/caminoreal\/queretaroarqueologicos\/","title":{"rendered":"Quer\u00e9taro Sitios arqueol\u00f3gicos"},"content":{"rendered":"<div class=\"brz-root__container brz-reset-all\">\n<section data-uid=\"cdkeghlziiohoukivthemcomadlvolvjzyzx\" id=\"cdkeghlziiohoukivthemcomadlvolvjzyzx\" class=\"brz-section brz-css-edcfz\">\n<div class=\"brz-section__content brz-section--boxed brz-css-vvqho brz-css-cuhjr\" data-custom-id=\"kxtylskpqchveijjrewfnyruqtatzgwljyzm\">\n<div class=\"brz-container brz-css-pudty\">\n<div class=\"brz-row__container brz-css-rcuyu\" data-custom-id=\"tnecfxcdykoambyuufnshbafyloyrkvzbfkf\">\n<div class=\"brz-bg overflow-hidden absolute top-0 left-0 w-full h-full\"><\/div>\n<div class=\"brz-row brz-css-ghyfi brz-css-fltzr\">\n<div class=\"brz-columns brz-css-yrkah brz-css-ujvmu\" data-custom-id=\"epxscrxbxahcngbhbcghkwdykelzrjhfzqft\">\n<div class=\"brz-bg overflow-hidden absolute top-0 left-0 w-full h-full\"><\/div>\n<div class=\"brz-column__items brz-css-bvxsi brz-css-jvsyt\">\n<div class=\"brz-css-mmecr brz-css-ifyfj brz-wrapper\">\n<div class=\"brz-image brz-css-pmwuy brz-css-nxwwj\"><img decoding=\"async\" class=\"brz-img\" src=\"https:\/\/tlatelolcounam.mx\/caminoreal\/wp-content\/uploads\/2022\/01\/logo.png\" alt=\"\" loading=\"lazy\" \/><\/div>\n<\/div>\n<\/div>\n<\/div>\n<div class=\"brz-columns brz-css-yrkah brz-css-zsoja\" data-custom-id=\"pzxzuttxxgqksrrdgcwhaktqjdmukvkhahfe\">\n<div class=\"brz-bg overflow-hidden absolute top-0 left-0 w-full h-full\"><\/div>\n<div class=\"brz-column__items brz-css-bvxsi brz-css-ymohc\">\n<div class=\"brz-css-mmecr brz-wrapper\">\n<div class=\"brz-menu__container brz-css-vrdrd\" data-mmenu-id=\"#kvlsoqrwzomxqqmpmzicdtqofwwzhhkhgajx\" data-mmenu-position=\"position-left\" data-mmenu-title=\"Menu\" data-mmenu-stickytitle=\"on\" data-custom-id=\"xbqtfmrcedukngnyygmfwgkwektymnnnuzxj\">\n<nav class=\"brz-menu brz-menu__preview brz-css-yqcad\">\n<ul class=\"brz-menu__ul\" data-menu-items-active=\"\">\n<li class=\"brz-menu__item\" data-menu-item-id=\"a45e250d979c9b3c26fe6917797cc038\"><a class=\"brz-a menu-item menu-item-type-post_type menu-item-object-page menu-item-home\" href=\"https:\/\/tlatelolcounam.mx\/caminoreal\/\" data-brz-link-type=\"external\" id><span class=\"brz-span\">Inicio<\/span><\/a><\/li>\n<li class=\"brz-menu__item brz-menu__item-dropdown\" data-menu-item-id=\"ba4a85012b5365c17cdf357587076276\"><a class=\"brz-a brz-anchor menu-item menu-item-type-custom menu-item-object-custom\" href=\"#\" data-brz-link-type=\"anchor\" id><span class=\"brz-span\">Estados<\/span><\/a><\/li>\n<li class=\"brz-menu__item\" data-menu-item-id=\"d3c0c655631b120767a40bd0aed90e47\"><a class=\"brz-a menu-item menu-item-type-post_type menu-item-object-page\" href=\"https:\/\/tlatelolcounam.mx\/caminoreal\/historia\/\" data-brz-link-type=\"external\" id><span class=\"brz-span\">Historia<\/span><\/a><\/li>\n<\/ul>\n<\/nav>\n<div class=\"brz-mm-menu__icon\">\n<\/div>\n<\/div>\n<\/div>\n<\/div>\n<\/div>\n<\/div>\n<\/div>\n<\/div>\n<\/div>\n<\/section>\n<section data-uid=\"dokjzmexqunazctbloammypxiyzspbnjdvyj\" id=\"dokjzmexqunazctbloammypxiyzspbnjdvyj\" class=\"brz-section brz-css-edcfz\">\n<div class=\"brz-section__content brz-section--fullWidth brz-css-vvqho brz-css-cipfa\" data-custom-id=\"ofodesxequsppebghdddegirgebmibqoghuq\">\n<div class=\"brz-container brz-css-pudty brz-css-kscqg\">\n<div class=\"brz-row__container brz-css-rcuyu\" data-custom-id=\"utyrubatiicuodtfdrsdwpqylqelgarpuuon\">\n<div class=\"brz-bg overflow-hidden absolute top-0 left-0 w-full h-full\"><\/div>\n<div class=\"brz-row brz-css-ghyfi brz-css-fltzr\">\n<div class=\"brz-columns brz-css-yrkah brz-css-xvdsf\" data-custom-id=\"bwhvzqizgbjedpjcxsmqwrqrinyzgjbgspsj\">\n<div class=\"brz-bg overflow-hidden absolute top-0 left-0 w-full h-full\">\n<div class=\"brz-bg-image absolute top-0 left-0 w-full h-full bg-no-repeat bg-cover\"><\/div>\n<div class=\"brz-bg-color absolute top-0 left-0 w-full h-full\"><\/div>\n<\/div>\n<div class=\"brz-column__items brz-css-bvxsi brz-css-aoczq\">\n<div class=\"brz-css-mmecr brz-wrapper\">\n<div class=\"brz-rich-text brz-rich-text__custom brz-css-dsqtz\" data-custom-id=\"rmkavutdxadvfbehhzrsavymlyhdishhqtov\">\n<div>\n<p class=\"brz-css-hgmfq\" data-uniq-id=\"ttryb\" data-generated-css=\"brz-css-nmssp\"><strong class=\"brz-capitalize-on\">Quer\u00e9taro<\/strong><\/p>\n<\/div>\n<\/div>\n<\/div>\n<div class=\"brz-css-mmecr brz-wrapper\">\n<div class=\"brz-rich-text brz-rich-text__custom brz-css-dsqtz\" data-custom-id=\"wzbzetkhiszvqowohijpzfyjpuluanfvszlt\">\n<div>\n<p class=\"brz-css-jitte\" data-generated-css=\"brz-css-kxsao\" data-uniq-id=\"gczhr\"><\/p>\n<\/div>\n<\/div>\n<\/div>\n<div class=\"brz-css-mmecr brz-wrapper\">\n<div class=\"brz-rich-text brz-rich-text__custom brz-css-dsqtz\" data-custom-id=\"knfetqytabyhxjrrcgzlumjaxtipodlkwcgb\">\n<div>\n<p class=\"brz-css-aozgl\" data-generated-css=\"brz-css-orjfy\" data-uniq-id=\"pnpbm\"><\/p>\n<\/div>\n<\/div>\n<\/div>\n<div class=\"brz-css-mmecr brz-wrapper\">\n<div class=\"brz-rich-text brz-rich-text__custom brz-css-dsqtz\" data-custom-id=\"vfugfptriilugypdstzdhmkzclovlholtlus\">\n<div>\n<p class=\"brz-css-xstmw\" data-uniq-id=\"umftn\" data-generated-css=\"brz-css-zlxoo\"><strong>Sitios arqueol\u00f3gicos<\/strong><\/p>\n<\/div>\n<\/div>\n<\/div>\n<\/div>\n<\/div>\n<\/div>\n<\/div>\n<\/div>\n<\/div>\n<\/section>\n<section data-uid=\"vkkdmiywdorcuowqdwgtdcgpjevosqiqxbqd\" id=\"vkkdmiywdorcuowqdwgtdcgpjevosqiqxbqd\" class=\"brz-section brz-css-edcfz\">\n<div class=\"brz-section__content brz-section--boxed brz-css-vvqho brz-css-vakwi\" data-custom-id=\"tmgrfkcjjliasesblgtfjhoqvkheinubntyp\">\n<div class=\"brz-container brz-css-pudty brz-css-cbsmz\">\n<div class=\"brz-row__container brz-css-rcuyu brz-css-irdre\" data-custom-id=\"gzlgajiyfttcybycbsyxjlfsqcygrvwauoch\">\n<div class=\"brz-bg overflow-hidden absolute top-0 left-0 w-full h-full\"><\/div>\n<div class=\"brz-row brz-css-ghyfi brz-css-fltzr\">\n<div class=\"brz-columns brz-css-yrkah brz-css-okpnv\" data-custom-id=\"trodzlkflatsxujkfexaatitoryhckyjdufn\">\n<div class=\"brz-bg overflow-hidden absolute top-0 left-0 w-full h-full\"><\/div>\n<div class=\"brz-column__items brz-css-bvxsi brz-css-phzhq\">\n<div class=\"brz-css-mmecr brz-css-jwsng brz-wrapper\">\n<div class=\"brz-rich-text brz-rich-text__custom brz-css-dsqtz\" data-custom-id=\"zcnrzghmhwagpfbusurpjiwbsqrthheacpbf\">\n<div>\n<h4 class=\"brz-css-gwkby\" data-generated-css=\"brz-css-sxleu\" data-uniq-id=\"rhnzm\"><span>En Quer\u00e9taro hay cuatro zonas arqueol\u00f3gicas importantes: Ranas, Toluquilla y Tancama ubicadas en la Sierra Gorda, y El Cerrito que se encuentra en el municipio de Corregidora. Existe otra zona arqueol\u00f3gica ubicada en San Juan del R\u00edo, cuyos vestigios se encuentran debajo del barrio de La Cruz.<\/span><\/h4>\n<\/div>\n<\/div>\n<\/div>\n<div class=\"brz-css-mmecr brz-wrapper\">\n<div class=\"brz-line brz-line-default brz-css-cgmko brz-css-kpcen\" data-custom-id=\"oiylncxxqujzrfzlklyduvybhjjugzclpvnr\">\n<hr class=\"brz-hr\" \/><\/div>\n<\/div>\n<div class=\"brz-css-mmecr brz-css-nqszg brz-wrapper\">\n<div class=\"brz-rich-text brz-rich-text__custom brz-css-dsqtz\" data-custom-id=\"lcgevqoeculhwpiscbnnkzkzwhcfsbujhquw\">\n<div>\n<p class=\"brz-css-ohgyd\" data-generated-css=\"brz-css-zsvox\" data-uniq-id=\"vwwyf\"><strong>Zona Arqueol\u00f3gica del Cerro y Barrio de La Cruz<\/strong><\/p>\n<p class=\"brz-css-fbcse\" data-generated-css=\"brz-css-qdwqb\" data-uniq-id=\"ekjjm\"><span>Esta zona arqueol\u00f3gica se localiza junto al r\u00edo de San Juan, justo al sur de la ciudad. La mayor\u00eda de los vestigios de este asentamiento prehisp\u00e1nico ahora se encuentran bajo las calles y casas del barrio de la Cruz.<\/span><\/p>\n<p class=\"brz-css-muoma\" data-generated-css=\"brz-css-jfxvm\" data-uniq-id=\"cjzdg\"><strong>Direcci\u00f3n:<\/strong><span> Nogales 3, La Cruz, 76800 San Juan del R\u00edo, Quer\u00e9taro.<\/span><\/p>\n<p class=\"brz-css-jkgex\" data-generated-css=\"brz-css-igdxg\" data-uniq-id=\"xgslh\"><\/p>\n<p class=\"brz-css-gbase\" data-generated-css=\"brz-css-hxhdg\" data-uniq-id=\"fghie\"><strong>El Cerrito<\/strong><\/p>\n<p class=\"brz-css-mjvkn\" data-generated-css=\"brz-css-tbzgh\" data-uniq-id=\"thdds\"><span>Se localiza a siete kil\u00f3metros al suroeste del centro hist\u00f3rico de la ciudad de Quer\u00e9taro, antes de llegar a la cabecera municipal de Corregidora. <\/span><\/p>\n<p class=\"brz-css-komlc\" data-generated-css=\"brz-css-cjkyw\" data-uniq-id=\"fdufn\"><strong>Sitio web: <\/strong><span>https:\/\/inah.gob.mx\/zonas\/122-zona-arqueologica-el-cerrito<\/span><\/p>\n<p class=\"brz-css-ylcur\" data-generated-css=\"brz-css-lvhnb\" data-uniq-id=\"bseaz\"><\/p>\n<p class=\"brz-css-ipset\" data-generated-css=\"brz-css-xkssq\" data-uniq-id=\"gvxpe\"><strong>Ranas<\/strong><\/p>\n<p class=\"brz-css-ucome\" data-generated-css=\"brz-css-hqmzr\" data-uniq-id=\"fremf\"><span>Se localiza al noroeste de la ciudad de Quer\u00e9taro a una distancia de 154 kil\u00f3metros. Se llega a \u00e9l por la carretera federal 120 hasta la poblaci\u00f3n de Vizarr\u00f3n de Montes. Es un sitio asociado a la explotaci\u00f3n de la riqueza minera de mayor envergadura de la Sierra Gorda: el cinabrio, que jug\u00f3 un papel relevante por ser un pigmento de gran demanda entre los pueblos mesoamericanos.<\/span><\/p>\n<p class=\"brz-css-ygctl\" data-generated-css=\"brz-css-wdjkf\" data-uniq-id=\"kbmrl\"><strong>Sitio web: <\/strong><span>https:\/\/sic.cultura.gob.mx\/ficha.php?table=zona_arqueologica&amp;table_id=86<\/span><\/p>\n<p class=\"brz-css-jgemn\" data-generated-css=\"brz-css-wgdvx\" data-uniq-id=\"rbbau\"><\/p>\n<p class=\"brz-css-coyqf\" data-generated-css=\"brz-css-krnal\" data-uniq-id=\"uzjqq\"><strong>Toluquilla<\/strong><\/p>\n<p class=\"brz-css-jihpq\" data-generated-css=\"brz-css-dqsps\" data-uniq-id=\"xbkik\"><span>Se localiza a unos 110 kil\u00f3metros al noroeste de San Juan del R\u00edo. Su acceso es por la carretera 120 hasta llegar al poblado de Vizarr\u00f3n, m\u00e1s adelante a unos 7 kil\u00f3metros est\u00e1 la desviaci\u00f3n a San Joaqu\u00edn. El sitio se halla enclavado sobre una meseta alargada que fue modelada con rellenos de piedra y lodo; tiene excavaciones que forman superficies planas a diferentes niveles, sobre las cuales la ciudad fue erigida siguiendo el eje del cerro. Consta de tres ejes de circulaci\u00f3n y cuatro juegos de pelota.<\/span><\/p>\n<p class=\"brz-css-byvik\" data-generated-css=\"brz-css-oudcr\" data-uniq-id=\"kemop\"><strong>Sitio web:<\/strong><span> https:\/\/www.inah.gob.mx\/zonas\/187-zona-arqueologica-de-toluquilla<\/span><\/p>\n<p class=\"brz-css-gilqa\" data-generated-css=\"brz-css-gciok\" data-uniq-id=\"jhbkj\"><strong>Recorrido virtual:<\/strong><span> https:\/\/inah.gob.mx\/paseos\/toluquilla\/Toluquilla.html<\/span><\/p>\n<p class=\"brz-css-tgdny\" data-generated-css=\"brz-css-fvfzl\" data-uniq-id=\"xaxmz\"><span> <\/span><\/p>\n<p class=\"brz-css-psuyr\" data-generated-css=\"brz-css-rflge\" data-uniq-id=\"gggok\"><strong>Tancama<\/strong><\/p>\n<p class=\"brz-css-txwtz\" data-generated-css=\"brz-css-vuzcd\" data-uniq-id=\"odtkn\"><span>Se localiza en el coraz\u00f3n de la Sierra Gorda de Quer\u00e9taro, aproximadamente a 13 kil\u00f3metros de la Delegaci\u00f3n Municipal Rinc\u00f3n de Tancama.<\/span><\/p>\n<p class=\"brz-css-hfwlj\" data-generated-css=\"brz-css-maxlj\" data-uniq-id=\"icqgw\"><strong>Sitio web: <\/strong><span>https:\/\/sic.cultura.gob.mx\/ficha.php?table=zona_arqueologica&amp;table_id=194\/<\/span><\/p>\n<p class=\"brz-css-zwbdt\" data-generated-css=\"brz-css-atzex\" data-uniq-id=\"sjtmz\"><\/p>\n<p class=\"brz-css-jakac\" data-generated-css=\"brz-css-yxkod\" data-uniq-id=\"gratp\"><strong class=\"brz-capitalize-on\">Vestigios del Camino Real de Tierra Adentro<\/strong><\/p>\n<p class=\"brz-css-tnojc\" data-generated-css=\"brz-css-xgdkl\" data-uniq-id=\"anbtf\"><strong>Puente de la Historia<\/strong><\/p>\n<p class=\"brz-css-awkde\" data-generated-css=\"brz-css-ddtht\" data-uniq-id=\"gnpcq\"><span>Obra del arquitecto espa\u00f1ol Pedro de Arrieta, es un vestigio de lo que fuera el Camino Real.<\/span><\/p>\n<p class=\"brz-css-qyijc\" data-generated-css=\"brz-css-aisyh\" data-uniq-id=\"fovdr\"><strong>Direcci\u00f3n:<\/strong><span> Avenida Lic. Benito Ju\u00e1rez Poniente, s\/n, colonia Centro.<\/span><\/p>\n<p class=\"brz-css-kmivx\" data-generated-css=\"brz-css-rclsp\" data-uniq-id=\"qdpos\"><strong>Horario:<\/strong><span> Abierto las 24 horas.<\/span><\/p>\n<p class=\"brz-css-wwzwx\" data-generated-css=\"brz-css-ciszh\" data-uniq-id=\"gaucr\"><\/p>\n<p class=\"brz-css-nyxvk\" data-generated-css=\"brz-css-kmzwu\" data-uniq-id=\"ebdpt\"><strong>Acueducto de Quer\u00e9taro<\/strong><\/p>\n<p class=\"brz-css-mqkwh\" data-generated-css=\"brz-css-xvsol\" data-uniq-id=\"nyzuc\"><span>Construidos entre 1726 y 1735, se usaban para abastecer de agua a toda la ciudad, misma que era proveniente del manantial Ojo de Agua del Capul\u00edn. Actualmente s\u00f3lo es un atractivo tur\u00edstico que se ha integrado a la modernizaci\u00f3n de la ciudad.<\/span><\/p>\n<p class=\"brz-css-exemy\" data-generated-css=\"brz-css-dkyhu\" data-uniq-id=\"ppilm\"><strong>Direcci\u00f3n:<\/strong><span> Calzada de los Arcos, s\/n, colonia Bosques de Acueducto. <\/span><\/p>\n<p class=\"brz-css-fmjnv\" data-generated-css=\"brz-css-uwarn\" data-uniq-id=\"qlnnf\"><strong>Horario:<\/strong><span> Abierto las 24 horas.<\/span><\/p>\n<\/div>\n<\/div>\n<\/div>\n<\/div>\n<\/div>\n<\/div>\n<\/div>\n<div class=\"brz-css-mmecr brz-css-bgwre brz-css-mzaot brz-wrapper\">\n<div class=\"brz-spacer brz-css-oovtg brz-css-tkwxr\"><\/div>\n<\/div>\n<\/div>\n<\/div>\n<\/section>\n<section data-uid=\"rveuamtmysvwswawebijahrjxkuxjvxlxelg\" id=\"rveuamtmysvwswawebijahrjxkuxjvxlxelg\" class=\"brz-section brz-css-edcfz brz-css-zlknm\">\n<div class=\"brz-section__content brz-section--boxed brz-css-vvqho brz-css-puuww\" data-custom-id=\"jevxzucvdlfbjclqnoxdfdxufrptolgfwndq\">\n<div class=\"brz-bg overflow-hidden absolute top-0 left-0 w-full h-full\">\n<div class=\"brz-bg-map absolute top-0 left-0 w-full h-full\"><\/div>\n<\/div>\n<div class=\"brz-container brz-css-pudty\">\n<div class=\"brz-css-mmecr brz-wrapper\">\n<div class=\"brz-wp-shortcode brz-css-nvbrt\" data-custom-id=\"vaumvpxxskcrrqrhzkoxiwldmvtwaubzppkh\">\n<div><div class=\"twer-map-wrapper treweler-map-fw\" ><div class=\"twer-iframe-embed\" style=\"height:500px;\"><iframe loading=\"lazy\" class=\"twer-iframe\" src=\"https:\/\/tlatelolcounam.mx\/caminoreal\/treweler-map\/estado-de-mexico\/?tw=iframe&#038;twer-index=1&#038;twer-map-id=474&#038;twer-height=500px&#038;twer-type=fullwidth&#038;twer-scrollzoom=yes&#038;twer-width\"  frameborder=\"0\" title=\"Treweler Map\"><\/iframe><\/div><\/div><\/div>\n<\/div>\n<\/div>\n<\/div>\n<\/div>\n<\/section>\n<section data-uid=\"qkfzfeoawtxqqyvitadwfdeismrzfhwurmii\" id=\"qkfzfeoawtxqqyvitadwfdeismrzfhwurmii\" class=\"brz-section brz-css-edcfz\">\n<div class=\"brz-section__content brz-section--boxed brz-css-vvqho brz-css-blyjh\" data-custom-id=\"furozkipdsfzporznemncmrldghyqktjhmgb\">\n<div class=\"brz-bg overflow-hidden absolute top-0 left-0 w-full h-full\">\n<div class=\"brz-bg-image absolute top-0 left-0 w-full h-full bg-no-repeat bg-cover\"><\/div>\n<div class=\"brz-bg-color absolute top-0 left-0 w-full h-full\"><\/div>\n<\/div>\n<div class=\"brz-container brz-css-pudty\">\n<div class=\"brz-row__container brz-css-rcuyu\" data-custom-id=\"achsreujasksizjbtnmshsdugxsmfrbryrvr\">\n<div class=\"brz-bg overflow-hidden absolute top-0 left-0 w-full h-full\"><\/div>\n<div class=\"brz-row brz-css-ghyfi brz-css-fltzr\">\n<div class=\"brz-columns brz-css-yrkah brz-css-yoabl\" data-custom-id=\"zokmicasrntzzshjxniwzjkuppixtkmaqdzz\">\n<div class=\"brz-bg overflow-hidden absolute top-0 left-0 w-full h-full\"><\/div>\n<div class=\"brz-column__items brz-css-bvxsi brz-css-xvhwv\">\n<div class=\"brz-css-mmecr brz-css-qymxe brz-wrapper\">\n<div class=\"brz-image brz-css-sooti\"><img decoding=\"async\" class=\"brz-img\" src=\"https:\/\/tlatelolcounam.mx\/caminoreal\/wp-content\/uploads\/brizy\/imgs\/logo-1-293x101x0x1x293x100x1642108354.png\" alt=\"\" loading=\"lazy\" \/><\/div>\n<\/div>\n<div class=\"brz-css-mmecr brz-css-bgwre brz-wrapper\">\n<div class=\"brz-spacer brz-css-oovtg brz-css-bgihb\"><\/div>\n<\/div>\n<div class=\"brz-css-mmecr brz-wrapper\">\n<div class=\"brz-rich-text brz-rich-text__custom brz-css-dsqtz\" data-custom-id=\"kywuxuscztrrhlidoxrxnbhrmlsoucwdrdvp\">\n<div>\n<p class=\"brz-css-myvwf\" data-uniq-id=\"euomf\" data-generated-css=\"brz-css-qlfmh\"><span>Ricardo Flores Mag\u00f3n 1. <\/span><\/p>\n<p class=\"brz-css-izpnj\" data-uniq-id=\"fkrdx\" data-generated-css=\"brz-css-lepkg\"><span>Col. Nonoalco-Tlatelolco C.P. 06995. <\/span><\/p>\n<p class=\"brz-css-ewptq\" data-uniq-id=\"gutxj\" data-generated-css=\"brz-css-zxvpu\"><span>ccutlatelolco@gmail.com<\/span><\/p>\n<p class=\"brz-css-tphhm\" data-generated-css=\"brz-css-fwbyw\" data-uniq-id=\"yzdzu\"><span>5117 2818 ext. 49613<\/span><\/p>\n<\/div>\n<\/div>\n<\/div>\n<\/div>\n<\/div>\n<div class=\"brz-columns brz-css-yrkah brz-css-axynj\" data-custom-id=\"ueceosewmvdlocaoiccxqzaqsdrbhugdlqwp\">\n<div class=\"brz-bg overflow-hidden absolute top-0 left-0 w-full h-full\"><\/div>\n<div class=\"brz-column__items brz-css-bvxsi\">\n<div class=\"brz-css-mmecr brz-wrapper\">\n<div class=\"brz-rich-text brz-rich-text__custom brz-css-dsqtz\" data-custom-id=\"yieydbdefqqzosmqedrukrhhuflrrnwhnfme\">\n<div>\n<p class=\"brz-css-htwox\" data-uniq-id=\"pdybz\" data-generated-css=\"brz-css-custc\"><span>M\u00e1s sobre el CCUT<\/span><\/p>\n<\/div>\n<\/div>\n<\/div>\n<div class=\"brz-css-mmecr brz-css-bgwre brz-wrapper\">\n<div class=\"brz-spacer brz-css-oovtg brz-css-kidjl\"><\/div>\n<\/div>\n<div class=\"brz-css-mmecr brz-wrapper\">\n<div class=\"brz-rich-text brz-rich-text__custom brz-css-dsqtz\" data-custom-id=\"ynfeweewrtxixsrhnduzblhwsykqywcbwrbd\">\n<div>\n<p class=\"brz-css-rbwzu\" data-uniq-id=\"frwjr\" data-generated-css=\"brz-css-laqsj\"><span>Seminario <\/span><\/p>\n<p class=\"brz-css-clexd\" data-uniq-id=\"vnkoo\" data-generated-css=\"brz-css-dmrvc\"><span>Memorias<\/span><\/p>\n<p class=\"brz-css-iskff\" data-uniq-id=\"dcvrt\" data-generated-css=\"brz-css-bwatq\"><span>Resistencias<\/span><\/p>\n<p class=\"brz-css-yclgs\" data-generated-css=\"brz-css-vpotn\" data-uniq-id=\"xkgby\"><span>Comunidades<\/span><\/p>\n<\/div>\n<\/div>\n<\/div>\n<div class=\"brz-css-mmecr brz-wrapper\">\n<div class=\"brz-rich-text brz-rich-text__custom brz-css-dsqtz\" data-custom-id=\"imzwziqzkzgaummubqbkvghlpqnmykoyscdr\">\n<div>\n<p class=\"brz-css-pniua\" data-uniq-id=\"icvhm\" data-generated-css=\"brz-css-gzhjx\"><\/p>\n<\/div>\n<\/div>\n<\/div>\n<\/div>\n<\/div>\n<div class=\"brz-columns brz-css-yrkah brz-css-ldlgg\" data-custom-id=\"vweavhhwtywjlvwtobzunrtkfybgszsfwmoi\">\n<div class=\"brz-bg overflow-hidden absolute top-0 left-0 w-full h-full\"><\/div>\n<div class=\"brz-column__items brz-css-bvxsi\">\n<div class=\"brz-css-mmecr brz-wrapper\">\n<div class=\"brz-rich-text brz-rich-text__custom brz-css-dsqtz\" data-custom-id=\"yuqipqqugxqfpjpkfcexpwembqsekzhvzpjf\">\n<div>\n<p class=\"brz-css-eyyud\" data-uniq-id=\"wbckk\" data-generated-css=\"brz-css-akbyj\"><span class=\"brz-cp-color8\">S\u00edguenos<\/span><\/p>\n<\/div>\n<\/div>\n<\/div>\n<div class=\"brz-css-mmecr brz-css-bgwre brz-wrapper\">\n<div class=\"brz-spacer brz-css-oovtg brz-css-aummm\"><\/div>\n<\/div>\n<div class=\"brz-css-mmecr brz-css-htpwl brz-wrapper\">\n<div class=\"brz-icon-text brz-css-iuucl brz-css-wihlo\" data-custom-id=\"hydbwhzcpvjqiiorwlilgqxqftkxpkwkywsj\">\n<div id class=\"brz-icon__container\" data-custom-id=\"uqxskthsztuwpwwoqfqmhvqdknuvatiyuwqk\"><span class=\"brz-icon brz-span brz-css-jxday brz-css-yxskc\"><\/span><\/div>\n<div class=\"brz-text-btn\">\n<div class=\"brz-rich-text brz-rich-text__custom brz-css-dsqtz\" data-custom-id=\"bgkyxrvclbbxxythvkxjtgqxdhzzsnwwrkmq\">\n<div>\n<p class=\"brz-css-wlesk\"><span>Twitter<\/span><\/p>\n<\/div>\n<\/div>\n<\/div>\n<\/div>\n<\/div>\n<div class=\"brz-css-mmecr brz-css-zomjo brz-wrapper\">\n<div class=\"brz-icon-text brz-css-iuucl brz-css-wftnv\" data-custom-id=\"jabsrjtzzoxfchshzqqtimtttlnkjsnwskkq\">\n<div id class=\"brz-icon__container\" data-custom-id=\"cdxdzmlnscinzsmwffqlxwmqhplmzbhprxza\"><span class=\"brz-icon brz-span brz-css-jxday brz-css-qzldz\"><\/span><\/div>\n<div class=\"brz-text-btn\">\n<div class=\"brz-rich-text brz-rich-text__custom brz-css-dsqtz\" data-custom-id=\"txxspklpmzyaxsjzabzltuhbhneozicfdhup\">\n<div>\n<p class=\"brz-css-tlkep\"><span>Facebook<\/span><\/p>\n<\/div>\n<\/div>\n<\/div>\n<\/div>\n<\/div>\n<div class=\"brz-css-mmecr brz-wrapper\">\n<div class=\"brz-icon-text brz-css-iuucl brz-css-zknrd\" data-custom-id=\"evbxwngmaedzgcjttyjbxbrqilvezuyjizmm\">\n<div id class=\"brz-icon__container\" data-custom-id=\"gburckwvhlgdxkgngoywxugovxipiwturtcd\"><span class=\"brz-icon brz-span brz-css-jxday brz-css-zqzrs\"><\/span><\/div>\n<div class=\"brz-text-btn\">\n<div class=\"brz-rich-text brz-rich-text__custom brz-css-dsqtz\" data-custom-id=\"cxbjqcvvcsyicwjnumpamepblkgqnskdfjka\">\n<div>\n<p class=\"brz-css-eklol\"><span>Youtube<\/span><\/p>\n<\/div>\n<\/div>\n<\/div>\n<\/div>\n<\/div>\n<\/div>\n<\/div>\n<\/div>\n<\/div>\n<div class=\"brz-css-mmecr brz-wrapper\">\n<div class=\"brz-image brz-css-dssmn\"><img decoding=\"async\" class=\"brz-img\" src=\"https:\/\/tlatelolcounam.mx\/caminoreal\/wp-content\/uploads\/brizy\/imgs\/escudo-firma-176x88x0x0x176x88x1642108760.png\" alt=\"\" loading=\"lazy\" \/><\/div>\n<\/div>\n<div class=\"brz-css-mmecr brz-css-yoqgd brz-wrapper\">\n<div class=\"brz-line brz-line-default brz-css-cgmko brz-css-xrwsm\" data-custom-id=\"wguunchwyulhdtykgwtenhecrqcyxgzhcexc\">\n<hr class=\"brz-hr\" \/><\/div>\n<\/div>\n<div class=\"brz-css-mmecr brz-wrapper\">\n<div class=\"brz-rich-text brz-rich-text__custom brz-css-dsqtz\" data-custom-id=\"ltuintpcpfoaywaqxegggkzizlpptgxtiful\">\n<div>\n<p class=\"brz-css-vjeyo\" data-uniq-id=\"yqtzc\" data-generated-css=\"brz-css-kwjoz\"><span>Esta p\u00e1gina y el contenido de la misma se encuentran protegidos por propiedad intelectual, confidencialidad entre las partes, as\u00ed como por normativa general y universitaria vigente de Transparencia, Acceso a la Informaci\u00f3n P\u00fablica y Protecci\u00f3n de Datos Personales. UNAM-CCUT.<\/span><\/p>\n<\/div>\n<\/div>\n<\/div>\n<\/div>\n<\/div>\n<\/section>\n<\/div>\n<p><!-- version:1673310816 --><\/p>\n","protected":false},"excerpt":{"rendered":"<p>Inicio Estados Historia Quer\u00e9taro Sitios arqueol\u00f3gicos En Quer\u00e9taro hay cuatro zonas arqueol\u00f3gicas importantes: Ranas, Toluquilla y Tancama ubicadas en la Sierra Gorda, y El Cerrito que se encuentra en el municipio de Corregidora. Existe otra zona arqueol\u00f3gica ubicada en San Juan del R\u00edo, cuyos vestigios se encuentran debajo del barrio de La Cruz. Zona Arqueol\u00f3gica [&hellip;]<\/p>\n","protected":false},"author":6,"featured_media":0,"parent":0,"menu_order":0,"comment_status":"closed","ping_status":"closed","template":"brizy-blank-template.php","meta":{"footnotes":""},"class_list":["post-5044","page","type-page","status-publish","hentry"],"_links":{"self":[{"href":"https:\/\/tlatelolcounam.mx\/caminoreal\/wp-json\/wp\/v2\/pages\/5044","targetHints":{"allow":["GET"]}}],"collection":[{"href":"https:\/\/tlatelolcounam.mx\/caminoreal\/wp-json\/wp\/v2\/pages"}],"about":[{"href":"https:\/\/tlatelolcounam.mx\/caminoreal\/wp-json\/wp\/v2\/types\/page"}],"author":[{"embeddable":true,"href":"https:\/\/tlatelolcounam.mx\/caminoreal\/wp-json\/wp\/v2\/users\/6"}],"replies":[{"embeddable":true,"href":"https:\/\/tlatelolcounam.mx\/caminoreal\/wp-json\/wp\/v2\/comments?post=5044"}],"version-history":[{"count":22,"href":"https:\/\/tlatelolcounam.mx\/caminoreal\/wp-json\/wp\/v2\/pages\/5044\/revisions"}],"predecessor-version":[{"id":42931,"href":"https:\/\/tlatelolcounam.mx\/caminoreal\/wp-json\/wp\/v2\/pages\/5044\/revisions\/42931"}],"wp:attachment":[{"href":"https:\/\/tlatelolcounam.mx\/caminoreal\/wp-json\/wp\/v2\/media?parent=5044"}],"curies":[{"name":"wp","href":"https:\/\/api.w.org\/{rel}","templated":true}]}}