{"id":3829,"date":"2022-05-02T15:51:25","date_gmt":"2022-05-02T15:51:25","guid":{"rendered":"https:\/\/tlatelolcounam.mx\/caminoreal\/?page_id=3829"},"modified":"2025-08-12T01:14:56","modified_gmt":"2025-08-12T01:14:56","slug":"queretarogastronomia","status":"publish","type":"page","link":"https:\/\/tlatelolcounam.mx\/caminoreal\/queretaro-2\/queretarogastronomia\/","title":{"rendered":"Quer\u00e9taro Gastronomia"},"content":{"rendered":"<div class=\"brz-root__container brz-reset-all\">\n<section data-uid=\"cdkeghlziiohoukivthemcomadlvolvjzyzx\" id=\"cdkeghlziiohoukivthemcomadlvolvjzyzx\" class=\"brz-section brz-css-lbpag\">\n<div class=\"brz-section__content brz-section--boxed brz-css-dddln brz-css-pnuzr\" data-custom-id=\"kxtylskpqchveijjrewfnyruqtatzgwljyzm\">\n<div class=\"brz-container brz-css-imrii\">\n<div class=\"brz-row__container brz-css-ljrxp\" data-custom-id=\"tnecfxcdykoambyuufnshbafyloyrkvzbfkf\">\n<div class=\"brz-bg overflow-hidden absolute top-0 left-0 w-full h-full\"><\/div>\n<div class=\"brz-row brz-css-bpbpp brz-css-lieaf\">\n<div class=\"brz-columns brz-css-jusdz brz-css-cgbjv\" data-custom-id=\"epxscrxbxahcngbhbcghkwdykelzrjhfzqft\">\n<div class=\"brz-bg overflow-hidden absolute top-0 left-0 w-full h-full\"><\/div>\n<div class=\"brz-column__items brz-css-alald brz-css-kblan\">\n<div class=\"brz-css-cguvo brz-css-rjbtf brz-wrapper\">\n<div class=\"brz-image brz-css-nxsbt brz-css-txivj\"><img decoding=\"async\" class=\"brz-img\" src=\"https:\/\/tlatelolcounam.mx\/caminoreal\/wp-content\/uploads\/2022\/01\/logo.png\" alt=\"\" loading=\"lazy\" \/><\/div>\n<\/div>\n<\/div>\n<\/div>\n<div class=\"brz-columns brz-css-jusdz brz-css-byeqf\" data-custom-id=\"pzxzuttxxgqksrrdgcwhaktqjdmukvkhahfe\">\n<div class=\"brz-bg overflow-hidden absolute top-0 left-0 w-full h-full\"><\/div>\n<div class=\"brz-column__items brz-css-alald brz-css-mwnaq\">\n<div class=\"brz-css-cguvo brz-wrapper\">\n<div class=\"brz-menu__container brz-css-lxnte\" data-mmenu-id=\"#jotxbshzsuktzipqctjtovtqwjopudnsiyde\" data-mmenu-position=\"position-left\" data-mmenu-title=\"Menu\" data-mmenu-stickytitle=\"on\" data-custom-id=\"xbqtfmrcedukngnyygmfwgkwektymnnnuzxj\">\n<nav class=\"brz-menu brz-menu__preview brz-css-ueids\">\n<ul class=\"brz-menu__ul\" data-menu-items-active=\"\">\n<li class=\"brz-menu__item\" data-menu-item-id=\"a45e250d979c9b3c26fe6917797cc038\"><a class=\"brz-a menu-item menu-item-type-post_type menu-item-object-page menu-item-home\" href=\"https:\/\/tlatelolcounam.mx\/caminoreal\/\" data-brz-link-type=\"external\" id><span class=\"brz-span\">Inicio<\/span><\/a><\/li>\n<li class=\"brz-menu__item brz-menu__item-dropdown\" data-menu-item-id=\"ba4a85012b5365c17cdf357587076276\"><a class=\"brz-a brz-anchor menu-item menu-item-type-custom menu-item-object-custom\" href=\"#\" data-brz-link-type=\"anchor\" id><span class=\"brz-span\">Estados<\/span><\/a><\/li>\n<li class=\"brz-menu__item\" data-menu-item-id=\"d3c0c655631b120767a40bd0aed90e47\"><a class=\"brz-a menu-item menu-item-type-post_type menu-item-object-page\" href=\"https:\/\/tlatelolcounam.mx\/caminoreal\/historia\/\" data-brz-link-type=\"external\" id><span class=\"brz-span\">Historia<\/span><\/a><\/li>\n<\/ul>\n<\/nav>\n<div class=\"brz-mm-menu__icon\">\n<\/div>\n<\/div>\n<\/div>\n<\/div>\n<\/div>\n<\/div>\n<\/div>\n<\/div>\n<\/div>\n<\/section>\n<section data-uid=\"dokjzmexqunazctbloammypxiyzspbnjdvyj\" id=\"dokjzmexqunazctbloammypxiyzspbnjdvyj\" class=\"brz-section brz-css-lbpag\">\n<div class=\"brz-section__content brz-section--fullWidth brz-css-dddln brz-css-vpwnb\" data-custom-id=\"ofodesxequsppebghdddegirgebmibqoghuq\">\n<div class=\"brz-container brz-css-imrii brz-css-axzci\">\n<div class=\"brz-row__container brz-css-ljrxp\" data-custom-id=\"utyrubatiicuodtfdrsdwpqylqelgarpuuon\">\n<div class=\"brz-bg overflow-hidden absolute top-0 left-0 w-full h-full\"><\/div>\n<div class=\"brz-row brz-css-bpbpp brz-css-lieaf\">\n<div class=\"brz-columns brz-css-jusdz brz-css-oxouc\" data-custom-id=\"bwhvzqizgbjedpjcxsmqwrqrinyzgjbgspsj\">\n<div class=\"brz-bg overflow-hidden absolute top-0 left-0 w-full h-full\">\n<div class=\"brz-bg-image absolute top-0 left-0 w-full h-full bg-no-repeat bg-cover\"><\/div>\n<div class=\"brz-bg-color absolute top-0 left-0 w-full h-full\"><\/div>\n<\/div>\n<div class=\"brz-column__items brz-css-alald brz-css-jaowu\">\n<div class=\"brz-css-cguvo brz-css-fiydr brz-wrapper\">\n<div class=\"brz-spacer brz-css-dzkyh brz-css-ycgyj\"><\/div>\n<\/div>\n<div class=\"brz-css-cguvo brz-wrapper\">\n<div class=\"brz-rich-text brz-rich-text__custom brz-css-umosr\" data-custom-id=\"sxemcjjjjajlckdimwxxzmyxliiukjkoxphl\">\n<div>\n<p class=\"brz-css-xanlc\" data-generated-css=\"brz-css-qiejh\" data-uniq-id=\"kfwsv\"><strong class=\"brz-capitalize-on\">Quer\u00e9taro<\/strong><\/p>\n<\/div>\n<\/div>\n<\/div>\n<div class=\"brz-css-cguvo brz-wrapper\">\n<div class=\"brz-rich-text brz-rich-text__custom brz-css-umosr\" data-custom-id=\"hftpbyiwtpwqgooymquwdfpeqsqnzqigmxib\">\n<div>\n<p class=\"brz-css-zkzuf\" data-generated-css=\"brz-css-kyqmc\" data-uniq-id=\"ncbbn\"><\/p>\n<\/div>\n<\/div>\n<\/div>\n<div class=\"brz-css-cguvo brz-wrapper\">\n<div class=\"brz-rich-text brz-rich-text__custom brz-css-umosr\" data-custom-id=\"dmtjgoadcxfnhqylaxxvkoqvmlofspvhsuot\">\n<div>\n<p class=\"brz-css-heysa\" data-generated-css=\"brz-css-qgjxn\" data-uniq-id=\"adous\"><\/p>\n<\/div>\n<\/div>\n<\/div>\n<div class=\"brz-css-cguvo brz-wrapper\">\n<div class=\"brz-rich-text brz-rich-text__custom brz-css-umosr\" data-custom-id=\"csyiactqhdqqdqxkmfpfzruwppvfueyndrei\">\n<div>\n<p class=\"brz-css-mqfze\" data-uniq-id=\"qvvra\" data-generated-css=\"brz-css-nwzhz\"><strong>Gastronom\u00eda<\/strong><\/p>\n<\/div>\n<\/div>\n<\/div>\n<\/div>\n<\/div>\n<\/div>\n<\/div>\n<\/div>\n<\/div>\n<\/section>\n<section data-uid=\"vkkdmiywdorcuowqdwgtdcgpjevosqiqxbqd\" id=\"vkkdmiywdorcuowqdwgtdcgpjevosqiqxbqd\" class=\"brz-section brz-css-lbpag\">\n<div class=\"brz-section__content brz-section--boxed brz-css-dddln brz-css-qigzf\" data-custom-id=\"tmgrfkcjjliasesblgtfjhoqvkheinubntyp\">\n<div class=\"brz-container brz-css-imrii brz-css-ezpvq\">\n<div class=\"brz-css-cguvo brz-wrapper\">\n<div class=\"brz-rich-text brz-rich-text__custom brz-css-umosr\" data-custom-id=\"xvfpcxemtqpcconphnhpraxxtncexdsrzlnr\">\n<div>\n<h4 class=\"brz-css-jfjkx\" data-uniq-id=\"xwbfi\" data-generated-css=\"brz-css-iispc\">La gastronom\u00eda de Quer\u00e9taro est\u00e1 basada en productos y platillos caracter\u00edsticos de su regi\u00f3n semides\u00e9rtica, su tradici\u00f3n culinaria tiene una fuerte influencia de las culturas chichimeca, tolteca y otom\u00ed; en ella se utilizan principalmente el ma\u00edz, el chile, las cact\u00e1ceas y las frutas.<\/h4>\n<\/div>\n<\/div>\n<\/div>\n<div class=\"brz-css-cguvo brz-wrapper\">\n<div class=\"brz-line brz-line-default brz-css-djafe brz-css-kxqao\" data-custom-id=\"ctnsnppwddksdlrovbcgwgtjrwlqksrvipki\">\n<hr class=\"brz-hr\" \/><\/div>\n<\/div>\n<div class=\"brz-row__container brz-css-ljrxp brz-css-dczmk\" data-custom-id=\"gzlgajiyfttcybycbsyxjlfsqcygrvwauoch\">\n<div class=\"brz-bg overflow-hidden absolute top-0 left-0 w-full h-full\"><\/div>\n<div class=\"brz-row brz-css-bpbpp brz-css-lieaf\">\n<div class=\"brz-columns brz-css-jusdz brz-css-amqll\" data-custom-id=\"trodzlkflatsxujkfexaatitoryhckyjdufn\">\n<div class=\"brz-bg overflow-hidden absolute top-0 left-0 w-full h-full\"><\/div>\n<div class=\"brz-column__items brz-css-alald brz-css-llhyl\">\n<div class=\"brz-css-cguvo brz-css-dzfaj brz-wrapper\">\n<div class=\"brz-rich-text brz-rich-text__custom brz-css-umosr\" data-custom-id=\"lcgevqoeculhwpiscbnnkzkzwhcfsbujhquw\">\n<div>\n<p class=\"brz-css-zusup\" data-generated-css=\"brz-css-ssusf\" data-uniq-id=\"hnuqr\"><strong class=\"brz-capitalize-on\">San Juan del R\u00edo<\/strong><\/p>\n<p class=\"brz-css-wmxja\" data-generated-css=\"brz-css-ulxev\" data-uniq-id=\"sffze\"><strong>Portal de Reyes<\/strong><\/p>\n<p class=\"brz-css-devlc\" data-generated-css=\"brz-css-xnhvp\" data-uniq-id=\"qmxwt\"><span>Ofrece comida t\u00edpica mexicana, siendo su especialidad el caldo tlalpe\u00f1o y los cortes de carne.<\/span><\/p>\n<p class=\"brz-css-kpmho\" data-generated-css=\"brz-css-pnifk\" data-uniq-id=\"tujys\"><strong>Direcci\u00f3n:<\/strong><span> Avenida Lic. Benito Ju\u00e1rez Poniente, no. 5, colonia Centro.<\/span><\/p>\n<p class=\"brz-css-apeew\" data-generated-css=\"brz-css-jdtvt\" data-uniq-id=\"qgtuj\"><strong>Horario: <\/strong><span>De lunes a domingo de 6:00 a 23:00 hrs.<\/span><\/p>\n<p class=\"brz-css-srbss\" data-generated-css=\"brz-css-jechm\" data-uniq-id=\"avnfb\"><strong>Tel\u00e9fono: <\/strong><span>427 272 5683<\/span><\/p>\n<p class=\"brz-css-yxhir\" data-generated-css=\"brz-css-mgfhm\" data-uniq-id=\"sigbe\"><strong>Sitio web: <\/strong><span>http:\/\/restauranteportaldereyes.com\/<\/span><\/p>\n<p class=\"brz-css-gqzss\" data-generated-css=\"brz-css-vobww\" data-uniq-id=\"lgajn\"><\/p>\n<p class=\"brz-css-crqpj\" data-generated-css=\"brz-css-oxmna\" data-uniq-id=\"fmoug\"><strong>Caf\u00e9 La Parroquia<\/strong><\/p>\n<p class=\"brz-css-yjnhi\" data-generated-css=\"brz-css-vijgx\" data-uniq-id=\"hdruz\"><span>A unos pasos de la iglesia de San Juan Bautista, recomendado sobre todo si se gusta disfrutar de un aperitivo, como un caf\u00e9 o un chocolate caliente o un pan. Tambi\u00e9n ofrecen comida t\u00edpica.<\/span><\/p>\n<p class=\"brz-css-ipevc\" data-generated-css=\"brz-css-zhbbv\" data-uniq-id=\"kgyhp\"><strong>Direcci\u00f3n:<\/strong><span> Plaza de los Fundadores, no. 3, colonia Centro.<\/span><\/p>\n<p class=\"brz-css-kpcet\" data-generated-css=\"brz-css-gzjrz\" data-uniq-id=\"fceea\"><strong>Horario: <\/strong><span>De lunes a s\u00e1bado de 8:30 a 22:00 hrs.<\/span><\/p>\n<p class=\"brz-css-gvxpb\" data-generated-css=\"brz-css-tnthb\" data-uniq-id=\"rfofj\"><strong>Tel\u00e9fono: <\/strong><span>427 272 4740<\/span><\/p>\n<p class=\"brz-css-xineg\" data-generated-css=\"brz-css-boijy\" data-uniq-id=\"fhiyy\"><\/p>\n<p class=\"brz-css-apbul\" data-generated-css=\"brz-css-esanj\" data-uniq-id=\"gweze\"><strong>El Patio Colonial<\/strong><\/p>\n<p class=\"brz-css-rkslf\" data-generated-css=\"brz-css-lfxmh\" data-uniq-id=\"eotoo\"><span>Sirve comida t\u00edpica mexicana y platos internacionales. Es parte del hotel Colonial y cuenta con un bar.<\/span><\/p>\n<p class=\"brz-css-wfhrn\" data-generated-css=\"brz-css-stjsz\" data-uniq-id=\"zabak\"><strong>Direcci\u00f3n:<\/strong><span> Avenida Ju\u00e1rez Pte No.s 28 y 30 Col Centro CP 76800, San Juan del R\u00edo, Quer\u00e9taro.<\/span><\/p>\n<p class=\"brz-css-nxisq\" data-generated-css=\"brz-css-suqha\" data-uniq-id=\"hltpd\"><strong>Tel\u00e9fono:<\/strong><span> 427 272 4142 y 4022<\/span><\/p>\n<p class=\"brz-css-rhnfq\" data-generated-css=\"brz-css-ntbft\" data-uniq-id=\"gztye\"><\/p>\n<p class=\"brz-css-bxinh\" data-generated-css=\"brz-css-jjmit\" data-uniq-id=\"iyanc\"><strong>Campo Bravo<\/strong><\/p>\n<p class=\"brz-css-gtukw\" data-generated-css=\"brz-css-zaidz\" data-uniq-id=\"tkvzt\"><span>Bar y parrilla de ambiente familiar.<\/span><\/p>\n<p class=\"brz-css-ngygw\" data-generated-css=\"brz-css-jfofo\" data-uniq-id=\"nrzwg\"><strong>Direcci\u00f3n:<\/strong><span> Panamericana Kil\u00f3metro 171, Centro, 76800 San Juan del R\u00edo.<\/span><\/p>\n<p class=\"brz-css-jzeaz\" data-generated-css=\"brz-css-zasit\" data-uniq-id=\"ibuko\"><strong>Horario:<\/strong><span> De lunes a s\u00e1bado de 13:00 a 22:00 hrs. Domingo de 13:00 a 20:00 hrs.<\/span><\/p>\n<p class=\"brz-css-bfpjo\" data-generated-css=\"brz-css-kwtvr\" data-uniq-id=\"sdwvm\"><strong>Tel\u00e9fono:<\/strong><span> 427 272 4445<\/span><\/p>\n<p class=\"brz-css-qzcmy\" data-generated-css=\"brz-css-ywhce\" data-uniq-id=\"dypkw\"><\/p>\n<p class=\"brz-css-qjeua\" data-generated-css=\"brz-css-bfnob\" data-uniq-id=\"cvqcl\"><strong>La Bilbaina<\/strong><\/p>\n<p class=\"brz-css-qjzhp\" data-generated-css=\"brz-css-ekucw\" data-uniq-id=\"njvfi\"><span>Es un negocio sencillo y familiar.<\/span><\/p>\n<p class=\"brz-css-vgobg\" data-generated-css=\"brz-css-muisv\" data-uniq-id=\"pkmqa\"><strong>Direcci\u00f3n:<\/strong><span> Av. Benito Ju\u00e1rez Ote. No. 11, San Juan del R\u00edo 76807.<\/span><\/p>\n<p class=\"brz-css-aavjh\" data-generated-css=\"brz-css-vrudx\" data-uniq-id=\"bytei\"><strong>Horario: <\/strong><span>Todos los d\u00edas de 8:00 a 20:00 hrs.<\/span><\/p>\n<p class=\"brz-css-yifdf\" data-generated-css=\"brz-css-uwidp\" data-uniq-id=\"bberr\"><strong>Tel\u00e9fono:<\/strong><span> 427 272 0113<\/span><\/p>\n<p class=\"brz-css-twtqo\" data-generated-css=\"brz-css-fkswk\" data-uniq-id=\"kgsjl\"><strong>Sitio web:<\/strong><span> https:\/\/www.facebook.com\/RestauranteLaBilbaina\/<\/span><\/p>\n<p class=\"brz-css-gdsig\" data-generated-css=\"brz-css-wvlyi\" data-uniq-id=\"iewpa\"><\/p>\n<p class=\"brz-css-heyuy\" data-generated-css=\"brz-css-jjpzs\" data-uniq-id=\"krode\"><\/p>\n<p class=\"brz-css-xxgmf\" data-generated-css=\"brz-css-zbkex\" data-uniq-id=\"xqcjm\"><strong class=\"brz-capitalize-on\">Quer\u00e9taro (municipio)<\/strong><\/p>\n<p class=\"brz-css-jnqnr\" data-generated-css=\"brz-css-bvyhp\" data-uniq-id=\"qmrvo\"><strong>El Mes\u00f3n de Chucho el Roto<\/strong><\/p>\n<p class=\"brz-css-fhbgn\" data-generated-css=\"brz-css-zgkyn\" data-uniq-id=\"vsped\"><span>Ubicado en un edificio colonial, su oferta culinaria es una mezcla entre comida mexicana e italiana, siendo sus especialidades los escamoles y<\/span><\/p>\n<p class=\"brz-css-blcgn\" data-generated-css=\"brz-css-tybqs\" data-uniq-id=\"mghcf\"><span>el carpaccio. Los fines de semana requiere reservaci\u00f3n.<\/span><\/p>\n<p class=\"brz-css-cenir\" data-generated-css=\"brz-css-vybyy\" data-uniq-id=\"pbbui\"><strong>Direcci\u00f3n:<\/strong><span> Avenida Luis Pasteur Sur, no. 16, Centro Hist\u00f3rico de Quer\u00e9taro.<\/span><\/p>\n<p class=\"brz-css-uhnkm\" data-generated-css=\"brz-css-zarch\" data-uniq-id=\"wtnkb\"><strong>Horario: <\/strong><span>De lunes a domingo de 8:00 a 23:00 hrs.<\/span><\/p>\n<p class=\"brz-css-bvnyg\" data-generated-css=\"brz-css-qmlwm\" data-uniq-id=\"khnsw\"><strong>Tel\u00e9fono: <\/strong><span>442 212 4295<\/span><\/p>\n<p class=\"brz-css-yoomf\" data-generated-css=\"brz-css-nlmsw\" data-uniq-id=\"atpzj\"><strong>Sitio web:<\/strong><span> http:\/\/www.chuchoelroto.com.mx\/ <\/span><\/p>\n<p class=\"brz-css-ptiku\" data-generated-css=\"brz-css-boeen\" data-uniq-id=\"zafda\"><\/p>\n<p class=\"brz-css-efiae\" data-generated-css=\"brz-css-pksvn\" data-uniq-id=\"kkwhr\"><strong>Blue Fish<\/strong><\/p>\n<p class=\"brz-css-qbgfm\" data-generated-css=\"brz-css-xubcw\" data-uniq-id=\"cpwcm\"><span>Una opci\u00f3n para quienes gustan de los c\u00f3cteles, los caldos y todas las especialidades de los mariscos.<\/span><\/p>\n<p class=\"brz-css-fwkgn\" data-generated-css=\"brz-css-ewaht\" data-uniq-id=\"rzwzl\"><strong>Direcci\u00f3n:<\/strong><span> Calle 15 de Mayo, no. 93, Centro Hist\u00f3rico de Quer\u00e9taro.<\/span><\/p>\n<p class=\"brz-css-gplrx\" data-generated-css=\"brz-css-hykbv\" data-uniq-id=\"hgnnd\"><strong>Horario: <\/strong><span>De lunes a domingo de 8:30 a 17:30 hrs. S\u00e1bados y domingos abre a las 9:00 hrs.<\/span><\/p>\n<p class=\"brz-css-caaqq\" data-generated-css=\"brz-css-nkwuv\" data-uniq-id=\"iflvw\"><strong>Tel\u00e9fono: <\/strong><span>442 214 1068<\/span><\/p>\n<p class=\"brz-css-afzip\" data-generated-css=\"brz-css-egjlw\" data-uniq-id=\"yswqs\"><\/p>\n<p class=\"brz-css-fpiqg\" data-generated-css=\"brz-css-olsso\" data-uniq-id=\"mbyvy\"><strong>Alquimia Bar<\/strong><\/p>\n<p class=\"brz-css-mlrsr\" data-generated-css=\"brz-css-tgceb\" data-uniq-id=\"yuyhy\"><span>Un lugar c\u00e9ntrico que emula a las antiguas cantinas; si lo que se busca es disfrutar de una bebida con alcohol, sobre todo sus c\u00f3cteles, esta es la mejor opci\u00f3n.<\/span><\/p>\n<p class=\"brz-css-jqvcz\" data-generated-css=\"brz-css-jbjst\" data-uniq-id=\"kpmzt\"><strong>Direcci\u00f3n:<\/strong><span> Calle 05 de Mayo, no. 71, Centro Hist\u00f3rico de Quer\u00e9taro.<\/span><\/p>\n<p class=\"brz-css-pcdls\" data-generated-css=\"brz-css-qeocj\" data-uniq-id=\"tagph\"><strong>Horario: <\/strong><span>De lunes a s\u00e1bado de 15:00 a 23:00 hrs.<\/span><\/p>\n<p data-generated-css=\"brz-css-rtbsy\" data-uniq-id=\"fwvtb\" class=\"brz-css-bdkld\"><strong>Tel\u00e9fono:<\/strong><span> 442 384 0666<\/span><\/p>\n<\/div>\n<\/div>\n<\/div>\n<\/div>\n<\/div>\n<\/div>\n<\/div>\n<div class=\"brz-css-cguvo brz-css-fiydr brz-css-flbqb brz-wrapper\">\n<div class=\"brz-spacer brz-css-dzkyh brz-css-jgjwk\"><\/div>\n<\/div>\n<\/div>\n<\/div>\n<\/section>\n<section data-uid=\"rveuamtmysvwswawebijahrjxkuxjvxlxelg\" id=\"rveuamtmysvwswawebijahrjxkuxjvxlxelg\" class=\"brz-section brz-css-lbpag brz-css-zvaqf\">\n<div class=\"brz-section__content brz-section--boxed brz-css-dddln brz-css-vkbdc\" data-custom-id=\"jevxzucvdlfbjclqnoxdfdxufrptolgfwndq\">\n<div class=\"brz-bg overflow-hidden absolute top-0 left-0 w-full h-full\">\n<div class=\"brz-bg-map absolute top-0 left-0 w-full h-full\"><\/div>\n<\/div>\n<div class=\"brz-container brz-css-imrii\">\n<div class=\"brz-css-cguvo brz-wrapper\">\n<div class=\"brz-wp-shortcode brz-css-xxpbc\" data-custom-id=\"vaumvpxxskcrrqrhzkoxiwldmvtwaubzppkh\">\n<div><div class=\"twer-map-wrapper treweler-map-fw\" ><div class=\"twer-iframe-embed\" style=\"height:500px;\"><iframe loading=\"lazy\" class=\"twer-iframe\" src=\"https:\/\/tlatelolcounam.mx\/caminoreal\/treweler-map\/estado-de-mexico\/?tw=iframe&#038;twer-index=1&#038;twer-map-id=474&#038;twer-height=500px&#038;twer-type=fullwidth&#038;twer-scrollzoom=yes&#038;twer-width\"  frameborder=\"0\" title=\"Treweler Map\"><\/iframe><\/div><\/div><\/div>\n<\/div>\n<\/div>\n<\/div>\n<\/div>\n<\/section>\n<section data-uid=\"qkfzfeoawtxqqyvitadwfdeismrzfhwurmii\" id=\"qkfzfeoawtxqqyvitadwfdeismrzfhwurmii\" class=\"brz-section brz-css-lbpag\">\n<div class=\"brz-section__content brz-section--boxed brz-css-dddln brz-css-znfri\" data-custom-id=\"furozkipdsfzporznemncmrldghyqktjhmgb\">\n<div class=\"brz-bg overflow-hidden absolute top-0 left-0 w-full h-full\">\n<div class=\"brz-bg-image absolute top-0 left-0 w-full h-full bg-no-repeat bg-cover\"><\/div>\n<div class=\"brz-bg-color absolute top-0 left-0 w-full h-full\"><\/div>\n<\/div>\n<div class=\"brz-container brz-css-imrii\">\n<div class=\"brz-row__container brz-css-ljrxp\" data-custom-id=\"achsreujasksizjbtnmshsdugxsmfrbryrvr\">\n<div class=\"brz-bg overflow-hidden absolute top-0 left-0 w-full h-full\"><\/div>\n<div class=\"brz-row brz-css-bpbpp brz-css-lieaf\">\n<div class=\"brz-columns brz-css-jusdz brz-css-myrba\" data-custom-id=\"zokmicasrntzzshjxniwzjkuppixtkmaqdzz\">\n<div class=\"brz-bg overflow-hidden absolute top-0 left-0 w-full h-full\"><\/div>\n<div class=\"brz-column__items brz-css-alald brz-css-dnyzz\">\n<div class=\"brz-css-cguvo brz-css-vxwxs brz-wrapper\">\n<div class=\"brz-image brz-css-jdwxf\"><img decoding=\"async\" class=\"brz-img\" src=\"https:\/\/tlatelolcounam.mx\/caminoreal\/wp-content\/uploads\/brizy\/imgs\/logo-1-293x101x0x1x293x100x1642108354.png\" alt=\"\" loading=\"lazy\" \/><\/div>\n<\/div>\n<div class=\"brz-css-cguvo brz-css-fiydr brz-wrapper\">\n<div class=\"brz-spacer brz-css-dzkyh brz-css-xclfp\"><\/div>\n<\/div>\n<div class=\"brz-css-cguvo brz-wrapper\">\n<div class=\"brz-rich-text brz-rich-text__custom brz-css-umosr\" data-custom-id=\"kywuxuscztrrhlidoxrxnbhrmlsoucwdrdvp\">\n<div>\n<p class=\"brz-css-zqkhi\" data-uniq-id=\"euomf\" data-generated-css=\"brz-css-qlfmh\"><span>Ricardo Flores Mag\u00f3n 1. <\/span><\/p>\n<p class=\"brz-css-twjwr\" data-uniq-id=\"fkrdx\" data-generated-css=\"brz-css-lepkg\"><span>Col. Nonoalco-Tlatelolco C.P. 06995. <\/span><\/p>\n<p class=\"brz-css-yzkfz\" data-uniq-id=\"gutxj\" data-generated-css=\"brz-css-zxvpu\"><span>ccutlatelolco@gmail.com<\/span><\/p>\n<p class=\"brz-css-vzkfi\" data-generated-css=\"brz-css-fwbyw\" data-uniq-id=\"yzdzu\"><span>5117 2818 ext. 49613<\/span><\/p>\n<\/div>\n<\/div>\n<\/div>\n<\/div>\n<\/div>\n<div class=\"brz-columns brz-css-jusdz brz-css-vwvdo\" data-custom-id=\"ueceosewmvdlocaoiccxqzaqsdrbhugdlqwp\">\n<div class=\"brz-bg overflow-hidden absolute top-0 left-0 w-full h-full\"><\/div>\n<div class=\"brz-column__items brz-css-alald\">\n<div class=\"brz-css-cguvo brz-wrapper\">\n<div class=\"brz-rich-text brz-rich-text__custom brz-css-umosr\" data-custom-id=\"yieydbdefqqzosmqedrukrhhuflrrnwhnfme\">\n<div>\n<p class=\"brz-css-nmhlw\" data-uniq-id=\"pdybz\" data-generated-css=\"brz-css-custc\"><span>M\u00e1s sobre el CCUT<\/span><\/p>\n<\/div>\n<\/div>\n<\/div>\n<div class=\"brz-css-cguvo brz-css-fiydr brz-wrapper\">\n<div class=\"brz-spacer brz-css-dzkyh brz-css-gautr\"><\/div>\n<\/div>\n<div class=\"brz-css-cguvo brz-wrapper\">\n<div class=\"brz-rich-text brz-rich-text__custom brz-css-umosr\" data-custom-id=\"ynfeweewrtxixsrhnduzblhwsykqywcbwrbd\">\n<div>\n<p class=\"brz-css-dvizf\" data-uniq-id=\"frwjr\" data-generated-css=\"brz-css-laqsj\"><span>Seminario <\/span><\/p>\n<p class=\"brz-css-qywvg\" data-uniq-id=\"vnkoo\" data-generated-css=\"brz-css-dmrvc\"><span>Memorias<\/span><\/p>\n<p class=\"brz-css-yekab\" data-uniq-id=\"dcvrt\" data-generated-css=\"brz-css-bwatq\"><span>Resistencias<\/span><\/p>\n<p class=\"brz-css-puvbq\" data-generated-css=\"brz-css-vpotn\" data-uniq-id=\"xkgby\"><span>Comunidades<\/span><\/p>\n<\/div>\n<\/div>\n<\/div>\n<div class=\"brz-css-cguvo brz-wrapper\">\n<div class=\"brz-rich-text brz-rich-text__custom brz-css-umosr\" data-custom-id=\"imzwziqzkzgaummubqbkvghlpqnmykoyscdr\">\n<div>\n<p class=\"brz-css-ivfit\" data-uniq-id=\"icvhm\" data-generated-css=\"brz-css-gzhjx\"><\/p>\n<\/div>\n<\/div>\n<\/div>\n<\/div>\n<\/div>\n<div class=\"brz-columns brz-css-jusdz brz-css-oreip\" data-custom-id=\"vweavhhwtywjlvwtobzunrtkfybgszsfwmoi\">\n<div class=\"brz-bg overflow-hidden absolute top-0 left-0 w-full h-full\"><\/div>\n<div class=\"brz-column__items brz-css-alald\">\n<div class=\"brz-css-cguvo brz-wrapper\">\n<div class=\"brz-rich-text brz-rich-text__custom brz-css-umosr\" data-custom-id=\"yuqipqqugxqfpjpkfcexpwembqsekzhvzpjf\">\n<div>\n<p class=\"brz-css-daxfi\" data-uniq-id=\"wbckk\" data-generated-css=\"brz-css-akbyj\"><span class=\"brz-cp-color8\">S\u00edguenos<\/span><\/p>\n<\/div>\n<\/div>\n<\/div>\n<div class=\"brz-css-cguvo brz-css-fiydr brz-wrapper\">\n<div class=\"brz-spacer brz-css-dzkyh brz-css-eqdka\"><\/div>\n<\/div>\n<div class=\"brz-css-cguvo brz-css-bsobq brz-wrapper\">\n<div class=\"brz-icon-text brz-css-tqftk brz-css-zdvcn\" data-custom-id=\"hydbwhzcpvjqiiorwlilgqxqftkxpkwkywsj\">\n<div id class=\"brz-icon__container\" data-custom-id=\"uqxskthsztuwpwwoqfqmhvqdknuvatiyuwqk\"><span class=\"brz-icon brz-span brz-css-jcjyp brz-css-iuxxf\"><\/span><\/div>\n<div class=\"brz-text-btn\">\n<div class=\"brz-rich-text brz-rich-text__custom brz-css-umosr\" data-custom-id=\"bgkyxrvclbbxxythvkxjtgqxdhzzsnwwrkmq\">\n<div>\n<p class=\"brz-css-dwdmk\"><span>Twitter<\/span><\/p>\n<\/div>\n<\/div>\n<\/div>\n<\/div>\n<\/div>\n<div class=\"brz-css-cguvo brz-css-gfbny brz-wrapper\">\n<div class=\"brz-icon-text brz-css-tqftk brz-css-yoeed\" data-custom-id=\"jabsrjtzzoxfchshzqqtimtttlnkjsnwskkq\">\n<div id class=\"brz-icon__container\" data-custom-id=\"cdxdzmlnscinzsmwffqlxwmqhplmzbhprxza\"><span class=\"brz-icon brz-span brz-css-jcjyp brz-css-wjajo\"><\/span><\/div>\n<div class=\"brz-text-btn\">\n<div class=\"brz-rich-text brz-rich-text__custom brz-css-umosr\" data-custom-id=\"txxspklpmzyaxsjzabzltuhbhneozicfdhup\">\n<div>\n<p class=\"brz-css-otptl\"><span>Facebook<\/span><\/p>\n<\/div>\n<\/div>\n<\/div>\n<\/div>\n<\/div>\n<div class=\"brz-css-cguvo brz-wrapper\">\n<div class=\"brz-icon-text brz-css-tqftk brz-css-sixhx\" data-custom-id=\"evbxwngmaedzgcjttyjbxbrqilvezuyjizmm\">\n<div id class=\"brz-icon__container\" data-custom-id=\"gburckwvhlgdxkgngoywxugovxipiwturtcd\"><span class=\"brz-icon brz-span brz-css-jcjyp brz-css-gjkrv\"><\/span><\/div>\n<div class=\"brz-text-btn\">\n<div class=\"brz-rich-text brz-rich-text__custom brz-css-umosr\" data-custom-id=\"cxbjqcvvcsyicwjnumpamepblkgqnskdfjka\">\n<div>\n<p class=\"brz-css-rantl\"><span>Youtube<\/span><\/p>\n<\/div>\n<\/div>\n<\/div>\n<\/div>\n<\/div>\n<\/div>\n<\/div>\n<\/div>\n<\/div>\n<div class=\"brz-css-cguvo brz-wrapper\">\n<div class=\"brz-image brz-css-quush\"><img decoding=\"async\" class=\"brz-img\" src=\"https:\/\/tlatelolcounam.mx\/caminoreal\/wp-content\/uploads\/brizy\/imgs\/escudo-firma-176x88x0x0x176x88x1642108760.png\" alt=\"\" loading=\"lazy\" \/><\/div>\n<\/div>\n<div class=\"brz-css-cguvo brz-css-ntkrh brz-wrapper\">\n<div class=\"brz-line brz-line-default brz-css-djafe brz-css-cnigy\" data-custom-id=\"wguunchwyulhdtykgwtenhecrqcyxgzhcexc\">\n<hr class=\"brz-hr\" \/><\/div>\n<\/div>\n<div class=\"brz-css-cguvo brz-wrapper\">\n<div class=\"brz-rich-text brz-rich-text__custom brz-css-umosr\" data-custom-id=\"ltuintpcpfoaywaqxegggkzizlpptgxtiful\">\n<div>\n<p class=\"brz-css-smgij\" data-uniq-id=\"yqtzc\" data-generated-css=\"brz-css-kwjoz\"><span>Esta p\u00e1gina y el contenido de la misma se encuentran protegidos por propiedad intelectual, confidencialidad entre las partes, as\u00ed como por normativa general y universitaria vigente de Transparencia, Acceso a la Informaci\u00f3n P\u00fablica y Protecci\u00f3n de Datos Personales. UNAM-CCUT.<\/span><\/p>\n<\/div>\n<\/div>\n<\/div>\n<\/div>\n<\/div>\n<\/section>\n<\/div>\n<p><!-- version:1673311041 --><\/p>\n","protected":false},"excerpt":{"rendered":"<p>Inicio Estados Historia Quer\u00e9taro Gastronom\u00eda La gastronom\u00eda de Quer\u00e9taro est\u00e1 basada en productos y platillos caracter\u00edsticos de su regi\u00f3n semides\u00e9rtica, su tradici\u00f3n culinaria tiene una fuerte influencia de las culturas chichimeca, tolteca y otom\u00ed; en ella se utilizan principalmente el ma\u00edz, el chile, las cact\u00e1ceas y las frutas. San Juan del R\u00edo Portal de Reyes [&hellip;]<\/p>\n","protected":false},"author":6,"featured_media":0,"parent":2871,"menu_order":0,"comment_status":"closed","ping_status":"closed","template":"brizy-blank-template.php","meta":{"footnotes":""},"class_list":["post-3829","page","type-page","status-publish","hentry"],"_links":{"self":[{"href":"https:\/\/tlatelolcounam.mx\/caminoreal\/wp-json\/wp\/v2\/pages\/3829","targetHints":{"allow":["GET"]}}],"collection":[{"href":"https:\/\/tlatelolcounam.mx\/caminoreal\/wp-json\/wp\/v2\/pages"}],"about":[{"href":"https:\/\/tlatelolcounam.mx\/caminoreal\/wp-json\/wp\/v2\/types\/page"}],"author":[{"embeddable":true,"href":"https:\/\/tlatelolcounam.mx\/caminoreal\/wp-json\/wp\/v2\/users\/6"}],"replies":[{"embeddable":true,"href":"https:\/\/tlatelolcounam.mx\/caminoreal\/wp-json\/wp\/v2\/comments?post=3829"}],"version-history":[{"count":25,"href":"https:\/\/tlatelolcounam.mx\/caminoreal\/wp-json\/wp\/v2\/pages\/3829\/revisions"}],"predecessor-version":[{"id":42847,"href":"https:\/\/tlatelolcounam.mx\/caminoreal\/wp-json\/wp\/v2\/pages\/3829\/revisions\/42847"}],"up":[{"embeddable":true,"href":"https:\/\/tlatelolcounam.mx\/caminoreal\/wp-json\/wp\/v2\/pages\/2871"}],"wp:attachment":[{"href":"https:\/\/tlatelolcounam.mx\/caminoreal\/wp-json\/wp\/v2\/media?parent=3829"}],"curies":[{"name":"wp","href":"https:\/\/api.w.org\/{rel}","templated":true}]}}