{"id":37757,"date":"2022-07-07T21:53:00","date_gmt":"2022-07-07T21:53:00","guid":{"rendered":"https:\/\/tlatelolcounam.mx\/caminoreal\/?page_id=37757"},"modified":"2025-08-11T14:49:29","modified_gmt":"2025-08-11T14:49:29","slug":"queretaro_cronistas","status":"publish","type":"page","link":"https:\/\/tlatelolcounam.mx\/caminoreal\/queretaro-2\/queretaro_cronistas\/","title":{"rendered":"Quer\u00e9taro-Cronistas"},"content":{"rendered":"<div class=\"brz-root__container brz-reset-all\">\n<section data-uid=\"dokjzmexqunazctbloammypxiyzspbnjdvyj\" id=\"dokjzmexqunazctbloammypxiyzspbnjdvyj\" class=\"brz-section brz-css-jhems\">\n<div class=\"brz-section__content brz-section--fullWidth brz-css-rwzzn brz-css-iglig\" data-custom-id=\"ofodesxequsppebghdddegirgebmibqoghuq\">\n<div class=\"brz-container brz-css-fpdko brz-css-srzzs\">\n<div class=\"brz-row__container brz-css-xxiuu\" data-custom-id=\"utyrubatiicuodtfdrsdwpqylqelgarpuuon\">\n<div class=\"brz-bg overflow-hidden absolute top-0 left-0 w-full h-full\"><\/div>\n<div class=\"brz-row brz-css-cnncp brz-css-uvyqd\">\n<div class=\"brz-columns brz-css-twyzn brz-css-ziqts\" data-custom-id=\"bwhvzqizgbjedpjcxsmqwrqrinyzgjbgspsj\">\n<div class=\"brz-bg overflow-hidden absolute top-0 left-0 w-full h-full\">\n<div class=\"brz-bg-image absolute top-0 left-0 w-full h-full bg-no-repeat bg-cover\"><\/div>\n<div class=\"brz-bg-color absolute top-0 left-0 w-full h-full\"><\/div>\n<\/div>\n<div class=\"brz-column__items brz-css-yxpsl brz-css-fmokm\">\n<div class=\"brz-css-cpxoc brz-wrapper\">\n<div class=\"brz-rich-text brz-rich-text__custom brz-css-vycfg\" data-custom-id=\"argitvngkboazgdmpruyqllnwqoqiptboihu\">\n<div>\n<p class=\"brz-css-wqxok\" data-uniq-id=\"dqrye\" data-generated-css=\"brz-css-jlmcr\"><strong class=\"brz-capitalize-on\">Quer\u00e9taro<\/strong><\/p>\n<\/div>\n<\/div>\n<\/div>\n<div class=\"brz-css-cpxoc brz-wrapper\">\n<div class=\"brz-rich-text brz-rich-text__custom brz-css-vycfg\" data-custom-id=\"jthpzzgantpgaqxsypfhezyeoqcnrgbyswox\">\n<div>\n<p class=\"brz-css-bjqer\" data-generated-css=\"brz-css-eynne\" data-uniq-id=\"feema\"><\/p>\n<\/div>\n<\/div>\n<\/div>\n<div class=\"brz-css-cpxoc brz-wrapper\">\n<div class=\"brz-rich-text brz-rich-text__custom brz-css-vycfg\" data-custom-id=\"bdbilqmmrbvfujygbwxsqrtauaxtgqnjvwov\">\n<div>\n<p class=\"brz-css-rcnfc\" data-generated-css=\"brz-css-xhnjb\" data-uniq-id=\"qmnxd\"><\/p>\n<\/div>\n<\/div>\n<\/div>\n<div class=\"brz-css-cpxoc brz-wrapper\">\n<div class=\"brz-rich-text brz-rich-text__custom brz-css-vycfg\" data-custom-id=\"fzttolueaqysgqbmepcxuqiqbmfsujirbskm\">\n<div>\n<p class=\"brz-css-ktyue\" data-generated-css=\"brz-css-aqhbk\" data-uniq-id=\"rbeoz\"><strong>Cronistas<\/strong><\/p>\n<\/div>\n<\/div>\n<\/div>\n<\/div>\n<\/div>\n<\/div>\n<\/div>\n<\/div>\n<\/div>\n<\/section>\n<section data-uid=\"vkkdmiywdorcuowqdwgtdcgpjevosqiqxbqd\" id=\"vkkdmiywdorcuowqdwgtdcgpjevosqiqxbqd\" class=\"brz-section brz-css-jhems\">\n<div class=\"brz-section__content brz-section--boxed brz-css-rwzzn brz-css-xsycv\" data-custom-id=\"tmgrfkcjjliasesblgtfjhoqvkheinubntyp\">\n<div class=\"brz-container brz-css-fpdko brz-css-ucpks\">\n<div class=\"brz-css-cpxoc brz-wrapper\">\n<div class=\"brz-rich-text brz-rich-text__custom brz-css-vycfg\" data-custom-id=\"schiktsidporvvxsibykwwzctorghwymbjao\">\n<div>\n<p class=\"brz-css-wnqog\" data-uniq-id=\"uikyp\" data-generated-css=\"brz-css-bhmxe\">Quer\u00e9taro cuenta con diversos cronistas que han recuperado los v\u00ednculos hist\u00f3ricos y el acontecer diario de sus habitantes. Por m\u00e1s de 30 a\u00f1os, los integrantes de la Asociaci\u00f3n de Cronistas Municipales de Quer\u00e9taro han dedicado su vida a escribir los hechos trascendentales de la vida cotidiana de los pueblos, con la finalidad de dejar un legado para las siguientes generaciones.<\/p>\n<\/div>\n<\/div>\n<\/div>\n<div class=\"brz-css-cpxoc brz-wrapper\">\n<div class=\"brz-line brz-line-default brz-css-djqvp brz-css-vaiox\" data-custom-id=\"vxlmzpzhiqesinjtklbyrtycwsmvrwyprrvy\">\n<hr class=\"brz-hr\" \/><\/div>\n<\/div>\n<div class=\"brz-row__container brz-css-xxiuu\" data-custom-id=\"pxduhuvlsmlbvyoiuvgnepxymvbvboqoxboq\">\n<div class=\"brz-bg overflow-hidden absolute top-0 left-0 w-full h-full\"><\/div>\n<div class=\"brz-row brz-css-cnncp brz-css-uvyqd\">\n<div class=\"brz-columns brz-css-twyzn brz-css-jufjq\" data-custom-id=\"szdimjmmscpnmhbbxtqfdqxfipodflnavhyc\">\n<div class=\"brz-bg overflow-hidden absolute top-0 left-0 w-full h-full\"><\/div>\n<div class=\"brz-column__items brz-css-yxpsl brz-css-psuyl\">\n<div class=\"brz-css-cpxoc brz-css-zphma brz-wrapper\">\n<div class=\"brz-rich-text brz-rich-text__custom brz-css-vycfg\" data-custom-id=\"uvgszqewclrgtxqypkdmgzxppviqvrbslgue\">\n<div>\n<p class=\"brz-css-wwtpl\" data-uniq-id=\"epmui\" data-generated-css=\"brz-css-jcyaf\"><strong style=\"background-color: transparent\">Cronistas Municipales del Estado de Quer\u00e9taro, A. C.<\/strong><\/p>\n<p class=\"brz-css-jtvdn\" data-uniq-id=\"nlafs\" data-generated-css=\"brz-css-dvexn\"><strong style=\"background-color: transparent\">Correo: <\/strong><span style=\"background-color: transparent\">cronicar@hotmail.com<\/span><\/p>\n<p class=\"brz-css-neacc\" data-uniq-id=\"rjvzp\" data-generated-css=\"brz-css-ktrtx\"><strong style=\"background-color: transparent\">Sitio web: <\/strong><span style=\"background-color: transparent\">https:\/\/www.facebook.com\/Cronistas-Municipales-del-Estado-de-Quer%C3%A9taro-A-C-100476975525146\/<\/span><\/p>\n<p class=\"brz-css-yzcjk\" data-uniq-id=\"niqhr\" data-generated-css=\"brz-css-ueorl\"><span style=\"background-color: transparent\"> <\/span><\/p>\n<p class=\"brz-css-nxbin\" data-uniq-id=\"wgozq\" data-generated-css=\"brz-css-xoshl\"><strong style=\"background-color: transparent\">Mtro. Eduardo Rabell Urbiola<\/strong><\/p>\n<p class=\"brz-css-talww\" data-uniq-id=\"zvsdu\" data-generated-css=\"brz-css-hfsjo\"><span style=\"background-color: transparent\">Cronista municipal de Quer\u00e9taro. Estudi\u00f3 la licenciatura de Contador P\u00fablico, tiene una maestr\u00eda en Educaci\u00f3n y otra maestr\u00eda en Historia por la Universidad Aut\u00f3noma de Quer\u00e9taro. Es miembro de la Academia Nacional de Historia y Geograf\u00eda de la UNAM e investigador Hist\u00f3rico; se ha desempe\u00f1ado ya con 20 a\u00f1os de experiencia sobre la cr\u00f3nica de la ciudad y es autor de varias publicaciones sobre la historia local<\/span><\/p>\n<p class=\"brz-css-chote\" data-uniq-id=\"llava\" data-generated-css=\"brz-css-piltf\"><strong style=\"background-color: transparent\">Tel\u00e9fono: <\/strong><span style=\"background-color: transparent\">442 214 1484<\/span><\/p>\n<p class=\"brz-css-prbvy\" data-uniq-id=\"zsahc\" data-generated-css=\"brz-css-jupbj\"><strong style=\"background-color: transparent\">Correo: <\/strong><span style=\"background-color: transparent\">cronista.municipal@municipiodequeretaro.gob.mx<\/span><\/p>\n<p class=\"brz-css-hcbye\" data-uniq-id=\"ijkwc\" data-generated-css=\"brz-css-gvddl\"><span style=\"background-color: transparent\"> <\/span><\/p>\n<p class=\"brz-css-xjplg\" data-uniq-id=\"wkgjv\" data-generated-css=\"brz-css-wpzke\"><strong style=\"background-color: transparent\">Prof. Omar Arteaga Paz<\/strong><\/p>\n<p class=\"brz-css-rgqlw\" data-uniq-id=\"feysi\" data-generated-css=\"brz-css-afvpd\"><span style=\"background-color: transparent\">Cronista municipal de Ezequiel Montes y presidente de Cronistas Municipales del Estado de Quer\u00e9taro, A. C.<\/span><\/p>\n<p class=\"brz-css-sbljw\" data-uniq-id=\"rfblf\" data-generated-css=\"brz-css-bibel\"><strong style=\"background-color: transparent\">Correo: <\/strong><span style=\"background-color: transparent\">cronicar@hotmail.com<\/span><\/p>\n<p class=\"brz-css-wsxjx\" data-uniq-id=\"xhptj\" data-generated-css=\"brz-css-eeqqo\"><strong style=\"background-color: transparent\">Sitio web: <\/strong><span style=\"background-color: transparent\">https:\/\/www.facebook.com\/cronistamunicipaldeezequielmontes\/<\/span><\/p>\n<p class=\"brz-css-rwtyq\" data-uniq-id=\"uzaud\" data-generated-css=\"brz-css-npdlv\"><span style=\"background-color: transparent\"> <\/span><\/p>\n<p class=\"brz-css-ksmzm\" data-uniq-id=\"cijpq\" data-generated-css=\"brz-css-ermjm\"><strong style=\"background-color: transparent\">Profra. Virginia Chaparro S\u00e1nchez<\/strong><\/p>\n<p class=\"brz-css-ezwuu\" data-uniq-id=\"azlbp\" data-generated-css=\"brz-css-bxqfv\"><span style=\"background-color: transparent\">Cronista y encargada del Archivo Municipal de Amealco de Bonfil, Quer\u00e9taro.<\/span><\/p>\n<p class=\"brz-css-fadle\" data-uniq-id=\"auszy\" data-generated-css=\"brz-css-csdhg\"><strong style=\"background-color: transparent\">Tel\u00e9fonos:<\/strong><span style=\"background-color: transparent\"> 448 278 0101 y 448 278 0140\u00a0<\/span><\/p>\n<p class=\"brz-css-cfhsf\" data-uniq-id=\"sutpx\" data-generated-css=\"brz-css-qjlwz\"><strong style=\"background-color: transparent\">Correo:<\/strong><span style=\"background-color: transparent\"> vikichaparro@hotmail.com\u00a0<\/span><\/p>\n<p class=\"brz-css-qrzdk\" data-uniq-id=\"gdhfc\" data-generated-css=\"brz-css-lzztw\"><strong style=\"background-color: transparent\">Domicilio:<\/strong><span style=\"background-color: transparent\"> Plaza de la Constituci\u00f3n # 20, Centro, C.P. 76850<\/span><\/p>\n<p class=\"brz-css-vaioe\" data-uniq-id=\"grfee\" data-generated-css=\"brz-css-bzuig\"><\/p>\n<p class=\"brz-css-iaoby\" data-uniq-id=\"cdteq\" data-generated-css=\"brz-css-epwvy\"><strong style=\"background-color: transparent\">Ubaldo Neftal\u00ed S\u00e1enz B\u00e1rcenas\u00a0<\/strong><\/p>\n<p class=\"brz-css-mkjkl\" data-uniq-id=\"zmzyu\" data-generated-css=\"brz-css-flzrl\"><span style=\"background-color: transparent\">Cronista de San Juan del R\u00edo, Quer\u00e9taro\u00a0<\/span><\/p>\n<p class=\"brz-css-hkhus\" data-uniq-id=\"itrrs\" data-generated-css=\"brz-css-hwvne\"><strong style=\"background-color: transparent\">Correo: <\/strong><span style=\"background-color: transparent\">cronistasanjuandelrio@gmail.com\u00a0<\/span><\/p>\n<p class=\"brz-css-qnifu\" data-uniq-id=\"dfygw\" data-generated-css=\"brz-css-avsxt\"><strong style=\"background-color: transparent\">Sitio web:<\/strong><span style=\"background-color: transparent\"> https:\/\/m.facebook.com\/CronistaSanJuandelRio<\/span><\/p>\n<p class=\"brz-css-xrwhs\" data-uniq-id=\"metra\" data-generated-css=\"brz-css-gubrq\"><strong style=\"background-color: transparent\">Oficina: <\/strong><span style=\"background-color: transparent\">Centro Hist\u00f3rico, Av. Benito Ju\u00e1rez Ote. No. 15, Portal del Diezmo, 76800 San Juan del R\u00edo, Quer\u00e9taro.\u00a0<\/span><\/p>\n<p class=\"brz-css-wbyqi\" data-uniq-id=\"xywwv\" data-generated-css=\"brz-css-stlve\"><\/p>\n<h4 class=\"brz-css-liadf\" data-uniq-id=\"wcaiy\" data-generated-css=\"brz-css-azuyd\"><strong style=\"background-color: transparent\">Dr. Jos\u00e9 Luis Rub\u00e9n P\u00e1ramo Quero<\/strong><\/h4>\n<h4 class=\"brz-css-sixxc\" data-uniq-id=\"oubke\" data-generated-css=\"brz-css-jhazu\"><span style=\"background-color: transparent\">M\u00e9dico Cirujano de profesi\u00f3n e investigador por convicci\u00f3n. Es miembro de la Academia Nacional de Historia y Geograf\u00eda, filial Quer\u00e9taro, y Cronista Municipal de Pinal de Amoles, Quer\u00e9taro, desde 1995.<\/span><\/h4>\n<p class=\"brz-css-wuqiz\" data-uniq-id=\"dcgwu\" data-generated-css=\"brz-css-lexve\"><strong style=\"background-color: transparent\">Correo:<\/strong><span style=\"background-color: transparent\"> doc.paramo@hotmail.com<\/span><\/p>\n<p class=\"brz-css-njtrh\" data-uniq-id=\"monvr\" data-generated-css=\"brz-css-mnabb\"><strong style=\"background-color: transparent\">Sitio web:<\/strong><span style=\"background-color: transparent\"> https:\/\/www.facebook.com\/Cronista-de-Pinal-634477870516746\/about<\/span><\/p>\n<p class=\"brz-css-ewhyi\" data-uniq-id=\"enbal\" data-generated-css=\"brz-css-jxjmj\"><\/p>\n<p class=\"brz-css-gvpkt\" data-uniq-id=\"vwfbc\" data-generated-css=\"brz-css-ybdlx\"><strong style=\"background-color: transparent\">Lic. Dulce Mar\u00eda Ard\u00f3n Mart\u00ednez<\/strong><\/p>\n<p class=\"brz-css-dbsxx\" data-uniq-id=\"ikkgs\" data-generated-css=\"brz-css-zvqpy\"><span style=\"background-color: transparent\">Licenciada en Administraci\u00f3n de Empresas por la Universidad Aut\u00f3noma de Quer\u00e9taro. Cronista Municipal de Corregidora.\u00a0<\/span><\/p>\n<p class=\"brz-css-mnuhv\" data-uniq-id=\"siuhs\" data-generated-css=\"brz-css-jftgs\"><strong style=\"background-color: transparent\">Correo: <\/strong><span style=\"background-color: transparent\">paseocorregidora@gmail.com<\/span><\/p>\n<p class=\"brz-css-ygqiw\" data-uniq-id=\"lrrqs\" data-generated-css=\"brz-css-xahtt\"><strong style=\"background-color: transparent\">Sitio web:<\/strong><span style=\"background-color: transparent\"> https:\/\/www.facebook.com\/paseocorregidora<\/span><\/p>\n<p class=\"brz-css-rtfpu\" data-uniq-id=\"ionhg\" data-generated-css=\"brz-css-enimh\"><\/p>\n<p class=\"brz-css-nsujx\" data-uniq-id=\"yxvud\" data-generated-css=\"brz-css-xbmgc\"><strong style=\"background-color: transparent\">Jaime Z\u00fa\u00f1iga Burgos\u00a0<\/strong><\/p>\n<p class=\"brz-css-stnlr\" data-uniq-id=\"xlvci\" data-generated-css=\"brz-css-dprow\"><span style=\"background-color: transparent\">Cronista del Estado de Quer\u00e9taro.<\/span><\/p>\n<p class=\"brz-css-rdlrh\" data-uniq-id=\"gndzq\" data-generated-css=\"brz-css-pfugd\"><span style=\"background-color: transparent\">Con formaci\u00f3n de m\u00e9dico Cirujano por la Universidad Nacional Aut\u00f3noma de M\u00e9xico (UNAM), licenciado en Derecho por la Universidad Aut\u00f3noma de Quer\u00e9taro (UAQ), y con maestr\u00eda en Administraci\u00f3n P\u00fablica por la misma instituci\u00f3n educativa. Se desempe\u00f1\u00f3, entre otros cargos, como cronista del municipio de El Marqu\u00e9s, as\u00ed como representante del Sindicato Nacional del Instituto Mexicano del Seguro Social (IMSS), diputado local y delegado federal.<\/span><\/p>\n<p class=\"brz-css-ephgq\" data-uniq-id=\"mcrcl\" data-generated-css=\"brz-css-ygyas\"><strong style=\"background-color: transparent\">Correo: <\/strong><span style=\"background-color: transparent\">preservapatrimonio@hotmail.com<\/span><\/p>\n<p class=\"brz-css-ojlmm\" data-uniq-id=\"angqp\" data-generated-css=\"brz-css-pvgmx\"><strong style=\"background-color: transparent\">Sitio web: <\/strong><span style=\"background-color: transparent\">https:\/\/www.facebook.com\/JaimeZunigaBurgos<\/span><\/p>\n<p class=\"brz-css-qngsn\" data-uniq-id=\"zhhmg\" data-generated-css=\"brz-css-wqexv\"><\/p>\n<p class=\"brz-css-btaju\" data-uniq-id=\"dsgvg\" data-generated-css=\"brz-css-fnbzt\"><strong style=\"background-color: transparent\">Buena Ventura Olvera Mu\u00f1oz<\/strong><\/p>\n<p class=\"brz-css-fqfnn\" data-uniq-id=\"sqmlm\" data-generated-css=\"brz-css-dvlcm\"><span style=\"background-color: transparent\">Cronista honoraria de Cadereyta de Montes.<\/span><\/p>\n<p class=\"brz-css-zydek\" data-uniq-id=\"pdsvl\" data-generated-css=\"brz-css-twvmz\"><strong style=\"background-color: transparent\">Sitio web: <\/strong><span style=\"background-color: transparent\">https:\/\/www.facebook.com\/mabuenaventura.olveramunoz<\/span><\/p>\n<\/div>\n<\/div>\n<\/div>\n<\/div>\n<\/div>\n<\/div>\n<\/div>\n<\/div>\n<\/div>\n<\/section>\n<section data-uid=\"rveuamtmysvwswawebijahrjxkuxjvxlxelg\" id=\"rveuamtmysvwswawebijahrjxkuxjvxlxelg\" class=\"brz-section brz-css-jhems brz-css-nvdjw\">\n<div class=\"brz-section__content brz-section--boxed brz-css-rwzzn brz-css-sesqu\" data-custom-id=\"jevxzucvdlfbjclqnoxdfdxufrptolgfwndq\">\n<div class=\"brz-bg overflow-hidden absolute top-0 left-0 w-full h-full\">\n<div class=\"brz-bg-map absolute top-0 left-0 w-full h-full\"><\/div>\n<\/div>\n<div class=\"brz-container brz-css-fpdko\">\n<div class=\"brz-css-cpxoc brz-wrapper\">\n<div class=\"brz-wp-shortcode brz-css-nudqh\" data-custom-id=\"vaumvpxxskcrrqrhzkoxiwldmvtwaubzppkh\">\n<div><div class=\"twer-map-wrapper treweler-map-fw\" ><div class=\"twer-iframe-embed\" style=\"height:500px;\"><iframe loading=\"lazy\" class=\"twer-iframe\" src=\"https:\/\/tlatelolcounam.mx\/caminoreal\/treweler-map\/estado-de-mexico\/?tw=iframe&#038;twer-index=1&#038;twer-map-id=474&#038;twer-height=500px&#038;twer-type=fullwidth&#038;twer-scrollzoom=yes&#038;twer-width\"  frameborder=\"0\" title=\"Treweler Map\"><\/iframe><\/div><\/div><\/div>\n<\/div>\n<\/div>\n<\/div>\n<\/div>\n<\/section>\n<section data-uid=\"qkfzfeoawtxqqyvitadwfdeismrzfhwurmii\" id=\"qkfzfeoawtxqqyvitadwfdeismrzfhwurmii\" class=\"brz-section brz-css-jhems\">\n<div class=\"brz-section__content brz-section--boxed brz-css-rwzzn brz-css-syrya\" data-custom-id=\"furozkipdsfzporznemncmrldghyqktjhmgb\">\n<div class=\"brz-bg overflow-hidden absolute top-0 left-0 w-full h-full\">\n<div class=\"brz-bg-image absolute top-0 left-0 w-full h-full bg-no-repeat bg-cover\"><\/div>\n<div class=\"brz-bg-color absolute top-0 left-0 w-full h-full\"><\/div>\n<\/div>\n<div class=\"brz-container brz-css-fpdko\">\n<div class=\"brz-row__container brz-css-xxiuu\" data-custom-id=\"achsreujasksizjbtnmshsdugxsmfrbryrvr\">\n<div class=\"brz-bg overflow-hidden absolute top-0 left-0 w-full h-full\"><\/div>\n<div class=\"brz-row brz-css-cnncp brz-css-uvyqd\">\n<div class=\"brz-columns brz-css-twyzn brz-css-heflz\" data-custom-id=\"zokmicasrntzzshjxniwzjkuppixtkmaqdzz\">\n<div class=\"brz-bg overflow-hidden absolute top-0 left-0 w-full h-full\"><\/div>\n<div class=\"brz-column__items brz-css-yxpsl brz-css-hxdrx\">\n<div class=\"brz-css-cpxoc brz-css-qxpwe brz-wrapper\">\n<div class=\"brz-image brz-css-efgng\"><img decoding=\"async\" class=\"brz-img\" src=\"https:\/\/tlatelolcounam.mx\/caminoreal\/wp-content\/uploads\/brizy\/imgs\/logo-1-293x101x0x1x293x100x1642108354.png\" alt=\"\" loading=\"lazy\" \/><\/div>\n<\/div>\n<div class=\"brz-css-cpxoc brz-css-tichx brz-wrapper\">\n<div class=\"brz-spacer brz-css-kwwqe brz-css-jbpug\"><\/div>\n<\/div>\n<div class=\"brz-css-cpxoc brz-wrapper\">\n<div class=\"brz-rich-text brz-rich-text__custom brz-css-vycfg\" data-custom-id=\"kywuxuscztrrhlidoxrxnbhrmlsoucwdrdvp\">\n<div>\n<p class=\"brz-css-pggup\" data-uniq-id=\"euomf\" data-generated-css=\"brz-css-qlfmh\"><span>Ricardo Flores Mag\u00f3n 1. <\/span><\/p>\n<p class=\"brz-css-glkio\" data-uniq-id=\"fkrdx\" data-generated-css=\"brz-css-lepkg\"><span>Col. Nonoalco-Tlatelolco C.P. 06995. <\/span><\/p>\n<p class=\"brz-css-rlxrh\" data-uniq-id=\"gutxj\" data-generated-css=\"brz-css-zxvpu\"><span>ccutlatelolco@gmail.com<\/span><\/p>\n<p class=\"brz-css-wgdru\" data-generated-css=\"brz-css-fwbyw\" data-uniq-id=\"yzdzu\"><span>5117 2818 ext. 49613<\/span><\/p>\n<\/div>\n<\/div>\n<\/div>\n<\/div>\n<\/div>\n<div class=\"brz-columns brz-css-twyzn brz-css-jmqsp\" data-custom-id=\"ueceosewmvdlocaoiccxqzaqsdrbhugdlqwp\">\n<div class=\"brz-bg overflow-hidden absolute top-0 left-0 w-full h-full\"><\/div>\n<div class=\"brz-column__items brz-css-yxpsl\">\n<div class=\"brz-css-cpxoc brz-wrapper\">\n<div class=\"brz-rich-text brz-rich-text__custom brz-css-vycfg\" data-custom-id=\"yieydbdefqqzosmqedrukrhhuflrrnwhnfme\">\n<div>\n<p class=\"brz-css-naize\" data-uniq-id=\"pdybz\" data-generated-css=\"brz-css-custc\"><span>M\u00e1s sobre el CCUT<\/span><\/p>\n<\/div>\n<\/div>\n<\/div>\n<div class=\"brz-css-cpxoc brz-css-tichx brz-wrapper\">\n<div class=\"brz-spacer brz-css-kwwqe brz-css-cxhbt\"><\/div>\n<\/div>\n<div class=\"brz-css-cpxoc brz-wrapper\">\n<div class=\"brz-rich-text brz-rich-text__custom brz-css-vycfg\" data-custom-id=\"ynfeweewrtxixsrhnduzblhwsykqywcbwrbd\">\n<div>\n<p class=\"brz-css-ngiof\" data-uniq-id=\"frwjr\" data-generated-css=\"brz-css-laqsj\"><span>Seminario <\/span><\/p>\n<p class=\"brz-css-wxobu\" data-uniq-id=\"vnkoo\" data-generated-css=\"brz-css-dmrvc\"><span>Memorias<\/span><\/p>\n<p class=\"brz-css-mfnxq\" data-uniq-id=\"dcvrt\" data-generated-css=\"brz-css-bwatq\"><span>Resistencias<\/span><\/p>\n<p class=\"brz-css-wdxvt\" data-generated-css=\"brz-css-vpotn\" data-uniq-id=\"xkgby\"><span>Comunidades<\/span><\/p>\n<\/div>\n<\/div>\n<\/div>\n<div class=\"brz-css-cpxoc brz-wrapper\">\n<div class=\"brz-rich-text brz-rich-text__custom brz-css-vycfg\" data-custom-id=\"imzwziqzkzgaummubqbkvghlpqnmykoyscdr\">\n<div>\n<p class=\"brz-css-okwuu\" data-uniq-id=\"icvhm\" data-generated-css=\"brz-css-gzhjx\"><\/p>\n<\/div>\n<\/div>\n<\/div>\n<\/div>\n<\/div>\n<div class=\"brz-columns brz-css-twyzn brz-css-zpign\" data-custom-id=\"vweavhhwtywjlvwtobzunrtkfybgszsfwmoi\">\n<div class=\"brz-bg overflow-hidden absolute top-0 left-0 w-full h-full\"><\/div>\n<div class=\"brz-column__items brz-css-yxpsl\">\n<div class=\"brz-css-cpxoc brz-wrapper\">\n<div class=\"brz-rich-text brz-rich-text__custom brz-css-vycfg\" data-custom-id=\"yuqipqqugxqfpjpkfcexpwembqsekzhvzpjf\">\n<div>\n<p class=\"brz-css-gnnpu\" data-uniq-id=\"wbckk\" data-generated-css=\"brz-css-akbyj\"><span class=\"brz-cp-color8\">S\u00edguenos<\/span><\/p>\n<\/div>\n<\/div>\n<\/div>\n<div class=\"brz-css-cpxoc brz-css-tichx brz-wrapper\">\n<div class=\"brz-spacer brz-css-kwwqe brz-css-dvlch\"><\/div>\n<\/div>\n<div class=\"brz-css-cpxoc brz-css-efzcp brz-wrapper\">\n<div class=\"brz-icon-text brz-css-tncaw brz-css-fejor\" data-custom-id=\"hydbwhzcpvjqiiorwlilgqxqftkxpkwkywsj\">\n<div id class=\"brz-icon__container\" data-custom-id=\"uqxskthsztuwpwwoqfqmhvqdknuvatiyuwqk\"><span class=\"brz-icon brz-span brz-css-vblcy brz-css-kzwrs\"><\/span><\/div>\n<div class=\"brz-text-btn\">\n<div class=\"brz-rich-text brz-rich-text__custom brz-css-vycfg\" data-custom-id=\"bgkyxrvclbbxxythvkxjtgqxdhzzsnwwrkmq\">\n<div>\n<p class=\"brz-css-pwueb\"><span>Twitter<\/span><\/p>\n<\/div>\n<\/div>\n<\/div>\n<\/div>\n<\/div>\n<div class=\"brz-css-cpxoc brz-css-nsbeq brz-wrapper\">\n<div class=\"brz-icon-text brz-css-tncaw brz-css-npoih\" data-custom-id=\"jabsrjtzzoxfchshzqqtimtttlnkjsnwskkq\">\n<div id class=\"brz-icon__container\" data-custom-id=\"cdxdzmlnscinzsmwffqlxwmqhplmzbhprxza\"><span class=\"brz-icon brz-span brz-css-vblcy brz-css-juxnm\"><\/span><\/div>\n<div class=\"brz-text-btn\">\n<div class=\"brz-rich-text brz-rich-text__custom brz-css-vycfg\" data-custom-id=\"txxspklpmzyaxsjzabzltuhbhneozicfdhup\">\n<div>\n<p class=\"brz-css-nouwe\"><span>Facebook<\/span><\/p>\n<\/div>\n<\/div>\n<\/div>\n<\/div>\n<\/div>\n<div class=\"brz-css-cpxoc brz-wrapper\">\n<div class=\"brz-icon-text brz-css-tncaw brz-css-qkuua\" data-custom-id=\"evbxwngmaedzgcjttyjbxbrqilvezuyjizmm\">\n<div id class=\"brz-icon__container\" data-custom-id=\"gburckwvhlgdxkgngoywxugovxipiwturtcd\"><span class=\"brz-icon brz-span brz-css-vblcy brz-css-scrcs\"><\/span><\/div>\n<div class=\"brz-text-btn\">\n<div class=\"brz-rich-text brz-rich-text__custom brz-css-vycfg\" data-custom-id=\"cxbjqcvvcsyicwjnumpamepblkgqnskdfjka\">\n<div>\n<p class=\"brz-css-ebbee\"><span>Youtube<\/span><\/p>\n<\/div>\n<\/div>\n<\/div>\n<\/div>\n<\/div>\n<\/div>\n<\/div>\n<\/div>\n<\/div>\n<div class=\"brz-css-cpxoc brz-wrapper\">\n<div class=\"brz-image brz-css-colmx\"><img decoding=\"async\" class=\"brz-img\" src=\"https:\/\/tlatelolcounam.mx\/caminoreal\/wp-content\/uploads\/brizy\/imgs\/escudo-firma-176x88x0x0x176x88x1642108760.png\" alt=\"\" loading=\"lazy\" \/><\/div>\n<\/div>\n<div class=\"brz-css-cpxoc brz-css-dtbec brz-wrapper\">\n<div class=\"brz-line brz-line-default brz-css-djqvp brz-css-jelqv\" data-custom-id=\"wguunchwyulhdtykgwtenhecrqcyxgzhcexc\">\n<hr class=\"brz-hr\" \/><\/div>\n<\/div>\n<div class=\"brz-css-cpxoc brz-wrapper\">\n<div class=\"brz-rich-text brz-rich-text__custom brz-css-vycfg\" data-custom-id=\"ltuintpcpfoaywaqxegggkzizlpptgxtiful\">\n<div>\n<p class=\"brz-css-jepjl\" data-uniq-id=\"yqtzc\" data-generated-css=\"brz-css-kwjoz\"><span>Esta p\u00e1gina y el contenido de la misma se encuentran protegidos por propiedad intelectual, confidencialidad entre las partes, as\u00ed como por normativa general y universitaria vigente de Transparencia, Acceso a la Informaci\u00f3n P\u00fablica y Protecci\u00f3n de Datos Personales. UNAM-CCUT.<\/span><\/p>\n<\/div>\n<\/div>\n<\/div>\n<\/div>\n<\/div>\n<\/section>\n<\/div>\n<p><!-- version:1673311077 --><\/p>\n","protected":false},"excerpt":{"rendered":"<p>Quer\u00e9taro Cronistas Quer\u00e9taro cuenta con diversos cronistas que han recuperado los v\u00ednculos hist\u00f3ricos y el acontecer diario de sus habitantes. Por m\u00e1s de 30 a\u00f1os, los integrantes de la Asociaci\u00f3n de Cronistas Municipales de Quer\u00e9taro han dedicado su vida a escribir los hechos trascendentales de la vida cotidiana de los pueblos, con la finalidad de [&hellip;]<\/p>\n","protected":false},"author":3,"featured_media":0,"parent":2871,"menu_order":0,"comment_status":"closed","ping_status":"closed","template":"brizy-blank-template.php","meta":{"footnotes":""},"class_list":["post-37757","page","type-page","status-publish","hentry"],"_links":{"self":[{"href":"https:\/\/tlatelolcounam.mx\/caminoreal\/wp-json\/wp\/v2\/pages\/37757","targetHints":{"allow":["GET"]}}],"collection":[{"href":"https:\/\/tlatelolcounam.mx\/caminoreal\/wp-json\/wp\/v2\/pages"}],"about":[{"href":"https:\/\/tlatelolcounam.mx\/caminoreal\/wp-json\/wp\/v2\/types\/page"}],"author":[{"embeddable":true,"href":"https:\/\/tlatelolcounam.mx\/caminoreal\/wp-json\/wp\/v2\/users\/3"}],"replies":[{"embeddable":true,"href":"https:\/\/tlatelolcounam.mx\/caminoreal\/wp-json\/wp\/v2\/comments?post=37757"}],"version-history":[{"count":7,"href":"https:\/\/tlatelolcounam.mx\/caminoreal\/wp-json\/wp\/v2\/pages\/37757\/revisions"}],"predecessor-version":[{"id":44828,"href":"https:\/\/tlatelolcounam.mx\/caminoreal\/wp-json\/wp\/v2\/pages\/37757\/revisions\/44828"}],"up":[{"embeddable":true,"href":"https:\/\/tlatelolcounam.mx\/caminoreal\/wp-json\/wp\/v2\/pages\/2871"}],"wp:attachment":[{"href":"https:\/\/tlatelolcounam.mx\/caminoreal\/wp-json\/wp\/v2\/media?parent=37757"}],"curies":[{"name":"wp","href":"https:\/\/api.w.org\/{rel}","templated":true}]}}