{"id":3245,"date":"2022-05-02T12:53:31","date_gmt":"2022-05-02T12:53:31","guid":{"rendered":"https:\/\/tlatelolcounam.mx\/caminoreal\/?page_id=3245"},"modified":"2025-08-11T14:17:42","modified_gmt":"2025-08-11T14:17:42","slug":"chihuahua-cronistas","status":"publish","type":"page","link":"https:\/\/tlatelolcounam.mx\/caminoreal\/chihuahua\/chihuahua-cronistas\/","title":{"rendered":"Chihuahua Cronistas"},"content":{"rendered":"<div class=\"brz-root__container brz-reset-all\">\n<section data-uid=\"dokjzmexqunazctbloammypxiyzspbnjdvyj\" id=\"dokjzmexqunazctbloammypxiyzspbnjdvyj\" class=\"brz-section brz-css-teswt\">\n<div class=\"brz-section__content brz-section--fullWidth brz-css-wpbvf brz-css-sgyce\" data-custom-id=\"ofodesxequsppebghdddegirgebmibqoghuq\">\n<div class=\"brz-container brz-css-uhhgs brz-css-snoff\">\n<div class=\"brz-row__container brz-css-fbmiq\" data-custom-id=\"utyrubatiicuodtfdrsdwpqylqelgarpuuon\">\n<div class=\"brz-bg overflow-hidden absolute top-0 left-0 w-full h-full\"><\/div>\n<div class=\"brz-row brz-css-ckpvo brz-css-wqfix\">\n<div class=\"brz-columns brz-css-xwrrt brz-css-dfafd\" data-custom-id=\"bwhvzqizgbjedpjcxsmqwrqrinyzgjbgspsj\">\n<div class=\"brz-bg overflow-hidden absolute top-0 left-0 w-full h-full\">\n<div class=\"brz-bg-image absolute top-0 left-0 w-full h-full bg-no-repeat bg-cover\"><\/div>\n<div class=\"brz-bg-color absolute top-0 left-0 w-full h-full\"><\/div>\n<\/div>\n<div class=\"brz-column__items brz-css-qsgkt brz-css-aohgg\">\n<div class=\"brz-css-cistg brz-wrapper\">\n<div class=\"brz-rich-text brz-rich-text__custom brz-css-gidad\" data-custom-id=\"ejefqhaxxuazxxzlroshajkmbliqzzuvsznp\">\n<div>\n<p class=\"brz-css-ftpnz\" data-uniq-id=\"obtrl\" data-generated-css=\"brz-css-uxcom\"><strong>CHIHUAHUA<\/strong><\/p>\n<\/div>\n<\/div>\n<\/div>\n<div class=\"brz-css-cistg brz-wrapper\">\n<div class=\"brz-rich-text brz-rich-text__custom brz-css-gidad\" data-custom-id=\"qyxefqcxprtufvvkiymlqairdnybhbejnidg\">\n<div>\n<p class=\"brz-css-cjhft\" data-generated-css=\"brz-css-xxlhk\" data-uniq-id=\"tiatt\"><\/p>\n<\/div>\n<\/div>\n<\/div>\n<div class=\"brz-css-cistg brz-wrapper\">\n<div class=\"brz-rich-text brz-rich-text__custom brz-css-gidad\" data-custom-id=\"vnadaikqkdnmwkculhcsrdlgysqxzghsrgcf\">\n<div>\n<p class=\"brz-css-jqurt\" data-generated-css=\"brz-css-xmucj\" data-uniq-id=\"ylycs\"><\/p>\n<\/div>\n<\/div>\n<\/div>\n<div class=\"brz-css-cistg brz-wrapper\">\n<div class=\"brz-rich-text brz-rich-text__custom brz-css-gidad\" data-custom-id=\"yoztummtipqulnbkxotbauamskjzlqbhblpa\">\n<div>\n<p class=\"brz-css-rylic\" data-generated-css=\"brz-css-ynpuf\" data-uniq-id=\"fuanb\"><strong>Cronistas<\/strong><\/p>\n<\/div>\n<\/div>\n<\/div>\n<\/div>\n<\/div>\n<\/div>\n<\/div>\n<\/div>\n<\/div>\n<\/section>\n<section data-uid=\"vkkdmiywdorcuowqdwgtdcgpjevosqiqxbqd\" id=\"vkkdmiywdorcuowqdwgtdcgpjevosqiqxbqd\" class=\"brz-section brz-css-teswt\">\n<div class=\"brz-section__content brz-section--boxed brz-css-wpbvf brz-css-jzrxx\" data-custom-id=\"tmgrfkcjjliasesblgtfjhoqvkheinubntyp\">\n<div class=\"brz-container brz-css-uhhgs brz-css-nairg\">\n<div class=\"brz-css-cistg brz-css-jpipo brz-css-abszu brz-wrapper\">\n<div class=\"brz-spacer brz-css-ulkgk brz-css-ojclx\"><\/div>\n<\/div>\n<div class=\"brz-css-cistg brz-wrapper\">\n<div class=\"brz-rich-text brz-rich-text__custom brz-css-gidad\" data-custom-id=\"bwnzqnglsujjyxuvuwcdqtrbiqgqzmblrtgk\">\n<div>\n<p class=\"brz-css-mvfid\" data-generated-css=\"brz-css-wsfrm\" data-uniq-id=\"npjia\"><span style=\"background-color: transparent\">Chihuahua cuenta con grandes cronistas municipales con m\u00e1s de 20 a\u00f1os de trayectoria, cuya labor se basa en resguardar y difundir la historia del estado. De acuerdo con el Reglamento para Regular el Nombramiento y Actuaci\u00f3n de la Figura de Cronista de la Ciudad, entre las responsabilidades del cronista se encuentran: analizar y documentar los temas hist\u00f3ricos del municipio, relatar una memoria anual, llevar el diario hist\u00f3rico de la ciudad, formar n\u00f3minas cronol\u00f3gicas de las autoridades y los funcionarios, y compilar datos cartogr\u00e1ficos del municipio.<\/span><\/p>\n<\/div>\n<\/div>\n<\/div>\n<div class=\"brz-css-cistg brz-wrapper\">\n<div class=\"brz-line brz-line-default brz-css-qhqne brz-css-rdfji\" data-custom-id=\"vxlmzpzhiqesinjtklbyrtycwsmvrwyprrvy\">\n<hr class=\"brz-hr\" \/><\/div>\n<\/div>\n<div class=\"brz-css-cistg brz-wrapper\">\n<div class=\"brz-rich-text brz-rich-text__custom brz-css-gidad\" data-custom-id=\"aphwsuggyyjqiugenqdifyzytwtvkgifmlli\">\n<div>\n<p class=\"brz-css-zwvsq\" data-generated-css=\"brz-css-mnjfh\" data-uniq-id=\"jolru\"><strong style=\"background-color: transparent\" class=\"brz-cp-color7\">Lic. Rub\u00e9n Beltr\u00e1n Acosta. <\/strong><\/p>\n<p class=\"brz-css-trshr\" data-generated-css=\"brz-css-njvka\" data-uniq-id=\"guive\"><span style=\"background-color: transparent\" class=\"brz-cp-color7\">Cuenta con una trayectoria dentro de la cr\u00f3nica desde hace m\u00e1s de 23 a\u00f1os. Fue nombrado director del Archivo Hist\u00f3rico de la Ciudad y ha recibido un importante n\u00famero de premios y reconocimientos.<\/span><\/p>\n<p class=\"brz-css-kegqk\" data-generated-css=\"brz-css-benom\" data-uniq-id=\"iphxq\"><strong style=\"background-color: transparent\" class=\"brz-cp-color7\">Tel\u00e9fono:<\/strong><span class=\"brz-cp-color7\" style=\"background-color: transparent\"> 41 55 285\u00a0<\/span><\/p>\n<p class=\"brz-css-jjzfc\" data-generated-css=\"brz-css-honba\" data-uniq-id=\"rvgfi\"><strong style=\"background-color: transparent\" class=\"brz-cp-color7\">Correo:<\/strong><span class=\"brz-cp-color7\" style=\"background-color: transparent\"> ruben.acosta@mpiochih.gob.mx\u00a0<\/span><\/p>\n<p class=\"brz-css-eivgd\" data-generated-css=\"brz-css-wauwm\" data-uniq-id=\"qmncm\"><\/p>\n<p class=\"brz-css-bcegk\" data-generated-css=\"brz-css-yveqx\" data-uniq-id=\"zxkwc\"><strong style=\"background-color: transparent\" class=\"brz-cp-color7\">Lic. Carlos Gallegos P\u00e9rez<\/strong><span class=\"brz-cp-color7\" style=\"background-color: transparent\"> <\/span><\/p>\n<p class=\"brz-css-uhinv\" data-generated-css=\"brz-css-kceoe\" data-uniq-id=\"bldyn\"><span style=\"background-color: transparent\" class=\"brz-cp-color7\">Cronista municipal de Delicias, Chihuahua. Es licenciado en Comunicaci\u00f3n por la UNAM y licenciado en periodismo por la UACH. Fue coordinador de comunicaci\u00f3n social de la UACH y coordinador de comunicaci\u00f3n social del Estado. Fue nombrado nuevamente cronista del municipio de Delicias en marzo de 2022.\u00a0<\/span><\/p>\n<p class=\"brz-css-rtdyw\" data-generated-css=\"brz-css-cutud\" data-uniq-id=\"ejdlp\"><strong style=\"background-color: transparent\" class=\"brz-cp-color7\">Tel\u00e9fono: <\/strong><span class=\"brz-cp-color7\" style=\"background-color: transparent\">639 119 0855 <\/span><\/p>\n<p class=\"brz-css-sqzou\" data-generated-css=\"brz-css-ebold\" data-uniq-id=\"nghze\"><strong style=\"background-color: transparent\" class=\"brz-cp-color2\">Sitio web:<\/strong><span class=\"brz-cp-color2\" style=\"background-color: transparent\">: https:\/\/m.facebook.com\/pages\/category\/Landmark&#8212;Historical-Place\/Cronista-de-la-Ciudad-Delicias-109270230722597\/.\u00a0<\/span><\/p>\n<p class=\"brz-css-sofdj\" data-generated-css=\"brz-css-hwnpu\" data-uniq-id=\"iueng\"><\/p>\n<p class=\"brz-css-kpkgy\" data-generated-css=\"brz-css-gztil\" data-uniq-id=\"blhku\"><strong style=\"background-color: transparent\" class=\"brz-cp-color7\">Lic. Cecilia Ester Casta\u00f1eda Mon\u00e1rrez<\/strong><span class=\"brz-cp-color7\" style=\"background-color: transparent\"> <\/span><\/p>\n<p class=\"brz-css-cdzdf\" data-generated-css=\"brz-css-ylcqo\" data-uniq-id=\"lroiw\"><span style=\"background-color: transparent\" class=\"brz-cp-color7\">Soci\u00f3loga, periodista, escritora y amante de la historia. Es la primera mujer en ocupar el cargo de Cronista de la Ciudad en el municipio de Ju\u00e1rez.<\/span><\/p>\n<p class=\"brz-css-tisyq\" data-generated-css=\"brz-css-atdep\" data-uniq-id=\"baqxx\"><span style=\"background-color: transparent\" class=\"brz-cp-color7\"> <\/span><\/p>\n<p class=\"brz-css-rmwqz\" data-generated-css=\"brz-css-ybocy\" data-uniq-id=\"kmtbi\"><strong style=\"background-color: transparent\" class=\"brz-cp-color7\">Jes\u00fas Manuel Mart\u00ednez Ch\u00e1vez<\/strong><span class=\"brz-cp-color7\" style=\"background-color: transparent\">\u00a0<\/span><\/p>\n<p class=\"brz-css-hzawp\" data-generated-css=\"brz-css-sjudh\" data-uniq-id=\"vvqwv\"><span style=\"background-color: transparent\" class=\"brz-cp-color7\">Cronista municipal de Juan Aldama.\u00a0<\/span><\/p>\n<p class=\"brz-css-hccxa\" data-generated-css=\"brz-css-jbufm\" data-uniq-id=\"fhqiu\"><strong style=\"background-color: transparent\" class=\"brz-cp-color7\">Sitio web:<\/strong><span class=\"brz-cp-color7\" style=\"background-color: transparent\"> https:\/\/m.facebook.com\/Cronista.de<\/span><\/p>\n<p class=\"brz-css-vozvr\" data-generated-css=\"brz-css-jcgyl\" data-uniq-id=\"vzzzb\"><span style=\"background-color: transparent\" class=\"brz-cp-color7\"> <\/span><\/p>\n<p class=\"brz-css-jzxkd\" data-generated-css=\"brz-css-wmyup\" data-uniq-id=\"fwifm\"><strong style=\"background-color: transparent\" class=\"brz-cp-color7\">Profesor Marcelino Mart\u00ednez S\u00e1nchez<\/strong><span class=\"brz-cp-color7\" style=\"background-color: transparent\">\u00a0<\/span><\/p>\n<p class=\"brz-css-kbszk\" data-generated-css=\"brz-css-slklv\" data-uniq-id=\"htbok\"><span style=\"background-color: transparent\" class=\"brz-cp-color7\">Cronista de Ciudad Cuauht\u00e9moc. Estudi\u00f3 la especialidad en Historia en la Escuela Normal Superior Jos\u00e9 E. Medrano en Chihuahua. Es un profesor distinguido por su perfil c\u00edvico e hist\u00f3rico, nutrido por un amplio conocimiento de las culturas global, regional y local.\u00a0<\/span><\/p>\n<p class=\"brz-css-xqsry\" data-generated-css=\"brz-css-xdinf\" data-uniq-id=\"uqyxd\"><\/p>\n<p class=\"brz-css-wfwau\" data-generated-css=\"brz-css-gndge\" data-uniq-id=\"hzbue\"><strong style=\"background-color: transparent\" class=\"brz-cp-color7\">Leopoldo Horacio Ch\u00e1vez Valenzuela<\/strong><\/p>\n<p class=\"brz-css-tphzo\" data-generated-css=\"brz-css-veibk\" data-uniq-id=\"ftbbl\"><span style=\"background-color: transparent\" class=\"brz-cp-color7\">Cronista de Casas Grandes. Apasionado de la historia universal, especialmente lo referente a la regi\u00f3n de Casas Grandes y sus actividades en los diversos movimientos sociales desde su fundaci\u00f3n. Estudi\u00f3 un diplomado en turismo en la UACJ y un diplomado de Gu\u00eda de Turistas en el INAH, y tom\u00f3 un curso sobre museograf\u00eda y archivo. En el \u00e1mbito p\u00fablico se desempe\u00f1\u00f3 como Delegado Municipal del Registro Nacional de Electores en el municipio de Casas Grandes y Janos; Director de Catastro Municipal, Director de Desarrollo Social y Director de Difusi\u00f3n Cultural del municipio de Casas Grandes.<\/span><\/p>\n<p class=\"brz-css-mscze\" data-generated-css=\"brz-css-lanvb\" data-uniq-id=\"bqvta\"><strong style=\"background-color: transparent\" class=\"brz-cp-color7\">Sitio web<\/strong><span class=\"brz-cp-color7\" style=\"background-color: transparent\">: https:\/\/www.facebook.com\/profile.php?id=100007536707601<\/span><\/p>\n<p class=\"brz-css-iiuvz\" data-generated-css=\"brz-css-uomec\" data-uniq-id=\"yiyxc\"><span style=\"background-color: transparent\" class=\"brz-cp-color7\"> <\/span><\/p>\n<p class=\"brz-css-cncgb\" data-generated-css=\"brz-css-cwrtf\" data-uniq-id=\"xuigv\"><strong style=\"background-color: transparent\" class=\"brz-cp-color7\">Manuel Rosales Villa<\/strong><\/p>\n<p class=\"brz-css-laksr\" data-generated-css=\"brz-css-hpgdr\" data-uniq-id=\"wsxja\"><span style=\"background-color: transparent\" class=\"brz-cp-color7\">Cronista municipal de Camargo y director del Museo Casa Camargo.<\/span><\/p>\n<p class=\"brz-css-vrjzg\" data-generated-css=\"brz-css-jlvrm\" data-uniq-id=\"sptmx\"><strong style=\"background-color: transparent\" class=\"brz-cp-color2\">Sitio web:<\/strong><span class=\"brz-cp-color2\" style=\"background-color: transparent\"> https:\/\/www.facebook.com\/manuel.rosalesvilla<\/span><span style=\"background-color: transparent\" class=\"brz-cp-color7\">\u00a0<\/span><\/p>\n<p class=\"brz-css-jahzh\" data-generated-css=\"brz-css-wqlxy\" data-uniq-id=\"dqhpx\"><span style=\"background-color: transparent\" class=\"brz-cp-color7\"> <\/span><\/p>\n<\/div>\n<\/div>\n<\/div>\n<\/div>\n<\/div>\n<\/section>\n<section data-uid=\"rveuamtmysvwswawebijahrjxkuxjvxlxelg\" id=\"rveuamtmysvwswawebijahrjxkuxjvxlxelg\" class=\"brz-section brz-css-teswt brz-css-yibgs\">\n<div class=\"brz-section__content brz-section--boxed brz-css-wpbvf brz-css-tipiu\" data-custom-id=\"jevxzucvdlfbjclqnoxdfdxufrptolgfwndq\">\n<div class=\"brz-bg overflow-hidden absolute top-0 left-0 w-full h-full\">\n<div class=\"brz-bg-map absolute top-0 left-0 w-full h-full\"><\/div>\n<\/div>\n<div class=\"brz-container brz-css-uhhgs\">\n<div class=\"brz-css-cistg brz-wrapper\">\n<div class=\"brz-wp-shortcode brz-css-dvvkb\" data-custom-id=\"vaumvpxxskcrrqrhzkoxiwldmvtwaubzppkh\">\n<div><div class=\"twer-map-wrapper treweler-map-fw\" ><div class=\"twer-iframe-embed\" style=\"height:500px;\"><iframe loading=\"lazy\" class=\"twer-iframe\" src=\"https:\/\/tlatelolcounam.mx\/caminoreal\/treweler-map\/estado-de-mexico\/?tw=iframe&#038;twer-index=1&#038;twer-map-id=474&#038;twer-height=500px&#038;twer-type=fullwidth&#038;twer-scrollzoom=yes&#038;twer-width\"  frameborder=\"0\" title=\"Treweler Map\"><\/iframe><\/div><\/div><\/div>\n<\/div>\n<\/div>\n<\/div>\n<\/div>\n<\/section>\n<section data-uid=\"qkfzfeoawtxqqyvitadwfdeismrzfhwurmii\" id=\"qkfzfeoawtxqqyvitadwfdeismrzfhwurmii\" class=\"brz-section brz-css-teswt\">\n<div class=\"brz-section__content brz-section--boxed brz-css-wpbvf brz-css-vhpoj\" data-custom-id=\"furozkipdsfzporznemncmrldghyqktjhmgb\">\n<div class=\"brz-bg overflow-hidden absolute top-0 left-0 w-full h-full\">\n<div class=\"brz-bg-image absolute top-0 left-0 w-full h-full bg-no-repeat bg-cover\"><\/div>\n<div class=\"brz-bg-color absolute top-0 left-0 w-full h-full\"><\/div>\n<\/div>\n<div class=\"brz-container brz-css-uhhgs\">\n<div class=\"brz-row__container brz-css-fbmiq\" data-custom-id=\"achsreujasksizjbtnmshsdugxsmfrbryrvr\">\n<div class=\"brz-bg overflow-hidden absolute top-0 left-0 w-full h-full\"><\/div>\n<div class=\"brz-row brz-css-ckpvo brz-css-wqfix\">\n<div class=\"brz-columns brz-css-xwrrt brz-css-ozezc\" data-custom-id=\"zokmicasrntzzshjxniwzjkuppixtkmaqdzz\">\n<div class=\"brz-bg overflow-hidden absolute top-0 left-0 w-full h-full\"><\/div>\n<div class=\"brz-column__items brz-css-qsgkt brz-css-oubtu\">\n<div class=\"brz-css-cistg brz-css-ybydn brz-wrapper\">\n<div class=\"brz-image brz-css-bzazs\"><img decoding=\"async\" class=\"brz-img\" src=\"https:\/\/tlatelolcounam.mx\/caminoreal\/wp-content\/uploads\/brizy\/imgs\/logo-1-293x101x0x1x293x100x1642108354.png\" alt=\"\" loading=\"lazy\" \/><\/div>\n<\/div>\n<div class=\"brz-css-cistg brz-css-jpipo brz-wrapper\">\n<div class=\"brz-spacer brz-css-ulkgk brz-css-qioze\"><\/div>\n<\/div>\n<div class=\"brz-css-cistg brz-wrapper\">\n<div class=\"brz-rich-text brz-rich-text__custom brz-css-gidad\" data-custom-id=\"kywuxuscztrrhlidoxrxnbhrmlsoucwdrdvp\">\n<div>\n<p class=\"brz-css-rxvmd\" data-uniq-id=\"euomf\" data-generated-css=\"brz-css-qlfmh\"><span>Ricardo Flores Mag\u00f3n 1. <\/span><\/p>\n<p class=\"brz-css-vjxpi\" data-uniq-id=\"fkrdx\" data-generated-css=\"brz-css-lepkg\"><span>Col. Nonoalco-Tlatelolco C.P. 06995. <\/span><\/p>\n<p class=\"brz-css-pxqrp\" data-uniq-id=\"gutxj\" data-generated-css=\"brz-css-zxvpu\"><span>ccutlatelolco@gmail.com<\/span><\/p>\n<p class=\"brz-css-frspa\" data-generated-css=\"brz-css-fwbyw\" data-uniq-id=\"yzdzu\"><span>5117 2818 ext. 49613<\/span><\/p>\n<\/div>\n<\/div>\n<\/div>\n<\/div>\n<\/div>\n<div class=\"brz-columns brz-css-xwrrt brz-css-sgomn\" data-custom-id=\"ueceosewmvdlocaoiccxqzaqsdrbhugdlqwp\">\n<div class=\"brz-bg overflow-hidden absolute top-0 left-0 w-full h-full\"><\/div>\n<div class=\"brz-column__items brz-css-qsgkt\">\n<div class=\"brz-css-cistg brz-wrapper\">\n<div class=\"brz-rich-text brz-rich-text__custom brz-css-gidad\" data-custom-id=\"yieydbdefqqzosmqedrukrhhuflrrnwhnfme\">\n<div>\n<p class=\"brz-css-ajzxq\" data-uniq-id=\"pdybz\" data-generated-css=\"brz-css-custc\"><span>M\u00e1s sobre el CCUT<\/span><\/p>\n<\/div>\n<\/div>\n<\/div>\n<div class=\"brz-css-cistg brz-css-jpipo brz-wrapper\">\n<div class=\"brz-spacer brz-css-ulkgk brz-css-xtban\"><\/div>\n<\/div>\n<div class=\"brz-css-cistg brz-wrapper\">\n<div class=\"brz-rich-text brz-rich-text__custom brz-css-gidad\" data-custom-id=\"ynfeweewrtxixsrhnduzblhwsykqywcbwrbd\">\n<div>\n<p class=\"brz-css-qqwvy\" data-uniq-id=\"frwjr\" data-generated-css=\"brz-css-laqsj\"><span>Seminario <\/span><\/p>\n<p class=\"brz-css-uakad\" data-uniq-id=\"vnkoo\" data-generated-css=\"brz-css-dmrvc\"><span>Memorias<\/span><\/p>\n<p class=\"brz-css-ymtbb\" data-uniq-id=\"dcvrt\" data-generated-css=\"brz-css-bwatq\"><span>Resistencias<\/span><\/p>\n<p class=\"brz-css-ceukz\" data-generated-css=\"brz-css-vpotn\" data-uniq-id=\"xkgby\"><span>Comunidades<\/span><\/p>\n<\/div>\n<\/div>\n<\/div>\n<div class=\"brz-css-cistg brz-wrapper\">\n<div class=\"brz-rich-text brz-rich-text__custom brz-css-gidad\" data-custom-id=\"imzwziqzkzgaummubqbkvghlpqnmykoyscdr\">\n<div>\n<p class=\"brz-css-gsetq\" data-uniq-id=\"icvhm\" data-generated-css=\"brz-css-gzhjx\"><\/p>\n<\/div>\n<\/div>\n<\/div>\n<\/div>\n<\/div>\n<div class=\"brz-columns brz-css-xwrrt brz-css-easdn\" data-custom-id=\"vweavhhwtywjlvwtobzunrtkfybgszsfwmoi\">\n<div class=\"brz-bg overflow-hidden absolute top-0 left-0 w-full h-full\"><\/div>\n<div class=\"brz-column__items brz-css-qsgkt\">\n<div class=\"brz-css-cistg brz-wrapper\">\n<div class=\"brz-rich-text brz-rich-text__custom brz-css-gidad\" data-custom-id=\"yuqipqqugxqfpjpkfcexpwembqsekzhvzpjf\">\n<div>\n<p class=\"brz-css-isyih\" data-uniq-id=\"wbckk\" data-generated-css=\"brz-css-akbyj\"><span class=\"brz-cp-color8\">S\u00edguenos<\/span><\/p>\n<\/div>\n<\/div>\n<\/div>\n<div class=\"brz-css-cistg brz-css-jpipo brz-wrapper\">\n<div class=\"brz-spacer brz-css-ulkgk brz-css-vumms\"><\/div>\n<\/div>\n<div class=\"brz-css-cistg brz-css-gmhsa brz-wrapper\">\n<div class=\"brz-icon-text brz-css-xlfvs brz-css-fiqls\" data-custom-id=\"hydbwhzcpvjqiiorwlilgqxqftkxpkwkywsj\">\n<div id class=\"brz-icon__container\" data-custom-id=\"uqxskthsztuwpwwoqfqmhvqdknuvatiyuwqk\"><span class=\"brz-icon brz-span brz-css-wstqj brz-css-qfymf\"><\/span><\/div>\n<div class=\"brz-text-btn\">\n<div class=\"brz-rich-text brz-rich-text__custom brz-css-gidad\" data-custom-id=\"bgkyxrvclbbxxythvkxjtgqxdhzzsnwwrkmq\">\n<div>\n<p class=\"brz-css-bdnsj\"><span>Twitter<\/span><\/p>\n<\/div>\n<\/div>\n<\/div>\n<\/div>\n<\/div>\n<div class=\"brz-css-cistg brz-css-iumyb brz-wrapper\">\n<div class=\"brz-icon-text brz-css-xlfvs brz-css-ididm\" data-custom-id=\"jabsrjtzzoxfchshzqqtimtttlnkjsnwskkq\">\n<div id class=\"brz-icon__container\" data-custom-id=\"cdxdzmlnscinzsmwffqlxwmqhplmzbhprxza\"><span class=\"brz-icon brz-span brz-css-wstqj brz-css-zhqvn\"><\/span><\/div>\n<div class=\"brz-text-btn\">\n<div class=\"brz-rich-text brz-rich-text__custom brz-css-gidad\" data-custom-id=\"txxspklpmzyaxsjzabzltuhbhneozicfdhup\">\n<div>\n<p class=\"brz-css-vkiyl\"><span>Facebook<\/span><\/p>\n<\/div>\n<\/div>\n<\/div>\n<\/div>\n<\/div>\n<div class=\"brz-css-cistg brz-wrapper\">\n<div class=\"brz-icon-text brz-css-xlfvs brz-css-uvdkm\" data-custom-id=\"evbxwngmaedzgcjttyjbxbrqilvezuyjizmm\">\n<div id class=\"brz-icon__container\" data-custom-id=\"gburckwvhlgdxkgngoywxugovxipiwturtcd\"><span class=\"brz-icon brz-span brz-css-wstqj brz-css-idqol\"><\/span><\/div>\n<div class=\"brz-text-btn\">\n<div class=\"brz-rich-text brz-rich-text__custom brz-css-gidad\" data-custom-id=\"cxbjqcvvcsyicwjnumpamepblkgqnskdfjka\">\n<div>\n<p class=\"brz-css-lfdug\"><span>Youtube<\/span><\/p>\n<\/div>\n<\/div>\n<\/div>\n<\/div>\n<\/div>\n<\/div>\n<\/div>\n<\/div>\n<\/div>\n<div class=\"brz-css-cistg brz-wrapper\">\n<div class=\"brz-image brz-css-ouerh\"><img decoding=\"async\" class=\"brz-img\" src=\"https:\/\/tlatelolcounam.mx\/caminoreal\/wp-content\/uploads\/brizy\/imgs\/escudo-firma-176x88x0x0x176x88x1642108760.png\" alt=\"\" loading=\"lazy\" \/><\/div>\n<\/div>\n<div class=\"brz-css-cistg brz-css-czlbl brz-wrapper\">\n<div class=\"brz-line brz-line-default brz-css-qhqne brz-css-lbnro\" data-custom-id=\"wguunchwyulhdtykgwtenhecrqcyxgzhcexc\">\n<hr class=\"brz-hr\" \/><\/div>\n<\/div>\n<div class=\"brz-css-cistg brz-wrapper\">\n<div class=\"brz-rich-text brz-rich-text__custom brz-css-gidad\" data-custom-id=\"ltuintpcpfoaywaqxegggkzizlpptgxtiful\">\n<div>\n<p class=\"brz-css-hzbut\" data-uniq-id=\"yqtzc\" data-generated-css=\"brz-css-kwjoz\"><span>Esta p\u00e1gina y el contenido de la misma se encuentran protegidos por propiedad intelectual, confidencialidad entre las partes, as\u00ed como por normativa general y universitaria vigente de Transparencia, Acceso a la Informaci\u00f3n P\u00fablica y Protecci\u00f3n de Datos Personales. UNAM-CCUT.<\/span><\/p>\n<\/div>\n<\/div>\n<\/div>\n<\/div>\n<\/div>\n<\/section>\n<\/div>\n<p><!-- version:1690488876 --><\/p>\n","protected":false},"excerpt":{"rendered":"<p>CHIHUAHUA Cronistas Chihuahua cuenta con grandes cronistas municipales con m\u00e1s de 20 a\u00f1os de trayectoria, cuya labor se basa en resguardar y difundir la historia del estado. De acuerdo con el Reglamento para Regular el Nombramiento y Actuaci\u00f3n de la Figura de Cronista de la Ciudad, entre las responsabilidades del cronista se encuentran: analizar y [&hellip;]<\/p>\n","protected":false},"author":3,"featured_media":0,"parent":1021,"menu_order":0,"comment_status":"closed","ping_status":"closed","template":"brizy-blank-template.php","meta":{"footnotes":""},"class_list":["post-3245","page","type-page","status-publish","hentry"],"_links":{"self":[{"href":"https:\/\/tlatelolcounam.mx\/caminoreal\/wp-json\/wp\/v2\/pages\/3245","targetHints":{"allow":["GET"]}}],"collection":[{"href":"https:\/\/tlatelolcounam.mx\/caminoreal\/wp-json\/wp\/v2\/pages"}],"about":[{"href":"https:\/\/tlatelolcounam.mx\/caminoreal\/wp-json\/wp\/v2\/types\/page"}],"author":[{"embeddable":true,"href":"https:\/\/tlatelolcounam.mx\/caminoreal\/wp-json\/wp\/v2\/users\/3"}],"replies":[{"embeddable":true,"href":"https:\/\/tlatelolcounam.mx\/caminoreal\/wp-json\/wp\/v2\/comments?post=3245"}],"version-history":[{"count":30,"href":"https:\/\/tlatelolcounam.mx\/caminoreal\/wp-json\/wp\/v2\/pages\/3245\/revisions"}],"predecessor-version":[{"id":46250,"href":"https:\/\/tlatelolcounam.mx\/caminoreal\/wp-json\/wp\/v2\/pages\/3245\/revisions\/46250"}],"up":[{"embeddable":true,"href":"https:\/\/tlatelolcounam.mx\/caminoreal\/wp-json\/wp\/v2\/pages\/1021"}],"wp:attachment":[{"href":"https:\/\/tlatelolcounam.mx\/caminoreal\/wp-json\/wp\/v2\/media?parent=3245"}],"curies":[{"name":"wp","href":"https:\/\/api.w.org\/{rel}","templated":true}]}}