{"id":3243,"date":"2022-05-02T12:51:50","date_gmt":"2022-05-02T12:51:50","guid":{"rendered":"https:\/\/tlatelolcounam.mx\/caminoreal\/?page_id=3243"},"modified":"2025-08-12T01:34:44","modified_gmt":"2025-08-12T01:34:44","slug":"chihiahua-zonas","status":"publish","type":"page","link":"https:\/\/tlatelolcounam.mx\/caminoreal\/chihuahua\/chihiahua-zonas\/","title":{"rendered":"Chihuahua Sitios arqueol\u00f3gicos"},"content":{"rendered":"<div class=\"brz-root__container brz-reset-all\">\n<section data-uid=\"cdkeghlziiohoukivthemcomadlvolvjzyzx\" id=\"cdkeghlziiohoukivthemcomadlvolvjzyzx\" class=\"brz-section brz-css-osuhg\">\n<div class=\"brz-section__content brz-section--boxed brz-css-dulob brz-css-hibni\" data-custom-id=\"kxtylskpqchveijjrewfnyruqtatzgwljyzm\">\n<div class=\"brz-container brz-css-hcoii\">\n<div class=\"brz-row__container brz-css-puvmm\" data-custom-id=\"tnecfxcdykoambyuufnshbafyloyrkvzbfkf\">\n<div class=\"brz-bg overflow-hidden absolute top-0 left-0 w-full h-full\"><\/div>\n<div class=\"brz-row brz-css-ponxq brz-css-mursy\">\n<div class=\"brz-columns brz-css-dxxwg brz-css-zivhz\" data-custom-id=\"epxscrxbxahcngbhbcghkwdykelzrjhfzqft\">\n<div class=\"brz-bg overflow-hidden absolute top-0 left-0 w-full h-full\"><\/div>\n<div class=\"brz-column__items brz-css-sqbwf brz-css-gxnee\">\n<div class=\"brz-css-ddzon brz-css-sylxw brz-wrapper\">\n<div class=\"brz-image brz-css-ywtfj brz-css-fvajd\"><img decoding=\"async\" class=\"brz-img\" src=\"https:\/\/tlatelolcounam.mx\/caminoreal\/wp-content\/uploads\/2022\/01\/logo.png\" alt=\"\" loading=\"lazy\" \/><\/div>\n<\/div>\n<\/div>\n<\/div>\n<div class=\"brz-columns brz-css-dxxwg brz-css-alqwe\" data-custom-id=\"pzxzuttxxgqksrrdgcwhaktqjdmukvkhahfe\">\n<div class=\"brz-bg overflow-hidden absolute top-0 left-0 w-full h-full\"><\/div>\n<div class=\"brz-column__items brz-css-sqbwf brz-css-ssneg\">\n<div class=\"brz-css-ddzon brz-wrapper\">\n<div class=\"brz-menu__container brz-css-qfoct\" data-mmenu-id=\"#jayewkqvgtkmyfciwokmvyhxtcwkipftinil\" data-mmenu-position=\"position-left\" data-mmenu-title=\"Menu\" data-mmenu-stickytitle=\"on\" data-custom-id=\"xbqtfmrcedukngnyygmfwgkwektymnnnuzxj\">\n<nav class=\"brz-menu brz-menu__preview brz-css-pzdhi\">\n<ul class=\"brz-menu__ul\" data-menu-items-active=\"\">\n<li class=\"brz-menu__item\" data-menu-item-id=\"a45e250d979c9b3c26fe6917797cc038\"><a class=\"brz-a menu-item menu-item-type-post_type menu-item-object-page menu-item-home\" href=\"https:\/\/tlatelolcounam.mx\/caminoreal\/\" data-brz-link-type=\"external\" id><span class=\"brz-span\">Inicio<\/span><\/a><\/li>\n<li class=\"brz-menu__item brz-menu__item-dropdown\" data-menu-item-id=\"ba4a85012b5365c17cdf357587076276\"><a class=\"brz-a brz-anchor menu-item menu-item-type-custom menu-item-object-custom\" href=\"#\" data-brz-link-type=\"anchor\" id><span class=\"brz-span\">Estados<\/span><\/a><\/li>\n<li class=\"brz-menu__item\" data-menu-item-id=\"d3c0c655631b120767a40bd0aed90e47\"><a class=\"brz-a menu-item menu-item-type-post_type menu-item-object-page\" href=\"https:\/\/tlatelolcounam.mx\/caminoreal\/historia\/\" data-brz-link-type=\"external\" id><span class=\"brz-span\">Historia<\/span><\/a><\/li>\n<\/ul>\n<\/nav>\n<div class=\"brz-mm-menu__icon\">\n<\/div>\n<\/div>\n<\/div>\n<\/div>\n<\/div>\n<\/div>\n<\/div>\n<\/div>\n<\/div>\n<\/section>\n<section data-uid=\"dokjzmexqunazctbloammypxiyzspbnjdvyj\" id=\"dokjzmexqunazctbloammypxiyzspbnjdvyj\" class=\"brz-section brz-css-osuhg\">\n<div class=\"brz-section__content brz-section--fullWidth brz-css-dulob brz-css-bzvlx\" data-custom-id=\"ofodesxequsppebghdddegirgebmibqoghuq\">\n<div class=\"brz-container brz-css-hcoii brz-css-pptkc\">\n<div class=\"brz-row__container brz-css-puvmm\" data-custom-id=\"utyrubatiicuodtfdrsdwpqylqelgarpuuon\">\n<div class=\"brz-bg overflow-hidden absolute top-0 left-0 w-full h-full\"><\/div>\n<div class=\"brz-row brz-css-ponxq brz-css-mursy\">\n<div class=\"brz-columns brz-css-dxxwg brz-css-ewymf\" data-custom-id=\"bwhvzqizgbjedpjcxsmqwrqrinyzgjbgspsj\">\n<div class=\"brz-bg overflow-hidden absolute top-0 left-0 w-full h-full\">\n<div class=\"brz-bg-image absolute top-0 left-0 w-full h-full bg-no-repeat bg-cover\"><\/div>\n<div class=\"brz-bg-color absolute top-0 left-0 w-full h-full\"><\/div>\n<\/div>\n<div class=\"brz-column__items brz-css-sqbwf brz-css-mhrqt\">\n<div class=\"brz-css-ddzon brz-wrapper\">\n<div class=\"brz-rich-text brz-rich-text__custom brz-css-eljwe\" data-custom-id=\"ukiudillvsldjabodqcqxnpvlukeatgznwex\">\n<div>\n<p class=\"brz-css-dpwbu\" data-uniq-id=\"ddxjk\" data-generated-css=\"brz-css-zybax\"><strong>CHIHUAHUA<\/strong><\/p>\n<\/div>\n<\/div>\n<\/div>\n<div class=\"brz-css-ddzon brz-wrapper\">\n<div class=\"brz-rich-text brz-rich-text__custom brz-css-eljwe\" data-custom-id=\"njffsrwlncijuujrbvpvfrvcomyuxgijyhhw\">\n<div>\n<p class=\"brz-css-yovjn\" data-generated-css=\"brz-css-yzeow\" data-uniq-id=\"vapgw\"><\/p>\n<\/div>\n<\/div>\n<\/div>\n<div class=\"brz-css-ddzon brz-wrapper\">\n<div class=\"brz-rich-text brz-rich-text__custom brz-css-eljwe\" data-custom-id=\"ozwuxqrydwoowgjstemcjojbrdvriyfrzvet\">\n<div>\n<p class=\"brz-css-hsfdi\" data-generated-css=\"brz-css-djuoa\" data-uniq-id=\"ncrqm\"><\/p>\n<\/div>\n<\/div>\n<\/div>\n<div class=\"brz-css-ddzon brz-wrapper\">\n<div class=\"brz-rich-text brz-rich-text__custom brz-css-eljwe\" data-custom-id=\"qmvhsfjpwiytohtgcojvjnkajqnkxabjodpm\">\n<div>\n<p class=\"brz-css-giude\" data-uniq-id=\"cncld\" data-generated-css=\"brz-css-tccyt\"><strong>Sitios arqueol\u00f3gicos<\/strong><\/p>\n<\/div>\n<\/div>\n<\/div>\n<\/div>\n<\/div>\n<\/div>\n<\/div>\n<\/div>\n<\/div>\n<\/section>\n<section data-uid=\"vkkdmiywdorcuowqdwgtdcgpjevosqiqxbqd\" id=\"vkkdmiywdorcuowqdwgtdcgpjevosqiqxbqd\" class=\"brz-section brz-css-osuhg\">\n<div class=\"brz-section__content brz-section--boxed brz-css-dulob brz-css-loxcr\" data-custom-id=\"tmgrfkcjjliasesblgtfjhoqvkheinubntyp\">\n<div class=\"brz-container brz-css-hcoii brz-css-vadtx\">\n<div class=\"brz-row__container brz-css-puvmm brz-css-wzvmr\" data-custom-id=\"gzlgajiyfttcybycbsyxjlfsqcygrvwauoch\">\n<div class=\"brz-bg overflow-hidden absolute top-0 left-0 w-full h-full\"><\/div>\n<div class=\"brz-row brz-css-ponxq brz-css-mursy\">\n<div class=\"brz-columns brz-css-dxxwg brz-css-hbcus\" data-custom-id=\"trodzlkflatsxujkfexaatitoryhckyjdufn\">\n<div class=\"brz-bg overflow-hidden absolute top-0 left-0 w-full h-full\"><\/div>\n<div class=\"brz-column__items brz-css-sqbwf brz-css-vzwse\">\n<div class=\"brz-css-ddzon brz-css-kljgb brz-wrapper\">\n<div class=\"brz-rich-text brz-rich-text__custom brz-css-eljwe\" data-custom-id=\"qpytycenfhsetjjiyzdhwpbgrtoibnllzdkj\">\n<div>\n<h2 class=\"brz-css-dpcdi\" data-uniq-id=\"chpwn\" data-generated-css=\"brz-css-dwffb\"><span style=\"background-color: transparent\">Chihuahua cuenta con cinco zonas arqueol\u00f3gicas importantes: Paquim\u00e9 y Cueva de la\u00a0Olla en el municipio de Casas Grandes; y Cueva Grande, Hu\u00e1poca y Cuarenta Casas en el municipio de Madera. Alrededor del estado podemos encontrar diversos vestigios, entre los que destaca el Acueducto de Chihuahua en la capital.<\/span><\/h2>\n<\/div>\n<\/div>\n<\/div>\n<\/div>\n<\/div>\n<\/div>\n<\/div>\n<div class=\"brz-css-ddzon brz-wrapper\">\n<div class=\"brz-line brz-line-default brz-css-ghtnf brz-css-qxlix\" data-custom-id=\"vxlmzpzhiqesinjtklbyrtycwsmvrwyprrvy\">\n<hr class=\"brz-hr\" \/><\/div>\n<\/div>\n<div class=\"brz-row__container brz-css-puvmm\" data-custom-id=\"pxduhuvlsmlbvyoiuvgnepxymvbvboqoxboq\">\n<div class=\"brz-bg overflow-hidden absolute top-0 left-0 w-full h-full\"><\/div>\n<div class=\"brz-row brz-css-ponxq brz-css-mursy\">\n<div class=\"brz-columns brz-css-dxxwg brz-css-pbgmg\" data-custom-id=\"szdimjmmscpnmhbbxtqfdqxfipodflnavhyc\">\n<div class=\"brz-bg overflow-hidden absolute top-0 left-0 w-full h-full\"><\/div>\n<div class=\"brz-column__items brz-css-sqbwf brz-css-dftvb\">\n<div class=\"brz-css-ddzon brz-css-wquwk brz-wrapper\">\n<div class=\"brz-rich-text brz-rich-text__custom brz-css-eljwe\" data-custom-id=\"uvgszqewclrgtxqypkdmgzxppviqvrbslgue\">\n<div>\n<p class=\"brz-css-faksp\" data-uniq-id=\"anbfi\" data-generated-css=\"brz-css-atstv\"><strong style=\"background-color: transparent\">Paquim\u00e9<\/strong><\/p>\n<p class=\"brz-css-cueir\" data-uniq-id=\"bcpef\" data-generated-css=\"brz-css-mqdqi\"><span style=\"background-color: transparent\">La zona arqueol\u00f3gica se encuentra 350 kil\u00f3metros al noroeste de la capital del estado y a medio kil\u00f3metro de Casas Grandes. El sitio es famoso por sus construcciones de adobe y sus puertas en forma de T. Sus edificios tienen rasgos de las culturas de Oasisam\u00e9rica y demuestran la destreza de los arquitectos prehisp\u00e1nicos.<\/span><\/p>\n<p class=\"brz-css-vnuxg\" data-uniq-id=\"tmzak\" data-generated-css=\"brz-css-mxgkf\"><\/p>\n<p class=\"brz-css-jasbu\" data-uniq-id=\"butid\" data-generated-css=\"brz-css-qoliq\"><strong style=\"background-color: transparent\">Cueva de la\u00a0Olla<\/strong><\/p>\n<p class=\"brz-css-khdts\" data-uniq-id=\"zkpye\" data-generated-css=\"brz-css-vinyj\"><span style=\"background-color: transparent\">Se localiza a 70 kil\u00f3metros de la ciudad de Casas Grandes, es una de las zonas arqueol\u00f3gicas m\u00e1s antiguas del pa\u00eds. Recibe este nombre por el granero de grandes dimensiones que se encontr\u00f3, cuya forma redondeada recuerda la de una gran vasija. <\/span><\/p>\n<p class=\"brz-css-oirwx\" data-uniq-id=\"owsmn\" data-generated-css=\"brz-css-nftet\"><strong style=\"background-color: transparent\">Horario:<\/strong><span style=\"background-color: transparent\"> De lunes a domingo de 10:00 a 16:00 hrs.<\/span><\/p>\n<p class=\"brz-css-admbp\" data-uniq-id=\"msqmd\" data-generated-css=\"brz-css-gkevp\"><span style=\"background-color: transparent\"> <\/span><\/p>\n<p class=\"brz-css-wctvr\" data-uniq-id=\"drqsc\" data-generated-css=\"brz-css-nbszr\"><strong style=\"background-color: transparent\">Hu\u00e1poca<\/strong><\/p>\n<p class=\"brz-css-rahdi\" data-uniq-id=\"oxnoz\" data-generated-css=\"brz-css-ncqiy\"><span style=\"background-color: transparent\">La zona arqueol\u00f3gica se localiza a 28 kil\u00f3metros al oeste de la cabecera municipal de Madera y a 300 kil\u00f3metros de la Ciudad de Chihuahua.En este sitio se encuentran vestigios de la Cultura Casas Grandes. Est\u00e1 formado por cuevas en medio de un emplazamiento de gran espectacularidad. <\/span><\/p>\n<p class=\"brz-css-turvt\" data-uniq-id=\"zqepp\" data-generated-css=\"brz-css-afkqe\"><strong style=\"background-color: transparent\">Horario:<\/strong><span style=\"background-color: transparent\"> De lunes a domingo de 9:00 a 16:00 hrs.<\/span><\/p>\n<p class=\"brz-css-qqzhk\" data-uniq-id=\"umasv\" data-generated-css=\"brz-css-gcioi\"><span style=\"background-color: transparent\"> <\/span><\/p>\n<p class=\"brz-css-uruxw\" data-uniq-id=\"gmzho\" data-generated-css=\"brz-css-eoqxp\"><strong style=\"background-color: transparent\">Cueva Grande<\/strong><\/p>\n<p class=\"brz-css-azhwc\" data-uniq-id=\"mnkgw\" data-generated-css=\"brz-css-nosgt\"><span style=\"background-color: transparent\">Se encuentra a 42 kil\u00f3metros al oeste de la cabecera municipal de Madera, a 325 kil\u00f3metros de distancia de la Ciudad de Chihuahua. Este sitio es el m\u00e1s grande en dimensiones, pertenece a los asentamientos conocidos como \u201cCasas Acantilado\u201d, construidos por poblaciones migrantes de norte a sur, pertenecientes a la cultura Mogoll\u00f3n. <\/span><\/p>\n<p class=\"brz-css-vkkoi\" data-uniq-id=\"yuuiq\" data-generated-css=\"brz-css-etbfk\"><strong style=\"background-color: transparent\">Horario:<\/strong><span style=\"background-color: transparent\"> De lunes a domingo de 9:00 a 17:00 hrs.<\/span><\/p>\n<p class=\"brz-css-rwysl\" data-uniq-id=\"ydqpj\" data-generated-css=\"brz-css-fwikk\"><span style=\"background-color: transparent\"> <\/span><\/p>\n<p class=\"brz-css-iynjh\" data-uniq-id=\"qiufw\" data-generated-css=\"brz-css-erjsv\"><strong style=\"background-color: transparent\">Cuarenta Casas<\/strong><\/p>\n<p class=\"brz-css-mgcsk\" data-uniq-id=\"yhjaq\" data-generated-css=\"brz-css-lstwo\"><span style=\"background-color: transparent\">Esta zona arqueol\u00f3gica se ubica 336 kil\u00f3metros al noroeste de la Ciudad de Chihuahua. Se trata de edificaciones de tierra y madera que datan del a\u00f1o 1200, construidas dentro de abrigos rocosos y acantilados, en algunas barrancas de la Sierra Madre Occidental. <\/span><\/p>\n<p class=\"brz-css-gfgqd\" data-uniq-id=\"gzzew\" data-generated-css=\"brz-css-zmixc\"><strong style=\"background-color: transparent\">Horario:<\/strong><span style=\"background-color: transparent\"> De viernes a domingo de 9:00 a 18:00 hrs. <\/span><\/p>\n<p class=\"brz-css-awkbr\" data-uniq-id=\"iydcq\" data-generated-css=\"brz-css-wupuw\"><span style=\"background-color: transparent\"> <\/span><\/p>\n<p class=\"brz-css-yyyrg\" data-uniq-id=\"fyjji\" data-generated-css=\"brz-css-evbwc\"><strong class=\"brz-capitalize-on\" style=\"background-color: transparent\">Vestigios de ciudad<\/strong><\/p>\n<p class=\"brz-css-pjqaw\" data-uniq-id=\"jjueh\" data-generated-css=\"brz-css-hjznq\"><strong style=\"background-color: transparent\">Acueducto de Chihuahua<\/strong><\/p>\n<p class=\"brz-css-gggrv\" data-uniq-id=\"qftgw\" data-generated-css=\"brz-css-hjxwj\"><span style=\"background-color: transparent\">Construido durante el siglo XVIII para abastecer con agua de forma m\u00e1s f\u00e1cil a la ciudad, desde uno de los r\u00edos cercanos. Funcion\u00f3 hasta 1969; actualmente, es uno de los sitios tur\u00edsticos m\u00e1s populares de la ciudad.<\/span><strong style=\"background-color: transparent\">\u00a0<\/strong><\/p>\n<p class=\"brz-css-hhond\" data-uniq-id=\"zezjt\" data-generated-css=\"brz-css-wydlb\"><strong style=\"background-color: transparent\">Direcci\u00f3n: <\/strong><span style=\"background-color: transparent\">Avenida Acueducto, s\/n, colonia Campesina. <\/span><\/p>\n<p class=\"brz-css-xshiz\" data-uniq-id=\"vyesf\" data-generated-css=\"brz-css-iubkf\"><strong style=\"background-color: transparent\">Horario:<\/strong><span style=\"background-color: transparent\"> Abierto las 24 horas.<\/span><\/p>\n<p class=\"brz-css-tazbs\" data-uniq-id=\"kbhqu\" data-generated-css=\"brz-css-zkwjb\"><\/p>\n<p class=\"brz-css-rzeby\" data-uniq-id=\"hmusz\" data-generated-css=\"brz-css-ipsbp\"><strong style=\"background-color: transparent\">La Cueva de las Monas<\/strong><\/p>\n<p class=\"brz-css-weuxg\" data-uniq-id=\"gtyjh\" data-generated-css=\"brz-css-fxnpk\"><span style=\"background-color: transparent\">En este lugar se encontraron pinturas rupestres en la d\u00e9cada de 1980. Actualmente, est\u00e1 abierta al p\u00fablico, esperando que se d\u00e9 a conocer m\u00e1s. Ubicada al norte de la ciudad. <\/span><\/p>\n<\/div>\n<\/div>\n<\/div>\n<\/div>\n<\/div>\n<\/div>\n<\/div>\n<\/div>\n<\/div>\n<\/section>\n<section data-uid=\"rveuamtmysvwswawebijahrjxkuxjvxlxelg\" id=\"rveuamtmysvwswawebijahrjxkuxjvxlxelg\" class=\"brz-section brz-css-osuhg brz-css-jscnt\">\n<div class=\"brz-section__content brz-section--boxed brz-css-dulob brz-css-okmmc\" data-custom-id=\"jevxzucvdlfbjclqnoxdfdxufrptolgfwndq\">\n<div class=\"brz-bg overflow-hidden absolute top-0 left-0 w-full h-full\">\n<div class=\"brz-bg-map absolute top-0 left-0 w-full h-full\"><\/div>\n<\/div>\n<div class=\"brz-container brz-css-hcoii\">\n<div class=\"brz-css-ddzon brz-wrapper\">\n<div class=\"brz-wp-shortcode brz-css-lvkmg\" data-custom-id=\"vaumvpxxskcrrqrhzkoxiwldmvtwaubzppkh\">\n<div><div class=\"twer-map-wrapper treweler-map-fw\" ><div class=\"twer-iframe-embed\" style=\"height:500px;\"><iframe loading=\"lazy\" class=\"twer-iframe\" src=\"https:\/\/tlatelolcounam.mx\/caminoreal\/treweler-map\/estado-de-mexico\/?tw=iframe&#038;twer-index=1&#038;twer-map-id=474&#038;twer-height=500px&#038;twer-type=fullwidth&#038;twer-scrollzoom=yes&#038;twer-width\"  frameborder=\"0\" title=\"Treweler Map\"><\/iframe><\/div><\/div><\/div>\n<\/div>\n<\/div>\n<\/div>\n<\/div>\n<\/section>\n<section data-uid=\"qkfzfeoawtxqqyvitadwfdeismrzfhwurmii\" id=\"qkfzfeoawtxqqyvitadwfdeismrzfhwurmii\" class=\"brz-section brz-css-osuhg\">\n<div class=\"brz-section__content brz-section--boxed brz-css-dulob brz-css-bpkug\" data-custom-id=\"furozkipdsfzporznemncmrldghyqktjhmgb\">\n<div class=\"brz-bg overflow-hidden absolute top-0 left-0 w-full h-full\">\n<div class=\"brz-bg-image absolute top-0 left-0 w-full h-full bg-no-repeat bg-cover\"><\/div>\n<div class=\"brz-bg-color absolute top-0 left-0 w-full h-full\"><\/div>\n<\/div>\n<div class=\"brz-container brz-css-hcoii\">\n<div class=\"brz-row__container brz-css-puvmm\" data-custom-id=\"achsreujasksizjbtnmshsdugxsmfrbryrvr\">\n<div class=\"brz-bg overflow-hidden absolute top-0 left-0 w-full h-full\"><\/div>\n<div class=\"brz-row brz-css-ponxq brz-css-mursy\">\n<div class=\"brz-columns brz-css-dxxwg brz-css-spcld\" data-custom-id=\"zokmicasrntzzshjxniwzjkuppixtkmaqdzz\">\n<div class=\"brz-bg overflow-hidden absolute top-0 left-0 w-full h-full\"><\/div>\n<div class=\"brz-column__items brz-css-sqbwf brz-css-jtnfa\">\n<div class=\"brz-css-ddzon brz-css-hdtrt brz-wrapper\">\n<div class=\"brz-image brz-css-hskan\"><img decoding=\"async\" class=\"brz-img\" src=\"https:\/\/tlatelolcounam.mx\/caminoreal\/wp-content\/uploads\/brizy\/imgs\/logo-1-293x101x0x1x293x100x1642108354.png\" alt=\"\" loading=\"lazy\" \/><\/div>\n<\/div>\n<div class=\"brz-css-ddzon brz-css-rljug brz-wrapper\">\n<div class=\"brz-spacer brz-css-kudnp brz-css-bcdai\"><\/div>\n<\/div>\n<div class=\"brz-css-ddzon brz-wrapper\">\n<div class=\"brz-rich-text brz-rich-text__custom brz-css-eljwe\" data-custom-id=\"kywuxuscztrrhlidoxrxnbhrmlsoucwdrdvp\">\n<div>\n<p class=\"brz-css-krtnt\" data-uniq-id=\"euomf\" data-generated-css=\"brz-css-qlfmh\"><span>Ricardo Flores Mag\u00f3n 1. <\/span><\/p>\n<p class=\"brz-css-rihmu\" data-uniq-id=\"fkrdx\" data-generated-css=\"brz-css-lepkg\"><span>Col. Nonoalco-Tlatelolco C.P. 06995. <\/span><\/p>\n<p class=\"brz-css-tdzjg\" data-uniq-id=\"gutxj\" data-generated-css=\"brz-css-zxvpu\"><span>ccutlatelolco@gmail.com<\/span><\/p>\n<p class=\"brz-css-kyyiv\" data-generated-css=\"brz-css-fwbyw\" data-uniq-id=\"yzdzu\"><span>5117 2818 ext. 49613<\/span><\/p>\n<\/div>\n<\/div>\n<\/div>\n<\/div>\n<\/div>\n<div class=\"brz-columns brz-css-dxxwg brz-css-arpnx\" data-custom-id=\"ueceosewmvdlocaoiccxqzaqsdrbhugdlqwp\">\n<div class=\"brz-bg overflow-hidden absolute top-0 left-0 w-full h-full\"><\/div>\n<div class=\"brz-column__items brz-css-sqbwf\">\n<div class=\"brz-css-ddzon brz-wrapper\">\n<div class=\"brz-rich-text brz-rich-text__custom brz-css-eljwe\" data-custom-id=\"yieydbdefqqzosmqedrukrhhuflrrnwhnfme\">\n<div>\n<p class=\"brz-css-eoyzq\" data-uniq-id=\"pdybz\" data-generated-css=\"brz-css-custc\"><span>M\u00e1s sobre el CCUT<\/span><\/p>\n<\/div>\n<\/div>\n<\/div>\n<div class=\"brz-css-ddzon brz-css-rljug brz-wrapper\">\n<div class=\"brz-spacer brz-css-kudnp brz-css-thjrn\"><\/div>\n<\/div>\n<div class=\"brz-css-ddzon brz-wrapper\">\n<div class=\"brz-rich-text brz-rich-text__custom brz-css-eljwe\" data-custom-id=\"ynfeweewrtxixsrhnduzblhwsykqywcbwrbd\">\n<div>\n<p class=\"brz-css-mztax\" data-uniq-id=\"frwjr\" data-generated-css=\"brz-css-laqsj\"><span>Seminario <\/span><\/p>\n<p class=\"brz-css-xanhc\" data-uniq-id=\"vnkoo\" data-generated-css=\"brz-css-dmrvc\"><span>Memorias<\/span><\/p>\n<p class=\"brz-css-egnfh\" data-uniq-id=\"dcvrt\" data-generated-css=\"brz-css-bwatq\"><span>Resistencias<\/span><\/p>\n<p class=\"brz-css-gcgbl\" data-generated-css=\"brz-css-vpotn\" data-uniq-id=\"xkgby\"><span>Comunidades<\/span><\/p>\n<\/div>\n<\/div>\n<\/div>\n<div class=\"brz-css-ddzon brz-wrapper\">\n<div class=\"brz-rich-text brz-rich-text__custom brz-css-eljwe\" data-custom-id=\"imzwziqzkzgaummubqbkvghlpqnmykoyscdr\">\n<div>\n<p class=\"brz-css-nsawn\" data-uniq-id=\"icvhm\" data-generated-css=\"brz-css-gzhjx\"><\/p>\n<\/div>\n<\/div>\n<\/div>\n<\/div>\n<\/div>\n<div class=\"brz-columns brz-css-dxxwg brz-css-wucae\" data-custom-id=\"vweavhhwtywjlvwtobzunrtkfybgszsfwmoi\">\n<div class=\"brz-bg overflow-hidden absolute top-0 left-0 w-full h-full\"><\/div>\n<div class=\"brz-column__items brz-css-sqbwf\">\n<div class=\"brz-css-ddzon brz-wrapper\">\n<div class=\"brz-rich-text brz-rich-text__custom brz-css-eljwe\" data-custom-id=\"yuqipqqugxqfpjpkfcexpwembqsekzhvzpjf\">\n<div>\n<p class=\"brz-css-lefdg\" data-uniq-id=\"wbckk\" data-generated-css=\"brz-css-akbyj\"><span class=\"brz-cp-color8\">S\u00edguenos<\/span><\/p>\n<\/div>\n<\/div>\n<\/div>\n<div class=\"brz-css-ddzon brz-css-rljug brz-wrapper\">\n<div class=\"brz-spacer brz-css-kudnp brz-css-ykhss\"><\/div>\n<\/div>\n<div class=\"brz-css-ddzon brz-css-nmryl brz-wrapper\">\n<div class=\"brz-icon-text brz-css-mlshq brz-css-ujjhn\" data-custom-id=\"hydbwhzcpvjqiiorwlilgqxqftkxpkwkywsj\">\n<div id class=\"brz-icon__container\" data-custom-id=\"uqxskthsztuwpwwoqfqmhvqdknuvatiyuwqk\"><span class=\"brz-icon brz-span brz-css-larxb brz-css-yitvr\"><\/span><\/div>\n<div class=\"brz-text-btn\">\n<div class=\"brz-rich-text brz-rich-text__custom brz-css-eljwe\" data-custom-id=\"bgkyxrvclbbxxythvkxjtgqxdhzzsnwwrkmq\">\n<div>\n<p class=\"brz-css-wsuzh\"><span>Twitter<\/span><\/p>\n<\/div>\n<\/div>\n<\/div>\n<\/div>\n<\/div>\n<div class=\"brz-css-ddzon brz-css-iuccq brz-wrapper\">\n<div class=\"brz-icon-text brz-css-mlshq brz-css-znhzr\" data-custom-id=\"jabsrjtzzoxfchshzqqtimtttlnkjsnwskkq\">\n<div id class=\"brz-icon__container\" data-custom-id=\"cdxdzmlnscinzsmwffqlxwmqhplmzbhprxza\"><span class=\"brz-icon brz-span brz-css-larxb brz-css-wxagz\"><\/span><\/div>\n<div class=\"brz-text-btn\">\n<div class=\"brz-rich-text brz-rich-text__custom brz-css-eljwe\" data-custom-id=\"txxspklpmzyaxsjzabzltuhbhneozicfdhup\">\n<div>\n<p class=\"brz-css-lpcki\"><span>Facebook<\/span><\/p>\n<\/div>\n<\/div>\n<\/div>\n<\/div>\n<\/div>\n<div class=\"brz-css-ddzon brz-wrapper\">\n<div class=\"brz-icon-text brz-css-mlshq brz-css-wytwz\" data-custom-id=\"evbxwngmaedzgcjttyjbxbrqilvezuyjizmm\">\n<div id class=\"brz-icon__container\" data-custom-id=\"gburckwvhlgdxkgngoywxugovxipiwturtcd\"><span class=\"brz-icon brz-span brz-css-larxb brz-css-ofeuz\"><\/span><\/div>\n<div class=\"brz-text-btn\">\n<div class=\"brz-rich-text brz-rich-text__custom brz-css-eljwe\" data-custom-id=\"cxbjqcvvcsyicwjnumpamepblkgqnskdfjka\">\n<div>\n<p class=\"brz-css-ofntg\"><span>Youtube<\/span><\/p>\n<\/div>\n<\/div>\n<\/div>\n<\/div>\n<\/div>\n<\/div>\n<\/div>\n<\/div>\n<\/div>\n<div class=\"brz-css-ddzon brz-wrapper\">\n<div class=\"brz-image brz-css-zkcgd\"><img decoding=\"async\" class=\"brz-img\" src=\"https:\/\/tlatelolcounam.mx\/caminoreal\/wp-content\/uploads\/brizy\/imgs\/escudo-firma-176x88x0x0x176x88x1642108760.png\" alt=\"\" loading=\"lazy\" \/><\/div>\n<\/div>\n<div class=\"brz-css-ddzon brz-css-bhekn brz-wrapper\">\n<div class=\"brz-line brz-line-default brz-css-ghtnf brz-css-tsxsd\" data-custom-id=\"wguunchwyulhdtykgwtenhecrqcyxgzhcexc\">\n<hr class=\"brz-hr\" \/><\/div>\n<\/div>\n<div class=\"brz-css-ddzon brz-wrapper\">\n<div class=\"brz-rich-text brz-rich-text__custom brz-css-eljwe\" data-custom-id=\"ltuintpcpfoaywaqxegggkzizlpptgxtiful\">\n<div>\n<p class=\"brz-css-taerd\" data-uniq-id=\"yqtzc\" data-generated-css=\"brz-css-kwjoz\"><span>Esta p\u00e1gina y el contenido de la misma se encuentran protegidos por propiedad intelectual, confidencialidad entre las partes, as\u00ed como por normativa general y universitaria vigente de Transparencia, Acceso a la Informaci\u00f3n P\u00fablica y Protecci\u00f3n de Datos Personales. UNAM-CCUT.<\/span><\/p>\n<\/div>\n<\/div>\n<\/div>\n<\/div>\n<\/div>\n<\/section>\n<\/div>\n<p><!-- version:1689662420 --><\/p>\n","protected":false},"excerpt":{"rendered":"<p>Inicio Estados Historia CHIHUAHUA Sitios arqueol\u00f3gicos Chihuahua cuenta con cinco zonas arqueol\u00f3gicas importantes: Paquim\u00e9 y Cueva de la\u00a0Olla en el municipio de Casas Grandes; y Cueva Grande, Hu\u00e1poca y Cuarenta Casas en el municipio de Madera. Alrededor del estado podemos encontrar diversos vestigios, entre los que destaca el Acueducto de Chihuahua en la capital. Paquim\u00e9 [&hellip;]<\/p>\n","protected":false},"author":3,"featured_media":0,"parent":1021,"menu_order":0,"comment_status":"closed","ping_status":"closed","template":"brizy-blank-template.php","meta":{"footnotes":""},"class_list":["post-3243","page","type-page","status-publish","hentry"],"_links":{"self":[{"href":"https:\/\/tlatelolcounam.mx\/caminoreal\/wp-json\/wp\/v2\/pages\/3243","targetHints":{"allow":["GET"]}}],"collection":[{"href":"https:\/\/tlatelolcounam.mx\/caminoreal\/wp-json\/wp\/v2\/pages"}],"about":[{"href":"https:\/\/tlatelolcounam.mx\/caminoreal\/wp-json\/wp\/v2\/types\/page"}],"author":[{"embeddable":true,"href":"https:\/\/tlatelolcounam.mx\/caminoreal\/wp-json\/wp\/v2\/users\/3"}],"replies":[{"embeddable":true,"href":"https:\/\/tlatelolcounam.mx\/caminoreal\/wp-json\/wp\/v2\/comments?post=3243"}],"version-history":[{"count":30,"href":"https:\/\/tlatelolcounam.mx\/caminoreal\/wp-json\/wp\/v2\/pages\/3243\/revisions"}],"predecessor-version":[{"id":44657,"href":"https:\/\/tlatelolcounam.mx\/caminoreal\/wp-json\/wp\/v2\/pages\/3243\/revisions\/44657"}],"up":[{"embeddable":true,"href":"https:\/\/tlatelolcounam.mx\/caminoreal\/wp-json\/wp\/v2\/pages\/1021"}],"wp:attachment":[{"href":"https:\/\/tlatelolcounam.mx\/caminoreal\/wp-json\/wp\/v2\/media?parent=3243"}],"curies":[{"name":"wp","href":"https:\/\/api.w.org\/{rel}","templated":true}]}}