{"id":3241,"date":"2022-05-02T12:50:19","date_gmt":"2022-05-02T12:50:19","guid":{"rendered":"https:\/\/tlatelolcounam.mx\/caminoreal\/?page_id=3241"},"modified":"2025-08-12T18:09:06","modified_gmt":"2025-08-12T18:09:06","slug":"chihuahua-naturaleza","status":"publish","type":"page","link":"https:\/\/tlatelolcounam.mx\/caminoreal\/chihuahua\/chihuahua-naturaleza\/","title":{"rendered":"Chihuahua Naturaleza y aventura"},"content":{"rendered":"<div class=\"brz-root__container brz-reset-all\">\n<section data-uid=\"cdkeghlziiohoukivthemcomadlvolvjzyzx\" id=\"cdkeghlziiohoukivthemcomadlvolvjzyzx\" class=\"brz-section brz-css-ebzyf\">\n<div class=\"brz-section__content brz-section--boxed brz-css-fxckv brz-css-jmbuk\" data-custom-id=\"kxtylskpqchveijjrewfnyruqtatzgwljyzm\">\n<div class=\"brz-container brz-css-kobgt\">\n<div class=\"brz-row__container brz-css-mxbrd\" data-custom-id=\"tnecfxcdykoambyuufnshbafyloyrkvzbfkf\">\n<div class=\"brz-bg overflow-hidden absolute top-0 left-0 w-full h-full\"><\/div>\n<div class=\"brz-row brz-css-hjmwl brz-css-dargk\">\n<div class=\"brz-columns brz-css-utsce brz-css-vttsy\" data-custom-id=\"epxscrxbxahcngbhbcghkwdykelzrjhfzqft\">\n<div class=\"brz-bg overflow-hidden absolute top-0 left-0 w-full h-full\"><\/div>\n<div class=\"brz-column__items brz-css-mmgep brz-css-wmpft\">\n<div class=\"brz-css-xdigg brz-css-syijc brz-wrapper\">\n<div class=\"brz-image brz-css-khwnf brz-css-yjgdx\"><img decoding=\"async\" class=\"brz-img\" src=\"https:\/\/tlatelolcounam.mx\/caminoreal\/wp-content\/uploads\/2022\/01\/logo.png\" alt=\"\" loading=\"lazy\" \/><\/div>\n<\/div>\n<\/div>\n<\/div>\n<div class=\"brz-columns brz-css-utsce brz-css-onvlm\" data-custom-id=\"pzxzuttxxgqksrrdgcwhaktqjdmukvkhahfe\">\n<div class=\"brz-bg overflow-hidden absolute top-0 left-0 w-full h-full\"><\/div>\n<div class=\"brz-column__items brz-css-mmgep brz-css-znxql\">\n<div class=\"brz-css-xdigg brz-wrapper\">\n<div class=\"brz-menu__container brz-css-usfay\" data-mmenu-id=\"#dnpypknxpdwgngcwhoojplgfvvwvwifszaoz\" data-mmenu-position=\"position-left\" data-mmenu-title=\"Menu\" data-mmenu-stickytitle=\"on\" data-custom-id=\"xbqtfmrcedukngnyygmfwgkwektymnnnuzxj\">\n<nav class=\"brz-menu brz-menu__preview brz-css-wlgox\">\n<ul class=\"brz-menu__ul\" data-menu-items-active=\"\">\n<li class=\"brz-menu__item\" data-menu-item-id=\"a45e250d979c9b3c26fe6917797cc038\"><a class=\"brz-a menu-item menu-item-type-post_type menu-item-object-page menu-item-home\" href=\"https:\/\/tlatelolcounam.mx\/caminoreal\/\" data-brz-link-type=\"external\" id><span class=\"brz-span\">Inicio<\/span><\/a><\/li>\n<li class=\"brz-menu__item brz-menu__item-dropdown\" data-menu-item-id=\"ba4a85012b5365c17cdf357587076276\"><a class=\"brz-a brz-anchor menu-item menu-item-type-custom menu-item-object-custom\" href=\"#\" data-brz-link-type=\"anchor\" id><span class=\"brz-span\">Estados<\/span><\/a><\/li>\n<li class=\"brz-menu__item\" data-menu-item-id=\"d3c0c655631b120767a40bd0aed90e47\"><a class=\"brz-a menu-item menu-item-type-post_type menu-item-object-page\" href=\"https:\/\/tlatelolcounam.mx\/caminoreal\/historia\/\" data-brz-link-type=\"external\" id><span class=\"brz-span\">Historia<\/span><\/a><\/li>\n<\/ul>\n<\/nav>\n<div class=\"brz-mm-menu__icon\">\n<\/div>\n<\/div>\n<\/div>\n<\/div>\n<\/div>\n<\/div>\n<\/div>\n<\/div>\n<\/div>\n<\/section>\n<section data-uid=\"dokjzmexqunazctbloammypxiyzspbnjdvyj\" id=\"dokjzmexqunazctbloammypxiyzspbnjdvyj\" class=\"brz-section brz-css-ebzyf\">\n<div class=\"brz-section__content brz-section--fullWidth brz-css-fxckv brz-css-shhfp\" data-custom-id=\"ofodesxequsppebghdddegirgebmibqoghuq\">\n<div class=\"brz-container brz-css-kobgt brz-css-zleri\">\n<div class=\"brz-row__container brz-css-mxbrd\" data-custom-id=\"utyrubatiicuodtfdrsdwpqylqelgarpuuon\">\n<div class=\"brz-bg overflow-hidden absolute top-0 left-0 w-full h-full\"><\/div>\n<div class=\"brz-row brz-css-hjmwl brz-css-dargk\">\n<div class=\"brz-columns brz-css-utsce brz-css-rvsxt\" data-custom-id=\"bwhvzqizgbjedpjcxsmqwrqrinyzgjbgspsj\">\n<div class=\"brz-bg overflow-hidden absolute top-0 left-0 w-full h-full\">\n<div class=\"brz-bg-image absolute top-0 left-0 w-full h-full bg-no-repeat bg-cover\"><\/div>\n<div class=\"brz-bg-color absolute top-0 left-0 w-full h-full\"><\/div>\n<\/div>\n<div class=\"brz-column__items brz-css-mmgep brz-css-qiwha\">\n<div class=\"brz-css-xdigg brz-wrapper\">\n<div class=\"brz-rich-text brz-rich-text__custom brz-css-ekfvy\" data-custom-id=\"nxbygwswetwkxniuerjfuhdsucfnfwktbhsl\">\n<div>\n<p class=\"brz-css-lrizv\" data-generated-css=\"brz-css-cqkwu\" data-uniq-id=\"axxeu\"><strong>CHIHUAHUA<\/strong><\/p>\n<\/div>\n<\/div>\n<\/div>\n<div class=\"brz-css-xdigg brz-wrapper\">\n<div class=\"brz-rich-text brz-rich-text__custom brz-css-ekfvy\" data-custom-id=\"hfxjtoyyjaypsgzemuwsmmfavjdlmbfhklgy\">\n<div>\n<p class=\"brz-css-tyftt\" data-generated-css=\"brz-css-nteer\" data-uniq-id=\"adpkl\"><\/p>\n<\/div>\n<\/div>\n<\/div>\n<div class=\"brz-css-xdigg brz-wrapper\">\n<div class=\"brz-rich-text brz-rich-text__custom brz-css-ekfvy\" data-custom-id=\"wplrrcasecsjxfdbcwavcrihxwbmaewmveer\">\n<div>\n<p class=\"brz-css-tdnma\" data-generated-css=\"brz-css-vpmqf\" data-uniq-id=\"apmfn\"><\/p>\n<\/div>\n<\/div>\n<\/div>\n<div class=\"brz-css-xdigg brz-wrapper\">\n<div class=\"brz-rich-text brz-rich-text__custom brz-css-ekfvy\" data-custom-id=\"fysdkmjjrflnxfhivnqyudiftuyrcgslozxc\">\n<div>\n<p class=\"brz-css-uekzo\" data-uniq-id=\"dvhep\" data-generated-css=\"brz-css-esjrt\"><strong>Naturaleza y aventura<\/strong><\/p>\n<\/div>\n<\/div>\n<\/div>\n<\/div>\n<\/div>\n<\/div>\n<\/div>\n<\/div>\n<\/div>\n<\/section>\n<section data-uid=\"vkkdmiywdorcuowqdwgtdcgpjevosqiqxbqd\" id=\"vkkdmiywdorcuowqdwgtdcgpjevosqiqxbqd\" class=\"brz-section brz-css-ebzyf\">\n<div class=\"brz-section__content brz-section--boxed brz-css-fxckv brz-css-gnsid\" data-custom-id=\"tmgrfkcjjliasesblgtfjhoqvkheinubntyp\">\n<div class=\"brz-container brz-css-kobgt brz-css-zqetp\">\n<div class=\"brz-row__container brz-css-mxbrd brz-css-zcwmj\" data-custom-id=\"gzlgajiyfttcybycbsyxjlfsqcygrvwauoch\">\n<div class=\"brz-bg overflow-hidden absolute top-0 left-0 w-full h-full\"><\/div>\n<div class=\"brz-row brz-css-hjmwl brz-css-dargk\">\n<div class=\"brz-columns brz-css-utsce brz-css-vbmnv\" data-custom-id=\"trodzlkflatsxujkfexaatitoryhckyjdufn\">\n<div class=\"brz-bg overflow-hidden absolute top-0 left-0 w-full h-full\"><\/div>\n<div class=\"brz-column__items brz-css-mmgep brz-css-ovidf\">\n<div class=\"brz-css-xdigg brz-css-fzhig brz-wrapper\">\n<div class=\"brz-rich-text brz-rich-text__custom brz-css-ekfvy\" data-custom-id=\"qpytycenfhsetjjiyzdhwpbgrtoibnllzdkj\">\n<div>\n<h2 class=\"brz-css-rtwfg\" data-generated-css=\"brz-css-dtygc\" data-uniq-id=\"dblpv\"><span style=\"background-color: transparent\">El amplio territorio de Chihuahua se caracteriza por ofrecer diversos atractivos naturales que incluyen imponentes paisajes monta\u00f1osos, desierto impecable y barrancas llenas de praderas y vegetaci\u00f3n boscosa. Uno de los lugares sobresalientes del estado son las Dunas de Samalayuca, extensi\u00f3n des\u00e9rtica que forma parte del municipio de Ciudad Ju\u00e1rez.<\/span><\/h2>\n<\/div>\n<\/div>\n<\/div>\n<\/div>\n<\/div>\n<\/div>\n<\/div>\n<div class=\"brz-css-xdigg brz-wrapper\">\n<div class=\"brz-line brz-line-default brz-css-viaag brz-css-qfdyu\" data-custom-id=\"vxlmzpzhiqesinjtklbyrtycwsmvrwyprrvy\">\n<hr class=\"brz-hr\" \/><\/div>\n<\/div>\n<div class=\"brz-row__container brz-css-mxbrd\" data-custom-id=\"pxduhuvlsmlbvyoiuvgnepxymvbvboqoxboq\">\n<div class=\"brz-bg overflow-hidden absolute top-0 left-0 w-full h-full\"><\/div>\n<div class=\"brz-row brz-css-hjmwl brz-css-dargk\">\n<div class=\"brz-columns brz-css-utsce brz-css-senje\" data-custom-id=\"szdimjmmscpnmhbbxtqfdqxfipodflnavhyc\">\n<div class=\"brz-bg overflow-hidden absolute top-0 left-0 w-full h-full\"><\/div>\n<div class=\"brz-column__items brz-css-mmgep brz-css-kuaww\">\n<div class=\"brz-css-xdigg brz-css-sbyib brz-wrapper\">\n<div class=\"brz-rich-text brz-rich-text__custom brz-css-ekfvy\" data-custom-id=\"uvgszqewclrgtxqypkdmgzxppviqvrbslgue\">\n<div>\n<p class=\"brz-css-tmxga\" data-generated-css=\"brz-css-bywsd\" data-uniq-id=\"sbpis\"><strong class=\"brz-cp-color2\" style=\"background-color: transparent\">Mina La Prieta <\/strong><\/p>\n<p class=\"brz-css-zlwaj\" data-generated-css=\"brz-css-dxjuj\" data-uniq-id=\"gyhqy\"><span class=\"brz-cp-color2\" style=\"background-color: transparent\">Es una mina abandonada, la cual actualmente s\u00f3lo funciona con fines tur\u00edsticos, para dar a conocer la importancia de la miner\u00eda en la regi\u00f3n durante la \u00e9poca virreinal. Cuenta con un mirador desde el cual se puede observar todo el pueblo<\/span><strong class=\"brz-cp-color2\" style=\"background-color: transparent\">.<\/strong><\/p>\n<p class=\"brz-css-gvqwd\" data-generated-css=\"brz-css-bqdci\" data-uniq-id=\"mgocu\"><strong class=\"brz-cp-color2\" style=\"background-color: transparent\">Direcci\u00f3n: <\/strong><span class=\"brz-cp-color2\" style=\"background-color: transparent\">Calle Esta\u00f1o, s\/n, colonia F\u00e1tima. <\/span><\/p>\n<p class=\"brz-css-sbzio\" data-generated-css=\"brz-css-ujsmt\" data-uniq-id=\"sxxlc\"><strong class=\"brz-cp-color2\" style=\"background-color: transparent\">Horario<\/strong><span class=\"brz-cp-color2\" style=\"background-color: transparent\">: De martes a domingo de 10:00 a 17:00 hrs. <\/span><\/p>\n<p class=\"brz-css-cituf\" data-generated-css=\"brz-css-urznx\" data-uniq-id=\"shtim\"><strong class=\"brz-cp-color2\" style=\"background-color: transparent\">Tel\u00e9fono:<\/strong><span class=\"brz-cp-color2\" style=\"background-color: transparent\"> 627 525 4400<\/span><\/p>\n<p class=\"brz-css-orbtl\" data-generated-css=\"brz-css-wygve\" data-uniq-id=\"nvcbb\"><strong class=\"brz-cp-color2\" style=\"background-color: transparent\">Costo:<\/strong><span class=\"brz-cp-color2\" style=\"background-color: transparent\"> $25 MXN al a\u00f1o 2022.<\/span><\/p>\n<p class=\"brz-css-mbwsu\" data-generated-css=\"brz-css-tuwgi\" data-uniq-id=\"pviwh\"><\/p>\n<p class=\"brz-css-kglnb\" data-generated-css=\"brz-css-qssny\" data-uniq-id=\"isoig\"><strong class=\"brz-cp-color2\" style=\"background-color: transparent\">Grutas Nombre de Dios<\/strong><\/p>\n<p class=\"brz-css-fryvn\" data-generated-css=\"brz-css-jlipi\" data-uniq-id=\"ugcxz\"><span class=\"brz-cp-color2\" style=\"background-color: transparent\">A las afueras de la ciudad, se encuentran estas formaciones minerales que evocan al pasado minero de Chihuahua. Se pueden visitar de forma guiada o por cuenta propia y admirar su belleza natural.<\/span><\/p>\n<p class=\"brz-css-eyqql\" data-generated-css=\"brz-css-wlodk\" data-uniq-id=\"nvoqn\"><strong class=\"brz-cp-color2\" style=\"background-color: transparent\">Direcci\u00f3n:<\/strong><span class=\"brz-cp-color2\" style=\"background-color: transparent\">Vialidad Sacramento, s\/n. <\/span><\/p>\n<p class=\"brz-css-jjmeq\" data-generated-css=\"brz-css-zgtwf\" data-uniq-id=\"ryfoa\"><strong class=\"brz-cp-color2\" style=\"background-color: transparent\">Horario: <\/strong><span class=\"brz-cp-color2\" style=\"background-color: transparent\">De martes a domingo de 10:00 a 16:00 hrs.<\/span><\/p>\n<p class=\"brz-css-jwmhp\" data-generated-css=\"brz-css-qiwyt\" data-uniq-id=\"fjgoi\"><strong class=\"brz-cp-color2\" style=\"background-color: transparent\">Tel\u00e9fono<\/strong><span class=\"brz-cp-color2\" style=\"background-color: transparent\">: 614 432 0518<\/span><\/p>\n<p class=\"brz-css-uxewd\" data-generated-css=\"brz-css-hkmuk\" data-uniq-id=\"ptbfl\"><strong class=\"brz-cp-color2\" style=\"background-color: transparent\">Costo: <\/strong><span class=\"brz-cp-color2\" style=\"background-color: transparent\">$50 MXN al a\u00f1o 2022.<\/span><\/p>\n<p class=\"brz-css-bqkoc\" data-generated-css=\"brz-css-hnbdg\" data-uniq-id=\"irgqj\"><\/p>\n<p class=\"brz-css-evdld\" data-generated-css=\"brz-css-sktzx\" data-uniq-id=\"lgdrn\"><strong class=\"brz-cp-color2\" style=\"background-color: transparent\">Dunas de Samalayuca<\/strong><\/p>\n<p class=\"brz-css-uuatp\" data-generated-css=\"brz-css-ekwzy\" data-uniq-id=\"ruqms\"><span class=\"brz-cp-color2\" style=\"background-color: transparent\">A 35 km al sur de Ciudad Ju\u00e1rez, se encuentran estas formaciones de arena s\u00edlica que se mueven con el viento, y las cuales llaman mucho la atenci\u00f3n de los turistas. Aqu\u00ed se han filmado diferentes pel\u00edculas y telenovelas.\u00a0<\/span><\/p>\n<p class=\"brz-css-wbjew\" data-generated-css=\"brz-css-usjai\" data-uniq-id=\"ybpog\"><\/p>\n<p class=\"brz-css-ihvkm\" data-generated-css=\"brz-css-lzzgo\" data-uniq-id=\"pccyl\"><strong class=\"brz-cp-color2\" style=\"background-color: transparent\">Parque El Chamizal <\/strong><\/p>\n<p class=\"brz-css-xudze\" data-generated-css=\"brz-css-bsbbd\" data-uniq-id=\"ptizq\"><span class=\"brz-cp-color2\" style=\"background-color: transparent\">En su extensi\u00f3n de 1.2 kil\u00f3metros cuadrados, se encuentra una plaza, en la que destaca la escultura de Benito Ju\u00e1rez.\u00a0El parque tiene grandes \u00e1reas verdes que sirven para descansar y disfrutar del gran ambiente natural que lo rodea, es un sitio ideal para realizar diferentes actividades deportivas.<\/span><\/p>\n<p class=\"brz-css-kshlk\" data-generated-css=\"brz-css-sciul\" data-uniq-id=\"eeiml\"><strong class=\"brz-cp-color2\" style=\"background-color: transparent\">Direcci\u00f3n: <\/strong><span class=\"brz-cp-color2\" style=\"background-color: transparent\">Avenida Carlos Pellicer, 32300 Ciudad Ju\u00e1rez. <\/span><\/p>\n<p class=\"brz-css-kenix\" data-generated-css=\"brz-css-mntcn\" data-uniq-id=\"joqvn\"><\/p>\n<p class=\"brz-css-bzvic\" data-generated-css=\"brz-css-aovlt\" data-uniq-id=\"ylxws\"><strong class=\"brz-cp-color2\" style=\"background-color: transparent\">Balneario Los Filtros de Enmedio<\/strong><\/p>\n<p class=\"brz-css-zjmxg\" data-generated-css=\"brz-css-tjlqj\" data-uniq-id=\"icrpv\"><span class=\"brz-cp-color2\" style=\"background-color: transparent\">Un balneario que aprovecha las aguas del manantial cercano, por lo cual, estas tienen fama de ser muy \u201ccristalinas\u201d. Cuenta con un \u00e1rea de comida y un hotel para poder hospedarse si as\u00ed se desea.<\/span><\/p>\n<p class=\"brz-css-wbwpk\" data-generated-css=\"brz-css-dkeqh\" data-uniq-id=\"mxwip\"><strong class=\"brz-cp-color2\" style=\"background-color: transparent\">Direcci\u00f3n: <\/strong><span class=\"brz-cp-color2\" style=\"background-color: transparent\">La Boquilla, s\/n. <\/span><\/p>\n<p class=\"brz-css-lhibv\" data-generated-css=\"brz-css-hkjty\" data-uniq-id=\"neosb\"><strong class=\"brz-cp-color2\" style=\"background-color: transparent\">Horario: <\/strong><span class=\"brz-cp-color2\" style=\"background-color: transparent\">De lunes a domingo de 8:00 a 22:00 hrs. <\/span><\/p>\n<p class=\"brz-css-ahlbo\" data-generated-css=\"brz-css-kquuj\" data-uniq-id=\"jksek\"><strong class=\"brz-cp-color2\" style=\"background-color: transparent\">Tel\u00e9fono<\/strong><span class=\"brz-cp-color2\" style=\"background-color: transparent\">: 648 505 4933<\/span><\/p>\n<\/div>\n<\/div>\n<\/div>\n<\/div>\n<\/div>\n<\/div>\n<\/div>\n<\/div>\n<\/div>\n<\/section>\n<section data-uid=\"rveuamtmysvwswawebijahrjxkuxjvxlxelg\" id=\"rveuamtmysvwswawebijahrjxkuxjvxlxelg\" class=\"brz-section brz-css-ebzyf brz-css-mihkz\">\n<div class=\"brz-section__content brz-section--boxed brz-css-fxckv brz-css-haqlj\" data-custom-id=\"jevxzucvdlfbjclqnoxdfdxufrptolgfwndq\">\n<div class=\"brz-bg overflow-hidden absolute top-0 left-0 w-full h-full\">\n<div class=\"brz-bg-map absolute top-0 left-0 w-full h-full\"><\/div>\n<\/div>\n<div class=\"brz-container brz-css-kobgt\">\n<div class=\"brz-css-xdigg brz-wrapper\">\n<div class=\"brz-wp-shortcode brz-css-uzeqd\" data-custom-id=\"vaumvpxxskcrrqrhzkoxiwldmvtwaubzppkh\">\n<div><div class=\"twer-map-wrapper treweler-map-fw\" ><div class=\"twer-iframe-embed\" style=\"height:500px;\"><iframe loading=\"lazy\" class=\"twer-iframe\" src=\"https:\/\/tlatelolcounam.mx\/caminoreal\/treweler-map\/estado-de-mexico\/?tw=iframe&#038;twer-index=1&#038;twer-map-id=474&#038;twer-height=500px&#038;twer-type=fullwidth&#038;twer-scrollzoom=yes&#038;twer-width\"  frameborder=\"0\" title=\"Treweler Map\"><\/iframe><\/div><\/div><\/div>\n<\/div>\n<\/div>\n<\/div>\n<\/div>\n<\/section>\n<section data-uid=\"qkfzfeoawtxqqyvitadwfdeismrzfhwurmii\" id=\"qkfzfeoawtxqqyvitadwfdeismrzfhwurmii\" class=\"brz-section brz-css-ebzyf\">\n<div class=\"brz-section__content brz-section--boxed brz-css-fxckv brz-css-mhrcj\" data-custom-id=\"furozkipdsfzporznemncmrldghyqktjhmgb\">\n<div class=\"brz-bg overflow-hidden absolute top-0 left-0 w-full h-full\">\n<div class=\"brz-bg-image absolute top-0 left-0 w-full h-full bg-no-repeat bg-cover\"><\/div>\n<div class=\"brz-bg-color absolute top-0 left-0 w-full h-full\"><\/div>\n<\/div>\n<div class=\"brz-container brz-css-kobgt\">\n<div class=\"brz-row__container brz-css-mxbrd\" data-custom-id=\"achsreujasksizjbtnmshsdugxsmfrbryrvr\">\n<div class=\"brz-bg overflow-hidden absolute top-0 left-0 w-full h-full\"><\/div>\n<div class=\"brz-row brz-css-hjmwl brz-css-dargk\">\n<div class=\"brz-columns brz-css-utsce brz-css-gkyag\" data-custom-id=\"zokmicasrntzzshjxniwzjkuppixtkmaqdzz\">\n<div class=\"brz-bg overflow-hidden absolute top-0 left-0 w-full h-full\"><\/div>\n<div class=\"brz-column__items brz-css-mmgep brz-css-eajid\">\n<div class=\"brz-css-xdigg brz-css-bxusj brz-wrapper\">\n<div class=\"brz-image brz-css-wsumv\"><img decoding=\"async\" class=\"brz-img\" src=\"https:\/\/tlatelolcounam.mx\/caminoreal\/wp-content\/uploads\/brizy\/imgs\/logo-1-293x101x0x1x293x100x1642108354.png\" alt=\"\" loading=\"lazy\" \/><\/div>\n<\/div>\n<div class=\"brz-css-xdigg brz-css-rkvrd brz-wrapper\">\n<div class=\"brz-spacer brz-css-pqnuc brz-css-tcbmg\"><\/div>\n<\/div>\n<div class=\"brz-css-xdigg brz-wrapper\">\n<div class=\"brz-rich-text brz-rich-text__custom brz-css-ekfvy\" data-custom-id=\"kywuxuscztrrhlidoxrxnbhrmlsoucwdrdvp\">\n<div>\n<p class=\"brz-css-eujwu\" data-uniq-id=\"euomf\" data-generated-css=\"brz-css-qlfmh\"><span>Ricardo Flores Mag\u00f3n 1. <\/span><\/p>\n<p class=\"brz-css-kbqjd\" data-uniq-id=\"fkrdx\" data-generated-css=\"brz-css-lepkg\"><span>Col. Nonoalco-Tlatelolco C.P. 06995. <\/span><\/p>\n<p class=\"brz-css-awvtr\" data-uniq-id=\"gutxj\" data-generated-css=\"brz-css-zxvpu\"><span>ccutlatelolco@gmail.com<\/span><\/p>\n<p class=\"brz-css-rcnpt\" data-generated-css=\"brz-css-fwbyw\" data-uniq-id=\"yzdzu\"><span>5117 2818 ext. 49613<\/span><\/p>\n<\/div>\n<\/div>\n<\/div>\n<\/div>\n<\/div>\n<div class=\"brz-columns brz-css-utsce brz-css-cwwhm\" data-custom-id=\"ueceosewmvdlocaoiccxqzaqsdrbhugdlqwp\">\n<div class=\"brz-bg overflow-hidden absolute top-0 left-0 w-full h-full\"><\/div>\n<div class=\"brz-column__items brz-css-mmgep\">\n<div class=\"brz-css-xdigg brz-wrapper\">\n<div class=\"brz-rich-text brz-rich-text__custom brz-css-ekfvy\" data-custom-id=\"yieydbdefqqzosmqedrukrhhuflrrnwhnfme\">\n<div>\n<p class=\"brz-css-eblwz\" data-uniq-id=\"pdybz\" data-generated-css=\"brz-css-custc\"><span>M\u00e1s sobre el CCUT<\/span><\/p>\n<\/div>\n<\/div>\n<\/div>\n<div class=\"brz-css-xdigg brz-css-rkvrd brz-wrapper\">\n<div class=\"brz-spacer brz-css-pqnuc brz-css-mrdbl\"><\/div>\n<\/div>\n<div class=\"brz-css-xdigg brz-wrapper\">\n<div class=\"brz-rich-text brz-rich-text__custom brz-css-ekfvy\" data-custom-id=\"ynfeweewrtxixsrhnduzblhwsykqywcbwrbd\">\n<div>\n<p class=\"brz-css-uxigc\" data-uniq-id=\"frwjr\" data-generated-css=\"brz-css-laqsj\"><span>Seminario <\/span><\/p>\n<p class=\"brz-css-vdlmz\" data-uniq-id=\"vnkoo\" data-generated-css=\"brz-css-dmrvc\"><span>Memorias<\/span><\/p>\n<p class=\"brz-css-kezzr\" data-uniq-id=\"dcvrt\" data-generated-css=\"brz-css-bwatq\"><span>Resistencias<\/span><\/p>\n<p class=\"brz-css-eacdr\" data-generated-css=\"brz-css-vpotn\" data-uniq-id=\"xkgby\"><span>Comunidades<\/span><\/p>\n<\/div>\n<\/div>\n<\/div>\n<div class=\"brz-css-xdigg brz-wrapper\">\n<div class=\"brz-rich-text brz-rich-text__custom brz-css-ekfvy\" data-custom-id=\"imzwziqzkzgaummubqbkvghlpqnmykoyscdr\">\n<div>\n<p class=\"brz-css-fwgdd\" data-uniq-id=\"icvhm\" data-generated-css=\"brz-css-gzhjx\"><\/p>\n<\/div>\n<\/div>\n<\/div>\n<\/div>\n<\/div>\n<div class=\"brz-columns brz-css-utsce brz-css-rytot\" data-custom-id=\"vweavhhwtywjlvwtobzunrtkfybgszsfwmoi\">\n<div class=\"brz-bg overflow-hidden absolute top-0 left-0 w-full h-full\"><\/div>\n<div class=\"brz-column__items brz-css-mmgep\">\n<div class=\"brz-css-xdigg brz-wrapper\">\n<div class=\"brz-rich-text brz-rich-text__custom brz-css-ekfvy\" data-custom-id=\"yuqipqqugxqfpjpkfcexpwembqsekzhvzpjf\">\n<div>\n<p class=\"brz-css-lakdo\" data-uniq-id=\"wbckk\" data-generated-css=\"brz-css-akbyj\"><span class=\"brz-cp-color8\">S\u00edguenos<\/span><\/p>\n<\/div>\n<\/div>\n<\/div>\n<div class=\"brz-css-xdigg brz-css-rkvrd brz-wrapper\">\n<div class=\"brz-spacer brz-css-pqnuc brz-css-wrarw\"><\/div>\n<\/div>\n<div class=\"brz-css-xdigg brz-css-vzzhv brz-wrapper\">\n<div class=\"brz-icon-text brz-css-ojqxo brz-css-boasb\" data-custom-id=\"hydbwhzcpvjqiiorwlilgqxqftkxpkwkywsj\">\n<div id class=\"brz-icon__container\" data-custom-id=\"uqxskthsztuwpwwoqfqmhvqdknuvatiyuwqk\"><span class=\"brz-icon brz-span brz-css-fwior brz-css-xvure\"><\/span><\/div>\n<div class=\"brz-text-btn\">\n<div class=\"brz-rich-text brz-rich-text__custom brz-css-ekfvy\" data-custom-id=\"bgkyxrvclbbxxythvkxjtgqxdhzzsnwwrkmq\">\n<div>\n<p class=\"brz-css-vfuur\"><span>Twitter<\/span><\/p>\n<\/div>\n<\/div>\n<\/div>\n<\/div>\n<\/div>\n<div class=\"brz-css-xdigg brz-css-wurpr brz-wrapper\">\n<div class=\"brz-icon-text brz-css-ojqxo brz-css-xjgcy\" data-custom-id=\"jabsrjtzzoxfchshzqqtimtttlnkjsnwskkq\">\n<div id class=\"brz-icon__container\" data-custom-id=\"cdxdzmlnscinzsmwffqlxwmqhplmzbhprxza\"><span class=\"brz-icon brz-span brz-css-fwior brz-css-ebchl\"><\/span><\/div>\n<div class=\"brz-text-btn\">\n<div class=\"brz-rich-text brz-rich-text__custom brz-css-ekfvy\" data-custom-id=\"txxspklpmzyaxsjzabzltuhbhneozicfdhup\">\n<div>\n<p class=\"brz-css-jtagp\"><span>Facebook<\/span><\/p>\n<\/div>\n<\/div>\n<\/div>\n<\/div>\n<\/div>\n<div class=\"brz-css-xdigg brz-wrapper\">\n<div class=\"brz-icon-text brz-css-ojqxo brz-css-uithf\" data-custom-id=\"evbxwngmaedzgcjttyjbxbrqilvezuyjizmm\">\n<div id class=\"brz-icon__container\" data-custom-id=\"gburckwvhlgdxkgngoywxugovxipiwturtcd\"><span class=\"brz-icon brz-span brz-css-fwior brz-css-drwuy\"><\/span><\/div>\n<div class=\"brz-text-btn\">\n<div class=\"brz-rich-text brz-rich-text__custom brz-css-ekfvy\" data-custom-id=\"cxbjqcvvcsyicwjnumpamepblkgqnskdfjka\">\n<div>\n<p class=\"brz-css-kznul\"><span>Youtube<\/span><\/p>\n<\/div>\n<\/div>\n<\/div>\n<\/div>\n<\/div>\n<\/div>\n<\/div>\n<\/div>\n<\/div>\n<div class=\"brz-css-xdigg brz-wrapper\">\n<div class=\"brz-image brz-css-vgbuu\"><img decoding=\"async\" class=\"brz-img\" src=\"https:\/\/tlatelolcounam.mx\/caminoreal\/wp-content\/uploads\/brizy\/imgs\/escudo-firma-176x88x0x0x176x88x1642108760.png\" alt=\"\" loading=\"lazy\" \/><\/div>\n<\/div>\n<div class=\"brz-css-xdigg brz-css-gmhff brz-wrapper\">\n<div class=\"brz-line brz-line-default brz-css-viaag brz-css-ohjxj\" data-custom-id=\"wguunchwyulhdtykgwtenhecrqcyxgzhcexc\">\n<hr class=\"brz-hr\" \/><\/div>\n<\/div>\n<div class=\"brz-css-xdigg brz-wrapper\">\n<div class=\"brz-rich-text brz-rich-text__custom brz-css-ekfvy\" data-custom-id=\"ltuintpcpfoaywaqxegggkzizlpptgxtiful\">\n<div>\n<p class=\"brz-css-tgwrn\" data-uniq-id=\"yqtzc\" data-generated-css=\"brz-css-kwjoz\"><span>Esta p\u00e1gina y el contenido de la misma se encuentran protegidos por propiedad intelectual, confidencialidad entre las partes, as\u00ed como por normativa general y universitaria vigente de Transparencia, Acceso a la Informaci\u00f3n P\u00fablica y Protecci\u00f3n de Datos Personales. UNAM-CCUT.<\/span><\/p>\n<\/div>\n<\/div>\n<\/div>\n<\/div>\n<\/div>\n<\/section>\n<\/div>\n<p><!-- version:1689576547 --><\/p>\n","protected":false},"excerpt":{"rendered":"<p>Inicio Estados Historia CHIHUAHUA Naturaleza y aventura El amplio territorio de Chihuahua se caracteriza por ofrecer diversos atractivos naturales que incluyen imponentes paisajes monta\u00f1osos, desierto impecable y barrancas llenas de praderas y vegetaci\u00f3n boscosa. Uno de los lugares sobresalientes del estado son las Dunas de Samalayuca, extensi\u00f3n des\u00e9rtica que forma parte del municipio de Ciudad [&hellip;]<\/p>\n","protected":false},"author":3,"featured_media":0,"parent":1021,"menu_order":0,"comment_status":"closed","ping_status":"closed","template":"brizy-blank-template.php","meta":{"footnotes":""},"class_list":["post-3241","page","type-page","status-publish","hentry"],"_links":{"self":[{"href":"https:\/\/tlatelolcounam.mx\/caminoreal\/wp-json\/wp\/v2\/pages\/3241","targetHints":{"allow":["GET"]}}],"collection":[{"href":"https:\/\/tlatelolcounam.mx\/caminoreal\/wp-json\/wp\/v2\/pages"}],"about":[{"href":"https:\/\/tlatelolcounam.mx\/caminoreal\/wp-json\/wp\/v2\/types\/page"}],"author":[{"embeddable":true,"href":"https:\/\/tlatelolcounam.mx\/caminoreal\/wp-json\/wp\/v2\/users\/3"}],"replies":[{"embeddable":true,"href":"https:\/\/tlatelolcounam.mx\/caminoreal\/wp-json\/wp\/v2\/comments?post=3241"}],"version-history":[{"count":30,"href":"https:\/\/tlatelolcounam.mx\/caminoreal\/wp-json\/wp\/v2\/pages\/3241\/revisions"}],"predecessor-version":[{"id":39832,"href":"https:\/\/tlatelolcounam.mx\/caminoreal\/wp-json\/wp\/v2\/pages\/3241\/revisions\/39832"}],"up":[{"embeddable":true,"href":"https:\/\/tlatelolcounam.mx\/caminoreal\/wp-json\/wp\/v2\/pages\/1021"}],"wp:attachment":[{"href":"https:\/\/tlatelolcounam.mx\/caminoreal\/wp-json\/wp\/v2\/media?parent=3241"}],"curies":[{"name":"wp","href":"https:\/\/api.w.org\/{rel}","templated":true}]}}