{"id":3174,"date":"2022-05-02T08:24:57","date_gmt":"2022-05-02T08:24:57","guid":{"rendered":"https:\/\/tlatelolcounam.mx\/caminoreal\/?page_id=3174"},"modified":"2025-08-11T23:30:48","modified_gmt":"2025-08-11T23:30:48","slug":"queretaronaturaleza","status":"publish","type":"page","link":"https:\/\/tlatelolcounam.mx\/caminoreal\/queretaronaturaleza\/","title":{"rendered":"Quer\u00e9taro Naturaleza y aventura"},"content":{"rendered":"<div class=\"brz-root__container brz-reset-all\">\n<section data-uid=\"cdkeghlziiohoukivthemcomadlvolvjzyzx\" id=\"cdkeghlziiohoukivthemcomadlvolvjzyzx\" class=\"brz-section brz-css-iqrjw\">\n<div class=\"brz-section__content brz-section--boxed brz-css-cwbij brz-css-wqnsw\" data-custom-id=\"kxtylskpqchveijjrewfnyruqtatzgwljyzm\">\n<div class=\"brz-container brz-css-ygwlm\">\n<div class=\"brz-row__container brz-css-mndix\" data-custom-id=\"tnecfxcdykoambyuufnshbafyloyrkvzbfkf\">\n<div class=\"brz-bg overflow-hidden absolute top-0 left-0 w-full h-full\"><\/div>\n<div class=\"brz-row brz-css-fmoim brz-css-zbhee\">\n<div class=\"brz-columns brz-css-kdshj brz-css-ouued\" data-custom-id=\"epxscrxbxahcngbhbcghkwdykelzrjhfzqft\">\n<div class=\"brz-bg overflow-hidden absolute top-0 left-0 w-full h-full\"><\/div>\n<div class=\"brz-column__items brz-css-uhtvx brz-css-ywmmp\">\n<div class=\"brz-css-enyib brz-css-twakg brz-wrapper\">\n<div class=\"brz-image brz-css-ykhem brz-css-mtmbc\"><img decoding=\"async\" class=\"brz-img\" src=\"https:\/\/tlatelolcounam.mx\/caminoreal\/wp-content\/uploads\/2022\/01\/logo.png\" alt=\"\" loading=\"lazy\" \/><\/div>\n<\/div>\n<\/div>\n<\/div>\n<div class=\"brz-columns brz-css-kdshj brz-css-kmoit\" data-custom-id=\"pzxzuttxxgqksrrdgcwhaktqjdmukvkhahfe\">\n<div class=\"brz-bg overflow-hidden absolute top-0 left-0 w-full h-full\"><\/div>\n<div class=\"brz-column__items brz-css-uhtvx brz-css-cacoq\">\n<div class=\"brz-css-enyib brz-wrapper\">\n<div class=\"brz-menu__container brz-css-dqhjj\" data-mmenu-id=\"#zrnkvqwfrgwoqnudqdqqwrpnmtzatirqyaxi\" data-mmenu-position=\"position-left\" data-mmenu-title=\"Menu\" data-mmenu-stickytitle=\"on\" data-custom-id=\"xbqtfmrcedukngnyygmfwgkwektymnnnuzxj\">\n<nav class=\"brz-menu brz-menu__preview brz-css-fcxha\">\n<ul class=\"brz-menu__ul\" data-menu-items-active=\"\">\n<li class=\"brz-menu__item\" data-menu-item-id=\"a45e250d979c9b3c26fe6917797cc038\"><a class=\"brz-a menu-item menu-item-type-post_type menu-item-object-page menu-item-home\" href=\"https:\/\/tlatelolcounam.mx\/caminoreal\/\" data-brz-link-type=\"external\" id><span class=\"brz-span\">Inicio<\/span><\/a><\/li>\n<li class=\"brz-menu__item brz-menu__item-dropdown\" data-menu-item-id=\"ba4a85012b5365c17cdf357587076276\"><a class=\"brz-a brz-anchor menu-item menu-item-type-custom menu-item-object-custom\" href=\"#\" data-brz-link-type=\"anchor\" id><span class=\"brz-span\">Estados<\/span><\/a><\/li>\n<li class=\"brz-menu__item\" data-menu-item-id=\"d3c0c655631b120767a40bd0aed90e47\"><a class=\"brz-a menu-item menu-item-type-post_type menu-item-object-page\" href=\"https:\/\/tlatelolcounam.mx\/caminoreal\/historia\/\" data-brz-link-type=\"external\" id><span class=\"brz-span\">Historia<\/span><\/a><\/li>\n<\/ul>\n<\/nav>\n<div class=\"brz-mm-menu__icon\">\n<\/div>\n<\/div>\n<\/div>\n<\/div>\n<\/div>\n<\/div>\n<\/div>\n<\/div>\n<\/div>\n<\/section>\n<section data-uid=\"dokjzmexqunazctbloammypxiyzspbnjdvyj\" id=\"dokjzmexqunazctbloammypxiyzspbnjdvyj\" class=\"brz-section brz-css-iqrjw\">\n<div class=\"brz-section__content brz-section--fullWidth brz-css-cwbij brz-css-prulq\" data-custom-id=\"ofodesxequsppebghdddegirgebmibqoghuq\">\n<div class=\"brz-container brz-css-ygwlm brz-css-aerzo\">\n<div class=\"brz-row__container brz-css-mndix\" data-custom-id=\"utyrubatiicuodtfdrsdwpqylqelgarpuuon\">\n<div class=\"brz-bg overflow-hidden absolute top-0 left-0 w-full h-full\"><\/div>\n<div class=\"brz-row brz-css-fmoim brz-css-zbhee\">\n<div class=\"brz-columns brz-css-kdshj brz-css-drbya\" data-custom-id=\"bwhvzqizgbjedpjcxsmqwrqrinyzgjbgspsj\">\n<div class=\"brz-bg overflow-hidden absolute top-0 left-0 w-full h-full\">\n<div class=\"brz-bg-image absolute top-0 left-0 w-full h-full bg-no-repeat bg-cover\"><\/div>\n<div class=\"brz-bg-color absolute top-0 left-0 w-full h-full\"><\/div>\n<\/div>\n<div class=\"brz-column__items brz-css-uhtvx brz-css-zihye\">\n<div class=\"brz-css-enyib brz-wrapper\">\n<div class=\"brz-rich-text brz-rich-text__custom brz-css-jhnwk\" data-custom-id=\"jwnimgjetgcecygmylqrterlhygpcivocwtx\">\n<div>\n<p class=\"brz-css-zuxsp\" data-generated-css=\"brz-css-crdvx\" data-uniq-id=\"zgghd\"><strong class=\"brz-capitalize-on\">Quer\u00e9taro<\/strong><\/p>\n<\/div>\n<\/div>\n<\/div>\n<div class=\"brz-css-enyib brz-wrapper\">\n<div class=\"brz-rich-text brz-rich-text__custom brz-css-jhnwk\" data-custom-id=\"gsmwimrdkyclrbvnesgxvdsuzoznvveokpxc\">\n<div>\n<p class=\"brz-css-sfqaz\" data-generated-css=\"brz-css-tlbrb\" data-uniq-id=\"vlgbt\"><\/p>\n<\/div>\n<\/div>\n<\/div>\n<div class=\"brz-css-enyib brz-wrapper\">\n<div class=\"brz-rich-text brz-rich-text__custom brz-css-jhnwk\" data-custom-id=\"zqaeoplnuileqzczyjtasnnpvkfamszxflol\">\n<div>\n<p class=\"brz-css-ngbhl\" data-generated-css=\"brz-css-nfzxj\" data-uniq-id=\"eggxe\"><\/p>\n<\/div>\n<\/div>\n<\/div>\n<div class=\"brz-css-enyib brz-wrapper\">\n<div class=\"brz-rich-text brz-rich-text__custom brz-css-jhnwk\" data-custom-id=\"pllppgreddoeuzgettkoxtplgwzfjiswhmro\">\n<div>\n<p class=\"brz-css-fvsca\" data-generated-css=\"brz-css-angta\" data-uniq-id=\"fjtvm\"><strong>Naturaleza y aventura<\/strong><\/p>\n<\/div>\n<\/div>\n<\/div>\n<\/div>\n<\/div>\n<\/div>\n<\/div>\n<\/div>\n<\/div>\n<\/section>\n<section data-uid=\"vkkdmiywdorcuowqdwgtdcgpjevosqiqxbqd\" id=\"vkkdmiywdorcuowqdwgtdcgpjevosqiqxbqd\" class=\"brz-section brz-css-iqrjw\">\n<div class=\"brz-section__content brz-section--boxed brz-css-cwbij brz-css-tjpex\" data-custom-id=\"tmgrfkcjjliasesblgtfjhoqvkheinubntyp\">\n<div class=\"brz-container brz-css-ygwlm brz-css-nouid\">\n<div class=\"brz-css-enyib brz-wrapper\">\n<div class=\"brz-rich-text brz-rich-text__custom brz-css-jhnwk\" data-custom-id=\"meyvpoqvhppxuqvjjlnbtacupbavatbnvexl\">\n<div>\n<p data-uniq-id=\"bwphm\" data-generated-css=\"brz-css-nttlc\" class=\"brz-css-xjdxt\"><span style=\"background-color: transparent\">Quer\u00e9taro cuenta con diversos atractivos naturales, la mayor\u00eda provenientes del \u00c1rea Natural Protegida decretada como Reserva de la Bi\u00f3sfera Sierra Gorda en 1997, que cubre aproximadamente la tercera parte del estado. Podemos encontrar diversos parques, jard\u00ednes, cerros y grutas que cuentan con distintas actividades. <\/span><\/p>\n<\/div>\n<\/div>\n<\/div>\n<div class=\"brz-css-enyib brz-wrapper\">\n<div class=\"brz-line brz-line-default brz-css-eflje brz-css-zhplm\" data-custom-id=\"vxlmzpzhiqesinjtklbyrtycwsmvrwyprrvy\">\n<hr class=\"brz-hr\" \/><\/div>\n<\/div>\n<div class=\"brz-css-enyib brz-wrapper\">\n<div class=\"brz-rich-text brz-rich-text__custom brz-css-jhnwk\" data-custom-id=\"dfwegxgsbgxabxpoxnjenvdmzcecyrzlnoyk\">\n<div>\n<p class=\"brz-css-nztlh\" data-uniq-id=\"oaxya\" data-generated-css=\"brz-css-gjben\"><strong>Mirador de Quer\u00e9taro<\/strong><\/p>\n<p class=\"brz-css-sraxu\" data-uniq-id=\"qxylq\" data-generated-css=\"brz-css-mugwa\"><span>Caminando sobre esta avenida desde el Centro Hist\u00f3rico se llega a un punto alto desde el cual se tiene una maravillosa vista de toda la ciudad, en especial del Acueducto. Es recomendable ir de d\u00eda.<\/span><\/p>\n<p class=\"brz-css-lcsrb\" data-uniq-id=\"qhocz\" data-generated-css=\"brz-css-drrqe\"><strong>Direcci\u00f3n:<\/strong><span> Avenida Universidad, s\/n.<\/span><\/p>\n<p class=\"brz-css-hjtpj\" data-uniq-id=\"xhacn\" data-generated-css=\"brz-css-mgyfi\"><strong>Horario: <\/strong><span>Abierto las 24 horas<\/span><\/p>\n<p class=\"brz-css-awdrk\" data-uniq-id=\"zirbi\" data-generated-css=\"brz-css-hnvwg\"><\/p>\n<p class=\"brz-css-aetli\" data-uniq-id=\"lcrfv\" data-generated-css=\"brz-css-vvuxd\"><strong>Jard\u00edn Zenea<\/strong><\/p>\n<p class=\"brz-css-ufyuc\" data-uniq-id=\"ivvbd\" data-generated-css=\"brz-css-wuhxg\"><span>Esta plaza naci\u00f3 como parte del huerto del Templo de San Francisco y posteriormente se convirti\u00f3 en una plaza de tianguis y mercadeo, pues su ubicaci\u00f3n lo hac\u00eda punto de encuentro de quienes transitaban el Camino Real de Tierra Adentro. Actualmente se realizan diversos eventos culturales alrededor del quiosco.<\/span><\/p>\n<p class=\"brz-css-mddnz\" data-uniq-id=\"zarmi\" data-generated-css=\"brz-css-umsaw\"><strong>Direcci\u00f3n: <\/strong><span>Calle 16 de Septiembre 8-24, 76020 Quer\u00e9taro.<\/span><\/p>\n<p class=\"brz-css-fqdjp\" data-uniq-id=\"cahoz\" data-generated-css=\"brz-css-xvvto\"><\/p>\n<p class=\"brz-css-lvlkl\" data-uniq-id=\"scims\" data-generated-css=\"brz-css-ybaey\"><strong>Parque Nacional El Cimatario<\/strong><\/p>\n<p class=\"brz-css-xxkdt\" data-uniq-id=\"kmvyp\" data-generated-css=\"brz-css-sgwbz\"><span>Es una reserva natural ubicada entre los l\u00edmites de los municipios de Huimilpan y Quer\u00e9taro. El parque est\u00e1 instalado en lo que fue un volc\u00e1n activo y en \u00e9l habitan especies en peligro de extinci\u00f3n y son cuidadas aquellas que se rescatan.<\/span><\/p>\n<p class=\"brz-css-twzza\" data-uniq-id=\"kjpkh\" data-generated-css=\"brz-css-jsgrt\"><strong>Horario:<\/strong><span> Todos los d\u00edas de 7:00 a 17:00 hrs.<\/span><\/p>\n<p class=\"brz-css-tywzo\" data-uniq-id=\"fiftm\" data-generated-css=\"brz-css-cycls\"><\/p>\n<p class=\"brz-css-xjjoq\" data-uniq-id=\"hqwca\" data-generated-css=\"brz-css-qblzw\"><strong>Parque Ecol\u00f3gico Paso de los Guzm\u00e1n<\/strong><\/p>\n<p class=\"brz-css-jvpso\" data-uniq-id=\"mdqoj\" data-generated-css=\"brz-css-jwmnm\"><span>Este hermoso parque cuenta con amplias instalaciones deportivas, cafeter\u00eda, pista para correr y juegos infantiles. El parque es ideal para disfrutar en familia un agradable fin de semana<\/span><\/p>\n<p class=\"brz-css-tmztr\" data-uniq-id=\"nctxh\" data-generated-css=\"brz-css-ybwxn\"><strong>Direcci\u00f3n: <\/strong><span>Blvd. Paso de los Guzm\u00e1n s\/n, Centro, 76800 San Juan del R\u00edo.<\/span><\/p>\n<p class=\"brz-css-lxljw\" data-uniq-id=\"srjvl\" data-generated-css=\"brz-css-aaxlj\"><\/p>\n<p class=\"brz-css-rjbmt\" data-uniq-id=\"wmuwl\" data-generated-css=\"brz-css-scgkr\"><strong>Cerro de Los Gallos<\/strong><\/p>\n<p class=\"brz-css-drvar\" data-uniq-id=\"wvxra\" data-generated-css=\"brz-css-wrelp\"><span>Es un lugar ideal para pasar tiempo en familia, hay un puente colgante, tirolesa, palapas, espacios para caminata y otras actividades.<\/span><strong> <\/strong><\/p>\n<p class=\"brz-css-grmjv\" data-uniq-id=\"tkkuz\" data-generated-css=\"brz-css-wrxxo\"><strong>Direcci\u00f3n: <\/strong><span> 76850 Amealco de Bonfil, Quer\u00e9taro. A media hora de San Juan del R\u00edo.<\/span><\/p>\n<p class=\"brz-css-amgqg\" data-uniq-id=\"jzkks\" data-generated-css=\"brz-css-qvruv\"><strong>Tel\u00e9fono:<\/strong><span> 448 278 2424<\/span><\/p>\n<p class=\"brz-css-eypih\" data-uniq-id=\"dfpwy\" data-generated-css=\"brz-css-rnmnx\"><\/p>\n<p class=\"brz-css-oqqjz\" data-uniq-id=\"buxbu\" data-generated-css=\"brz-css-cljzb\"><strong>Grutas La Esperanza<\/strong><\/p>\n<p class=\"brz-css-jprux\" data-uniq-id=\"nybee\" data-generated-css=\"brz-css-cqehg\"><span>Son cerca de 97 metros cuadrados de estalagmitas y estalactitas, formaciones de roca dentro de la cueva que se formaron por la filtraci\u00f3n del agua entre las piedras.<\/span><\/p>\n<p class=\"brz-css-qmbfa\" data-uniq-id=\"uyghh\" data-generated-css=\"brz-css-xrmvi\"><strong>Direcci\u00f3n: <\/strong><span>Domicilio Conocido Cadereyta de Montes. A 40 minutos de San Juan del R\u00edo.<\/span><\/p>\n<p class=\"brz-css-gtkde\" data-uniq-id=\"xcaez\" data-generated-css=\"brz-css-ddfbf\"><\/p>\n<p class=\"brz-css-fqjtm\" data-uniq-id=\"zxyym\" data-generated-css=\"brz-css-gzvrj\"><strong>Jard\u00edn Bot\u00e1nico Regional de Cadereyta<\/strong><\/p>\n<p class=\"brz-css-bsznp\" data-uniq-id=\"ozrcp\" data-generated-css=\"brz-css-ejlfc\"><span>A una hora de San Juan del R\u00edo. El Jard\u00edn Bot\u00e1nico Regional de Cadereyta &#8220;Ing. Manuel Gonz\u00e1lez de Cos\u00edo&#8221; es una instituci\u00f3n dedicada al estudio, conservaci\u00f3n y aprovechamiento de la flora mexicana, particularmente, la del semidesierto queretano.<\/span><\/p>\n<p class=\"brz-css-iqclw\" data-uniq-id=\"elyvq\" data-generated-css=\"brz-css-ofgdv\"><strong>Direcci\u00f3n: <\/strong><span>Camino antiguo a la Hacienda Tovares s\/n, Ejido de Fuentes y Pueblo Nuevo, 76500 Cadereyta de Montes, Quer\u00e9taro.<\/span><\/p>\n<p class=\"brz-css-fqnmd\" data-uniq-id=\"ktldy\" data-generated-css=\"brz-css-xqrtu\"><strong>Tel\u00e9fono:<\/strong><span> 441 276 0647<\/span><\/p>\n<p class=\"brz-css-qvvyr\" data-uniq-id=\"ktibj\" data-generated-css=\"brz-css-snwtx\"><strong>Sitio web: <\/strong><span>http:\/\/www.concyteq.edu.mx\/JB\/inicio.html<\/span><\/p>\n<p class=\"brz-css-iupmv\" data-uniq-id=\"ewhqd\" data-generated-css=\"brz-css-rufbn\"><\/p>\n<p class=\"brz-css-xgqsq\" data-uniq-id=\"findu\" data-generated-css=\"brz-css-bnxzv\"><strong>Pe\u00f1a de Bernal<\/strong><\/p>\n<p class=\"brz-css-kbqpx\" data-uniq-id=\"tnhez\" data-generated-css=\"brz-css-ksqkh\"><span>A una hora de San Juan del R\u00edo. La Pe\u00f1a de Bernal es el tercer monolito m\u00e1s grande del mundo, est\u00e1 localizado en el pueblo de Bernal que pertenece al municipio de Ezequiel Montes en el estado de Quer\u00e9taro. Seg\u00fan estudios realizados, la pe\u00f1a se form\u00f3 a partir de un volc\u00e1n que agot\u00f3 su actividad, posteriormente la lava del interior se volvi\u00f3 s\u00f3lida y la erosi\u00f3n que sufri\u00f3 a trav\u00e9s de los a\u00f1os hizo desaparecer los restos del volc\u00e1n.<\/span><\/p>\n<p class=\"brz-css-hxjdg\" data-uniq-id=\"hmigv\" data-generated-css=\"brz-css-gfzvs\"><\/p>\n<p class=\"brz-css-vtcwe\" data-uniq-id=\"whskh\" data-generated-css=\"brz-css-pttfi\"><strong>Mirador Cuatro Palos<\/strong><\/p>\n<p class=\"brz-css-rzyaz\" data-uniq-id=\"hptke\" data-generated-css=\"brz-css-pqaqx\"><span>Desde el mirador podr\u00e1s observar el Cerro de la Media Luna, la Misi\u00f3n de Bucareli, la Pe\u00f1a de Bernal y la inmensidad de la Sierra Gorda queretana. Es perfecto para practicar senderismo, ciclismo extremo, acampar o rentar una caba\u00f1a, apreciar el cielo, la vegetaci\u00f3n, capturar fotos y videos.<\/span><\/p>\n<p class=\"brz-css-oukrh\" data-uniq-id=\"gdebo\" data-generated-css=\"brz-css-qyics\"><strong>Direcci\u00f3n: <\/strong><span>MEX-120, 76300 Pinal de Amoles, Quer\u00e9taro.<\/span><\/p>\n<p class=\"brz-css-vtlfp\" data-uniq-id=\"pwbnh\" data-generated-css=\"brz-css-nidbg\"><strong>Horario:<\/strong><span> Todos los d\u00edas de 6:00 a 20:00 hrs.<\/span><\/p>\n<p class=\"brz-css-ojcyo\" data-uniq-id=\"zzvfy\" data-generated-css=\"brz-css-jrvrf\"><strong>Sitio web: <\/strong><span>https:\/\/www.facebook.com\/EjidoCuatroPalos\/<\/span><\/p>\n<p class=\"brz-css-snzqg\" data-uniq-id=\"tkpjn\" data-generated-css=\"brz-css-qlcta\"><\/p>\n<p class=\"brz-css-rsqlq\" data-uniq-id=\"kxanl\" data-generated-css=\"brz-css-bftfo\"><strong>Cascada El Chuveje:<\/strong><\/p>\n<p class=\"brz-css-oepdy\" data-uniq-id=\"hyglg\" data-generated-css=\"brz-css-mhgqg\"><span>A tres horas de San Juan del R\u00edo. La cascada El Chuveje es una de las m\u00e1s grandes de Quer\u00e9taro, su ca\u00edda es de aproximadamente 35 metros y se encuentra rodeada de monta\u00f1as y una gran diversidad de flora y fauna lo cual lo vuelve un para\u00edso perfecto para estar en contacto con la naturaleza.<\/span><\/p>\n<p class=\"brz-css-vqnzi\" data-uniq-id=\"hzqbj\" data-generated-css=\"brz-css-wtujs\"><strong>Direcci\u00f3n: <\/strong><span>Carretera Federal 45 de Cuota Xilitla km 160, San Juan del Rio, Mexico Pinal de Amoles, Quer\u00e9taro.<\/span><\/p>\n<p class=\"brz-css-djiwa\" data-uniq-id=\"sccel\" data-generated-css=\"brz-css-itwsg\"><\/p>\n<p class=\"brz-css-woghw\" data-uniq-id=\"emzax\" data-generated-css=\"brz-css-hvulh\"><strong>Puente de Dios<\/strong><\/p>\n<p class=\"brz-css-wqnpe\" data-uniq-id=\"melpd\" data-generated-css=\"brz-css-clqiy\"><span>A tres horas y media de San Juan del R\u00edo. Es un atractivo sobresaliente de Sierra Gorda por sus incre\u00edbles paisajes, para llegar a \u00e9l es necesario realizar un recorrido a pie por la naturaleza.<\/span><\/p>\n<p class=\"brz-css-zljaq\" data-uniq-id=\"kakbo\" data-generated-css=\"brz-css-htqjt\"><strong>Direcci\u00f3n<\/strong><span>: Carretera Federal 120, Xilitla, a la Altura del km 155, 76030 Jalpan de Serra, Quer\u00e9taro.<\/span><\/p>\n<\/div>\n<\/div>\n<\/div>\n<\/div>\n<\/div>\n<\/section>\n<section data-uid=\"rveuamtmysvwswawebijahrjxkuxjvxlxelg\" id=\"rveuamtmysvwswawebijahrjxkuxjvxlxelg\" class=\"brz-section brz-css-iqrjw brz-css-saqbw\">\n<div class=\"brz-section__content brz-section--boxed brz-css-cwbij brz-css-zvcjd\" data-custom-id=\"jevxzucvdlfbjclqnoxdfdxufrptolgfwndq\">\n<div class=\"brz-bg overflow-hidden absolute top-0 left-0 w-full h-full\">\n<div class=\"brz-bg-map absolute top-0 left-0 w-full h-full\"><\/div>\n<\/div>\n<div class=\"brz-container brz-css-ygwlm\">\n<div class=\"brz-css-enyib brz-wrapper\">\n<div class=\"brz-wp-shortcode brz-css-kbjyi\" data-custom-id=\"vaumvpxxskcrrqrhzkoxiwldmvtwaubzppkh\">\n<div><div class=\"twer-map-wrapper treweler-map-fw\" ><div class=\"twer-iframe-embed\" style=\"height:500px;\"><iframe loading=\"lazy\" class=\"twer-iframe\" src=\"https:\/\/tlatelolcounam.mx\/caminoreal\/treweler-map\/estado-de-mexico\/?tw=iframe&#038;twer-index=1&#038;twer-map-id=474&#038;twer-height=500px&#038;twer-type=fullwidth&#038;twer-scrollzoom=yes&#038;twer-width\"  frameborder=\"0\" title=\"Treweler Map\"><\/iframe><\/div><\/div><\/div>\n<\/div>\n<\/div>\n<\/div>\n<\/div>\n<\/section>\n<section data-uid=\"qkfzfeoawtxqqyvitadwfdeismrzfhwurmii\" id=\"qkfzfeoawtxqqyvitadwfdeismrzfhwurmii\" class=\"brz-section brz-css-iqrjw\">\n<div class=\"brz-section__content brz-section--boxed brz-css-cwbij brz-css-evuom\" data-custom-id=\"furozkipdsfzporznemncmrldghyqktjhmgb\">\n<div class=\"brz-bg overflow-hidden absolute top-0 left-0 w-full h-full\">\n<div class=\"brz-bg-image absolute top-0 left-0 w-full h-full bg-no-repeat bg-cover\"><\/div>\n<div class=\"brz-bg-color absolute top-0 left-0 w-full h-full\"><\/div>\n<\/div>\n<div class=\"brz-container brz-css-ygwlm\">\n<div class=\"brz-row__container brz-css-mndix\" data-custom-id=\"achsreujasksizjbtnmshsdugxsmfrbryrvr\">\n<div class=\"brz-bg overflow-hidden absolute top-0 left-0 w-full h-full\"><\/div>\n<div class=\"brz-row brz-css-fmoim brz-css-zbhee\">\n<div class=\"brz-columns brz-css-kdshj brz-css-xvurn\" data-custom-id=\"zokmicasrntzzshjxniwzjkuppixtkmaqdzz\">\n<div class=\"brz-bg overflow-hidden absolute top-0 left-0 w-full h-full\"><\/div>\n<div class=\"brz-column__items brz-css-uhtvx brz-css-cpekn\">\n<div class=\"brz-css-enyib brz-css-sfnyt brz-wrapper\">\n<div class=\"brz-image brz-css-poovl\"><img decoding=\"async\" class=\"brz-img\" src=\"https:\/\/tlatelolcounam.mx\/caminoreal\/wp-content\/uploads\/brizy\/imgs\/logo-1-293x101x0x1x293x100x1642108354.png\" alt=\"\" loading=\"lazy\" \/><\/div>\n<\/div>\n<div class=\"brz-css-enyib brz-css-kczmi brz-wrapper\">\n<div class=\"brz-spacer brz-css-krvkg brz-css-vofyy\"><\/div>\n<\/div>\n<div class=\"brz-css-enyib brz-wrapper\">\n<div class=\"brz-rich-text brz-rich-text__custom brz-css-jhnwk\" data-custom-id=\"kywuxuscztrrhlidoxrxnbhrmlsoucwdrdvp\">\n<div>\n<p class=\"brz-css-rmigl\" data-uniq-id=\"euomf\" data-generated-css=\"brz-css-qlfmh\"><span>Ricardo Flores Mag\u00f3n 1. <\/span><\/p>\n<p class=\"brz-css-ujqwm\" data-uniq-id=\"fkrdx\" data-generated-css=\"brz-css-lepkg\"><span>Col. Nonoalco-Tlatelolco C.P. 06995. <\/span><\/p>\n<p class=\"brz-css-txeua\" data-uniq-id=\"gutxj\" data-generated-css=\"brz-css-zxvpu\"><span>ccutlatelolco@gmail.com<\/span><\/p>\n<p class=\"brz-css-qtrba\" data-generated-css=\"brz-css-fwbyw\" data-uniq-id=\"yzdzu\"><span>5117 2818 ext. 49613<\/span><\/p>\n<\/div>\n<\/div>\n<\/div>\n<\/div>\n<\/div>\n<div class=\"brz-columns brz-css-kdshj brz-css-uuzrl\" data-custom-id=\"ueceosewmvdlocaoiccxqzaqsdrbhugdlqwp\">\n<div class=\"brz-bg overflow-hidden absolute top-0 left-0 w-full h-full\"><\/div>\n<div class=\"brz-column__items brz-css-uhtvx\">\n<div class=\"brz-css-enyib brz-wrapper\">\n<div class=\"brz-rich-text brz-rich-text__custom brz-css-jhnwk\" data-custom-id=\"yieydbdefqqzosmqedrukrhhuflrrnwhnfme\">\n<div>\n<p class=\"brz-css-dnqsf\" data-uniq-id=\"pdybz\" data-generated-css=\"brz-css-custc\"><span>M\u00e1s sobre el CCUT<\/span><\/p>\n<\/div>\n<\/div>\n<\/div>\n<div class=\"brz-css-enyib brz-css-kczmi brz-wrapper\">\n<div class=\"brz-spacer brz-css-krvkg brz-css-mbnbj\"><\/div>\n<\/div>\n<div class=\"brz-css-enyib brz-wrapper\">\n<div class=\"brz-rich-text brz-rich-text__custom brz-css-jhnwk\" data-custom-id=\"ynfeweewrtxixsrhnduzblhwsykqywcbwrbd\">\n<div>\n<p class=\"brz-css-yxktd\" data-uniq-id=\"frwjr\" data-generated-css=\"brz-css-laqsj\"><span>Seminario <\/span><\/p>\n<p class=\"brz-css-eraqo\" data-uniq-id=\"vnkoo\" data-generated-css=\"brz-css-dmrvc\"><span>Memorias<\/span><\/p>\n<p class=\"brz-css-yktpv\" data-uniq-id=\"dcvrt\" data-generated-css=\"brz-css-bwatq\"><span>Resistencias<\/span><\/p>\n<p class=\"brz-css-ymncn\" data-generated-css=\"brz-css-vpotn\" data-uniq-id=\"xkgby\"><span>Comunidades<\/span><\/p>\n<\/div>\n<\/div>\n<\/div>\n<div class=\"brz-css-enyib brz-wrapper\">\n<div class=\"brz-rich-text brz-rich-text__custom brz-css-jhnwk\" data-custom-id=\"imzwziqzkzgaummubqbkvghlpqnmykoyscdr\">\n<div>\n<p class=\"brz-css-aykku\" data-uniq-id=\"icvhm\" data-generated-css=\"brz-css-gzhjx\"><\/p>\n<\/div>\n<\/div>\n<\/div>\n<\/div>\n<\/div>\n<div class=\"brz-columns brz-css-kdshj brz-css-nposb\" data-custom-id=\"vweavhhwtywjlvwtobzunrtkfybgszsfwmoi\">\n<div class=\"brz-bg overflow-hidden absolute top-0 left-0 w-full h-full\"><\/div>\n<div class=\"brz-column__items brz-css-uhtvx\">\n<div class=\"brz-css-enyib brz-wrapper\">\n<div class=\"brz-rich-text brz-rich-text__custom brz-css-jhnwk\" data-custom-id=\"yuqipqqugxqfpjpkfcexpwembqsekzhvzpjf\">\n<div>\n<p class=\"brz-css-ptrrz\" data-uniq-id=\"wbckk\" data-generated-css=\"brz-css-akbyj\"><span class=\"brz-cp-color8\">S\u00edguenos<\/span><\/p>\n<\/div>\n<\/div>\n<\/div>\n<div class=\"brz-css-enyib brz-css-kczmi brz-wrapper\">\n<div class=\"brz-spacer brz-css-krvkg brz-css-agcrf\"><\/div>\n<\/div>\n<div class=\"brz-css-enyib brz-css-knfvn brz-wrapper\">\n<div class=\"brz-icon-text brz-css-xutjt brz-css-tbwnv\" data-custom-id=\"hydbwhzcpvjqiiorwlilgqxqftkxpkwkywsj\">\n<div id class=\"brz-icon__container\" data-custom-id=\"uqxskthsztuwpwwoqfqmhvqdknuvatiyuwqk\"><span class=\"brz-icon brz-span brz-css-qmksq brz-css-ogspm\"><\/span><\/div>\n<div class=\"brz-text-btn\">\n<div class=\"brz-rich-text brz-rich-text__custom brz-css-jhnwk\" data-custom-id=\"bgkyxrvclbbxxythvkxjtgqxdhzzsnwwrkmq\">\n<div>\n<p class=\"brz-css-sdhzb\"><span>Twitter<\/span><\/p>\n<\/div>\n<\/div>\n<\/div>\n<\/div>\n<\/div>\n<div class=\"brz-css-enyib brz-css-mkbab brz-wrapper\">\n<div class=\"brz-icon-text brz-css-xutjt brz-css-bqmik\" data-custom-id=\"jabsrjtzzoxfchshzqqtimtttlnkjsnwskkq\">\n<div id class=\"brz-icon__container\" data-custom-id=\"cdxdzmlnscinzsmwffqlxwmqhplmzbhprxza\"><span class=\"brz-icon brz-span brz-css-qmksq brz-css-fvnfi\"><\/span><\/div>\n<div class=\"brz-text-btn\">\n<div class=\"brz-rich-text brz-rich-text__custom brz-css-jhnwk\" data-custom-id=\"txxspklpmzyaxsjzabzltuhbhneozicfdhup\">\n<div>\n<p class=\"brz-css-xlxor\"><span>Facebook<\/span><\/p>\n<\/div>\n<\/div>\n<\/div>\n<\/div>\n<\/div>\n<div class=\"brz-css-enyib brz-wrapper\">\n<div class=\"brz-icon-text brz-css-xutjt brz-css-skizh\" data-custom-id=\"evbxwngmaedzgcjttyjbxbrqilvezuyjizmm\">\n<div id class=\"brz-icon__container\" data-custom-id=\"gburckwvhlgdxkgngoywxugovxipiwturtcd\"><span class=\"brz-icon brz-span brz-css-qmksq brz-css-mjdsq\"><\/span><\/div>\n<div class=\"brz-text-btn\">\n<div class=\"brz-rich-text brz-rich-text__custom brz-css-jhnwk\" data-custom-id=\"cxbjqcvvcsyicwjnumpamepblkgqnskdfjka\">\n<div>\n<p class=\"brz-css-scpyw\"><span>Youtube<\/span><\/p>\n<\/div>\n<\/div>\n<\/div>\n<\/div>\n<\/div>\n<\/div>\n<\/div>\n<\/div>\n<\/div>\n<div class=\"brz-css-enyib brz-wrapper\">\n<div class=\"brz-image brz-css-liryv\"><img decoding=\"async\" class=\"brz-img\" src=\"https:\/\/tlatelolcounam.mx\/caminoreal\/wp-content\/uploads\/brizy\/imgs\/escudo-firma-176x88x0x0x176x88x1642108760.png\" alt=\"\" loading=\"lazy\" \/><\/div>\n<\/div>\n<div class=\"brz-css-enyib brz-css-odqiv brz-wrapper\">\n<div class=\"brz-line brz-line-default brz-css-eflje brz-css-dnhbi\" data-custom-id=\"wguunchwyulhdtykgwtenhecrqcyxgzhcexc\">\n<hr class=\"brz-hr\" \/><\/div>\n<\/div>\n<div class=\"brz-css-enyib brz-wrapper\">\n<div class=\"brz-rich-text brz-rich-text__custom brz-css-jhnwk\" data-custom-id=\"ltuintpcpfoaywaqxegggkzizlpptgxtiful\">\n<div>\n<p class=\"brz-css-xkunu\" data-uniq-id=\"yqtzc\" data-generated-css=\"brz-css-kwjoz\"><span>Esta p\u00e1gina y el contenido de la misma se encuentran protegidos por propiedad intelectual, confidencialidad entre las partes, as\u00ed como por normativa general y universitaria vigente de Transparencia, Acceso a la Informaci\u00f3n P\u00fablica y Protecci\u00f3n de Datos Personales. UNAM-CCUT.<\/span><\/p>\n<\/div>\n<\/div>\n<\/div>\n<\/div>\n<\/div>\n<\/section>\n<\/div>\n<p><!-- version:1673310995 --><\/p>\n","protected":false},"excerpt":{"rendered":"<p>Inicio Estados Historia Quer\u00e9taro Naturaleza y aventura Quer\u00e9taro cuenta con diversos atractivos naturales, la mayor\u00eda provenientes del \u00c1rea Natural Protegida decretada como Reserva de la Bi\u00f3sfera Sierra Gorda en 1997, que cubre aproximadamente la tercera parte del estado. Podemos encontrar diversos parques, jard\u00ednes, cerros y grutas que cuentan con distintas actividades. Mirador de Quer\u00e9taro Caminando [&hellip;]<\/p>\n","protected":false},"author":6,"featured_media":0,"parent":0,"menu_order":0,"comment_status":"closed","ping_status":"closed","template":"brizy-blank-template.php","meta":{"footnotes":""},"class_list":["post-3174","page","type-page","status-publish","hentry"],"_links":{"self":[{"href":"https:\/\/tlatelolcounam.mx\/caminoreal\/wp-json\/wp\/v2\/pages\/3174","targetHints":{"allow":["GET"]}}],"collection":[{"href":"https:\/\/tlatelolcounam.mx\/caminoreal\/wp-json\/wp\/v2\/pages"}],"about":[{"href":"https:\/\/tlatelolcounam.mx\/caminoreal\/wp-json\/wp\/v2\/types\/page"}],"author":[{"embeddable":true,"href":"https:\/\/tlatelolcounam.mx\/caminoreal\/wp-json\/wp\/v2\/users\/6"}],"replies":[{"embeddable":true,"href":"https:\/\/tlatelolcounam.mx\/caminoreal\/wp-json\/wp\/v2\/comments?post=3174"}],"version-history":[{"count":88,"href":"https:\/\/tlatelolcounam.mx\/caminoreal\/wp-json\/wp\/v2\/pages\/3174\/revisions"}],"predecessor-version":[{"id":44683,"href":"https:\/\/tlatelolcounam.mx\/caminoreal\/wp-json\/wp\/v2\/pages\/3174\/revisions\/44683"}],"wp:attachment":[{"href":"https:\/\/tlatelolcounam.mx\/caminoreal\/wp-json\/wp\/v2\/media?parent=3174"}],"curies":[{"name":"wp","href":"https:\/\/api.w.org\/{rel}","templated":true}]}}