{"id":3008,"date":"2022-05-02T07:34:05","date_gmt":"2022-05-02T07:34:05","guid":{"rendered":"https:\/\/tlatelolcounam.mx\/caminoreal\/?page_id=3008"},"modified":"2025-08-11T20:13:35","modified_gmt":"2025-08-11T20:13:35","slug":"queretarotransporte-2","status":"publish","type":"page","link":"https:\/\/tlatelolcounam.mx\/caminoreal\/queretaro-2\/queretarotransporte-2\/","title":{"rendered":"Quer\u00e9taro Transporte"},"content":{"rendered":"<div class=\"brz-root__container brz-reset-all\">\n<section data-uid=\"cdkeghlziiohoukivthemcomadlvolvjzyzx\" id=\"cdkeghlziiohoukivthemcomadlvolvjzyzx\" class=\"brz-section brz-css-zgwve\">\n<div class=\"brz-section__content brz-section--boxed brz-css-rwuyo brz-css-tfhbl\" data-custom-id=\"kxtylskpqchveijjrewfnyruqtatzgwljyzm\">\n<div class=\"brz-container brz-css-cikzh\">\n<div class=\"brz-row__container brz-css-bmezs\" data-custom-id=\"tnecfxcdykoambyuufnshbafyloyrkvzbfkf\">\n<div class=\"brz-bg overflow-hidden absolute top-0 left-0 w-full h-full\"><\/div>\n<div class=\"brz-row brz-css-odaeu brz-css-kqgku\">\n<div class=\"brz-columns brz-css-hafto brz-css-nvdjs\" data-custom-id=\"epxscrxbxahcngbhbcghkwdykelzrjhfzqft\">\n<div class=\"brz-bg overflow-hidden absolute top-0 left-0 w-full h-full\"><\/div>\n<div class=\"brz-column__items brz-css-xtdis brz-css-sasmm\">\n<div class=\"brz-css-ftgyd brz-css-tympn brz-wrapper\">\n<div class=\"brz-image brz-css-mdrvj brz-css-qzeho\"><img decoding=\"async\" class=\"brz-img\" src=\"https:\/\/tlatelolcounam.mx\/caminoreal\/wp-content\/uploads\/2022\/01\/logo.png\" alt=\"\" loading=\"lazy\" \/><\/div>\n<\/div>\n<\/div>\n<\/div>\n<div class=\"brz-columns brz-css-hafto brz-css-ykfum\" data-custom-id=\"pzxzuttxxgqksrrdgcwhaktqjdmukvkhahfe\">\n<div class=\"brz-bg overflow-hidden absolute top-0 left-0 w-full h-full\"><\/div>\n<div class=\"brz-column__items brz-css-xtdis brz-css-mwohs\">\n<div class=\"brz-css-ftgyd brz-wrapper\">\n<div class=\"brz-menu__container brz-css-dxlmq\" data-mmenu-id=\"#ihotjngzamsaovmuxjfwazlgskslszhdhaah\" data-mmenu-position=\"position-left\" data-mmenu-title=\"Menu\" data-mmenu-stickytitle=\"on\" data-custom-id=\"xbqtfmrcedukngnyygmfwgkwektymnnnuzxj\">\n<nav class=\"brz-menu brz-menu__preview brz-css-xiviw\">\n<ul class=\"brz-menu__ul\" data-menu-items-active=\"\">\n<li class=\"brz-menu__item\" data-menu-item-id=\"a45e250d979c9b3c26fe6917797cc038\"><a class=\"brz-a menu-item menu-item-type-post_type menu-item-object-page menu-item-home\" href=\"https:\/\/tlatelolcounam.mx\/caminoreal\/\" data-brz-link-type=\"external\" id><span class=\"brz-span\">Inicio<\/span><\/a><\/li>\n<li class=\"brz-menu__item brz-menu__item-dropdown\" data-menu-item-id=\"ba4a85012b5365c17cdf357587076276\"><a class=\"brz-a brz-anchor menu-item menu-item-type-custom menu-item-object-custom\" href=\"#\" data-brz-link-type=\"anchor\" id><span class=\"brz-span\">Estados<\/span><\/a><\/li>\n<li class=\"brz-menu__item\" data-menu-item-id=\"d3c0c655631b120767a40bd0aed90e47\"><a class=\"brz-a menu-item menu-item-type-post_type menu-item-object-page\" href=\"https:\/\/tlatelolcounam.mx\/caminoreal\/historia\/\" data-brz-link-type=\"external\" id><span class=\"brz-span\">Historia<\/span><\/a><\/li>\n<\/ul>\n<\/nav>\n<div class=\"brz-mm-menu__icon\">\n<\/div>\n<\/div>\n<\/div>\n<\/div>\n<\/div>\n<\/div>\n<\/div>\n<\/div>\n<\/div>\n<\/section>\n<section data-uid=\"dokjzmexqunazctbloammypxiyzspbnjdvyj\" id=\"dokjzmexqunazctbloammypxiyzspbnjdvyj\" class=\"brz-section brz-css-zgwve\">\n<div class=\"brz-section__content brz-section--fullWidth brz-css-rwuyo brz-css-nbpvs\" data-custom-id=\"ofodesxequsppebghdddegirgebmibqoghuq\">\n<div class=\"brz-container brz-css-cikzh brz-css-ymhmk\">\n<div class=\"brz-row__container brz-css-bmezs\" data-custom-id=\"utyrubatiicuodtfdrsdwpqylqelgarpuuon\">\n<div class=\"brz-bg overflow-hidden absolute top-0 left-0 w-full h-full\"><\/div>\n<div class=\"brz-row brz-css-odaeu brz-css-kqgku\">\n<div class=\"brz-columns brz-css-hafto brz-css-iibxm\" data-custom-id=\"bwhvzqizgbjedpjcxsmqwrqrinyzgjbgspsj\">\n<div class=\"brz-bg overflow-hidden absolute top-0 left-0 w-full h-full\">\n<div class=\"brz-bg-image absolute top-0 left-0 w-full h-full bg-no-repeat bg-cover\"><\/div>\n<div class=\"brz-bg-color absolute top-0 left-0 w-full h-full\"><\/div>\n<\/div>\n<div class=\"brz-column__items brz-css-xtdis brz-css-wmwiw\">\n<div class=\"brz-css-ftgyd brz-wrapper\">\n<div class=\"brz-rich-text brz-rich-text__custom brz-css-opose\" data-custom-id=\"bsyptojrkqmqmubdhdybxotenrvorxwsncsl\">\n<div>\n<p class=\"brz-css-vkwye\" data-generated-css=\"brz-css-zuvtc\" data-uniq-id=\"mmsfg\"><strong class=\"brz-capitalize-on\">Quer\u00e9taro<\/strong><\/p>\n<\/div>\n<\/div>\n<\/div>\n<div class=\"brz-css-ftgyd brz-wrapper\">\n<div class=\"brz-rich-text brz-rich-text__custom brz-css-opose\" data-custom-id=\"vhgnutkogffgyviktwanifswgadzfnrwudir\">\n<div>\n<p class=\"brz-css-lefpq\" data-generated-css=\"brz-css-qhsif\" data-uniq-id=\"kraul\"><\/p>\n<\/div>\n<\/div>\n<\/div>\n<div class=\"brz-css-ftgyd brz-wrapper\">\n<div class=\"brz-rich-text brz-rich-text__custom brz-css-opose\" data-custom-id=\"wyykzzcazuuytgbbzwsllfsmtnytthkdjese\">\n<div>\n<p class=\"brz-css-sgxtn\" data-generated-css=\"brz-css-sccyf\" data-uniq-id=\"pzhvl\"><\/p>\n<\/div>\n<\/div>\n<\/div>\n<div class=\"brz-css-ftgyd brz-wrapper\">\n<div class=\"brz-rich-text brz-rich-text__custom brz-css-opose\" data-custom-id=\"bgjaomqwtyqipelzgchmtvglyoduhkceifjh\">\n<div>\n<p class=\"brz-css-donol\" data-uniq-id=\"zztul\" data-generated-css=\"brz-css-ehbga\"><strong>Transporte<\/strong><\/p>\n<\/div>\n<\/div>\n<\/div>\n<\/div>\n<\/div>\n<\/div>\n<\/div>\n<\/div>\n<\/div>\n<\/section>\n<section data-uid=\"vkkdmiywdorcuowqdwgtdcgpjevosqiqxbqd\" id=\"vkkdmiywdorcuowqdwgtdcgpjevosqiqxbqd\" class=\"brz-section brz-css-zgwve\">\n<div class=\"brz-section__content brz-section--boxed brz-css-rwuyo brz-css-tkcqc\" data-custom-id=\"tmgrfkcjjliasesblgtfjhoqvkheinubntyp\">\n<div class=\"brz-container brz-css-cikzh brz-css-joyjj\">\n<div class=\"brz-css-ftgyd brz-wrapper\">\n<div class=\"brz-rich-text brz-rich-text__custom brz-css-opose\" data-custom-id=\"iveokndwuufswgtthvbiawcqudjcksvlnaqk\">\n<div>\n<h4 data-uniq-id=\"sioqz\" data-generated-css=\"brz-css-rhboi\" class=\"brz-css-oynwu\"><span>Quer\u00e9taro es el cruce de caminos de M\u00e9xico, dado que las dos principales autopistas que conectan el noreste, el oeste y el centro de M\u00e9xico confluyen aqu\u00ed: La Autopista Federal 57 que comienza en la Ciudad de M\u00e9xico y llega hasta Piedras Negras, cuyos municipios son llamados &#8220;el corredor industrial&#8221;; y la Autopista Federal 45 que conecta hacia el oeste con Guanajuato y cruza en direcci\u00f3n oeste y noroeste, adem\u00e1s de la ruta Panamericana.<\/span><\/h4>\n<\/div>\n<\/div>\n<\/div>\n<div class=\"brz-css-ftgyd brz-wrapper\">\n<div class=\"brz-line brz-line-default brz-css-hlvgf brz-css-rcdlq\" data-custom-id=\"nsqnwnixvrqktthedjkpqnmjduzzkcdudpjn\">\n<hr class=\"brz-hr\" \/><\/div>\n<\/div>\n<div class=\"brz-row__container brz-css-bmezs brz-css-kknqq\" data-custom-id=\"gzlgajiyfttcybycbsyxjlfsqcygrvwauoch\">\n<div class=\"brz-bg overflow-hidden absolute top-0 left-0 w-full h-full\"><\/div>\n<div class=\"brz-row brz-css-odaeu brz-css-kqgku\">\n<div class=\"brz-columns brz-css-hafto brz-css-gablk\" data-custom-id=\"trodzlkflatsxujkfexaatitoryhckyjdufn\">\n<div class=\"brz-bg overflow-hidden absolute top-0 left-0 w-full h-full\"><\/div>\n<div class=\"brz-column__items brz-css-xtdis brz-css-wqmdy\">\n<div class=\"brz-css-ftgyd brz-css-zpbbc brz-wrapper\">\n<div class=\"brz-rich-text brz-rich-text__custom brz-css-opose\" data-custom-id=\"lcgevqoeculhwpiscbnnkzkzwhcfsbujhquw\">\n<div>\n<p class=\"brz-css-uowrr\" data-generated-css=\"brz-css-easqg\" data-uniq-id=\"hbwcb\"><strong>Aeropuerto Internacional de Quer\u00e9taro<\/strong><\/p>\n<p class=\"brz-css-vyrgg\" data-generated-css=\"brz-css-ufojw\" data-uniq-id=\"wqvtw\"><span>Ofrece transporte a\u00e9reo de pasajeros y carga; maneja el tr\u00e1fico a\u00e9reo de la zona Metropolitana de Quer\u00e9taro, adem\u00e1s de San Juan del R\u00edo, y el este del Estado de Guanajuato, Celaya, San Miguel de Allende y San Jos\u00e9 Iturbide.<\/span><\/p>\n<p class=\"brz-css-flalk\" data-generated-css=\"brz-css-ntcyz\" data-uniq-id=\"bzptv\"><strong>Direcci\u00f3n:<\/strong><span> Est\u00e1 localizado en los municipios de Col\u00f3n y El Marqu\u00e9s, Quer\u00e9taro, M\u00e9xico.<\/span><strong> <\/strong><\/p>\n<p class=\"brz-css-ieogq\" data-generated-css=\"brz-css-arcbi\" data-uniq-id=\"okagw\"><strong>Sitio web:<\/strong><span> http:\/\/aiq.com.mx\/<\/span><\/p>\n<p class=\"brz-css-ikjko\" data-generated-css=\"brz-css-efldj\" data-uniq-id=\"zcfrt\"><\/p>\n<p class=\"brz-css-gatsm\" data-generated-css=\"brz-css-jocob\" data-uniq-id=\"uaple\"><strong>Terminal de Autobuses de Quer\u00e9taro S.A. De C.V.<\/strong><\/p>\n<p class=\"brz-css-juyqh\" data-generated-css=\"brz-css-nhoag\" data-uniq-id=\"bsgkn\"><span>Sirve como enlace terrestre entre las entidades pr\u00f3ximas destacando las salidas a la capital mexicana en intervalos de 20 min; adem\u00e1s de los destinos a pr\u00e1cticamente cualquier poblaci\u00f3n estatal por medio de autobuses de compa\u00f1\u00edas privadas.<\/span><\/p>\n<p class=\"brz-css-scqeg\" data-generated-css=\"brz-css-kanpk\" data-uniq-id=\"larai\"><strong>Direcci\u00f3n:<\/strong><span> Acceso a La Central 800, Carretas, 76063 Santiago de Quer\u00e9taro.<\/span><\/p>\n<p class=\"brz-css-zbeut\" data-generated-css=\"brz-css-xoscv\" data-uniq-id=\"xxrny\"><strong>Tel\u00e9fono: <\/strong><span>442 229 0181\/82<\/span><\/p>\n<p class=\"brz-css-zwzmq\" data-generated-css=\"brz-css-evpcz\" data-uniq-id=\"ibbxa\"><\/p>\n<p class=\"brz-css-njari\" data-generated-css=\"brz-css-tsgxm\" data-uniq-id=\"mosax\"><strong>Sistema Qrob\u00fas <\/strong><\/p>\n<p class=\"brz-css-pjvwo\" data-generated-css=\"brz-css-gjbcy\" data-uniq-id=\"etywl\"><span>El sistema de transporte p\u00fablico, conocido actualmente como Qrob\u00fas, funciona desde muy temprano y cuenta con m\u00faltiples salidas.<\/span><\/p>\n<p class=\"brz-css-jkaxq\" data-generated-css=\"brz-css-fkytv\" data-uniq-id=\"vhtyo\"><strong>Sitio web:<\/strong><span> https:\/\/qrobusoficial.com\/en\/home<\/span><\/p>\n<p class=\"brz-css-yucnl\" data-generated-css=\"brz-css-meohl\" data-uniq-id=\"rgpsg\"><\/p>\n<p class=\"brz-css-tcorq\" data-generated-css=\"brz-css-rbsqc\" data-uniq-id=\"knvoh\"><strong>Terminal de autobuses de San Juan del R\u00edo <\/strong><\/p>\n<p class=\"brz-css-tpexf\" data-generated-css=\"brz-css-anyds\" data-uniq-id=\"zwnao\"><span>La ciudad cuenta con una central de autobuses que brinda servicio for\u00e1neo con varias l\u00edneas nacionales (ETN, \u00d3mnibus de M\u00e9xico, Herradura de Plata, Flecha Azul, Flecha Roja, Flecha Amarilla, Estrella Blanca, etc.) y locales (Transportes Amealcenses y Conexi\u00f3n), que brindan servicio a distintos destinos de la Rep\u00fablica Mexicana.<\/span><\/p>\n<p class=\"brz-css-pobae\" data-generated-css=\"brz-css-xvdgo\" data-uniq-id=\"uxpxu\"><strong>Direcci\u00f3n:<\/strong><span> Blvd. Hidalgo n\u00fam. 4 Col. Centro. Autopista M\u00e9xico-Quer\u00e9taro 76800 San Juan del R\u00edo.<\/span><\/p>\n<p class=\"brz-css-uqgrx\" data-generated-css=\"brz-css-bfoxo\" data-uniq-id=\"schxb\"><\/p>\n<p class=\"brz-css-mvgxo\" data-generated-css=\"brz-css-bxzxr\" data-uniq-id=\"tnlfw\"><strong>Transporte p\u00fablico en San Juan del R\u00edo:<\/strong><\/p>\n<p data-generated-css=\"brz-css-qnfwa\" data-uniq-id=\"lwcvi\" class=\"brz-css-npnin\"><span>San Juan del R\u00edo cuenta con servicio de transporte p\u00fablico de pasajeros, for\u00e1neo y local, siendo este el medio de transporte m\u00e1s usual para traslados dentro de la ciudad. Se cuenta con las l\u00edneas de transporte p\u00fablico &#8220;Taxiv\u00e1n&#8221;, &#8220;Taxib\u00fas&#8221;, &#8220;Diligencias&#8221;, &#8220;Delfines\u201d, entre otros.<\/span><\/p>\n<\/div>\n<\/div>\n<\/div>\n<\/div>\n<\/div>\n<\/div>\n<\/div>\n<\/div>\n<\/div>\n<\/section>\n<section data-uid=\"rveuamtmysvwswawebijahrjxkuxjvxlxelg\" id=\"rveuamtmysvwswawebijahrjxkuxjvxlxelg\" class=\"brz-section brz-css-zgwve brz-css-gfgnh\">\n<div class=\"brz-section__content brz-section--boxed brz-css-rwuyo brz-css-cfnxf\" data-custom-id=\"jevxzucvdlfbjclqnoxdfdxufrptolgfwndq\">\n<div class=\"brz-bg overflow-hidden absolute top-0 left-0 w-full h-full\">\n<div class=\"brz-bg-map absolute top-0 left-0 w-full h-full\"><\/div>\n<\/div>\n<div class=\"brz-container brz-css-cikzh\">\n<div class=\"brz-css-ftgyd brz-wrapper\">\n<div class=\"brz-wp-shortcode brz-css-rauzq\" data-custom-id=\"vaumvpxxskcrrqrhzkoxiwldmvtwaubzppkh\">\n<div><div class=\"twer-map-wrapper treweler-map-fw\" ><div class=\"twer-iframe-embed\" style=\"height:500px;\"><iframe loading=\"lazy\" class=\"twer-iframe\" src=\"https:\/\/tlatelolcounam.mx\/caminoreal\/treweler-map\/estado-de-mexico\/?tw=iframe&#038;twer-index=1&#038;twer-map-id=474&#038;twer-height=500px&#038;twer-type=fullwidth&#038;twer-scrollzoom=yes&#038;twer-width\"  frameborder=\"0\" title=\"Treweler Map\"><\/iframe><\/div><\/div><\/div>\n<\/div>\n<\/div>\n<\/div>\n<\/div>\n<\/section>\n<section data-uid=\"qkfzfeoawtxqqyvitadwfdeismrzfhwurmii\" id=\"qkfzfeoawtxqqyvitadwfdeismrzfhwurmii\" class=\"brz-section brz-css-zgwve\">\n<div class=\"brz-section__content brz-section--boxed brz-css-rwuyo brz-css-zlidt\" data-custom-id=\"furozkipdsfzporznemncmrldghyqktjhmgb\">\n<div class=\"brz-bg overflow-hidden absolute top-0 left-0 w-full h-full\">\n<div class=\"brz-bg-image absolute top-0 left-0 w-full h-full bg-no-repeat bg-cover\"><\/div>\n<div class=\"brz-bg-color absolute top-0 left-0 w-full h-full\"><\/div>\n<\/div>\n<div class=\"brz-container brz-css-cikzh\">\n<div class=\"brz-row__container brz-css-bmezs\" data-custom-id=\"achsreujasksizjbtnmshsdugxsmfrbryrvr\">\n<div class=\"brz-bg overflow-hidden absolute top-0 left-0 w-full h-full\"><\/div>\n<div class=\"brz-row brz-css-odaeu brz-css-kqgku\">\n<div class=\"brz-columns brz-css-hafto brz-css-rcdau\" data-custom-id=\"zokmicasrntzzshjxniwzjkuppixtkmaqdzz\">\n<div class=\"brz-bg overflow-hidden absolute top-0 left-0 w-full h-full\"><\/div>\n<div class=\"brz-column__items brz-css-xtdis brz-css-fmmtg\">\n<div class=\"brz-css-ftgyd brz-css-qbgtx brz-wrapper\">\n<div class=\"brz-image brz-css-ysyui\"><img decoding=\"async\" class=\"brz-img\" src=\"https:\/\/tlatelolcounam.mx\/caminoreal\/wp-content\/uploads\/brizy\/imgs\/logo-1-293x101x0x1x293x100x1642108354.png\" alt=\"\" loading=\"lazy\" \/><\/div>\n<\/div>\n<div class=\"brz-css-ftgyd brz-css-tsiqq brz-wrapper\">\n<div class=\"brz-spacer brz-css-afjqw brz-css-axygg\"><\/div>\n<\/div>\n<div class=\"brz-css-ftgyd brz-wrapper\">\n<div class=\"brz-rich-text brz-rich-text__custom brz-css-opose\" data-custom-id=\"kywuxuscztrrhlidoxrxnbhrmlsoucwdrdvp\">\n<div>\n<p class=\"brz-css-qontt\" data-uniq-id=\"euomf\" data-generated-css=\"brz-css-qlfmh\"><span>Ricardo Flores Mag\u00f3n 1. <\/span><\/p>\n<p class=\"brz-css-qsuzq\" data-uniq-id=\"fkrdx\" data-generated-css=\"brz-css-lepkg\"><span>Col. Nonoalco-Tlatelolco C.P. 06995. <\/span><\/p>\n<p class=\"brz-css-vffxj\" data-uniq-id=\"gutxj\" data-generated-css=\"brz-css-zxvpu\"><span>ccutlatelolco@gmail.com<\/span><\/p>\n<p class=\"brz-css-aqvxm\" data-generated-css=\"brz-css-fwbyw\" data-uniq-id=\"yzdzu\"><span>5117 2818 ext. 49613<\/span><\/p>\n<\/div>\n<\/div>\n<\/div>\n<\/div>\n<\/div>\n<div class=\"brz-columns brz-css-hafto brz-css-sysgl\" data-custom-id=\"ueceosewmvdlocaoiccxqzaqsdrbhugdlqwp\">\n<div class=\"brz-bg overflow-hidden absolute top-0 left-0 w-full h-full\"><\/div>\n<div class=\"brz-column__items brz-css-xtdis\">\n<div class=\"brz-css-ftgyd brz-wrapper\">\n<div class=\"brz-rich-text brz-rich-text__custom brz-css-opose\" data-custom-id=\"yieydbdefqqzosmqedrukrhhuflrrnwhnfme\">\n<div>\n<p class=\"brz-css-qxnuz\" data-uniq-id=\"pdybz\" data-generated-css=\"brz-css-custc\"><span>M\u00e1s sobre el CCUT<\/span><\/p>\n<\/div>\n<\/div>\n<\/div>\n<div class=\"brz-css-ftgyd brz-css-tsiqq brz-wrapper\">\n<div class=\"brz-spacer brz-css-afjqw brz-css-peddv\"><\/div>\n<\/div>\n<div class=\"brz-css-ftgyd brz-wrapper\">\n<div class=\"brz-rich-text brz-rich-text__custom brz-css-opose\" data-custom-id=\"ynfeweewrtxixsrhnduzblhwsykqywcbwrbd\">\n<div>\n<p class=\"brz-css-glzvw\" data-uniq-id=\"frwjr\" data-generated-css=\"brz-css-laqsj\"><span>Seminario <\/span><\/p>\n<p class=\"brz-css-uhwjo\" data-uniq-id=\"vnkoo\" data-generated-css=\"brz-css-dmrvc\"><span>Memorias<\/span><\/p>\n<p class=\"brz-css-weqag\" data-uniq-id=\"dcvrt\" data-generated-css=\"brz-css-bwatq\"><span>Resistencias<\/span><\/p>\n<p class=\"brz-css-wmdod\" data-generated-css=\"brz-css-vpotn\" data-uniq-id=\"xkgby\"><span>Comunidades<\/span><\/p>\n<\/div>\n<\/div>\n<\/div>\n<div class=\"brz-css-ftgyd brz-wrapper\">\n<div class=\"brz-rich-text brz-rich-text__custom brz-css-opose\" data-custom-id=\"imzwziqzkzgaummubqbkvghlpqnmykoyscdr\">\n<div>\n<p class=\"brz-css-vuqoi\" data-uniq-id=\"icvhm\" data-generated-css=\"brz-css-gzhjx\"><\/p>\n<\/div>\n<\/div>\n<\/div>\n<\/div>\n<\/div>\n<div class=\"brz-columns brz-css-hafto brz-css-tbbzf\" data-custom-id=\"vweavhhwtywjlvwtobzunrtkfybgszsfwmoi\">\n<div class=\"brz-bg overflow-hidden absolute top-0 left-0 w-full h-full\"><\/div>\n<div class=\"brz-column__items brz-css-xtdis\">\n<div class=\"brz-css-ftgyd brz-wrapper\">\n<div class=\"brz-rich-text brz-rich-text__custom brz-css-opose\" data-custom-id=\"yuqipqqugxqfpjpkfcexpwembqsekzhvzpjf\">\n<div>\n<p class=\"brz-css-knxrj\" data-uniq-id=\"wbckk\" data-generated-css=\"brz-css-akbyj\"><span class=\"brz-cp-color8\">S\u00edguenos<\/span><\/p>\n<\/div>\n<\/div>\n<\/div>\n<div class=\"brz-css-ftgyd brz-css-tsiqq brz-wrapper\">\n<div class=\"brz-spacer brz-css-afjqw brz-css-eqpqz\"><\/div>\n<\/div>\n<div class=\"brz-css-ftgyd brz-css-gmuuw brz-wrapper\">\n<div class=\"brz-icon-text brz-css-tvgoa brz-css-fstho\" data-custom-id=\"hydbwhzcpvjqiiorwlilgqxqftkxpkwkywsj\">\n<div id class=\"brz-icon__container\" data-custom-id=\"uqxskthsztuwpwwoqfqmhvqdknuvatiyuwqk\"><span class=\"brz-icon brz-span brz-css-xsrpy brz-css-wtmhv\"><\/span><\/div>\n<div class=\"brz-text-btn\">\n<div class=\"brz-rich-text brz-rich-text__custom brz-css-opose\" data-custom-id=\"bgkyxrvclbbxxythvkxjtgqxdhzzsnwwrkmq\">\n<div>\n<p class=\"brz-css-mnhdl\"><span>Twitter<\/span><\/p>\n<\/div>\n<\/div>\n<\/div>\n<\/div>\n<\/div>\n<div class=\"brz-css-ftgyd brz-css-crpya brz-wrapper\">\n<div class=\"brz-icon-text brz-css-tvgoa brz-css-daqyv\" data-custom-id=\"jabsrjtzzoxfchshzqqtimtttlnkjsnwskkq\">\n<div id class=\"brz-icon__container\" data-custom-id=\"cdxdzmlnscinzsmwffqlxwmqhplmzbhprxza\"><span class=\"brz-icon brz-span brz-css-xsrpy brz-css-kixtv\"><\/span><\/div>\n<div class=\"brz-text-btn\">\n<div class=\"brz-rich-text brz-rich-text__custom brz-css-opose\" data-custom-id=\"txxspklpmzyaxsjzabzltuhbhneozicfdhup\">\n<div>\n<p class=\"brz-css-kdnws\"><span>Facebook<\/span><\/p>\n<\/div>\n<\/div>\n<\/div>\n<\/div>\n<\/div>\n<div class=\"brz-css-ftgyd brz-wrapper\">\n<div class=\"brz-icon-text brz-css-tvgoa brz-css-oxkfg\" data-custom-id=\"evbxwngmaedzgcjttyjbxbrqilvezuyjizmm\">\n<div id class=\"brz-icon__container\" data-custom-id=\"gburckwvhlgdxkgngoywxugovxipiwturtcd\"><span class=\"brz-icon brz-span brz-css-xsrpy brz-css-picnu\"><\/span><\/div>\n<div class=\"brz-text-btn\">\n<div class=\"brz-rich-text brz-rich-text__custom brz-css-opose\" data-custom-id=\"cxbjqcvvcsyicwjnumpamepblkgqnskdfjka\">\n<div>\n<p class=\"brz-css-abhie\"><span>Youtube<\/span><\/p>\n<\/div>\n<\/div>\n<\/div>\n<\/div>\n<\/div>\n<\/div>\n<\/div>\n<\/div>\n<\/div>\n<div class=\"brz-css-ftgyd brz-wrapper\">\n<div class=\"brz-image brz-css-dxfdk\"><img decoding=\"async\" class=\"brz-img\" src=\"https:\/\/tlatelolcounam.mx\/caminoreal\/wp-content\/uploads\/brizy\/imgs\/escudo-firma-176x88x0x0x176x88x1642108760.png\" alt=\"\" loading=\"lazy\" \/><\/div>\n<\/div>\n<div class=\"brz-css-ftgyd brz-css-krzjz brz-wrapper\">\n<div class=\"brz-line brz-line-default brz-css-hlvgf brz-css-ljyur\" data-custom-id=\"wguunchwyulhdtykgwtenhecrqcyxgzhcexc\">\n<hr class=\"brz-hr\" \/><\/div>\n<\/div>\n<div class=\"brz-css-ftgyd brz-wrapper\">\n<div class=\"brz-rich-text brz-rich-text__custom brz-css-opose\" data-custom-id=\"ltuintpcpfoaywaqxegggkzizlpptgxtiful\">\n<div>\n<p class=\"brz-css-oujnn\" data-uniq-id=\"yqtzc\" data-generated-css=\"brz-css-kwjoz\"><span>Esta p\u00e1gina y el contenido de la misma se encuentran protegidos por propiedad intelectual, confidencialidad entre las partes, as\u00ed como por normativa general y universitaria vigente de Transparencia, Acceso a la Informaci\u00f3n P\u00fablica y Protecci\u00f3n de Datos Personales. UNAM-CCUT.<\/span><\/p>\n<\/div>\n<\/div>\n<\/div>\n<\/div>\n<\/div>\n<\/section>\n<\/div>\n<p><!-- version:1673310723 --><\/p>\n","protected":false},"excerpt":{"rendered":"<p>Inicio Estados Historia Quer\u00e9taro Transporte Quer\u00e9taro es el cruce de caminos de M\u00e9xico, dado que las dos principales autopistas que conectan el noreste, el oeste y el centro de M\u00e9xico confluyen aqu\u00ed: La Autopista Federal 57 que comienza en la Ciudad de M\u00e9xico y llega hasta Piedras Negras, cuyos municipios son llamados &#8220;el corredor industrial&#8221;; [&hellip;]<\/p>\n","protected":false},"author":6,"featured_media":0,"parent":2871,"menu_order":0,"comment_status":"closed","ping_status":"closed","template":"brizy-blank-template.php","meta":{"footnotes":""},"class_list":["post-3008","page","type-page","status-publish","hentry"],"_links":{"self":[{"href":"https:\/\/tlatelolcounam.mx\/caminoreal\/wp-json\/wp\/v2\/pages\/3008","targetHints":{"allow":["GET"]}}],"collection":[{"href":"https:\/\/tlatelolcounam.mx\/caminoreal\/wp-json\/wp\/v2\/pages"}],"about":[{"href":"https:\/\/tlatelolcounam.mx\/caminoreal\/wp-json\/wp\/v2\/types\/page"}],"author":[{"embeddable":true,"href":"https:\/\/tlatelolcounam.mx\/caminoreal\/wp-json\/wp\/v2\/users\/6"}],"replies":[{"embeddable":true,"href":"https:\/\/tlatelolcounam.mx\/caminoreal\/wp-json\/wp\/v2\/comments?post=3008"}],"version-history":[{"count":23,"href":"https:\/\/tlatelolcounam.mx\/caminoreal\/wp-json\/wp\/v2\/pages\/3008\/revisions"}],"predecessor-version":[{"id":42881,"href":"https:\/\/tlatelolcounam.mx\/caminoreal\/wp-json\/wp\/v2\/pages\/3008\/revisions\/42881"}],"up":[{"embeddable":true,"href":"https:\/\/tlatelolcounam.mx\/caminoreal\/wp-json\/wp\/v2\/pages\/2871"}],"wp:attachment":[{"href":"https:\/\/tlatelolcounam.mx\/caminoreal\/wp-json\/wp\/v2\/media?parent=3008"}],"curies":[{"name":"wp","href":"https:\/\/api.w.org\/{rel}","templated":true}]}}