{"id":2871,"date":"2022-05-02T06:31:51","date_gmt":"2022-05-02T06:31:51","guid":{"rendered":"https:\/\/tlatelolcounam.mx\/caminoreal\/?page_id=2871"},"modified":"2025-08-12T15:47:08","modified_gmt":"2025-08-12T15:47:08","slug":"queretaro-2","status":"publish","type":"page","link":"https:\/\/tlatelolcounam.mx\/caminoreal\/queretaro-2\/","title":{"rendered":"Queretaro"},"content":{"rendered":"<div class=\"brz-root__container brz-reset-all\">\n<section data-uid=\"cdkeghlziiohoukivthemcomadlvolvjzyzx\" id=\"cdkeghlziiohoukivthemcomadlvolvjzyzx\" class=\"brz-section brz-css-buqav\">\n<div class=\"brz-section__content brz-section--boxed brz-css-jsyvh brz-css-xalyv\" data-custom-id=\"kxtylskpqchveijjrewfnyruqtatzgwljyzm\">\n<div class=\"brz-container brz-css-wuniw\">\n<div class=\"brz-row__container brz-css-amfup\" data-custom-id=\"tnecfxcdykoambyuufnshbafyloyrkvzbfkf\">\n<div class=\"brz-bg overflow-hidden absolute top-0 left-0 w-full h-full\"><\/div>\n<div class=\"brz-row brz-css-bhrxc brz-css-wyfxt\">\n<div class=\"brz-columns brz-css-brgyn brz-css-jfyya\" data-custom-id=\"epxscrxbxahcngbhbcghkwdykelzrjhfzqft\">\n<div class=\"brz-bg overflow-hidden absolute top-0 left-0 w-full h-full\"><\/div>\n<div class=\"brz-column__items brz-css-bihct brz-css-szxyx\">\n<div class=\"brz-css-tzofs brz-css-ehujp brz-wrapper\">\n<div class=\"brz-image brz-css-orkzq brz-css-vlpze\"><img decoding=\"async\" class=\"brz-img\" src=\"https:\/\/tlatelolcounam.mx\/caminoreal\/wp-content\/uploads\/2022\/01\/logo.png\" alt=\"\" loading=\"lazy\" \/><\/div>\n<\/div>\n<\/div>\n<\/div>\n<div class=\"brz-columns brz-css-brgyn brz-css-vflty\" data-custom-id=\"pzxzuttxxgqksrrdgcwhaktqjdmukvkhahfe\">\n<div class=\"brz-bg overflow-hidden absolute top-0 left-0 w-full h-full\"><\/div>\n<div class=\"brz-column__items brz-css-bihct brz-css-jycsu\">\n<div class=\"brz-css-tzofs brz-wrapper\">\n<div class=\"brz-menu__container brz-css-rcydp\" data-mmenu-id=\"#lxmztqtuqwvvnrqchnbceidczothhueyyhca\" data-mmenu-position=\"position-left\" data-mmenu-title=\"Menu\" data-mmenu-stickytitle=\"on\" data-custom-id=\"xbqtfmrcedukngnyygmfwgkwektymnnnuzxj\">\n<nav class=\"brz-menu brz-menu__preview brz-css-shiit\">\n<ul class=\"brz-menu__ul\" data-menu-items-active=\"\">\n<li class=\"brz-menu__item\" data-menu-item-id=\"a45e250d979c9b3c26fe6917797cc038\"><a class=\"brz-a menu-item menu-item-type-post_type menu-item-object-page menu-item-home\" href=\"https:\/\/tlatelolcounam.mx\/caminoreal\/\" data-brz-link-type=\"external\" id><span class=\"brz-span\">Inicio<\/span><\/a><\/li>\n<li class=\"brz-menu__item brz-menu__item--current brz-menu__item-dropdown\" data-menu-item-id=\"ba4a85012b5365c17cdf357587076276\"><a class=\"brz-a brz-anchor menu-item menu-item-type-custom menu-item-object-custom current-menu-ancestor current-menu-parent\" href=\"#\" data-brz-link-type=\"anchor\" id><span class=\"brz-span\">Estados<\/span><\/a><\/li>\n<li class=\"brz-menu__item\" data-menu-item-id=\"d3c0c655631b120767a40bd0aed90e47\"><a class=\"brz-a menu-item menu-item-type-post_type menu-item-object-page\" href=\"https:\/\/tlatelolcounam.mx\/caminoreal\/historia\/\" data-brz-link-type=\"external\" id><span class=\"brz-span\">Historia<\/span><\/a><\/li>\n<\/ul>\n<\/nav>\n<div class=\"brz-mm-menu__icon\">\n<\/div>\n<\/div>\n<\/div>\n<\/div>\n<\/div>\n<\/div>\n<\/div>\n<\/div>\n<\/div>\n<\/section>\n<section data-uid=\"dokjzmexqunazctbloammypxiyzspbnjdvyj\" id=\"dokjzmexqunazctbloammypxiyzspbnjdvyj\" class=\"brz-section brz-css-buqav brz-css-ddbzs\">\n<div class=\"brz-section__content brz-section--fullWidth brz-css-jsyvh brz-css-cjqeg\" data-custom-id=\"ofodesxequsppebghdddegirgebmibqoghuq\">\n<div class=\"brz-bg overflow-hidden absolute top-0 left-0 w-full h-full\">\n<div class=\"brz-bg-color absolute top-0 left-0 w-full h-full\"><\/div>\n<\/div>\n<div class=\"brz-container brz-css-wuniw brz-css-uhrer\">\n<div class=\"brz-row__container brz-css-amfup\" data-custom-id=\"utyrubatiicuodtfdrsdwpqylqelgarpuuon\">\n<div class=\"brz-bg overflow-hidden absolute top-0 left-0 w-full h-full\"><\/div>\n<div class=\"brz-row brz-css-bhrxc brz-css-wyfxt\">\n<div class=\"brz-columns brz-css-brgyn brz-css-glphw\" data-custom-id=\"bwhvzqizgbjedpjcxsmqwrqrinyzgjbgspsj\">\n<div class=\"brz-bg overflow-hidden absolute top-0 left-0 w-full h-full\">\n<div class=\"brz-bg-image absolute top-0 left-0 w-full h-full bg-no-repeat bg-cover\"><\/div>\n<div class=\"brz-bg-color absolute top-0 left-0 w-full h-full\"><\/div>\n<\/div>\n<div class=\"brz-column__items brz-css-bihct brz-css-fhpql\">\n<div class=\"brz-css-tzofs brz-css-zvsir brz-wrapper\">\n<div class=\"brz-rich-text brz-rich-text__custom brz-css-kmxrt\" data-custom-id=\"izorsycabgqshdvrjbcfkgyetwgynrgveamm\">\n<div>\n<p class=\"brz-css-xuupr\" data-generated-css=\"brz-css-rxfsh\" data-uniq-id=\"gosyi\"><span class=\"brz-capitalize-on\">Quer\u00e9taro<\/span><\/p>\n<\/div>\n<\/div>\n<\/div>\n<div class=\"brz-css-tzofs brz-css-eugku brz-wrapper\">\n<div class=\"brz-spacer brz-css-noavv brz-css-kcmsl\"><\/div>\n<\/div>\n<div class=\"brz-row__container brz-css-amfup\" data-custom-id=\"hhxmmvpmeyfpxgfkujipzjqtjlqshypdevrt\">\n<div class=\"brz-bg overflow-hidden absolute top-0 left-0 w-full h-full\"><\/div>\n<div class=\"brz-row brz-row--inner brz-css-bhrxc brz-css-wyfxt\">\n<div class=\"brz-columns brz-css-brgyn brz-css-jvqbk\" data-custom-id=\"ndwoamagjvebifzvaqdfmrywpuyzvsjnuetp\">\n<div class=\"brz-bg overflow-hidden absolute top-0 left-0 w-full h-full\"><\/div>\n<div class=\"brz-column__items brz-css-bihct\"><\/div>\n<\/div>\n<div class=\"brz-columns brz-css-brgyn brz-css-grcvl\" data-custom-id=\"kplginhhfpjthozjauilaygbrvfdwumtwtmf\">\n<div class=\"brz-bg overflow-hidden absolute top-0 left-0 w-full h-full\"><\/div>\n<div class=\"brz-column__items brz-css-bihct\">\n<div class=\"brz-css-tzofs brz-wrapper\">\n<div class=\"brz-rich-text brz-rich-text__custom brz-css-kmxrt\" data-custom-id=\"cqkumkxxlyflexkpllurdbcvpkexcqrbxqtu\">\n<div>\n<p class=\"brz-css-kqoch\" data-generated-css=\"brz-css-ahrfj\" data-uniq-id=\"yocuc\"><span>Desde el siglo XVI la ruta principal atravesaba el centro-sur del Estado de Quer\u00e9taro; pasaba por los llanos del Cazadero y enseguida bajaba a San Juan del R\u00edo, lugar que se convirti\u00f3 en un enclave muy importante para entrar al norte de la Nueva Espa\u00f1a, ya que era un punto de aprovisionamiento y descanso de viajeros y comerciantes; adem\u00e1s, de ah\u00ed part\u00eda el camino que llevaba hacia la zona minera de la Sierra Gorda.<\/span><\/p>\n<p class=\"brz-css-gmqat\" data-generated-css=\"brz-css-zwrly\" data-uniq-id=\"xclcm\"><span style=\"background-color: initial\">Debido a las lluvias, fue necesario construir un puente provisional para cruzar el R\u00edo San Juan, y posteriormente, a principios del siglo XVIII, un puente de cal y canto, conocido actualmente como puente de la Historia. El camino, muy similar a la actual autopista M\u00e9xico-Quer\u00e9taro, se bifurca: la v\u00eda de la Izquierda llevaba a Santiago de Quer\u00e9taro, y el de la Derecha evitaba la ciudad y pasaba por un conjunto de haciendas como Amazcala y Chichimequillas.<\/span><\/p>\n<\/div>\n<\/div>\n<\/div>\n<\/div>\n<\/div>\n<div class=\"brz-columns brz-css-brgyn brz-css-cglud\" data-custom-id=\"erweehomskozrvyjohdzuixljilrxyelcgqs\">\n<div class=\"brz-bg overflow-hidden absolute top-0 left-0 w-full h-full\"><\/div>\n<div class=\"brz-column__items brz-css-bihct\"><\/div>\n<\/div>\n<\/div>\n<\/div>\n<\/div>\n<\/div>\n<\/div>\n<\/div>\n<\/div>\n<\/div>\n<\/section>\n<section data-uid=\"xbhrizblxdkmlqhrspiolqcmdstswqsqquxa\" id=\"xbhrizblxdkmlqhrspiolqcmdstswqsqquxa\" class=\"brz-section brz-css-buqav\">\n<div class=\"brz-section__content brz-section--boxed brz-css-jsyvh brz-css-hmggk\" data-custom-id=\"gmkaprjgggcuibzvcutclilzjrekrrrjazop\">\n<div class=\"brz-bg overflow-hidden absolute top-0 left-0 w-full h-full\">\n<div class=\"brz-bg-image absolute top-0 left-0 w-full h-full bg-no-repeat bg-cover brz-bg-image-parallax\"><\/div>\n<\/div>\n<div class=\"brz-container brz-css-wuniw\">\n<div class=\"brz-row__container brz-css-amfup\" data-custom-id=\"oztjppprxrqmyupwtsrcyrfxqvnlhelfgutw\">\n<div class=\"brz-bg overflow-hidden absolute top-0 left-0 w-full h-full\"><\/div>\n<div class=\"brz-row brz-css-bhrxc brz-css-wyfxt\">\n<div class=\"brz-columns brz-css-brgyn brz-css-ljfbf\" data-custom-id=\"wzsjuvwgwznberiehdxycgsqdugltnfotlrf\">\n<div class=\"brz-bg overflow-hidden absolute top-0 left-0 w-full h-full\"><\/div>\n<div class=\"brz-column__items brz-css-bihct brz-css-ssisd\">\n<div class=\"brz-css-tzofs brz-css-ssnek brz-wrapper\">\n<div class=\"brz-image brz-css-ccfva brz-css-metks\"><a class=\"brz-a\" href=\"https:\/\/tlatelolcounam.mx\/caminoreal\/queretaro\/queretaro-2\/queretarotransporte-2\/?\" target=\"_blank\" rel=\"noopener\" data-brz-link-type=\"external\" id data-custom-id=\"dkaixjncvthdezykkaimumwweskkwhpmldca\"><img decoding=\"async\" class=\"brz-img\" src=\"https:\/\/tlatelolcounam.mx\/caminoreal\/wp-content\/uploads\/brizy\/imgs\/TRANSPORTE-360x360x0x14x360x332x1649224137.png\" alt=\"\" loading=\"lazy\" \/><\/a><\/div>\n<\/div>\n<div class=\"brz-css-tzofs brz-css-acdfe brz-wrapper\">\n<div class=\"brz-image brz-css-wqpaz brz-css-ymont\"><a class=\"brz-a\" href=\"https:\/\/tlatelolcounam.mx\/caminoreal\/queretaro\/queretaroturismo\/?\" target=\"_blank\" rel=\"noopener\" data-brz-link-type=\"external\" id data-custom-id=\"dvayhoaltrdwrfbxprvkrteztvasqsilvdpe\"><img decoding=\"async\" class=\"brz-img\" src=\"https:\/\/tlatelolcounam.mx\/caminoreal\/wp-content\/uploads\/brizy\/imgs\/TURISMO-360x360x0x52x360x212x1649224165.png\" alt=\"\" loading=\"lazy\" \/><\/a><\/div>\n<\/div>\n<div class=\"brz-css-tzofs brz-css-vhibe brz-wrapper\">\n<div class=\"brz-image brz-css-kpdhz brz-css-jyukr\"><a class=\"brz-a\" href=\"https:\/\/tlatelolcounam.mx\/caminoreal\/queretaro__trashed\/queretaroarqueologicos\/?\" target=\"_blank\" rel=\"noopener\" data-brz-link-type=\"external\" id data-custom-id=\"vyvygxfpbmrsanfthgnbzizhvfzxaikckybg\"><img decoding=\"async\" class=\"brz-img\" src=\"https:\/\/tlatelolcounam.mx\/caminoreal\/wp-content\/uploads\/brizy\/imgs\/ARQUEOLOGICOS-396x396x18x0x360x396x1649223890.png\" alt=\"\" loading=\"lazy\" \/><\/a><\/div>\n<\/div>\n<\/div>\n<\/div>\n<div class=\"brz-columns brz-css-brgyn brz-css-gyarw\" data-custom-id=\"ghvactfmtlkylihokkzbxvzzhuaqftvmbnfx\">\n<div class=\"brz-bg overflow-hidden absolute top-0 left-0 w-full h-full\"><\/div>\n<div class=\"brz-column__items brz-css-bihct\">\n<div class=\"brz-css-tzofs brz-css-ptigb brz-wrapper\">\n<div class=\"brz-image brz-css-nftfn brz-css-nyyhf\"><a class=\"brz-a\" href=\"https:\/\/tlatelolcounam.mx\/caminoreal\/queretaro\/queretarofiestas\/?\" target=\"_blank\" rel=\"noopener\" data-brz-link-type=\"external\" id data-custom-id=\"evsitswzukpgmmkuaueugnfoffyzijqdgyje\"><img decoding=\"async\" class=\"brz-img\" src=\"https:\/\/tlatelolcounam.mx\/caminoreal\/wp-content\/uploads\/brizy\/imgs\/FIESTAS-DANZAS-360x360x0x31x360x298x1649223996.png\" alt=\"\" loading=\"lazy\" \/><\/a><\/div>\n<\/div>\n<div class=\"brz-css-tzofs brz-css-zwjzk brz-wrapper\">\n<div class=\"brz-image brz-css-qllnw brz-css-kdlgm\"><a class=\"brz-a\" href=\"https:\/\/tlatelolcounam.mx\/caminoreal\/queretaro__trashed\/queretarocultura\/?\" target=\"_blank\" rel=\"noopener\" data-brz-link-type=\"external\" id data-custom-id=\"cszzetwcuelibbzwakbnpfymgnxtwbpeosot\"><img decoding=\"async\" class=\"brz-img\" src=\"https:\/\/tlatelolcounam.mx\/caminoreal\/wp-content\/uploads\/brizy\/imgs\/CULTURA-442x442x41x0x360x442x1649223967.png\" alt=\"\" loading=\"lazy\" \/><\/a><\/div>\n<\/div>\n<div class=\"brz-css-tzofs brz-css-eaaao brz-wrapper\">\n<div class=\"brz-image brz-css-jlwtm brz-css-lwssj\"><a class=\"brz-a\" href=\"https:\/\/tlatelolcounam.mx\/caminoreal\/queretaro__trashed\/queretaroarquitectura\/?\" data-brz-link-type=\"external\" id data-custom-id=\"ponksmqoohckslmdnwxunykqeurdsnlqpafu\"><img decoding=\"async\" class=\"brz-img\" src=\"https:\/\/tlatelolcounam.mx\/caminoreal\/wp-content\/uploads\/brizy\/imgs\/ARQUITECTURA-360x360x0x14x360x332x1649223920.png\" alt=\"\" loading=\"lazy\" \/><\/a><\/div>\n<\/div>\n<\/div>\n<\/div>\n<div class=\"brz-columns brz-css-brgyn brz-css-ypkxb\" data-custom-id=\"gdoxbuhzessbqyalltyohvpdokzfdlyevzmb\">\n<div class=\"brz-bg overflow-hidden absolute top-0 left-0 w-full h-full\"><\/div>\n<div class=\"brz-column__items brz-css-bihct\">\n<div class=\"brz-css-tzofs brz-css-eugku brz-css-dmhoz brz-wrapper\">\n<div class=\"brz-spacer brz-css-noavv brz-css-rfkbc\"><\/div>\n<\/div>\n<div class=\"brz-css-tzofs brz-css-yjozv brz-wrapper\">\n<div class=\"brz-image brz-css-bfiir brz-css-oufkv\"><a class=\"brz-a\" href=\"https:\/\/tlatelolcounam.mx\/caminoreal\/cdmx-2-2\/queretaronaturaleza\/?\" target=\"_blank\" rel=\"noopener\" data-brz-link-type=\"external\" id data-custom-id=\"ysncbvxawyzkvkmwffwyxkyqohwaibnleunz\"><img decoding=\"async\" class=\"brz-img\" src=\"https:\/\/tlatelolcounam.mx\/caminoreal\/wp-content\/uploads\/brizy\/imgs\/NATURALEZA-361x361x0x6x361x306x1649224068.png\" alt=\"\" loading=\"lazy\" \/><\/a><\/div>\n<\/div>\n<div class=\"brz-css-tzofs brz-css-skkfz brz-wrapper\">\n<div class=\"brz-image brz-css-tmxfn brz-css-qdzfq\"><a class=\"brz-a\" href=\"https:\/\/tlatelolcounam.mx\/caminoreal\/queretaro__trashed\/queretarogastronomia\/?\" data-brz-link-type=\"external\" id data-custom-id=\"bvjbxklkyytbxvriqjbgbweipfgypmbocxgx\"><img decoding=\"async\" class=\"brz-img\" src=\"https:\/\/tlatelolcounam.mx\/caminoreal\/wp-content\/uploads\/brizy\/imgs\/GASTRONOMIA-361x361x0x14x361x333x1649224018.png\" alt=\"\" loading=\"lazy\" \/><\/a><\/div>\n<\/div>\n<div class=\"brz-css-tzofs brz-css-xvihu brz-wrapper\">\n<div class=\"brz-image brz-css-fbxrc brz-css-yfsgx\"><a class=\"brz-a\" href=\"https:\/\/tlatelolcounam.mx\/caminoreal\/queretaro-2\/queretaro_cronistas\/\" data-brz-link-type=\"external\" id data-custom-id=\"ssefxrwjqjavojxfyogftfeqwkgcpluplwin\"><img decoding=\"async\" class=\"brz-img\" src=\"https:\/\/tlatelolcounam.mx\/caminoreal\/wp-content\/uploads\/brizy\/imgs\/CRONISTAS-361x361x0x51x361x260x1649223937.png\" alt=\"\" loading=\"lazy\" \/><\/a><\/div>\n<\/div>\n<div class=\"brz-css-tzofs brz-css-ecykw brz-wrapper\">\n<div class=\"brz-image brz-css-gkvzi brz-css-ipbnm\"><a class=\"brz-a\" href=\"https:\/\/tlatelolcounam.mx\/caminoreal\/queretaro__trashed\/queretarohospedaje\/?\" data-brz-link-type=\"external\" id data-custom-id=\"leyxodyxayhupzkerwgclafoetaeabmjeopb\"><img decoding=\"async\" class=\"brz-img\" src=\"https:\/\/tlatelolcounam.mx\/caminoreal\/wp-content\/uploads\/brizy\/imgs\/HOSPEDAJE-1-361x361x0x83x361x260x1651034933.png\" alt=\"\" loading=\"lazy\" \/><\/a><\/div>\n<\/div>\n<\/div>\n<\/div>\n<\/div>\n<\/div>\n<\/div>\n<\/div>\n<\/section>\n<section data-uid=\"qbfkutxzivuqimzwvurwhlzlevsnqhyozokv\" id=\"qbfkutxzivuqimzwvurwhlzlevsnqhyozokv\" class=\"brz-section brz-css-buqav\">\n<div class=\"brz-section__content brz-section--boxed brz-css-jsyvh brz-css-sgzas\" data-custom-id=\"pjcqvnotppncubgjpoptfczrkxvbldbgpubs\">\n<div class=\"brz-bg overflow-hidden absolute top-0 left-0 w-full h-full\">\n<div class=\"brz-bg-image absolute top-0 left-0 w-full h-full bg-no-repeat bg-cover\"><\/div>\n<\/div>\n<div class=\"brz-container brz-css-wuniw\">\n<div class=\"brz-row__container brz-css-amfup\" data-custom-id=\"uuhodzzbtqloidrwysguigayydrgcpevkakg\">\n<div class=\"brz-bg overflow-hidden absolute top-0 left-0 w-full h-full\"><\/div>\n<div class=\"brz-row brz-css-bhrxc brz-css-wyfxt\">\n<div class=\"brz-columns brz-css-brgyn brz-css-egdaw\" data-custom-id=\"btzjjiuwgvaygazqnpzkdwkkzkkneihkeioo\">\n<div class=\"brz-bg overflow-hidden absolute top-0 left-0 w-full h-full\"><\/div>\n<div class=\"brz-column__items brz-css-bihct brz-css-gwdyd\">\n<div class=\"brz-css-tzofs brz-wrapper\">\n<div class=\"brz-image brz-css-hizwo brz-css-uqqdr\"><img decoding=\"async\" class=\"brz-img\" src=\"https:\/\/tlatelolcounam.mx\/caminoreal\/wp-content\/uploads\/brizy\/imgs\/SECRETARI\u0301A-DE-TURISMO-505x505x52x0x411x505x1649224133.png\" alt=\"\" loading=\"lazy\" \/><\/div>\n<\/div>\n<\/div>\n<\/div>\n<div class=\"brz-columns brz-css-brgyn brz-css-bxyfd\" data-custom-id=\"khwrzdrpaamenuwourpzzggvyyqknqnuvanm\">\n<div class=\"brz-bg overflow-hidden absolute top-0 left-0 w-full h-full\"><\/div>\n<div class=\"brz-column__items brz-css-bihct brz-css-tghxt\">\n<div class=\"brz-css-tzofs brz-wrapper\">\n<div class=\"brz-image brz-css-fwayb brz-css-woylm\"><img decoding=\"async\" class=\"brz-img\" src=\"https:\/\/tlatelolcounam.mx\/caminoreal\/wp-content\/uploads\/brizy\/imgs\/ALIADOS-524x524x51x0x433x524x1649223886.png\" alt=\"\" loading=\"lazy\" \/><\/div>\n<\/div>\n<\/div>\n<\/div>\n<\/div>\n<\/div>\n<\/div>\n<\/div>\n<\/section>\n<section data-uid=\"rveuamtmysvwswawebijahrjxkuxjvxlxelg\" id=\"rveuamtmysvwswawebijahrjxkuxjvxlxelg\" class=\"brz-section brz-css-buqav brz-css-swiex\">\n<div class=\"brz-section__content brz-section--boxed brz-css-jsyvh brz-css-cfuro\" data-custom-id=\"jevxzucvdlfbjclqnoxdfdxufrptolgfwndq\">\n<div class=\"brz-bg overflow-hidden absolute top-0 left-0 w-full h-full\">\n<div class=\"brz-bg-map absolute top-0 left-0 w-full h-full\"><\/div>\n<\/div>\n<div class=\"brz-container brz-css-wuniw\">\n<div class=\"brz-row__container brz-css-amfup\" data-custom-id=\"muhnzjongognzcnvvgvaclkcabsqqxfrjaxe\">\n<div class=\"brz-bg overflow-hidden absolute top-0 left-0 w-full h-full\"><\/div>\n<div class=\"brz-row brz-css-bhrxc brz-css-wyfxt\">\n<div class=\"brz-columns brz-css-brgyn brz-css-efkoq\" data-custom-id=\"hchivtzhhztivnxnzntzxvwvlxaurklibfzs\">\n<div class=\"brz-bg overflow-hidden absolute top-0 left-0 w-full h-full\"><\/div>\n<div class=\"brz-column__items brz-css-bihct\">\n<div class=\"brz-css-tzofs brz-wrapper\">\n<div class=\"brz-wp-shortcode brz-css-lwoma\" data-custom-id=\"zaywgxnmxjejptywhkbaoiabgsfmupczvdfq\">\n<div><div class=\"twer-map-wrapper treweler-map-fw\" ><div class=\"twer-iframe-embed\" style=\"height:500px;\"><iframe loading=\"lazy\" class=\"twer-iframe\" src=\"https:\/\/tlatelolcounam.mx\/caminoreal\/treweler-map\/queretaro\/?tw=iframe&#038;twer-index=1&#038;twer-map-id=494&#038;twer-height=500px&#038;twer-type=fullwidth&#038;twer-scrollzoom=yes&#038;twer-width\"  frameborder=\"0\" title=\"Treweler Map\"><\/iframe><\/div><\/div><\/div>\n<\/div>\n<\/div>\n<\/div>\n<\/div>\n<\/div>\n<\/div>\n<\/div>\n<\/div>\n<\/section>\n<section data-uid=\"ndbrjwlkpgkbutqkhndxtwlghyzthupgxoer\" id=\"ndbrjwlkpgkbutqkhndxtwlghyzthupgxoer\" class=\"brz-section brz-css-buqav\">\n<div class=\"brz-section__content brz-section--boxed brz-css-jsyvh brz-css-nawqs\" data-custom-id=\"pmpyqmquwlwwnbbqravyfmyyfwzjmupdrqwm\">\n<div class=\"brz-bg overflow-hidden absolute top-0 left-0 w-full h-full\">\n<div class=\"brz-bg-image absolute top-0 left-0 w-full h-full bg-no-repeat bg-cover\"><\/div>\n<div class=\"brz-bg-color absolute top-0 left-0 w-full h-full\"><\/div>\n<\/div>\n<div class=\"brz-container brz-css-wuniw\">\n<div class=\"brz-row__container brz-css-amfup\" data-custom-id=\"rqwpjjxbxtlnqzmsrcnossttmlptixpkffzd\">\n<div class=\"brz-bg overflow-hidden absolute top-0 left-0 w-full h-full\"><\/div>\n<div class=\"brz-row brz-css-bhrxc brz-css-wyfxt\">\n<div class=\"brz-columns brz-css-brgyn brz-css-snugk\" data-custom-id=\"xaaalhzkzqlrmtdjmawghruivhqtxdirzppf\">\n<div class=\"brz-bg overflow-hidden absolute top-0 left-0 w-full h-full\"><\/div>\n<div class=\"brz-column__items brz-css-bihct brz-css-zplwi\">\n<div class=\"brz-css-tzofs brz-css-ubuqd brz-wrapper\">\n<div class=\"brz-image brz-css-xvunk\"><img decoding=\"async\" class=\"brz-img\" src=\"https:\/\/tlatelolcounam.mx\/caminoreal\/wp-content\/uploads\/brizy\/imgs\/logo-1-293x101x0x1x293x100x1642108354.png\" alt=\"\" loading=\"lazy\" \/><\/div>\n<\/div>\n<div class=\"brz-css-tzofs brz-css-eugku brz-wrapper\">\n<div class=\"brz-spacer brz-css-noavv brz-css-ihlvy\"><\/div>\n<\/div>\n<div class=\"brz-css-tzofs brz-wrapper\">\n<div class=\"brz-rich-text brz-rich-text__custom brz-css-kmxrt\" data-custom-id=\"gjegktnrmoofavhpkpcvkadjakmwzcgirice\">\n<div>\n<p class=\"brz-css-bgdgr\" data-uniq-id=\"euomf\" data-generated-css=\"brz-css-qlfmh\"><span>Ricardo Flores Mag\u00f3n 1. <\/span><\/p>\n<p class=\"brz-css-uotoa\" data-uniq-id=\"fkrdx\" data-generated-css=\"brz-css-lepkg\"><span>Col. Nonoalco-Tlatelolco C.P. 06995. <\/span><\/p>\n<p class=\"brz-css-sugxh\" data-uniq-id=\"gutxj\" data-generated-css=\"brz-css-zxvpu\"><span>ccutlatelolco@gmail.com<\/span><\/p>\n<p class=\"brz-css-tceli\" data-generated-css=\"brz-css-fwbyw\" data-uniq-id=\"yzdzu\"><span>5117 2818 ext. 49613<\/span><\/p>\n<\/div>\n<\/div>\n<\/div>\n<\/div>\n<\/div>\n<div class=\"brz-columns brz-css-brgyn brz-css-yqrnk\" data-custom-id=\"jybrkyhtenvuwpnijtazsyakuxqgnnoseczd\">\n<div class=\"brz-bg overflow-hidden absolute top-0 left-0 w-full h-full\"><\/div>\n<div class=\"brz-column__items brz-css-bihct\">\n<div class=\"brz-css-tzofs brz-wrapper\">\n<div class=\"brz-rich-text brz-rich-text__custom brz-css-kmxrt\" data-custom-id=\"oimqqfmucarphaxhwlmqbfdxkftpbxtovvqc\">\n<div>\n<p class=\"brz-css-nhsyc\" data-uniq-id=\"pdybz\" data-generated-css=\"brz-css-custc\"><span>M\u00e1s sobre el CCUT<\/span><\/p>\n<\/div>\n<\/div>\n<\/div>\n<div class=\"brz-css-tzofs brz-css-eugku brz-wrapper\">\n<div class=\"brz-spacer brz-css-noavv brz-css-saqkf\"><\/div>\n<\/div>\n<div class=\"brz-css-tzofs brz-wrapper\">\n<div class=\"brz-rich-text brz-rich-text__custom brz-css-kmxrt\" data-custom-id=\"gxigcfbxvzsgnlvlwcdybycvapjuwmneuqll\">\n<div>\n<p class=\"brz-css-vnsso\" data-uniq-id=\"frwjr\" data-generated-css=\"brz-css-laqsj\"><span>Seminario <\/span><\/p>\n<p class=\"brz-css-xaiep\" data-uniq-id=\"vnkoo\" data-generated-css=\"brz-css-dmrvc\"><span>Memorias<\/span><\/p>\n<p class=\"brz-css-dvjqn\" data-uniq-id=\"dcvrt\" data-generated-css=\"brz-css-bwatq\"><span>Resistencias<\/span><\/p>\n<p class=\"brz-css-xfzkp\" data-generated-css=\"brz-css-vpotn\" data-uniq-id=\"xkgby\"><span>Comunidades<\/span><\/p>\n<\/div>\n<\/div>\n<\/div>\n<div class=\"brz-css-tzofs brz-wrapper\">\n<div class=\"brz-rich-text brz-rich-text__custom brz-css-kmxrt\" data-custom-id=\"xtcvlflqpoikgxvqpzuaqmrqxcjfkrkjwfvv\">\n<div>\n<p class=\"brz-css-yllok\" data-uniq-id=\"icvhm\" data-generated-css=\"brz-css-gzhjx\"><\/p>\n<\/div>\n<\/div>\n<\/div>\n<\/div>\n<\/div>\n<div class=\"brz-columns brz-css-brgyn brz-css-qjntr\" data-custom-id=\"obkciwtkkjpitsdmktdwoxjnkingtwlwtwex\">\n<div class=\"brz-bg overflow-hidden absolute top-0 left-0 w-full h-full\"><\/div>\n<div class=\"brz-column__items brz-css-bihct\">\n<div class=\"brz-css-tzofs brz-wrapper\">\n<div class=\"brz-rich-text brz-rich-text__custom brz-css-kmxrt\" data-custom-id=\"hejxlkpgheztqygkkhovvbvsxhxiclvfflwn\">\n<div>\n<p class=\"brz-css-krley\" data-uniq-id=\"wbckk\" data-generated-css=\"brz-css-akbyj\"><span class=\"brz-cp-color8\">S\u00edguenos<\/span><\/p>\n<\/div>\n<\/div>\n<\/div>\n<div class=\"brz-css-tzofs brz-css-eugku brz-wrapper\">\n<div class=\"brz-spacer brz-css-noavv brz-css-dmluf\"><\/div>\n<\/div>\n<div class=\"brz-css-tzofs brz-css-fucry brz-wrapper\">\n<div class=\"brz-icon-text brz-css-attdl brz-css-xbpwb\" data-custom-id=\"hkvvxjleyubdmhedbanhlqpxwtdhpvhyaszc\">\n<div id class=\"brz-icon__container\" data-custom-id=\"ucwnefmefgnvdcmiyczgokacmmcsujrcytip\"><span class=\"brz-icon brz-span brz-css-kbxxu brz-css-ykolx\"><\/span><\/div>\n<div class=\"brz-text-btn\">\n<div class=\"brz-rich-text brz-rich-text__custom brz-css-kmxrt\" data-custom-id=\"wcbuysdkccpjzkbekfchujzptciggqhompzj\">\n<div>\n<p class=\"brz-css-zumke\"><span>Twitter<\/span><\/p>\n<\/div>\n<\/div>\n<\/div>\n<\/div>\n<\/div>\n<div class=\"brz-css-tzofs brz-css-xxrca brz-wrapper\">\n<div class=\"brz-icon-text brz-css-attdl brz-css-kxlqw\" data-custom-id=\"ikszxadkeozaifxojioelesmfywtcarnsmca\">\n<div id class=\"brz-icon__container\" data-custom-id=\"mtfapomewsekpqgrftisobranvbrmcougqdc\"><span class=\"brz-icon brz-span brz-css-kbxxu brz-css-hwkvx\"><\/span><\/div>\n<div class=\"brz-text-btn\">\n<div class=\"brz-rich-text brz-rich-text__custom brz-css-kmxrt\" data-custom-id=\"nqdzfkxbnrjlhusyjbvndfwedytoicbgawti\">\n<div>\n<p class=\"brz-css-uizol\"><span>Facebook<\/span><\/p>\n<\/div>\n<\/div>\n<\/div>\n<\/div>\n<\/div>\n<div class=\"brz-css-tzofs brz-wrapper\">\n<div class=\"brz-icon-text brz-css-attdl brz-css-iqlnq\" data-custom-id=\"acmefhnhhauqwjkazatdzpivjexylgfhynym\">\n<div id class=\"brz-icon__container\" data-custom-id=\"sqmtawdmrzpfwksomrrdsabkeuddcaptlfna\"><span class=\"brz-icon brz-span brz-css-kbxxu brz-css-domcm\"><\/span><\/div>\n<div class=\"brz-text-btn\">\n<div class=\"brz-rich-text brz-rich-text__custom brz-css-kmxrt\" data-custom-id=\"gqpegedfnkrbdkvwkrdxddisxzrfmkmnfwnr\">\n<div>\n<p class=\"brz-css-ktgwb\"><span>Youtube<\/span><\/p>\n<\/div>\n<\/div>\n<\/div>\n<\/div>\n<\/div>\n<\/div>\n<\/div>\n<\/div>\n<\/div>\n<div class=\"brz-css-tzofs brz-wrapper\">\n<div class=\"brz-image brz-css-jbcyd\"><img decoding=\"async\" class=\"brz-img\" src=\"https:\/\/tlatelolcounam.mx\/caminoreal\/wp-content\/uploads\/brizy\/imgs\/escudo-firma-176x88x0x0x176x88x1642108760.png\" alt=\"\" loading=\"lazy\" \/><\/div>\n<\/div>\n<div class=\"brz-css-tzofs brz-css-hfchx brz-wrapper\">\n<div class=\"brz-line brz-line-default brz-css-xycpf brz-css-ekyyi\" data-custom-id=\"ajxbhuiaiipvpvmusgjbijyjphdxtqzilafc\">\n<hr class=\"brz-hr\" \/><\/div>\n<\/div>\n<div class=\"brz-css-tzofs brz-wrapper\">\n<div class=\"brz-rich-text brz-rich-text__custom brz-css-kmxrt\" data-custom-id=\"mvzortkfjmkxciwtzjnvltotxinxijsnuqnu\">\n<div>\n<p class=\"brz-css-btvhn\" data-uniq-id=\"yqtzc\" data-generated-css=\"brz-css-kwjoz\"><span>Esta p\u00e1gina y el contenido de la misma se encuentran protegidos por propiedad intelectual, confidencialidad entre las partes, as\u00ed como por normativa general y universitaria vigente de Transparencia, Acceso a la Informaci\u00f3n P\u00fablica y Protecci\u00f3n de Datos Personales. UNAM-CCUT.<\/span><\/p>\n<\/div>\n<\/div>\n<\/div>\n<\/div>\n<\/div>\n<\/section>\n<\/div>\n<p><!-- version:1673298764 --><\/p>\n","protected":false},"excerpt":{"rendered":"<p>Inicio Estados Historia Quer\u00e9taro Desde el siglo XVI la ruta principal atravesaba el centro-sur del Estado de Quer\u00e9taro; pasaba por los llanos del Cazadero y enseguida bajaba a San Juan del R\u00edo, lugar que se convirti\u00f3 en un enclave muy importante para entrar al norte de la Nueva Espa\u00f1a, ya que era un punto de [&hellip;]<\/p>\n","protected":false},"author":6,"featured_media":0,"parent":0,"menu_order":0,"comment_status":"closed","ping_status":"closed","template":"brizy-blank-template.php","meta":{"footnotes":""},"class_list":["post-2871","page","type-page","status-publish","hentry"],"_links":{"self":[{"href":"https:\/\/tlatelolcounam.mx\/caminoreal\/wp-json\/wp\/v2\/pages\/2871","targetHints":{"allow":["GET"]}}],"collection":[{"href":"https:\/\/tlatelolcounam.mx\/caminoreal\/wp-json\/wp\/v2\/pages"}],"about":[{"href":"https:\/\/tlatelolcounam.mx\/caminoreal\/wp-json\/wp\/v2\/types\/page"}],"author":[{"embeddable":true,"href":"https:\/\/tlatelolcounam.mx\/caminoreal\/wp-json\/wp\/v2\/users\/6"}],"replies":[{"embeddable":true,"href":"https:\/\/tlatelolcounam.mx\/caminoreal\/wp-json\/wp\/v2\/comments?post=2871"}],"version-history":[{"count":30,"href":"https:\/\/tlatelolcounam.mx\/caminoreal\/wp-json\/wp\/v2\/pages\/2871\/revisions"}],"predecessor-version":[{"id":42745,"href":"https:\/\/tlatelolcounam.mx\/caminoreal\/wp-json\/wp\/v2\/pages\/2871\/revisions\/42745"}],"wp:attachment":[{"href":"https:\/\/tlatelolcounam.mx\/caminoreal\/wp-json\/wp\/v2\/media?parent=2871"}],"curies":[{"name":"wp","href":"https:\/\/api.w.org\/{rel}","templated":true}]}}