{"id":18484,"date":"2022-05-15T03:43:46","date_gmt":"2022-05-15T03:43:46","guid":{"rendered":"https:\/\/tlatelolcounam.mx\/caminoreal\/?page_id=18484"},"modified":"2025-08-11T22:09:18","modified_gmt":"2025-08-11T22:09:18","slug":"cdmx-trad","status":"publish","type":"page","link":"https:\/\/tlatelolcounam.mx\/caminoreal\/cdmx-2-2\/cdmx-trad\/","title":{"rendered":"Ciudad de M\u00e9xico &#8211; Fiestas, danzas y rituales"},"content":{"rendered":"<div class=\"brz-root__container brz-reset-all\">\n<section data-uid=\"cdkeghlziiohoukivthemcomadlvolvjzyzx\" id=\"cdkeghlziiohoukivthemcomadlvolvjzyzx\" class=\"brz-section brz-css-biohe\">\n<div class=\"brz-section__content brz-section--boxed brz-css-fstuh brz-css-meklj\" data-custom-id=\"kxtylskpqchveijjrewfnyruqtatzgwljyzm\">\n<div class=\"brz-container brz-css-zawvi\">\n<div class=\"brz-row__container brz-css-zgopf\" data-custom-id=\"tnecfxcdykoambyuufnshbafyloyrkvzbfkf\">\n<div class=\"brz-bg overflow-hidden absolute top-0 left-0 w-full h-full\"><\/div>\n<div class=\"brz-row brz-css-otayy brz-css-trerr\">\n<div class=\"brz-columns brz-css-iogra brz-css-vijxc\" data-custom-id=\"epxscrxbxahcngbhbcghkwdykelzrjhfzqft\">\n<div class=\"brz-bg overflow-hidden absolute top-0 left-0 w-full h-full\"><\/div>\n<div class=\"brz-column__items brz-css-caykn brz-css-adqvz\">\n<div class=\"brz-css-edpee brz-css-dmzmj brz-wrapper\">\n<div class=\"brz-image brz-css-umkzu brz-css-dklon\"><img decoding=\"async\" class=\"brz-img\" src=\"https:\/\/tlatelolcounam.mx\/caminoreal\/wp-content\/uploads\/2022\/01\/logo.png\" alt=\"\" loading=\"lazy\" \/><\/div>\n<\/div>\n<\/div>\n<\/div>\n<div class=\"brz-columns brz-css-iogra brz-css-rllny\" data-custom-id=\"pzxzuttxxgqksrrdgcwhaktqjdmukvkhahfe\">\n<div class=\"brz-bg overflow-hidden absolute top-0 left-0 w-full h-full\"><\/div>\n<div class=\"brz-column__items brz-css-caykn brz-css-fhruz\">\n<div class=\"brz-css-edpee brz-wrapper\">\n<div class=\"brz-menu__container brz-css-crdsg\" data-mmenu-id=\"#mfbxmudfpmdhbxnkguvjdxjpmylibnyntwog\" data-mmenu-position=\"position-left\" data-mmenu-title=\"Menu\" data-mmenu-stickytitle=\"on\" data-custom-id=\"xbqtfmrcedukngnyygmfwgkwektymnnnuzxj\">\n<nav class=\"brz-menu brz-menu__preview brz-css-ltagq\">\n<ul class=\"brz-menu__ul\" data-menu-items-active=\"\">\n<li class=\"brz-menu__item\" data-menu-item-id=\"a45e250d979c9b3c26fe6917797cc038\"><a class=\"brz-a menu-item menu-item-type-post_type menu-item-object-page menu-item-home\" href=\"https:\/\/tlatelolcounam.mx\/caminoreal\/\" data-brz-link-type=\"external\" id><span class=\"brz-span\">Inicio<\/span><\/a><\/li>\n<li class=\"brz-menu__item brz-menu__item-dropdown\" data-menu-item-id=\"ba4a85012b5365c17cdf357587076276\"><a class=\"brz-a brz-anchor menu-item menu-item-type-custom menu-item-object-custom\" href=\"#\" data-brz-link-type=\"anchor\" id><span class=\"brz-span\">Estados<\/span><\/a><\/li>\n<li class=\"brz-menu__item\" data-menu-item-id=\"d3c0c655631b120767a40bd0aed90e47\"><a class=\"brz-a menu-item menu-item-type-post_type menu-item-object-page\" href=\"https:\/\/tlatelolcounam.mx\/caminoreal\/historia\/\" data-brz-link-type=\"external\" id><span class=\"brz-span\">Historia<\/span><\/a><\/li>\n<\/ul>\n<\/nav>\n<div class=\"brz-mm-menu__icon\">\n<\/div>\n<\/div>\n<\/div>\n<\/div>\n<\/div>\n<\/div>\n<\/div>\n<\/div>\n<\/div>\n<\/section>\n<section data-uid=\"dokjzmexqunazctbloammypxiyzspbnjdvyj\" id=\"dokjzmexqunazctbloammypxiyzspbnjdvyj\" class=\"brz-section brz-css-biohe\">\n<div class=\"brz-section__content brz-section--fullWidth brz-css-fstuh brz-css-pdelm\" data-custom-id=\"ofodesxequsppebghdddegirgebmibqoghuq\">\n<div class=\"brz-container brz-css-zawvi brz-css-qeyar\">\n<div class=\"brz-row__container brz-css-zgopf\" data-custom-id=\"utyrubatiicuodtfdrsdwpqylqelgarpuuon\">\n<div class=\"brz-bg overflow-hidden absolute top-0 left-0 w-full h-full\"><\/div>\n<div class=\"brz-row brz-css-otayy brz-css-trerr\">\n<div class=\"brz-columns brz-css-iogra brz-css-uysbv\" data-custom-id=\"bwhvzqizgbjedpjcxsmqwrqrinyzgjbgspsj\">\n<div class=\"brz-bg overflow-hidden absolute top-0 left-0 w-full h-full\">\n<div class=\"brz-bg-image absolute top-0 left-0 w-full h-full bg-no-repeat bg-cover\"><\/div>\n<div class=\"brz-bg-color absolute top-0 left-0 w-full h-full\"><\/div>\n<\/div>\n<div class=\"brz-column__items brz-css-caykn brz-css-qehuv\">\n<div class=\"brz-css-edpee brz-wrapper\">\n<div class=\"brz-rich-text brz-rich-text__custom brz-css-axian\" data-custom-id=\"tqhafddpevpoqpgttjlpozauhxncubxlmulz\">\n<div>\n<p class=\"brz-css-losjy\" data-uniq-id=\"ffjho\" data-generated-css=\"brz-css-xllms\"><strong>CIUDAD DE M\u00c9XICO<\/strong><\/p>\n<\/div>\n<\/div>\n<\/div>\n<div class=\"brz-css-edpee brz-wrapper\">\n<div class=\"brz-rich-text brz-rich-text__custom brz-css-axian\" data-custom-id=\"pudzuusqvxiktnklsxxateyfhaohsiccijdk\">\n<div>\n<p class=\"brz-css-xbbso\" data-uniq-id=\"cwbkb\" data-generated-css=\"brz-css-fswrh\"><\/p>\n<\/div>\n<\/div>\n<\/div>\n<div class=\"brz-css-edpee brz-wrapper\">\n<div class=\"brz-rich-text brz-rich-text__custom brz-css-axian\" data-custom-id=\"lxlmkfhrmnafexlxikrrnouunlvzcxgyqxmj\">\n<div>\n<p class=\"brz-css-fmclw\" data-uniq-id=\"ylbpt\" data-generated-css=\"brz-css-uqmdc\"><\/p>\n<\/div>\n<\/div>\n<\/div>\n<div class=\"brz-css-edpee brz-wrapper\">\n<div class=\"brz-rich-text brz-rich-text__custom brz-css-axian\" data-custom-id=\"gxjfjaytbgqhhptvbjgdfhvblszyjqksbpuu\">\n<div>\n<p class=\"brz-css-jxozn\" data-generated-css=\"brz-css-iajsk\" data-uniq-id=\"omqut\"><strong>Fiestas, danzas y rituales<\/strong><\/p>\n<\/div>\n<\/div>\n<\/div>\n<\/div>\n<\/div>\n<\/div>\n<\/div>\n<\/div>\n<\/div>\n<\/section>\n<section data-uid=\"vkkdmiywdorcuowqdwgtdcgpjevosqiqxbqd\" id=\"vkkdmiywdorcuowqdwgtdcgpjevosqiqxbqd\" class=\"brz-section brz-css-biohe\">\n<div class=\"brz-section__content brz-section--boxed brz-css-fstuh brz-css-bhcgp\" data-custom-id=\"tmgrfkcjjliasesblgtfjhoqvkheinubntyp\">\n<div class=\"brz-container brz-css-zawvi brz-css-trkfn\">\n<div class=\"brz-css-edpee brz-css-tgxpu brz-css-ujomq brz-wrapper\">\n<div class=\"brz-spacer brz-css-zvjii brz-css-zpcid\"><\/div>\n<\/div>\n<div class=\"brz-row__container brz-css-zgopf brz-css-qkmhr\" data-custom-id=\"gzlgajiyfttcybycbsyxjlfsqcygrvwauoch\">\n<div class=\"brz-bg overflow-hidden absolute top-0 left-0 w-full h-full\"><\/div>\n<div class=\"brz-row brz-css-otayy brz-css-trerr\">\n<div class=\"brz-columns brz-css-iogra brz-css-eiwwp\" data-custom-id=\"trodzlkflatsxujkfexaatitoryhckyjdufn\">\n<div class=\"brz-bg overflow-hidden absolute top-0 left-0 w-full h-full\"><\/div>\n<div class=\"brz-column__items brz-css-caykn brz-css-bniqy\">\n<div class=\"brz-css-edpee brz-css-wrsll brz-wrapper\">\n<div class=\"brz-rich-text brz-rich-text__custom brz-css-axian\" data-custom-id=\"qpytycenfhsetjjiyzdhwpbgrtoibnllzdkj\">\n<div>\n<h2 class=\"brz-css-qndra\" data-uniq-id=\"jzbse\" data-generated-css=\"brz-css-nldjn\"><span>La ciudad de M\u00e9xico fue el primer punto del Camino Real de Tierra Adentro, fue el comienzo de varios procesos religiosos y culturales que actualmente se siguen conservando, la plaza de santo domingo queda muy cerca de la iglesia con el mismo nombre que desempe\u00f1\u00f3 un papel muy importante en el \u00e1mbito cultural y social de esa \u00e9poca, muchas de estas expresiones religiosas siguen formando parte de nuestros d\u00edas como lo es la peregrinaci\u00f3n del 12 de diciembre en honor a la Virgen de Guadalupe, todos los a\u00f1os habitantes de todo el pa\u00eds se re\u00fanen en la bas\u00edlica de Guadalupe a honrarla y celebrarla. <\/span><\/h2>\n<\/div>\n<\/div>\n<\/div>\n<div class=\"brz-css-edpee brz-wrapper\">\n<div class=\"brz-line brz-line-default brz-css-mqedb brz-css-mizex\" data-custom-id=\"vxlmzpzhiqesinjtklbyrtycwsmvrwyprrvy\">\n<hr class=\"brz-hr\" \/><\/div>\n<\/div>\n<div class=\"brz-css-edpee brz-css-tdvsl brz-wrapper\">\n<div class=\"brz-rich-text brz-rich-text__custom brz-css-axian\" data-custom-id=\"lcgevqoeculhwpiscbnnkzkzwhcfsbujhquw\">\n<div>\n<p class=\"brz-css-deusb\" data-uniq-id=\"qugbc\" data-generated-css=\"brz-css-gmcik\"><strong>D\u00eda de la Virgen de Guadalupe<\/strong><\/p>\n<p class=\"brz-css-exsvy\" data-uniq-id=\"otvuy\" data-generated-css=\"brz-css-hqsia\">Se realiza el d\u00eda 12 de diciembre al dar las 12 de la noche en la bas\u00edlica de Guadalupe, d\u00edas antes se realizan peregrinaciones en todo \u00e9l pa\u00eds para celebrarla.\u00a0<\/p>\n<p class=\"brz-css-uxsgo\" data-uniq-id=\"zutbp\" data-generated-css=\"brz-css-hteui\"><\/p>\n<p class=\"brz-css-rkrim\" data-uniq-id=\"kenyk\" data-generated-css=\"brz-css-qsmfr\"><strong class=\"brz-cp-color2\">D\u00eda de muertos<\/strong><\/p>\n<p class=\"brz-css-tfzrz\" data-uniq-id=\"xmjam\" data-generated-css=\"brz-css-cxkkr\">Se celebra el d\u00eda 1 de Noviembre como muestra de cari\u00f1o a los muertos, se realizan ofrendas para honrarlos.<\/p>\n<p class=\"brz-css-piflc\" data-uniq-id=\"adygz\" data-generated-css=\"brz-css-ajzon\"><\/p>\n<p class=\"brz-css-mczca\" data-uniq-id=\"xjesr\" data-generated-css=\"brz-css-omkzp\"><strong style=\"background-color: transparent\">D\u00eda de San Judas Tadeo\u00a0<\/strong><\/p>\n<p class=\"brz-css-viicr\" data-uniq-id=\"gjtkz\" data-generated-css=\"brz-css-oeaha\"><span style=\"background-color: transparent\">Cada 28 de octubre tienen reuni\u00f3n en la iglesia de San Hip\u00f3lito\u00a0miles de feligreses que abarrotan la Ciudad de M\u00e9xico para agradecer los milagros de San Judas Tadeo, considerado el patr\u00f3n de las causas perdidas o imposibles, todos los meses se hace una misa en honor a \u00e9l, sin embargo la fiesta m\u00e1s importante es en octubre.\u00a0<\/span><\/p>\n<p class=\"brz-css-ohnbb\" data-uniq-id=\"gdjwk\" data-generated-css=\"brz-css-hdtcu\"><\/p>\n<p class=\"brz-css-rlmly\" data-uniq-id=\"znnuk\" data-generated-css=\"brz-css-ituea\"><strong style=\"background-color: transparent\">D\u00eda de la independencia\u00a0<\/strong><\/p>\n<p class=\"brz-css-sdhvn\" data-uniq-id=\"rfaoq\" data-generated-css=\"brz-css-iqldd\"><span style=\"background-color: transparent\">El 15 de septiembre se celebra con colores patri\u00f3ticos, actuaciones musicales, fiestas y fuegos artificiales, Las calles de la Ciudad de M\u00e9xico se pintan de verde, blanco y rojo, con m\u00faltiples adornos y vestimenta tradicional mexicana.<\/span><\/p>\n<p class=\"brz-css-vbtjr\" data-uniq-id=\"omxgf\" data-generated-css=\"brz-css-wkbpe\"><span style=\"background-color: transparent\">Es costumbre en la celebraci\u00f3n del D\u00eda de la Independencia que el presidente d\u00e9 el grito desde el Palacio Nacional, honrando la memoria de los h\u00e9roes que nos dieron la independencia. Se encuentra gran variedad de deliciosa comida tradicional que ofrecen los restaurantes y vendedores, adem\u00e1s de m\u00fasica tradicional mexicana.\u00a0<\/span><\/p>\n<p class=\"brz-css-rifzf\" data-uniq-id=\"irbrc\" data-generated-css=\"brz-css-teafj\"><\/p>\n<p class=\"brz-css-evmgs\" data-uniq-id=\"rybba\" data-generated-css=\"brz-css-ddgkt\"><strong style=\"background-color: transparent\">Festival de M\u00e9xico\u00a0<\/strong><\/p>\n<p class=\"brz-css-nfayc\" data-uniq-id=\"uyyia\" data-generated-css=\"brz-css-jwwga\"><span style=\"background-color: transparent\">Se lleva a cabo en Marzo en el Centro Hist\u00f3rico de la Ciudad de M\u00e9xico y muestra gran variedad de exhibiciones que nos cuenta la historia de la ciudad, \u00e9l evento dura dos semanas con m\u00faltiples expresiones de m\u00fasica, teatro y danza.\u00a0<\/span><\/p>\n<p class=\"brz-css-fopoh\" data-uniq-id=\"epumz\" data-generated-css=\"brz-css-tmgme\"><\/p>\n<p class=\"brz-css-hygga\" data-uniq-id=\"iuoxb\" data-generated-css=\"brz-css-ehbku\"><strong style=\"background-color: transparent\">La Ca\u00edda de Tenochtitl\u00e1n<\/strong><\/p>\n<p class=\"brz-css-aozfo\" data-uniq-id=\"dnmwp\" data-generated-css=\"brz-css-cuxcr\"><span style=\"background-color: transparent\">Ocurri\u00f3 hace siglos, se lleva a cabo entre los sitios arqueol\u00f3gicos de la ciudad, es un evento que reflexiona lo que pas\u00f3 hace cientos de a\u00f1os, cuenta la historia y la diversidad cultural de la capital del pa\u00eds, es una celebraci\u00f3n algo sombr\u00eda porque recuerda los cap\u00edtulos \u201coscuros\u201d y violentos del pasado.\u00a0<\/span><\/p>\n<p class=\"brz-css-gzbgw\" data-uniq-id=\"pkugk\" data-generated-css=\"brz-css-uzhgd\"><\/p>\n<p class=\"brz-css-yqqpw\" data-uniq-id=\"wdtrl\" data-generated-css=\"brz-css-dllrr\"><strong style=\"background-color: transparent\">La Fiesta de Santa Cecilia<\/strong><\/p>\n<p class=\"brz-css-vciyp\" data-uniq-id=\"odslx\" data-generated-css=\"brz-css-kntqz\"><span style=\"background-color: transparent\">Celebra a una santa cat\u00f3lica, un concierto que se lleva a cabo en la plaza de los mariachis, es un evento al aire libre con m\u00faltiples cantos de bailes, se realiza el 22 de noviembre para preservar la memoria de Santa Cecilia.\u00a0\u00a0<\/span><\/p>\n<\/div>\n<\/div>\n<\/div>\n<\/div>\n<\/div>\n<\/div>\n<\/div>\n<\/div>\n<\/div>\n<\/section>\n<section data-uid=\"rveuamtmysvwswawebijahrjxkuxjvxlxelg\" id=\"rveuamtmysvwswawebijahrjxkuxjvxlxelg\" class=\"brz-section brz-css-biohe brz-css-ihegi\">\n<div class=\"brz-section__content brz-section--boxed brz-css-fstuh brz-css-igwph\" data-custom-id=\"jevxzucvdlfbjclqnoxdfdxufrptolgfwndq\">\n<div class=\"brz-bg overflow-hidden absolute top-0 left-0 w-full h-full\">\n<div class=\"brz-bg-map absolute top-0 left-0 w-full h-full\"><\/div>\n<\/div>\n<div class=\"brz-container brz-css-zawvi\">\n<div class=\"brz-css-edpee brz-wrapper\">\n<div class=\"brz-wp-shortcode brz-css-xmhrl\" data-custom-id=\"vaumvpxxskcrrqrhzkoxiwldmvtwaubzppkh\">\n<div><div class=\"twer-map-wrapper treweler-map-fw\" ><div class=\"twer-iframe-embed\" style=\"height:500px;\"><iframe loading=\"lazy\" class=\"twer-iframe\" src=\"https:\/\/tlatelolcounam.mx\/caminoreal\/treweler-map\/estado-de-mexico\/?tw=iframe&#038;twer-index=1&#038;twer-map-id=474&#038;twer-height=500px&#038;twer-type=fullwidth&#038;twer-scrollzoom=yes&#038;twer-width\"  frameborder=\"0\" title=\"Treweler Map\"><\/iframe><\/div><\/div><\/div>\n<\/div>\n<\/div>\n<\/div>\n<\/div>\n<\/section>\n<section data-uid=\"qkfzfeoawtxqqyvitadwfdeismrzfhwurmii\" id=\"qkfzfeoawtxqqyvitadwfdeismrzfhwurmii\" class=\"brz-section brz-css-biohe\">\n<div class=\"brz-section__content brz-section--boxed brz-css-fstuh brz-css-irxsx\" data-custom-id=\"furozkipdsfzporznemncmrldghyqktjhmgb\">\n<div class=\"brz-bg overflow-hidden absolute top-0 left-0 w-full h-full\">\n<div class=\"brz-bg-image absolute top-0 left-0 w-full h-full bg-no-repeat bg-cover\"><\/div>\n<div class=\"brz-bg-color absolute top-0 left-0 w-full h-full\"><\/div>\n<\/div>\n<div class=\"brz-container brz-css-zawvi\">\n<div class=\"brz-row__container brz-css-zgopf\" data-custom-id=\"achsreujasksizjbtnmshsdugxsmfrbryrvr\">\n<div class=\"brz-bg overflow-hidden absolute top-0 left-0 w-full h-full\"><\/div>\n<div class=\"brz-row brz-css-otayy brz-css-trerr\">\n<div class=\"brz-columns brz-css-iogra brz-css-bhvrn\" data-custom-id=\"zokmicasrntzzshjxniwzjkuppixtkmaqdzz\">\n<div class=\"brz-bg overflow-hidden absolute top-0 left-0 w-full h-full\"><\/div>\n<div class=\"brz-column__items brz-css-caykn brz-css-hffxz\">\n<div class=\"brz-css-edpee brz-css-kyobv brz-wrapper\">\n<div class=\"brz-image brz-css-iiaeg\"><img decoding=\"async\" class=\"brz-img\" src=\"https:\/\/tlatelolcounam.mx\/caminoreal\/wp-content\/uploads\/brizy\/imgs\/logo-1-293x101x0x1x293x100x1642108354.png\" alt=\"\" loading=\"lazy\" \/><\/div>\n<\/div>\n<div class=\"brz-css-edpee brz-css-tgxpu brz-wrapper\">\n<div class=\"brz-spacer brz-css-zvjii brz-css-hdarw\"><\/div>\n<\/div>\n<div class=\"brz-css-edpee brz-wrapper\">\n<div class=\"brz-rich-text brz-rich-text__custom brz-css-axian\" data-custom-id=\"kywuxuscztrrhlidoxrxnbhrmlsoucwdrdvp\">\n<div>\n<p class=\"brz-css-vjiyn\" data-uniq-id=\"euomf\" data-generated-css=\"brz-css-qlfmh\"><span>Ricardo Flores Mag\u00f3n 1. <\/span><\/p>\n<p class=\"brz-css-xvgtl\" data-uniq-id=\"fkrdx\" data-generated-css=\"brz-css-lepkg\"><span>Col. Nonoalco-Tlatelolco C.P. 06995. <\/span><\/p>\n<p class=\"brz-css-zcprq\" data-uniq-id=\"gutxj\" data-generated-css=\"brz-css-zxvpu\"><span>ccutlatelolco@gmail.com<\/span><\/p>\n<p class=\"brz-css-svcid\" data-generated-css=\"brz-css-fwbyw\" data-uniq-id=\"yzdzu\"><span>5117 2818 ext. 49613<\/span><\/p>\n<\/div>\n<\/div>\n<\/div>\n<\/div>\n<\/div>\n<div class=\"brz-columns brz-css-iogra brz-css-bxoqx\" data-custom-id=\"ueceosewmvdlocaoiccxqzaqsdrbhugdlqwp\">\n<div class=\"brz-bg overflow-hidden absolute top-0 left-0 w-full h-full\"><\/div>\n<div class=\"brz-column__items brz-css-caykn\">\n<div class=\"brz-css-edpee brz-wrapper\">\n<div class=\"brz-rich-text brz-rich-text__custom brz-css-axian\" data-custom-id=\"yieydbdefqqzosmqedrukrhhuflrrnwhnfme\">\n<div>\n<p class=\"brz-css-oylek\" data-uniq-id=\"pdybz\" data-generated-css=\"brz-css-custc\"><span>M\u00e1s sobre el CCUT<\/span><\/p>\n<\/div>\n<\/div>\n<\/div>\n<div class=\"brz-css-edpee brz-css-tgxpu brz-wrapper\">\n<div class=\"brz-spacer brz-css-zvjii brz-css-wtjvr\"><\/div>\n<\/div>\n<div class=\"brz-css-edpee brz-wrapper\">\n<div class=\"brz-rich-text brz-rich-text__custom brz-css-axian\" data-custom-id=\"ynfeweewrtxixsrhnduzblhwsykqywcbwrbd\">\n<div>\n<p class=\"brz-css-zqqbg\" data-uniq-id=\"frwjr\" data-generated-css=\"brz-css-laqsj\"><span>Seminario <\/span><\/p>\n<p class=\"brz-css-aedcf\" data-uniq-id=\"vnkoo\" data-generated-css=\"brz-css-dmrvc\"><span>Memorias<\/span><\/p>\n<p class=\"brz-css-rvehr\" data-uniq-id=\"dcvrt\" data-generated-css=\"brz-css-bwatq\"><span>Resistencias<\/span><\/p>\n<p class=\"brz-css-endum\" data-generated-css=\"brz-css-vpotn\" data-uniq-id=\"xkgby\"><span>Comunidades<\/span><\/p>\n<\/div>\n<\/div>\n<\/div>\n<div class=\"brz-css-edpee brz-wrapper\">\n<div class=\"brz-rich-text brz-rich-text__custom brz-css-axian\" data-custom-id=\"imzwziqzkzgaummubqbkvghlpqnmykoyscdr\">\n<div>\n<p class=\"brz-css-axrlb\" data-uniq-id=\"icvhm\" data-generated-css=\"brz-css-gzhjx\"><\/p>\n<\/div>\n<\/div>\n<\/div>\n<\/div>\n<\/div>\n<div class=\"brz-columns brz-css-iogra brz-css-vjexa\" data-custom-id=\"vweavhhwtywjlvwtobzunrtkfybgszsfwmoi\">\n<div class=\"brz-bg overflow-hidden absolute top-0 left-0 w-full h-full\"><\/div>\n<div class=\"brz-column__items brz-css-caykn\">\n<div class=\"brz-css-edpee brz-wrapper\">\n<div class=\"brz-rich-text brz-rich-text__custom brz-css-axian\" data-custom-id=\"yuqipqqugxqfpjpkfcexpwembqsekzhvzpjf\">\n<div>\n<p class=\"brz-css-maaxx\" data-uniq-id=\"wbckk\" data-generated-css=\"brz-css-akbyj\"><span class=\"brz-cp-color8\">S\u00edguenos<\/span><\/p>\n<\/div>\n<\/div>\n<\/div>\n<div class=\"brz-css-edpee brz-css-tgxpu brz-wrapper\">\n<div class=\"brz-spacer brz-css-zvjii brz-css-eofdk\"><\/div>\n<\/div>\n<div class=\"brz-css-edpee brz-css-qebdk brz-wrapper\">\n<div class=\"brz-icon-text brz-css-wgxss brz-css-zwmhw\" data-custom-id=\"hydbwhzcpvjqiiorwlilgqxqftkxpkwkywsj\">\n<div id class=\"brz-icon__container\" data-custom-id=\"uqxskthsztuwpwwoqfqmhvqdknuvatiyuwqk\"><span class=\"brz-icon brz-span brz-css-jsbuc brz-css-qaixx\"><\/span><\/div>\n<div class=\"brz-text-btn\">\n<div class=\"brz-rich-text brz-rich-text__custom brz-css-axian\" data-custom-id=\"bgkyxrvclbbxxythvkxjtgqxdhzzsnwwrkmq\">\n<div>\n<p class=\"brz-css-zbbgp\"><span>Twitter<\/span><\/p>\n<\/div>\n<\/div>\n<\/div>\n<\/div>\n<\/div>\n<div class=\"brz-css-edpee brz-css-zrlli brz-wrapper\">\n<div class=\"brz-icon-text brz-css-wgxss brz-css-bxyvc\" data-custom-id=\"jabsrjtzzoxfchshzqqtimtttlnkjsnwskkq\">\n<div id class=\"brz-icon__container\" data-custom-id=\"cdxdzmlnscinzsmwffqlxwmqhplmzbhprxza\"><span class=\"brz-icon brz-span brz-css-jsbuc brz-css-idfni\"><\/span><\/div>\n<div class=\"brz-text-btn\">\n<div class=\"brz-rich-text brz-rich-text__custom brz-css-axian\" data-custom-id=\"txxspklpmzyaxsjzabzltuhbhneozicfdhup\">\n<div>\n<p class=\"brz-css-gkbiz\"><span>Facebook<\/span><\/p>\n<\/div>\n<\/div>\n<\/div>\n<\/div>\n<\/div>\n<div class=\"brz-css-edpee brz-wrapper\">\n<div class=\"brz-icon-text brz-css-wgxss brz-css-mxevy\" data-custom-id=\"evbxwngmaedzgcjttyjbxbrqilvezuyjizmm\">\n<div id class=\"brz-icon__container\" data-custom-id=\"gburckwvhlgdxkgngoywxugovxipiwturtcd\"><span class=\"brz-icon brz-span brz-css-jsbuc brz-css-kmxiq\"><\/span><\/div>\n<div class=\"brz-text-btn\">\n<div class=\"brz-rich-text brz-rich-text__custom brz-css-axian\" data-custom-id=\"cxbjqcvvcsyicwjnumpamepblkgqnskdfjka\">\n<div>\n<p class=\"brz-css-lyfwk\"><span>Youtube<\/span><\/p>\n<\/div>\n<\/div>\n<\/div>\n<\/div>\n<\/div>\n<\/div>\n<\/div>\n<\/div>\n<\/div>\n<div class=\"brz-css-edpee brz-wrapper\">\n<div class=\"brz-image brz-css-gwdre\"><img decoding=\"async\" class=\"brz-img\" src=\"https:\/\/tlatelolcounam.mx\/caminoreal\/wp-content\/uploads\/brizy\/imgs\/escudo-firma-176x88x0x0x176x88x1642108760.png\" alt=\"\" loading=\"lazy\" \/><\/div>\n<\/div>\n<div class=\"brz-css-edpee brz-css-nbsvc brz-wrapper\">\n<div class=\"brz-line brz-line-default brz-css-mqedb brz-css-cawsw\" data-custom-id=\"wguunchwyulhdtykgwtenhecrqcyxgzhcexc\">\n<hr class=\"brz-hr\" \/><\/div>\n<\/div>\n<div class=\"brz-css-edpee brz-wrapper\">\n<div class=\"brz-rich-text brz-rich-text__custom brz-css-axian\" data-custom-id=\"ltuintpcpfoaywaqxegggkzizlpptgxtiful\">\n<div>\n<p class=\"brz-css-wlmka\" data-uniq-id=\"yqtzc\" data-generated-css=\"brz-css-kwjoz\"><span>Esta p\u00e1gina y el contenido de la misma se encuentran protegidos por propiedad intelectual, confidencialidad entre las partes, as\u00ed como por normativa general y universitaria vigente de Transparencia, Acceso a la Informaci\u00f3n P\u00fablica y Protecci\u00f3n de Datos Personales. UNAM-CCUT.<\/span><\/p>\n<\/div>\n<\/div>\n<\/div>\n<\/div>\n<\/div>\n<\/section>\n<\/div>\n<p><!-- version:1673308485 --><\/p>\n","protected":false},"excerpt":{"rendered":"<p>Inicio Estados Historia CIUDAD DE M\u00c9XICO Fiestas, danzas y rituales La ciudad de M\u00e9xico fue el primer punto del Camino Real de Tierra Adentro, fue el comienzo de varios procesos religiosos y culturales que actualmente se siguen conservando, la plaza de santo domingo queda muy cerca de la iglesia con el mismo nombre que desempe\u00f1\u00f3 [&hellip;]<\/p>\n","protected":false},"author":9,"featured_media":0,"parent":146,"menu_order":0,"comment_status":"closed","ping_status":"closed","template":"brizy-blank-template.php","meta":{"footnotes":""},"class_list":["post-18484","page","type-page","status-publish","hentry"],"_links":{"self":[{"href":"https:\/\/tlatelolcounam.mx\/caminoreal\/wp-json\/wp\/v2\/pages\/18484","targetHints":{"allow":["GET"]}}],"collection":[{"href":"https:\/\/tlatelolcounam.mx\/caminoreal\/wp-json\/wp\/v2\/pages"}],"about":[{"href":"https:\/\/tlatelolcounam.mx\/caminoreal\/wp-json\/wp\/v2\/types\/page"}],"author":[{"embeddable":true,"href":"https:\/\/tlatelolcounam.mx\/caminoreal\/wp-json\/wp\/v2\/users\/9"}],"replies":[{"embeddable":true,"href":"https:\/\/tlatelolcounam.mx\/caminoreal\/wp-json\/wp\/v2\/comments?post=18484"}],"version-history":[{"count":22,"href":"https:\/\/tlatelolcounam.mx\/caminoreal\/wp-json\/wp\/v2\/pages\/18484\/revisions"}],"predecessor-version":[{"id":47282,"href":"https:\/\/tlatelolcounam.mx\/caminoreal\/wp-json\/wp\/v2\/pages\/18484\/revisions\/47282"}],"up":[{"embeddable":true,"href":"https:\/\/tlatelolcounam.mx\/caminoreal\/wp-json\/wp\/v2\/pages\/146"}],"wp:attachment":[{"href":"https:\/\/tlatelolcounam.mx\/caminoreal\/wp-json\/wp\/v2\/media?parent=18484"}],"curies":[{"name":"wp","href":"https:\/\/api.w.org\/{rel}","templated":true}]}}