{"id":1631,"date":"2022-04-30T04:24:17","date_gmt":"2022-04-30T04:24:17","guid":{"rendered":"https:\/\/tlatelolcounam.mx\/caminoreal\/?page_id=1631"},"modified":"2025-08-12T13:33:56","modified_gmt":"2025-08-12T13:33:56","slug":"guanajuato-gastronomia","status":"publish","type":"page","link":"https:\/\/tlatelolcounam.mx\/caminoreal\/guanajuato\/guanajuato-gastronomia\/","title":{"rendered":"Guanajuato-Gastronom\u00eda"},"content":{"rendered":"<div class=\"brz-root__container brz-reset-all\">\n<section data-uid=\"cdkeghlziiohoukivthemcomadlvolvjzyzx\" id=\"cdkeghlziiohoukivthemcomadlvolvjzyzx\" class=\"brz-section brz-css-xletn\">\n<div class=\"brz-section__content brz-section--boxed brz-css-fuxvk brz-css-qqlan\" data-custom-id=\"kxtylskpqchveijjrewfnyruqtatzgwljyzm\">\n<div class=\"brz-container brz-css-jmnqj\">\n<div class=\"brz-row__container brz-css-ocjhp\" data-custom-id=\"tnecfxcdykoambyuufnshbafyloyrkvzbfkf\">\n<div class=\"brz-bg overflow-hidden absolute top-0 left-0 w-full h-full\"><\/div>\n<div class=\"brz-row brz-css-wkgkl brz-css-fyiji\">\n<div class=\"brz-columns brz-css-ewrys brz-css-teipl\" data-custom-id=\"epxscrxbxahcngbhbcghkwdykelzrjhfzqft\">\n<div class=\"brz-bg overflow-hidden absolute top-0 left-0 w-full h-full\"><\/div>\n<div class=\"brz-column__items brz-css-xbvlo brz-css-sxrfl\">\n<div class=\"brz-css-eiedb brz-css-ccqsa brz-wrapper\">\n<div class=\"brz-image brz-css-bcqjg brz-css-thwcd\"><img decoding=\"async\" class=\"brz-img\" src=\"https:\/\/tlatelolcounam.mx\/caminoreal\/wp-content\/uploads\/2022\/01\/logo.png\" alt=\"\" loading=\"lazy\" \/><\/div>\n<\/div>\n<\/div>\n<\/div>\n<div class=\"brz-columns brz-css-ewrys brz-css-kibii\" data-custom-id=\"pzxzuttxxgqksrrdgcwhaktqjdmukvkhahfe\">\n<div class=\"brz-bg overflow-hidden absolute top-0 left-0 w-full h-full\"><\/div>\n<div class=\"brz-column__items brz-css-xbvlo brz-css-edaxv\">\n<div class=\"brz-css-eiedb brz-wrapper\">\n<div class=\"brz-menu__container brz-css-rjbgx\" data-mmenu-id=\"#pkyjhutnfifxqznqluekctufcgubldrqnwmy\" data-mmenu-position=\"position-left\" data-mmenu-title=\"Menu\" data-mmenu-stickytitle=\"on\" data-custom-id=\"xbqtfmrcedukngnyygmfwgkwektymnnnuzxj\">\n<nav class=\"brz-menu brz-menu__preview brz-css-nbasi\">\n<ul class=\"brz-menu__ul\" data-menu-items-active=\"\">\n<li class=\"brz-menu__item\" data-menu-item-id=\"a45e250d979c9b3c26fe6917797cc038\"><a class=\"brz-a menu-item menu-item-type-post_type menu-item-object-page menu-item-home\" href=\"https:\/\/tlatelolcounam.mx\/caminoreal\/\" data-brz-link-type=\"external\" id><span class=\"brz-span\">Inicio<\/span><\/a><\/li>\n<li class=\"brz-menu__item brz-menu__item-dropdown\" data-menu-item-id=\"ba4a85012b5365c17cdf357587076276\"><a class=\"brz-a brz-anchor menu-item menu-item-type-custom menu-item-object-custom\" href=\"#\" data-brz-link-type=\"anchor\" id><span class=\"brz-span\">Estados<\/span><\/a><\/li>\n<li class=\"brz-menu__item\" data-menu-item-id=\"d3c0c655631b120767a40bd0aed90e47\"><a class=\"brz-a menu-item menu-item-type-post_type menu-item-object-page\" href=\"https:\/\/tlatelolcounam.mx\/caminoreal\/historia\/\" data-brz-link-type=\"external\" id><span class=\"brz-span\">Historia<\/span><\/a><\/li>\n<\/ul>\n<\/nav>\n<div class=\"brz-mm-menu__icon\">\n<\/div>\n<\/div>\n<\/div>\n<\/div>\n<\/div>\n<\/div>\n<\/div>\n<\/div>\n<\/div>\n<\/section>\n<section data-uid=\"dokjzmexqunazctbloammypxiyzspbnjdvyj\" id=\"dokjzmexqunazctbloammypxiyzspbnjdvyj\" class=\"brz-section brz-css-xletn\">\n<div class=\"brz-section__content brz-section--fullWidth brz-css-fuxvk brz-css-cbthe\" data-custom-id=\"ofodesxequsppebghdddegirgebmibqoghuq\">\n<div class=\"brz-container brz-css-jmnqj brz-css-xiiez\">\n<div class=\"brz-row__container brz-css-ocjhp\" data-custom-id=\"utyrubatiicuodtfdrsdwpqylqelgarpuuon\">\n<div class=\"brz-bg overflow-hidden absolute top-0 left-0 w-full h-full\"><\/div>\n<div class=\"brz-row brz-css-wkgkl brz-css-fyiji\">\n<div class=\"brz-columns brz-css-ewrys brz-css-bdgjc\" data-custom-id=\"bwhvzqizgbjedpjcxsmqwrqrinyzgjbgspsj\">\n<div class=\"brz-bg overflow-hidden absolute top-0 left-0 w-full h-full\">\n<div class=\"brz-bg-image absolute top-0 left-0 w-full h-full bg-no-repeat bg-cover\"><\/div>\n<div class=\"brz-bg-color absolute top-0 left-0 w-full h-full\"><\/div>\n<\/div>\n<div class=\"brz-column__items brz-css-xbvlo brz-css-suzsy\">\n<div class=\"brz-css-eiedb brz-wrapper\">\n<div class=\"brz-rich-text brz-rich-text__custom brz-css-ngkyu\" data-custom-id=\"idvhcswyjuwwxdjosczobozhqitpxzkervhf\">\n<div>\n<p class=\"brz-css-ajiag\" data-uniq-id=\"ihyen\" data-generated-css=\"brz-css-xoamr\"><strong>GUANAJUATO<\/strong><\/p>\n<\/div>\n<\/div>\n<\/div>\n<div class=\"brz-css-eiedb brz-wrapper\">\n<div class=\"brz-rich-text brz-rich-text__custom brz-css-ngkyu\" data-custom-id=\"kaxnujsocnktfuiitovsaymckoyjfuywzvkt\">\n<div>\n<p class=\"brz-css-yqldl\" data-generated-css=\"brz-css-fkwbq\" data-uniq-id=\"vyhzv\"><\/p>\n<\/div>\n<\/div>\n<\/div>\n<div class=\"brz-css-eiedb brz-wrapper\">\n<div class=\"brz-rich-text brz-rich-text__custom brz-css-ngkyu\" data-custom-id=\"sgkopqwqbgidctdzdwjisyqxlkwtmzkseehb\">\n<div>\n<p class=\"brz-css-caujd\" data-generated-css=\"brz-css-mgeee\" data-uniq-id=\"sqhvq\"><\/p>\n<\/div>\n<\/div>\n<\/div>\n<div class=\"brz-css-eiedb brz-wrapper\">\n<div class=\"brz-rich-text brz-rich-text__custom brz-css-ngkyu\" data-custom-id=\"wqclhlkzwifnznatfjeddtvgyjerejyskxgc\">\n<div>\n<p class=\"brz-css-lvfzq\" data-generated-css=\"brz-css-ywqet\" data-uniq-id=\"qngyo\"><strong>Gastronom\u00eda<\/strong><\/p>\n<\/div>\n<\/div>\n<\/div>\n<\/div>\n<\/div>\n<\/div>\n<\/div>\n<\/div>\n<\/div>\n<\/section>\n<section data-uid=\"vkkdmiywdorcuowqdwgtdcgpjevosqiqxbqd\" id=\"vkkdmiywdorcuowqdwgtdcgpjevosqiqxbqd\" class=\"brz-section brz-css-xletn\">\n<div class=\"brz-section__content brz-section--boxed brz-css-fuxvk brz-css-ougqr\" data-custom-id=\"tmgrfkcjjliasesblgtfjhoqvkheinubntyp\">\n<div class=\"brz-container brz-css-jmnqj brz-css-enrkv\">\n<div class=\"brz-row__container brz-css-ocjhp brz-css-cncta\" data-custom-id=\"gzlgajiyfttcybycbsyxjlfsqcygrvwauoch\">\n<div class=\"brz-bg overflow-hidden absolute top-0 left-0 w-full h-full\"><\/div>\n<div class=\"brz-row brz-css-wkgkl brz-css-fyiji\">\n<div class=\"brz-columns brz-css-ewrys brz-css-gbfoc\" data-custom-id=\"trodzlkflatsxujkfexaatitoryhckyjdufn\">\n<div class=\"brz-bg overflow-hidden absolute top-0 left-0 w-full h-full\"><\/div>\n<div class=\"brz-column__items brz-css-xbvlo brz-css-jiagy\">\n<div class=\"brz-css-eiedb brz-css-hkjzf brz-wrapper\">\n<div class=\"brz-rich-text brz-rich-text__custom brz-css-ngkyu\" data-custom-id=\"qpytycenfhsetjjiyzdhwpbgrtoibnllzdkj\">\n<div>\n<h2 class=\"brz-css-oysuz\" data-uniq-id=\"rlnds\" data-generated-css=\"brz-css-qqzkb\">Guanajuato posee una gran variedad de platillos t\u00edpicos, muchos de ellos son elaborados por las familias para el consumo personal o para el comercio. Algunos ejemplos son los dulces, cocadas, conservas (mermeladas, jaleas), pan dulce, frutas cubiertas, entre otros. La comercializaci\u00f3n de diferentes productos culinarios hizo a la cocina mexicana algo inigualable. Por ello, Guanajuato nos presenta una variedad de platillos con sabor excepcional, poniendo un toque \u00fanico a sus platillos que vale la pena probar.<\/h2>\n<\/div>\n<\/div>\n<\/div>\n<\/div>\n<\/div>\n<\/div>\n<\/div>\n<div class=\"brz-css-eiedb brz-wrapper\">\n<div class=\"brz-line brz-line-default brz-css-hdlge brz-css-pjpkz\" data-custom-id=\"vxlmzpzhiqesinjtklbyrtycwsmvrwyprrvy\">\n<hr class=\"brz-hr\" \/><\/div>\n<\/div>\n<div class=\"brz-row__container brz-css-ocjhp\" data-custom-id=\"pxduhuvlsmlbvyoiuvgnepxymvbvboqoxboq\">\n<div class=\"brz-bg overflow-hidden absolute top-0 left-0 w-full h-full\"><\/div>\n<div class=\"brz-row brz-css-wkgkl brz-css-fyiji\">\n<div class=\"brz-columns brz-css-ewrys brz-css-fctbz\" data-custom-id=\"szdimjmmscpnmhbbxtqfdqxfipodflnavhyc\">\n<div class=\"brz-bg overflow-hidden absolute top-0 left-0 w-full h-full\"><\/div>\n<div class=\"brz-column__items brz-css-xbvlo brz-css-qrmah\">\n<div class=\"brz-css-eiedb brz-css-fkzjc brz-wrapper\">\n<div class=\"brz-rich-text brz-rich-text__custom brz-css-ngkyu\" data-custom-id=\"rtkwkjabdnetgaqucjovdxtorfytgdagitot\">\n<div>\n<p class=\"brz-css-dmjlp\" data-generated-css=\"brz-css-qssfd\" data-uniq-id=\"jslcy\"><strong>Caf\u00e9 y Churrer\u00eda San Agust\u00edn<\/strong><\/p>\n<p class=\"brz-css-bytlf\" data-generated-css=\"brz-css-gobiw\" data-uniq-id=\"endol\">Lugar ideal para disfrutar de un chocolate caliente o de un caf\u00e9 acompa\u00f1ado de los tradicionales churros rellenos. Si se prefiere, pueden pedirse \u00fanicamente los churros para llevar. Tambi\u00e9n, ofrecen desayunos completos. El lugar es propiedad de la actriz Margarita Gralia.<\/p>\n<p class=\"brz-css-wlyog\" data-generated-css=\"brz-css-wcyzb\" data-uniq-id=\"wlyhh\"><strong>Direcci\u00f3n: <\/strong>San Francisco 21, Zona Centro, 37700 San Miguel de Allende, Gto.<\/p>\n<p class=\"brz-css-vvlbu\" data-generated-css=\"brz-css-jucfz\" data-uniq-id=\"hyirw\"><strong>Horario:<\/strong> Lunes a domingo de 8:00 a 21:00 hrs. y s\u00e1bados y domingos de 9:00 a 21:00 hrs.<\/p>\n<p class=\"brz-css-ktuoo\" data-generated-css=\"brz-css-ljxzx\" data-uniq-id=\"ixazn\"><strong>Tel\u00e9fono: <\/strong>(+52) 415 152 5795<\/p>\n<p class=\"brz-css-yhxwy\" data-generated-css=\"brz-css-bzaqr\" data-uniq-id=\"waxle\"><strong>Sitio web:<\/strong> https:\/\/www.facebook.com\/churros.sanagustin\/<\/p>\n<p class=\"brz-css-pxvef\" data-generated-css=\"brz-css-upzrv\" data-uniq-id=\"acrlj\">\u00a0<\/p>\n<p class=\"brz-css-tzqeh\" data-generated-css=\"brz-css-ggvyd\" data-uniq-id=\"nuygc\"><strong>Grill Nightclub<\/strong><\/p>\n<p class=\"brz-css-xyvdv\" data-generated-css=\"brz-css-sogir\" data-uniq-id=\"aefwh\">Para quienes gustan de la diversi\u00f3n nocturna, este es el lugar ideal, pues se puede disfrutar de m\u00fasica en vivo para bailar y una buena bebida. Por contingencia, se requiere reservaci\u00f3n.<\/p>\n<p class=\"brz-css-hspfo\" data-generated-css=\"brz-css-wzkbg\" data-uniq-id=\"bagod\"><strong>Direcci\u00f3n: <\/strong>Calle de Alonso 4, Zona Centro, 36000 Guanajuato, Gto.<\/p>\n<p class=\"brz-css-mbjvz\" data-generated-css=\"brz-css-ktbma\" data-uniq-id=\"rjcvj\"><strong>Horario:<\/strong> Martes a s\u00e1bado de 22:30 a 5:00 hrs. <\/p>\n<p class=\"brz-css-dhlro\" data-generated-css=\"brz-css-hazkj\" data-uniq-id=\"xlzih\"><strong>Tel\u00e9fono: <\/strong>(+52) 473 597 8771<\/p>\n<p class=\"brz-css-gccem\" data-generated-css=\"brz-css-xzmue\" data-uniq-id=\"allvr\"><strong>Sitio web: <\/strong>https:\/\/www.grill.com.mx\/ <\/p>\n<p class=\"brz-css-rrcds\" data-generated-css=\"brz-css-bbxdc\" data-uniq-id=\"gantu\">\u00a0<\/p>\n<p class=\"brz-css-zgxir\" data-generated-css=\"brz-css-nnack\" data-uniq-id=\"sdzwz\"><strong>La Do\u00f1a de San Miguel<\/strong><\/p>\n<p class=\"brz-css-nlhhq\" data-generated-css=\"brz-css-nijev\" data-uniq-id=\"ebehj\">Restaurante ubicado en una terraza, ofreciendo una vista panor\u00e1mica de San Miguel de Allende. Sus especialidades son los taquitos de flor de jamaica y la coliflor asada.<\/p>\n<p class=\"brz-css-phxom\" data-generated-css=\"brz-css-bduqt\" data-uniq-id=\"httqx\"><strong>Direcci\u00f3n: <\/strong>San Francisco 32, Zona Centro, 37700 San Miguel de Allende, Gto.<\/p>\n<p class=\"brz-css-ggwsf\" data-generated-css=\"brz-css-gxmzm\" data-uniq-id=\"tpglg\"><strong>Horario:<\/strong> Lunes a domingo de 13:00 a 22:00 hrs. <\/p>\n<p class=\"brz-css-vbbfo\" data-generated-css=\"brz-css-ehqfl\" data-uniq-id=\"zfceg\"><strong>Tel\u00e9fono:<\/strong> (+52) 415 688 3131<\/p>\n<p class=\"brz-css-wxklm\" data-generated-css=\"brz-css-yfptf\" data-uniq-id=\"tuvzw\"><strong>Sitio web: <\/strong>https:\/\/www.facebook.com\/ladonasanmiguel\/<\/p>\n<p class=\"brz-css-wdqzz\" data-generated-css=\"brz-css-cghxu\" data-uniq-id=\"jbooh\">\u00a0<\/p>\n<p class=\"brz-css-jlout\" data-generated-css=\"brz-css-whpuq\" data-uniq-id=\"zjsvr\"><strong>La Tasca de la Paz<\/strong><\/p>\n<p class=\"brz-css-tykub\" data-generated-css=\"brz-css-phlif\" data-uniq-id=\"zpesa\">Ubicado frente a la Bas\u00edlica, este restaurante ofrece comida t\u00edpica del estado y platillos de la cocina espa\u00f1ola, siendo su especialidad la paella.<\/p>\n<p class=\"brz-css-qvqbd\" data-generated-css=\"brz-css-tskdi\" data-uniq-id=\"jyrae\"><strong>Direcci\u00f3n:<\/strong> Plaza de la Paz 28, Zona Centro, 36000 Guanajuato, Gto.<\/p>\n<p class=\"brz-css-wpxsd\" data-generated-css=\"brz-css-qingo\" data-uniq-id=\"urokm\"><strong>Horario: <\/strong>Lunes a domingo de 8:30 a 23:00 hrs.<strong> <\/strong><\/p>\n<p class=\"brz-css-whcjm\" data-generated-css=\"brz-css-hgsdt\" data-uniq-id=\"kzodk\"><strong>Tel\u00e9fono: <\/strong>(+52)<strong> <\/strong>473 144 4610<\/p>\n<p class=\"brz-css-ebczg\" data-generated-css=\"brz-css-zsjlq\" data-uniq-id=\"ajiqn\"><strong>Sitio web: <\/strong>https:\/\/www.facebook.com\/latascadelapaz\/<\/p>\n<p class=\"brz-css-mwsor\" data-generated-css=\"brz-css-kmijk\" data-uniq-id=\"rvbvz\">\u00a0<\/p>\n<p class=\"brz-css-uootl\" data-generated-css=\"brz-css-zakes\" data-uniq-id=\"uygmn\"><strong>Restaurante Pueblo Viejo<\/strong><\/p>\n<p class=\"brz-css-zlzel\" data-generated-css=\"brz-css-eopmm\" data-uniq-id=\"mxqqz\">Con un estilo r\u00fastico, aqu\u00ed se pueden probar las t\u00edpicas enchiladas mineras de San Miguel de Allende, as\u00ed como su especialidad que es la arrachera.<\/p>\n<p class=\"brz-css-zeqjk\" data-generated-css=\"brz-css-uctxd\" data-uniq-id=\"oewnh\"><strong>Direcci\u00f3n:<\/strong> Umar\u00e1n 6, Zona Centro, 37700 San Miguel de Allende, Gto.<\/p>\n<p class=\"brz-css-kxffd\" data-generated-css=\"brz-css-ajecr\" data-uniq-id=\"qljfe\"><strong>Horario:<\/strong> Lunes a domingo de 9:00 a 0:00 hrs. <\/p>\n<p class=\"brz-css-uokzy\" data-generated-css=\"brz-css-cglfh\" data-uniq-id=\"ysklp\"><strong>Tel\u00e9fono:<\/strong> (+52) 415 152 4977<\/p>\n<\/div>\n<\/div>\n<\/div>\n<\/div>\n<\/div>\n<\/div>\n<\/div>\n<\/div>\n<\/div>\n<\/section>\n<section data-uid=\"rveuamtmysvwswawebijahrjxkuxjvxlxelg\" id=\"rveuamtmysvwswawebijahrjxkuxjvxlxelg\" class=\"brz-section brz-css-xletn brz-css-jydvw\">\n<div class=\"brz-section__content brz-section--boxed brz-css-fuxvk brz-css-joebm\" data-custom-id=\"jevxzucvdlfbjclqnoxdfdxufrptolgfwndq\">\n<div class=\"brz-bg overflow-hidden absolute top-0 left-0 w-full h-full\">\n<div class=\"brz-bg-map absolute top-0 left-0 w-full h-full\"><\/div>\n<\/div>\n<div class=\"brz-container brz-css-jmnqj\">\n<div class=\"brz-css-eiedb brz-wrapper\">\n<div class=\"brz-wp-shortcode brz-css-twwkg\" data-custom-id=\"vaumvpxxskcrrqrhzkoxiwldmvtwaubzppkh\">\n<div><div class=\"twer-map-wrapper treweler-map-fw\" ><div class=\"twer-iframe-embed\" style=\"height:500px;\"><iframe loading=\"lazy\" class=\"twer-iframe\" src=\"https:\/\/tlatelolcounam.mx\/caminoreal\/treweler-map\/estado-de-mexico\/?tw=iframe&#038;twer-index=1&#038;twer-map-id=474&#038;twer-height=500px&#038;twer-type=fullwidth&#038;twer-scrollzoom=yes&#038;twer-width\"  frameborder=\"0\" title=\"Treweler Map\"><\/iframe><\/div><\/div><\/div>\n<\/div>\n<\/div>\n<\/div>\n<\/div>\n<\/section>\n<section data-uid=\"qkfzfeoawtxqqyvitadwfdeismrzfhwurmii\" id=\"qkfzfeoawtxqqyvitadwfdeismrzfhwurmii\" class=\"brz-section brz-css-xletn\">\n<div class=\"brz-section__content brz-section--boxed brz-css-fuxvk brz-css-rwxyz\" data-custom-id=\"furozkipdsfzporznemncmrldghyqktjhmgb\">\n<div class=\"brz-bg overflow-hidden absolute top-0 left-0 w-full h-full\">\n<div class=\"brz-bg-image absolute top-0 left-0 w-full h-full bg-no-repeat bg-cover\"><\/div>\n<div class=\"brz-bg-color absolute top-0 left-0 w-full h-full\"><\/div>\n<\/div>\n<div class=\"brz-container brz-css-jmnqj\">\n<div class=\"brz-row__container brz-css-ocjhp\" data-custom-id=\"achsreujasksizjbtnmshsdugxsmfrbryrvr\">\n<div class=\"brz-bg overflow-hidden absolute top-0 left-0 w-full h-full\"><\/div>\n<div class=\"brz-row brz-css-wkgkl brz-css-fyiji\">\n<div class=\"brz-columns brz-css-ewrys brz-css-viqpl\" data-custom-id=\"zokmicasrntzzshjxniwzjkuppixtkmaqdzz\">\n<div class=\"brz-bg overflow-hidden absolute top-0 left-0 w-full h-full\"><\/div>\n<div class=\"brz-column__items brz-css-xbvlo brz-css-mlgww\">\n<div class=\"brz-css-eiedb brz-css-ilpmx brz-wrapper\">\n<div class=\"brz-image brz-css-kmswq\"><img decoding=\"async\" class=\"brz-img\" src=\"https:\/\/tlatelolcounam.mx\/caminoreal\/wp-content\/uploads\/brizy\/imgs\/logo-1-293x101x0x1x293x100x1642108354.png\" alt=\"\" loading=\"lazy\" \/><\/div>\n<\/div>\n<div class=\"brz-css-eiedb brz-css-sofmd brz-wrapper\">\n<div class=\"brz-spacer brz-css-phiad brz-css-enpnu\"><\/div>\n<\/div>\n<div class=\"brz-css-eiedb brz-wrapper\">\n<div class=\"brz-rich-text brz-rich-text__custom brz-css-ngkyu\" data-custom-id=\"kywuxuscztrrhlidoxrxnbhrmlsoucwdrdvp\">\n<div>\n<p class=\"brz-css-jpgvn\" data-uniq-id=\"euomf\" data-generated-css=\"brz-css-qlfmh\"><span>Ricardo Flores Mag\u00f3n 1. <\/span><\/p>\n<p class=\"brz-css-ilwxb\" data-uniq-id=\"fkrdx\" data-generated-css=\"brz-css-lepkg\"><span>Col. Nonoalco-Tlatelolco C.P. 06995. <\/span><\/p>\n<p class=\"brz-css-esyvw\" data-uniq-id=\"gutxj\" data-generated-css=\"brz-css-zxvpu\"><span>ccutlatelolco@gmail.com<\/span><\/p>\n<p class=\"brz-css-dnptt\" data-generated-css=\"brz-css-fwbyw\" data-uniq-id=\"yzdzu\"><span>5117 2818 ext. 49613<\/span><\/p>\n<\/div>\n<\/div>\n<\/div>\n<\/div>\n<\/div>\n<div class=\"brz-columns brz-css-ewrys brz-css-pdhgm\" data-custom-id=\"ueceosewmvdlocaoiccxqzaqsdrbhugdlqwp\">\n<div class=\"brz-bg overflow-hidden absolute top-0 left-0 w-full h-full\"><\/div>\n<div class=\"brz-column__items brz-css-xbvlo\">\n<div class=\"brz-css-eiedb brz-wrapper\">\n<div class=\"brz-rich-text brz-rich-text__custom brz-css-ngkyu\" data-custom-id=\"yieydbdefqqzosmqedrukrhhuflrrnwhnfme\">\n<div>\n<p class=\"brz-css-xjwqa\" data-uniq-id=\"pdybz\" data-generated-css=\"brz-css-custc\"><span>M\u00e1s sobre el CCUT<\/span><\/p>\n<\/div>\n<\/div>\n<\/div>\n<div class=\"brz-css-eiedb brz-css-sofmd brz-wrapper\">\n<div class=\"brz-spacer brz-css-phiad brz-css-mmdph\"><\/div>\n<\/div>\n<div class=\"brz-css-eiedb brz-wrapper\">\n<div class=\"brz-rich-text brz-rich-text__custom brz-css-ngkyu\" data-custom-id=\"ynfeweewrtxixsrhnduzblhwsykqywcbwrbd\">\n<div>\n<p class=\"brz-css-sopvq\" data-uniq-id=\"frwjr\" data-generated-css=\"brz-css-laqsj\"><span>Seminario <\/span><\/p>\n<p class=\"brz-css-golzp\" data-uniq-id=\"vnkoo\" data-generated-css=\"brz-css-dmrvc\"><span>Memorias<\/span><\/p>\n<p class=\"brz-css-ebmjg\" data-uniq-id=\"dcvrt\" data-generated-css=\"brz-css-bwatq\"><span>Resistencias<\/span><\/p>\n<p class=\"brz-css-tzujt\" data-generated-css=\"brz-css-vpotn\" data-uniq-id=\"xkgby\"><span>Comunidades<\/span><\/p>\n<\/div>\n<\/div>\n<\/div>\n<div class=\"brz-css-eiedb brz-wrapper\">\n<div class=\"brz-rich-text brz-rich-text__custom brz-css-ngkyu\" data-custom-id=\"imzwziqzkzgaummubqbkvghlpqnmykoyscdr\">\n<div>\n<p class=\"brz-css-stllc\" data-uniq-id=\"icvhm\" data-generated-css=\"brz-css-gzhjx\"><\/p>\n<\/div>\n<\/div>\n<\/div>\n<\/div>\n<\/div>\n<div class=\"brz-columns brz-css-ewrys brz-css-hcxcm\" data-custom-id=\"vweavhhwtywjlvwtobzunrtkfybgszsfwmoi\">\n<div class=\"brz-bg overflow-hidden absolute top-0 left-0 w-full h-full\"><\/div>\n<div class=\"brz-column__items brz-css-xbvlo\">\n<div class=\"brz-css-eiedb brz-wrapper\">\n<div class=\"brz-rich-text brz-rich-text__custom brz-css-ngkyu\" data-custom-id=\"yuqipqqugxqfpjpkfcexpwembqsekzhvzpjf\">\n<div>\n<p class=\"brz-css-imwbk\" data-uniq-id=\"wbckk\" data-generated-css=\"brz-css-akbyj\"><span class=\"brz-cp-color8\">S\u00edguenos<\/span><\/p>\n<\/div>\n<\/div>\n<\/div>\n<div class=\"brz-css-eiedb brz-css-sofmd brz-wrapper\">\n<div class=\"brz-spacer brz-css-phiad brz-css-bdvej\"><\/div>\n<\/div>\n<div class=\"brz-css-eiedb brz-css-yhuch brz-wrapper\">\n<div class=\"brz-icon-text brz-css-jwhov brz-css-ljxpi\" data-custom-id=\"hydbwhzcpvjqiiorwlilgqxqftkxpkwkywsj\">\n<div id class=\"brz-icon__container\" data-custom-id=\"uqxskthsztuwpwwoqfqmhvqdknuvatiyuwqk\"><span class=\"brz-icon brz-span brz-css-wolun brz-css-yapwx\"><\/span><\/div>\n<div class=\"brz-text-btn\">\n<div class=\"brz-rich-text brz-rich-text__custom brz-css-ngkyu\" data-custom-id=\"bgkyxrvclbbxxythvkxjtgqxdhzzsnwwrkmq\">\n<div>\n<p class=\"brz-css-uuxgj\"><span>Twitter<\/span><\/p>\n<\/div>\n<\/div>\n<\/div>\n<\/div>\n<\/div>\n<div class=\"brz-css-eiedb brz-css-akhyp brz-wrapper\">\n<div class=\"brz-icon-text brz-css-jwhov brz-css-uhnge\" data-custom-id=\"jabsrjtzzoxfchshzqqtimtttlnkjsnwskkq\">\n<div id class=\"brz-icon__container\" data-custom-id=\"cdxdzmlnscinzsmwffqlxwmqhplmzbhprxza\"><span class=\"brz-icon brz-span brz-css-wolun brz-css-jgllk\"><\/span><\/div>\n<div class=\"brz-text-btn\">\n<div class=\"brz-rich-text brz-rich-text__custom brz-css-ngkyu\" data-custom-id=\"txxspklpmzyaxsjzabzltuhbhneozicfdhup\">\n<div>\n<p class=\"brz-css-eusap\"><span>Facebook<\/span><\/p>\n<\/div>\n<\/div>\n<\/div>\n<\/div>\n<\/div>\n<div class=\"brz-css-eiedb brz-wrapper\">\n<div class=\"brz-icon-text brz-css-jwhov brz-css-uyojc\" data-custom-id=\"evbxwngmaedzgcjttyjbxbrqilvezuyjizmm\">\n<div id class=\"brz-icon__container\" data-custom-id=\"gburckwvhlgdxkgngoywxugovxipiwturtcd\"><span class=\"brz-icon brz-span brz-css-wolun brz-css-cjgnl\"><\/span><\/div>\n<div class=\"brz-text-btn\">\n<div class=\"brz-rich-text brz-rich-text__custom brz-css-ngkyu\" data-custom-id=\"cxbjqcvvcsyicwjnumpamepblkgqnskdfjka\">\n<div>\n<p class=\"brz-css-ocxmz\"><span>Youtube<\/span><\/p>\n<\/div>\n<\/div>\n<\/div>\n<\/div>\n<\/div>\n<\/div>\n<\/div>\n<\/div>\n<\/div>\n<div class=\"brz-css-eiedb brz-wrapper\">\n<div class=\"brz-image brz-css-rgkct\"><img decoding=\"async\" class=\"brz-img\" src=\"https:\/\/tlatelolcounam.mx\/caminoreal\/wp-content\/uploads\/brizy\/imgs\/escudo-firma-176x88x0x0x176x88x1642108760.png\" alt=\"\" loading=\"lazy\" \/><\/div>\n<\/div>\n<div class=\"brz-css-eiedb brz-css-tiacb brz-wrapper\">\n<div class=\"brz-line brz-line-default brz-css-hdlge brz-css-kvjlf\" data-custom-id=\"wguunchwyulhdtykgwtenhecrqcyxgzhcexc\">\n<hr class=\"brz-hr\" \/><\/div>\n<\/div>\n<div class=\"brz-css-eiedb brz-wrapper\">\n<div class=\"brz-rich-text brz-rich-text__custom brz-css-ngkyu\" data-custom-id=\"ltuintpcpfoaywaqxegggkzizlpptgxtiful\">\n<div>\n<p class=\"brz-css-uevrk\" data-uniq-id=\"yqtzc\" data-generated-css=\"brz-css-kwjoz\"><span>Esta p\u00e1gina y el contenido de la misma se encuentran protegidos por propiedad intelectual, confidencialidad entre las partes, as\u00ed como por normativa general y universitaria vigente de Transparencia, Acceso a la Informaci\u00f3n P\u00fablica y Protecci\u00f3n de Datos Personales. UNAM-CCUT.<\/span><\/p>\n<\/div>\n<\/div>\n<\/div>\n<\/div>\n<\/div>\n<\/section>\n<\/div>\n<p><!-- version:1673309598 --><\/p>\n","protected":false},"excerpt":{"rendered":"<p>Inicio Estados Historia GUANAJUATO Gastronom\u00eda Guanajuato posee una gran variedad de platillos t\u00edpicos, muchos de ellos son elaborados por las familias para el consumo personal o para el comercio. Algunos ejemplos son los dulces, cocadas, conservas (mermeladas, jaleas), pan dulce, frutas cubiertas, entre otros. La comercializaci\u00f3n de diferentes productos culinarios hizo a la cocina mexicana [&hellip;]<\/p>\n","protected":false},"author":11,"featured_media":0,"parent":1009,"menu_order":0,"comment_status":"closed","ping_status":"closed","template":"brizy-blank-template.php","meta":{"footnotes":""},"class_list":["post-1631","page","type-page","status-publish","hentry"],"_links":{"self":[{"href":"https:\/\/tlatelolcounam.mx\/caminoreal\/wp-json\/wp\/v2\/pages\/1631","targetHints":{"allow":["GET"]}}],"collection":[{"href":"https:\/\/tlatelolcounam.mx\/caminoreal\/wp-json\/wp\/v2\/pages"}],"about":[{"href":"https:\/\/tlatelolcounam.mx\/caminoreal\/wp-json\/wp\/v2\/types\/page"}],"author":[{"embeddable":true,"href":"https:\/\/tlatelolcounam.mx\/caminoreal\/wp-json\/wp\/v2\/users\/11"}],"replies":[{"embeddable":true,"href":"https:\/\/tlatelolcounam.mx\/caminoreal\/wp-json\/wp\/v2\/comments?post=1631"}],"version-history":[{"count":16,"href":"https:\/\/tlatelolcounam.mx\/caminoreal\/wp-json\/wp\/v2\/pages\/1631\/revisions"}],"predecessor-version":[{"id":40708,"href":"https:\/\/tlatelolcounam.mx\/caminoreal\/wp-json\/wp\/v2\/pages\/1631\/revisions\/40708"}],"up":[{"embeddable":true,"href":"https:\/\/tlatelolcounam.mx\/caminoreal\/wp-json\/wp\/v2\/pages\/1009"}],"wp:attachment":[{"href":"https:\/\/tlatelolcounam.mx\/caminoreal\/wp-json\/wp\/v2\/media?parent=1631"}],"curies":[{"name":"wp","href":"https:\/\/api.w.org\/{rel}","templated":true}]}}