{"id":1627,"date":"2022-04-30T04:22:23","date_gmt":"2022-04-30T04:22:23","guid":{"rendered":"https:\/\/tlatelolcounam.mx\/caminoreal\/?page_id=1627"},"modified":"2025-09-04T17:00:08","modified_gmt":"2025-09-04T17:00:08","slug":"guanajuato-naturalezayaventura","status":"publish","type":"page","link":"https:\/\/tlatelolcounam.mx\/caminoreal\/guanajuato\/guanajuato-naturalezayaventura\/","title":{"rendered":"Guanajuato-Naturaleza y aventura"},"content":{"rendered":"<div class=\"brz-root__container brz-reset-all\">\n<section data-uid=\"dokjzmexqunazctbloammypxiyzspbnjdvyj\" id=\"dokjzmexqunazctbloammypxiyzspbnjdvyj\" class=\"brz-section brz-css-pzpmx\">\n<div class=\"brz-section__content brz-section--fullWidth brz-css-fnkpr brz-css-oqacu\" data-custom-id=\"ofodesxequsppebghdddegirgebmibqoghuq\">\n<div class=\"brz-container brz-css-mhsqb brz-css-oijpm\">\n<div class=\"brz-row__container brz-css-lrosh\" data-custom-id=\"aobapulgkfdgqisnjcvheejhsimyxsjexuqp\">\n<div class=\"brz-bg overflow-hidden absolute top-0 left-0 w-full h-full\"><\/div>\n<div class=\"brz-row brz-css-wwxoq brz-css-uyzhf\">\n<div class=\"brz-columns brz-css-fxezf brz-css-lrhvj\" data-custom-id=\"pqfpeihutrbhgyyyxfgnkpmlkbnjslhqrcyf\">\n<div class=\"brz-bg overflow-hidden absolute top-0 left-0 w-full h-full\"><\/div>\n<div class=\"brz-column__items brz-css-xiykn\">\n<div class=\"brz-css-wdbag brz-css-zebvv brz-wrapper\">\n<div class=\"brz-image brz-css-vsele brz-css-rzaeu\"><img decoding=\"async\" class=\"brz-img\" src=\"https:\/\/tlatelolcounam.mx\/caminoreal\/wp-content\/uploads\/2022\/01\/logo.png\" alt=\"\" loading=\"lazy\" \/><\/div>\n<\/div>\n<\/div>\n<\/div>\n<div class=\"brz-columns brz-css-fxezf brz-css-fhmss\" data-custom-id=\"yqqhddwyznadbuvlfcjbmbzpjxodnhbpjqei\">\n<div class=\"brz-bg overflow-hidden absolute top-0 left-0 w-full h-full\"><\/div>\n<div class=\"brz-column__items brz-css-xiykn\">\n<div class=\"brz-css-wdbag brz-wrapper\">\n<div class=\"brz-menu__container brz-css-npmns\" data-mmenu-id=\"#yqsdyfshkaukmmtpflmsrofhzqeubggtodfi\" data-mmenu-position=\"position-left\" data-mmenu-title=\"Menu\" data-mmenu-stickytitle=\"on\" data-custom-id=\"xbqtfmrcedukngnyygmfwgkwektymnnnuzxj\">\n<nav class=\"brz-menu brz-menu__preview brz-css-kzpvp brz-css-nanxc\">\n<ul class=\"brz-menu__ul\" data-menu-items-active=\"\">\n<li class=\"brz-menu__item\" data-menu-item-id=\"a45e250d979c9b3c26fe6917797cc038\"><a class=\"brz-a menu-item menu-item-type-post_type menu-item-object-page menu-item-home\" href=\"https:\/\/tlatelolcounam.mx\/caminoreal\/\" data-brz-link-type=\"external\" id><span class=\"brz-span\">Inicio<\/span><\/a><\/li>\n<li class=\"brz-menu__item brz-menu__item-dropdown\" data-menu-item-id=\"ba4a85012b5365c17cdf357587076276\"><a class=\"brz-a brz-anchor menu-item menu-item-type-custom menu-item-object-custom\" href=\"#\" data-brz-link-type=\"anchor\" id><span class=\"brz-span\">Estados<\/span><\/a><\/li>\n<li class=\"brz-menu__item\" data-menu-item-id=\"d3c0c655631b120767a40bd0aed90e47\"><a class=\"brz-a menu-item menu-item-type-post_type menu-item-object-page\" href=\"https:\/\/tlatelolcounam.mx\/caminoreal\/historia\/\" data-brz-link-type=\"external\" id><span class=\"brz-span\">Historia<\/span><\/a><\/li>\n<\/ul>\n<\/nav>\n<div class=\"brz-mm-menu__icon\">\n<\/div>\n<\/div>\n<\/div>\n<\/div>\n<\/div>\n<\/div>\n<\/div>\n<div class=\"brz-row__container brz-css-lrosh\" data-custom-id=\"utyrubatiicuodtfdrsdwpqylqelgarpuuon\">\n<div class=\"brz-bg overflow-hidden absolute top-0 left-0 w-full h-full\"><\/div>\n<div class=\"brz-row brz-css-wwxoq brz-css-uyzhf\">\n<div class=\"brz-columns brz-css-fxezf brz-css-dmzbd\" data-custom-id=\"bwhvzqizgbjedpjcxsmqwrqrinyzgjbgspsj\">\n<div class=\"brz-bg overflow-hidden absolute top-0 left-0 w-full h-full\">\n<div class=\"brz-bg-image absolute top-0 left-0 w-full h-full bg-no-repeat bg-cover\"><\/div>\n<div class=\"brz-bg-color absolute top-0 left-0 w-full h-full\"><\/div>\n<\/div>\n<div class=\"brz-column__items brz-css-xiykn brz-css-eszto\">\n<div class=\"brz-css-wdbag brz-wrapper\">\n<div class=\"brz-rich-text brz-rich-text__custom brz-css-lcegb\" data-custom-id=\"lokqoxwverwhhfpangvgbahsqlejqcxielie\">\n<div>\n<p class=\"brz-css-rxawr\" data-uniq-id=\"crmad\" data-generated-css=\"brz-css-jzixh\"><strong>GUANAJUATO<\/strong><\/p>\n<\/div>\n<\/div>\n<\/div>\n<div class=\"brz-css-wdbag brz-wrapper\">\n<div class=\"brz-rich-text brz-rich-text__custom brz-css-lcegb\" data-custom-id=\"bcertpnjfjanrlfuljsvektpvbasftanqttr\">\n<div>\n<p class=\"brz-css-chnbm\" data-generated-css=\"brz-css-qixbu\" data-uniq-id=\"dyffe\"><\/p>\n<\/div>\n<\/div>\n<\/div>\n<div class=\"brz-css-wdbag brz-wrapper\">\n<div class=\"brz-rich-text brz-rich-text__custom brz-css-lcegb\" data-custom-id=\"lwhlyrqwqmrmhbmexqxonererrmxzbzbmzsg\">\n<div>\n<p class=\"brz-css-evuep\" data-generated-css=\"brz-css-nqkze\" data-uniq-id=\"yrykt\"><\/p>\n<\/div>\n<\/div>\n<\/div>\n<div class=\"brz-css-wdbag brz-wrapper\">\n<div class=\"brz-rich-text brz-rich-text__custom brz-css-lcegb\" data-custom-id=\"xtlwshevurkixbeywutvwozigocyadkviazs\">\n<div>\n<p class=\"brz-css-bycxq\" data-generated-css=\"brz-css-kwrdf\" data-uniq-id=\"qxfbl\"><strong>Naturaleza y aventura<\/strong><\/p>\n<\/div>\n<\/div>\n<\/div>\n<\/div>\n<\/div>\n<\/div>\n<\/div>\n<\/div>\n<\/div>\n<\/section>\n<section data-uid=\"vkkdmiywdorcuowqdwgtdcgpjevosqiqxbqd\" id=\"vkkdmiywdorcuowqdwgtdcgpjevosqiqxbqd\" class=\"brz-section brz-css-pzpmx\">\n<div class=\"brz-section__content brz-section--boxed brz-css-fnkpr brz-css-ytcri\" data-custom-id=\"tmgrfkcjjliasesblgtfjhoqvkheinubntyp\">\n<div class=\"brz-container brz-css-mhsqb brz-css-elwqd\">\n<div class=\"brz-row__container brz-css-lrosh brz-css-chvag\" data-custom-id=\"gzlgajiyfttcybycbsyxjlfsqcygrvwauoch\">\n<div class=\"brz-bg overflow-hidden absolute top-0 left-0 w-full h-full\"><\/div>\n<div class=\"brz-row brz-css-wwxoq brz-css-uyzhf\">\n<div class=\"brz-columns brz-css-fxezf brz-css-ghwok\" data-custom-id=\"trodzlkflatsxujkfexaatitoryhckyjdufn\">\n<div class=\"brz-bg overflow-hidden absolute top-0 left-0 w-full h-full\"><\/div>\n<div class=\"brz-column__items brz-css-xiykn brz-css-idfrs\">\n<div class=\"brz-css-wdbag brz-css-eprug brz-wrapper\">\n<div class=\"brz-rich-text brz-rich-text__custom brz-css-lcegb\" data-custom-id=\"qpytycenfhsetjjiyzdhwpbgrtoibnllzdkj\">\n<div>\n<h2 class=\"brz-css-qjznx\" data-generated-css=\"brz-css-yfdas\" data-uniq-id=\"gemcj\">Guanajuato es un estado minero que tiene un auge minero desde 1546, ya que ten\u00eda que comunicarse con Zacatecas a trav\u00e9s de un \u201ccamino de herradura\u201d que pasaba cerca de lo que hoy es la ciudad de Guanajuato. Por tanto, es f\u00e1cil encontrar grandes atracciones que son importantes para conocer su pasado y presente minero.<\/h2>\n<\/div>\n<\/div>\n<\/div>\n<\/div>\n<\/div>\n<\/div>\n<\/div>\n<div class=\"brz-css-wdbag brz-wrapper\">\n<div class=\"brz-line brz-line-default brz-css-xzrqk brz-css-ebzrd\" data-custom-id=\"vxlmzpzhiqesinjtklbyrtycwsmvrwyprrvy\">\n<hr class=\"brz-hr\" \/><\/div>\n<\/div>\n<div class=\"brz-row__container brz-css-lrosh\" data-custom-id=\"pxduhuvlsmlbvyoiuvgnepxymvbvboqoxboq\">\n<div class=\"brz-bg overflow-hidden absolute top-0 left-0 w-full h-full\"><\/div>\n<div class=\"brz-row brz-css-wwxoq brz-css-uyzhf\">\n<div class=\"brz-columns brz-css-fxezf brz-css-qrqhs\" data-custom-id=\"szdimjmmscpnmhbbxtqfdqxfipodflnavhyc\">\n<div class=\"brz-bg overflow-hidden absolute top-0 left-0 w-full h-full\"><\/div>\n<div class=\"brz-column__items brz-css-xiykn brz-css-juvaa\">\n<div class=\"brz-css-wdbag brz-css-ohlky brz-wrapper\">\n<div class=\"brz-rich-text brz-rich-text__custom brz-css-lcegb\" data-custom-id=\"rjqylaqfdwlchjqovvmfhcvgpxqyjpkaaxpb\">\n<div>\n<p class=\"brz-css-zqwrm\" data-generated-css=\"brz-css-helhx\" data-uniq-id=\"mxfpw\"><strong>Bocamina de San Ram\u00f3n<\/strong><\/p>\n<p class=\"brz-css-izyfd\" data-generated-css=\"brz-css-wkatx\" data-uniq-id=\"kipph\">Fue una de las m\u00e1s importantes durante el Virreinato en el siglo XV, s\u00f3lo lo m\u00e1s osados mineros pod\u00edan penetrar a las entra\u00f1as de esta mina para extraer las rocas de oro y plata. Aqu\u00ed se descubri\u00f3 la veta madre en el a\u00f1o de 1548.<\/p>\n<p class=\"brz-css-niutd\" data-generated-css=\"brz-css-emdek\" data-uniq-id=\"qgzoj\"><strong>Direcci\u00f3n:<\/strong> San Ram\u00f3n 10, Valenciana, 36240 Guanajuato, Gto.<\/p>\n<p class=\"brz-css-xawfb\" data-generated-css=\"brz-css-tsfmm\" data-uniq-id=\"omsuy\"><strong>Horario:<\/strong> Lunes a viernes de 10:00 a 19:00 hrs.<\/p>\n<p class=\"brz-css-cltmd\" data-generated-css=\"brz-css-tucwb\" data-uniq-id=\"ykazt\"><strong>Tel\u00e9fono:<\/strong> (+52) 473 732 3551<\/p>\n<p class=\"brz-css-xmrmf\" data-generated-css=\"brz-css-ujfpp\" data-uniq-id=\"awhvb\">\u00a0<\/p>\n<p class=\"brz-css-nvymz\" data-generated-css=\"brz-css-gpzad\" data-uniq-id=\"tfjiu\"><strong>El Nopal<\/strong><\/p>\n<p class=\"brz-css-mopjy\" data-generated-css=\"brz-css-mdqnm\" data-uniq-id=\"aziib\">Mina que data de 1868, a\u00f1o en que se form\u00f3 la Compa\u00f1\u00eda Negociaci\u00f3n Minera del Nopal y Anexas\u201d, cuyo objetivo fue explorar y explotar las vetas de plata de \u201cEl Nopal\u201d. Actualmente se utiliza para fines did\u00e1cticos y visitas guiadas para el turismo de la ciudad de Guanajuato, cuenta con gu\u00edas capacitados y seguro contra accidentes.<\/p>\n<p class=\"brz-css-owcmn\" data-generated-css=\"brz-css-jesec\" data-uniq-id=\"pmxov\"><strong>Direcci\u00f3n:<\/strong> Panor\u00e1mica San Javier S\/N km 19.5, San Javier, 36050 Guanajuato, Gto.<\/p>\n<p class=\"brz-css-lygji\" data-generated-css=\"brz-css-aydfb\" data-uniq-id=\"jcbyu\"><strong>Horario:<\/strong> Lunes a viernes de 10:00 a 18:00 hrs.<\/p>\n<p class=\"brz-css-knpdz\" data-generated-css=\"brz-css-siznm\" data-uniq-id=\"kzsjx\"><strong>Tel\u00e9fono:<\/strong> (+52) 473 732 1036<\/p>\n<p class=\"brz-css-vndcd\" data-generated-css=\"brz-css-junre\" data-uniq-id=\"xcfyh\">\u00a0<\/p>\n<p class=\"brz-css-xohvq\" data-generated-css=\"brz-css-moeyh\" data-uniq-id=\"mixpj\"><strong>Mina de Cata<\/strong><\/p>\n<p class=\"brz-css-xpvys\" data-generated-css=\"brz-css-uminw\" data-uniq-id=\"uduci\">La fachada de la Mina de Cata es de cantera rosa estilo barroco. Tiene un templo cuya construcci\u00f3n data del siglo XVII. Tuvo su bonanza en 1724 y fue explotada principalmente por don Francisco Mat\u00edas de Busto Marques de San Clemente, quien abri\u00f3 a sus puertas el templo del Se\u00f1or de Villagasca.<\/p>\n<p class=\"brz-css-pwfrc\" data-generated-css=\"brz-css-pmxru\" data-uniq-id=\"tbeff\"><strong>Direcci\u00f3n:<\/strong> Calle Carretera Panor\u00e1mica, Ref. Carretera Panor\u00e1mica, Calle Bustos, Carretera a Dolores Hidalgo, 36010, Gto.<\/p>\n<p class=\"brz-css-qlxra\" data-generated-css=\"brz-css-qldrd\" data-uniq-id=\"qqjuq\"><strong>Tel\u00e9fono:<\/strong> (+52) 473 732 7038<\/p>\n<p class=\"brz-css-dtxwy\" data-generated-css=\"brz-css-uhpmy\" data-uniq-id=\"hazbr\">\u00a0<\/p>\n<p class=\"brz-css-vvtlv\" data-generated-css=\"brz-css-imzbi\" data-uniq-id=\"pkwxl\"><strong>Mina de la Valenciana<\/strong><\/p>\n<p class=\"brz-css-wnyik\" data-generated-css=\"brz-css-ojjlm\" data-uniq-id=\"gbhvn\">Teniendo muy presente el pasado minero de la ciudad de Guanajuato, este museo ofrece al visitante la experiencia completa del recorrido por esta mina abandonada. Tambi\u00e9n se exhiben objetos que ayudan a entender no s\u00f3lo la forma de trabajo, sino el estilo de vida de los mineros de la \u00e9poca virreinal.<\/p>\n<p class=\"brz-css-evdhm\" data-generated-css=\"brz-css-gokro\" data-uniq-id=\"rmuov\"><strong>Direcci\u00f3n:<\/strong> Privada Cerro del Erizo, Valenciana, 36240 Guanajuato, Gto.<\/p>\n<p class=\"brz-css-hulff\" data-generated-css=\"brz-css-ftzos\" data-uniq-id=\"xycdb\"><strong>Horario:<\/strong> Viernes a s\u00e1bado de 10:00 a 18:00 hrs. y domingos de 10:00 a 17:00 hrs.<\/p>\n<p class=\"brz-css-wzcxx\" data-generated-css=\"brz-css-msrqg\" data-uniq-id=\"ptlkd\"><strong>Sitio web:<\/strong> https:\/\/valenciana1791.webnode.es\/<\/p>\n<p class=\"brz-css-pshxy\" data-generated-css=\"brz-css-kbsdn\" data-uniq-id=\"voscy\">\u00a0<\/p>\n<p class=\"brz-css-cmbum\" data-generated-css=\"brz-css-kwaxf\" data-uniq-id=\"chzsw\"><strong>Mina de San Juan de Rayas<\/strong><\/p>\n<p class=\"brz-css-bdgcy\" data-generated-css=\"brz-css-vttve\" data-uniq-id=\"pbpgb\">Fue descubierta en 1550 por el arriero Juan de Rayas, de ah\u00ed su nombre. Actualmente sigue funcionando y ofrece una vista de la ciudad de Guanajuato muy completa.<\/p>\n<p class=\"brz-css-refuq\" data-generated-css=\"brz-css-fluiq\" data-uniq-id=\"hmsvm\"><strong>Direcci\u00f3n:<\/strong> Carretera Panor\u00e1mica s\/n, esquina con De la Leona, Mellado, 36010 Guanajuato, Gto.<\/p>\n<p class=\"brz-css-drinz\" data-generated-css=\"brz-css-gskon\" data-uniq-id=\"whtpm\"><strong>Horario:<\/strong> Lunes a domingo de 8:00 a 20:00 hrs.<\/p>\n<p class=\"brz-css-tkhgf\" data-generated-css=\"brz-css-nwwfd\" data-uniq-id=\"ytnui\"><strong>Tel\u00e9fono:<\/strong> (+52) 473 732 1967<\/p>\n<\/div>\n<\/div>\n<\/div>\n<\/div>\n<\/div>\n<\/div>\n<\/div>\n<\/div>\n<\/div>\n<\/section>\n<section data-uid=\"rveuamtmysvwswawebijahrjxkuxjvxlxelg\" id=\"rveuamtmysvwswawebijahrjxkuxjvxlxelg\" class=\"brz-section brz-css-pzpmx brz-css-vceza\">\n<div class=\"brz-section__content brz-section--boxed brz-css-fnkpr brz-css-gidxq\" data-custom-id=\"jevxzucvdlfbjclqnoxdfdxufrptolgfwndq\">\n<div class=\"brz-bg overflow-hidden absolute top-0 left-0 w-full h-full\">\n<div class=\"brz-bg-map absolute top-0 left-0 w-full h-full\"><\/div>\n<\/div>\n<div class=\"brz-container brz-css-mhsqb\">\n<div class=\"brz-css-wdbag brz-wrapper\">\n<div class=\"brz-wp-shortcode brz-css-vvyxc\" data-custom-id=\"vaumvpxxskcrrqrhzkoxiwldmvtwaubzppkh\">\n<div><div class=\"twer-map-wrapper treweler-map-fw\" ><div class=\"twer-iframe-embed\" style=\"height:500px;\"><iframe loading=\"lazy\" class=\"twer-iframe\" src=\"https:\/\/tlatelolcounam.mx\/caminoreal\/treweler-map\/estado-de-mexico\/?tw=iframe&#038;twer-index=1&#038;twer-map-id=474&#038;twer-height=500px&#038;twer-type=fullwidth&#038;twer-scrollzoom=yes&#038;twer-width\"  frameborder=\"0\" title=\"Treweler Map\"><\/iframe><\/div><\/div><\/div>\n<\/div>\n<\/div>\n<\/div>\n<\/div>\n<\/section>\n<section data-uid=\"qkfzfeoawtxqqyvitadwfdeismrzfhwurmii\" id=\"qkfzfeoawtxqqyvitadwfdeismrzfhwurmii\" class=\"brz-section brz-css-pzpmx\">\n<div class=\"brz-section__content brz-section--boxed brz-css-fnkpr brz-css-daxwi\" data-custom-id=\"furozkipdsfzporznemncmrldghyqktjhmgb\">\n<div class=\"brz-bg overflow-hidden absolute top-0 left-0 w-full h-full\">\n<div class=\"brz-bg-image absolute top-0 left-0 w-full h-full bg-no-repeat bg-cover\"><\/div>\n<div class=\"brz-bg-color absolute top-0 left-0 w-full h-full\"><\/div>\n<\/div>\n<div class=\"brz-container brz-css-mhsqb\">\n<div class=\"brz-row__container brz-css-lrosh\" data-custom-id=\"achsreujasksizjbtnmshsdugxsmfrbryrvr\">\n<div class=\"brz-bg overflow-hidden absolute top-0 left-0 w-full h-full\"><\/div>\n<div class=\"brz-row brz-css-wwxoq brz-css-uyzhf\">\n<div class=\"brz-columns brz-css-fxezf brz-css-pdcas\" data-custom-id=\"zokmicasrntzzshjxniwzjkuppixtkmaqdzz\">\n<div class=\"brz-bg overflow-hidden absolute top-0 left-0 w-full h-full\"><\/div>\n<div class=\"brz-column__items brz-css-xiykn brz-css-faezg\">\n<div class=\"brz-css-wdbag brz-css-gkhbe brz-wrapper\">\n<div class=\"brz-image brz-css-qwasd\"><img decoding=\"async\" class=\"brz-img\" src=\"https:\/\/tlatelolcounam.mx\/caminoreal\/wp-content\/uploads\/brizy\/imgs\/logo-1-293x101x0x1x293x100x1642108354.png\" alt=\"\" loading=\"lazy\" \/><\/div>\n<\/div>\n<div class=\"brz-css-wdbag brz-css-rpdbz brz-wrapper\">\n<div class=\"brz-spacer brz-css-jaiwu brz-css-nvozf\"><\/div>\n<\/div>\n<div class=\"brz-css-wdbag brz-wrapper\">\n<div class=\"brz-rich-text brz-rich-text__custom brz-css-lcegb\" data-custom-id=\"kywuxuscztrrhlidoxrxnbhrmlsoucwdrdvp\">\n<div>\n<p class=\"brz-css-wwdxp\" data-uniq-id=\"euomf\" data-generated-css=\"brz-css-qlfmh\"><span>Ricardo Flores Mag\u00f3n 1. <\/span><\/p>\n<p class=\"brz-css-oyadr\" data-uniq-id=\"fkrdx\" data-generated-css=\"brz-css-lepkg\"><span>Col. Nonoalco-Tlatelolco C.P. 06995. <\/span><\/p>\n<p class=\"brz-css-mckhp\" data-uniq-id=\"gutxj\" data-generated-css=\"brz-css-zxvpu\"><span>ccutlatelolco@gmail.com<\/span><\/p>\n<p class=\"brz-css-tgomv\" data-generated-css=\"brz-css-fwbyw\" data-uniq-id=\"yzdzu\"><span>5117 2818 ext. 49613<\/span><\/p>\n<\/div>\n<\/div>\n<\/div>\n<\/div>\n<\/div>\n<div class=\"brz-columns brz-css-fxezf brz-css-cvyyp\" data-custom-id=\"ueceosewmvdlocaoiccxqzaqsdrbhugdlqwp\">\n<div class=\"brz-bg overflow-hidden absolute top-0 left-0 w-full h-full\"><\/div>\n<div class=\"brz-column__items brz-css-xiykn\">\n<div class=\"brz-css-wdbag brz-wrapper\">\n<div class=\"brz-rich-text brz-rich-text__custom brz-css-lcegb\" data-custom-id=\"yieydbdefqqzosmqedrukrhhuflrrnwhnfme\">\n<div>\n<p class=\"brz-css-hopwx\" data-uniq-id=\"pdybz\" data-generated-css=\"brz-css-custc\"><span>M\u00e1s sobre el CCUT<\/span><\/p>\n<\/div>\n<\/div>\n<\/div>\n<div class=\"brz-css-wdbag brz-css-rpdbz brz-wrapper\">\n<div class=\"brz-spacer brz-css-jaiwu brz-css-maekr\"><\/div>\n<\/div>\n<div class=\"brz-css-wdbag brz-wrapper\">\n<div class=\"brz-rich-text brz-rich-text__custom brz-css-lcegb\" data-custom-id=\"ynfeweewrtxixsrhnduzblhwsykqywcbwrbd\">\n<div>\n<p class=\"brz-css-ndcpb\" data-uniq-id=\"frwjr\" data-generated-css=\"brz-css-laqsj\"><span>Seminario <\/span><\/p>\n<p class=\"brz-css-silzt\" data-uniq-id=\"vnkoo\" data-generated-css=\"brz-css-dmrvc\"><span>Memorias<\/span><\/p>\n<p class=\"brz-css-kwmxc\" data-uniq-id=\"dcvrt\" data-generated-css=\"brz-css-bwatq\"><span>Resistencias<\/span><\/p>\n<p class=\"brz-css-vitzg\" data-generated-css=\"brz-css-vpotn\" data-uniq-id=\"xkgby\"><span>Comunidades<\/span><\/p>\n<\/div>\n<\/div>\n<\/div>\n<div class=\"brz-css-wdbag brz-wrapper\">\n<div class=\"brz-rich-text brz-rich-text__custom brz-css-lcegb\" data-custom-id=\"imzwziqzkzgaummubqbkvghlpqnmykoyscdr\">\n<div>\n<p class=\"brz-css-bhjqq\" data-uniq-id=\"icvhm\" data-generated-css=\"brz-css-gzhjx\"><\/p>\n<\/div>\n<\/div>\n<\/div>\n<\/div>\n<\/div>\n<div class=\"brz-columns brz-css-fxezf brz-css-xiahd\" data-custom-id=\"vweavhhwtywjlvwtobzunrtkfybgszsfwmoi\">\n<div class=\"brz-bg overflow-hidden absolute top-0 left-0 w-full h-full\"><\/div>\n<div class=\"brz-column__items brz-css-xiykn\">\n<div class=\"brz-css-wdbag brz-wrapper\">\n<div class=\"brz-rich-text brz-rich-text__custom brz-css-lcegb\" data-custom-id=\"yuqipqqugxqfpjpkfcexpwembqsekzhvzpjf\">\n<div>\n<p class=\"brz-css-iknlk\" data-uniq-id=\"wbckk\" data-generated-css=\"brz-css-akbyj\"><span class=\"brz-cp-color8\">S\u00edguenos<\/span><\/p>\n<\/div>\n<\/div>\n<\/div>\n<div class=\"brz-css-wdbag brz-css-rpdbz brz-wrapper\">\n<div class=\"brz-spacer brz-css-jaiwu brz-css-uioxz\"><\/div>\n<\/div>\n<div class=\"brz-css-wdbag brz-css-ugrqd brz-wrapper\">\n<div class=\"brz-icon-text brz-css-fqgyv brz-css-ggfav\" data-custom-id=\"hydbwhzcpvjqiiorwlilgqxqftkxpkwkywsj\">\n<div id class=\"brz-icon__container\" data-custom-id=\"uqxskthsztuwpwwoqfqmhvqdknuvatiyuwqk\"><span class=\"brz-icon brz-span brz-css-etorc brz-css-ayukk\"><\/span><\/div>\n<div class=\"brz-text-btn\">\n<div class=\"brz-rich-text brz-rich-text__custom brz-css-lcegb\" data-custom-id=\"bgkyxrvclbbxxythvkxjtgqxdhzzsnwwrkmq\">\n<div>\n<p class=\"brz-css-vwpta\"><span>Twitter<\/span><\/p>\n<\/div>\n<\/div>\n<\/div>\n<\/div>\n<\/div>\n<div class=\"brz-css-wdbag brz-css-picyl brz-wrapper\">\n<div class=\"brz-icon-text brz-css-fqgyv brz-css-ihkpx\" data-custom-id=\"jabsrjtzzoxfchshzqqtimtttlnkjsnwskkq\">\n<div id class=\"brz-icon__container\" data-custom-id=\"cdxdzmlnscinzsmwffqlxwmqhplmzbhprxza\"><span class=\"brz-icon brz-span brz-css-etorc brz-css-rybsg\"><\/span><\/div>\n<div class=\"brz-text-btn\">\n<div class=\"brz-rich-text brz-rich-text__custom brz-css-lcegb\" data-custom-id=\"txxspklpmzyaxsjzabzltuhbhneozicfdhup\">\n<div>\n<p class=\"brz-css-mlenv\"><span>Facebook<\/span><\/p>\n<\/div>\n<\/div>\n<\/div>\n<\/div>\n<\/div>\n<div class=\"brz-css-wdbag brz-wrapper\">\n<div class=\"brz-icon-text brz-css-fqgyv brz-css-czmwf\" data-custom-id=\"evbxwngmaedzgcjttyjbxbrqilvezuyjizmm\">\n<div id class=\"brz-icon__container\" data-custom-id=\"gburckwvhlgdxkgngoywxugovxipiwturtcd\"><span class=\"brz-icon brz-span brz-css-etorc brz-css-pxpsd\"><\/span><\/div>\n<div class=\"brz-text-btn\">\n<div class=\"brz-rich-text brz-rich-text__custom brz-css-lcegb\" data-custom-id=\"cxbjqcvvcsyicwjnumpamepblkgqnskdfjka\">\n<div>\n<p class=\"brz-css-byjtt\"><span>Youtube<\/span><\/p>\n<\/div>\n<\/div>\n<\/div>\n<\/div>\n<\/div>\n<\/div>\n<\/div>\n<\/div>\n<\/div>\n<div class=\"brz-css-wdbag brz-wrapper\">\n<div class=\"brz-image brz-css-csyvz\"><img decoding=\"async\" class=\"brz-img\" src=\"https:\/\/tlatelolcounam.mx\/caminoreal\/wp-content\/uploads\/brizy\/imgs\/escudo-firma-176x88x0x0x176x88x1642108760.png\" alt=\"\" loading=\"lazy\" \/><\/div>\n<\/div>\n<div class=\"brz-css-wdbag brz-css-bqrhs brz-wrapper\">\n<div class=\"brz-line brz-line-default brz-css-xzrqk brz-css-hmykm\" data-custom-id=\"wguunchwyulhdtykgwtenhecrqcyxgzhcexc\">\n<hr class=\"brz-hr\" \/><\/div>\n<\/div>\n<div class=\"brz-css-wdbag brz-wrapper\">\n<div class=\"brz-rich-text brz-rich-text__custom brz-css-lcegb\" data-custom-id=\"ltuintpcpfoaywaqxegggkzizlpptgxtiful\">\n<div>\n<p class=\"brz-css-kakms\" data-uniq-id=\"yqtzc\" data-generated-css=\"brz-css-kwjoz\"><span>Esta p\u00e1gina y el contenido de la misma se encuentran protegidos por propiedad intelectual, confidencialidad entre las partes, as\u00ed como por normativa general y universitaria vigente de Transparencia, Acceso a la Informaci\u00f3n P\u00fablica y Protecci\u00f3n de Datos Personales. UNAM-CCUT.<\/span><\/p>\n<\/div>\n<\/div>\n<\/div>\n<\/div>\n<\/div>\n<\/section>\n<\/div>\n<p><!-- version:1673309522 --><\/p>\n","protected":false},"excerpt":{"rendered":"<p>Inicio Estados Historia GUANAJUATO Naturaleza y aventura Guanajuato es un estado minero que tiene un auge minero desde 1546, ya que ten\u00eda que comunicarse con Zacatecas a trav\u00e9s de un \u201ccamino de herradura\u201d que pasaba cerca de lo que hoy es la ciudad de Guanajuato. Por tanto, es f\u00e1cil encontrar grandes atracciones que son importantes [&hellip;]<\/p>\n","protected":false},"author":11,"featured_media":0,"parent":1009,"menu_order":0,"comment_status":"closed","ping_status":"closed","template":"brizy-blank-template.php","meta":{"footnotes":""},"class_list":["post-1627","page","type-page","status-publish","hentry"],"_links":{"self":[{"href":"https:\/\/tlatelolcounam.mx\/caminoreal\/wp-json\/wp\/v2\/pages\/1627","targetHints":{"allow":["GET"]}}],"collection":[{"href":"https:\/\/tlatelolcounam.mx\/caminoreal\/wp-json\/wp\/v2\/pages"}],"about":[{"href":"https:\/\/tlatelolcounam.mx\/caminoreal\/wp-json\/wp\/v2\/types\/page"}],"author":[{"embeddable":true,"href":"https:\/\/tlatelolcounam.mx\/caminoreal\/wp-json\/wp\/v2\/users\/11"}],"replies":[{"embeddable":true,"href":"https:\/\/tlatelolcounam.mx\/caminoreal\/wp-json\/wp\/v2\/comments?post=1627"}],"version-history":[{"count":30,"href":"https:\/\/tlatelolcounam.mx\/caminoreal\/wp-json\/wp\/v2\/pages\/1627\/revisions"}],"predecessor-version":[{"id":40675,"href":"https:\/\/tlatelolcounam.mx\/caminoreal\/wp-json\/wp\/v2\/pages\/1627\/revisions\/40675"}],"up":[{"embeddable":true,"href":"https:\/\/tlatelolcounam.mx\/caminoreal\/wp-json\/wp\/v2\/pages\/1009"}],"wp:attachment":[{"href":"https:\/\/tlatelolcounam.mx\/caminoreal\/wp-json\/wp\/v2\/media?parent=1627"}],"curies":[{"name":"wp","href":"https:\/\/api.w.org\/{rel}","templated":true}]}}