{"id":1625,"date":"2022-04-30T04:21:18","date_gmt":"2022-04-30T04:21:18","guid":{"rendered":"https:\/\/tlatelolcounam.mx\/caminoreal\/?page_id=1625"},"modified":"2025-08-13T02:32:53","modified_gmt":"2025-08-13T02:32:53","slug":"guanajuato-arq","status":"publish","type":"page","link":"https:\/\/tlatelolcounam.mx\/caminoreal\/guanajuato\/guanajuato-arq\/","title":{"rendered":"Guanajuato-Arquitectura"},"content":{"rendered":"<div class=\"brz-root__container brz-reset-all\">\n<section data-uid=\"cdkeghlziiohoukivthemcomadlvolvjzyzx\" id=\"cdkeghlziiohoukivthemcomadlvolvjzyzx\" class=\"brz-section brz-css-prtnb\">\n<div class=\"brz-section__content brz-section--boxed brz-css-twmbd brz-css-ddzao\" data-custom-id=\"kxtylskpqchveijjrewfnyruqtatzgwljyzm\">\n<div class=\"brz-container brz-css-akxos\">\n<div class=\"brz-row__container brz-css-dzhlu\" data-custom-id=\"tnecfxcdykoambyuufnshbafyloyrkvzbfkf\">\n<div class=\"brz-bg overflow-hidden absolute top-0 left-0 w-full h-full\"><\/div>\n<div class=\"brz-row brz-css-fpwtp brz-css-dlzyc\">\n<div class=\"brz-columns brz-css-bahcd brz-css-kuugo\" data-custom-id=\"epxscrxbxahcngbhbcghkwdykelzrjhfzqft\">\n<div class=\"brz-bg overflow-hidden absolute top-0 left-0 w-full h-full\"><\/div>\n<div class=\"brz-column__items brz-css-enjrt brz-css-citok\">\n<div class=\"brz-css-xaupi brz-css-tshkn brz-wrapper\">\n<div class=\"brz-image brz-css-tbupj brz-css-vrcej\"><img decoding=\"async\" class=\"brz-img\" src=\"https:\/\/tlatelolcounam.mx\/caminoreal\/wp-content\/uploads\/2022\/01\/logo.png\" alt=\"\" loading=\"lazy\" \/><\/div>\n<\/div>\n<\/div>\n<\/div>\n<div class=\"brz-columns brz-css-bahcd brz-css-jxhsg\" data-custom-id=\"pzxzuttxxgqksrrdgcwhaktqjdmukvkhahfe\">\n<div class=\"brz-bg overflow-hidden absolute top-0 left-0 w-full h-full\"><\/div>\n<div class=\"brz-column__items brz-css-enjrt brz-css-xaxbn\">\n<div class=\"brz-css-xaupi brz-wrapper\">\n<div class=\"brz-menu__container brz-css-eldoe\" data-mmenu-id=\"#thrqcpkcsscrijvsuvtazqonqwjyxrottkmt\" data-mmenu-position=\"position-left\" data-mmenu-title=\"Menu\" data-mmenu-stickytitle=\"on\" data-custom-id=\"xbqtfmrcedukngnyygmfwgkwektymnnnuzxj\">\n<nav class=\"brz-menu brz-menu__preview brz-css-qectb\">\n<ul class=\"brz-menu__ul\" data-menu-items-active=\"\">\n<li class=\"brz-menu__item\" data-menu-item-id=\"a45e250d979c9b3c26fe6917797cc038\"><a class=\"brz-a menu-item menu-item-type-post_type menu-item-object-page menu-item-home\" href=\"https:\/\/tlatelolcounam.mx\/caminoreal\/\" data-brz-link-type=\"external\" id><span class=\"brz-span\">Inicio<\/span><\/a><\/li>\n<li class=\"brz-menu__item brz-menu__item-dropdown\" data-menu-item-id=\"ba4a85012b5365c17cdf357587076276\"><a class=\"brz-a brz-anchor menu-item menu-item-type-custom menu-item-object-custom\" href=\"#\" data-brz-link-type=\"anchor\" id><span class=\"brz-span\">Estados<\/span><\/a><\/li>\n<li class=\"brz-menu__item\" data-menu-item-id=\"d3c0c655631b120767a40bd0aed90e47\"><a class=\"brz-a menu-item menu-item-type-post_type menu-item-object-page\" href=\"https:\/\/tlatelolcounam.mx\/caminoreal\/historia\/\" data-brz-link-type=\"external\" id><span class=\"brz-span\">Historia<\/span><\/a><\/li>\n<\/ul>\n<\/nav>\n<div class=\"brz-mm-menu__icon\">\n<\/div>\n<\/div>\n<\/div>\n<\/div>\n<\/div>\n<\/div>\n<\/div>\n<\/div>\n<\/div>\n<\/section>\n<section data-uid=\"dokjzmexqunazctbloammypxiyzspbnjdvyj\" id=\"dokjzmexqunazctbloammypxiyzspbnjdvyj\" class=\"brz-section brz-css-prtnb\">\n<div class=\"brz-section__content brz-section--fullWidth brz-css-twmbd brz-css-yatci\" data-custom-id=\"ofodesxequsppebghdddegirgebmibqoghuq\">\n<div class=\"brz-container brz-css-akxos brz-css-zoesg\">\n<div class=\"brz-row__container brz-css-dzhlu\" data-custom-id=\"utyrubatiicuodtfdrsdwpqylqelgarpuuon\">\n<div class=\"brz-bg overflow-hidden absolute top-0 left-0 w-full h-full\"><\/div>\n<div class=\"brz-row brz-css-fpwtp brz-css-dlzyc\">\n<div class=\"brz-columns brz-css-bahcd brz-css-efzkx\" data-custom-id=\"bwhvzqizgbjedpjcxsmqwrqrinyzgjbgspsj\">\n<div class=\"brz-bg overflow-hidden absolute top-0 left-0 w-full h-full\">\n<div class=\"brz-bg-image absolute top-0 left-0 w-full h-full bg-no-repeat bg-cover\"><\/div>\n<div class=\"brz-bg-color absolute top-0 left-0 w-full h-full\"><\/div>\n<\/div>\n<div class=\"brz-column__items brz-css-enjrt brz-css-zubbl\">\n<div class=\"brz-css-xaupi brz-wrapper\">\n<div class=\"brz-rich-text brz-rich-text__custom brz-css-soezg\" data-custom-id=\"nyamyzutryngybhofoutenokmgqtkxqmanmr\">\n<div>\n<p class=\"brz-css-wywhc\" data-generated-css=\"brz-css-ipywo\" data-uniq-id=\"xzafu\"><strong class=\"brz-capitalize-on\">GUANAJUATO<\/strong><\/p>\n<\/div>\n<\/div>\n<\/div>\n<div class=\"brz-css-xaupi brz-wrapper\">\n<div class=\"brz-rich-text brz-rich-text__custom brz-css-soezg\" data-custom-id=\"bpjkdmiyrbvgoouzotwdjtxktqtzscabegfb\">\n<div>\n<p class=\"brz-css-sxhdl\" data-uniq-id=\"gbuvl\" data-generated-css=\"brz-css-siulp\"><\/p>\n<\/div>\n<\/div>\n<\/div>\n<div class=\"brz-css-xaupi brz-wrapper\">\n<div class=\"brz-rich-text brz-rich-text__custom brz-css-soezg\" data-custom-id=\"bhcodqbxvmomqanjlckmjaelutnoswjmadlr\">\n<div>\n<p class=\"brz-css-ygnya\" data-uniq-id=\"wniiw\" data-generated-css=\"brz-css-yngpy\"><\/p>\n<\/div>\n<\/div>\n<\/div>\n<div class=\"brz-css-xaupi brz-wrapper\">\n<div class=\"brz-rich-text brz-rich-text__custom brz-css-soezg\" data-custom-id=\"eputnjufebbqxnbetjfpqiutshoiaeuqmzrp\">\n<div>\n<p class=\"brz-css-igahh\" data-uniq-id=\"rrfty\" data-generated-css=\"brz-css-kgqgj\"><strong>Arquitectura<\/strong><\/p>\n<\/div>\n<\/div>\n<\/div>\n<\/div>\n<\/div>\n<\/div>\n<\/div>\n<\/div>\n<\/div>\n<\/section>\n<section data-uid=\"vkkdmiywdorcuowqdwgtdcgpjevosqiqxbqd\" id=\"vkkdmiywdorcuowqdwgtdcgpjevosqiqxbqd\" class=\"brz-section brz-css-prtnb\">\n<div class=\"brz-section__content brz-section--boxed brz-css-twmbd brz-css-ensra\" data-custom-id=\"tmgrfkcjjliasesblgtfjhoqvkheinubntyp\">\n<div class=\"brz-container brz-css-akxos brz-css-guggk\">\n<div class=\"brz-row__container brz-css-dzhlu brz-css-vmdzl\" data-custom-id=\"gzlgajiyfttcybycbsyxjlfsqcygrvwauoch\">\n<div class=\"brz-bg overflow-hidden absolute top-0 left-0 w-full h-full\"><\/div>\n<div class=\"brz-row brz-css-fpwtp brz-css-dlzyc\">\n<div class=\"brz-columns brz-css-bahcd brz-css-wclsp\" data-custom-id=\"trodzlkflatsxujkfexaatitoryhckyjdufn\">\n<div class=\"brz-bg overflow-hidden absolute top-0 left-0 w-full h-full\"><\/div>\n<div class=\"brz-column__items brz-css-enjrt brz-css-tdymr\">\n<div class=\"brz-css-xaupi brz-css-jmrnm brz-wrapper\">\n<div class=\"brz-rich-text brz-rich-text__custom brz-css-soezg\" data-custom-id=\"qpytycenfhsetjjiyzdhwpbgrtoibnllzdkj\">\n<div>\n<h2 class=\"brz-css-rsyxp\" data-uniq-id=\"crqoc\" data-generated-css=\"brz-css-uhirq\">Guanajuato es una ciudad que cuenta con grandes tesoros coloniales y su arquitectura da cuenta de ello. El Camino Real fueron el marco de la fundaci\u00f3n de villas, ciudades y reales mineros en la chichimeca. Actualmente, se pueden observar sus vestigios. <\/h2>\n<h2 class=\"brz-css-sgjkb\" data-uniq-id=\"gkbpv\" data-generated-css=\"brz-css-rtseo\">La caminer\u00eda hist\u00f3rica construida desde hace 500 a\u00f1os en este territorio ha sido la base para forjar los actuales caminos de Guanajuato, todos ellos formando una atractiva ciudad colonial. <\/h2>\n<\/div>\n<\/div>\n<\/div>\n<\/div>\n<\/div>\n<\/div>\n<\/div>\n<div class=\"brz-css-xaupi brz-wrapper\">\n<div class=\"brz-line brz-line-default brz-css-djhye brz-css-tjvrg\" data-custom-id=\"vxlmzpzhiqesinjtklbyrtycwsmvrwyprrvy\">\n<hr class=\"brz-hr\" \/><\/div>\n<\/div>\n<div class=\"brz-row__container brz-css-dzhlu\" data-custom-id=\"pxduhuvlsmlbvyoiuvgnepxymvbvboqoxboq\">\n<div class=\"brz-bg overflow-hidden absolute top-0 left-0 w-full h-full\"><\/div>\n<div class=\"brz-row brz-css-fpwtp brz-css-dlzyc\">\n<div class=\"brz-columns brz-css-bahcd brz-css-blhee\" data-custom-id=\"szdimjmmscpnmhbbxtqfdqxfipodflnavhyc\">\n<div class=\"brz-bg overflow-hidden absolute top-0 left-0 w-full h-full\"><\/div>\n<div class=\"brz-column__items brz-css-enjrt brz-css-vddgh\">\n<div class=\"brz-css-xaupi brz-css-eipnd brz-wrapper\">\n<div class=\"brz-rich-text brz-rich-text__custom brz-css-soezg\" data-custom-id=\"osewxqoyyygarijcbjcxpiexijfemsilloeo\">\n<div>\n<p class=\"brz-css-rceju\" data-uniq-id=\"hloih\" data-generated-css=\"brz-css-fdqwu\"><strong style=\"background-color: transparent\">Puente de El Fraile<\/strong><\/p>\n<p class=\"brz-css-egyww\" data-uniq-id=\"ecdun\" data-generated-css=\"brz-css-uzwdb\"><span style=\"background-color: transparent\">Puente de piedra erigido en el siglo XVI, usado por el Camino Real. Famoso por la leyenda de un fraile que se aparece a los viajeros y los hace tener accidentes.<\/span><\/p>\n<p class=\"brz-css-rlqpn\" data-uniq-id=\"yxluh\" data-generated-css=\"brz-css-oiqwz\"><strong style=\"background-color: transparent\">Direcci\u00f3n: <\/strong><span style=\"background-color: transparent\">Carretera Celaya-Dolores Hidalgo, 37886 Caldera, Gto.<\/span><\/p>\n<p class=\"brz-css-dhaay\" data-uniq-id=\"lmxpf\" data-generated-css=\"brz-css-mawdp\"><span style=\"background-color: transparent\">\u00a0<\/span><\/p>\n<p class=\"brz-css-sqqmh\" data-uniq-id=\"bqujh\" data-generated-css=\"brz-css-ksasj\"><strong style=\"background-color: transparent\">Puente La Quemada<\/strong><\/p>\n<p class=\"brz-css-vxmow\" data-uniq-id=\"trwkc\" data-generated-css=\"brz-css-cuzaw\"><span style=\"background-color: transparent\">Al noroeste de Dolores, Hidalgo, encontramos este puente como un vestigio m\u00e1s del Camino Real. Su nombre se debe a una antigua Hacienda cercana.<\/span><\/p>\n<p class=\"brz-css-grxhi\" data-uniq-id=\"kpayf\" data-generated-css=\"brz-css-kxfxb\"><strong style=\"background-color: transparent\">Direcci\u00f3n: <\/strong><span style=\"background-color: transparent\">Puente la Quemada, 37606 Gto. (32 km al noroeste de Dolores Hidalgo)<\/span><\/p>\n<p class=\"brz-css-vatfi\" data-uniq-id=\"tlqxs\" data-generated-css=\"brz-css-hfjpl\"><strong style=\"background-color: transparent\">\u00a0<\/strong><\/p>\n<p class=\"brz-css-ajdfk\" data-uniq-id=\"cgdfx\" data-generated-css=\"brz-css-safgb\"><strong style=\"background-color: transparent\">Puente de San Rafael<\/strong><\/p>\n<p class=\"brz-css-qmgaa\" data-uniq-id=\"kkgae\" data-generated-css=\"brz-css-haszf\"><span style=\"background-color: transparent\">Enclavado en el centro de San Miguel de Allende, encontramos a este puente como un vestigio del Camino Real.<\/span><\/p>\n<p class=\"brz-css-vohyz\" data-uniq-id=\"tnobk\" data-generated-css=\"brz-css-efyos\"><strong style=\"background-color: transparent\">Direcci\u00f3n: <\/strong><span style=\"background-color: transparent\">San Miguel de Allende, Gto.<\/span><\/p>\n<\/div>\n<\/div>\n<\/div>\n<\/div>\n<\/div>\n<\/div>\n<\/div>\n<\/div>\n<\/div>\n<\/section>\n<section data-uid=\"rveuamtmysvwswawebijahrjxkuxjvxlxelg\" id=\"rveuamtmysvwswawebijahrjxkuxjvxlxelg\" class=\"brz-section brz-css-prtnb brz-css-ebpqt\">\n<div class=\"brz-section__content brz-section--boxed brz-css-twmbd brz-css-unptb\" data-custom-id=\"jevxzucvdlfbjclqnoxdfdxufrptolgfwndq\">\n<div class=\"brz-bg overflow-hidden absolute top-0 left-0 w-full h-full\">\n<div class=\"brz-bg-map absolute top-0 left-0 w-full h-full\"><\/div>\n<\/div>\n<div class=\"brz-container brz-css-akxos\">\n<div class=\"brz-css-xaupi brz-wrapper\">\n<div class=\"brz-wp-shortcode brz-css-yzbwq\" data-custom-id=\"vaumvpxxskcrrqrhzkoxiwldmvtwaubzppkh\">\n<div><div class=\"twer-map-wrapper treweler-map-fw\" ><div class=\"twer-iframe-embed\" style=\"height:500px;\"><iframe loading=\"lazy\" class=\"twer-iframe\" src=\"https:\/\/tlatelolcounam.mx\/caminoreal\/treweler-map\/estado-de-mexico\/?tw=iframe&#038;twer-index=1&#038;twer-map-id=474&#038;twer-height=500px&#038;twer-type=fullwidth&#038;twer-scrollzoom=yes&#038;twer-width\"  frameborder=\"0\" title=\"Treweler Map\"><\/iframe><\/div><\/div><\/div>\n<\/div>\n<\/div>\n<\/div>\n<\/div>\n<\/section>\n<section data-uid=\"qkfzfeoawtxqqyvitadwfdeismrzfhwurmii\" id=\"qkfzfeoawtxqqyvitadwfdeismrzfhwurmii\" class=\"brz-section brz-css-prtnb\">\n<div class=\"brz-section__content brz-section--boxed brz-css-twmbd brz-css-gflsc\" data-custom-id=\"furozkipdsfzporznemncmrldghyqktjhmgb\">\n<div class=\"brz-bg overflow-hidden absolute top-0 left-0 w-full h-full\">\n<div class=\"brz-bg-image absolute top-0 left-0 w-full h-full bg-no-repeat bg-cover\"><\/div>\n<div class=\"brz-bg-color absolute top-0 left-0 w-full h-full\"><\/div>\n<\/div>\n<div class=\"brz-container brz-css-akxos\">\n<div class=\"brz-row__container brz-css-dzhlu\" data-custom-id=\"achsreujasksizjbtnmshsdugxsmfrbryrvr\">\n<div class=\"brz-bg overflow-hidden absolute top-0 left-0 w-full h-full\"><\/div>\n<div class=\"brz-row brz-css-fpwtp brz-css-dlzyc\">\n<div class=\"brz-columns brz-css-bahcd brz-css-utzpe\" data-custom-id=\"zokmicasrntzzshjxniwzjkuppixtkmaqdzz\">\n<div class=\"brz-bg overflow-hidden absolute top-0 left-0 w-full h-full\"><\/div>\n<div class=\"brz-column__items brz-css-enjrt brz-css-jffgk\">\n<div class=\"brz-css-xaupi brz-css-kntwn brz-wrapper\">\n<div class=\"brz-image brz-css-krnqg\"><img decoding=\"async\" class=\"brz-img\" src=\"https:\/\/tlatelolcounam.mx\/caminoreal\/wp-content\/uploads\/brizy\/imgs\/logo-1-293x101x0x1x293x100x1642108354.png\" alt=\"\" loading=\"lazy\" \/><\/div>\n<\/div>\n<div class=\"brz-css-xaupi brz-css-bcxwd brz-wrapper\">\n<div class=\"brz-spacer brz-css-uchbj brz-css-fdvbv\"><\/div>\n<\/div>\n<div class=\"brz-css-xaupi brz-wrapper\">\n<div class=\"brz-rich-text brz-rich-text__custom brz-css-soezg\" data-custom-id=\"kywuxuscztrrhlidoxrxnbhrmlsoucwdrdvp\">\n<div>\n<p class=\"brz-css-kbqhl\" data-uniq-id=\"euomf\" data-generated-css=\"brz-css-qlfmh\"><span>Ricardo Flores Mag\u00f3n 1. <\/span><\/p>\n<p class=\"brz-css-yvwek\" data-uniq-id=\"fkrdx\" data-generated-css=\"brz-css-lepkg\"><span>Col. Nonoalco-Tlatelolco C.P. 06995. <\/span><\/p>\n<p class=\"brz-css-inbtj\" data-uniq-id=\"gutxj\" data-generated-css=\"brz-css-zxvpu\"><span>ccutlatelolco@gmail.com<\/span><\/p>\n<p class=\"brz-css-bendn\" data-generated-css=\"brz-css-fwbyw\" data-uniq-id=\"yzdzu\"><span>5117 2818 ext. 49613<\/span><\/p>\n<\/div>\n<\/div>\n<\/div>\n<\/div>\n<\/div>\n<div class=\"brz-columns brz-css-bahcd brz-css-zliyu\" data-custom-id=\"ueceosewmvdlocaoiccxqzaqsdrbhugdlqwp\">\n<div class=\"brz-bg overflow-hidden absolute top-0 left-0 w-full h-full\"><\/div>\n<div class=\"brz-column__items brz-css-enjrt\">\n<div class=\"brz-css-xaupi brz-wrapper\">\n<div class=\"brz-rich-text brz-rich-text__custom brz-css-soezg\" data-custom-id=\"yieydbdefqqzosmqedrukrhhuflrrnwhnfme\">\n<div>\n<p class=\"brz-css-zakro\" data-uniq-id=\"pdybz\" data-generated-css=\"brz-css-custc\"><span>M\u00e1s sobre el CCUT<\/span><\/p>\n<\/div>\n<\/div>\n<\/div>\n<div class=\"brz-css-xaupi brz-css-bcxwd brz-wrapper\">\n<div class=\"brz-spacer brz-css-uchbj brz-css-fdrqk\"><\/div>\n<\/div>\n<div class=\"brz-css-xaupi brz-wrapper\">\n<div class=\"brz-rich-text brz-rich-text__custom brz-css-soezg\" data-custom-id=\"ynfeweewrtxixsrhnduzblhwsykqywcbwrbd\">\n<div>\n<p class=\"brz-css-zufpa\" data-uniq-id=\"frwjr\" data-generated-css=\"brz-css-laqsj\"><span>Seminario <\/span><\/p>\n<p class=\"brz-css-gotxe\" data-uniq-id=\"vnkoo\" data-generated-css=\"brz-css-dmrvc\"><span>Memorias<\/span><\/p>\n<p class=\"brz-css-mimiy\" data-uniq-id=\"dcvrt\" data-generated-css=\"brz-css-bwatq\"><span>Resistencias<\/span><\/p>\n<p class=\"brz-css-ncelr\" data-generated-css=\"brz-css-vpotn\" data-uniq-id=\"xkgby\"><span>Comunidades<\/span><\/p>\n<\/div>\n<\/div>\n<\/div>\n<div class=\"brz-css-xaupi brz-wrapper\">\n<div class=\"brz-rich-text brz-rich-text__custom brz-css-soezg\" data-custom-id=\"imzwziqzkzgaummubqbkvghlpqnmykoyscdr\">\n<div>\n<p class=\"brz-css-kvqnt\" data-uniq-id=\"icvhm\" data-generated-css=\"brz-css-gzhjx\"><\/p>\n<\/div>\n<\/div>\n<\/div>\n<\/div>\n<\/div>\n<div class=\"brz-columns brz-css-bahcd brz-css-hkgyo\" data-custom-id=\"vweavhhwtywjlvwtobzunrtkfybgszsfwmoi\">\n<div class=\"brz-bg overflow-hidden absolute top-0 left-0 w-full h-full\"><\/div>\n<div class=\"brz-column__items brz-css-enjrt\">\n<div class=\"brz-css-xaupi brz-wrapper\">\n<div class=\"brz-rich-text brz-rich-text__custom brz-css-soezg\" data-custom-id=\"yuqipqqugxqfpjpkfcexpwembqsekzhvzpjf\">\n<div>\n<p class=\"brz-css-elmrr\" data-uniq-id=\"wbckk\" data-generated-css=\"brz-css-akbyj\"><span class=\"brz-cp-color8\">S\u00edguenos<\/span><\/p>\n<\/div>\n<\/div>\n<\/div>\n<div class=\"brz-css-xaupi brz-css-bcxwd brz-wrapper\">\n<div class=\"brz-spacer brz-css-uchbj brz-css-buucp\"><\/div>\n<\/div>\n<div class=\"brz-css-xaupi brz-css-dmxmq brz-wrapper\">\n<div class=\"brz-icon-text brz-css-yagse brz-css-hdqip\" data-custom-id=\"hydbwhzcpvjqiiorwlilgqxqftkxpkwkywsj\">\n<div id class=\"brz-icon__container\" data-custom-id=\"uqxskthsztuwpwwoqfqmhvqdknuvatiyuwqk\"><span class=\"brz-icon brz-span brz-css-wdsrf brz-css-njkvd\"><\/span><\/div>\n<div class=\"brz-text-btn\">\n<div class=\"brz-rich-text brz-rich-text__custom brz-css-soezg\" data-custom-id=\"bgkyxrvclbbxxythvkxjtgqxdhzzsnwwrkmq\">\n<div>\n<p class=\"brz-css-iuzbh\"><span>Twitter<\/span><\/p>\n<\/div>\n<\/div>\n<\/div>\n<\/div>\n<\/div>\n<div class=\"brz-css-xaupi brz-css-wclrt brz-wrapper\">\n<div class=\"brz-icon-text brz-css-yagse brz-css-ejtse\" data-custom-id=\"jabsrjtzzoxfchshzqqtimtttlnkjsnwskkq\">\n<div id class=\"brz-icon__container\" data-custom-id=\"cdxdzmlnscinzsmwffqlxwmqhplmzbhprxza\"><span class=\"brz-icon brz-span brz-css-wdsrf brz-css-qktnb\"><\/span><\/div>\n<div class=\"brz-text-btn\">\n<div class=\"brz-rich-text brz-rich-text__custom brz-css-soezg\" data-custom-id=\"txxspklpmzyaxsjzabzltuhbhneozicfdhup\">\n<div>\n<p class=\"brz-css-cnxci\"><span>Facebook<\/span><\/p>\n<\/div>\n<\/div>\n<\/div>\n<\/div>\n<\/div>\n<div class=\"brz-css-xaupi brz-wrapper\">\n<div class=\"brz-icon-text brz-css-yagse brz-css-szxao\" data-custom-id=\"evbxwngmaedzgcjttyjbxbrqilvezuyjizmm\">\n<div id class=\"brz-icon__container\" data-custom-id=\"gburckwvhlgdxkgngoywxugovxipiwturtcd\"><span class=\"brz-icon brz-span brz-css-wdsrf brz-css-oyyon\"><\/span><\/div>\n<div class=\"brz-text-btn\">\n<div class=\"brz-rich-text brz-rich-text__custom brz-css-soezg\" data-custom-id=\"cxbjqcvvcsyicwjnumpamepblkgqnskdfjka\">\n<div>\n<p class=\"brz-css-mcvef\"><span>Youtube<\/span><\/p>\n<\/div>\n<\/div>\n<\/div>\n<\/div>\n<\/div>\n<\/div>\n<\/div>\n<\/div>\n<\/div>\n<div class=\"brz-css-xaupi brz-wrapper\">\n<div class=\"brz-image brz-css-layrv\"><img decoding=\"async\" class=\"brz-img\" src=\"https:\/\/tlatelolcounam.mx\/caminoreal\/wp-content\/uploads\/brizy\/imgs\/escudo-firma-176x88x0x0x176x88x1642108760.png\" alt=\"\" loading=\"lazy\" \/><\/div>\n<\/div>\n<div class=\"brz-css-xaupi brz-css-rvseg brz-wrapper\">\n<div class=\"brz-line brz-line-default brz-css-djhye brz-css-ovzmp\" data-custom-id=\"wguunchwyulhdtykgwtenhecrqcyxgzhcexc\">\n<hr class=\"brz-hr\" \/><\/div>\n<\/div>\n<div class=\"brz-css-xaupi brz-wrapper\">\n<div class=\"brz-rich-text brz-rich-text__custom brz-css-soezg\" data-custom-id=\"ltuintpcpfoaywaqxegggkzizlpptgxtiful\">\n<div>\n<p class=\"brz-css-yjutk\" data-uniq-id=\"yqtzc\" data-generated-css=\"brz-css-kwjoz\"><span>Esta p\u00e1gina y el contenido de la misma se encuentran protegidos por propiedad intelectual, confidencialidad entre las partes, as\u00ed como por normativa general y universitaria vigente de Transparencia, Acceso a la Informaci\u00f3n P\u00fablica y Protecci\u00f3n de Datos Personales. UNAM-CCUT.<\/span><\/p>\n<\/div>\n<\/div>\n<\/div>\n<\/div>\n<\/div>\n<\/section>\n<\/div>\n<p><!-- version:1673309449 --><\/p>\n","protected":false},"excerpt":{"rendered":"<p>Inicio Estados Historia GUANAJUATO Arquitectura Guanajuato es una ciudad que cuenta con grandes tesoros coloniales y su arquitectura da cuenta de ello. El Camino Real fueron el marco de la fundaci\u00f3n de villas, ciudades y reales mineros en la chichimeca. Actualmente, se pueden observar sus vestigios. La caminer\u00eda hist\u00f3rica construida desde hace 500 a\u00f1os en [&hellip;]<\/p>\n","protected":false},"author":11,"featured_media":0,"parent":1009,"menu_order":0,"comment_status":"closed","ping_status":"closed","template":"brizy-blank-template.php","meta":{"footnotes":""},"class_list":["post-1625","page","type-page","status-publish","hentry"],"_links":{"self":[{"href":"https:\/\/tlatelolcounam.mx\/caminoreal\/wp-json\/wp\/v2\/pages\/1625","targetHints":{"allow":["GET"]}}],"collection":[{"href":"https:\/\/tlatelolcounam.mx\/caminoreal\/wp-json\/wp\/v2\/pages"}],"about":[{"href":"https:\/\/tlatelolcounam.mx\/caminoreal\/wp-json\/wp\/v2\/types\/page"}],"author":[{"embeddable":true,"href":"https:\/\/tlatelolcounam.mx\/caminoreal\/wp-json\/wp\/v2\/users\/11"}],"replies":[{"embeddable":true,"href":"https:\/\/tlatelolcounam.mx\/caminoreal\/wp-json\/wp\/v2\/comments?post=1625"}],"version-history":[{"count":24,"href":"https:\/\/tlatelolcounam.mx\/caminoreal\/wp-json\/wp\/v2\/pages\/1625\/revisions"}],"predecessor-version":[{"id":40641,"href":"https:\/\/tlatelolcounam.mx\/caminoreal\/wp-json\/wp\/v2\/pages\/1625\/revisions\/40641"}],"up":[{"embeddable":true,"href":"https:\/\/tlatelolcounam.mx\/caminoreal\/wp-json\/wp\/v2\/pages\/1009"}],"wp:attachment":[{"href":"https:\/\/tlatelolcounam.mx\/caminoreal\/wp-json\/wp\/v2\/media?parent=1625"}],"curies":[{"name":"wp","href":"https:\/\/api.w.org\/{rel}","templated":true}]}}