{"id":1623,"date":"2022-04-30T04:20:26","date_gmt":"2022-04-30T04:20:26","guid":{"rendered":"https:\/\/tlatelolcounam.mx\/caminoreal\/?page_id=1623"},"modified":"2025-08-12T00:15:34","modified_gmt":"2025-08-12T00:15:34","slug":"guanajuato-cultura","status":"publish","type":"page","link":"https:\/\/tlatelolcounam.mx\/caminoreal\/guanajuato\/guanajuato-cultura\/","title":{"rendered":"Guanajuato-Cultura"},"content":{"rendered":"<div class=\"brz-root__container brz-reset-all\">\n<section data-uid=\"cdkeghlziiohoukivthemcomadlvolvjzyzx\" id=\"cdkeghlziiohoukivthemcomadlvolvjzyzx\" class=\"brz-section brz-css-xbyze\">\n<div class=\"brz-section__content brz-section--boxed brz-css-jvwgy brz-css-egdpr\" data-custom-id=\"kxtylskpqchveijjrewfnyruqtatzgwljyzm\">\n<div class=\"brz-container brz-css-ipbca\">\n<div class=\"brz-row__container brz-css-nvcpj\" data-custom-id=\"tnecfxcdykoambyuufnshbafyloyrkvzbfkf\">\n<div class=\"brz-bg overflow-hidden absolute top-0 left-0 w-full h-full\"><\/div>\n<div class=\"brz-row brz-css-hsdev brz-css-idbjj\">\n<div class=\"brz-columns brz-css-xcqzf brz-css-fkygk\" data-custom-id=\"epxscrxbxahcngbhbcghkwdykelzrjhfzqft\">\n<div class=\"brz-bg overflow-hidden absolute top-0 left-0 w-full h-full\"><\/div>\n<div class=\"brz-column__items brz-css-otvko brz-css-wafqr\">\n<div class=\"brz-css-atbpy brz-css-gvoyw brz-wrapper\">\n<div class=\"brz-image brz-css-keasd brz-css-ltpjd\"><img decoding=\"async\" class=\"brz-img\" src=\"https:\/\/tlatelolcounam.mx\/caminoreal\/wp-content\/uploads\/2022\/01\/logo.png\" alt=\"\" loading=\"lazy\" \/><\/div>\n<\/div>\n<\/div>\n<\/div>\n<div class=\"brz-columns brz-css-xcqzf brz-css-enozx\" data-custom-id=\"pzxzuttxxgqksrrdgcwhaktqjdmukvkhahfe\">\n<div class=\"brz-bg overflow-hidden absolute top-0 left-0 w-full h-full\"><\/div>\n<div class=\"brz-column__items brz-css-otvko brz-css-agyfy\">\n<div class=\"brz-css-atbpy brz-wrapper\">\n<div class=\"brz-menu__container brz-css-riywx\" data-mmenu-id=\"#yntzqlruwfipjmvyedgvidqroqimweibtsfk\" data-mmenu-position=\"position-left\" data-mmenu-title=\"Menu\" data-mmenu-stickytitle=\"on\" data-custom-id=\"xbqtfmrcedukngnyygmfwgkwektymnnnuzxj\">\n<nav class=\"brz-menu brz-menu__preview brz-css-cbezi\">\n<ul class=\"brz-menu__ul\" data-menu-items-active=\"\">\n<li class=\"brz-menu__item\" data-menu-item-id=\"a45e250d979c9b3c26fe6917797cc038\"><a class=\"brz-a menu-item menu-item-type-post_type menu-item-object-page menu-item-home\" href=\"https:\/\/tlatelolcounam.mx\/caminoreal\/\" data-brz-link-type=\"external\" id><span class=\"brz-span\">Inicio<\/span><\/a><\/li>\n<li class=\"brz-menu__item brz-menu__item-dropdown\" data-menu-item-id=\"ba4a85012b5365c17cdf357587076276\"><a class=\"brz-a brz-anchor menu-item menu-item-type-custom menu-item-object-custom\" href=\"#\" data-brz-link-type=\"anchor\" id><span class=\"brz-span\">Estados<\/span><\/a><\/li>\n<li class=\"brz-menu__item\" data-menu-item-id=\"d3c0c655631b120767a40bd0aed90e47\"><a class=\"brz-a menu-item menu-item-type-post_type menu-item-object-page\" href=\"https:\/\/tlatelolcounam.mx\/caminoreal\/historia\/\" data-brz-link-type=\"external\" id><span class=\"brz-span\">Historia<\/span><\/a><\/li>\n<\/ul>\n<\/nav>\n<div class=\"brz-mm-menu__icon\">\n<\/div>\n<\/div>\n<\/div>\n<\/div>\n<\/div>\n<\/div>\n<\/div>\n<\/div>\n<\/div>\n<\/section>\n<section data-uid=\"dokjzmexqunazctbloammypxiyzspbnjdvyj\" id=\"dokjzmexqunazctbloammypxiyzspbnjdvyj\" class=\"brz-section brz-css-xbyze\">\n<div class=\"brz-section__content brz-section--fullWidth brz-css-jvwgy brz-css-ysddz\" data-custom-id=\"ofodesxequsppebghdddegirgebmibqoghuq\">\n<div class=\"brz-container brz-css-ipbca brz-css-vzcyl\">\n<div class=\"brz-row__container brz-css-nvcpj\" data-custom-id=\"utyrubatiicuodtfdrsdwpqylqelgarpuuon\">\n<div class=\"brz-bg overflow-hidden absolute top-0 left-0 w-full h-full\"><\/div>\n<div class=\"brz-row brz-css-hsdev brz-css-idbjj\">\n<div class=\"brz-columns brz-css-xcqzf brz-css-ayije\" data-custom-id=\"bwhvzqizgbjedpjcxsmqwrqrinyzgjbgspsj\">\n<div class=\"brz-bg overflow-hidden absolute top-0 left-0 w-full h-full\">\n<div class=\"brz-bg-image absolute top-0 left-0 w-full h-full bg-no-repeat bg-cover\"><\/div>\n<div class=\"brz-bg-color absolute top-0 left-0 w-full h-full\"><\/div>\n<\/div>\n<div class=\"brz-column__items brz-css-otvko brz-css-qriux\">\n<div class=\"brz-css-atbpy brz-wrapper\">\n<div class=\"brz-rich-text brz-rich-text__custom brz-css-dmzom\" data-custom-id=\"mqbdlazlfxfkqjwvhaddwfijukwqodoedana\">\n<div>\n<p class=\"brz-css-lhzqj\" data-uniq-id=\"riznh\" data-generated-css=\"brz-css-nmzzn\"><strong class=\"brz-capitalize-on\">Guanajuato<\/strong><\/p>\n<\/div>\n<\/div>\n<\/div>\n<div class=\"brz-css-atbpy brz-wrapper\">\n<div class=\"brz-rich-text brz-rich-text__custom brz-css-dmzom\" data-custom-id=\"svsxygwkoklhnlufwivdyvlflvmfctkswnct\">\n<div>\n<p class=\"brz-css-pqnje\" data-generated-css=\"brz-css-zhnfs\" data-uniq-id=\"mwwyl\"><\/p>\n<\/div>\n<\/div>\n<\/div>\n<div class=\"brz-css-atbpy brz-wrapper\">\n<div class=\"brz-rich-text brz-rich-text__custom brz-css-dmzom\" data-custom-id=\"nctxogphtwvwuufxshigisttjkceniijuuik\">\n<div>\n<p class=\"brz-css-ztvuv\" data-generated-css=\"brz-css-rhlev\" data-uniq-id=\"nrblf\"><\/p>\n<\/div>\n<\/div>\n<\/div>\n<div class=\"brz-css-atbpy brz-wrapper\">\n<div class=\"brz-rich-text brz-rich-text__custom brz-css-dmzom\" data-custom-id=\"eriqqtunannshwkigtnvlqgoiqhimmateoos\">\n<div>\n<p class=\"brz-css-oibri\" data-generated-css=\"brz-css-cbqrh\" data-uniq-id=\"jloaa\"><strong>Cultura<\/strong><\/p>\n<\/div>\n<\/div>\n<\/div>\n<\/div>\n<\/div>\n<\/div>\n<\/div>\n<\/div>\n<\/div>\n<\/section>\n<section data-uid=\"vkkdmiywdorcuowqdwgtdcgpjevosqiqxbqd\" id=\"vkkdmiywdorcuowqdwgtdcgpjevosqiqxbqd\" class=\"brz-section brz-css-xbyze\">\n<div class=\"brz-section__content brz-section--boxed brz-css-jvwgy brz-css-qdgpx\" data-custom-id=\"tmgrfkcjjliasesblgtfjhoqvkheinubntyp\">\n<div class=\"brz-container brz-css-ipbca brz-css-iwefk\">\n<div class=\"brz-row__container brz-css-nvcpj brz-css-fjtpv\" data-custom-id=\"gzlgajiyfttcybycbsyxjlfsqcygrvwauoch\">\n<div class=\"brz-bg overflow-hidden absolute top-0 left-0 w-full h-full\"><\/div>\n<div class=\"brz-row brz-css-hsdev brz-css-idbjj\">\n<div class=\"brz-columns brz-css-xcqzf brz-css-cwkli\" data-custom-id=\"trodzlkflatsxujkfexaatitoryhckyjdufn\">\n<div class=\"brz-bg overflow-hidden absolute top-0 left-0 w-full h-full\"><\/div>\n<div class=\"brz-column__items brz-css-otvko brz-css-alfao\">\n<div class=\"brz-css-atbpy brz-css-sjjpe brz-wrapper\">\n<div class=\"brz-rich-text brz-rich-text__custom brz-css-dmzom\" data-custom-id=\"qpytycenfhsetjjiyzdhwpbgrtoibnllzdkj\">\n<div>\n<h2 class=\"brz-css-xmhop\" data-uniq-id=\"ftcmg\" data-generated-css=\"brz-css-iirbr\">Guanajuato es un lugar imperdible por su historia y los m\u00faltiples sitios de inter\u00e9s que posee, sus magn\u00edficas construcciones coloniales ofrecen una atm\u00f3sfera que nos transporta al pasado. Las expresiones culturales se desbordan a trav\u00e9s de sus balcones, callejones, mercados, plazas, templos, teatros, y museos. <\/h2>\n<\/div>\n<\/div>\n<\/div>\n<\/div>\n<\/div>\n<\/div>\n<\/div>\n<div class=\"brz-css-atbpy brz-wrapper\">\n<div class=\"brz-line brz-line-default brz-css-xqifl brz-css-tnzmz\" data-custom-id=\"vxlmzpzhiqesinjtklbyrtycwsmvrwyprrvy\">\n<hr class=\"brz-hr\" \/><\/div>\n<\/div>\n<div class=\"brz-row__container brz-css-nvcpj\" data-custom-id=\"pxduhuvlsmlbvyoiuvgnepxymvbvboqoxboq\">\n<div class=\"brz-bg overflow-hidden absolute top-0 left-0 w-full h-full\"><\/div>\n<div class=\"brz-row brz-css-hsdev brz-css-idbjj\">\n<div class=\"brz-columns brz-css-xcqzf brz-css-spyzz\" data-custom-id=\"szdimjmmscpnmhbbxtqfdqxfipodflnavhyc\">\n<div class=\"brz-bg overflow-hidden absolute top-0 left-0 w-full h-full\"><\/div>\n<div class=\"brz-column__items brz-css-otvko brz-css-gbnxp\">\n<div class=\"brz-css-atbpy brz-css-bxyrw brz-wrapper\">\n<div class=\"brz-rich-text brz-rich-text__custom brz-css-dmzom\" data-custom-id=\"tplxhcoxbeqearxwzykpchevpeobuzbuzrec\">\n<div>\n<h4 class=\"brz-css-dxwfp\" data-uniq-id=\"mhnts\" data-generated-css=\"brz-css-jeihj\"><strong>Callej\u00f3n del beso<\/strong><\/h4>\n<h4 class=\"brz-css-omifd\" data-uniq-id=\"vykvz\" data-generated-css=\"brz-css-erhto\">Es un ejemplo ic\u00f3nico de las angostas calles de la ciudad colonial de Guanajuato. Le envuelve una leyenda de dos amantes con un tr\u00e1gico final. Es un lugar muy visitado por parejas.<\/h4>\n<h4 class=\"brz-css-kdafo\" data-uniq-id=\"lvkxw\" data-generated-css=\"brz-css-fseca\"><strong>Direcci\u00f3n:<\/strong> Callej\u00f3n del Beso, Zona Centro, 36000 Guanajuato, Gto.<\/h4>\n<h4 class=\"brz-css-slzpd\" data-uniq-id=\"fyoje\" data-generated-css=\"brz-css-gbudy\"><strong>Horario:<\/strong> Lunes a viernes las 24 hrs.<\/h4>\n<h4 class=\"brz-css-zdmox\" data-uniq-id=\"dxotu\" data-generated-css=\"brz-css-gbmaf\"><strong>Costo:<\/strong> Entrada gratuita<\/h4>\n<h4 class=\"brz-css-afzvp\" data-uniq-id=\"bxucp\" data-generated-css=\"brz-css-ixnnz\">\u00a0<\/h4>\n<h4 class=\"brz-css-vqpie\" data-uniq-id=\"ttuyl\" data-generated-css=\"brz-css-wixrw\"><strong>Casa Museo Jos\u00e9 Alfredo Jim\u00e9nez<\/strong><\/h4>\n<h4 class=\"brz-css-nprkn\" data-uniq-id=\"tdfdf\" data-generated-css=\"brz-css-fjbfr\">Exposici\u00f3n permanente de objetos y vestuarios del cantautor Jos\u00e9 Alfredo Jim\u00e9nez, quien naciera en esta casa. Cada a\u00f1o, a finales de noviembre, se organiza el Festival Jos\u00e9 Alfredo Jim\u00e9nez, siendo otra atracci\u00f3n tur\u00edstica anual.<\/h4>\n<h4 class=\"brz-css-mggpw\" data-uniq-id=\"tfare\" data-generated-css=\"brz-css-bfcdr\"><strong>Direcci\u00f3n:<\/strong> Guanajuato 13, Centro, 37800 Dolores Hidalgo Cuna de la Independencia Nacional, Gto.<\/h4>\n<h4 class=\"brz-css-cuipi\" data-uniq-id=\"vuljm\" data-generated-css=\"brz-css-vcjxq\"><strong>Horario:<\/strong> Martes a domingo de 10:00 a 17:00 hrs.<\/h4>\n<h4 class=\"brz-css-unbhp\" data-uniq-id=\"jdqid\" data-generated-css=\"brz-css-pdboo\"><strong>Costo:<\/strong> $40 entrada general y $20 estudiantes, profesores y adultos mayores <\/h4>\n<h4 class=\"brz-css-lucps\" data-uniq-id=\"fewqx\" data-generated-css=\"brz-css-nunwd\"><strong>Tel\u00e9fono:<\/strong> (+52) 418 154 4070<\/h4>\n<h4 class=\"brz-css-pqage\" data-uniq-id=\"cqnsm\" data-generated-css=\"brz-css-tjsqg\">\u00a0<\/h4>\n<h4 class=\"brz-css-jivkp\" data-uniq-id=\"vtidg\" data-generated-css=\"brz-css-kcyxf\"><strong>Edificio Central de la Universidad de Guanajuato<\/strong><\/h4>\n<h4 class=\"brz-css-ygggn\" data-uniq-id=\"rqgkw\" data-generated-css=\"brz-css-hdguw\">Construido en 1956, se compone de estilos arquitect\u00f3nicos como el barroco y el neocl\u00e1sico. Adem\u00e1s de ser la sede principal de la Universidad, es anfitriona del Festival Internacional Cervantino, llevado a cabo anualmente durante el mes octubre, atrayendo a mucho turismo, sobre todo a j\u00f3venes de todo el pa\u00eds.<\/h4>\n<h4 class=\"brz-css-iutix\" data-uniq-id=\"etokh\" data-generated-css=\"brz-css-repjv\"><strong>Direcci\u00f3n:<\/strong> Calle Pedro Lascur\u00e1in de Retana 16B, Calzada de Guadalupe, Guanajuato, Gto.<\/h4>\n<h4 class=\"brz-css-lxjei\" data-uniq-id=\"slmls\" data-generated-css=\"brz-css-bywkz\"><strong>Horario:<\/strong> Lunes a viernes de 8:00 a 15:00 hrs.<\/h4>\n<h4 class=\"brz-css-dubyn\" data-uniq-id=\"cnztf\" data-generated-css=\"brz-css-mxcru\"><strong>Tel\u00e9fono:<\/strong> (+52) 473 732 0006<\/h4>\n<h4 class=\"brz-css-jqwor\" data-uniq-id=\"twswt\" data-generated-css=\"brz-css-songt\">\u00a0<\/h4>\n<h4 class=\"brz-css-oxdbx\" data-uniq-id=\"dhjmh\" data-generated-css=\"brz-css-nzwsn\"><strong>Museo Hist\u00f3rico Casa de Allende<\/strong><\/h4>\n<h4 class=\"brz-css-fbhgt\" data-uniq-id=\"jnxud\" data-generated-css=\"brz-css-abcao\">Exhibici\u00f3n de la que fuera la casa del general Ignacio Allende, h\u00e9roe de la Independencia. Lo atractivo de este lugar es la construcci\u00f3n barroca de la casa.<\/h4>\n<h4 class=\"brz-css-cxlbb\" data-uniq-id=\"oolsl\" data-generated-css=\"brz-css-ssgbr\"><strong>Direcci\u00f3n:<\/strong> Cuna de Allende 1, Zona Centro, 37700 San Miguel de Allende, Gto.<\/h4>\n<h4 class=\"brz-css-ajlec\" data-uniq-id=\"seehb\" data-generated-css=\"brz-css-dcutt\"><strong>Horario:<\/strong> Mi\u00e9rcoles a s\u00e1bado de 10:00 a 16:00 hrs.<\/h4>\n<h4 class=\"brz-css-nmmku\" data-uniq-id=\"ryrvx\" data-generated-css=\"brz-css-ydmot\"><strong>Costo:<\/strong> $50 entrada general<\/h4>\n<h4 class=\"brz-css-begja\" data-uniq-id=\"sehsm\" data-generated-css=\"brz-css-troda\"><strong>Tel\u00e9fono:<\/strong> (+52) 415 152 2499<\/h4>\n<h4 class=\"brz-css-nhxoz\" data-uniq-id=\"ofuaa\" data-generated-css=\"brz-css-bqufe\">\u00a0<\/h4>\n<h4 class=\"brz-css-satql\" data-uniq-id=\"czaob\" data-generated-css=\"brz-css-lhrjv\"><strong>Museo Regional de Guanajuato Alh\u00f3ndiga de Granaditas<\/strong><\/h4>\n<h4 class=\"brz-css-enmys\" data-uniq-id=\"canso\" data-generated-css=\"brz-css-lexdu\">Construida a finales del siglo XVIII, sirvi\u00f3 como un almac\u00e9n de granos y otras mercanc\u00edas. Es famosa por formar parte de la llamada \u201cRuta de la Independencia\u201d, ya que en ella ocurri\u00f3 un asedio por parte del Ej\u00e9rcito Insurgente de Hidalgo.<\/h4>\n<h4 class=\"brz-css-vwgyv\" data-uniq-id=\"vlyzs\" data-generated-css=\"brz-css-svens\"><strong>Direcci\u00f3n:<\/strong> Calle Mendiz\u00e1bal 6, Centro, 36000 Guanajuato, Gto.<\/h4>\n<h4 class=\"brz-css-esfem\" data-uniq-id=\"oudoj\" data-generated-css=\"brz-css-lramt\"><strong>Horario:<\/strong> Martes a domingo de 10:00 a 18:00 hrs. Los domingos cierra a las 15:00 hrs.<\/h4>\n<h4 class=\"brz-css-fergl\" data-uniq-id=\"twehv\" data-generated-css=\"brz-css-tqyzy\"><strong>Costo:<\/strong> $65 entrada general<\/h4>\n<h4 class=\"brz-css-ubtwu\" data-uniq-id=\"twehv\" data-generated-css=\"brz-css-tqyzy\"><strong>Tel\u00e9fono:<\/strong> (+52) 473 732 1180 y (+52) 473 732 1112<\/h4>\n<h4 class=\"brz-css-wzstl\" data-uniq-id=\"vwhdi\" data-generated-css=\"brz-css-rvars\">\u00a0<\/h4>\n<h4 class=\"brz-css-wktyc\" data-uniq-id=\"pufue\" data-generated-css=\"brz-css-jwesl\"><strong>Pante\u00f3n municipal de Dolores Hidalgo<\/strong><\/h4>\n<h4 class=\"brz-css-tjurq\" data-uniq-id=\"blgjc\" data-generated-css=\"brz-css-cknvt\">Recinto popular porque est\u00e1 enterrado, en un colorido mausoleo, Jos\u00e9 Alfredo Jim\u00e9nez.<\/h4>\n<h4 class=\"brz-css-lloub\" data-uniq-id=\"jfmks\" data-generated-css=\"brz-css-ytson\"><strong>Direcci\u00f3n:<\/strong> La Morera, 37800 Dolores Hidalgo Cuna de la Independencia Nacional, Gto.<\/h4>\n<h4 class=\"brz-css-cvbcp\" data-uniq-id=\"gdois\" data-generated-css=\"brz-css-oueqh\"><strong>Horario:<\/strong> Lunes a domingo 8:00 a 18:00 hrs.<\/h4>\n<h4 class=\"brz-css-qgzzs\" data-uniq-id=\"icdqf\" data-generated-css=\"brz-css-qbuqo\"><strong>Costo:<\/strong> Entrada gratuita<\/h4>\n<\/div>\n<\/div>\n<\/div>\n<\/div>\n<\/div>\n<\/div>\n<\/div>\n<\/div>\n<\/div>\n<\/section>\n<section data-uid=\"rveuamtmysvwswawebijahrjxkuxjvxlxelg\" id=\"rveuamtmysvwswawebijahrjxkuxjvxlxelg\" class=\"brz-section brz-css-xbyze brz-css-shmzt\">\n<div class=\"brz-section__content brz-section--boxed brz-css-jvwgy brz-css-ttsyu\" data-custom-id=\"jevxzucvdlfbjclqnoxdfdxufrptolgfwndq\">\n<div class=\"brz-bg overflow-hidden absolute top-0 left-0 w-full h-full\">\n<div class=\"brz-bg-map absolute top-0 left-0 w-full h-full\"><\/div>\n<\/div>\n<div class=\"brz-container brz-css-ipbca\">\n<div class=\"brz-css-atbpy brz-wrapper\">\n<div class=\"brz-wp-shortcode brz-css-vwjbr\" data-custom-id=\"vaumvpxxskcrrqrhzkoxiwldmvtwaubzppkh\">\n<div><div class=\"twer-map-wrapper treweler-map-fw\" ><div class=\"twer-iframe-embed\" style=\"height:500px;\"><iframe loading=\"lazy\" class=\"twer-iframe\" src=\"https:\/\/tlatelolcounam.mx\/caminoreal\/treweler-map\/estado-de-mexico\/?tw=iframe&#038;twer-index=1&#038;twer-map-id=474&#038;twer-height=500px&#038;twer-type=fullwidth&#038;twer-scrollzoom=yes&#038;twer-width\"  frameborder=\"0\" title=\"Treweler Map\"><\/iframe><\/div><\/div><\/div>\n<\/div>\n<\/div>\n<\/div>\n<\/div>\n<\/section>\n<section data-uid=\"qkfzfeoawtxqqyvitadwfdeismrzfhwurmii\" id=\"qkfzfeoawtxqqyvitadwfdeismrzfhwurmii\" class=\"brz-section brz-css-xbyze\">\n<div class=\"brz-section__content brz-section--boxed brz-css-jvwgy brz-css-eggoq\" data-custom-id=\"furozkipdsfzporznemncmrldghyqktjhmgb\">\n<div class=\"brz-bg overflow-hidden absolute top-0 left-0 w-full h-full\">\n<div class=\"brz-bg-image absolute top-0 left-0 w-full h-full bg-no-repeat bg-cover\"><\/div>\n<div class=\"brz-bg-color absolute top-0 left-0 w-full h-full\"><\/div>\n<\/div>\n<div class=\"brz-container brz-css-ipbca\">\n<div class=\"brz-row__container brz-css-nvcpj\" data-custom-id=\"achsreujasksizjbtnmshsdugxsmfrbryrvr\">\n<div class=\"brz-bg overflow-hidden absolute top-0 left-0 w-full h-full\"><\/div>\n<div class=\"brz-row brz-css-hsdev brz-css-idbjj\">\n<div class=\"brz-columns brz-css-xcqzf brz-css-inrud\" data-custom-id=\"zokmicasrntzzshjxniwzjkuppixtkmaqdzz\">\n<div class=\"brz-bg overflow-hidden absolute top-0 left-0 w-full h-full\"><\/div>\n<div class=\"brz-column__items brz-css-otvko brz-css-ffbay\">\n<div class=\"brz-css-atbpy brz-css-cxsvw brz-wrapper\">\n<div class=\"brz-image brz-css-oaanv\"><img decoding=\"async\" class=\"brz-img\" src=\"https:\/\/tlatelolcounam.mx\/caminoreal\/wp-content\/uploads\/brizy\/imgs\/logo-1-293x101x0x1x293x100x1642108354.png\" alt=\"\" loading=\"lazy\" \/><\/div>\n<\/div>\n<div class=\"brz-css-atbpy brz-css-fttwj brz-wrapper\">\n<div class=\"brz-spacer brz-css-ilbam brz-css-bzwxm\"><\/div>\n<\/div>\n<div class=\"brz-css-atbpy brz-wrapper\">\n<div class=\"brz-rich-text brz-rich-text__custom brz-css-dmzom\" data-custom-id=\"kywuxuscztrrhlidoxrxnbhrmlsoucwdrdvp\">\n<div>\n<p class=\"brz-css-poxjq\" data-uniq-id=\"euomf\" data-generated-css=\"brz-css-qlfmh\"><span>Ricardo Flores Mag\u00f3n 1. <\/span><\/p>\n<p class=\"brz-css-udzhp\" data-uniq-id=\"fkrdx\" data-generated-css=\"brz-css-lepkg\"><span>Col. Nonoalco-Tlatelolco C.P. 06995. <\/span><\/p>\n<p class=\"brz-css-zbxsj\" data-uniq-id=\"gutxj\" data-generated-css=\"brz-css-zxvpu\"><span>ccutlatelolco@gmail.com<\/span><\/p>\n<p class=\"brz-css-ansna\" data-generated-css=\"brz-css-fwbyw\" data-uniq-id=\"yzdzu\"><span>5117 2818 ext. 49613<\/span><\/p>\n<\/div>\n<\/div>\n<\/div>\n<\/div>\n<\/div>\n<div class=\"brz-columns brz-css-xcqzf brz-css-cnhlw\" data-custom-id=\"ueceosewmvdlocaoiccxqzaqsdrbhugdlqwp\">\n<div class=\"brz-bg overflow-hidden absolute top-0 left-0 w-full h-full\"><\/div>\n<div class=\"brz-column__items brz-css-otvko\">\n<div class=\"brz-css-atbpy brz-wrapper\">\n<div class=\"brz-rich-text brz-rich-text__custom brz-css-dmzom\" data-custom-id=\"yieydbdefqqzosmqedrukrhhuflrrnwhnfme\">\n<div>\n<p class=\"brz-css-mhgqy\" data-uniq-id=\"pdybz\" data-generated-css=\"brz-css-custc\"><span>M\u00e1s sobre el CCUT<\/span><\/p>\n<\/div>\n<\/div>\n<\/div>\n<div class=\"brz-css-atbpy brz-css-fttwj brz-wrapper\">\n<div class=\"brz-spacer brz-css-ilbam brz-css-feoew\"><\/div>\n<\/div>\n<div class=\"brz-css-atbpy brz-wrapper\">\n<div class=\"brz-rich-text brz-rich-text__custom brz-css-dmzom\" data-custom-id=\"ynfeweewrtxixsrhnduzblhwsykqywcbwrbd\">\n<div>\n<p class=\"brz-css-tdhmg\" data-uniq-id=\"frwjr\" data-generated-css=\"brz-css-laqsj\"><span>Seminario <\/span><\/p>\n<p class=\"brz-css-nruna\" data-uniq-id=\"vnkoo\" data-generated-css=\"brz-css-dmrvc\"><span>Memorias<\/span><\/p>\n<p class=\"brz-css-otkzs\" data-uniq-id=\"dcvrt\" data-generated-css=\"brz-css-bwatq\"><span>Resistencias<\/span><\/p>\n<p class=\"brz-css-raftz\" data-generated-css=\"brz-css-vpotn\" data-uniq-id=\"xkgby\"><span>Comunidades<\/span><\/p>\n<\/div>\n<\/div>\n<\/div>\n<div class=\"brz-css-atbpy brz-wrapper\">\n<div class=\"brz-rich-text brz-rich-text__custom brz-css-dmzom\" data-custom-id=\"imzwziqzkzgaummubqbkvghlpqnmykoyscdr\">\n<div>\n<p class=\"brz-css-zujtm\" data-uniq-id=\"icvhm\" data-generated-css=\"brz-css-gzhjx\"><\/p>\n<\/div>\n<\/div>\n<\/div>\n<\/div>\n<\/div>\n<div class=\"brz-columns brz-css-xcqzf brz-css-oguwg\" data-custom-id=\"vweavhhwtywjlvwtobzunrtkfybgszsfwmoi\">\n<div class=\"brz-bg overflow-hidden absolute top-0 left-0 w-full h-full\"><\/div>\n<div class=\"brz-column__items brz-css-otvko\">\n<div class=\"brz-css-atbpy brz-wrapper\">\n<div class=\"brz-rich-text brz-rich-text__custom brz-css-dmzom\" data-custom-id=\"yuqipqqugxqfpjpkfcexpwembqsekzhvzpjf\">\n<div>\n<p class=\"brz-css-wxogh\" data-uniq-id=\"wbckk\" data-generated-css=\"brz-css-akbyj\"><span class=\"brz-cp-color8\">S\u00edguenos<\/span><\/p>\n<\/div>\n<\/div>\n<\/div>\n<div class=\"brz-css-atbpy brz-css-fttwj brz-wrapper\">\n<div class=\"brz-spacer brz-css-ilbam brz-css-uoyff\"><\/div>\n<\/div>\n<div class=\"brz-css-atbpy brz-css-ojafb brz-wrapper\">\n<div class=\"brz-icon-text brz-css-ittej brz-css-hkugf\" data-custom-id=\"hydbwhzcpvjqiiorwlilgqxqftkxpkwkywsj\">\n<div id class=\"brz-icon__container\" data-custom-id=\"uqxskthsztuwpwwoqfqmhvqdknuvatiyuwqk\"><span class=\"brz-icon brz-span brz-css-wtcgx brz-css-othpz\"><\/span><\/div>\n<div class=\"brz-text-btn\">\n<div class=\"brz-rich-text brz-rich-text__custom brz-css-dmzom\" data-custom-id=\"bgkyxrvclbbxxythvkxjtgqxdhzzsnwwrkmq\">\n<div>\n<p class=\"brz-css-kassb\"><span>Twitter<\/span><\/p>\n<\/div>\n<\/div>\n<\/div>\n<\/div>\n<\/div>\n<div class=\"brz-css-atbpy brz-css-nptot brz-wrapper\">\n<div class=\"brz-icon-text brz-css-ittej brz-css-xedvb\" data-custom-id=\"jabsrjtzzoxfchshzqqtimtttlnkjsnwskkq\">\n<div id class=\"brz-icon__container\" data-custom-id=\"cdxdzmlnscinzsmwffqlxwmqhplmzbhprxza\"><span class=\"brz-icon brz-span brz-css-wtcgx brz-css-cfxkm\"><\/span><\/div>\n<div class=\"brz-text-btn\">\n<div class=\"brz-rich-text brz-rich-text__custom brz-css-dmzom\" data-custom-id=\"txxspklpmzyaxsjzabzltuhbhneozicfdhup\">\n<div>\n<p class=\"brz-css-kxwtk\"><span>Facebook<\/span><\/p>\n<\/div>\n<\/div>\n<\/div>\n<\/div>\n<\/div>\n<div class=\"brz-css-atbpy brz-wrapper\">\n<div class=\"brz-icon-text brz-css-ittej brz-css-fknyg\" data-custom-id=\"evbxwngmaedzgcjttyjbxbrqilvezuyjizmm\">\n<div id class=\"brz-icon__container\" data-custom-id=\"gburckwvhlgdxkgngoywxugovxipiwturtcd\"><span class=\"brz-icon brz-span brz-css-wtcgx brz-css-xabau\"><\/span><\/div>\n<div class=\"brz-text-btn\">\n<div class=\"brz-rich-text brz-rich-text__custom brz-css-dmzom\" data-custom-id=\"cxbjqcvvcsyicwjnumpamepblkgqnskdfjka\">\n<div>\n<p class=\"brz-css-qyhit\"><span>Youtube<\/span><\/p>\n<\/div>\n<\/div>\n<\/div>\n<\/div>\n<\/div>\n<\/div>\n<\/div>\n<\/div>\n<\/div>\n<div class=\"brz-css-atbpy brz-wrapper\">\n<div class=\"brz-image brz-css-gagsn\"><img decoding=\"async\" class=\"brz-img\" src=\"https:\/\/tlatelolcounam.mx\/caminoreal\/wp-content\/uploads\/brizy\/imgs\/escudo-firma-176x88x0x0x176x88x1642108760.png\" alt=\"\" loading=\"lazy\" \/><\/div>\n<\/div>\n<div class=\"brz-css-atbpy brz-css-pfegv brz-wrapper\">\n<div class=\"brz-line brz-line-default brz-css-xqifl brz-css-jlepa\" data-custom-id=\"wguunchwyulhdtykgwtenhecrqcyxgzhcexc\">\n<hr class=\"brz-hr\" \/><\/div>\n<\/div>\n<div class=\"brz-css-atbpy brz-wrapper\">\n<div class=\"brz-rich-text brz-rich-text__custom brz-css-dmzom\" data-custom-id=\"ltuintpcpfoaywaqxegggkzizlpptgxtiful\">\n<div>\n<p class=\"brz-css-bxvav\" data-uniq-id=\"yqtzc\" data-generated-css=\"brz-css-kwjoz\"><span>Esta p\u00e1gina y el contenido de la misma se encuentran protegidos por propiedad intelectual, confidencialidad entre las partes, as\u00ed como por normativa general y universitaria vigente de Transparencia, Acceso a la Informaci\u00f3n P\u00fablica y Protecci\u00f3n de Datos Personales. UNAM-CCUT.<\/span><\/p>\n<\/div>\n<\/div>\n<\/div>\n<\/div>\n<\/div>\n<\/section>\n<\/div>\n<p><!-- version:1673309376 --><\/p>\n","protected":false},"excerpt":{"rendered":"<p>Inicio Estados Historia Guanajuato Cultura Guanajuato es un lugar imperdible por su historia y los m\u00faltiples sitios de inter\u00e9s que posee, sus magn\u00edficas construcciones coloniales ofrecen una atm\u00f3sfera que nos transporta al pasado. Las expresiones culturales se desbordan a trav\u00e9s de sus balcones, callejones, mercados, plazas, templos, teatros, y museos. Callej\u00f3n del beso Es un [&hellip;]<\/p>\n","protected":false},"author":11,"featured_media":0,"parent":1009,"menu_order":0,"comment_status":"closed","ping_status":"closed","template":"brizy-blank-template.php","meta":{"footnotes":""},"class_list":["post-1623","page","type-page","status-publish","hentry"],"_links":{"self":[{"href":"https:\/\/tlatelolcounam.mx\/caminoreal\/wp-json\/wp\/v2\/pages\/1623","targetHints":{"allow":["GET"]}}],"collection":[{"href":"https:\/\/tlatelolcounam.mx\/caminoreal\/wp-json\/wp\/v2\/pages"}],"about":[{"href":"https:\/\/tlatelolcounam.mx\/caminoreal\/wp-json\/wp\/v2\/types\/page"}],"author":[{"embeddable":true,"href":"https:\/\/tlatelolcounam.mx\/caminoreal\/wp-json\/wp\/v2\/users\/11"}],"replies":[{"embeddable":true,"href":"https:\/\/tlatelolcounam.mx\/caminoreal\/wp-json\/wp\/v2\/comments?post=1623"}],"version-history":[{"count":22,"href":"https:\/\/tlatelolcounam.mx\/caminoreal\/wp-json\/wp\/v2\/pages\/1623\/revisions"}],"predecessor-version":[{"id":40627,"href":"https:\/\/tlatelolcounam.mx\/caminoreal\/wp-json\/wp\/v2\/pages\/1623\/revisions\/40627"}],"up":[{"embeddable":true,"href":"https:\/\/tlatelolcounam.mx\/caminoreal\/wp-json\/wp\/v2\/pages\/1009"}],"wp:attachment":[{"href":"https:\/\/tlatelolcounam.mx\/caminoreal\/wp-json\/wp\/v2\/media?parent=1623"}],"curies":[{"name":"wp","href":"https:\/\/api.w.org\/{rel}","templated":true}]}}