{"id":1166,"date":"2022-04-29T02:34:45","date_gmt":"2022-04-29T02:34:45","guid":{"rendered":"https:\/\/tlatelolcounam.mx\/caminoreal\/?page_id=1166"},"modified":"2025-08-16T05:24:44","modified_gmt":"2025-08-16T05:24:44","slug":"ags_transp","status":"publish","type":"page","link":"https:\/\/tlatelolcounam.mx\/caminoreal\/ags_2\/ags_transp\/","title":{"rendered":"Aguascalientes &#8211; Transporte"},"content":{"rendered":"<div class=\"brz-root__container brz-reset-all\">\n<section data-uid=\"cdkeghlziiohoukivthemcomadlvolvjzyzx\" id=\"cdkeghlziiohoukivthemcomadlvolvjzyzx\" class=\"brz-section brz-css-trgfz\">\n<div class=\"brz-section__content brz-section--boxed brz-css-rlebb brz-css-ehwve\" data-custom-id=\"kxtylskpqchveijjrewfnyruqtatzgwljyzm\">\n<div class=\"brz-container brz-css-cfifz\">\n<div class=\"brz-row__container brz-css-tyoyo\" data-custom-id=\"tnecfxcdykoambyuufnshbafyloyrkvzbfkf\">\n<div class=\"brz-bg overflow-hidden absolute top-0 left-0 w-full h-full\"><\/div>\n<div class=\"brz-row brz-css-kjpyr brz-css-ptsdv\">\n<div class=\"brz-columns brz-css-afpri brz-css-gwoyj\" data-custom-id=\"epxscrxbxahcngbhbcghkwdykelzrjhfzqft\">\n<div class=\"brz-bg overflow-hidden absolute top-0 left-0 w-full h-full\"><\/div>\n<div class=\"brz-column__items brz-css-tpnsw brz-css-qndnn\">\n<div class=\"brz-css-jaggf brz-css-mptbt brz-wrapper\">\n<div class=\"brz-image brz-css-zahxu brz-css-tklbg\"><img decoding=\"async\" class=\"brz-img\" src=\"https:\/\/tlatelolcounam.mx\/caminoreal\/wp-content\/uploads\/2022\/01\/logo.png\" alt=\"\" loading=\"lazy\" \/><\/div>\n<\/div>\n<\/div>\n<\/div>\n<div class=\"brz-columns brz-css-afpri brz-css-vanhc\" data-custom-id=\"pzxzuttxxgqksrrdgcwhaktqjdmukvkhahfe\">\n<div class=\"brz-bg overflow-hidden absolute top-0 left-0 w-full h-full\"><\/div>\n<div class=\"brz-column__items brz-css-tpnsw brz-css-wrnda\">\n<div class=\"brz-css-jaggf brz-wrapper\">\n<div class=\"brz-menu__container brz-css-ybwfz\" data-mmenu-id=\"#krhpfxcfkjovmaklmeznlugydmwyvxixixui\" data-mmenu-position=\"position-left\" data-mmenu-title=\"Menu\" data-mmenu-stickytitle=\"on\" data-custom-id=\"xbqtfmrcedukngnyygmfwgkwektymnnnuzxj\">\n<nav class=\"brz-menu brz-menu__preview brz-css-yxpwb\">\n<ul class=\"brz-menu__ul\" data-menu-items-active=\"\">\n<li class=\"brz-menu__item\" data-menu-item-id=\"a45e250d979c9b3c26fe6917797cc038\"><a class=\"brz-a menu-item menu-item-type-post_type menu-item-object-page menu-item-home\" href=\"https:\/\/tlatelolcounam.mx\/caminoreal\/\" data-brz-link-type=\"external\" id><span class=\"brz-span\">Inicio<\/span><\/a><\/li>\n<li class=\"brz-menu__item brz-menu__item-dropdown\" data-menu-item-id=\"ba4a85012b5365c17cdf357587076276\"><a class=\"brz-a brz-anchor menu-item menu-item-type-custom menu-item-object-custom\" href=\"#\" data-brz-link-type=\"anchor\" id><span class=\"brz-span\">Estados<\/span><\/a><\/li>\n<li class=\"brz-menu__item\" data-menu-item-id=\"d3c0c655631b120767a40bd0aed90e47\"><a class=\"brz-a menu-item menu-item-type-post_type menu-item-object-page\" href=\"https:\/\/tlatelolcounam.mx\/caminoreal\/historia\/\" data-brz-link-type=\"external\" id><span class=\"brz-span\">Historia<\/span><\/a><\/li>\n<\/ul>\n<\/nav>\n<div class=\"brz-mm-menu__icon\">\n<\/div>\n<\/div>\n<\/div>\n<\/div>\n<\/div>\n<\/div>\n<\/div>\n<\/div>\n<\/div>\n<\/section>\n<section data-uid=\"dokjzmexqunazctbloammypxiyzspbnjdvyj\" id=\"dokjzmexqunazctbloammypxiyzspbnjdvyj\" class=\"brz-section brz-css-trgfz\">\n<div class=\"brz-section__content brz-section--fullWidth brz-css-rlebb brz-css-bkjcx\" data-custom-id=\"ofodesxequsppebghdddegirgebmibqoghuq\">\n<div class=\"brz-container brz-css-cfifz brz-css-gzbxv\">\n<div class=\"brz-row__container brz-css-tyoyo\" data-custom-id=\"utyrubatiicuodtfdrsdwpqylqelgarpuuon\">\n<div class=\"brz-bg overflow-hidden absolute top-0 left-0 w-full h-full\"><\/div>\n<div class=\"brz-row brz-css-kjpyr brz-css-ptsdv\">\n<div class=\"brz-columns brz-css-afpri brz-css-qpjso\" data-custom-id=\"bwhvzqizgbjedpjcxsmqwrqrinyzgjbgspsj\">\n<div class=\"brz-bg overflow-hidden absolute top-0 left-0 w-full h-full\">\n<div class=\"brz-bg-image absolute top-0 left-0 w-full h-full bg-no-repeat bg-cover\"><\/div>\n<div class=\"brz-bg-color absolute top-0 left-0 w-full h-full\"><\/div>\n<\/div>\n<div class=\"brz-column__items brz-css-tpnsw brz-css-sonpj\">\n<div class=\"brz-css-jaggf brz-wrapper\">\n<div class=\"brz-rich-text brz-rich-text__custom brz-css-xlkgv\" data-custom-id=\"zthmijlitsttltuljshcujzdwutirmaonouj\">\n<div>\n<p class=\"brz-css-bevfz\" data-uniq-id=\"lhjpg\" data-generated-css=\"brz-css-vqcck\"><strong>AGUASCALIENTES<\/strong><\/p>\n<\/div>\n<\/div>\n<\/div>\n<div class=\"brz-css-jaggf brz-wrapper\">\n<div class=\"brz-rich-text brz-rich-text__custom brz-css-xlkgv\" data-custom-id=\"cmzlbownbljgcsejfpxqkoamxklnqzurjlwi\">\n<div>\n<p class=\"brz-css-wzqyn\" data-generated-css=\"brz-css-drwvu\" data-uniq-id=\"uiiha\"><\/p>\n<\/div>\n<\/div>\n<\/div>\n<div class=\"brz-css-jaggf brz-wrapper\">\n<div class=\"brz-rich-text brz-rich-text__custom brz-css-xlkgv\" data-custom-id=\"zzekravcddamwvwxtiaigfwdkwfrywqpzros\">\n<div>\n<p class=\"brz-css-zzvul\" data-generated-css=\"brz-css-tbuug\" data-uniq-id=\"aacxe\"><\/p>\n<\/div>\n<\/div>\n<\/div>\n<div class=\"brz-css-jaggf brz-wrapper\">\n<div class=\"brz-rich-text brz-rich-text__custom brz-css-xlkgv\" data-custom-id=\"giqwkwzouldxojymyjdlnjruhhusjdhalgrb\">\n<div>\n<p class=\"brz-css-oxwqa\" data-generated-css=\"brz-css-tcnhc\" data-uniq-id=\"woigs\"><strong>Transporte<\/strong><\/p>\n<\/div>\n<\/div>\n<\/div>\n<\/div>\n<\/div>\n<\/div>\n<\/div>\n<\/div>\n<\/div>\n<\/section>\n<section data-uid=\"vkkdmiywdorcuowqdwgtdcgpjevosqiqxbqd\" id=\"vkkdmiywdorcuowqdwgtdcgpjevosqiqxbqd\" class=\"brz-section brz-css-trgfz\">\n<div class=\"brz-section__content brz-section--boxed brz-css-rlebb brz-css-xznpa\" data-custom-id=\"tmgrfkcjjliasesblgtfjhoqvkheinubntyp\">\n<div class=\"brz-container brz-css-cfifz brz-css-fmcug\">\n<div class=\"brz-css-jaggf brz-css-plcol brz-css-qrzdc brz-wrapper\">\n<div class=\"brz-spacer brz-css-iwqsb brz-css-mpypl\"><\/div>\n<\/div>\n<div class=\"brz-css-jaggf brz-wrapper\">\n<div class=\"brz-rich-text brz-rich-text__custom brz-css-xlkgv\" data-custom-id=\"zuzbcxplivtceegquibxasvpwdtvmitmjzwt\">\n<div>\n<p class=\"brz-css-xqcks\" data-generated-css=\"brz-css-nbfgk\" data-uniq-id=\"yogkb\"><span style=\"background-color: transparent\">Aguascalientes tiene diferentes redes de transporte que se encuentran en el centro de la ciudad; tales como las ciclov\u00edas, que son m\u00e1s ecol\u00f3gicas, transporte de urbes a comunidades, l\u00edneas de autobuses y aerol\u00edneas.\u00a0<\/span><\/p>\n<p class=\"brz-css-coxzd\" data-generated-css=\"brz-css-tblub\" data-uniq-id=\"kjkqr\"><span style=\"background-color: transparent\"> <\/span><\/p>\n<p data-generated-css=\"brz-css-eliui\" data-uniq-id=\"qdxtz\" class=\"brz-css-dlahv\"><\/p>\n<\/div>\n<\/div>\n<\/div>\n<div class=\"brz-css-jaggf brz-wrapper\">\n<div class=\"brz-line brz-line-default brz-css-nzhhy brz-css-cdztd\" data-custom-id=\"vxlmzpzhiqesinjtklbyrtycwsmvrwyprrvy\">\n<hr class=\"brz-hr\" \/><\/div>\n<\/div>\n<div class=\"brz-row__container brz-css-tyoyo\" data-custom-id=\"pxduhuvlsmlbvyoiuvgnepxymvbvboqoxboq\">\n<div class=\"brz-bg overflow-hidden absolute top-0 left-0 w-full h-full\"><\/div>\n<div class=\"brz-row brz-css-kjpyr brz-css-ptsdv\">\n<div class=\"brz-columns brz-css-afpri brz-css-tayed\" data-custom-id=\"szdimjmmscpnmhbbxtqfdqxfipodflnavhyc\">\n<div class=\"brz-bg overflow-hidden absolute top-0 left-0 w-full h-full\"><\/div>\n<div class=\"brz-column__items brz-css-tpnsw brz-css-dgbne\">\n<div class=\"brz-css-jaggf brz-css-aames brz-wrapper\">\n<div class=\"brz-rich-text brz-rich-text__custom brz-css-xlkgv\" data-custom-id=\"uvgszqewclrgtxqypkdmgzxppviqvrbslgue\">\n<div>\n<p class=\"brz-css-fojfd\" data-uniq-id=\"yfpfv\" data-generated-css=\"brz-css-cejzp\"><\/p>\n<p class=\"brz-css-fkaeh\" data-uniq-id=\"iqyhz\" data-generated-css=\"brz-css-vwncy\"><\/p>\n<p class=\"brz-css-htxdc\" data-uniq-id=\"uwqfm\" data-generated-css=\"brz-css-gizbt\"><strong style=\"background-color: transparent\">Central Camionera de Aguascalientes<\/strong><\/p>\n<p class=\"brz-css-grtdz\" data-uniq-id=\"ltfrp\" data-generated-css=\"brz-css-zxjqo\"><span style=\"background-color: transparent\">Av de la Convenci\u00f3n de 1914 Sur 408, Las Am\u00e9ricas, 20230 Aguascalientes, Ags.<\/span><\/p>\n<p class=\"brz-css-rtvzg\" data-uniq-id=\"wcihe\" data-generated-css=\"brz-css-zkdeq\"><span style=\"background-color: transparent\"> <\/span><\/p>\n<p class=\"brz-css-ufraq\" data-uniq-id=\"vmjem\" data-generated-css=\"brz-css-yuszv\"><strong style=\"background-color: transparent\">SITMA<\/strong><span style=\"background-color: transparent\">\u00a0<\/span><\/p>\n<p class=\"brz-css-hybvp\" data-uniq-id=\"cuxbj\" data-generated-css=\"brz-css-dpyuo\"><span style=\"background-color: transparent\">Es una red de minib\u00fas que se encuentra en la ciudad de Aguascalientes, cuenta con alrededor de 50 rutas, <\/span><span style=\"background-color: transparent\">https:\/\/www.aguascalientes.gob.mx\/cmov\/rutas<\/span><span style=\"background-color: transparent\">\u00a0<\/span><\/p>\n<p class=\"brz-css-qtpto\" data-uniq-id=\"fgdzn\" data-generated-css=\"brz-css-iinqe\"><span style=\"background-color: transparent\"> <\/span><\/p>\n<p class=\"brz-css-zachx\" data-uniq-id=\"iyjfa\" data-generated-css=\"brz-css-kvtsp\"><strong style=\"background-color: transparent\">Transporte Colectivo For\u00e1neo<\/strong><\/p>\n<p class=\"brz-css-ntivp\" data-uniq-id=\"ixpbo\" data-generated-css=\"brz-css-appdt\"><span style=\"background-color: transparent\">Unidades con capacidad de 19 personas que unen las zonas urbanas con las rurales\u00a0<\/span><\/p>\n<p class=\"brz-css-unbkd\" data-uniq-id=\"gjduz\" data-generated-css=\"brz-css-gfpsa\"><span style=\"background-color: transparent\"> <\/span><\/p>\n<p class=\"brz-css-buzwc\" data-uniq-id=\"scgem\" data-generated-css=\"brz-css-mcbzn\"><strong style=\"background-color: transparent\">Ciclov\u00edas\u00a0<\/strong><\/p>\n<p class=\"brz-css-exdrr\" data-uniq-id=\"xwzmx\" data-generated-css=\"brz-css-bgwav\"><span style=\"background-color: transparent\">La ciudad de Aguascalientes tiene una red de ciclov\u00edas que puedes utilizar para trasladarte. <\/span><span style=\"background-color: transparent\">https:\/\/www.aguascalientes.gob.mx\/cmov\/pdf\/RED_ciclista2022.pdf<\/span><span style=\"background-color: transparent\">\u00a0<\/span><\/p>\n<p class=\"brz-css-ohcfb\" data-uniq-id=\"htywd\" data-generated-css=\"brz-css-unmtr\"><strong style=\"background-color: transparent\">TAXI<\/strong><\/p>\n<p class=\"brz-css-usflt\" data-uniq-id=\"sivjn\" data-generated-css=\"brz-css-sdktr\"><span style=\"background-color: transparent\">Transporte de 5 pasajeros en la v\u00eda<\/span> p\u00fablica, por tel\u00e9fono, radiocomunicaci\u00f3n, aplicaci\u00f3n tecnol\u00f3gica o a trav\u00e9s de los sitios establecidos.<\/p>\n<p class=\"brz-css-nxyvh\" data-uniq-id=\"tgkxt\" data-generated-css=\"brz-css-bjzqn\"><\/p>\n<p class=\"brz-css-ejbig\" data-uniq-id=\"heyjp\" data-generated-css=\"brz-css-kmdaj\"><strong style=\"background-color: transparent\">Transporte a trav\u00e9s de plataformas digitales\u00a0<\/strong><\/p>\n<p class=\"brz-css-srwso\" data-uniq-id=\"llxlg\" data-generated-css=\"brz-css-ruuou\"><span style=\"background-color: transparent\">Didi, Uber, Bolt, Ktaxi\u00a0<\/span><\/p>\n<p class=\"brz-css-cnsss\" data-uniq-id=\"zytyx\" data-generated-css=\"brz-css-lmvzo\"><span style=\"background-color: transparent\"> <\/span><\/p>\n<p class=\"brz-css-hglks\" data-uniq-id=\"gzhyn\" data-generated-css=\"brz-css-bhezd\"><strong style=\"background-color: transparent\">Aeropuerto Internacional de Aguascalientes<\/strong><\/p>\n<p class=\"brz-css-hwhqd\" data-uniq-id=\"pnmew\" data-generated-css=\"brz-css-qkxfv\"><span style=\"background-color: transparent\">Es un aeropuerto internacional que se encuentra al sur de Ags.\u00a0<\/span><\/p>\n<p class=\"brz-css-qgpyw\" data-uniq-id=\"xojtr\" data-generated-css=\"brz-css-jeehd\"><span style=\"background-color: transparent\">Carr. Panamericana Km. 22, 20340 Buenavista de Pe\u00f1uelas, Ags.<\/span><\/p>\n<\/div>\n<\/div>\n<\/div>\n<\/div>\n<\/div>\n<\/div>\n<\/div>\n<\/div>\n<\/div>\n<\/section>\n<section data-uid=\"rveuamtmysvwswawebijahrjxkuxjvxlxelg\" id=\"rveuamtmysvwswawebijahrjxkuxjvxlxelg\" class=\"brz-section brz-css-trgfz brz-css-mngki\">\n<div class=\"brz-section__content brz-section--boxed brz-css-rlebb brz-css-kbuwt\" data-custom-id=\"jevxzucvdlfbjclqnoxdfdxufrptolgfwndq\">\n<div class=\"brz-bg overflow-hidden absolute top-0 left-0 w-full h-full\">\n<div class=\"brz-bg-map absolute top-0 left-0 w-full h-full\"><\/div>\n<\/div>\n<div class=\"brz-container brz-css-cfifz\">\n<div class=\"brz-css-jaggf brz-wrapper\">\n<div class=\"brz-wp-shortcode brz-css-pjmbp\" data-custom-id=\"vaumvpxxskcrrqrhzkoxiwldmvtwaubzppkh\">\n<div><div class=\"twer-map-wrapper treweler-map-fw\" ><div class=\"twer-iframe-embed\" style=\"height:500px;\"><iframe loading=\"lazy\" class=\"twer-iframe\" src=\"https:\/\/tlatelolcounam.mx\/caminoreal\/treweler-map\/estado-de-mexico\/?tw=iframe&#038;twer-index=1&#038;twer-map-id=474&#038;twer-height=500px&#038;twer-type=fullwidth&#038;twer-scrollzoom=yes&#038;twer-width\"  frameborder=\"0\" title=\"Treweler Map\"><\/iframe><\/div><\/div><\/div>\n<\/div>\n<\/div>\n<\/div>\n<\/div>\n<\/section>\n<section data-uid=\"qkfzfeoawtxqqyvitadwfdeismrzfhwurmii\" id=\"qkfzfeoawtxqqyvitadwfdeismrzfhwurmii\" class=\"brz-section brz-css-trgfz\">\n<div class=\"brz-section__content brz-section--boxed brz-css-rlebb brz-css-pcpkj\" data-custom-id=\"furozkipdsfzporznemncmrldghyqktjhmgb\">\n<div class=\"brz-bg overflow-hidden absolute top-0 left-0 w-full h-full\">\n<div class=\"brz-bg-image absolute top-0 left-0 w-full h-full bg-no-repeat bg-cover\"><\/div>\n<div class=\"brz-bg-color absolute top-0 left-0 w-full h-full\"><\/div>\n<\/div>\n<div class=\"brz-container brz-css-cfifz\">\n<div class=\"brz-row__container brz-css-tyoyo\" data-custom-id=\"achsreujasksizjbtnmshsdugxsmfrbryrvr\">\n<div class=\"brz-bg overflow-hidden absolute top-0 left-0 w-full h-full\"><\/div>\n<div class=\"brz-row brz-css-kjpyr brz-css-ptsdv\">\n<div class=\"brz-columns brz-css-afpri brz-css-ywmxl\" data-custom-id=\"zokmicasrntzzshjxniwzjkuppixtkmaqdzz\">\n<div class=\"brz-bg overflow-hidden absolute top-0 left-0 w-full h-full\"><\/div>\n<div class=\"brz-column__items brz-css-tpnsw brz-css-xyrlp\">\n<div class=\"brz-css-jaggf brz-css-jevde brz-wrapper\">\n<div class=\"brz-image brz-css-fwhzb\"><img decoding=\"async\" class=\"brz-img\" src=\"https:\/\/tlatelolcounam.mx\/caminoreal\/wp-content\/uploads\/brizy\/imgs\/logo-1-293x101x0x1x293x100x1642108354.png\" alt=\"\" loading=\"lazy\" \/><\/div>\n<\/div>\n<div class=\"brz-css-jaggf brz-css-plcol brz-wrapper\">\n<div class=\"brz-spacer brz-css-iwqsb brz-css-vrtru\"><\/div>\n<\/div>\n<div class=\"brz-css-jaggf brz-wrapper\">\n<div class=\"brz-rich-text brz-rich-text__custom brz-css-xlkgv\" data-custom-id=\"kywuxuscztrrhlidoxrxnbhrmlsoucwdrdvp\">\n<div>\n<p class=\"brz-css-jsora\" data-uniq-id=\"euomf\" data-generated-css=\"brz-css-qlfmh\"><span>Ricardo Flores Mag\u00f3n 1. <\/span><\/p>\n<p class=\"brz-css-mzjbi\" data-uniq-id=\"fkrdx\" data-generated-css=\"brz-css-lepkg\"><span>Col. Nonoalco-Tlatelolco C.P. 06995. <\/span><\/p>\n<p class=\"brz-css-srfzr\" data-uniq-id=\"gutxj\" data-generated-css=\"brz-css-zxvpu\"><span>ccutlatelolco@gmail.com<\/span><\/p>\n<p class=\"brz-css-dzkou\" data-generated-css=\"brz-css-fwbyw\" data-uniq-id=\"yzdzu\"><span>5117 2818 ext. 49613<\/span><\/p>\n<\/div>\n<\/div>\n<\/div>\n<\/div>\n<\/div>\n<div class=\"brz-columns brz-css-afpri brz-css-zzsyc\" data-custom-id=\"ueceosewmvdlocaoiccxqzaqsdrbhugdlqwp\">\n<div class=\"brz-bg overflow-hidden absolute top-0 left-0 w-full h-full\"><\/div>\n<div class=\"brz-column__items brz-css-tpnsw\">\n<div class=\"brz-css-jaggf brz-wrapper\">\n<div class=\"brz-rich-text brz-rich-text__custom brz-css-xlkgv\" data-custom-id=\"yieydbdefqqzosmqedrukrhhuflrrnwhnfme\">\n<div>\n<p class=\"brz-css-mzvfw\" data-uniq-id=\"pdybz\" data-generated-css=\"brz-css-custc\"><span>M\u00e1s sobre el CCUT<\/span><\/p>\n<\/div>\n<\/div>\n<\/div>\n<div class=\"brz-css-jaggf brz-css-plcol brz-wrapper\">\n<div class=\"brz-spacer brz-css-iwqsb brz-css-haqyr\"><\/div>\n<\/div>\n<div class=\"brz-css-jaggf brz-wrapper\">\n<div class=\"brz-rich-text brz-rich-text__custom brz-css-xlkgv\" data-custom-id=\"ynfeweewrtxixsrhnduzblhwsykqywcbwrbd\">\n<div>\n<p class=\"brz-css-efqsk\" data-uniq-id=\"frwjr\" data-generated-css=\"brz-css-laqsj\"><span>Seminario <\/span><\/p>\n<p class=\"brz-css-ikfki\" data-uniq-id=\"vnkoo\" data-generated-css=\"brz-css-dmrvc\"><span>Memorias<\/span><\/p>\n<p class=\"brz-css-tiuvc\" data-uniq-id=\"dcvrt\" data-generated-css=\"brz-css-bwatq\"><span>Resistencias<\/span><\/p>\n<p class=\"brz-css-jkbdt\" data-generated-css=\"brz-css-vpotn\" data-uniq-id=\"xkgby\"><span>Comunidades<\/span><\/p>\n<\/div>\n<\/div>\n<\/div>\n<div class=\"brz-css-jaggf brz-wrapper\">\n<div class=\"brz-rich-text brz-rich-text__custom brz-css-xlkgv\" data-custom-id=\"imzwziqzkzgaummubqbkvghlpqnmykoyscdr\">\n<div>\n<p class=\"brz-css-ygqrx\" data-uniq-id=\"icvhm\" data-generated-css=\"brz-css-gzhjx\"><\/p>\n<\/div>\n<\/div>\n<\/div>\n<\/div>\n<\/div>\n<div class=\"brz-columns brz-css-afpri brz-css-cbokb\" data-custom-id=\"vweavhhwtywjlvwtobzunrtkfybgszsfwmoi\">\n<div class=\"brz-bg overflow-hidden absolute top-0 left-0 w-full h-full\"><\/div>\n<div class=\"brz-column__items brz-css-tpnsw\">\n<div class=\"brz-css-jaggf brz-wrapper\">\n<div class=\"brz-rich-text brz-rich-text__custom brz-css-xlkgv\" data-custom-id=\"yuqipqqugxqfpjpkfcexpwembqsekzhvzpjf\">\n<div>\n<p class=\"brz-css-cppxw\" data-uniq-id=\"wbckk\" data-generated-css=\"brz-css-akbyj\"><span class=\"brz-cp-color8\">S\u00edguenos<\/span><\/p>\n<\/div>\n<\/div>\n<\/div>\n<div class=\"brz-css-jaggf brz-css-plcol brz-wrapper\">\n<div class=\"brz-spacer brz-css-iwqsb brz-css-wvvaj\"><\/div>\n<\/div>\n<div class=\"brz-css-jaggf brz-css-wxovm brz-wrapper\">\n<div class=\"brz-icon-text brz-css-vdabk brz-css-ojqtr\" data-custom-id=\"hydbwhzcpvjqiiorwlilgqxqftkxpkwkywsj\">\n<div id class=\"brz-icon__container\" data-custom-id=\"uqxskthsztuwpwwoqfqmhvqdknuvatiyuwqk\"><span class=\"brz-icon brz-span brz-css-xunio brz-css-pmfuu\"><\/span><\/div>\n<div class=\"brz-text-btn\">\n<div class=\"brz-rich-text brz-rich-text__custom brz-css-xlkgv\" data-custom-id=\"bgkyxrvclbbxxythvkxjtgqxdhzzsnwwrkmq\">\n<div>\n<p class=\"brz-css-mnhmo\"><span>Twitter<\/span><\/p>\n<\/div>\n<\/div>\n<\/div>\n<\/div>\n<\/div>\n<div class=\"brz-css-jaggf brz-css-avizb brz-wrapper\">\n<div class=\"brz-icon-text brz-css-vdabk brz-css-mozvr\" data-custom-id=\"jabsrjtzzoxfchshzqqtimtttlnkjsnwskkq\">\n<div id class=\"brz-icon__container\" data-custom-id=\"cdxdzmlnscinzsmwffqlxwmqhplmzbhprxza\"><span class=\"brz-icon brz-span brz-css-xunio brz-css-xkswo\"><\/span><\/div>\n<div class=\"brz-text-btn\">\n<div class=\"brz-rich-text brz-rich-text__custom brz-css-xlkgv\" data-custom-id=\"txxspklpmzyaxsjzabzltuhbhneozicfdhup\">\n<div>\n<p class=\"brz-css-ngfno\"><span>Facebook<\/span><\/p>\n<\/div>\n<\/div>\n<\/div>\n<\/div>\n<\/div>\n<div class=\"brz-css-jaggf brz-wrapper\">\n<div class=\"brz-icon-text brz-css-vdabk brz-css-pmtha\" data-custom-id=\"evbxwngmaedzgcjttyjbxbrqilvezuyjizmm\">\n<div id class=\"brz-icon__container\" data-custom-id=\"gburckwvhlgdxkgngoywxugovxipiwturtcd\"><span class=\"brz-icon brz-span brz-css-xunio brz-css-dbgym\"><\/span><\/div>\n<div class=\"brz-text-btn\">\n<div class=\"brz-rich-text brz-rich-text__custom brz-css-xlkgv\" data-custom-id=\"cxbjqcvvcsyicwjnumpamepblkgqnskdfjka\">\n<div>\n<p class=\"brz-css-eliqw\"><span>Youtube<\/span><\/p>\n<\/div>\n<\/div>\n<\/div>\n<\/div>\n<\/div>\n<\/div>\n<\/div>\n<\/div>\n<\/div>\n<div class=\"brz-css-jaggf brz-wrapper\">\n<div class=\"brz-image brz-css-sguau\"><img decoding=\"async\" class=\"brz-img\" src=\"https:\/\/tlatelolcounam.mx\/caminoreal\/wp-content\/uploads\/brizy\/imgs\/escudo-firma-176x88x0x0x176x88x1642108760.png\" alt=\"\" loading=\"lazy\" \/><\/div>\n<\/div>\n<div class=\"brz-css-jaggf brz-css-nqcpj brz-wrapper\">\n<div class=\"brz-line brz-line-default brz-css-nzhhy brz-css-nhkjf\" data-custom-id=\"wguunchwyulhdtykgwtenhecrqcyxgzhcexc\">\n<hr class=\"brz-hr\" \/><\/div>\n<\/div>\n<div class=\"brz-css-jaggf brz-wrapper\">\n<div class=\"brz-rich-text brz-rich-text__custom brz-css-xlkgv\" data-custom-id=\"ltuintpcpfoaywaqxegggkzizlpptgxtiful\">\n<div>\n<p class=\"brz-css-uodgm\" data-uniq-id=\"yqtzc\" data-generated-css=\"brz-css-kwjoz\"><span>Esta p\u00e1gina y el contenido de la misma se encuentran protegidos por propiedad intelectual, confidencialidad entre las partes, as\u00ed como por normativa general y universitaria vigente de Transparencia, Acceso a la Informaci\u00f3n P\u00fablica y Protecci\u00f3n de Datos Personales. UNAM-CCUT.<\/span><\/p>\n<\/div>\n<\/div>\n<\/div>\n<\/div>\n<\/div>\n<\/section>\n<\/div>\n<p><!-- version:1673304127 --><\/p>\n","protected":false},"excerpt":{"rendered":"<p>Inicio Estados Historia AGUASCALIENTES Transporte Aguascalientes tiene diferentes redes de transporte que se encuentran en el centro de la ciudad; tales como las ciclov\u00edas, que son m\u00e1s ecol\u00f3gicas, transporte de urbes a comunidades, l\u00edneas de autobuses y aerol\u00edneas.\u00a0 Central Camionera de Aguascalientes Av de la Convenci\u00f3n de 1914 Sur 408, Las Am\u00e9ricas, 20230 Aguascalientes, Ags. [&hellip;]<\/p>\n","protected":false},"author":10,"featured_media":0,"parent":1013,"menu_order":0,"comment_status":"closed","ping_status":"closed","template":"brizy-blank-template.php","meta":{"footnotes":""},"class_list":["post-1166","page","type-page","status-publish","hentry"],"_links":{"self":[{"href":"https:\/\/tlatelolcounam.mx\/caminoreal\/wp-json\/wp\/v2\/pages\/1166","targetHints":{"allow":["GET"]}}],"collection":[{"href":"https:\/\/tlatelolcounam.mx\/caminoreal\/wp-json\/wp\/v2\/pages"}],"about":[{"href":"https:\/\/tlatelolcounam.mx\/caminoreal\/wp-json\/wp\/v2\/types\/page"}],"author":[{"embeddable":true,"href":"https:\/\/tlatelolcounam.mx\/caminoreal\/wp-json\/wp\/v2\/users\/10"}],"replies":[{"embeddable":true,"href":"https:\/\/tlatelolcounam.mx\/caminoreal\/wp-json\/wp\/v2\/comments?post=1166"}],"version-history":[{"count":29,"href":"https:\/\/tlatelolcounam.mx\/caminoreal\/wp-json\/wp\/v2\/pages\/1166\/revisions"}],"predecessor-version":[{"id":46165,"href":"https:\/\/tlatelolcounam.mx\/caminoreal\/wp-json\/wp\/v2\/pages\/1166\/revisions\/46165"}],"up":[{"embeddable":true,"href":"https:\/\/tlatelolcounam.mx\/caminoreal\/wp-json\/wp\/v2\/pages\/1013"}],"wp:attachment":[{"href":"https:\/\/tlatelolcounam.mx\/caminoreal\/wp-json\/wp\/v2\/media?parent=1166"}],"curies":[{"name":"wp","href":"https:\/\/api.w.org\/{rel}","templated":true}]}}