{"id":1161,"date":"2022-04-29T02:30:32","date_gmt":"2022-04-29T02:30:32","guid":{"rendered":"https:\/\/tlatelolcounam.mx\/caminoreal\/?page_id=1161"},"modified":"2025-08-12T11:41:07","modified_gmt":"2025-08-12T11:41:07","slug":"ags_trad","status":"publish","type":"page","link":"https:\/\/tlatelolcounam.mx\/caminoreal\/ags_2\/ags_trad\/","title":{"rendered":"Aguascalientes &#8211; Fiestas, danzas y rituales"},"content":{"rendered":"<div class=\"brz-root__container brz-reset-all\">\n<section data-uid=\"cdkeghlziiohoukivthemcomadlvolvjzyzx\" id=\"cdkeghlziiohoukivthemcomadlvolvjzyzx\" class=\"brz-section brz-css-ipkey\">\n<div class=\"brz-section__content brz-section--boxed brz-css-iyigj brz-css-thvys\" data-custom-id=\"kxtylskpqchveijjrewfnyruqtatzgwljyzm\">\n<div class=\"brz-container brz-css-cbner\">\n<div class=\"brz-row__container brz-css-dgazi\" data-custom-id=\"tnecfxcdykoambyuufnshbafyloyrkvzbfkf\">\n<div class=\"brz-bg overflow-hidden absolute top-0 left-0 w-full h-full\"><\/div>\n<div class=\"brz-row brz-css-qfskr brz-css-lzbxl\">\n<div class=\"brz-columns brz-css-xmbax brz-css-czlda\" data-custom-id=\"epxscrxbxahcngbhbcghkwdykelzrjhfzqft\">\n<div class=\"brz-bg overflow-hidden absolute top-0 left-0 w-full h-full\"><\/div>\n<div class=\"brz-column__items brz-css-oxelj brz-css-gqcwg\">\n<div class=\"brz-css-bcmex brz-css-zgzbq brz-wrapper\">\n<div class=\"brz-image brz-css-dbvbb brz-css-vyuzf\"><img decoding=\"async\" class=\"brz-img\" src=\"https:\/\/tlatelolcounam.mx\/caminoreal\/wp-content\/uploads\/2022\/01\/logo.png\" alt=\"\" loading=\"lazy\" \/><\/div>\n<\/div>\n<\/div>\n<\/div>\n<div class=\"brz-columns brz-css-xmbax brz-css-ytdsc\" data-custom-id=\"pzxzuttxxgqksrrdgcwhaktqjdmukvkhahfe\">\n<div class=\"brz-bg overflow-hidden absolute top-0 left-0 w-full h-full\"><\/div>\n<div class=\"brz-column__items brz-css-oxelj brz-css-nmods\">\n<div class=\"brz-css-bcmex brz-wrapper\">\n<div class=\"brz-menu__container brz-css-wmyxl\" data-mmenu-id=\"#kyimzpsdipxoekiawgewpizmilrtaqqvfapc\" data-mmenu-position=\"position-left\" data-mmenu-title=\"Menu\" data-mmenu-stickytitle=\"on\" data-custom-id=\"xbqtfmrcedukngnyygmfwgkwektymnnnuzxj\">\n<nav class=\"brz-menu brz-menu__preview brz-css-hgjsh\">\n<ul class=\"brz-menu__ul\" data-menu-items-active=\"\">\n<li class=\"brz-menu__item\" data-menu-item-id=\"a45e250d979c9b3c26fe6917797cc038\"><a class=\"brz-a menu-item menu-item-type-post_type menu-item-object-page menu-item-home\" href=\"https:\/\/tlatelolcounam.mx\/caminoreal\/\" data-brz-link-type=\"external\" id><span class=\"brz-span\">Inicio<\/span><\/a><\/li>\n<li class=\"brz-menu__item brz-menu__item-dropdown\" data-menu-item-id=\"ba4a85012b5365c17cdf357587076276\"><a class=\"brz-a brz-anchor menu-item menu-item-type-custom menu-item-object-custom\" href=\"#\" data-brz-link-type=\"anchor\" id><span class=\"brz-span\">Estados<\/span><\/a><\/li>\n<li class=\"brz-menu__item\" data-menu-item-id=\"d3c0c655631b120767a40bd0aed90e47\"><a class=\"brz-a menu-item menu-item-type-post_type menu-item-object-page\" href=\"https:\/\/tlatelolcounam.mx\/caminoreal\/historia\/\" data-brz-link-type=\"external\" id><span class=\"brz-span\">Historia<\/span><\/a><\/li>\n<\/ul>\n<\/nav>\n<div class=\"brz-mm-menu__icon\">\n<\/div>\n<\/div>\n<\/div>\n<\/div>\n<\/div>\n<\/div>\n<\/div>\n<\/div>\n<\/div>\n<\/section>\n<section data-uid=\"dokjzmexqunazctbloammypxiyzspbnjdvyj\" id=\"dokjzmexqunazctbloammypxiyzspbnjdvyj\" class=\"brz-section brz-css-ipkey\">\n<div class=\"brz-section__content brz-section--fullWidth brz-css-iyigj brz-css-viqyg\" data-custom-id=\"ofodesxequsppebghdddegirgebmibqoghuq\">\n<div class=\"brz-container brz-css-cbner brz-css-pzjhy\">\n<div class=\"brz-row__container brz-css-dgazi\" data-custom-id=\"utyrubatiicuodtfdrsdwpqylqelgarpuuon\">\n<div class=\"brz-bg overflow-hidden absolute top-0 left-0 w-full h-full\"><\/div>\n<div class=\"brz-row brz-css-qfskr brz-css-lzbxl\">\n<div class=\"brz-columns brz-css-xmbax brz-css-uawnp\" data-custom-id=\"bwhvzqizgbjedpjcxsmqwrqrinyzgjbgspsj\">\n<div class=\"brz-bg overflow-hidden absolute top-0 left-0 w-full h-full\">\n<div class=\"brz-bg-image absolute top-0 left-0 w-full h-full bg-no-repeat bg-cover\"><\/div>\n<div class=\"brz-bg-color absolute top-0 left-0 w-full h-full\"><\/div>\n<\/div>\n<div class=\"brz-column__items brz-css-oxelj brz-css-miozr\">\n<div class=\"brz-css-bcmex brz-wrapper\">\n<div class=\"brz-rich-text brz-rich-text__custom brz-css-jbukh\" data-custom-id=\"ahwolhlugleadfhhixkjsudnbwfanmersnsl\">\n<div>\n<p class=\"brz-css-cufkd\" data-uniq-id=\"aryju\" data-generated-css=\"brz-css-bsqrr\"><strong>AGUASCALIENTES<\/strong><\/p>\n<\/div>\n<\/div>\n<\/div>\n<div class=\"brz-css-bcmex brz-wrapper\">\n<div class=\"brz-rich-text brz-rich-text__custom brz-css-jbukh\" data-custom-id=\"vhjzkhfqjkptvlauzndufduxaicqvqgdqjpe\">\n<div>\n<p class=\"brz-css-ihagg\" data-uniq-id=\"aogbd\" data-generated-css=\"brz-css-uaydm\"><\/p>\n<\/div>\n<\/div>\n<\/div>\n<div class=\"brz-css-bcmex brz-wrapper\">\n<div class=\"brz-rich-text brz-rich-text__custom brz-css-jbukh\" data-custom-id=\"eugbpyplmhtqpctqlyiecxqixsrjwnvytwbc\">\n<div>\n<p class=\"brz-css-rhojh\" data-uniq-id=\"evlqr\" data-generated-css=\"brz-css-vjrss\"><\/p>\n<\/div>\n<\/div>\n<\/div>\n<div class=\"brz-css-bcmex brz-wrapper\">\n<div class=\"brz-rich-text brz-rich-text__custom brz-css-jbukh\" data-custom-id=\"bppnixrtorhvfbrtzdkheslwwjfmxwqqsspv\">\n<div>\n<p class=\"brz-css-cufwo\" data-generated-css=\"brz-css-wongo\" data-uniq-id=\"nemnx\"><strong>Fiestas, danzas y rituales<\/strong><\/p>\n<\/div>\n<\/div>\n<\/div>\n<\/div>\n<\/div>\n<\/div>\n<\/div>\n<\/div>\n<\/div>\n<\/section>\n<section data-uid=\"vkkdmiywdorcuowqdwgtdcgpjevosqiqxbqd\" id=\"vkkdmiywdorcuowqdwgtdcgpjevosqiqxbqd\" class=\"brz-section brz-css-ipkey\">\n<div class=\"brz-section__content brz-section--boxed brz-css-iyigj brz-css-ywybz\" data-custom-id=\"tmgrfkcjjliasesblgtfjhoqvkheinubntyp\">\n<div class=\"brz-container brz-css-cbner brz-css-cxdfx\">\n<div class=\"brz-css-bcmex brz-wrapper\">\n<div class=\"brz-rich-text brz-rich-text__custom brz-css-jbukh\" data-custom-id=\"kuurhshkeimisdjtbhjvcxwwqmenxzdyjeqg\">\n<div>\n<p data-generated-css=\"brz-css-ampko\" data-uniq-id=\"tzjsu\" class=\"brz-css-nvfed\"><span style=\"background-color: transparent\">Aguascalientes tiene gran variedad de festividades que muestran la gran variedad y riqueza que existe en el estado, su gran diversidad de espect\u00e1culos y exposiciones que se llevan a cabo atrae a un numeroso p\u00fablico de diferentes estados que llegan a celebrar y conocer la cultura del estado, estos eventos son realizados con gran pasi\u00f3n y aptos para todo p\u00fablico que puede divertirse con la diversidad de eventos art\u00edsticos, culturales y sociales que se celebran, adem\u00e1s de contar con m\u00faltiples actividades comerciales en donde se logra realizar una buena convivencia y relacionarse con las personas del estado.\u00a0\u00a0<\/span><\/p>\n<p data-generated-css=\"brz-css-snapm\" data-uniq-id=\"rzimv\" class=\"brz-css-kctdl\"><\/p>\n<\/div>\n<\/div>\n<\/div>\n<div class=\"brz-css-bcmex brz-wrapper\">\n<div class=\"brz-line brz-line-default brz-css-wcnhi brz-css-lzoqk\" data-custom-id=\"vxlmzpzhiqesinjtklbyrtycwsmvrwyprrvy\">\n<hr class=\"brz-hr\" \/><\/div>\n<\/div>\n<div class=\"brz-row__container brz-css-dgazi\" data-custom-id=\"pxduhuvlsmlbvyoiuvgnepxymvbvboqoxboq\">\n<div class=\"brz-bg overflow-hidden absolute top-0 left-0 w-full h-full\"><\/div>\n<div class=\"brz-row brz-css-qfskr brz-css-lzbxl\">\n<div class=\"brz-columns brz-css-xmbax brz-css-ucwxx\" data-custom-id=\"szdimjmmscpnmhbbxtqfdqxfipodflnavhyc\">\n<div class=\"brz-bg overflow-hidden absolute top-0 left-0 w-full h-full\"><\/div>\n<div class=\"brz-column__items brz-css-oxelj brz-css-sirvd\">\n<div class=\"brz-css-bcmex brz-css-ihpzr brz-wrapper\">\n<div class=\"brz-rich-text brz-rich-text__custom brz-css-jbukh\" data-custom-id=\"uvgszqewclrgtxqypkdmgzxppviqvrbslgue\">\n<div>\n<p class=\"brz-css-xwowi\" data-generated-css=\"brz-css-xqgjn\" data-uniq-id=\"xqgvt\"><\/p>\n<ul>\n<li class=\"brz-css-hdxku\" data-generated-css=\"brz-css-grrfk\" data-uniq-id=\"pgipz\"><strong class=\"brz-cp-color2\" style=\"background-color: transparent\">FERIA DE SAN MARCOS<\/strong><span class=\"brz-cp-color2\" style=\"background-color: transparent\">: Conocida tambi\u00e9n como la Fiesta de Todos, con gran importancia a nivel nacional. Es llevada a cabo en la ciudad de Aguascalientes, en honor a su santo patrono San Marcos. Durante el mes de Abril-Mayo. Se dan diversos espect\u00e1culos art\u00edsticos, culturales y sociales para todo el p\u00fablico, tambi\u00e9n exposiciones comerciales, ganaderas, y de tecnol\u00f3gicas, antros, casinos, bares y restaurantes. Tambi\u00e9n llevan a cabo diversos eventos como la Reina de la Feria, Serial Taurino; exposici\u00f3n de toreo, Campeonato Nacional Charro, Peleas de Gallos, conciertos de diversos artistas en el Palenque, carreras de caballos, juegos mec\u00e1nicos, voladores de papantla, teatro del pueblo, danza, m\u00fasica<\/span><\/li>\n<\/ul>\n<p class=\"brz-css-januq\" data-generated-css=\"brz-css-irhxm\" data-uniq-id=\"tebie\"><\/p>\n<ul>\n<li class=\"brz-css-jzbmc\" data-generated-css=\"brz-css-lwzta\" data-uniq-id=\"nyefs\"><strong class=\"brz-cp-color2\" style=\"background-color: transparent\">FESTIVAL DE CALAVERAS: <\/strong><span class=\"brz-cp-color2\" style=\"background-color: transparent\">Se celebra en el mes de octubre y noviembre, donde se celebran festividades prehisp\u00e1nicas como lo es el D\u00eda de Muertos. En Honor al dibujante y grabador Jos\u00e9 Guadalupe Posadas, conocido mundialmente por la creaci\u00f3n de la Catrina. Se hacen exposiciones de pintura, fotograf\u00edas, grabados, eventos musicales, obras teatrales, representaciones de leyendas de la identidad, concursos, gastronom\u00eda, pabellones, ofrendas con respectivas calaveritas literarias \u201ccuenta tu calaverita\u201d, danzas, corridas de toros, caminatas nocturnas al Cerro del Muerto, desfiles de calaveras llevado a cabo en el centro de la ciudad con un sin fin de representaciones hacia la muerte.\u00a0<\/span><\/li>\n<\/ul>\n<p class=\"brz-css-krmrz\" data-generated-css=\"brz-css-jqnvt\" data-uniq-id=\"jvurk\"><strong class=\"brz-cp-color2\" style=\"background-color: transparent\"> <\/strong><\/p>\n<ul>\n<li data-generated-css=\"brz-css-vbwwy\" data-uniq-id=\"zsifl\" class=\"brz-css-gsfmr\"><strong class=\"brz-cp-color2\" style=\"background-color: transparent\">FERIA DE LOS CHICAHUALES:<\/strong><span class=\"brz-cp-color2\" style=\"background-color: transparent\"> Llevada a cabo en cabecera municipal del municipio de Jes\u00fas Maria, Aguascalientes en el mes de Julio, en honor al Santo Santiago. Donde se hace una representaci\u00f3n hist\u00f3rica con la tradicional danza de los Chicahuales que significa en n\u00e1huatl \u201chombre que se hace viejo\u201d o \u201ccercano a Dios\u201d\u00a0sobre la disputa entre moros y critianos.\u00a0Ofreciendo a la vez a los visitantes, el conocer sus edificaciones arquitect\u00f3nicas, a sus artesanos expertos en jarcier\u00eda, peleas de gallos, corrida de toros, expos, eventos culturales y deportivos.\u00a0\u00a0 <\/span><\/li>\n<\/ul>\n<p class=\"brz-css-pvjjc\" data-generated-css=\"brz-css-rndlu\" data-uniq-id=\"ftrsl\"><span class=\"brz-cp-color2\" style=\"background-color: transparent\"> <\/span><\/p>\n<ul>\n<li class=\"brz-css-siapx\" data-generated-css=\"brz-css-snncv\" data-uniq-id=\"esqzp\"><strong class=\"brz-cp-color2\" style=\"background-color: transparent\">FERIA DE LA GUAYABA:<\/strong><span class=\"brz-cp-color2\" style=\"background-color: transparent\"> Se lleva a cabo en el municipio de Calvillo, durante el mes de diciembre. Teniendo una antig\u00fcedad de 69 a\u00f1os, siendo una de las celebraciones m\u00e1s importantes a nivel regional que se da en torno a la guayaba. Ya que, Calvillo es uno de los municipios con maypr producci\u00f3n a nivel mundial de guayaba. Realizando eventos como charreadas, peleas de gallos, exposici\u00f3n ganadera e industrial, fuegos artificiales, eventos culturales, art\u00edsticos y deportivos, exposiciones gastron\u00f3micas de platillos, dulces a base de guayaba.\u00a0<\/span><\/li>\n<\/ul>\n<p data-uniq-id=\"ruwzc\" data-generated-css=\"brz-css-nzehw\" class=\"brz-css-msexm\"><strong class=\"brz-cp-color2\" style=\"background-color: transparent\"> <\/strong><\/p>\n<ul>\n<li data-uniq-id=\"egxly\" data-generated-css=\"brz-css-riskm\" class=\"brz-css-jasxu\"><strong class=\"brz-cp-color2\" style=\"background-color: transparent\"> FERIA DEL MA\u00cdZ: <\/strong><span class=\"brz-cp-color2\" style=\"background-color: transparent\">Se lleva a cabo en el municipio de San Jos\u00e9 de Gracia, durante el mes de enero. Realizando exposiciones agr\u00edcolas, educativas e industriales, la tradicional carrera de burros y borricos disfrazados. La tem\u00e1tica principal es el ma\u00edz siendo la base productora de este alimento de la regi\u00f3n. Se conmemora la Reforma Agraria de 1915. Tambi\u00e9n se puede conocer el Santuario del Cristo Roto y las enormes tirolesas de Boca del T\u00fanel.<\/span><\/li>\n<\/ul>\n<\/div>\n<\/div>\n<\/div>\n<\/div>\n<\/div>\n<\/div>\n<\/div>\n<\/div>\n<\/div>\n<\/section>\n<section data-uid=\"rveuamtmysvwswawebijahrjxkuxjvxlxelg\" id=\"rveuamtmysvwswawebijahrjxkuxjvxlxelg\" class=\"brz-section brz-css-ipkey brz-css-yiowv\">\n<div class=\"brz-section__content brz-section--boxed brz-css-iyigj brz-css-tanqi\" data-custom-id=\"jevxzucvdlfbjclqnoxdfdxufrptolgfwndq\">\n<div class=\"brz-bg overflow-hidden absolute top-0 left-0 w-full h-full\">\n<div class=\"brz-bg-map absolute top-0 left-0 w-full h-full\"><\/div>\n<\/div>\n<div class=\"brz-container brz-css-cbner\">\n<div class=\"brz-css-bcmex brz-wrapper\">\n<div class=\"brz-wp-shortcode brz-css-pflxk\" data-custom-id=\"vaumvpxxskcrrqrhzkoxiwldmvtwaubzppkh\">\n<div><div class=\"twer-map-wrapper treweler-map-fw\" ><div class=\"twer-iframe-embed\" style=\"height:500px;\"><iframe loading=\"lazy\" class=\"twer-iframe\" src=\"https:\/\/tlatelolcounam.mx\/caminoreal\/treweler-map\/estado-de-mexico\/?tw=iframe&#038;twer-index=1&#038;twer-map-id=474&#038;twer-height=500px&#038;twer-type=fullwidth&#038;twer-scrollzoom=yes&#038;twer-width\"  frameborder=\"0\" title=\"Treweler Map\"><\/iframe><\/div><\/div><\/div>\n<\/div>\n<\/div>\n<\/div>\n<\/div>\n<\/section>\n<section data-uid=\"qkfzfeoawtxqqyvitadwfdeismrzfhwurmii\" id=\"qkfzfeoawtxqqyvitadwfdeismrzfhwurmii\" class=\"brz-section brz-css-ipkey\">\n<div class=\"brz-section__content brz-section--boxed brz-css-iyigj brz-css-uuuvj\" data-custom-id=\"furozkipdsfzporznemncmrldghyqktjhmgb\">\n<div class=\"brz-bg overflow-hidden absolute top-0 left-0 w-full h-full\">\n<div class=\"brz-bg-image absolute top-0 left-0 w-full h-full bg-no-repeat bg-cover\"><\/div>\n<div class=\"brz-bg-color absolute top-0 left-0 w-full h-full\"><\/div>\n<\/div>\n<div class=\"brz-container brz-css-cbner\">\n<div class=\"brz-row__container brz-css-dgazi\" data-custom-id=\"achsreujasksizjbtnmshsdugxsmfrbryrvr\">\n<div class=\"brz-bg overflow-hidden absolute top-0 left-0 w-full h-full\"><\/div>\n<div class=\"brz-row brz-css-qfskr brz-css-lzbxl\">\n<div class=\"brz-columns brz-css-xmbax brz-css-noefq\" data-custom-id=\"zokmicasrntzzshjxniwzjkuppixtkmaqdzz\">\n<div class=\"brz-bg overflow-hidden absolute top-0 left-0 w-full h-full\"><\/div>\n<div class=\"brz-column__items brz-css-oxelj brz-css-tachv\">\n<div class=\"brz-css-bcmex brz-css-acsto brz-wrapper\">\n<div class=\"brz-image brz-css-orxjm\"><img decoding=\"async\" class=\"brz-img\" src=\"https:\/\/tlatelolcounam.mx\/caminoreal\/wp-content\/uploads\/brizy\/imgs\/logo-1-293x101x0x1x293x100x1642108354.png\" alt=\"\" loading=\"lazy\" \/><\/div>\n<\/div>\n<div class=\"brz-css-bcmex brz-css-ybymn brz-wrapper\">\n<div class=\"brz-spacer brz-css-drtdm brz-css-fwzku\"><\/div>\n<\/div>\n<div class=\"brz-css-bcmex brz-wrapper\">\n<div class=\"brz-rich-text brz-rich-text__custom brz-css-jbukh\" data-custom-id=\"kywuxuscztrrhlidoxrxnbhrmlsoucwdrdvp\">\n<div>\n<p class=\"brz-css-lvnev\" data-uniq-id=\"euomf\" data-generated-css=\"brz-css-qlfmh\"><span>Ricardo Flores Mag\u00f3n 1. <\/span><\/p>\n<p class=\"brz-css-mayyp\" data-uniq-id=\"fkrdx\" data-generated-css=\"brz-css-lepkg\"><span>Col. Nonoalco-Tlatelolco C.P. 06995. <\/span><\/p>\n<p class=\"brz-css-iaacj\" data-uniq-id=\"gutxj\" data-generated-css=\"brz-css-zxvpu\"><span>ccutlatelolco@gmail.com<\/span><\/p>\n<p class=\"brz-css-wsrzu\" data-generated-css=\"brz-css-fwbyw\" data-uniq-id=\"yzdzu\"><span>5117 2818 ext. 49613<\/span><\/p>\n<\/div>\n<\/div>\n<\/div>\n<\/div>\n<\/div>\n<div class=\"brz-columns brz-css-xmbax brz-css-daecj\" data-custom-id=\"ueceosewmvdlocaoiccxqzaqsdrbhugdlqwp\">\n<div class=\"brz-bg overflow-hidden absolute top-0 left-0 w-full h-full\"><\/div>\n<div class=\"brz-column__items brz-css-oxelj\">\n<div class=\"brz-css-bcmex brz-wrapper\">\n<div class=\"brz-rich-text brz-rich-text__custom brz-css-jbukh\" data-custom-id=\"yieydbdefqqzosmqedrukrhhuflrrnwhnfme\">\n<div>\n<p class=\"brz-css-xzfgg\" data-uniq-id=\"pdybz\" data-generated-css=\"brz-css-custc\"><span>M\u00e1s sobre el CCUT<\/span><\/p>\n<\/div>\n<\/div>\n<\/div>\n<div class=\"brz-css-bcmex brz-css-ybymn brz-wrapper\">\n<div class=\"brz-spacer brz-css-drtdm brz-css-bakky\"><\/div>\n<\/div>\n<div class=\"brz-css-bcmex brz-wrapper\">\n<div class=\"brz-rich-text brz-rich-text__custom brz-css-jbukh\" data-custom-id=\"ynfeweewrtxixsrhnduzblhwsykqywcbwrbd\">\n<div>\n<p class=\"brz-css-niyul\" data-uniq-id=\"frwjr\" data-generated-css=\"brz-css-laqsj\"><span>Seminario <\/span><\/p>\n<p class=\"brz-css-ubvvf\" data-uniq-id=\"vnkoo\" data-generated-css=\"brz-css-dmrvc\"><span>Memorias<\/span><\/p>\n<p class=\"brz-css-adlyp\" data-uniq-id=\"dcvrt\" data-generated-css=\"brz-css-bwatq\"><span>Resistencias<\/span><\/p>\n<p class=\"brz-css-hzwic\" data-generated-css=\"brz-css-vpotn\" data-uniq-id=\"xkgby\"><span>Comunidades<\/span><\/p>\n<\/div>\n<\/div>\n<\/div>\n<div class=\"brz-css-bcmex brz-wrapper\">\n<div class=\"brz-rich-text brz-rich-text__custom brz-css-jbukh\" data-custom-id=\"imzwziqzkzgaummubqbkvghlpqnmykoyscdr\">\n<div>\n<p class=\"brz-css-luisd\" data-uniq-id=\"icvhm\" data-generated-css=\"brz-css-gzhjx\"><\/p>\n<\/div>\n<\/div>\n<\/div>\n<\/div>\n<\/div>\n<div class=\"brz-columns brz-css-xmbax brz-css-uudnq\" data-custom-id=\"vweavhhwtywjlvwtobzunrtkfybgszsfwmoi\">\n<div class=\"brz-bg overflow-hidden absolute top-0 left-0 w-full h-full\"><\/div>\n<div class=\"brz-column__items brz-css-oxelj\">\n<div class=\"brz-css-bcmex brz-wrapper\">\n<div class=\"brz-rich-text brz-rich-text__custom brz-css-jbukh\" data-custom-id=\"yuqipqqugxqfpjpkfcexpwembqsekzhvzpjf\">\n<div>\n<p class=\"brz-css-subtm\" data-uniq-id=\"wbckk\" data-generated-css=\"brz-css-akbyj\"><span class=\"brz-cp-color8\">S\u00edguenos<\/span><\/p>\n<\/div>\n<\/div>\n<\/div>\n<div class=\"brz-css-bcmex brz-css-ybymn brz-wrapper\">\n<div class=\"brz-spacer brz-css-drtdm brz-css-hztce\"><\/div>\n<\/div>\n<div class=\"brz-css-bcmex brz-css-whkil brz-wrapper\">\n<div class=\"brz-icon-text brz-css-fvtwk brz-css-sdkbl\" data-custom-id=\"hydbwhzcpvjqiiorwlilgqxqftkxpkwkywsj\">\n<div id class=\"brz-icon__container\" data-custom-id=\"uqxskthsztuwpwwoqfqmhvqdknuvatiyuwqk\"><span class=\"brz-icon brz-span brz-css-qjdja brz-css-pxcow\"><\/span><\/div>\n<div class=\"brz-text-btn\">\n<div class=\"brz-rich-text brz-rich-text__custom brz-css-jbukh\" data-custom-id=\"bgkyxrvclbbxxythvkxjtgqxdhzzsnwwrkmq\">\n<div>\n<p class=\"brz-css-telvc\"><span>Twitter<\/span><\/p>\n<\/div>\n<\/div>\n<\/div>\n<\/div>\n<\/div>\n<div class=\"brz-css-bcmex brz-css-ghapl brz-wrapper\">\n<div class=\"brz-icon-text brz-css-fvtwk brz-css-akxpu\" data-custom-id=\"jabsrjtzzoxfchshzqqtimtttlnkjsnwskkq\">\n<div id class=\"brz-icon__container\" data-custom-id=\"cdxdzmlnscinzsmwffqlxwmqhplmzbhprxza\"><span class=\"brz-icon brz-span brz-css-qjdja brz-css-ikqnh\"><\/span><\/div>\n<div class=\"brz-text-btn\">\n<div class=\"brz-rich-text brz-rich-text__custom brz-css-jbukh\" data-custom-id=\"txxspklpmzyaxsjzabzltuhbhneozicfdhup\">\n<div>\n<p class=\"brz-css-lqkpt\"><span>Facebook<\/span><\/p>\n<\/div>\n<\/div>\n<\/div>\n<\/div>\n<\/div>\n<div class=\"brz-css-bcmex brz-wrapper\">\n<div class=\"brz-icon-text brz-css-fvtwk brz-css-aodza\" data-custom-id=\"evbxwngmaedzgcjttyjbxbrqilvezuyjizmm\">\n<div id class=\"brz-icon__container\" data-custom-id=\"gburckwvhlgdxkgngoywxugovxipiwturtcd\"><span class=\"brz-icon brz-span brz-css-qjdja brz-css-uccul\"><\/span><\/div>\n<div class=\"brz-text-btn\">\n<div class=\"brz-rich-text brz-rich-text__custom brz-css-jbukh\" data-custom-id=\"cxbjqcvvcsyicwjnumpamepblkgqnskdfjka\">\n<div>\n<p class=\"brz-css-dmamt\"><span>Youtube<\/span><\/p>\n<\/div>\n<\/div>\n<\/div>\n<\/div>\n<\/div>\n<\/div>\n<\/div>\n<\/div>\n<\/div>\n<div class=\"brz-css-bcmex brz-wrapper\">\n<div class=\"brz-image brz-css-lvgpr\"><img decoding=\"async\" class=\"brz-img\" src=\"https:\/\/tlatelolcounam.mx\/caminoreal\/wp-content\/uploads\/brizy\/imgs\/escudo-firma-176x88x0x0x176x88x1642108760.png\" alt=\"\" loading=\"lazy\" \/><\/div>\n<\/div>\n<div class=\"brz-css-bcmex brz-css-eluee brz-wrapper\">\n<div class=\"brz-line brz-line-default brz-css-wcnhi brz-css-uloqg\" data-custom-id=\"wguunchwyulhdtykgwtenhecrqcyxgzhcexc\">\n<hr class=\"brz-hr\" \/><\/div>\n<\/div>\n<div class=\"brz-css-bcmex brz-wrapper\">\n<div class=\"brz-rich-text brz-rich-text__custom brz-css-jbukh\" data-custom-id=\"ltuintpcpfoaywaqxegggkzizlpptgxtiful\">\n<div>\n<p class=\"brz-css-bcclv\" data-uniq-id=\"yqtzc\" data-generated-css=\"brz-css-kwjoz\"><span>Esta p\u00e1gina y el contenido de la misma se encuentran protegidos por propiedad intelectual, confidencialidad entre las partes, as\u00ed como por normativa general y universitaria vigente de Transparencia, Acceso a la Informaci\u00f3n P\u00fablica y Protecci\u00f3n de Datos Personales. UNAM-CCUT.<\/span><\/p>\n<\/div>\n<\/div>\n<\/div>\n<\/div>\n<\/div>\n<\/section>\n<\/div>\n<p><!-- version:1673304356 --><\/p>\n","protected":false},"excerpt":{"rendered":"<p>Inicio Estados Historia AGUASCALIENTES Fiestas, danzas y rituales Aguascalientes tiene gran variedad de festividades que muestran la gran variedad y riqueza que existe en el estado, su gran diversidad de espect\u00e1culos y exposiciones que se llevan a cabo atrae a un numeroso p\u00fablico de diferentes estados que llegan a celebrar y conocer la cultura del [&hellip;]<\/p>\n","protected":false},"author":10,"featured_media":0,"parent":1013,"menu_order":0,"comment_status":"closed","ping_status":"closed","template":"brizy-blank-template.php","meta":{"footnotes":""},"class_list":["post-1161","page","type-page","status-publish","hentry"],"_links":{"self":[{"href":"https:\/\/tlatelolcounam.mx\/caminoreal\/wp-json\/wp\/v2\/pages\/1161","targetHints":{"allow":["GET"]}}],"collection":[{"href":"https:\/\/tlatelolcounam.mx\/caminoreal\/wp-json\/wp\/v2\/pages"}],"about":[{"href":"https:\/\/tlatelolcounam.mx\/caminoreal\/wp-json\/wp\/v2\/types\/page"}],"author":[{"embeddable":true,"href":"https:\/\/tlatelolcounam.mx\/caminoreal\/wp-json\/wp\/v2\/users\/10"}],"replies":[{"embeddable":true,"href":"https:\/\/tlatelolcounam.mx\/caminoreal\/wp-json\/wp\/v2\/comments?post=1161"}],"version-history":[{"count":30,"href":"https:\/\/tlatelolcounam.mx\/caminoreal\/wp-json\/wp\/v2\/pages\/1161\/revisions"}],"predecessor-version":[{"id":45368,"href":"https:\/\/tlatelolcounam.mx\/caminoreal\/wp-json\/wp\/v2\/pages\/1161\/revisions\/45368"}],"up":[{"embeddable":true,"href":"https:\/\/tlatelolcounam.mx\/caminoreal\/wp-json\/wp\/v2\/pages\/1013"}],"wp:attachment":[{"href":"https:\/\/tlatelolcounam.mx\/caminoreal\/wp-json\/wp\/v2\/media?parent=1161"}],"curies":[{"name":"wp","href":"https:\/\/api.w.org\/{rel}","templated":true}]}}