{"id":1151,"date":"2022-04-29T02:22:37","date_gmt":"2022-04-29T02:22:37","guid":{"rendered":"https:\/\/tlatelolcounam.mx\/caminoreal\/?page_id=1151"},"modified":"2025-08-30T09:47:49","modified_gmt":"2025-08-30T09:47:49","slug":"ags_croni","status":"publish","type":"page","link":"https:\/\/tlatelolcounam.mx\/caminoreal\/ags_2\/ags_croni\/","title":{"rendered":"Aguascalientes &#8211; Cronistas"},"content":{"rendered":"<div class=\"brz-root__container brz-reset-all\">\n<section data-uid=\"cdkeghlziiohoukivthemcomadlvolvjzyzx\" id=\"cdkeghlziiohoukivthemcomadlvolvjzyzx\" class=\"brz-section brz-css-hdvko\">\n<div class=\"brz-section__content brz-section--boxed brz-css-esysg brz-css-qzpwb\" data-custom-id=\"kxtylskpqchveijjrewfnyruqtatzgwljyzm\">\n<div class=\"brz-container brz-css-wzwwk\">\n<div class=\"brz-row__container brz-css-rtakv\" data-custom-id=\"tnecfxcdykoambyuufnshbafyloyrkvzbfkf\">\n<div class=\"brz-bg overflow-hidden absolute top-0 left-0 w-full h-full\"><\/div>\n<div class=\"brz-row brz-css-zxbtx brz-css-laapn\">\n<div class=\"brz-columns brz-css-mesum brz-css-ylvcd\" data-custom-id=\"epxscrxbxahcngbhbcghkwdykelzrjhfzqft\">\n<div class=\"brz-bg overflow-hidden absolute top-0 left-0 w-full h-full\"><\/div>\n<div class=\"brz-column__items brz-css-zpwpx brz-css-dcpiy\">\n<div class=\"brz-css-wvibc brz-css-hafag brz-wrapper\">\n<div class=\"brz-image brz-css-fonrd brz-css-jrlju\"><img decoding=\"async\" class=\"brz-img\" src=\"https:\/\/tlatelolcounam.mx\/caminoreal\/wp-content\/uploads\/2022\/01\/logo.png\" alt=\"\" loading=\"lazy\" \/><\/div>\n<\/div>\n<\/div>\n<\/div>\n<div class=\"brz-columns brz-css-mesum brz-css-flbxz\" data-custom-id=\"pzxzuttxxgqksrrdgcwhaktqjdmukvkhahfe\">\n<div class=\"brz-bg overflow-hidden absolute top-0 left-0 w-full h-full\"><\/div>\n<div class=\"brz-column__items brz-css-zpwpx brz-css-rotrd\">\n<div class=\"brz-css-wvibc brz-wrapper\">\n<div class=\"brz-menu__container brz-css-dpytn\" data-mmenu-id=\"#qddyxbehtftvpqbjhonbdnsauthtihflvedf\" data-mmenu-position=\"position-left\" data-mmenu-title=\"Menu\" data-mmenu-stickytitle=\"on\" data-custom-id=\"xbqtfmrcedukngnyygmfwgkwektymnnnuzxj\">\n<nav class=\"brz-menu brz-menu__preview brz-css-ekiho\">\n<ul class=\"brz-menu__ul\" data-menu-items-active=\"\">\n<li class=\"brz-menu__item\" data-menu-item-id=\"a45e250d979c9b3c26fe6917797cc038\"><a class=\"brz-a menu-item menu-item-type-post_type menu-item-object-page menu-item-home\" href=\"https:\/\/tlatelolcounam.mx\/caminoreal\/\" data-brz-link-type=\"external\" id><span class=\"brz-span\">Inicio<\/span><\/a><\/li>\n<li class=\"brz-menu__item brz-menu__item-dropdown\" data-menu-item-id=\"ba4a85012b5365c17cdf357587076276\"><a class=\"brz-a brz-anchor menu-item menu-item-type-custom menu-item-object-custom\" href=\"#\" data-brz-link-type=\"anchor\" id><span class=\"brz-span\">Estados<\/span><\/a><\/li>\n<li class=\"brz-menu__item\" data-menu-item-id=\"d3c0c655631b120767a40bd0aed90e47\"><a class=\"brz-a menu-item menu-item-type-post_type menu-item-object-page\" href=\"https:\/\/tlatelolcounam.mx\/caminoreal\/historia\/\" data-brz-link-type=\"external\" id><span class=\"brz-span\">Historia<\/span><\/a><\/li>\n<\/ul>\n<\/nav>\n<div class=\"brz-mm-menu__icon\">\n<\/div>\n<\/div>\n<\/div>\n<\/div>\n<\/div>\n<\/div>\n<\/div>\n<\/div>\n<\/div>\n<\/section>\n<section data-uid=\"dokjzmexqunazctbloammypxiyzspbnjdvyj\" id=\"dokjzmexqunazctbloammypxiyzspbnjdvyj\" class=\"brz-section brz-css-hdvko\">\n<div class=\"brz-section__content brz-section--fullWidth brz-css-esysg brz-css-damli\" data-custom-id=\"ofodesxequsppebghdddegirgebmibqoghuq\">\n<div class=\"brz-container brz-css-wzwwk brz-css-vzehp\">\n<div class=\"brz-row__container brz-css-rtakv\" data-custom-id=\"utyrubatiicuodtfdrsdwpqylqelgarpuuon\">\n<div class=\"brz-bg overflow-hidden absolute top-0 left-0 w-full h-full\"><\/div>\n<div class=\"brz-row brz-css-zxbtx brz-css-laapn\">\n<div class=\"brz-columns brz-css-mesum brz-css-jwtlr\" data-custom-id=\"bwhvzqizgbjedpjcxsmqwrqrinyzgjbgspsj\">\n<div class=\"brz-bg overflow-hidden absolute top-0 left-0 w-full h-full\">\n<div class=\"brz-bg-image absolute top-0 left-0 w-full h-full bg-no-repeat bg-cover\"><\/div>\n<div class=\"brz-bg-color absolute top-0 left-0 w-full h-full\"><\/div>\n<\/div>\n<div class=\"brz-column__items brz-css-zpwpx brz-css-igpwz\">\n<div class=\"brz-css-wvibc brz-css-ruzbl brz-wrapper\">\n<div class=\"brz-spacer brz-css-efkdq brz-css-vecho\"><\/div>\n<\/div>\n<div class=\"brz-css-wvibc brz-css-htqzs brz-wrapper\">\n<div class=\"brz-rich-text brz-rich-text__custom brz-css-ijtzm\" data-custom-id=\"izorsycabgqshdvrjbcfkgyetwgynrgveamm\">\n<div>\n<p class=\"brz-css-wkvvx\" data-uniq-id=\"lomrs\" data-generated-css=\"brz-css-jwvkf\"><span class=\"brz-capitalize-on\">aguascalientes <\/span><\/p>\n<\/div>\n<\/div>\n<\/div>\n<div class=\"brz-css-wvibc brz-css-lfshm brz-wrapper\">\n<div class=\"brz-rich-text brz-rich-text__custom brz-css-ijtzm\" data-custom-id=\"cfwycpkjlnkmlwcbvyutnwwehsdyyuxjvlyc\">\n<div>\n<p class=\"brz-css-rsuhc\" data-generated-css=\"brz-css-mlwwu\" data-uniq-id=\"ffspz\"><\/p>\n<\/div>\n<\/div>\n<\/div>\n<div class=\"brz-css-wvibc brz-css-jxxxb brz-wrapper\">\n<div class=\"brz-rich-text brz-rich-text__custom brz-css-ijtzm\" data-custom-id=\"hvdjsxnpmygbqaixihrgshqpvepdlkrhladx\">\n<div>\n<p class=\"brz-css-etzys\" data-generated-css=\"brz-css-cdttb\" data-uniq-id=\"tpesu\"><\/p>\n<\/div>\n<\/div>\n<\/div>\n<div class=\"brz-css-wvibc brz-css-vfpzo brz-wrapper\">\n<div class=\"brz-rich-text brz-rich-text__custom brz-css-ijtzm\" data-custom-id=\"vrllblxfgdquppvwrpjnlxvnvbdjkpcrueaa\">\n<div>\n<p class=\"brz-css-eiewc\" data-uniq-id=\"ssmjn\" data-generated-css=\"brz-css-doxke\"><span>Cronistas<\/span><\/p>\n<\/div>\n<\/div>\n<\/div>\n<\/div>\n<\/div>\n<\/div>\n<\/div>\n<\/div>\n<\/div>\n<\/section>\n<section data-uid=\"vkkdmiywdorcuowqdwgtdcgpjevosqiqxbqd\" id=\"vkkdmiywdorcuowqdwgtdcgpjevosqiqxbqd\" class=\"brz-section brz-css-hdvko\">\n<div class=\"brz-section__content brz-section--boxed brz-css-esysg brz-css-sjaww\" data-custom-id=\"tmgrfkcjjliasesblgtfjhoqvkheinubntyp\">\n<div class=\"brz-container brz-css-wzwwk brz-css-pcxyi\">\n<div class=\"brz-css-wvibc brz-wrapper\">\n<div class=\"brz-rich-text brz-rich-text__custom brz-css-ijtzm\" data-custom-id=\"mzvjgxxlkjisipuxxyopfkxbdbmhcuachwnv\">\n<div>\n<p class=\"brz-css-vkjcf\" data-uniq-id=\"vzqnp\" data-generated-css=\"brz-css-kedgk\"><span class=\"brz-cp-color2\">*Espacio para la introducci\u00f3n<\/span><\/p>\n<\/div>\n<\/div>\n<\/div>\n<div class=\"brz-css-wvibc brz-wrapper\">\n<div class=\"brz-line brz-line-default brz-css-cdoxb brz-css-ksruz\" data-custom-id=\"vxlmzpzhiqesinjtklbyrtycwsmvrwyprrvy\">\n<hr class=\"brz-hr\" \/><\/div>\n<\/div>\n<div class=\"brz-css-wvibc brz-css-ruzbl brz-css-kbeej brz-wrapper\">\n<div class=\"brz-spacer brz-css-efkdq brz-css-hfoyn\"><\/div>\n<\/div>\n<div class=\"brz-row__container brz-css-rtakv\" data-custom-id=\"pxduhuvlsmlbvyoiuvgnepxymvbvboqoxboq\">\n<div class=\"brz-bg overflow-hidden absolute top-0 left-0 w-full h-full\"><\/div>\n<div class=\"brz-row brz-css-zxbtx brz-css-laapn\">\n<div class=\"brz-columns brz-css-mesum brz-css-imfit\" data-custom-id=\"szdimjmmscpnmhbbxtqfdqxfipodflnavhyc\">\n<div class=\"brz-bg overflow-hidden absolute top-0 left-0 w-full h-full\"><\/div>\n<div class=\"brz-column__items brz-css-zpwpx brz-css-bgobc\">\n<div class=\"brz-css-wvibc brz-css-akrwv brz-wrapper\">\n<div class=\"brz-rich-text brz-rich-text__custom brz-css-ijtzm\" data-custom-id=\"uvgszqewclrgtxqypkdmgzxppviqvrbslgue\">\n<div>\n<p class=\"brz-css-guops\" data-uniq-id=\"ybeaw\" data-generated-css=\"brz-css-xdzxi\"><\/p>\n<\/div>\n<\/div>\n<\/div>\n<\/div>\n<\/div>\n<\/div>\n<\/div>\n<\/div>\n<\/div>\n<\/section>\n<section data-uid=\"rveuamtmysvwswawebijahrjxkuxjvxlxelg\" id=\"rveuamtmysvwswawebijahrjxkuxjvxlxelg\" class=\"brz-section brz-css-hdvko brz-css-jszht\">\n<div class=\"brz-section__content brz-section--boxed brz-css-esysg brz-css-biegz\" data-custom-id=\"jevxzucvdlfbjclqnoxdfdxufrptolgfwndq\">\n<div class=\"brz-bg overflow-hidden absolute top-0 left-0 w-full h-full\">\n<div class=\"brz-bg-map absolute top-0 left-0 w-full h-full\"><\/div>\n<\/div>\n<div class=\"brz-container brz-css-wzwwk\">\n<div class=\"brz-css-wvibc brz-wrapper\">\n<div class=\"brz-wp-shortcode brz-css-mpltd\" data-custom-id=\"vaumvpxxskcrrqrhzkoxiwldmvtwaubzppkh\">\n<div><div class=\"twer-map-wrapper treweler-map-fw\" ><div class=\"twer-iframe-embed\" style=\"height:500px;\"><iframe loading=\"lazy\" class=\"twer-iframe\" src=\"https:\/\/tlatelolcounam.mx\/caminoreal\/treweler-map\/estado-de-mexico\/?tw=iframe&#038;twer-index=1&#038;twer-map-id=474&#038;twer-height=500px&#038;twer-type=fullwidth&#038;twer-scrollzoom=yes&#038;twer-width\"  frameborder=\"0\" title=\"Treweler Map\"><\/iframe><\/div><\/div><\/div>\n<\/div>\n<\/div>\n<\/div>\n<\/div>\n<\/section>\n<section data-uid=\"qkfzfeoawtxqqyvitadwfdeismrzfhwurmii\" id=\"qkfzfeoawtxqqyvitadwfdeismrzfhwurmii\" class=\"brz-section brz-css-hdvko\">\n<div class=\"brz-section__content brz-section--boxed brz-css-esysg brz-css-smrei\" data-custom-id=\"furozkipdsfzporznemncmrldghyqktjhmgb\">\n<div class=\"brz-bg overflow-hidden absolute top-0 left-0 w-full h-full\">\n<div class=\"brz-bg-image absolute top-0 left-0 w-full h-full bg-no-repeat bg-cover\"><\/div>\n<div class=\"brz-bg-color absolute top-0 left-0 w-full h-full\"><\/div>\n<\/div>\n<div class=\"brz-container brz-css-wzwwk\">\n<div class=\"brz-row__container brz-css-rtakv\" data-custom-id=\"achsreujasksizjbtnmshsdugxsmfrbryrvr\">\n<div class=\"brz-bg overflow-hidden absolute top-0 left-0 w-full h-full\"><\/div>\n<div class=\"brz-row brz-css-zxbtx brz-css-laapn\">\n<div class=\"brz-columns brz-css-mesum brz-css-pcwij\" data-custom-id=\"zokmicasrntzzshjxniwzjkuppixtkmaqdzz\">\n<div class=\"brz-bg overflow-hidden absolute top-0 left-0 w-full h-full\"><\/div>\n<div class=\"brz-column__items brz-css-zpwpx brz-css-xpexl\">\n<div class=\"brz-css-wvibc brz-css-cnscs brz-wrapper\">\n<div class=\"brz-image brz-css-fjxqb\"><img decoding=\"async\" class=\"brz-img\" src=\"https:\/\/tlatelolcounam.mx\/caminoreal\/wp-content\/uploads\/brizy\/imgs\/logo-1-293x101x0x1x293x100x1642108354.png\" alt=\"\" loading=\"lazy\" \/><\/div>\n<\/div>\n<div class=\"brz-css-wvibc brz-css-ruzbl brz-wrapper\">\n<div class=\"brz-spacer brz-css-efkdq brz-css-zptnn\"><\/div>\n<\/div>\n<div class=\"brz-css-wvibc brz-wrapper\">\n<div class=\"brz-rich-text brz-rich-text__custom brz-css-ijtzm\" data-custom-id=\"kywuxuscztrrhlidoxrxnbhrmlsoucwdrdvp\">\n<div>\n<p class=\"brz-css-jhgll\" data-uniq-id=\"euomf\" data-generated-css=\"brz-css-qlfmh\"><span>Ricardo Flores Mag\u00f3n 1. <\/span><\/p>\n<p class=\"brz-css-dzykc\" data-uniq-id=\"fkrdx\" data-generated-css=\"brz-css-lepkg\"><span>Col. Nonoalco-Tlatelolco C.P. 06995. <\/span><\/p>\n<p class=\"brz-css-dpowz\" data-uniq-id=\"gutxj\" data-generated-css=\"brz-css-zxvpu\"><span>ccutlatelolco@gmail.com<\/span><\/p>\n<p class=\"brz-css-vytrg\" data-generated-css=\"brz-css-fwbyw\" data-uniq-id=\"yzdzu\"><span>5117 2818 ext. 49613<\/span><\/p>\n<\/div>\n<\/div>\n<\/div>\n<\/div>\n<\/div>\n<div class=\"brz-columns brz-css-mesum brz-css-jejyq\" data-custom-id=\"ueceosewmvdlocaoiccxqzaqsdrbhugdlqwp\">\n<div class=\"brz-bg overflow-hidden absolute top-0 left-0 w-full h-full\"><\/div>\n<div class=\"brz-column__items brz-css-zpwpx\">\n<div class=\"brz-css-wvibc brz-wrapper\">\n<div class=\"brz-rich-text brz-rich-text__custom brz-css-ijtzm\" data-custom-id=\"yieydbdefqqzosmqedrukrhhuflrrnwhnfme\">\n<div>\n<p class=\"brz-css-aguwp\" data-uniq-id=\"pdybz\" data-generated-css=\"brz-css-custc\"><span>M\u00e1s sobre el CCUT<\/span><\/p>\n<\/div>\n<\/div>\n<\/div>\n<div class=\"brz-css-wvibc brz-css-ruzbl brz-wrapper\">\n<div class=\"brz-spacer brz-css-efkdq brz-css-nmjyj\"><\/div>\n<\/div>\n<div class=\"brz-css-wvibc brz-wrapper\">\n<div class=\"brz-rich-text brz-rich-text__custom brz-css-ijtzm\" data-custom-id=\"ynfeweewrtxixsrhnduzblhwsykqywcbwrbd\">\n<div>\n<p class=\"brz-css-kpcys\" data-uniq-id=\"frwjr\" data-generated-css=\"brz-css-laqsj\"><span>Seminario <\/span><\/p>\n<p class=\"brz-css-ufkim\" data-uniq-id=\"vnkoo\" data-generated-css=\"brz-css-dmrvc\"><span>Memorias<\/span><\/p>\n<p class=\"brz-css-bsgws\" data-uniq-id=\"dcvrt\" data-generated-css=\"brz-css-bwatq\"><span>Resistencias<\/span><\/p>\n<p class=\"brz-css-gamfg\" data-generated-css=\"brz-css-vpotn\" data-uniq-id=\"xkgby\"><span>Comunidades<\/span><\/p>\n<\/div>\n<\/div>\n<\/div>\n<div class=\"brz-css-wvibc brz-wrapper\">\n<div class=\"brz-rich-text brz-rich-text__custom brz-css-ijtzm\" data-custom-id=\"imzwziqzkzgaummubqbkvghlpqnmykoyscdr\">\n<div>\n<p class=\"brz-css-oaxcy\" data-uniq-id=\"icvhm\" data-generated-css=\"brz-css-gzhjx\"><\/p>\n<\/div>\n<\/div>\n<\/div>\n<\/div>\n<\/div>\n<div class=\"brz-columns brz-css-mesum brz-css-fitit\" data-custom-id=\"vweavhhwtywjlvwtobzunrtkfybgszsfwmoi\">\n<div class=\"brz-bg overflow-hidden absolute top-0 left-0 w-full h-full\"><\/div>\n<div class=\"brz-column__items brz-css-zpwpx\">\n<div class=\"brz-css-wvibc brz-wrapper\">\n<div class=\"brz-rich-text brz-rich-text__custom brz-css-ijtzm\" data-custom-id=\"yuqipqqugxqfpjpkfcexpwembqsekzhvzpjf\">\n<div>\n<p class=\"brz-css-rxcsy\" data-uniq-id=\"wbckk\" data-generated-css=\"brz-css-akbyj\"><span class=\"brz-cp-color8\">S\u00edguenos<\/span><\/p>\n<\/div>\n<\/div>\n<\/div>\n<div class=\"brz-css-wvibc brz-css-ruzbl brz-wrapper\">\n<div class=\"brz-spacer brz-css-efkdq brz-css-assbv\"><\/div>\n<\/div>\n<div class=\"brz-css-wvibc brz-css-hyzjx brz-wrapper\">\n<div class=\"brz-icon-text brz-css-kbtgj brz-css-zeqnq\" data-custom-id=\"hydbwhzcpvjqiiorwlilgqxqftkxpkwkywsj\">\n<div id class=\"brz-icon__container\" data-custom-id=\"uqxskthsztuwpwwoqfqmhvqdknuvatiyuwqk\"><span class=\"brz-icon brz-span brz-css-uxaty brz-css-tnmze\"><\/span><\/div>\n<div class=\"brz-text-btn\">\n<div class=\"brz-rich-text brz-rich-text__custom brz-css-ijtzm\" data-custom-id=\"bgkyxrvclbbxxythvkxjtgqxdhzzsnwwrkmq\">\n<div>\n<p class=\"brz-css-jppyj\"><span>Twitter<\/span><\/p>\n<\/div>\n<\/div>\n<\/div>\n<\/div>\n<\/div>\n<div class=\"brz-css-wvibc brz-css-eohya brz-wrapper\">\n<div class=\"brz-icon-text brz-css-kbtgj brz-css-usqse\" data-custom-id=\"jabsrjtzzoxfchshzqqtimtttlnkjsnwskkq\">\n<div id class=\"brz-icon__container\" data-custom-id=\"cdxdzmlnscinzsmwffqlxwmqhplmzbhprxza\"><span class=\"brz-icon brz-span brz-css-uxaty brz-css-yfrjn\"><\/span><\/div>\n<div class=\"brz-text-btn\">\n<div class=\"brz-rich-text brz-rich-text__custom brz-css-ijtzm\" data-custom-id=\"txxspklpmzyaxsjzabzltuhbhneozicfdhup\">\n<div>\n<p class=\"brz-css-omqln\"><span>Facebook<\/span><\/p>\n<\/div>\n<\/div>\n<\/div>\n<\/div>\n<\/div>\n<div class=\"brz-css-wvibc brz-wrapper\">\n<div class=\"brz-icon-text brz-css-kbtgj brz-css-ingoh\" data-custom-id=\"evbxwngmaedzgcjttyjbxbrqilvezuyjizmm\">\n<div id class=\"brz-icon__container\" data-custom-id=\"gburckwvhlgdxkgngoywxugovxipiwturtcd\"><span class=\"brz-icon brz-span brz-css-uxaty brz-css-ozuws\"><\/span><\/div>\n<div class=\"brz-text-btn\">\n<div class=\"brz-rich-text brz-rich-text__custom brz-css-ijtzm\" data-custom-id=\"cxbjqcvvcsyicwjnumpamepblkgqnskdfjka\">\n<div>\n<p class=\"brz-css-ezfzy\"><span>Youtube<\/span><\/p>\n<\/div>\n<\/div>\n<\/div>\n<\/div>\n<\/div>\n<\/div>\n<\/div>\n<\/div>\n<\/div>\n<div class=\"brz-css-wvibc brz-wrapper\">\n<div class=\"brz-image brz-css-sbpus\"><img decoding=\"async\" class=\"brz-img\" src=\"https:\/\/tlatelolcounam.mx\/caminoreal\/wp-content\/uploads\/brizy\/imgs\/escudo-firma-176x88x0x0x176x88x1642108760.png\" alt=\"\" loading=\"lazy\" \/><\/div>\n<\/div>\n<div class=\"brz-css-wvibc brz-css-dcjab brz-wrapper\">\n<div class=\"brz-line brz-line-default brz-css-cdoxb brz-css-pdgyy\" data-custom-id=\"wguunchwyulhdtykgwtenhecrqcyxgzhcexc\">\n<hr class=\"brz-hr\" \/><\/div>\n<\/div>\n<div class=\"brz-css-wvibc brz-wrapper\">\n<div class=\"brz-rich-text brz-rich-text__custom brz-css-ijtzm\" data-custom-id=\"ltuintpcpfoaywaqxegggkzizlpptgxtiful\">\n<div>\n<p class=\"brz-css-cactw\" data-uniq-id=\"yqtzc\" data-generated-css=\"brz-css-kwjoz\"><span>Esta p\u00e1gina y el contenido de la misma se encuentran protegidos por propiedad intelectual, confidencialidad entre las partes, as\u00ed como por normativa general y universitaria vigente de Transparencia, Acceso a la Informaci\u00f3n P\u00fablica y Protecci\u00f3n de Datos Personales. UNAM-CCUT.<\/span><\/p>\n<\/div>\n<\/div>\n<\/div>\n<\/div>\n<\/div>\n<\/section>\n<\/div>\n<p><!-- version:1673304771 --><\/p>\n","protected":false},"excerpt":{"rendered":"<p>Inicio Estados Historia aguascalientes Cronistas *Espacio para la introducci\u00f3n Ricardo Flores Mag\u00f3n 1. Col. Nonoalco-Tlatelolco C.P. 06995. ccutlatelolco@gmail.com 5117 2818 ext. 49613 M\u00e1s sobre el CCUT Seminario Memorias Resistencias Comunidades S\u00edguenos Twitter Facebook Youtube Esta p\u00e1gina y el contenido de la misma se encuentran protegidos por propiedad intelectual, confidencialidad entre las partes, as\u00ed como por [&hellip;]<\/p>\n","protected":false},"author":10,"featured_media":0,"parent":1013,"menu_order":0,"comment_status":"closed","ping_status":"closed","template":"brizy-blank-template.php","meta":{"footnotes":""},"class_list":["post-1151","page","type-page","status-publish","hentry"],"_links":{"self":[{"href":"https:\/\/tlatelolcounam.mx\/caminoreal\/wp-json\/wp\/v2\/pages\/1151","targetHints":{"allow":["GET"]}}],"collection":[{"href":"https:\/\/tlatelolcounam.mx\/caminoreal\/wp-json\/wp\/v2\/pages"}],"about":[{"href":"https:\/\/tlatelolcounam.mx\/caminoreal\/wp-json\/wp\/v2\/types\/page"}],"author":[{"embeddable":true,"href":"https:\/\/tlatelolcounam.mx\/caminoreal\/wp-json\/wp\/v2\/users\/10"}],"replies":[{"embeddable":true,"href":"https:\/\/tlatelolcounam.mx\/caminoreal\/wp-json\/wp\/v2\/comments?post=1151"}],"version-history":[{"count":16,"href":"https:\/\/tlatelolcounam.mx\/caminoreal\/wp-json\/wp\/v2\/pages\/1151\/revisions"}],"predecessor-version":[{"id":39716,"href":"https:\/\/tlatelolcounam.mx\/caminoreal\/wp-json\/wp\/v2\/pages\/1151\/revisions\/39716"}],"up":[{"embeddable":true,"href":"https:\/\/tlatelolcounam.mx\/caminoreal\/wp-json\/wp\/v2\/pages\/1013"}],"wp:attachment":[{"href":"https:\/\/tlatelolcounam.mx\/caminoreal\/wp-json\/wp\/v2\/media?parent=1151"}],"curies":[{"name":"wp","href":"https:\/\/api.w.org\/{rel}","templated":true}]}}