{"id":1147,"date":"2022-04-29T02:19:24","date_gmt":"2022-04-29T02:19:24","guid":{"rendered":"https:\/\/tlatelolcounam.mx\/caminoreal\/?page_id=1147"},"modified":"2025-08-11T13:26:58","modified_gmt":"2025-08-11T13:26:58","slug":"dura_trad","status":"publish","type":"page","link":"https:\/\/tlatelolcounam.mx\/caminoreal\/dura_2\/dura_trad\/","title":{"rendered":"Durango &#8211; Fiestas, danzas y rituales"},"content":{"rendered":"<div class=\"brz-root__container brz-reset-all\">\n<section data-uid=\"cdkeghlziiohoukivthemcomadlvolvjzyzx\" id=\"cdkeghlziiohoukivthemcomadlvolvjzyzx\" class=\"brz-section brz-css-qadxn\">\n<div class=\"brz-section__content brz-section--boxed brz-css-rylsr brz-css-anbuj\" data-custom-id=\"kxtylskpqchveijjrewfnyruqtatzgwljyzm\">\n<div class=\"brz-container brz-css-levdo\">\n<div class=\"brz-row__container brz-css-tgaaz\" data-custom-id=\"tnecfxcdykoambyuufnshbafyloyrkvzbfkf\">\n<div class=\"brz-bg overflow-hidden absolute top-0 left-0 w-full h-full\"><\/div>\n<div class=\"brz-row brz-css-onyiv brz-css-ytlbq\">\n<div class=\"brz-columns brz-css-bvmbc brz-css-nxwfm\" data-custom-id=\"epxscrxbxahcngbhbcghkwdykelzrjhfzqft\">\n<div class=\"brz-bg overflow-hidden absolute top-0 left-0 w-full h-full\"><\/div>\n<div class=\"brz-column__items brz-css-rbeij brz-css-opzjo\">\n<div class=\"brz-css-gvgjw brz-css-xhgoe brz-wrapper\">\n<div class=\"brz-image brz-css-phndr brz-css-dahhq\"><img decoding=\"async\" class=\"brz-img\" src=\"https:\/\/tlatelolcounam.mx\/caminoreal\/wp-content\/uploads\/2022\/01\/logo.png\" alt=\"\" loading=\"lazy\" \/><\/div>\n<\/div>\n<\/div>\n<\/div>\n<div class=\"brz-columns brz-css-bvmbc brz-css-bjial\" data-custom-id=\"pzxzuttxxgqksrrdgcwhaktqjdmukvkhahfe\">\n<div class=\"brz-bg overflow-hidden absolute top-0 left-0 w-full h-full\"><\/div>\n<div class=\"brz-column__items brz-css-rbeij brz-css-cgizb\">\n<div class=\"brz-css-gvgjw brz-wrapper\">\n<div class=\"brz-menu__container brz-css-sjumf\" data-mmenu-id=\"#ffmhvfamevuclzofosgewerifxgnldnwxenm\" data-mmenu-position=\"position-left\" data-mmenu-title=\"Menu\" data-mmenu-stickytitle=\"on\" data-custom-id=\"xbqtfmrcedukngnyygmfwgkwektymnnnuzxj\">\n<nav class=\"brz-menu brz-menu__preview brz-css-hacnk\">\n<ul class=\"brz-menu__ul\" data-menu-items-active=\"\">\n<li class=\"brz-menu__item\" data-menu-item-id=\"a45e250d979c9b3c26fe6917797cc038\"><a class=\"brz-a menu-item menu-item-type-post_type menu-item-object-page menu-item-home\" href=\"https:\/\/tlatelolcounam.mx\/caminoreal\/\" data-brz-link-type=\"external\" id><span class=\"brz-span\">Inicio<\/span><\/a><\/li>\n<li class=\"brz-menu__item brz-menu__item-dropdown\" data-menu-item-id=\"ba4a85012b5365c17cdf357587076276\"><a class=\"brz-a brz-anchor menu-item menu-item-type-custom menu-item-object-custom\" href=\"#\" data-brz-link-type=\"anchor\" id><span class=\"brz-span\">Estados<\/span><\/a><\/li>\n<li class=\"brz-menu__item\" data-menu-item-id=\"d3c0c655631b120767a40bd0aed90e47\"><a class=\"brz-a menu-item menu-item-type-post_type menu-item-object-page\" href=\"https:\/\/tlatelolcounam.mx\/caminoreal\/historia\/\" data-brz-link-type=\"external\" id><span class=\"brz-span\">Historia<\/span><\/a><\/li>\n<\/ul>\n<\/nav>\n<div class=\"brz-mm-menu__icon\">\n<\/div>\n<\/div>\n<\/div>\n<\/div>\n<\/div>\n<\/div>\n<\/div>\n<\/div>\n<\/div>\n<\/section>\n<section data-uid=\"dokjzmexqunazctbloammypxiyzspbnjdvyj\" id=\"dokjzmexqunazctbloammypxiyzspbnjdvyj\" class=\"brz-section brz-css-qadxn\">\n<div class=\"brz-section__content brz-section--fullWidth brz-css-rylsr brz-css-pklwq\" data-custom-id=\"ofodesxequsppebghdddegirgebmibqoghuq\">\n<div class=\"brz-container brz-css-levdo brz-css-oykgv\">\n<div class=\"brz-row__container brz-css-tgaaz\" data-custom-id=\"utyrubatiicuodtfdrsdwpqylqelgarpuuon\">\n<div class=\"brz-bg overflow-hidden absolute top-0 left-0 w-full h-full\"><\/div>\n<div class=\"brz-row brz-css-onyiv brz-css-ytlbq\">\n<div class=\"brz-columns brz-css-bvmbc brz-css-wyjfg\" data-custom-id=\"bwhvzqizgbjedpjcxsmqwrqrinyzgjbgspsj\">\n<div class=\"brz-bg overflow-hidden absolute top-0 left-0 w-full h-full\">\n<div class=\"brz-bg-image absolute top-0 left-0 w-full h-full bg-no-repeat bg-cover\"><\/div>\n<div class=\"brz-bg-color absolute top-0 left-0 w-full h-full\"><\/div>\n<\/div>\n<div class=\"brz-column__items brz-css-rbeij brz-css-ycnnq\">\n<div class=\"brz-css-gvgjw brz-wrapper\">\n<div class=\"brz-rich-text brz-rich-text__custom brz-css-axotj\" data-custom-id=\"uiswctthobejdqrddzzsrfuutcjuqrywnnfi\">\n<div>\n<p class=\"brz-css-yakms\" data-uniq-id=\"xzhmw\" data-generated-css=\"brz-css-ybpbd\"><strong>DURANGO<\/strong><\/p>\n<\/div>\n<\/div>\n<\/div>\n<div class=\"brz-css-gvgjw brz-wrapper\">\n<div class=\"brz-rich-text brz-rich-text__custom brz-css-axotj\" data-custom-id=\"txoyohojmuzawlurlyxxdkdkquflgncutpah\">\n<div>\n<p class=\"brz-css-rijdw\" data-uniq-id=\"xpesj\" data-generated-css=\"brz-css-ptdxq\"><\/p>\n<\/div>\n<\/div>\n<\/div>\n<div class=\"brz-css-gvgjw brz-wrapper\">\n<div class=\"brz-rich-text brz-rich-text__custom brz-css-axotj\" data-custom-id=\"heztxdiidgwnlxosgzjkvevbynwbshteedvl\">\n<div>\n<p class=\"brz-css-ksqta\" data-uniq-id=\"sdbxa\" data-generated-css=\"brz-css-iczsl\"><\/p>\n<\/div>\n<\/div>\n<\/div>\n<div class=\"brz-css-gvgjw brz-wrapper\">\n<div class=\"brz-rich-text brz-rich-text__custom brz-css-axotj\" data-custom-id=\"ssxqgdfceswyzzdeaahkxnfompvtxxrqnjbq\">\n<div>\n<p class=\"brz-css-edarg\" data-generated-css=\"brz-css-cfkzm\" data-uniq-id=\"lvaox\"><strong>Fiestas, danzas y rituales<\/strong><\/p>\n<\/div>\n<\/div>\n<\/div>\n<\/div>\n<\/div>\n<\/div>\n<\/div>\n<\/div>\n<\/div>\n<\/section>\n<section data-uid=\"vkkdmiywdorcuowqdwgtdcgpjevosqiqxbqd\" id=\"vkkdmiywdorcuowqdwgtdcgpjevosqiqxbqd\" class=\"brz-section brz-css-qadxn\">\n<div class=\"brz-section__content brz-section--boxed brz-css-rylsr brz-css-fegph\" data-custom-id=\"tmgrfkcjjliasesblgtfjhoqvkheinubntyp\">\n<div class=\"brz-container brz-css-levdo brz-css-gcfel\">\n<div class=\"brz-css-gvgjw brz-wrapper\">\n<div class=\"brz-rich-text brz-rich-text__custom brz-css-axotj\" data-custom-id=\"ftnemjazgqgzlgedjwijppnblubrpmqwuoiu\">\n<div>\n<p class=\"brz-css-pghxv\" data-uniq-id=\"edjxl\" data-generated-css=\"brz-css-vcvie\"><span style=\"background-color: transparent\">Durango tiene diversas festividades, costumbres y tradiciones que van de acuerdo a las condiciones que se vive en cada espacio y de acuerdo a la temporalidad, como las ferias de la Manzana y de la Uva que se dan al t\u00e9rmino de la cosecha de sus respectivas frutas, tradiciones consideradas religiosas y otras que se relacionan con momentos hist\u00f3ricos y culturales como la Feria del Mariachi y la Feria de Jos\u00e9 Revueltas.<\/span><\/p>\n<\/div>\n<\/div>\n<\/div>\n<div class=\"brz-css-gvgjw brz-wrapper\">\n<div class=\"brz-line brz-line-default brz-css-edxjr brz-css-ajmms\" data-custom-id=\"vxlmzpzhiqesinjtklbyrtycwsmvrwyprrvy\">\n<hr class=\"brz-hr\" \/><\/div>\n<\/div>\n<div class=\"brz-row__container brz-css-tgaaz\" data-custom-id=\"pxduhuvlsmlbvyoiuvgnepxymvbvboqoxboq\">\n<div class=\"brz-bg overflow-hidden absolute top-0 left-0 w-full h-full\"><\/div>\n<div class=\"brz-row brz-css-onyiv brz-css-ytlbq\">\n<div class=\"brz-columns brz-css-bvmbc brz-css-gkddi\" data-custom-id=\"szdimjmmscpnmhbbxtqfdqxfipodflnavhyc\">\n<div class=\"brz-bg overflow-hidden absolute top-0 left-0 w-full h-full\"><\/div>\n<div class=\"brz-column__items brz-css-rbeij brz-css-jlmej\">\n<div class=\"brz-css-gvgjw brz-css-ealvx brz-wrapper\">\n<div class=\"brz-rich-text brz-rich-text__custom brz-css-axotj\" data-custom-id=\"uvgszqewclrgtxqypkdmgzxppviqvrbslgue\">\n<div>\n<p class=\"brz-css-llhmp\" data-uniq-id=\"wsgcp\" data-generated-css=\"brz-css-ntkyu\"><strong style=\"background-color: transparent\">Feria de la Manzana<\/strong><\/p>\n<p class=\"brz-css-dpehs\" data-uniq-id=\"fulvk\" data-generated-css=\"brz-css-ajnhc\"><span style=\"background-color: transparent\">En el municipio de Canatl\u00e1n, en las fechas del 12 al 16 de septiembre. La producci\u00f3n de la manzana en este municipio es una de las principales actividades de sustento, por lo que en la temporada de pizca. Antes de la feria se llevan a cabo una serie de eventos para elegir a la reina, donde participan diversos grupos locales y for\u00e1neos.\u00a0<\/span><\/p>\n<p class=\"brz-css-tcneg\" data-uniq-id=\"ewjhs\" data-generated-css=\"brz-css-kfdsa\"><\/p>\n<p class=\"brz-css-xjmac\" data-uniq-id=\"dlkuk\" data-generated-css=\"brz-css-gyyul\"><strong style=\"background-color: transparent\">Feria de la Uva<\/strong><\/p>\n<p class=\"brz-css-pmcne\" data-uniq-id=\"irihp\" data-generated-css=\"brz-css-mjoja\"><span style=\"background-color: transparent\">Se lleva a cabo en Ciudad Lerdo. Del 20 al 26 de julio se realiza la Feria de la Uva. Este festejo es una de las fiestas populares m\u00e1s grandes del estado, donde con representaciones art\u00edsticas, culturales y musicales, los duranguenses celebran la uva.<\/span><\/p>\n<p class=\"brz-css-wlkpv\" data-uniq-id=\"vruyy\" data-generated-css=\"brz-css-uwesg\"><\/p>\n<p class=\"brz-css-vgdez\" data-uniq-id=\"mslyf\" data-generated-css=\"brz-css-nutst\"><strong style=\"background-color: transparent\">Fiestas del Se\u00f1or de Mapim\u00ed<\/strong><\/p>\n<p class=\"brz-css-alabo\" data-uniq-id=\"ifdzh\" data-generated-css=\"brz-css-lhcpg\"><span style=\"background-color: transparent\">Se celebra en el municipio de Cuencam\u00e9. En las fechas del 28 de julio al 7 de agosto. Iniciando con un novenario el d\u00eda 28, siendo que durante esos d\u00edas hasta el 5 de agosto marchan de diferentes comunidades por la calle principal hacia la Iglesia de San Antonio de Padua. El d\u00eda 6 es la celebraci\u00f3n m\u00e1s grande para la imagen del Se\u00f1or de Mapim\u00ed.\u00a0\u00a0<\/span><\/p>\n<p class=\"brz-css-vcszy\" data-uniq-id=\"okoxl\" data-generated-css=\"brz-css-itdgl\"><\/p>\n<p class=\"brz-css-foaow\" data-uniq-id=\"lbgey\" data-generated-css=\"brz-css-shnni\"><strong style=\"background-color: transparent\">Feria Nacional de Durango.<\/strong><\/p>\n<p class=\"brz-css-vssvs\" data-uniq-id=\"kvbzk\" data-generated-css=\"brz-css-xbsag\"><span style=\"background-color: transparent\">En el \u00faltimo fin de semana de junio y principios de julio en el municipio de Durango, siendo el d\u00eda principal el d\u00eda 8 de julio. Es un evento multidisciplinario que combina y ofrece actividades de entretenimiento, cultura, tradiciones, deportivas y culinarias. Uno de los principales atractivos es el Parque de la Velaria, un espacio verde que cuenta con un lago artificial, diversas propuestas gastron\u00f3micas, \u00e1reas de juegos mec\u00e1nicos, \u00e1reas comerciales y un Palenque con capacidad para 4 800 personas.<\/span><\/p>\n<p class=\"brz-css-ztbmd\" data-uniq-id=\"fepex\" data-generated-css=\"brz-css-imufh\"><\/p>\n<p class=\"brz-css-ykobn\" data-uniq-id=\"ezpox\" data-generated-css=\"brz-css-rsyoh\"><strong style=\"background-color: transparent\">La Feria Internacional Revueltas <\/strong><\/p>\n<p class=\"brz-css-dbnzz\" data-uniq-id=\"lbywc\" data-generated-css=\"brz-css-fguwq\"><span style=\"background-color: transparent\">Se lleva a cabo en la Ciudad de Durango y otros municipios. Del 18 de septiembre al 28 de octubre. Esta feria se lleva a cabo desde 1998 para hacer un homenaje a la familia Revueltas. Es una diversificada muestra de arte y cultura que facilita el acercamiento popular con estos valores esenciales y el simbolismo de la historia regional, en sus primeras ediciones se llam\u00f3 To\u00f1alco, palabra ind\u00edgena, que hace alusi\u00f3n al oto\u00f1o, temporada en que se levanta la cosecha.<\/span><\/p>\n<p class=\"brz-css-falka\" data-uniq-id=\"cwfuw\" data-generated-css=\"brz-css-ouiqx\"><\/p>\n<p class=\"brz-css-gsxrx\" data-uniq-id=\"hoiil\" data-generated-css=\"brz-css-dkflc\"><strong style=\"background-color: transparent\">El Festival del Mariachi, su Charrer\u00eda y Danza<\/strong><\/p>\n<p data-uniq-id=\"ruppk\" data-generated-css=\"brz-css-xvulv\" class=\"brz-css-ixcqt\"><span style=\"background-color: transparent\"> Se lleva a cabo en Victoria de Durango, otras sedes son Nuevo Ideal, Canatl\u00e1n, Nazas, Cuencam\u00e9 y Pe\u00f1\u00f3n Blanco. Del 26 de septiembre\u00a0al 29 de septiembre. Busca contribuir a la preservaci\u00f3n y divulgaci\u00f3n de la m\u00fasica, charrer\u00eda y danza. Donde se presenten personas locatarias que realizan estas actividades y propician nuevas opciones de apreciaci\u00f3n y acercamiento a las tradiciones musicales del pa\u00eds.<\/span><\/p>\n<\/div>\n<\/div>\n<\/div>\n<\/div>\n<\/div>\n<\/div>\n<\/div>\n<\/div>\n<\/div>\n<\/section>\n<section data-uid=\"rveuamtmysvwswawebijahrjxkuxjvxlxelg\" id=\"rveuamtmysvwswawebijahrjxkuxjvxlxelg\" class=\"brz-section brz-css-qadxn brz-css-teqdb\">\n<div class=\"brz-section__content brz-section--boxed brz-css-rylsr brz-css-uxbjm\" data-custom-id=\"jevxzucvdlfbjclqnoxdfdxufrptolgfwndq\">\n<div class=\"brz-bg overflow-hidden absolute top-0 left-0 w-full h-full\">\n<div class=\"brz-bg-map absolute top-0 left-0 w-full h-full\"><\/div>\n<\/div>\n<div class=\"brz-container brz-css-levdo\">\n<div class=\"brz-css-gvgjw brz-wrapper\">\n<div class=\"brz-wp-shortcode brz-css-wjzyo\" data-custom-id=\"vaumvpxxskcrrqrhzkoxiwldmvtwaubzppkh\">\n<div><div class=\"twer-map-wrapper treweler-map-fw\" ><div class=\"twer-iframe-embed\" style=\"height:500px;\"><iframe loading=\"lazy\" class=\"twer-iframe\" src=\"https:\/\/tlatelolcounam.mx\/caminoreal\/treweler-map\/estado-de-mexico\/?tw=iframe&#038;twer-index=1&#038;twer-map-id=474&#038;twer-height=500px&#038;twer-type=fullwidth&#038;twer-scrollzoom=yes&#038;twer-width\"  frameborder=\"0\" title=\"Treweler Map\"><\/iframe><\/div><\/div><\/div>\n<\/div>\n<\/div>\n<\/div>\n<\/div>\n<\/section>\n<section data-uid=\"qkfzfeoawtxqqyvitadwfdeismrzfhwurmii\" id=\"qkfzfeoawtxqqyvitadwfdeismrzfhwurmii\" class=\"brz-section brz-css-qadxn\">\n<div class=\"brz-section__content brz-section--boxed brz-css-rylsr brz-css-tkcya\" data-custom-id=\"furozkipdsfzporznemncmrldghyqktjhmgb\">\n<div class=\"brz-bg overflow-hidden absolute top-0 left-0 w-full h-full\">\n<div class=\"brz-bg-image absolute top-0 left-0 w-full h-full bg-no-repeat bg-cover\"><\/div>\n<div class=\"brz-bg-color absolute top-0 left-0 w-full h-full\"><\/div>\n<\/div>\n<div class=\"brz-container brz-css-levdo\">\n<div class=\"brz-row__container brz-css-tgaaz\" data-custom-id=\"achsreujasksizjbtnmshsdugxsmfrbryrvr\">\n<div class=\"brz-bg overflow-hidden absolute top-0 left-0 w-full h-full\"><\/div>\n<div class=\"brz-row brz-css-onyiv brz-css-ytlbq\">\n<div class=\"brz-columns brz-css-bvmbc brz-css-rbtip\" data-custom-id=\"zokmicasrntzzshjxniwzjkuppixtkmaqdzz\">\n<div class=\"brz-bg overflow-hidden absolute top-0 left-0 w-full h-full\"><\/div>\n<div class=\"brz-column__items brz-css-rbeij brz-css-nghjv\">\n<div class=\"brz-css-gvgjw brz-css-uqdca brz-wrapper\">\n<div class=\"brz-image brz-css-fnear\"><img decoding=\"async\" class=\"brz-img\" src=\"https:\/\/tlatelolcounam.mx\/caminoreal\/wp-content\/uploads\/brizy\/imgs\/logo-1-293x101x0x1x293x100x1642108354.png\" alt=\"\" loading=\"lazy\" \/><\/div>\n<\/div>\n<div class=\"brz-css-gvgjw brz-css-fdckr brz-wrapper\">\n<div class=\"brz-spacer brz-css-bcbwk brz-css-cdwzp\"><\/div>\n<\/div>\n<div class=\"brz-css-gvgjw brz-wrapper\">\n<div class=\"brz-rich-text brz-rich-text__custom brz-css-axotj\" data-custom-id=\"kywuxuscztrrhlidoxrxnbhrmlsoucwdrdvp\">\n<div>\n<p class=\"brz-css-jawfo\" data-uniq-id=\"euomf\" data-generated-css=\"brz-css-qlfmh\"><span>Ricardo Flores Mag\u00f3n 1. <\/span><\/p>\n<p class=\"brz-css-vieiz\" data-uniq-id=\"fkrdx\" data-generated-css=\"brz-css-lepkg\"><span>Col. Nonoalco-Tlatelolco C.P. 06995. <\/span><\/p>\n<p class=\"brz-css-evyog\" data-uniq-id=\"gutxj\" data-generated-css=\"brz-css-zxvpu\"><span>ccutlatelolco@gmail.com<\/span><\/p>\n<p class=\"brz-css-gpzca\" data-generated-css=\"brz-css-fwbyw\" data-uniq-id=\"yzdzu\"><span>5117 2818 ext. 49613<\/span><\/p>\n<\/div>\n<\/div>\n<\/div>\n<\/div>\n<\/div>\n<div class=\"brz-columns brz-css-bvmbc brz-css-lyiwy\" data-custom-id=\"ueceosewmvdlocaoiccxqzaqsdrbhugdlqwp\">\n<div class=\"brz-bg overflow-hidden absolute top-0 left-0 w-full h-full\"><\/div>\n<div class=\"brz-column__items brz-css-rbeij\">\n<div class=\"brz-css-gvgjw brz-wrapper\">\n<div class=\"brz-rich-text brz-rich-text__custom brz-css-axotj\" data-custom-id=\"yieydbdefqqzosmqedrukrhhuflrrnwhnfme\">\n<div>\n<p class=\"brz-css-pdgqe\" data-uniq-id=\"pdybz\" data-generated-css=\"brz-css-custc\"><span>M\u00e1s sobre el CCUT<\/span><\/p>\n<\/div>\n<\/div>\n<\/div>\n<div class=\"brz-css-gvgjw brz-css-fdckr brz-wrapper\">\n<div class=\"brz-spacer brz-css-bcbwk brz-css-lanht\"><\/div>\n<\/div>\n<div class=\"brz-css-gvgjw brz-wrapper\">\n<div class=\"brz-rich-text brz-rich-text__custom brz-css-axotj\" data-custom-id=\"ynfeweewrtxixsrhnduzblhwsykqywcbwrbd\">\n<div>\n<p class=\"brz-css-bicug\" data-uniq-id=\"frwjr\" data-generated-css=\"brz-css-laqsj\"><span>Seminario <\/span><\/p>\n<p class=\"brz-css-vtpxe\" data-uniq-id=\"vnkoo\" data-generated-css=\"brz-css-dmrvc\"><span>Memorias<\/span><\/p>\n<p class=\"brz-css-kdrqe\" data-uniq-id=\"dcvrt\" data-generated-css=\"brz-css-bwatq\"><span>Resistencias<\/span><\/p>\n<p class=\"brz-css-twhef\" data-generated-css=\"brz-css-vpotn\" data-uniq-id=\"xkgby\"><span>Comunidades<\/span><\/p>\n<\/div>\n<\/div>\n<\/div>\n<div class=\"brz-css-gvgjw brz-wrapper\">\n<div class=\"brz-rich-text brz-rich-text__custom brz-css-axotj\" data-custom-id=\"imzwziqzkzgaummubqbkvghlpqnmykoyscdr\">\n<div>\n<p class=\"brz-css-ysbmu\" data-uniq-id=\"icvhm\" data-generated-css=\"brz-css-gzhjx\"><\/p>\n<\/div>\n<\/div>\n<\/div>\n<\/div>\n<\/div>\n<div class=\"brz-columns brz-css-bvmbc brz-css-nsths\" data-custom-id=\"vweavhhwtywjlvwtobzunrtkfybgszsfwmoi\">\n<div class=\"brz-bg overflow-hidden absolute top-0 left-0 w-full h-full\"><\/div>\n<div class=\"brz-column__items brz-css-rbeij\">\n<div class=\"brz-css-gvgjw brz-wrapper\">\n<div class=\"brz-rich-text brz-rich-text__custom brz-css-axotj\" data-custom-id=\"yuqipqqugxqfpjpkfcexpwembqsekzhvzpjf\">\n<div>\n<p class=\"brz-css-qvhiv\" data-uniq-id=\"wbckk\" data-generated-css=\"brz-css-akbyj\"><span class=\"brz-cp-color8\">S\u00edguenos<\/span><\/p>\n<\/div>\n<\/div>\n<\/div>\n<div class=\"brz-css-gvgjw brz-css-fdckr brz-wrapper\">\n<div class=\"brz-spacer brz-css-bcbwk brz-css-mpcge\"><\/div>\n<\/div>\n<div class=\"brz-css-gvgjw brz-css-cjshn brz-wrapper\">\n<div class=\"brz-icon-text brz-css-sczjw brz-css-ejunj\" data-custom-id=\"hydbwhzcpvjqiiorwlilgqxqftkxpkwkywsj\">\n<div id class=\"brz-icon__container\" data-custom-id=\"uqxskthsztuwpwwoqfqmhvqdknuvatiyuwqk\"><span class=\"brz-icon brz-span brz-css-wadfm brz-css-shaml\"><\/span><\/div>\n<div class=\"brz-text-btn\">\n<div class=\"brz-rich-text brz-rich-text__custom brz-css-axotj\" data-custom-id=\"bgkyxrvclbbxxythvkxjtgqxdhzzsnwwrkmq\">\n<div>\n<p class=\"brz-css-rfljg\"><span>Twitter<\/span><\/p>\n<\/div>\n<\/div>\n<\/div>\n<\/div>\n<\/div>\n<div class=\"brz-css-gvgjw brz-css-esnmg brz-wrapper\">\n<div class=\"brz-icon-text brz-css-sczjw brz-css-sbide\" data-custom-id=\"jabsrjtzzoxfchshzqqtimtttlnkjsnwskkq\">\n<div id class=\"brz-icon__container\" data-custom-id=\"cdxdzmlnscinzsmwffqlxwmqhplmzbhprxza\"><span class=\"brz-icon brz-span brz-css-wadfm brz-css-enhvr\"><\/span><\/div>\n<div class=\"brz-text-btn\">\n<div class=\"brz-rich-text brz-rich-text__custom brz-css-axotj\" data-custom-id=\"txxspklpmzyaxsjzabzltuhbhneozicfdhup\">\n<div>\n<p class=\"brz-css-rmrue\"><span>Facebook<\/span><\/p>\n<\/div>\n<\/div>\n<\/div>\n<\/div>\n<\/div>\n<div class=\"brz-css-gvgjw brz-wrapper\">\n<div class=\"brz-icon-text brz-css-sczjw brz-css-ifeie\" data-custom-id=\"evbxwngmaedzgcjttyjbxbrqilvezuyjizmm\">\n<div id class=\"brz-icon__container\" data-custom-id=\"gburckwvhlgdxkgngoywxugovxipiwturtcd\"><span class=\"brz-icon brz-span brz-css-wadfm brz-css-rkjay\"><\/span><\/div>\n<div class=\"brz-text-btn\">\n<div class=\"brz-rich-text brz-rich-text__custom brz-css-axotj\" data-custom-id=\"cxbjqcvvcsyicwjnumpamepblkgqnskdfjka\">\n<div>\n<p class=\"brz-css-jhvbz\"><span>Youtube<\/span><\/p>\n<\/div>\n<\/div>\n<\/div>\n<\/div>\n<\/div>\n<\/div>\n<\/div>\n<\/div>\n<\/div>\n<div class=\"brz-css-gvgjw brz-wrapper\">\n<div class=\"brz-image brz-css-hdmdt\"><img decoding=\"async\" class=\"brz-img\" src=\"https:\/\/tlatelolcounam.mx\/caminoreal\/wp-content\/uploads\/brizy\/imgs\/escudo-firma-176x88x0x0x176x88x1642108760.png\" alt=\"\" loading=\"lazy\" \/><\/div>\n<\/div>\n<div class=\"brz-css-gvgjw brz-css-uljnl brz-wrapper\">\n<div class=\"brz-line brz-line-default brz-css-edxjr brz-css-vgmkq\" data-custom-id=\"wguunchwyulhdtykgwtenhecrqcyxgzhcexc\">\n<hr class=\"brz-hr\" \/><\/div>\n<\/div>\n<div class=\"brz-css-gvgjw brz-wrapper\">\n<div class=\"brz-rich-text brz-rich-text__custom brz-css-axotj\" data-custom-id=\"ltuintpcpfoaywaqxegggkzizlpptgxtiful\">\n<div>\n<p class=\"brz-css-zmdzr\" data-uniq-id=\"yqtzc\" data-generated-css=\"brz-css-kwjoz\"><span>Esta p\u00e1gina y el contenido de la misma se encuentran protegidos por propiedad intelectual, confidencialidad entre las partes, as\u00ed como por normativa general y universitaria vigente de Transparencia, Acceso a la Informaci\u00f3n P\u00fablica y Protecci\u00f3n de Datos Personales. UNAM-CCUT.<\/span><\/p>\n<\/div>\n<\/div>\n<\/div>\n<\/div>\n<\/div>\n<\/section>\n<\/div>\n<p><!-- version:1673306058 --><\/p>\n","protected":false},"excerpt":{"rendered":"<p>Inicio Estados Historia DURANGO Fiestas, danzas y rituales Durango tiene diversas festividades, costumbres y tradiciones que van de acuerdo a las condiciones que se vive en cada espacio y de acuerdo a la temporalidad, como las ferias de la Manzana y de la Uva que se dan al t\u00e9rmino de la cosecha de sus respectivas [&hellip;]<\/p>\n","protected":false},"author":10,"featured_media":0,"parent":1019,"menu_order":0,"comment_status":"closed","ping_status":"closed","template":"brizy-blank-template.php","meta":{"footnotes":""},"class_list":["post-1147","page","type-page","status-publish","hentry"],"_links":{"self":[{"href":"https:\/\/tlatelolcounam.mx\/caminoreal\/wp-json\/wp\/v2\/pages\/1147","targetHints":{"allow":["GET"]}}],"collection":[{"href":"https:\/\/tlatelolcounam.mx\/caminoreal\/wp-json\/wp\/v2\/pages"}],"about":[{"href":"https:\/\/tlatelolcounam.mx\/caminoreal\/wp-json\/wp\/v2\/types\/page"}],"author":[{"embeddable":true,"href":"https:\/\/tlatelolcounam.mx\/caminoreal\/wp-json\/wp\/v2\/users\/10"}],"replies":[{"embeddable":true,"href":"https:\/\/tlatelolcounam.mx\/caminoreal\/wp-json\/wp\/v2\/comments?post=1147"}],"version-history":[{"count":30,"href":"https:\/\/tlatelolcounam.mx\/caminoreal\/wp-json\/wp\/v2\/pages\/1147\/revisions"}],"predecessor-version":[{"id":46410,"href":"https:\/\/tlatelolcounam.mx\/caminoreal\/wp-json\/wp\/v2\/pages\/1147\/revisions\/46410"}],"up":[{"embeddable":true,"href":"https:\/\/tlatelolcounam.mx\/caminoreal\/wp-json\/wp\/v2\/pages\/1019"}],"wp:attachment":[{"href":"https:\/\/tlatelolcounam.mx\/caminoreal\/wp-json\/wp\/v2\/media?parent=1147"}],"curies":[{"name":"wp","href":"https:\/\/api.w.org\/{rel}","templated":true}]}}