{"id":1130,"date":"2022-04-29T02:11:36","date_gmt":"2022-04-29T02:11:36","guid":{"rendered":"https:\/\/tlatelolcounam.mx\/caminoreal\/?page_id=1130"},"modified":"2025-10-08T20:40:15","modified_gmt":"2025-10-08T20:40:15","slug":"dura_cron","status":"publish","type":"page","link":"https:\/\/tlatelolcounam.mx\/caminoreal\/dura_2\/dura_cron\/","title":{"rendered":"Durango &#8211; Cronistas"},"content":{"rendered":"<div class=\"brz-root__container brz-reset-all\">\n<section data-uid=\"cdkeghlziiohoukivthemcomadlvolvjzyzx\" id=\"cdkeghlziiohoukivthemcomadlvolvjzyzx\" class=\"brz-section brz-css-ggglm\">\n<div class=\"brz-section__content brz-section--boxed brz-css-zineu brz-css-nxidu\" data-custom-id=\"kxtylskpqchveijjrewfnyruqtatzgwljyzm\">\n<div class=\"brz-container brz-css-motla\">\n<div class=\"brz-row__container brz-css-qtxfr\" data-custom-id=\"tnecfxcdykoambyuufnshbafyloyrkvzbfkf\">\n<div class=\"brz-bg overflow-hidden absolute top-0 left-0 w-full h-full\"><\/div>\n<div class=\"brz-row brz-css-godbj brz-css-crgwq\">\n<div class=\"brz-columns brz-css-erzml brz-css-bwfno\" data-custom-id=\"epxscrxbxahcngbhbcghkwdykelzrjhfzqft\">\n<div class=\"brz-bg overflow-hidden absolute top-0 left-0 w-full h-full\"><\/div>\n<div class=\"brz-column__items brz-css-iopwg brz-css-srnuq\">\n<div class=\"brz-css-nthgy brz-css-lhgev brz-wrapper\">\n<div class=\"brz-image brz-css-ypsag brz-css-svoyn\"><img decoding=\"async\" class=\"brz-img\" src=\"https:\/\/tlatelolcounam.mx\/caminoreal\/wp-content\/uploads\/2022\/01\/logo.png\" alt=\"\" loading=\"lazy\" \/><\/div>\n<\/div>\n<\/div>\n<\/div>\n<div class=\"brz-columns brz-css-erzml brz-css-hjyua\" data-custom-id=\"pzxzuttxxgqksrrdgcwhaktqjdmukvkhahfe\">\n<div class=\"brz-bg overflow-hidden absolute top-0 left-0 w-full h-full\"><\/div>\n<div class=\"brz-column__items brz-css-iopwg brz-css-fwrbm\">\n<div class=\"brz-css-nthgy brz-wrapper\">\n<div class=\"brz-menu__container brz-css-hckjv\" data-mmenu-id=\"#ffdxxjbbzrydnsjemvjthlvnubjexstlhzuy\" data-mmenu-position=\"position-left\" data-mmenu-title=\"Menu\" data-mmenu-stickytitle=\"on\" data-custom-id=\"xbqtfmrcedukngnyygmfwgkwektymnnnuzxj\">\n<nav class=\"brz-menu brz-menu__preview brz-css-gutrw\">\n<ul class=\"brz-menu__ul\" data-menu-items-active=\"\">\n<li class=\"brz-menu__item\" data-menu-item-id=\"a45e250d979c9b3c26fe6917797cc038\"><a class=\"brz-a menu-item menu-item-type-post_type menu-item-object-page menu-item-home\" href=\"https:\/\/tlatelolcounam.mx\/caminoreal\/\" data-brz-link-type=\"external\" id><span class=\"brz-span\">Inicio<\/span><\/a><\/li>\n<li class=\"brz-menu__item brz-menu__item-dropdown\" data-menu-item-id=\"ba4a85012b5365c17cdf357587076276\"><a class=\"brz-a brz-anchor menu-item menu-item-type-custom menu-item-object-custom\" href=\"#\" data-brz-link-type=\"anchor\" id><span class=\"brz-span\">Estados<\/span><\/a><\/li>\n<li class=\"brz-menu__item\" data-menu-item-id=\"d3c0c655631b120767a40bd0aed90e47\"><a class=\"brz-a menu-item menu-item-type-post_type menu-item-object-page\" href=\"https:\/\/tlatelolcounam.mx\/caminoreal\/historia\/\" data-brz-link-type=\"external\" id><span class=\"brz-span\">Historia<\/span><\/a><\/li>\n<\/ul>\n<\/nav>\n<div class=\"brz-mm-menu__icon\">\n<\/div>\n<\/div>\n<\/div>\n<\/div>\n<\/div>\n<\/div>\n<\/div>\n<\/div>\n<\/div>\n<\/section>\n<section data-uid=\"dokjzmexqunazctbloammypxiyzspbnjdvyj\" id=\"dokjzmexqunazctbloammypxiyzspbnjdvyj\" class=\"brz-section brz-css-ggglm\">\n<div class=\"brz-section__content brz-section--fullWidth brz-css-zineu brz-css-kvzze\" data-custom-id=\"ofodesxequsppebghdddegirgebmibqoghuq\">\n<div class=\"brz-container brz-css-motla brz-css-eeqco\">\n<div class=\"brz-row__container brz-css-qtxfr\" data-custom-id=\"utyrubatiicuodtfdrsdwpqylqelgarpuuon\">\n<div class=\"brz-bg overflow-hidden absolute top-0 left-0 w-full h-full\"><\/div>\n<div class=\"brz-row brz-css-godbj brz-css-crgwq\">\n<div class=\"brz-columns brz-css-erzml brz-css-hwuxi\" data-custom-id=\"bwhvzqizgbjedpjcxsmqwrqrinyzgjbgspsj\">\n<div class=\"brz-bg overflow-hidden absolute top-0 left-0 w-full h-full\">\n<div class=\"brz-bg-image absolute top-0 left-0 w-full h-full bg-no-repeat bg-cover\"><\/div>\n<div class=\"brz-bg-color absolute top-0 left-0 w-full h-full\"><\/div>\n<\/div>\n<div class=\"brz-column__items brz-css-iopwg brz-css-tccmt\">\n<div class=\"brz-css-nthgy brz-wrapper\">\n<div class=\"brz-rich-text brz-rich-text__custom brz-css-giuif\" data-custom-id=\"nhhigyflwxrruiesevfwspfuojdipdpjuxwu\">\n<div>\n<p class=\"brz-css-bqkny\" data-uniq-id=\"haaaa\" data-generated-css=\"brz-css-lwnaf\"><strong>DURANGO<\/strong><\/p>\n<\/div>\n<\/div>\n<\/div>\n<div class=\"brz-css-nthgy brz-wrapper\">\n<div class=\"brz-rich-text brz-rich-text__custom brz-css-giuif\" data-custom-id=\"ohfryvpgkzutwovitpeltswbjtyckggubofl\">\n<div>\n<p class=\"brz-css-igksw\" data-uniq-id=\"vjetb\" data-generated-css=\"brz-css-kemal\"><\/p>\n<\/div>\n<\/div>\n<\/div>\n<div class=\"brz-css-nthgy brz-wrapper\">\n<div class=\"brz-rich-text brz-rich-text__custom brz-css-giuif\" data-custom-id=\"xhxhwdgspazmeqmrepqqzixmsbcoimnflaju\">\n<div>\n<p class=\"brz-css-gdhue\" data-uniq-id=\"jxxqc\" data-generated-css=\"brz-css-dxnsp\"><\/p>\n<\/div>\n<\/div>\n<\/div>\n<div class=\"brz-css-nthgy brz-wrapper\">\n<div class=\"brz-rich-text brz-rich-text__custom brz-css-giuif\" data-custom-id=\"muesmbktlyhkgofxpihayyrnfptwipqrbnjf\">\n<div>\n<p class=\"brz-css-acett\" data-uniq-id=\"jctkd\" data-generated-css=\"brz-css-ufkqh\"><strong>Cronistas<\/strong><\/p>\n<\/div>\n<\/div>\n<\/div>\n<\/div>\n<\/div>\n<\/div>\n<\/div>\n<\/div>\n<\/div>\n<\/section>\n<section data-uid=\"vkkdmiywdorcuowqdwgtdcgpjevosqiqxbqd\" id=\"vkkdmiywdorcuowqdwgtdcgpjevosqiqxbqd\" class=\"brz-section brz-css-ggglm\">\n<div class=\"brz-section__content brz-section--boxed brz-css-zineu brz-css-ssskk\" data-custom-id=\"tmgrfkcjjliasesblgtfjhoqvkheinubntyp\">\n<div class=\"brz-container brz-css-motla brz-css-fitfz\">\n<div class=\"brz-css-nthgy brz-wrapper\">\n<div class=\"brz-rich-text brz-rich-text__custom brz-css-giuif\" data-custom-id=\"pncwcbkvcmzdqetjxkhjfejcpsdskgbuytvj\">\n<div>\n<p class=\"brz-css-bpmub\" data-uniq-id=\"yremb\" data-generated-css=\"brz-css-tjmlz\"><\/p>\n<\/div>\n<\/div>\n<\/div>\n<div class=\"brz-css-nthgy brz-wrapper\">\n<div class=\"brz-line brz-line-default brz-css-gterb brz-css-zznlg\" data-custom-id=\"vxlmzpzhiqesinjtklbyrtycwsmvrwyprrvy\">\n<hr class=\"brz-hr\" \/><\/div>\n<\/div>\n<div class=\"brz-row__container brz-css-qtxfr\" data-custom-id=\"pxduhuvlsmlbvyoiuvgnepxymvbvboqoxboq\">\n<div class=\"brz-bg overflow-hidden absolute top-0 left-0 w-full h-full\"><\/div>\n<div class=\"brz-row brz-css-godbj brz-css-crgwq\">\n<div class=\"brz-columns brz-css-erzml brz-css-azubh\" data-custom-id=\"szdimjmmscpnmhbbxtqfdqxfipodflnavhyc\">\n<div class=\"brz-bg overflow-hidden absolute top-0 left-0 w-full h-full\"><\/div>\n<div class=\"brz-column__items brz-css-iopwg brz-css-wmpda\">\n<div class=\"brz-css-nthgy brz-css-vlpqn brz-wrapper\">\n<div class=\"brz-rich-text brz-rich-text__custom brz-css-giuif\" data-custom-id=\"uvgszqewclrgtxqypkdmgzxppviqvrbslgue\">\n<div>\n<p class=\"brz-css-ivsrg\" data-uniq-id=\"abbpr\" data-generated-css=\"brz-css-gtawf\"><\/p>\n<\/div>\n<\/div>\n<\/div>\n<\/div>\n<\/div>\n<\/div>\n<\/div>\n<\/div>\n<\/div>\n<\/section>\n<section data-uid=\"rveuamtmysvwswawebijahrjxkuxjvxlxelg\" id=\"rveuamtmysvwswawebijahrjxkuxjvxlxelg\" class=\"brz-section brz-css-ggglm brz-css-ctywh\">\n<div class=\"brz-section__content brz-section--boxed brz-css-zineu brz-css-ovijm\" data-custom-id=\"jevxzucvdlfbjclqnoxdfdxufrptolgfwndq\">\n<div class=\"brz-bg overflow-hidden absolute top-0 left-0 w-full h-full\">\n<div class=\"brz-bg-map absolute top-0 left-0 w-full h-full\"><\/div>\n<\/div>\n<div class=\"brz-container brz-css-motla\">\n<div class=\"brz-css-nthgy brz-wrapper\">\n<div class=\"brz-wp-shortcode brz-css-hnfsa\" data-custom-id=\"vaumvpxxskcrrqrhzkoxiwldmvtwaubzppkh\">\n<div><div class=\"twer-map-wrapper treweler-map-fw\" ><div class=\"twer-iframe-embed\" style=\"height:500px;\"><iframe loading=\"lazy\" class=\"twer-iframe\" src=\"https:\/\/tlatelolcounam.mx\/caminoreal\/treweler-map\/estado-de-mexico\/?tw=iframe&#038;twer-index=1&#038;twer-map-id=474&#038;twer-height=500px&#038;twer-type=fullwidth&#038;twer-scrollzoom=yes&#038;twer-width\"  frameborder=\"0\" title=\"Treweler Map\"><\/iframe><\/div><\/div><\/div>\n<\/div>\n<\/div>\n<\/div>\n<\/div>\n<\/section>\n<section data-uid=\"qkfzfeoawtxqqyvitadwfdeismrzfhwurmii\" id=\"qkfzfeoawtxqqyvitadwfdeismrzfhwurmii\" class=\"brz-section brz-css-ggglm\">\n<div class=\"brz-section__content brz-section--boxed brz-css-zineu brz-css-jnmfi\" data-custom-id=\"furozkipdsfzporznemncmrldghyqktjhmgb\">\n<div class=\"brz-bg overflow-hidden absolute top-0 left-0 w-full h-full\">\n<div class=\"brz-bg-image absolute top-0 left-0 w-full h-full bg-no-repeat bg-cover\"><\/div>\n<div class=\"brz-bg-color absolute top-0 left-0 w-full h-full\"><\/div>\n<\/div>\n<div class=\"brz-container brz-css-motla\">\n<div class=\"brz-row__container brz-css-qtxfr\" data-custom-id=\"achsreujasksizjbtnmshsdugxsmfrbryrvr\">\n<div class=\"brz-bg overflow-hidden absolute top-0 left-0 w-full h-full\"><\/div>\n<div class=\"brz-row brz-css-godbj brz-css-crgwq\">\n<div class=\"brz-columns brz-css-erzml brz-css-upyff\" data-custom-id=\"zokmicasrntzzshjxniwzjkuppixtkmaqdzz\">\n<div class=\"brz-bg overflow-hidden absolute top-0 left-0 w-full h-full\"><\/div>\n<div class=\"brz-column__items brz-css-iopwg brz-css-hucns\">\n<div class=\"brz-css-nthgy brz-css-hyeuf brz-wrapper\">\n<div class=\"brz-image brz-css-yznzn\"><img decoding=\"async\" class=\"brz-img\" src=\"https:\/\/tlatelolcounam.mx\/caminoreal\/wp-content\/uploads\/brizy\/imgs\/logo-1-293x101x0x1x293x100x1642108354.png\" alt=\"\" loading=\"lazy\" \/><\/div>\n<\/div>\n<div class=\"brz-css-nthgy brz-css-ucywp brz-wrapper\">\n<div class=\"brz-spacer brz-css-kiqei brz-css-sijen\"><\/div>\n<\/div>\n<div class=\"brz-css-nthgy brz-wrapper\">\n<div class=\"brz-rich-text brz-rich-text__custom brz-css-giuif\" data-custom-id=\"kywuxuscztrrhlidoxrxnbhrmlsoucwdrdvp\">\n<div>\n<p class=\"brz-css-wesrl\" data-uniq-id=\"euomf\" data-generated-css=\"brz-css-qlfmh\"><span>Ricardo Flores Mag\u00f3n 1. <\/span><\/p>\n<p class=\"brz-css-uyjaw\" data-uniq-id=\"fkrdx\" data-generated-css=\"brz-css-lepkg\"><span>Col. Nonoalco-Tlatelolco C.P. 06995. <\/span><\/p>\n<p class=\"brz-css-ysoxz\" data-uniq-id=\"gutxj\" data-generated-css=\"brz-css-zxvpu\"><span>ccutlatelolco@gmail.com<\/span><\/p>\n<p class=\"brz-css-vxqtp\" data-generated-css=\"brz-css-fwbyw\" data-uniq-id=\"yzdzu\"><span>5117 2818 ext. 49613<\/span><\/p>\n<\/div>\n<\/div>\n<\/div>\n<\/div>\n<\/div>\n<div class=\"brz-columns brz-css-erzml brz-css-mztli\" data-custom-id=\"ueceosewmvdlocaoiccxqzaqsdrbhugdlqwp\">\n<div class=\"brz-bg overflow-hidden absolute top-0 left-0 w-full h-full\"><\/div>\n<div class=\"brz-column__items brz-css-iopwg\">\n<div class=\"brz-css-nthgy brz-wrapper\">\n<div class=\"brz-rich-text brz-rich-text__custom brz-css-giuif\" data-custom-id=\"yieydbdefqqzosmqedrukrhhuflrrnwhnfme\">\n<div>\n<p class=\"brz-css-mvaod\" data-uniq-id=\"pdybz\" data-generated-css=\"brz-css-custc\"><span>M\u00e1s sobre el CCUT<\/span><\/p>\n<\/div>\n<\/div>\n<\/div>\n<div class=\"brz-css-nthgy brz-css-ucywp brz-wrapper\">\n<div class=\"brz-spacer brz-css-kiqei brz-css-wkyuc\"><\/div>\n<\/div>\n<div class=\"brz-css-nthgy brz-wrapper\">\n<div class=\"brz-rich-text brz-rich-text__custom brz-css-giuif\" data-custom-id=\"ynfeweewrtxixsrhnduzblhwsykqywcbwrbd\">\n<div>\n<p class=\"brz-css-zimcl\" data-uniq-id=\"frwjr\" data-generated-css=\"brz-css-laqsj\"><span>Seminario <\/span><\/p>\n<p class=\"brz-css-qjtmd\" data-uniq-id=\"vnkoo\" data-generated-css=\"brz-css-dmrvc\"><span>Memorias<\/span><\/p>\n<p class=\"brz-css-fvfvv\" data-uniq-id=\"dcvrt\" data-generated-css=\"brz-css-bwatq\"><span>Resistencias<\/span><\/p>\n<p class=\"brz-css-jpkkp\" data-generated-css=\"brz-css-vpotn\" data-uniq-id=\"xkgby\"><span>Comunidades<\/span><\/p>\n<\/div>\n<\/div>\n<\/div>\n<div class=\"brz-css-nthgy brz-wrapper\">\n<div class=\"brz-rich-text brz-rich-text__custom brz-css-giuif\" data-custom-id=\"imzwziqzkzgaummubqbkvghlpqnmykoyscdr\">\n<div>\n<p class=\"brz-css-zgpzb\" data-uniq-id=\"icvhm\" data-generated-css=\"brz-css-gzhjx\"><\/p>\n<\/div>\n<\/div>\n<\/div>\n<\/div>\n<\/div>\n<div class=\"brz-columns brz-css-erzml brz-css-hhazp\" data-custom-id=\"vweavhhwtywjlvwtobzunrtkfybgszsfwmoi\">\n<div class=\"brz-bg overflow-hidden absolute top-0 left-0 w-full h-full\"><\/div>\n<div class=\"brz-column__items brz-css-iopwg\">\n<div class=\"brz-css-nthgy brz-wrapper\">\n<div class=\"brz-rich-text brz-rich-text__custom brz-css-giuif\" data-custom-id=\"yuqipqqugxqfpjpkfcexpwembqsekzhvzpjf\">\n<div>\n<p class=\"brz-css-lnyxc\" data-uniq-id=\"wbckk\" data-generated-css=\"brz-css-akbyj\"><span class=\"brz-cp-color8\">S\u00edguenos<\/span><\/p>\n<\/div>\n<\/div>\n<\/div>\n<div class=\"brz-css-nthgy brz-css-ucywp brz-wrapper\">\n<div class=\"brz-spacer brz-css-kiqei brz-css-hwmvo\"><\/div>\n<\/div>\n<div class=\"brz-css-nthgy brz-css-pfusr brz-wrapper\">\n<div class=\"brz-icon-text brz-css-stbut brz-css-iatcz\" data-custom-id=\"hydbwhzcpvjqiiorwlilgqxqftkxpkwkywsj\">\n<div id class=\"brz-icon__container\" data-custom-id=\"uqxskthsztuwpwwoqfqmhvqdknuvatiyuwqk\"><span class=\"brz-icon brz-span brz-css-ygbkh brz-css-pnqav\"><\/span><\/div>\n<div class=\"brz-text-btn\">\n<div class=\"brz-rich-text brz-rich-text__custom brz-css-giuif\" data-custom-id=\"bgkyxrvclbbxxythvkxjtgqxdhzzsnwwrkmq\">\n<div>\n<p class=\"brz-css-jvnjj\"><span>Twitter<\/span><\/p>\n<\/div>\n<\/div>\n<\/div>\n<\/div>\n<\/div>\n<div class=\"brz-css-nthgy brz-css-wwdmp brz-wrapper\">\n<div class=\"brz-icon-text brz-css-stbut brz-css-nuamo\" data-custom-id=\"jabsrjtzzoxfchshzqqtimtttlnkjsnwskkq\">\n<div id class=\"brz-icon__container\" data-custom-id=\"cdxdzmlnscinzsmwffqlxwmqhplmzbhprxza\"><span class=\"brz-icon brz-span brz-css-ygbkh brz-css-aqnwl\"><\/span><\/div>\n<div class=\"brz-text-btn\">\n<div class=\"brz-rich-text brz-rich-text__custom brz-css-giuif\" data-custom-id=\"txxspklpmzyaxsjzabzltuhbhneozicfdhup\">\n<div>\n<p class=\"brz-css-owbfp\"><span>Facebook<\/span><\/p>\n<\/div>\n<\/div>\n<\/div>\n<\/div>\n<\/div>\n<div class=\"brz-css-nthgy brz-wrapper\">\n<div class=\"brz-icon-text brz-css-stbut brz-css-jtbaf\" data-custom-id=\"evbxwngmaedzgcjttyjbxbrqilvezuyjizmm\">\n<div id class=\"brz-icon__container\" data-custom-id=\"gburckwvhlgdxkgngoywxugovxipiwturtcd\"><span class=\"brz-icon brz-span brz-css-ygbkh brz-css-bxqyb\"><\/span><\/div>\n<div class=\"brz-text-btn\">\n<div class=\"brz-rich-text brz-rich-text__custom brz-css-giuif\" data-custom-id=\"cxbjqcvvcsyicwjnumpamepblkgqnskdfjka\">\n<div>\n<p class=\"brz-css-wznji\"><span>Youtube<\/span><\/p>\n<\/div>\n<\/div>\n<\/div>\n<\/div>\n<\/div>\n<\/div>\n<\/div>\n<\/div>\n<\/div>\n<div class=\"brz-css-nthgy brz-wrapper\">\n<div class=\"brz-image brz-css-tiyer\"><img decoding=\"async\" class=\"brz-img\" src=\"https:\/\/tlatelolcounam.mx\/caminoreal\/wp-content\/uploads\/brizy\/imgs\/escudo-firma-176x88x0x0x176x88x1642108760.png\" alt=\"\" loading=\"lazy\" \/><\/div>\n<\/div>\n<div class=\"brz-css-nthgy brz-css-xjwyf brz-wrapper\">\n<div class=\"brz-line brz-line-default brz-css-gterb brz-css-nnvis\" data-custom-id=\"wguunchwyulhdtykgwtenhecrqcyxgzhcexc\">\n<hr class=\"brz-hr\" \/><\/div>\n<\/div>\n<div class=\"brz-css-nthgy brz-wrapper\">\n<div class=\"brz-rich-text brz-rich-text__custom brz-css-giuif\" data-custom-id=\"ltuintpcpfoaywaqxegggkzizlpptgxtiful\">\n<div>\n<p class=\"brz-css-abluo\" data-uniq-id=\"yqtzc\" data-generated-css=\"brz-css-kwjoz\"><span>Esta p\u00e1gina y el contenido de la misma se encuentran protegidos por propiedad intelectual, confidencialidad entre las partes, as\u00ed como por normativa general y universitaria vigente de Transparencia, Acceso a la Informaci\u00f3n P\u00fablica y Protecci\u00f3n de Datos Personales. UNAM-CCUT.<\/span><\/p>\n<\/div>\n<\/div>\n<\/div>\n<\/div>\n<\/div>\n<\/section>\n<\/div>\n<p><!-- version:1673306431 --><\/p>\n","protected":false},"excerpt":{"rendered":"<p>Inicio Estados Historia DURANGO Cronistas Ricardo Flores Mag\u00f3n 1. Col. Nonoalco-Tlatelolco C.P. 06995. ccutlatelolco@gmail.com 5117 2818 ext. 49613 M\u00e1s sobre el CCUT Seminario Memorias Resistencias Comunidades S\u00edguenos Twitter Facebook Youtube Esta p\u00e1gina y el contenido de la misma se encuentran protegidos por propiedad intelectual, confidencialidad entre las partes, as\u00ed como por normativa general y universitaria [&hellip;]<\/p>\n","protected":false},"author":10,"featured_media":0,"parent":1019,"menu_order":0,"comment_status":"closed","ping_status":"closed","template":"brizy-blank-template.php","meta":{"footnotes":""},"class_list":["post-1130","page","type-page","status-publish","hentry"],"_links":{"self":[{"href":"https:\/\/tlatelolcounam.mx\/caminoreal\/wp-json\/wp\/v2\/pages\/1130","targetHints":{"allow":["GET"]}}],"collection":[{"href":"https:\/\/tlatelolcounam.mx\/caminoreal\/wp-json\/wp\/v2\/pages"}],"about":[{"href":"https:\/\/tlatelolcounam.mx\/caminoreal\/wp-json\/wp\/v2\/types\/page"}],"author":[{"embeddable":true,"href":"https:\/\/tlatelolcounam.mx\/caminoreal\/wp-json\/wp\/v2\/users\/10"}],"replies":[{"embeddable":true,"href":"https:\/\/tlatelolcounam.mx\/caminoreal\/wp-json\/wp\/v2\/comments?post=1130"}],"version-history":[{"count":20,"href":"https:\/\/tlatelolcounam.mx\/caminoreal\/wp-json\/wp\/v2\/pages\/1130\/revisions"}],"predecessor-version":[{"id":38969,"href":"https:\/\/tlatelolcounam.mx\/caminoreal\/wp-json\/wp\/v2\/pages\/1130\/revisions\/38969"}],"up":[{"embeddable":true,"href":"https:\/\/tlatelolcounam.mx\/caminoreal\/wp-json\/wp\/v2\/pages\/1019"}],"wp:attachment":[{"href":"https:\/\/tlatelolcounam.mx\/caminoreal\/wp-json\/wp\/v2\/media?parent=1130"}],"curies":[{"name":"wp","href":"https:\/\/api.w.org\/{rel}","templated":true}]}}