{"id":1088,"date":"2022-04-28T18:58:53","date_gmt":"2022-04-28T18:58:53","guid":{"rendered":"https:\/\/tlatelolcounam.mx\/caminoreal\/?page_id=1088"},"modified":"2025-08-12T17:33:54","modified_gmt":"2025-08-12T17:33:54","slug":"nuevo-mexico","status":"publish","type":"page","link":"https:\/\/tlatelolcounam.mx\/caminoreal\/nuevo-mexico\/","title":{"rendered":"Nuevo M\u00e9xico"},"content":{"rendered":"<div class=\"brz-root__container brz-reset-all\">\n<section data-uid=\"cdkeghlziiohoukivthemcomadlvolvjzyzx\" id=\"cdkeghlziiohoukivthemcomadlvolvjzyzx\" class=\"brz-section brz-css-vmylz\">\n<div class=\"brz-section__content brz-section--boxed brz-css-hvkpz brz-css-ahewk\" data-custom-id=\"kxtylskpqchveijjrewfnyruqtatzgwljyzm\">\n<div class=\"brz-container brz-css-onzbc\">\n<div class=\"brz-row__container brz-css-gsglj\" data-custom-id=\"tnecfxcdykoambyuufnshbafyloyrkvzbfkf\">\n<div class=\"brz-bg overflow-hidden absolute top-0 left-0 w-full h-full\"><\/div>\n<div class=\"brz-row brz-css-xzuln brz-css-mdkfy\">\n<div class=\"brz-columns brz-css-piusb brz-css-smcni\" data-custom-id=\"epxscrxbxahcngbhbcghkwdykelzrjhfzqft\">\n<div class=\"brz-bg overflow-hidden absolute top-0 left-0 w-full h-full\"><\/div>\n<div class=\"brz-column__items brz-css-hrprv brz-css-gtirp\">\n<div class=\"brz-css-fhbou brz-css-lfdmy brz-wrapper\">\n<div class=\"brz-image brz-css-vpplr brz-css-ifsdc\"><img decoding=\"async\" class=\"brz-img\" src=\"https:\/\/tlatelolcounam.mx\/caminoreal\/wp-content\/uploads\/2022\/01\/logo.png\" alt=\"\" loading=\"lazy\" \/><\/div>\n<\/div>\n<\/div>\n<\/div>\n<div class=\"brz-columns brz-css-piusb brz-css-tuytg\" data-custom-id=\"pzxzuttxxgqksrrdgcwhaktqjdmukvkhahfe\">\n<div class=\"brz-bg overflow-hidden absolute top-0 left-0 w-full h-full\"><\/div>\n<div class=\"brz-column__items brz-css-hrprv brz-css-yryug\">\n<div class=\"brz-css-fhbou brz-wrapper\">\n<div class=\"brz-menu__container brz-css-uthtr\" data-mmenu-id=\"#lenbqzvmgieverenyyknvqsbksmfydjtutxg\" data-mmenu-position=\"position-left\" data-mmenu-title=\"Menu\" data-mmenu-stickytitle=\"on\" data-custom-id=\"xbqtfmrcedukngnyygmfwgkwektymnnnuzxj\">\n<nav class=\"brz-menu brz-menu__preview brz-css-ptpbb\">\n<ul class=\"brz-menu__ul\" data-menu-items-active=\"\">\n<li class=\"brz-menu__item\" data-menu-item-id=\"a45e250d979c9b3c26fe6917797cc038\"><a class=\"brz-a menu-item menu-item-type-post_type menu-item-object-page menu-item-home\" href=\"https:\/\/tlatelolcounam.mx\/caminoreal\/\" data-brz-link-type=\"external\" id><span class=\"brz-span\">Inicio<\/span><\/a><\/li>\n<li class=\"brz-menu__item brz-menu__item--current brz-menu__item-dropdown\" data-menu-item-id=\"ba4a85012b5365c17cdf357587076276\"><a class=\"brz-a brz-anchor menu-item menu-item-type-custom menu-item-object-custom current-menu-ancestor current-menu-parent\" href=\"#\" data-brz-link-type=\"anchor\" id><span class=\"brz-span\">Estados<\/span><\/a><\/li>\n<li class=\"brz-menu__item\" data-menu-item-id=\"d3c0c655631b120767a40bd0aed90e47\"><a class=\"brz-a menu-item menu-item-type-post_type menu-item-object-page\" href=\"https:\/\/tlatelolcounam.mx\/caminoreal\/historia\/\" data-brz-link-type=\"external\" id><span class=\"brz-span\">Historia<\/span><\/a><\/li>\n<\/ul>\n<\/nav>\n<div class=\"brz-mm-menu__icon\">\n<\/div>\n<\/div>\n<\/div>\n<\/div>\n<\/div>\n<\/div>\n<\/div>\n<\/div>\n<\/div>\n<\/section>\n<section data-uid=\"dokjzmexqunazctbloammypxiyzspbnjdvyj\" id=\"dokjzmexqunazctbloammypxiyzspbnjdvyj\" class=\"brz-section brz-css-vmylz brz-css-zbzei\">\n<div class=\"brz-section__content brz-section--fullWidth brz-css-hvkpz brz-css-mzpps\" data-custom-id=\"ofodesxequsppebghdddegirgebmibqoghuq\">\n<div class=\"brz-bg overflow-hidden absolute top-0 left-0 w-full h-full\">\n<div class=\"brz-bg-color absolute top-0 left-0 w-full h-full\"><\/div>\n<\/div>\n<div class=\"brz-container brz-css-onzbc brz-css-epeog\">\n<div class=\"brz-row__container brz-css-gsglj\" data-custom-id=\"utyrubatiicuodtfdrsdwpqylqelgarpuuon\">\n<div class=\"brz-bg overflow-hidden absolute top-0 left-0 w-full h-full\"><\/div>\n<div class=\"brz-row brz-css-xzuln brz-css-mdkfy\">\n<div class=\"brz-columns brz-css-piusb brz-css-ysxsc\" data-custom-id=\"bwhvzqizgbjedpjcxsmqwrqrinyzgjbgspsj\">\n<div class=\"brz-bg overflow-hidden absolute top-0 left-0 w-full h-full\">\n<div class=\"brz-bg-image absolute top-0 left-0 w-full h-full bg-no-repeat bg-cover\"><\/div>\n<div class=\"brz-bg-color absolute top-0 left-0 w-full h-full\"><\/div>\n<\/div>\n<div class=\"brz-column__items brz-css-hrprv brz-css-kuvcf\">\n<div class=\"brz-css-fhbou brz-css-jbvnw brz-wrapper\">\n<div class=\"brz-spacer brz-css-sxqoc brz-css-bcjos\"><\/div>\n<\/div>\n<div class=\"brz-css-fhbou brz-css-nevpu brz-wrapper\">\n<div class=\"brz-rich-text brz-rich-text__custom brz-css-msthb\" data-custom-id=\"izorsycabgqshdvrjbcfkgyetwgynrgveamm\">\n<div>\n<p class=\"brz-css-xdoqa\" data-generated-css=\"brz-css-ggclh\" data-uniq-id=\"yqupt\"><span class=\"brz-capitalize-on\">NUEVO M\u00c9XICO<\/span><\/p>\n<\/div>\n<\/div>\n<\/div>\n<div class=\"brz-css-fhbou brz-css-jbvnw brz-wrapper\">\n<div class=\"brz-spacer brz-css-sxqoc brz-css-ylvah\"><\/div>\n<\/div>\n<div class=\"brz-row__container brz-css-gsglj\" data-custom-id=\"rnktzmcxtypqiahwlhdwdmbfxfnwigmcshge\">\n<div class=\"brz-bg overflow-hidden absolute top-0 left-0 w-full h-full\"><\/div>\n<div class=\"brz-row brz-row--inner brz-css-xzuln brz-css-mdkfy\">\n<div class=\"brz-columns brz-css-piusb brz-css-capui\" data-custom-id=\"iigfadolarzydvurvezvoyjjftpvwxzygqfj\">\n<div class=\"brz-bg overflow-hidden absolute top-0 left-0 w-full h-full\"><\/div>\n<div class=\"brz-column__items brz-css-hrprv\"><\/div>\n<\/div>\n<div class=\"brz-columns brz-css-piusb brz-css-bckqh\" data-custom-id=\"ntbumxilyumnzqwnvgqdljzgpxgkdvuzrljv\">\n<div class=\"brz-bg overflow-hidden absolute top-0 left-0 w-full h-full\"><\/div>\n<div class=\"brz-column__items brz-css-hrprv\">\n<div class=\"brz-css-fhbou brz-wrapper\">\n<div class=\"brz-rich-text brz-rich-text__custom brz-css-msthb\" data-custom-id=\"yyaphctrxfadyzarkhnhewnotteoogbczgpg\">\n<div>\n<p class=\"brz-css-bkbbu\" data-generated-css=\"brz-css-ixdgw\" data-uniq-id=\"xojtp\"><span>A finales del siglo XVI se construy\u00f3 el \u00faltimo tramo del Camino Real de Tierra Adentro en Nuevo M\u00e9xico, que continu\u00f3 sentando las bases de la formaci\u00f3n social y cultural de los pueblos fundados como consecuencia de las misiones y presidios. La resistencia ind\u00edgena tuvo un papel importante ya que permiti\u00f3 cierta preservaci\u00f3n de su cultura y la\u00a0formaci\u00f3n de una cultura mestiza que se caracteriza actualmente en el norte mexicano. Debido a las complejidades culturales, hist\u00f3ricas y del medio ambiente, el Camino Real en esta parte se mantuvo como un sendero y nunca se convirti\u00f3 en el camino que la ambici\u00f3n del imperio espa\u00f1ol pretend\u00eda.<\/span><\/p>\n<\/div>\n<\/div>\n<\/div>\n<\/div>\n<\/div>\n<div class=\"brz-columns brz-css-piusb brz-css-cfwhn\" data-custom-id=\"ucmldjakfcmkynjnsdrrwmzespfpkfphlgty\">\n<div class=\"brz-bg overflow-hidden absolute top-0 left-0 w-full h-full\"><\/div>\n<div class=\"brz-column__items brz-css-hrprv\"><\/div>\n<\/div>\n<\/div>\n<\/div>\n<\/div>\n<\/div>\n<\/div>\n<\/div>\n<\/div>\n<\/div>\n<\/section>\n<section data-uid=\"xbhrizblxdkmlqhrspiolqcmdstswqsqquxa\" id=\"xbhrizblxdkmlqhrspiolqcmdstswqsqquxa\" class=\"brz-section brz-css-vmylz\">\n<div class=\"brz-section__content brz-section--boxed brz-css-hvkpz brz-css-kbdfs\" data-custom-id=\"gmkaprjgggcuibzvcutclilzjrekrrrjazop\">\n<div class=\"brz-bg overflow-hidden absolute top-0 left-0 w-full h-full\">\n<div class=\"brz-bg-image absolute top-0 left-0 w-full h-full bg-no-repeat bg-cover brz-bg-image-parallax\"><\/div>\n<\/div>\n<div class=\"brz-container brz-css-onzbc\">\n<div class=\"brz-row__container brz-css-gsglj\" data-custom-id=\"oztjppprxrqmyupwtsrcyrfxqvnlhelfgutw\">\n<div class=\"brz-bg overflow-hidden absolute top-0 left-0 w-full h-full\"><\/div>\n<div class=\"brz-row brz-css-xzuln brz-css-mdkfy\">\n<div class=\"brz-columns brz-css-piusb brz-css-yhuub\" data-custom-id=\"wzsjuvwgwznberiehdxycgsqdugltnfotlrf\">\n<div class=\"brz-bg overflow-hidden absolute top-0 left-0 w-full h-full\"><\/div>\n<div class=\"brz-column__items brz-css-hrprv brz-css-iwpjv\">\n<div class=\"brz-css-fhbou brz-css-rueyx brz-wrapper\">\n<div class=\"brz-image brz-css-tgrey brz-css-frdsn\"><a class=\"brz-a\" href=\"https:\/\/tlatelolcounam.mx\/caminoreal\/nuevo-mexico\/nuevomexico-transporte\/\" data-brz-link-type=\"external\" id data-custom-id=\"dkaixjncvthdezykkaimumwweskkwhpmldca\"><img decoding=\"async\" class=\"brz-img\" src=\"https:\/\/tlatelolcounam.mx\/caminoreal\/wp-content\/uploads\/brizy\/imgs\/TRANSPORTE-360x360x0x14x360x332x1649224137.png\" alt=\"\" loading=\"lazy\" \/><\/a><\/div>\n<\/div>\n<div class=\"brz-css-fhbou brz-css-kxnff brz-wrapper\">\n<div class=\"brz-image brz-css-qjoav brz-css-yvcbl\"><a class=\"brz-a\" href=\"https:\/\/tlatelolcounam.mx\/caminoreal\/nuevo-mexico\/nuevomexico-guiadeturistas\/\" data-brz-link-type=\"external\" id data-custom-id=\"dvayhoaltrdwrfbxprvkrteztvasqsilvdpe\"><img decoding=\"async\" class=\"brz-img\" src=\"https:\/\/tlatelolcounam.mx\/caminoreal\/wp-content\/uploads\/brizy\/imgs\/TURISMO-360x360x0x52x360x212x1649224165.png\" alt=\"\" loading=\"lazy\" \/><\/a><\/div>\n<\/div>\n<div class=\"brz-css-fhbou brz-css-wqoms brz-wrapper\">\n<div class=\"brz-image brz-css-rnogp brz-css-apflp\"><a class=\"brz-a\" href=\"https:\/\/tlatelolcounam.mx\/caminoreal\/nuevo-mexico\/nuevomexico-sitiosarqueologicos\/\" data-brz-link-type=\"external\" id data-custom-id=\"vyvygxfpbmrsanfthgnbzizhvfzxaikckybg\"><img decoding=\"async\" class=\"brz-img\" src=\"https:\/\/tlatelolcounam.mx\/caminoreal\/wp-content\/uploads\/brizy\/imgs\/ARQUEOLOGICOS-396x396x18x0x360x396x1649223890.png\" alt=\"\" loading=\"lazy\" \/><\/a><\/div>\n<\/div>\n<\/div>\n<\/div>\n<div class=\"brz-columns brz-css-piusb brz-css-wvxjn\" data-custom-id=\"ghvactfmtlkylihokkzbxvzzhuaqftvmbnfx\">\n<div class=\"brz-bg overflow-hidden absolute top-0 left-0 w-full h-full\"><\/div>\n<div class=\"brz-column__items brz-css-hrprv\">\n<div class=\"brz-css-fhbou brz-css-uxomo brz-wrapper\">\n<div class=\"brz-image brz-css-kkoft brz-css-bpcga\"><a class=\"brz-a\" href=\"https:\/\/tlatelolcounam.mx\/caminoreal\/nuevo-mexico\/nuevomexico-fiestas\/\" data-brz-link-type=\"external\" id data-custom-id=\"evsitswzukpgmmkuaueugnfoffyzijqdgyje\"><img decoding=\"async\" class=\"brz-img\" src=\"https:\/\/tlatelolcounam.mx\/caminoreal\/wp-content\/uploads\/brizy\/imgs\/FIESTAS-DANZAS-360x360x0x31x360x298x1649223996.png\" alt=\"\" loading=\"lazy\" \/><\/a><\/div>\n<\/div>\n<div class=\"brz-css-fhbou brz-css-tncou brz-wrapper\">\n<div class=\"brz-image brz-css-akovj brz-css-qxzkz\"><a class=\"brz-a\" href=\"https:\/\/tlatelolcounam.mx\/caminoreal\/nuevo-mexico\/nuevomexico-cultura\/\" data-brz-link-type=\"external\" id data-custom-id=\"cszzetwcuelibbzwakbnpfymgnxtwbpeosot\"><img decoding=\"async\" class=\"brz-img\" src=\"https:\/\/tlatelolcounam.mx\/caminoreal\/wp-content\/uploads\/brizy\/imgs\/CULTURA-442x442x41x0x360x442x1649223967.png\" alt=\"\" loading=\"lazy\" \/><\/a><\/div>\n<\/div>\n<div class=\"brz-css-fhbou brz-css-rezvj brz-wrapper\">\n<div class=\"brz-image brz-css-jemil brz-css-truak\"><a class=\"brz-a\" href=\"https:\/\/tlatelolcounam.mx\/caminoreal\/nuevo-mexico\/nuevomexico-arquitectura\/\" data-brz-link-type=\"external\" id data-custom-id=\"ponksmqoohckslmdnwxunykqeurdsnlqpafu\"><img decoding=\"async\" class=\"brz-img\" src=\"https:\/\/tlatelolcounam.mx\/caminoreal\/wp-content\/uploads\/brizy\/imgs\/ARQUITECTURA-360x360x0x14x360x332x1649223920.png\" alt=\"\" loading=\"lazy\" \/><\/a><\/div>\n<\/div>\n<\/div>\n<\/div>\n<div class=\"brz-columns brz-css-piusb brz-css-wyulx\" data-custom-id=\"gdoxbuhzessbqyalltyohvpdokzfdlyevzmb\">\n<div class=\"brz-bg overflow-hidden absolute top-0 left-0 w-full h-full\"><\/div>\n<div class=\"brz-column__items brz-css-hrprv\">\n<div class=\"brz-css-fhbou brz-css-jbvnw brz-css-djuym brz-wrapper\">\n<div class=\"brz-spacer brz-css-sxqoc brz-css-tozjn\"><\/div>\n<\/div>\n<div class=\"brz-css-fhbou brz-css-rndpa brz-wrapper\">\n<div class=\"brz-image brz-css-wkxzz brz-css-rtymk\"><a class=\"brz-a\" href=\"https:\/\/tlatelolcounam.mx\/caminoreal\/nuevo-mexico\/nuevomexico-naturaleza\/\" data-brz-link-type=\"external\" id data-custom-id=\"ysncbvxawyzkvkmwffwyxkyqohwaibnleunz\"><img decoding=\"async\" class=\"brz-img\" src=\"https:\/\/tlatelolcounam.mx\/caminoreal\/wp-content\/uploads\/brizy\/imgs\/NATURALEZA-361x361x0x6x361x306x1649224068.png\" alt=\"\" loading=\"lazy\" \/><\/a><\/div>\n<\/div>\n<div class=\"brz-css-fhbou brz-css-yfgpp brz-wrapper\">\n<div class=\"brz-image brz-css-krwyh brz-css-mghya\"><a class=\"brz-a\" href=\"https:\/\/tlatelolcounam.mx\/caminoreal\/nuevo-mexico\/nuevomexico-gastronomia\/\" data-brz-link-type=\"external\" id data-custom-id=\"bvjbxklkyytbxvriqjbgbweipfgypmbocxgx\"><img decoding=\"async\" class=\"brz-img\" src=\"https:\/\/tlatelolcounam.mx\/caminoreal\/wp-content\/uploads\/brizy\/imgs\/GASTRONOMIA-361x361x0x14x361x333x1649224018.png\" alt=\"\" loading=\"lazy\" \/><\/a><\/div>\n<\/div>\n<div class=\"brz-css-fhbou brz-css-ukjcn brz-wrapper\">\n<div class=\"brz-image brz-css-uwovw brz-css-rluug\"><a class=\"brz-a\" href=\"https:\/\/tlatelolcounam.mx\/caminoreal\/nuevo-mexico\/nuevomexico-cronistas\/\" data-brz-link-type=\"external\" id data-custom-id=\"ssefxrwjqjavojxfyogftfeqwkgcpluplwin\"><img decoding=\"async\" class=\"brz-img\" src=\"https:\/\/tlatelolcounam.mx\/caminoreal\/wp-content\/uploads\/brizy\/imgs\/CRONISTAS-361x361x0x51x361x260x1649223937.png\" alt=\"\" loading=\"lazy\" \/><\/a><\/div>\n<\/div>\n<div class=\"brz-css-fhbou brz-css-rjdfa brz-wrapper\">\n<div class=\"brz-image brz-css-vyhsh brz-css-hqisl\"><a class=\"brz-a\" href=\"https:\/\/tlatelolcounam.mx\/caminoreal\/nuevo-mexico\/nuevomexico-hospedaje\/\" data-brz-link-type=\"external\" id data-custom-id=\"leyxodyxayhupzkerwgclafoetaeabmjeopb\"><img decoding=\"async\" class=\"brz-img\" src=\"https:\/\/tlatelolcounam.mx\/caminoreal\/wp-content\/uploads\/brizy\/imgs\/HOSPEDAJE-1-361x361x0x83x361x260x1651034933.png\" alt=\"\" loading=\"lazy\" \/><\/a><\/div>\n<\/div>\n<\/div>\n<\/div>\n<\/div>\n<\/div>\n<\/div>\n<\/div>\n<\/section>\n<section data-uid=\"qbfkutxzivuqimzwvurwhlzlevsnqhyozokv\" id=\"qbfkutxzivuqimzwvurwhlzlevsnqhyozokv\" class=\"brz-section brz-css-vmylz\">\n<div class=\"brz-section__content brz-section--boxed brz-css-hvkpz brz-css-mvjbp\" data-custom-id=\"pjcqvnotppncubgjpoptfczrkxvbldbgpubs\">\n<div class=\"brz-bg overflow-hidden absolute top-0 left-0 w-full h-full\">\n<div class=\"brz-bg-image absolute top-0 left-0 w-full h-full bg-no-repeat bg-cover\"><\/div>\n<\/div>\n<div class=\"brz-container brz-css-onzbc\">\n<div class=\"brz-row__container brz-css-gsglj\" data-custom-id=\"uuhodzzbtqloidrwysguigayydrgcpevkakg\">\n<div class=\"brz-bg overflow-hidden absolute top-0 left-0 w-full h-full\"><\/div>\n<div class=\"brz-row brz-css-xzuln brz-css-mdkfy\">\n<div class=\"brz-columns brz-css-piusb brz-css-jiafy\" data-custom-id=\"btzjjiuwgvaygazqnpzkdwkkzkkneihkeioo\">\n<div class=\"brz-bg overflow-hidden absolute top-0 left-0 w-full h-full\"><\/div>\n<div class=\"brz-column__items brz-css-hrprv brz-css-iuhjg\">\n<div class=\"brz-css-fhbou brz-wrapper\">\n<div class=\"brz-image brz-css-nnmzf brz-css-vjwpy\"><img decoding=\"async\" class=\"brz-img\" src=\"https:\/\/tlatelolcounam.mx\/caminoreal\/wp-content\/uploads\/brizy\/imgs\/SECRETARI\u0301A-DE-TURISMO-505x505x52x0x411x505x1649224133.png\" alt=\"\" loading=\"lazy\" \/><\/div>\n<\/div>\n<\/div>\n<\/div>\n<div class=\"brz-columns brz-css-piusb brz-css-rsloc\" data-custom-id=\"khwrzdrpaamenuwourpzzggvyyqknqnuvanm\">\n<div class=\"brz-bg overflow-hidden absolute top-0 left-0 w-full h-full\"><\/div>\n<div class=\"brz-column__items brz-css-hrprv brz-css-jkhac\">\n<div class=\"brz-css-fhbou brz-wrapper\">\n<div class=\"brz-image brz-css-hfdfw brz-css-zigui\"><img decoding=\"async\" class=\"brz-img\" src=\"https:\/\/tlatelolcounam.mx\/caminoreal\/wp-content\/uploads\/brizy\/imgs\/ALIADOS-524x524x51x0x433x524x1649223886.png\" alt=\"\" loading=\"lazy\" \/><\/div>\n<\/div>\n<\/div>\n<\/div>\n<\/div>\n<\/div>\n<\/div>\n<\/div>\n<\/section>\n<section data-uid=\"ndbrjwlkpgkbutqkhndxtwlghyzthupgxoer\" id=\"ndbrjwlkpgkbutqkhndxtwlghyzthupgxoer\" class=\"brz-section brz-css-vmylz\">\n<div class=\"brz-section__content brz-section--boxed brz-css-hvkpz brz-css-bwfpt\" data-custom-id=\"pmpyqmquwlwwnbbqravyfmyyfwzjmupdrqwm\">\n<div class=\"brz-bg overflow-hidden absolute top-0 left-0 w-full h-full\">\n<div class=\"brz-bg-image absolute top-0 left-0 w-full h-full bg-no-repeat bg-cover\"><\/div>\n<div class=\"brz-bg-color absolute top-0 left-0 w-full h-full\"><\/div>\n<\/div>\n<div class=\"brz-container brz-css-onzbc\">\n<div class=\"brz-row__container brz-css-gsglj\" data-custom-id=\"rqwpjjxbxtlnqzmsrcnossttmlptixpkffzd\">\n<div class=\"brz-bg overflow-hidden absolute top-0 left-0 w-full h-full\"><\/div>\n<div class=\"brz-row brz-css-xzuln brz-css-mdkfy\">\n<div class=\"brz-columns brz-css-piusb brz-css-gstar\" data-custom-id=\"xaaalhzkzqlrmtdjmawghruivhqtxdirzppf\">\n<div class=\"brz-bg overflow-hidden absolute top-0 left-0 w-full h-full\"><\/div>\n<div class=\"brz-column__items brz-css-hrprv brz-css-szwwn\">\n<div class=\"brz-css-fhbou brz-css-daayv brz-wrapper\">\n<div class=\"brz-image brz-css-byhdn\"><img decoding=\"async\" class=\"brz-img\" src=\"https:\/\/tlatelolcounam.mx\/caminoreal\/wp-content\/uploads\/brizy\/imgs\/logo-1-293x101x0x1x293x100x1642108354.png\" alt=\"\" loading=\"lazy\" \/><\/div>\n<\/div>\n<div class=\"brz-css-fhbou brz-css-jbvnw brz-wrapper\">\n<div class=\"brz-spacer brz-css-sxqoc brz-css-tyvxk\"><\/div>\n<\/div>\n<div class=\"brz-css-fhbou brz-wrapper\">\n<div class=\"brz-rich-text brz-rich-text__custom brz-css-msthb\" data-custom-id=\"gjegktnrmoofavhpkpcvkadjakmwzcgirice\">\n<div>\n<p class=\"brz-css-zuwlx\" data-uniq-id=\"euomf\" data-generated-css=\"brz-css-qlfmh\"><span>Ricardo Flores Mag\u00f3n 1. <\/span><\/p>\n<p class=\"brz-css-bognm\" data-uniq-id=\"fkrdx\" data-generated-css=\"brz-css-lepkg\"><span>Col. Nonoalco-Tlatelolco C.P. 06995. <\/span><\/p>\n<p class=\"brz-css-qseed\" data-uniq-id=\"gutxj\" data-generated-css=\"brz-css-zxvpu\"><span>ccutlatelolco@gmail.com<\/span><\/p>\n<p class=\"brz-css-uueoe\" data-generated-css=\"brz-css-fwbyw\" data-uniq-id=\"yzdzu\"><span>5117 2818 ext. 49613<\/span><\/p>\n<\/div>\n<\/div>\n<\/div>\n<\/div>\n<\/div>\n<div class=\"brz-columns brz-css-piusb brz-css-cnefa\" data-custom-id=\"jybrkyhtenvuwpnijtazsyakuxqgnnoseczd\">\n<div class=\"brz-bg overflow-hidden absolute top-0 left-0 w-full h-full\"><\/div>\n<div class=\"brz-column__items brz-css-hrprv\">\n<div class=\"brz-css-fhbou brz-wrapper\">\n<div class=\"brz-rich-text brz-rich-text__custom brz-css-msthb\" data-custom-id=\"oimqqfmucarphaxhwlmqbfdxkftpbxtovvqc\">\n<div>\n<p class=\"brz-css-ukmpl\" data-uniq-id=\"pdybz\" data-generated-css=\"brz-css-custc\"><span>M\u00e1s sobre el CCUT<\/span><\/p>\n<\/div>\n<\/div>\n<\/div>\n<div class=\"brz-css-fhbou brz-css-jbvnw brz-wrapper\">\n<div class=\"brz-spacer brz-css-sxqoc brz-css-ujdcn\"><\/div>\n<\/div>\n<div class=\"brz-css-fhbou brz-wrapper\">\n<div class=\"brz-rich-text brz-rich-text__custom brz-css-msthb\" data-custom-id=\"gxigcfbxvzsgnlvlwcdybycvapjuwmneuqll\">\n<div>\n<p class=\"brz-css-jbwzz\" data-uniq-id=\"frwjr\" data-generated-css=\"brz-css-laqsj\"><span>Seminario <\/span><\/p>\n<p class=\"brz-css-fvtxr\" data-uniq-id=\"vnkoo\" data-generated-css=\"brz-css-dmrvc\"><span>Memorias<\/span><\/p>\n<p class=\"brz-css-wkufx\" data-uniq-id=\"dcvrt\" data-generated-css=\"brz-css-bwatq\"><span>Resistencias<\/span><\/p>\n<p class=\"brz-css-donyn\" data-generated-css=\"brz-css-vpotn\" data-uniq-id=\"xkgby\"><span>Comunidades<\/span><\/p>\n<\/div>\n<\/div>\n<\/div>\n<div class=\"brz-css-fhbou brz-wrapper\">\n<div class=\"brz-rich-text brz-rich-text__custom brz-css-msthb\" data-custom-id=\"xtcvlflqpoikgxvqpzuaqmrqxcjfkrkjwfvv\">\n<div>\n<p class=\"brz-css-nidnq\" data-uniq-id=\"icvhm\" data-generated-css=\"brz-css-gzhjx\"><\/p>\n<\/div>\n<\/div>\n<\/div>\n<\/div>\n<\/div>\n<div class=\"brz-columns brz-css-piusb brz-css-wktca\" data-custom-id=\"obkciwtkkjpitsdmktdwoxjnkingtwlwtwex\">\n<div class=\"brz-bg overflow-hidden absolute top-0 left-0 w-full h-full\"><\/div>\n<div class=\"brz-column__items brz-css-hrprv\">\n<div class=\"brz-css-fhbou brz-wrapper\">\n<div class=\"brz-rich-text brz-rich-text__custom brz-css-msthb\" data-custom-id=\"hejxlkpgheztqygkkhovvbvsxhxiclvfflwn\">\n<div>\n<p class=\"brz-css-pjfgv\" data-uniq-id=\"wbckk\" data-generated-css=\"brz-css-akbyj\"><span class=\"brz-cp-color8\">S\u00edguenos<\/span><\/p>\n<\/div>\n<\/div>\n<\/div>\n<div class=\"brz-css-fhbou brz-css-jbvnw brz-wrapper\">\n<div class=\"brz-spacer brz-css-sxqoc brz-css-owahm\"><\/div>\n<\/div>\n<div class=\"brz-css-fhbou brz-css-nfnxm brz-wrapper\">\n<div class=\"brz-icon-text brz-css-uuzge brz-css-vzjgp\" data-custom-id=\"hkvvxjleyubdmhedbanhlqpxwtdhpvhyaszc\">\n<div id class=\"brz-icon__container\" data-custom-id=\"ucwnefmefgnvdcmiyczgokacmmcsujrcytip\"><span class=\"brz-icon brz-span brz-css-zbzqp brz-css-izmkk\"><\/span><\/div>\n<div class=\"brz-text-btn\">\n<div class=\"brz-rich-text brz-rich-text__custom brz-css-msthb\" data-custom-id=\"wcbuysdkccpjzkbekfchujzptciggqhompzj\">\n<div>\n<p class=\"brz-css-kfofr\"><span>Twitter<\/span><\/p>\n<\/div>\n<\/div>\n<\/div>\n<\/div>\n<\/div>\n<div class=\"brz-css-fhbou brz-css-qdzci brz-wrapper\">\n<div class=\"brz-icon-text brz-css-uuzge brz-css-hnkhk\" data-custom-id=\"ikszxadkeozaifxojioelesmfywtcarnsmca\">\n<div id class=\"brz-icon__container\" data-custom-id=\"mtfapomewsekpqgrftisobranvbrmcougqdc\"><span class=\"brz-icon brz-span brz-css-zbzqp brz-css-iyqop\"><\/span><\/div>\n<div class=\"brz-text-btn\">\n<div class=\"brz-rich-text brz-rich-text__custom brz-css-msthb\" data-custom-id=\"nqdzfkxbnrjlhusyjbvndfwedytoicbgawti\">\n<div>\n<p class=\"brz-css-pqqmk\"><span>Facebook<\/span><\/p>\n<\/div>\n<\/div>\n<\/div>\n<\/div>\n<\/div>\n<div class=\"brz-css-fhbou brz-wrapper\">\n<div class=\"brz-icon-text brz-css-uuzge brz-css-dkbty\" data-custom-id=\"acmefhnhhauqwjkazatdzpivjexylgfhynym\">\n<div id class=\"brz-icon__container\" data-custom-id=\"sqmtawdmrzpfwksomrrdsabkeuddcaptlfna\"><span class=\"brz-icon brz-span brz-css-zbzqp brz-css-rfiaz\"><\/span><\/div>\n<div class=\"brz-text-btn\">\n<div class=\"brz-rich-text brz-rich-text__custom brz-css-msthb\" data-custom-id=\"gqpegedfnkrbdkvwkrdxddisxzrfmkmnfwnr\">\n<div>\n<p class=\"brz-css-lbmnk\"><span>Youtube<\/span><\/p>\n<\/div>\n<\/div>\n<\/div>\n<\/div>\n<\/div>\n<\/div>\n<\/div>\n<\/div>\n<\/div>\n<div class=\"brz-css-fhbou brz-wrapper\">\n<div class=\"brz-image brz-css-qrqhk\"><img decoding=\"async\" class=\"brz-img\" src=\"https:\/\/tlatelolcounam.mx\/caminoreal\/wp-content\/uploads\/brizy\/imgs\/escudo-firma-176x88x0x0x176x88x1642108760.png\" alt=\"\" loading=\"lazy\" \/><\/div>\n<\/div>\n<div class=\"brz-css-fhbou brz-css-toljv brz-wrapper\">\n<div class=\"brz-line brz-line-default brz-css-jsirj brz-css-kgpkt\" data-custom-id=\"ajxbhuiaiipvpvmusgjbijyjphdxtqzilafc\">\n<hr class=\"brz-hr\" \/><\/div>\n<\/div>\n<div class=\"brz-css-fhbou brz-wrapper\">\n<div class=\"brz-rich-text brz-rich-text__custom brz-css-msthb\" data-custom-id=\"mvzortkfjmkxciwtzjnvltotxinxijsnuqnu\">\n<div>\n<p class=\"brz-css-xkuzc\" data-uniq-id=\"yqtzc\" data-generated-css=\"brz-css-kwjoz\"><span>Esta p\u00e1gina y el contenido de la misma se encuentran protegidos por propiedad intelectual, confidencialidad entre las partes, as\u00ed como por normativa general y universitaria vigente de Transparencia, Acceso a la Informaci\u00f3n P\u00fablica y Protecci\u00f3n de Datos Personales. UNAM-CCUT.<\/span><\/p>\n<\/div>\n<\/div>\n<\/div>\n<\/div>\n<\/div>\n<\/section>\n<\/div>\n<p><!-- version:1673298830 --><\/p>\n","protected":false},"excerpt":{"rendered":"<p>Inicio Estados Historia NUEVO M\u00c9XICO A finales del siglo XVI se construy\u00f3 el \u00faltimo tramo del Camino Real de Tierra Adentro en Nuevo M\u00e9xico, que continu\u00f3 sentando las bases de la formaci\u00f3n social y cultural de los pueblos fundados como consecuencia de las misiones y presidios. La resistencia ind\u00edgena tuvo un papel importante ya que [&hellip;]<\/p>\n","protected":false},"author":7,"featured_media":0,"parent":0,"menu_order":0,"comment_status":"closed","ping_status":"closed","template":"brizy-blank-template.php","meta":{"footnotes":""},"class_list":["post-1088","page","type-page","status-publish","hentry"],"_links":{"self":[{"href":"https:\/\/tlatelolcounam.mx\/caminoreal\/wp-json\/wp\/v2\/pages\/1088","targetHints":{"allow":["GET"]}}],"collection":[{"href":"https:\/\/tlatelolcounam.mx\/caminoreal\/wp-json\/wp\/v2\/pages"}],"about":[{"href":"https:\/\/tlatelolcounam.mx\/caminoreal\/wp-json\/wp\/v2\/types\/page"}],"author":[{"embeddable":true,"href":"https:\/\/tlatelolcounam.mx\/caminoreal\/wp-json\/wp\/v2\/users\/7"}],"replies":[{"embeddable":true,"href":"https:\/\/tlatelolcounam.mx\/caminoreal\/wp-json\/wp\/v2\/comments?post=1088"}],"version-history":[{"count":29,"href":"https:\/\/tlatelolcounam.mx\/caminoreal\/wp-json\/wp\/v2\/pages\/1088\/revisions"}],"predecessor-version":[{"id":41627,"href":"https:\/\/tlatelolcounam.mx\/caminoreal\/wp-json\/wp\/v2\/pages\/1088\/revisions\/41627"}],"wp:attachment":[{"href":"https:\/\/tlatelolcounam.mx\/caminoreal\/wp-json\/wp\/v2\/media?parent=1088"}],"curies":[{"name":"wp","href":"https:\/\/api.w.org\/{rel}","templated":true}]}}