{"id":1019,"date":"2022-04-28T18:51:25","date_gmt":"2022-04-28T18:51:25","guid":{"rendered":"https:\/\/tlatelolcounam.mx\/caminoreal\/?page_id=1019"},"modified":"2025-08-12T02:01:46","modified_gmt":"2025-08-12T02:01:46","slug":"dura_2","status":"publish","type":"page","link":"https:\/\/tlatelolcounam.mx\/caminoreal\/dura_2\/","title":{"rendered":"Durango"},"content":{"rendered":"<div class=\"brz-root__container brz-reset-all\">\n<section data-uid=\"cdkeghlziiohoukivthemcomadlvolvjzyzx\" id=\"cdkeghlziiohoukivthemcomadlvolvjzyzx\" class=\"brz-section brz-css-dvzhd\">\n<div class=\"brz-section__content brz-section--boxed brz-css-nggva brz-css-htwva\" data-custom-id=\"kxtylskpqchveijjrewfnyruqtatzgwljyzm\">\n<div class=\"brz-container brz-css-qvhdq\">\n<div class=\"brz-row__container brz-css-jxgwq\" data-custom-id=\"tnecfxcdykoambyuufnshbafyloyrkvzbfkf\">\n<div class=\"brz-bg overflow-hidden absolute top-0 left-0 w-full h-full\"><\/div>\n<div class=\"brz-row brz-css-jiwly brz-css-zlmnz\">\n<div class=\"brz-columns brz-css-bctor brz-css-pkvwx\" data-custom-id=\"epxscrxbxahcngbhbcghkwdykelzrjhfzqft\">\n<div class=\"brz-bg overflow-hidden absolute top-0 left-0 w-full h-full\"><\/div>\n<div class=\"brz-column__items brz-css-rpsmd brz-css-ugcxj\">\n<div class=\"brz-css-hoqws brz-css-bysex brz-wrapper\">\n<div class=\"brz-image brz-css-qvyto brz-css-osxco\"><img decoding=\"async\" class=\"brz-img\" src=\"https:\/\/tlatelolcounam.mx\/caminoreal\/wp-content\/uploads\/2022\/01\/logo.png\" alt=\"\" loading=\"lazy\" \/><\/div>\n<\/div>\n<\/div>\n<\/div>\n<div class=\"brz-columns brz-css-bctor brz-css-xnbmh\" data-custom-id=\"pzxzuttxxgqksrrdgcwhaktqjdmukvkhahfe\">\n<div class=\"brz-bg overflow-hidden absolute top-0 left-0 w-full h-full\"><\/div>\n<div class=\"brz-column__items brz-css-rpsmd brz-css-hdgeb\">\n<div class=\"brz-css-hoqws brz-wrapper\">\n<div class=\"brz-menu__container brz-css-pstzk\" data-mmenu-id=\"#oezfnpblfrcvumajqpvvnzaklqhtmigpdcck\" data-mmenu-position=\"position-left\" data-mmenu-title=\"Menu\" data-mmenu-stickytitle=\"on\" data-custom-id=\"xbqtfmrcedukngnyygmfwgkwektymnnnuzxj\">\n<nav class=\"brz-menu brz-menu__preview brz-css-yztiz\">\n<ul class=\"brz-menu__ul\" data-menu-items-active=\"\">\n<li class=\"brz-menu__item\" data-menu-item-id=\"a45e250d979c9b3c26fe6917797cc038\"><a class=\"brz-a menu-item menu-item-type-post_type menu-item-object-page menu-item-home\" href=\"https:\/\/tlatelolcounam.mx\/caminoreal\/\" data-brz-link-type=\"external\" id><span class=\"brz-span\">Inicio<\/span><\/a><\/li>\n<li class=\"brz-menu__item brz-menu__item--current brz-menu__item-dropdown\" data-menu-item-id=\"ba4a85012b5365c17cdf357587076276\"><a class=\"brz-a brz-anchor menu-item menu-item-type-custom menu-item-object-custom current-menu-ancestor current-menu-parent\" href=\"#\" data-brz-link-type=\"anchor\" id><span class=\"brz-span\">Estados<\/span><\/a><\/li>\n<li class=\"brz-menu__item\" data-menu-item-id=\"d3c0c655631b120767a40bd0aed90e47\"><a class=\"brz-a menu-item menu-item-type-post_type menu-item-object-page\" href=\"https:\/\/tlatelolcounam.mx\/caminoreal\/historia\/\" data-brz-link-type=\"external\" id><span class=\"brz-span\">Historia<\/span><\/a><\/li>\n<\/ul>\n<\/nav>\n<div class=\"brz-mm-menu__icon\">\n<\/div>\n<\/div>\n<\/div>\n<\/div>\n<\/div>\n<\/div>\n<\/div>\n<\/div>\n<\/div>\n<\/section>\n<section data-uid=\"dokjzmexqunazctbloammypxiyzspbnjdvyj\" id=\"dokjzmexqunazctbloammypxiyzspbnjdvyj\" class=\"brz-section brz-css-dvzhd brz-css-oxhub\">\n<div class=\"brz-section__content brz-section--fullWidth brz-css-nggva brz-css-dgrzg\" data-custom-id=\"ofodesxequsppebghdddegirgebmibqoghuq\">\n<div class=\"brz-bg overflow-hidden absolute top-0 left-0 w-full h-full\">\n<div class=\"brz-bg-color absolute top-0 left-0 w-full h-full\"><\/div>\n<\/div>\n<div class=\"brz-container brz-css-qvhdq brz-css-nmlow\">\n<div class=\"brz-row__container brz-css-jxgwq\" data-custom-id=\"utyrubatiicuodtfdrsdwpqylqelgarpuuon\">\n<div class=\"brz-bg overflow-hidden absolute top-0 left-0 w-full h-full\"><\/div>\n<div class=\"brz-row brz-css-jiwly brz-css-zlmnz\">\n<div class=\"brz-columns brz-css-bctor brz-css-cszmx\" data-custom-id=\"bwhvzqizgbjedpjcxsmqwrqrinyzgjbgspsj\">\n<div class=\"brz-bg overflow-hidden absolute top-0 left-0 w-full h-full\">\n<div class=\"brz-bg-image absolute top-0 left-0 w-full h-full bg-no-repeat bg-cover\"><\/div>\n<div class=\"brz-bg-color absolute top-0 left-0 w-full h-full\"><\/div>\n<\/div>\n<div class=\"brz-column__items brz-css-rpsmd brz-css-davvf\">\n<div class=\"brz-css-hoqws brz-css-cnguq brz-wrapper\">\n<div class=\"brz-rich-text brz-rich-text__custom brz-css-aarfm\" data-custom-id=\"izorsycabgqshdvrjbcfkgyetwgynrgveamm\">\n<div>\n<p class=\"brz-css-edhfm\" data-uniq-id=\"vnqro\" data-generated-css=\"brz-css-flnba\"><span class=\"brz-scp-color2 brz-capitalize-on\">DURANGO<\/span><\/p>\n<\/div>\n<\/div>\n<\/div>\n<div class=\"brz-css-hoqws brz-css-tzuxd brz-wrapper\">\n<div class=\"brz-rich-text brz-rich-text__custom brz-css-aarfm\" data-custom-id=\"rxeucsalyyzsbafunmneevveshfbdsfxcztb\">\n<div>\n<p class=\"brz-css-wosnk\" data-generated-css=\"brz-css-jigbs\" data-uniq-id=\"kqnrd\"><\/p>\n<\/div>\n<\/div>\n<\/div>\n<div class=\"brz-css-hoqws brz-css-kpear brz-wrapper\">\n<div class=\"brz-rich-text brz-rich-text__custom brz-css-aarfm\" data-custom-id=\"mdmalkjfvfveadbbdmtjtlunduszgimqdywb\">\n<div>\n<p class=\"brz-css-oczsh\" data-generated-css=\"brz-css-cxkwb\" data-uniq-id=\"erjfl\"><\/p>\n<\/div>\n<\/div>\n<\/div>\n<div class=\"brz-css-hoqws brz-css-upepe brz-wrapper\">\n<div class=\"brz-rich-text brz-rich-text__custom brz-css-aarfm\" data-custom-id=\"hhemfljbvicagdotqyeasnzjthsxurkppglk\">\n<div>\n<p class=\"brz-css-arsgb\" data-generated-css=\"brz-css-hqhtx\" data-uniq-id=\"bwfrk\"><\/p>\n<\/div>\n<\/div>\n<\/div>\n<div class=\"brz-row__container brz-css-jxgwq\" data-custom-id=\"ipihwwwwlfhoanulfdfocwdoilbigobilbbx\">\n<div class=\"brz-bg overflow-hidden absolute top-0 left-0 w-full h-full\"><\/div>\n<div class=\"brz-row brz-row--inner brz-css-jiwly brz-css-zlmnz\">\n<div class=\"brz-columns brz-css-bctor brz-css-ionpd\" data-custom-id=\"ovdqqutnibettyaawtfuyxzdydxafalkycki\">\n<div class=\"brz-bg overflow-hidden absolute top-0 left-0 w-full h-full\"><\/div>\n<div class=\"brz-column__items brz-css-rpsmd\"><\/div>\n<\/div>\n<div class=\"brz-columns brz-css-bctor brz-css-slwhy\" data-custom-id=\"rdteyugvjrzggrlkejvhgpxrvktecaugjggs\">\n<div class=\"brz-bg overflow-hidden absolute top-0 left-0 w-full h-full\"><\/div>\n<div class=\"brz-column__items brz-css-rpsmd\">\n<div class=\"brz-css-hoqws brz-css-nhudo brz-wrapper\">\n<div class=\"brz-rich-text brz-rich-text__custom brz-css-aarfm\" data-custom-id=\"arkmqpvtldgeogtntolzjtgaworuicunwlai\">\n<div>\n<p class=\"brz-css-upjyy\" data-generated-css=\"brz-css-sesgu\" data-uniq-id=\"flfjs\"><span style=\"background-color: transparent\">El Camino Real de Tierra Adentro se consolid\u00f3 en los senderos de la poblaci\u00f3n de Chalchihuites. Tras las expediciones espa\u00f1olas, se fueron estableciendo posadas, albergues y tianguis por los ind\u00edgenas para abastecer a los exploradores. Hubo enfrentamientos con los pobladores hacia los exploradores y mercaderes por la invasi\u00f3n a su territorio. <\/span><\/p>\n<p class=\"brz-css-vhoeg\" data-generated-css=\"brz-css-ivlqp\" data-uniq-id=\"qleeo\"><span style=\"background-color: transparent\">Existi\u00f3 una gran villa la cual administraba y comerciaba semillas ganados, tiendas que ten\u00eda productos de China, Castilla y de otras partes de M\u00e9xico. El tr\u00e1nsito por este tramo era muy dif\u00edcil, por las bajadas y veredas que, con el paso de tiempo, se fueron perfeccionando las formas de transitar. <\/span><\/p>\n<\/div>\n<\/div>\n<\/div>\n<\/div>\n<\/div>\n<div class=\"brz-columns brz-css-bctor brz-css-dljlp\" data-custom-id=\"upkliwtspzfdxvqfaacsxkqbbfptlojgmifj\">\n<div class=\"brz-bg overflow-hidden absolute top-0 left-0 w-full h-full\"><\/div>\n<div class=\"brz-column__items brz-css-rpsmd\"><\/div>\n<\/div>\n<\/div>\n<\/div>\n<\/div>\n<\/div>\n<\/div>\n<\/div>\n<\/div>\n<\/div>\n<\/section>\n<section data-uid=\"xbhrizblxdkmlqhrspiolqcmdstswqsqquxa\" id=\"xbhrizblxdkmlqhrspiolqcmdstswqsqquxa\" class=\"brz-section brz-css-dvzhd\">\n<div class=\"brz-section__content brz-section--boxed brz-css-nggva brz-css-ibdrb\" data-custom-id=\"gmkaprjgggcuibzvcutclilzjrekrrrjazop\">\n<div class=\"brz-bg overflow-hidden absolute top-0 left-0 w-full h-full\">\n<div class=\"brz-bg-image absolute top-0 left-0 w-full h-full bg-no-repeat bg-cover brz-bg-image-parallax\"><\/div>\n<\/div>\n<div class=\"brz-container brz-css-qvhdq\">\n<div class=\"brz-row__container brz-css-jxgwq\" data-custom-id=\"oztjppprxrqmyupwtsrcyrfxqvnlhelfgutw\">\n<div class=\"brz-bg overflow-hidden absolute top-0 left-0 w-full h-full\"><\/div>\n<div class=\"brz-row brz-css-jiwly brz-css-zlmnz\">\n<div class=\"brz-columns brz-css-bctor brz-css-orbye\" data-custom-id=\"wzsjuvwgwznberiehdxycgsqdugltnfotlrf\">\n<div class=\"brz-bg overflow-hidden absolute top-0 left-0 w-full h-full\"><\/div>\n<div class=\"brz-column__items brz-css-rpsmd brz-css-ucdjh\">\n<div class=\"brz-css-hoqws brz-css-rmtvt brz-wrapper\">\n<div class=\"brz-image brz-css-gkmyy brz-css-uefbe\"><a class=\"brz-a\" href=\"https:\/\/tlatelolcounam.mx\/caminoreal\/dura_2\/dur_transpo\/\" data-brz-link-type=\"external\" id data-custom-id=\"dkaixjncvthdezykkaimumwweskkwhpmldca\"><img decoding=\"async\" class=\"brz-img\" src=\"https:\/\/tlatelolcounam.mx\/caminoreal\/wp-content\/uploads\/brizy\/imgs\/TRANSPORTE-360x360x0x14x360x332x1649224137.png\" alt=\"\" loading=\"lazy\" \/><\/a><\/div>\n<\/div>\n<div class=\"brz-css-hoqws brz-css-mndms brz-wrapper\">\n<div class=\"brz-image brz-css-xfejn brz-css-ugjkj\"><a class=\"brz-a\" href=\"https:\/\/tlatelolcounam.mx\/caminoreal\/dura_2\/dura_guias\/\" data-brz-link-type=\"external\" id data-custom-id=\"dvayhoaltrdwrfbxprvkrteztvasqsilvdpe\"><img decoding=\"async\" class=\"brz-img\" src=\"https:\/\/tlatelolcounam.mx\/caminoreal\/wp-content\/uploads\/brizy\/imgs\/TURISMO-360x360x0x52x360x212x1649224165.png\" alt=\"\" loading=\"lazy\" \/><\/a><\/div>\n<\/div>\n<div class=\"brz-css-hoqws brz-css-bhxnu brz-wrapper\">\n<div class=\"brz-image brz-css-ttruq brz-css-bjuvh\"><a class=\"brz-a\" href=\"https:\/\/tlatelolcounam.mx\/caminoreal\/dura_2\/dura_arqueo\/\" data-brz-link-type=\"external\" id data-custom-id=\"vyvygxfpbmrsanfthgnbzizhvfzxaikckybg\"><img decoding=\"async\" class=\"brz-img\" src=\"https:\/\/tlatelolcounam.mx\/caminoreal\/wp-content\/uploads\/brizy\/imgs\/ARQUEOLOGICOS-396x396x18x0x360x396x1649223890.png\" alt=\"\" loading=\"lazy\" \/><\/a><\/div>\n<\/div>\n<\/div>\n<\/div>\n<div class=\"brz-columns brz-css-bctor brz-css-kyqms\" data-custom-id=\"ghvactfmtlkylihokkzbxvzzhuaqftvmbnfx\">\n<div class=\"brz-bg overflow-hidden absolute top-0 left-0 w-full h-full\"><\/div>\n<div class=\"brz-column__items brz-css-rpsmd\">\n<div class=\"brz-css-hoqws brz-css-xggzo brz-wrapper\">\n<div class=\"brz-image brz-css-krvyu brz-css-jpywz\"><a class=\"brz-a\" href=\"https:\/\/tlatelolcounam.mx\/caminoreal\/dura_2\/dura_trad\/\" data-brz-link-type=\"external\" id data-custom-id=\"evsitswzukpgmmkuaueugnfoffyzijqdgyje\"><img decoding=\"async\" class=\"brz-img\" src=\"https:\/\/tlatelolcounam.mx\/caminoreal\/wp-content\/uploads\/brizy\/imgs\/FIESTAS-DANZAS-360x360x0x31x360x298x1649223996.png\" alt=\"\" loading=\"lazy\" \/><\/a><\/div>\n<\/div>\n<div class=\"brz-css-hoqws brz-css-mnvpv brz-wrapper\">\n<div class=\"brz-image brz-css-pvuep brz-css-fjcxu\"><a class=\"brz-a\" href=\"https:\/\/tlatelolcounam.mx\/caminoreal\/dura_2\/dura_cultyart\/\" data-brz-link-type=\"external\" id data-custom-id=\"cszzetwcuelibbzwakbnpfymgnxtwbpeosot\"><img decoding=\"async\" class=\"brz-img\" src=\"https:\/\/tlatelolcounam.mx\/caminoreal\/wp-content\/uploads\/brizy\/imgs\/CULTURA-442x442x41x0x360x442x1649223967.png\" alt=\"\" loading=\"lazy\" \/><\/a><\/div>\n<\/div>\n<div class=\"brz-css-hoqws brz-css-gsmby brz-wrapper\">\n<div class=\"brz-image brz-css-xaacy brz-css-ydeed\"><a class=\"brz-a\" href=\"https:\/\/tlatelolcounam.mx\/caminoreal\/dura_2\/dura_arqui\/\" data-brz-link-type=\"external\" id data-custom-id=\"ponksmqoohckslmdnwxunykqeurdsnlqpafu\"><img decoding=\"async\" class=\"brz-img\" src=\"https:\/\/tlatelolcounam.mx\/caminoreal\/wp-content\/uploads\/brizy\/imgs\/ARQUITECTURA-360x360x0x14x360x332x1649223920.png\" alt=\"\" loading=\"lazy\" \/><\/a><\/div>\n<\/div>\n<\/div>\n<\/div>\n<div class=\"brz-columns brz-css-bctor brz-css-vaipz\" data-custom-id=\"gdoxbuhzessbqyalltyohvpdokzfdlyevzmb\">\n<div class=\"brz-bg overflow-hidden absolute top-0 left-0 w-full h-full\"><\/div>\n<div class=\"brz-column__items brz-css-rpsmd\">\n<div class=\"brz-css-hoqws brz-css-bhjxc brz-css-vvdyq brz-wrapper\">\n<div class=\"brz-spacer brz-css-vqbet brz-css-dgplh\"><\/div>\n<\/div>\n<div class=\"brz-css-hoqws brz-css-yvpav brz-wrapper\">\n<div class=\"brz-image brz-css-lydfw brz-css-inwzo\"><a class=\"brz-a\" href=\"https:\/\/tlatelolcounam.mx\/caminoreal\/dura_2\/dura_natuyave\/\" data-brz-link-type=\"external\" id data-custom-id=\"ysncbvxawyzkvkmwffwyxkyqohwaibnleunz\"><img decoding=\"async\" class=\"brz-img\" src=\"https:\/\/tlatelolcounam.mx\/caminoreal\/wp-content\/uploads\/brizy\/imgs\/NATURALEZA-361x361x0x6x361x306x1649224068.png\" alt=\"\" loading=\"lazy\" \/><\/a><\/div>\n<\/div>\n<div class=\"brz-css-hoqws brz-css-jvsex brz-wrapper\">\n<div class=\"brz-image brz-css-pkxmk brz-css-ugzwg\"><a class=\"brz-a\" href=\"https:\/\/tlatelolcounam.mx\/caminoreal\/dura_2\/dura_gastron\/\" data-brz-link-type=\"external\" id data-custom-id=\"bvjbxklkyytbxvriqjbgbweipfgypmbocxgx\"><img decoding=\"async\" class=\"brz-img\" src=\"https:\/\/tlatelolcounam.mx\/caminoreal\/wp-content\/uploads\/brizy\/imgs\/GASTRONOMIA-361x361x0x14x361x333x1649224018.png\" alt=\"\" loading=\"lazy\" \/><\/a><\/div>\n<\/div>\n<div class=\"brz-css-hoqws brz-css-wnrzu brz-wrapper\">\n<div class=\"brz-image brz-css-jquki brz-css-zkvob\"><a class=\"brz-a\" href=\"https:\/\/tlatelolcounam.mx\/caminoreal\/dura_2\/dura_cron\/\" data-brz-link-type=\"external\" id data-custom-id=\"ssefxrwjqjavojxfyogftfeqwkgcpluplwin\"><img decoding=\"async\" class=\"brz-img\" src=\"https:\/\/tlatelolcounam.mx\/caminoreal\/wp-content\/uploads\/brizy\/imgs\/CRONISTAS-361x361x0x51x361x260x1649223937.png\" alt=\"\" loading=\"lazy\" \/><\/a><\/div>\n<\/div>\n<div class=\"brz-css-hoqws brz-css-tzdkm brz-wrapper\">\n<div class=\"brz-image brz-css-ghiqp brz-css-vvbbw\"><a class=\"brz-a\" href=\"https:\/\/tlatelolcounam.mx\/caminoreal\/dura_2\/dura_hosp\/\" data-brz-link-type=\"external\" id data-custom-id=\"leyxodyxayhupzkerwgclafoetaeabmjeopb\"><img decoding=\"async\" class=\"brz-img\" src=\"https:\/\/tlatelolcounam.mx\/caminoreal\/wp-content\/uploads\/brizy\/imgs\/HOSPEDAJE-1-361x361x0x83x361x260x1651034933.png\" alt=\"\" loading=\"lazy\" \/><\/a><\/div>\n<\/div>\n<\/div>\n<\/div>\n<\/div>\n<\/div>\n<\/div>\n<\/div>\n<\/section>\n<section data-uid=\"qbfkutxzivuqimzwvurwhlzlevsnqhyozokv\" id=\"qbfkutxzivuqimzwvurwhlzlevsnqhyozokv\" class=\"brz-section brz-css-dvzhd\">\n<div class=\"brz-section__content brz-section--boxed brz-css-nggva brz-css-tdxhm\" data-custom-id=\"pjcqvnotppncubgjpoptfczrkxvbldbgpubs\">\n<div class=\"brz-bg overflow-hidden absolute top-0 left-0 w-full h-full\">\n<div class=\"brz-bg-image absolute top-0 left-0 w-full h-full bg-no-repeat bg-cover\"><\/div>\n<\/div>\n<div class=\"brz-container brz-css-qvhdq\">\n<div class=\"brz-row__container brz-css-jxgwq\" data-custom-id=\"uuhodzzbtqloidrwysguigayydrgcpevkakg\">\n<div class=\"brz-bg overflow-hidden absolute top-0 left-0 w-full h-full\"><\/div>\n<div class=\"brz-row brz-css-jiwly brz-css-zlmnz\">\n<div class=\"brz-columns brz-css-bctor brz-css-jwowd\" data-custom-id=\"btzjjiuwgvaygazqnpzkdwkkzkkneihkeioo\">\n<div class=\"brz-bg overflow-hidden absolute top-0 left-0 w-full h-full\"><\/div>\n<div class=\"brz-column__items brz-css-rpsmd brz-css-xvjcx\">\n<div class=\"brz-css-hoqws brz-wrapper\">\n<div class=\"brz-image brz-css-yjsif brz-css-jnupf\"><img decoding=\"async\" class=\"brz-img\" src=\"https:\/\/tlatelolcounam.mx\/caminoreal\/wp-content\/uploads\/brizy\/imgs\/SECRETARI\u0301A-DE-TURISMO-505x505x52x0x411x505x1649224133.png\" alt=\"\" loading=\"lazy\" \/><\/div>\n<\/div>\n<\/div>\n<\/div>\n<div class=\"brz-columns brz-css-bctor brz-css-qxfey\" data-custom-id=\"khwrzdrpaamenuwourpzzggvyyqknqnuvanm\">\n<div class=\"brz-bg overflow-hidden absolute top-0 left-0 w-full h-full\"><\/div>\n<div class=\"brz-column__items brz-css-rpsmd brz-css-bvvnx\">\n<div class=\"brz-css-hoqws brz-wrapper\">\n<div class=\"brz-image brz-css-ijhga brz-css-ccvxp\"><img decoding=\"async\" class=\"brz-img\" src=\"https:\/\/tlatelolcounam.mx\/caminoreal\/wp-content\/uploads\/brizy\/imgs\/ALIADOS-524x524x51x0x433x524x1649223886.png\" alt=\"\" loading=\"lazy\" \/><\/div>\n<\/div>\n<\/div>\n<\/div>\n<\/div>\n<\/div>\n<\/div>\n<\/div>\n<\/section>\n<section data-uid=\"ndbrjwlkpgkbutqkhndxtwlghyzthupgxoer\" id=\"ndbrjwlkpgkbutqkhndxtwlghyzthupgxoer\" class=\"brz-section brz-css-dvzhd\">\n<div class=\"brz-section__content brz-section--boxed brz-css-nggva brz-css-ifsdk\" data-custom-id=\"pmpyqmquwlwwnbbqravyfmyyfwzjmupdrqwm\">\n<div class=\"brz-bg overflow-hidden absolute top-0 left-0 w-full h-full\">\n<div class=\"brz-bg-image absolute top-0 left-0 w-full h-full bg-no-repeat bg-cover\"><\/div>\n<div class=\"brz-bg-color absolute top-0 left-0 w-full h-full\"><\/div>\n<\/div>\n<div class=\"brz-container brz-css-qvhdq\">\n<div class=\"brz-row__container brz-css-jxgwq\" data-custom-id=\"rqwpjjxbxtlnqzmsrcnossttmlptixpkffzd\">\n<div class=\"brz-bg overflow-hidden absolute top-0 left-0 w-full h-full\"><\/div>\n<div class=\"brz-row brz-css-jiwly brz-css-zlmnz\">\n<div class=\"brz-columns brz-css-bctor brz-css-hgspg\" data-custom-id=\"xaaalhzkzqlrmtdjmawghruivhqtxdirzppf\">\n<div class=\"brz-bg overflow-hidden absolute top-0 left-0 w-full h-full\"><\/div>\n<div class=\"brz-column__items brz-css-rpsmd brz-css-boixx\">\n<div class=\"brz-css-hoqws brz-css-eyzpl brz-wrapper\">\n<div class=\"brz-image brz-css-ktbed\"><img decoding=\"async\" class=\"brz-img\" src=\"https:\/\/tlatelolcounam.mx\/caminoreal\/wp-content\/uploads\/brizy\/imgs\/logo-1-293x101x0x1x293x100x1642108354.png\" alt=\"\" loading=\"lazy\" \/><\/div>\n<\/div>\n<div class=\"brz-css-hoqws brz-css-bhjxc brz-wrapper\">\n<div class=\"brz-spacer brz-css-vqbet brz-css-nqhwo\"><\/div>\n<\/div>\n<div class=\"brz-css-hoqws brz-wrapper\">\n<div class=\"brz-rich-text brz-rich-text__custom brz-css-aarfm\" data-custom-id=\"gjegktnrmoofavhpkpcvkadjakmwzcgirice\">\n<div>\n<p class=\"brz-css-dbjpp\" data-uniq-id=\"euomf\" data-generated-css=\"brz-css-qlfmh\"><span>Ricardo Flores Mag\u00f3n 1. <\/span><\/p>\n<p class=\"brz-css-rhhdv\" data-uniq-id=\"fkrdx\" data-generated-css=\"brz-css-lepkg\"><span>Col. Nonoalco-Tlatelolco C.P. 06995. <\/span><\/p>\n<p class=\"brz-css-feapu\" data-uniq-id=\"gutxj\" data-generated-css=\"brz-css-zxvpu\"><span>ccutlatelolco@gmail.com<\/span><\/p>\n<p class=\"brz-css-berac\" data-generated-css=\"brz-css-fwbyw\" data-uniq-id=\"yzdzu\"><span>5117 2818 ext. 49613<\/span><\/p>\n<\/div>\n<\/div>\n<\/div>\n<\/div>\n<\/div>\n<div class=\"brz-columns brz-css-bctor brz-css-accuy\" data-custom-id=\"jybrkyhtenvuwpnijtazsyakuxqgnnoseczd\">\n<div class=\"brz-bg overflow-hidden absolute top-0 left-0 w-full h-full\"><\/div>\n<div class=\"brz-column__items brz-css-rpsmd\">\n<div class=\"brz-css-hoqws brz-wrapper\">\n<div class=\"brz-rich-text brz-rich-text__custom brz-css-aarfm\" data-custom-id=\"oimqqfmucarphaxhwlmqbfdxkftpbxtovvqc\">\n<div>\n<p class=\"brz-css-zzwgl\" data-uniq-id=\"pdybz\" data-generated-css=\"brz-css-custc\"><span>M\u00e1s sobre el CCUT<\/span><\/p>\n<\/div>\n<\/div>\n<\/div>\n<div class=\"brz-css-hoqws brz-css-bhjxc brz-wrapper\">\n<div class=\"brz-spacer brz-css-vqbet brz-css-iesxl\"><\/div>\n<\/div>\n<div class=\"brz-css-hoqws brz-wrapper\">\n<div class=\"brz-rich-text brz-rich-text__custom brz-css-aarfm\" data-custom-id=\"gxigcfbxvzsgnlvlwcdybycvapjuwmneuqll\">\n<div>\n<p class=\"brz-css-xzbgl\" data-uniq-id=\"frwjr\" data-generated-css=\"brz-css-laqsj\"><span>Seminario <\/span><\/p>\n<p class=\"brz-css-oedxh\" data-uniq-id=\"vnkoo\" data-generated-css=\"brz-css-dmrvc\"><span>Memorias<\/span><\/p>\n<p class=\"brz-css-uprsj\" data-uniq-id=\"dcvrt\" data-generated-css=\"brz-css-bwatq\"><span>Resistencias<\/span><\/p>\n<p class=\"brz-css-eweta\" data-generated-css=\"brz-css-vpotn\" data-uniq-id=\"xkgby\"><span>Comunidades<\/span><\/p>\n<\/div>\n<\/div>\n<\/div>\n<div class=\"brz-css-hoqws brz-wrapper\">\n<div class=\"brz-rich-text brz-rich-text__custom brz-css-aarfm\" data-custom-id=\"xtcvlflqpoikgxvqpzuaqmrqxcjfkrkjwfvv\">\n<div>\n<p class=\"brz-css-vandh\" data-uniq-id=\"icvhm\" data-generated-css=\"brz-css-gzhjx\"><\/p>\n<\/div>\n<\/div>\n<\/div>\n<\/div>\n<\/div>\n<div class=\"brz-columns brz-css-bctor brz-css-kjnll\" data-custom-id=\"obkciwtkkjpitsdmktdwoxjnkingtwlwtwex\">\n<div class=\"brz-bg overflow-hidden absolute top-0 left-0 w-full h-full\"><\/div>\n<div class=\"brz-column__items brz-css-rpsmd\">\n<div class=\"brz-css-hoqws brz-wrapper\">\n<div class=\"brz-rich-text brz-rich-text__custom brz-css-aarfm\" data-custom-id=\"hejxlkpgheztqygkkhovvbvsxhxiclvfflwn\">\n<div>\n<p class=\"brz-css-scogp\" data-uniq-id=\"wbckk\" data-generated-css=\"brz-css-akbyj\"><span class=\"brz-cp-color8\">S\u00edguenos<\/span><\/p>\n<\/div>\n<\/div>\n<\/div>\n<div class=\"brz-css-hoqws brz-css-bhjxc brz-wrapper\">\n<div class=\"brz-spacer brz-css-vqbet brz-css-sthnq\"><\/div>\n<\/div>\n<div class=\"brz-css-hoqws brz-css-pixkf brz-wrapper\">\n<div class=\"brz-icon-text brz-css-vpgfe brz-css-wcvdg\" data-custom-id=\"hkvvxjleyubdmhedbanhlqpxwtdhpvhyaszc\">\n<div id class=\"brz-icon__container\" data-custom-id=\"ucwnefmefgnvdcmiyczgokacmmcsujrcytip\"><span class=\"brz-icon brz-span brz-css-vwbsp brz-css-vrxso\"><\/span><\/div>\n<div class=\"brz-text-btn\">\n<div class=\"brz-rich-text brz-rich-text__custom brz-css-aarfm\" data-custom-id=\"wcbuysdkccpjzkbekfchujzptciggqhompzj\">\n<div>\n<p class=\"brz-css-tnllf\"><span>Twitter<\/span><\/p>\n<\/div>\n<\/div>\n<\/div>\n<\/div>\n<\/div>\n<div class=\"brz-css-hoqws brz-css-zeocq brz-wrapper\">\n<div class=\"brz-icon-text brz-css-vpgfe brz-css-gpyvm\" data-custom-id=\"ikszxadkeozaifxojioelesmfywtcarnsmca\">\n<div id class=\"brz-icon__container\" data-custom-id=\"mtfapomewsekpqgrftisobranvbrmcougqdc\"><span class=\"brz-icon brz-span brz-css-vwbsp brz-css-agoyc\"><\/span><\/div>\n<div class=\"brz-text-btn\">\n<div class=\"brz-rich-text brz-rich-text__custom brz-css-aarfm\" data-custom-id=\"nqdzfkxbnrjlhusyjbvndfwedytoicbgawti\">\n<div>\n<p class=\"brz-css-yhkuz\"><span>Facebook<\/span><\/p>\n<\/div>\n<\/div>\n<\/div>\n<\/div>\n<\/div>\n<div class=\"brz-css-hoqws brz-wrapper\">\n<div class=\"brz-icon-text brz-css-vpgfe brz-css-thxsy\" data-custom-id=\"acmefhnhhauqwjkazatdzpivjexylgfhynym\">\n<div id class=\"brz-icon__container\" data-custom-id=\"sqmtawdmrzpfwksomrrdsabkeuddcaptlfna\"><span class=\"brz-icon brz-span brz-css-vwbsp brz-css-tdqqm\"><\/span><\/div>\n<div class=\"brz-text-btn\">\n<div class=\"brz-rich-text brz-rich-text__custom brz-css-aarfm\" data-custom-id=\"gqpegedfnkrbdkvwkrdxddisxzrfmkmnfwnr\">\n<div>\n<p class=\"brz-css-avopu\"><span>Youtube<\/span><\/p>\n<\/div>\n<\/div>\n<\/div>\n<\/div>\n<\/div>\n<\/div>\n<\/div>\n<\/div>\n<\/div>\n<div class=\"brz-css-hoqws brz-wrapper\">\n<div class=\"brz-image brz-css-vriop\"><img decoding=\"async\" class=\"brz-img\" src=\"https:\/\/tlatelolcounam.mx\/caminoreal\/wp-content\/uploads\/brizy\/imgs\/escudo-firma-176x88x0x0x176x88x1642108760.png\" alt=\"\" loading=\"lazy\" \/><\/div>\n<\/div>\n<div class=\"brz-css-hoqws brz-css-kwrlg brz-wrapper\">\n<div class=\"brz-line brz-line-default brz-css-fdoxz brz-css-gqzhj\" data-custom-id=\"ajxbhuiaiipvpvmusgjbijyjphdxtqzilafc\">\n<hr class=\"brz-hr\" \/><\/div>\n<\/div>\n<div class=\"brz-css-hoqws brz-wrapper\">\n<div class=\"brz-rich-text brz-rich-text__custom brz-css-aarfm\" data-custom-id=\"mvzortkfjmkxciwtzjnvltotxinxijsnuqnu\">\n<div>\n<p class=\"brz-css-odeco\" data-uniq-id=\"yqtzc\" data-generated-css=\"brz-css-kwjoz\"><span>Esta p\u00e1gina y el contenido de la misma se encuentran protegidos por propiedad intelectual, confidencialidad entre las partes, as\u00ed como por normativa general y universitaria vigente de Transparencia, Acceso a la Informaci\u00f3n P\u00fablica y Protecci\u00f3n de Datos Personales. UNAM-CCUT.<\/span><\/p>\n<\/div>\n<\/div>\n<\/div>\n<\/div>\n<\/div>\n<\/section>\n<\/div>\n<p><!-- version:1673298326 --><\/p>\n","protected":false},"excerpt":{"rendered":"<p>Inicio Estados Historia DURANGO El Camino Real de Tierra Adentro se consolid\u00f3 en los senderos de la poblaci\u00f3n de Chalchihuites. Tras las expediciones espa\u00f1olas, se fueron estableciendo posadas, albergues y tianguis por los ind\u00edgenas para abastecer a los exploradores. Hubo enfrentamientos con los pobladores hacia los exploradores y mercaderes por la invasi\u00f3n a su territorio. [&hellip;]<\/p>\n","protected":false},"author":7,"featured_media":0,"parent":0,"menu_order":0,"comment_status":"closed","ping_status":"closed","template":"brizy-blank-template.php","meta":{"footnotes":""},"class_list":["post-1019","page","type-page","status-publish","hentry"],"_links":{"self":[{"href":"https:\/\/tlatelolcounam.mx\/caminoreal\/wp-json\/wp\/v2\/pages\/1019","targetHints":{"allow":["GET"]}}],"collection":[{"href":"https:\/\/tlatelolcounam.mx\/caminoreal\/wp-json\/wp\/v2\/pages"}],"about":[{"href":"https:\/\/tlatelolcounam.mx\/caminoreal\/wp-json\/wp\/v2\/types\/page"}],"author":[{"embeddable":true,"href":"https:\/\/tlatelolcounam.mx\/caminoreal\/wp-json\/wp\/v2\/users\/7"}],"replies":[{"embeddable":true,"href":"https:\/\/tlatelolcounam.mx\/caminoreal\/wp-json\/wp\/v2\/comments?post=1019"}],"version-history":[{"count":30,"href":"https:\/\/tlatelolcounam.mx\/caminoreal\/wp-json\/wp\/v2\/pages\/1019\/revisions"}],"predecessor-version":[{"id":38894,"href":"https:\/\/tlatelolcounam.mx\/caminoreal\/wp-json\/wp\/v2\/pages\/1019\/revisions\/38894"}],"wp:attachment":[{"href":"https:\/\/tlatelolcounam.mx\/caminoreal\/wp-json\/wp\/v2\/media?parent=1019"}],"curies":[{"name":"wp","href":"https:\/\/api.w.org\/{rel}","templated":true}]}}