{"id":1013,"date":"2022-04-28T18:48:39","date_gmt":"2022-04-28T18:48:39","guid":{"rendered":"https:\/\/tlatelolcounam.mx\/caminoreal\/?page_id=1013"},"modified":"2025-08-12T09:25:16","modified_gmt":"2025-08-12T09:25:16","slug":"ags_2","status":"publish","type":"page","link":"https:\/\/tlatelolcounam.mx\/caminoreal\/ags_2\/","title":{"rendered":"Aguascalientes"},"content":{"rendered":"<div class=\"brz-root__container brz-reset-all\">\n<section data-uid=\"cdkeghlziiohoukivthemcomadlvolvjzyzx\" id=\"cdkeghlziiohoukivthemcomadlvolvjzyzx\" class=\"brz-section brz-css-emiui\">\n<div class=\"brz-section__content brz-section--boxed brz-css-vyhqr brz-css-skqgp\" data-custom-id=\"kxtylskpqchveijjrewfnyruqtatzgwljyzm\">\n<div class=\"brz-container brz-css-jhjfx\">\n<div class=\"brz-row__container brz-css-wjuzf\" data-custom-id=\"tnecfxcdykoambyuufnshbafyloyrkvzbfkf\">\n<div class=\"brz-bg overflow-hidden absolute top-0 left-0 w-full h-full\"><\/div>\n<div class=\"brz-row brz-css-zoeyx brz-css-ajycz\">\n<div class=\"brz-columns brz-css-xnzta brz-css-upasi\" data-custom-id=\"epxscrxbxahcngbhbcghkwdykelzrjhfzqft\">\n<div class=\"brz-bg overflow-hidden absolute top-0 left-0 w-full h-full\"><\/div>\n<div class=\"brz-column__items brz-css-kjjcd brz-css-wraaa\">\n<div class=\"brz-css-srlvb brz-css-qrtri brz-wrapper\">\n<div class=\"brz-image brz-css-cnrpf brz-css-bjwez\"><img decoding=\"async\" class=\"brz-img\" src=\"https:\/\/tlatelolcounam.mx\/caminoreal\/wp-content\/uploads\/2022\/01\/logo.png\" alt=\"\" loading=\"lazy\" \/><\/div>\n<\/div>\n<\/div>\n<\/div>\n<div class=\"brz-columns brz-css-xnzta brz-css-jongj\" data-custom-id=\"pzxzuttxxgqksrrdgcwhaktqjdmukvkhahfe\">\n<div class=\"brz-bg overflow-hidden absolute top-0 left-0 w-full h-full\"><\/div>\n<div class=\"brz-column__items brz-css-kjjcd brz-css-wrwil\">\n<div class=\"brz-css-srlvb brz-wrapper\">\n<div class=\"brz-menu__container brz-css-jitcp\" data-mmenu-id=\"#thwddclrsqgegpipzlaslrzalwzaezvjvzil\" data-mmenu-position=\"position-left\" data-mmenu-title=\"Menu\" data-mmenu-stickytitle=\"on\" data-custom-id=\"xbqtfmrcedukngnyygmfwgkwektymnnnuzxj\">\n<nav class=\"brz-menu brz-menu__preview brz-css-lusvm\">\n<ul class=\"brz-menu__ul\" data-menu-items-active=\"\">\n<li class=\"brz-menu__item\" data-menu-item-id=\"a45e250d979c9b3c26fe6917797cc038\"><a class=\"brz-a menu-item menu-item-type-post_type menu-item-object-page menu-item-home\" href=\"https:\/\/tlatelolcounam.mx\/caminoreal\/\" data-brz-link-type=\"external\" id><span class=\"brz-span\">Inicio<\/span><\/a><\/li>\n<li class=\"brz-menu__item brz-menu__item--current brz-menu__item-dropdown\" data-menu-item-id=\"ba4a85012b5365c17cdf357587076276\"><a class=\"brz-a brz-anchor menu-item menu-item-type-custom menu-item-object-custom current-menu-ancestor current-menu-parent\" href=\"#\" data-brz-link-type=\"anchor\" id><span class=\"brz-span\">Estados<\/span><\/a><\/li>\n<li class=\"brz-menu__item\" data-menu-item-id=\"d3c0c655631b120767a40bd0aed90e47\"><a class=\"brz-a menu-item menu-item-type-post_type menu-item-object-page\" href=\"https:\/\/tlatelolcounam.mx\/caminoreal\/historia\/\" data-brz-link-type=\"external\" id><span class=\"brz-span\">Historia<\/span><\/a><\/li>\n<\/ul>\n<\/nav>\n<div class=\"brz-mm-menu__icon\">\n<\/div>\n<\/div>\n<\/div>\n<\/div>\n<\/div>\n<\/div>\n<\/div>\n<\/div>\n<\/div>\n<\/section>\n<section data-uid=\"dokjzmexqunazctbloammypxiyzspbnjdvyj\" id=\"dokjzmexqunazctbloammypxiyzspbnjdvyj\" class=\"brz-section brz-css-emiui brz-css-vfjed\">\n<div class=\"brz-section__content brz-section--fullWidth brz-css-vyhqr brz-css-bxqwr\" data-custom-id=\"ofodesxequsppebghdddegirgebmibqoghuq\">\n<div class=\"brz-bg overflow-hidden absolute top-0 left-0 w-full h-full\">\n<div class=\"brz-bg-color absolute top-0 left-0 w-full h-full\"><\/div>\n<\/div>\n<div class=\"brz-container brz-css-jhjfx brz-css-scmis\">\n<div class=\"brz-row__container brz-css-wjuzf\" data-custom-id=\"utyrubatiicuodtfdrsdwpqylqelgarpuuon\">\n<div class=\"brz-bg overflow-hidden absolute top-0 left-0 w-full h-full\"><\/div>\n<div class=\"brz-row brz-css-zoeyx brz-css-ajycz\">\n<div class=\"brz-columns brz-css-xnzta brz-css-ozcqz\" data-custom-id=\"bwhvzqizgbjedpjcxsmqwrqrinyzgjbgspsj\">\n<div class=\"brz-bg overflow-hidden absolute top-0 left-0 w-full h-full\">\n<div class=\"brz-bg-image absolute top-0 left-0 w-full h-full bg-no-repeat bg-cover\"><\/div>\n<div class=\"brz-bg-color absolute top-0 left-0 w-full h-full\"><\/div>\n<\/div>\n<div class=\"brz-column__items brz-css-kjjcd brz-css-idbpl\">\n<div class=\"brz-css-srlvb brz-css-szfrc brz-wrapper\">\n<div class=\"brz-spacer brz-css-baihf brz-css-muopc\"><\/div>\n<\/div>\n<div class=\"brz-css-srlvb brz-css-uufib brz-wrapper\">\n<div class=\"brz-rich-text brz-rich-text__custom brz-css-iyorj\" data-custom-id=\"izorsycabgqshdvrjbcfkgyetwgynrgveamm\">\n<div>\n<p class=\"brz-css-ymyit\" data-uniq-id=\"huahn\" data-generated-css=\"brz-css-lthuz\"><span class=\"brz-capitalize-on\">AGUASCALIENTES<\/span><\/p>\n<\/div>\n<\/div>\n<\/div>\n<div class=\"brz-css-srlvb brz-css-szfrc brz-wrapper\">\n<div class=\"brz-spacer brz-css-baihf brz-css-rbcka\"><\/div>\n<\/div>\n<div class=\"brz-row__container brz-css-wjuzf\" data-custom-id=\"voximjuqaoeoducczwbwgnjrssthtmurmjau\">\n<div class=\"brz-bg overflow-hidden absolute top-0 left-0 w-full h-full\"><\/div>\n<div class=\"brz-row brz-row--inner brz-css-zoeyx brz-css-ajycz\">\n<div class=\"brz-columns brz-css-xnzta brz-css-jbuav\" data-custom-id=\"yapcxvzdacxdqsgfxmjonwzyszzxwcutvaun\">\n<div class=\"brz-bg overflow-hidden absolute top-0 left-0 w-full h-full\"><\/div>\n<div class=\"brz-column__items brz-css-kjjcd\"><\/div>\n<\/div>\n<div class=\"brz-columns brz-css-xnzta brz-css-qjiob\" data-custom-id=\"cqlhszirvwtroznachbefvawmmtnhxqmiyfm\">\n<div class=\"brz-bg overflow-hidden absolute top-0 left-0 w-full h-full\"><\/div>\n<div class=\"brz-column__items brz-css-kjjcd\">\n<div class=\"brz-css-srlvb brz-css-nwdrv brz-wrapper\">\n<div class=\"brz-rich-text brz-rich-text__custom brz-css-iyorj\" data-custom-id=\"hzqapljbplezlkzsojvbncumqwmgngqdgbud\">\n<div>\n<p class=\"brz-css-ayyzb\" data-uniq-id=\"xxpmh\" data-generated-css=\"brz-css-blrpk\"><span style=\"background-color: transparent\">El Camino Real de Tierra Adentro pasaba por el territorio de Aguascalientes mediante dos tramos: De Quer\u00e9taro a Zacatecas, atravesando el Baj\u00edo, y El Camino de Plata de Quer\u00e9taro a San Miguel de Allende, en el poblado de \u201cEl Cuisillo\u201d; lo cual propici\u00f3 el origen de Villa de Nuestra Se\u00f1ora de Aguascalientes.\u00a0Fue un punto importante, llamado la Ruta de la Plata, por el paso de este mineral. <\/span><\/p>\n<p class=\"brz-css-hjhma\" data-uniq-id=\"mykpr\" data-generated-css=\"brz-css-aqcrn\"><span style=\"background-color: transparent\">Las haciendas fueron centros de producci\u00f3n, empleos y estancia como, por ejemplo, Hacienda San Jacinto, Hacienda de Pe\u00f1uelas, Hacienda El Saucillo, donde destaca un acueducto que se ha conservado muy bien, y la Hacienda Cieneguilla que fue una de las m\u00e1s importantes en la \u00e9poca colonial ya que los jesuitas impulsaron la miner\u00eda en la zona y crearon una capilla para la poblaci\u00f3n, hasta que fueron expulsados. <\/span><\/p>\n<\/div>\n<\/div>\n<\/div>\n<\/div>\n<\/div>\n<div class=\"brz-columns brz-css-xnzta brz-css-zgjzn\" data-custom-id=\"lylvxxjujuigcfkjglzzhhlhayuytpfjduuo\">\n<div class=\"brz-bg overflow-hidden absolute top-0 left-0 w-full h-full\"><\/div>\n<div class=\"brz-column__items brz-css-kjjcd\"><\/div>\n<\/div>\n<\/div>\n<\/div>\n<\/div>\n<\/div>\n<\/div>\n<\/div>\n<\/div>\n<\/div>\n<\/section>\n<section data-uid=\"xbhrizblxdkmlqhrspiolqcmdstswqsqquxa\" id=\"xbhrizblxdkmlqhrspiolqcmdstswqsqquxa\" class=\"brz-section brz-css-emiui\">\n<div class=\"brz-section__content brz-section--boxed brz-css-vyhqr brz-css-alhws\" data-custom-id=\"gmkaprjgggcuibzvcutclilzjrekrrrjazop\">\n<div class=\"brz-bg overflow-hidden absolute top-0 left-0 w-full h-full\">\n<div class=\"brz-bg-image absolute top-0 left-0 w-full h-full bg-no-repeat bg-cover brz-bg-image-parallax\"><\/div>\n<\/div>\n<div class=\"brz-container brz-css-jhjfx\">\n<div class=\"brz-row__container brz-css-wjuzf\" data-custom-id=\"oztjppprxrqmyupwtsrcyrfxqvnlhelfgutw\">\n<div class=\"brz-bg overflow-hidden absolute top-0 left-0 w-full h-full\"><\/div>\n<div class=\"brz-row brz-css-zoeyx brz-css-ajycz\">\n<div class=\"brz-columns brz-css-xnzta brz-css-xkjjd\" data-custom-id=\"wzsjuvwgwznberiehdxycgsqdugltnfotlrf\">\n<div class=\"brz-bg overflow-hidden absolute top-0 left-0 w-full h-full\"><\/div>\n<div class=\"brz-column__items brz-css-kjjcd brz-css-xvrpg\">\n<div class=\"brz-css-srlvb brz-css-zolud brz-wrapper\">\n<div class=\"brz-image brz-css-uwvhz brz-css-fumrg\"><a class=\"brz-a\" href=\"https:\/\/tlatelolcounam.mx\/caminoreal\/ags_2\/ags_transp\/\" data-brz-link-type=\"external\" id data-custom-id=\"dkaixjncvthdezykkaimumwweskkwhpmldca\"><img decoding=\"async\" class=\"brz-img\" src=\"https:\/\/tlatelolcounam.mx\/caminoreal\/wp-content\/uploads\/brizy\/imgs\/TRANSPORTE-360x360x0x14x360x332x1649224137.png\" alt=\"\" loading=\"lazy\" \/><\/a><\/div>\n<\/div>\n<div class=\"brz-css-srlvb brz-css-nrcfe brz-wrapper\">\n<div class=\"brz-image brz-css-bgqnl brz-css-sbynx\"><a class=\"brz-a\" href=\"https:\/\/tlatelolcounam.mx\/caminoreal\/ags_2\/ags_guias\/\" data-brz-link-type=\"external\" id data-custom-id=\"dvayhoaltrdwrfbxprvkrteztvasqsilvdpe\"><img decoding=\"async\" class=\"brz-img\" src=\"https:\/\/tlatelolcounam.mx\/caminoreal\/wp-content\/uploads\/brizy\/imgs\/TURISMO-360x360x0x52x360x212x1649224165.png\" alt=\"\" loading=\"lazy\" \/><\/a><\/div>\n<\/div>\n<div class=\"brz-css-srlvb brz-css-ndgob brz-wrapper\">\n<div class=\"brz-image brz-css-cdtcr brz-css-quojg\"><a class=\"brz-a\" href=\"https:\/\/tlatelolcounam.mx\/caminoreal\/ags_2\/ags_arqueo\/\" data-brz-link-type=\"external\" id data-custom-id=\"vyvygxfpbmrsanfthgnbzizhvfzxaikckybg\"><img decoding=\"async\" class=\"brz-img\" src=\"https:\/\/tlatelolcounam.mx\/caminoreal\/wp-content\/uploads\/brizy\/imgs\/ARQUEOLOGICOS-396x396x18x0x360x396x1649223890.png\" alt=\"\" loading=\"lazy\" \/><\/a><\/div>\n<\/div>\n<\/div>\n<\/div>\n<div class=\"brz-columns brz-css-xnzta brz-css-peiyv\" data-custom-id=\"ghvactfmtlkylihokkzbxvzzhuaqftvmbnfx\">\n<div class=\"brz-bg overflow-hidden absolute top-0 left-0 w-full h-full\"><\/div>\n<div class=\"brz-column__items brz-css-kjjcd\">\n<div class=\"brz-css-srlvb brz-css-hryfu brz-wrapper\">\n<div class=\"brz-image brz-css-sziam brz-css-jdsca\"><a class=\"brz-a\" href=\"https:\/\/tlatelolcounam.mx\/caminoreal\/ags_2\/ags_trad\/\" data-brz-link-type=\"external\" id data-custom-id=\"evsitswzukpgmmkuaueugnfoffyzijqdgyje\"><img decoding=\"async\" class=\"brz-img\" src=\"https:\/\/tlatelolcounam.mx\/caminoreal\/wp-content\/uploads\/brizy\/imgs\/FIESTAS-DANZAS-360x360x0x31x360x298x1649223996.png\" alt=\"\" loading=\"lazy\" \/><\/a><\/div>\n<\/div>\n<div class=\"brz-css-srlvb brz-css-wajef brz-wrapper\">\n<div class=\"brz-image brz-css-kspsg brz-css-txwue\"><a class=\"brz-a\" href=\"https:\/\/tlatelolcounam.mx\/caminoreal\/ags_2\/ags_cultyart\/\" data-brz-link-type=\"external\" id data-custom-id=\"cszzetwcuelibbzwakbnpfymgnxtwbpeosot\"><img decoding=\"async\" class=\"brz-img\" src=\"https:\/\/tlatelolcounam.mx\/caminoreal\/wp-content\/uploads\/brizy\/imgs\/CULTURA-442x442x41x0x360x442x1649223967.png\" alt=\"\" loading=\"lazy\" \/><\/a><\/div>\n<\/div>\n<div class=\"brz-css-srlvb brz-css-wmnum brz-wrapper\">\n<div class=\"brz-image brz-css-epzfo brz-css-ihvld\"><a class=\"brz-a\" href=\"https:\/\/tlatelolcounam.mx\/caminoreal\/ags_2\/ags_arqui\/\" data-brz-link-type=\"external\" id data-custom-id=\"ponksmqoohckslmdnwxunykqeurdsnlqpafu\"><img decoding=\"async\" class=\"brz-img\" src=\"https:\/\/tlatelolcounam.mx\/caminoreal\/wp-content\/uploads\/brizy\/imgs\/ARQUITECTURA-360x360x0x14x360x332x1649223920.png\" alt=\"\" loading=\"lazy\" \/><\/a><\/div>\n<\/div>\n<\/div>\n<\/div>\n<div class=\"brz-columns brz-css-xnzta brz-css-vntvt\" data-custom-id=\"gdoxbuhzessbqyalltyohvpdokzfdlyevzmb\">\n<div class=\"brz-bg overflow-hidden absolute top-0 left-0 w-full h-full\"><\/div>\n<div class=\"brz-column__items brz-css-kjjcd\">\n<div class=\"brz-css-srlvb brz-css-szfrc brz-css-oifdw brz-wrapper\">\n<div class=\"brz-spacer brz-css-baihf brz-css-rmraa\"><\/div>\n<\/div>\n<div class=\"brz-css-srlvb brz-css-zfvda brz-wrapper\">\n<div class=\"brz-image brz-css-thcyr brz-css-dcfwn\"><a class=\"brz-a\" href=\"https:\/\/tlatelolcounam.mx\/caminoreal\/ags_2\/ags_natuyave\/\" data-brz-link-type=\"external\" id data-custom-id=\"ysncbvxawyzkvkmwffwyxkyqohwaibnleunz\"><img decoding=\"async\" class=\"brz-img\" src=\"https:\/\/tlatelolcounam.mx\/caminoreal\/wp-content\/uploads\/brizy\/imgs\/NATURALEZA-361x361x0x5x361x307x1649224068.png\" alt=\"\" loading=\"lazy\" \/><\/a><\/div>\n<\/div>\n<div class=\"brz-css-srlvb brz-css-csmud brz-wrapper\">\n<div class=\"brz-image brz-css-wknus brz-css-dpzjq\"><a class=\"brz-a\" href=\"https:\/\/tlatelolcounam.mx\/caminoreal\/ags_2\/ags_gastr\/\" data-brz-link-type=\"external\" id data-custom-id=\"bvjbxklkyytbxvriqjbgbweipfgypmbocxgx\"><img decoding=\"async\" class=\"brz-img\" src=\"https:\/\/tlatelolcounam.mx\/caminoreal\/wp-content\/uploads\/brizy\/imgs\/GASTRONOMIA-361x361x0x14x361x333x1649224018.png\" alt=\"\" loading=\"lazy\" \/><\/a><\/div>\n<\/div>\n<div class=\"brz-css-srlvb brz-css-smnxt brz-wrapper\">\n<div class=\"brz-image brz-css-dnbhq brz-css-fziwp\"><a class=\"brz-a\" href=\"https:\/\/tlatelolcounam.mx\/caminoreal\/ags_2\/ags_croni\/\" data-brz-link-type=\"external\" id data-custom-id=\"ssefxrwjqjavojxfyogftfeqwkgcpluplwin\"><img decoding=\"async\" class=\"brz-img\" src=\"https:\/\/tlatelolcounam.mx\/caminoreal\/wp-content\/uploads\/brizy\/imgs\/CRONISTAS-361x361x0x51x361x260x1649223937.png\" alt=\"\" loading=\"lazy\" \/><\/a><\/div>\n<\/div>\n<div class=\"brz-css-srlvb brz-css-fphqy brz-wrapper\">\n<div class=\"brz-image brz-css-ytxss brz-css-gubcs\"><a class=\"brz-a\" href=\"https:\/\/tlatelolcounam.mx\/caminoreal\/ags_2\/ags_hosp\/\" data-brz-link-type=\"external\" id data-custom-id=\"leyxodyxayhupzkerwgclafoetaeabmjeopb\"><img decoding=\"async\" class=\"brz-img\" src=\"https:\/\/tlatelolcounam.mx\/caminoreal\/wp-content\/uploads\/brizy\/imgs\/HOSPEDAJE-1-361x361x0x83x361x260x1651034933.png\" alt=\"\" loading=\"lazy\" \/><\/a><\/div>\n<\/div>\n<\/div>\n<\/div>\n<\/div>\n<\/div>\n<\/div>\n<\/div>\n<\/section>\n<section data-uid=\"qbfkutxzivuqimzwvurwhlzlevsnqhyozokv\" id=\"qbfkutxzivuqimzwvurwhlzlevsnqhyozokv\" class=\"brz-section brz-css-emiui\">\n<div class=\"brz-section__content brz-section--boxed brz-css-vyhqr brz-css-veufl\" data-custom-id=\"pjcqvnotppncubgjpoptfczrkxvbldbgpubs\">\n<div class=\"brz-bg overflow-hidden absolute top-0 left-0 w-full h-full\">\n<div class=\"brz-bg-image absolute top-0 left-0 w-full h-full bg-no-repeat bg-cover\"><\/div>\n<\/div>\n<div class=\"brz-container brz-css-jhjfx\">\n<div class=\"brz-row__container brz-css-wjuzf\" data-custom-id=\"uuhodzzbtqloidrwysguigayydrgcpevkakg\">\n<div class=\"brz-bg overflow-hidden absolute top-0 left-0 w-full h-full\"><\/div>\n<div class=\"brz-row brz-css-zoeyx brz-css-ajycz\">\n<div class=\"brz-columns brz-css-xnzta brz-css-zbjyb\" data-custom-id=\"btzjjiuwgvaygazqnpzkdwkkzkkneihkeioo\">\n<div class=\"brz-bg overflow-hidden absolute top-0 left-0 w-full h-full\"><\/div>\n<div class=\"brz-column__items brz-css-kjjcd brz-css-kujik\">\n<div class=\"brz-css-srlvb brz-wrapper\">\n<div class=\"brz-image brz-css-noapk brz-css-djiyl\"><img decoding=\"async\" class=\"brz-img\" src=\"https:\/\/tlatelolcounam.mx\/caminoreal\/wp-content\/uploads\/brizy\/imgs\/SECRETARI\u0301A-DE-TURISMO-505x505x52x0x411x505x1649224133.png\" alt=\"\" loading=\"lazy\" \/><\/div>\n<\/div>\n<\/div>\n<\/div>\n<div class=\"brz-columns brz-css-xnzta brz-css-zwdar\" data-custom-id=\"khwrzdrpaamenuwourpzzggvyyqknqnuvanm\">\n<div class=\"brz-bg overflow-hidden absolute top-0 left-0 w-full h-full\"><\/div>\n<div class=\"brz-column__items brz-css-kjjcd brz-css-oqxwz\">\n<div class=\"brz-css-srlvb brz-wrapper\">\n<div class=\"brz-image brz-css-byush brz-css-yeaau\"><img decoding=\"async\" class=\"brz-img\" src=\"https:\/\/tlatelolcounam.mx\/caminoreal\/wp-content\/uploads\/brizy\/imgs\/ALIADOS-524x524x51x0x433x524x1649223886.png\" alt=\"\" loading=\"lazy\" \/><\/div>\n<\/div>\n<\/div>\n<\/div>\n<\/div>\n<\/div>\n<\/div>\n<\/div>\n<\/section>\n<section data-uid=\"rveuamtmysvwswawebijahrjxkuxjvxlxelg\" id=\"rveuamtmysvwswawebijahrjxkuxjvxlxelg\" class=\"brz-section brz-css-emiui brz-css-xdmuf\">\n<div class=\"brz-section__content brz-section--boxed brz-css-vyhqr brz-css-qlogp\" data-custom-id=\"jevxzucvdlfbjclqnoxdfdxufrptolgfwndq\">\n<div class=\"brz-bg overflow-hidden absolute top-0 left-0 w-full h-full\">\n<div class=\"brz-bg-map absolute top-0 left-0 w-full h-full\"><\/div>\n<\/div>\n<div class=\"brz-container brz-css-jhjfx\">\n<div class=\"brz-row__container brz-css-wjuzf\" data-custom-id=\"muhnzjongognzcnvvgvaclkcabsqqxfrjaxe\">\n<div class=\"brz-bg overflow-hidden absolute top-0 left-0 w-full h-full\"><\/div>\n<div class=\"brz-row brz-css-zoeyx brz-css-ajycz\">\n<div class=\"brz-columns brz-css-xnzta brz-css-dpoym\" data-custom-id=\"hchivtzhhztivnxnzntzxvwvlxaurklibfzs\">\n<div class=\"brz-bg overflow-hidden absolute top-0 left-0 w-full h-full\"><\/div>\n<div class=\"brz-column__items brz-css-kjjcd\">\n<div class=\"brz-css-srlvb brz-wrapper\">\n<div class=\"brz-wp-shortcode brz-css-ihmmt\" data-custom-id=\"zaywgxnmxjejptywhkbaoiabgsfmupczvdfq\">\n<div><div class=\"twer-map-wrapper treweler-map-fw\" ><div class=\"twer-iframe-embed\" style=\"height:500px;\"><iframe loading=\"lazy\" class=\"twer-iframe\" src=\"https:\/\/tlatelolcounam.mx\/caminoreal\/treweler-map\/aguascalientes\/?tw=iframe&#038;twer-index=1&#038;twer-map-id=510&#038;twer-height=500px&#038;twer-type=fullwidth&#038;twer-scrollzoom=yes&#038;twer-width\"  frameborder=\"0\" title=\"Treweler Map\"><\/iframe><\/div><\/div><\/div>\n<\/div>\n<\/div>\n<\/div>\n<\/div>\n<\/div>\n<\/div>\n<\/div>\n<\/div>\n<\/section>\n<section data-uid=\"ndbrjwlkpgkbutqkhndxtwlghyzthupgxoer\" id=\"ndbrjwlkpgkbutqkhndxtwlghyzthupgxoer\" class=\"brz-section brz-css-emiui\">\n<div class=\"brz-section__content brz-section--boxed brz-css-vyhqr brz-css-aabwy\" data-custom-id=\"pmpyqmquwlwwnbbqravyfmyyfwzjmupdrqwm\">\n<div class=\"brz-bg overflow-hidden absolute top-0 left-0 w-full h-full\">\n<div class=\"brz-bg-image absolute top-0 left-0 w-full h-full bg-no-repeat bg-cover\"><\/div>\n<div class=\"brz-bg-color absolute top-0 left-0 w-full h-full\"><\/div>\n<\/div>\n<div class=\"brz-container brz-css-jhjfx\">\n<div class=\"brz-row__container brz-css-wjuzf\" data-custom-id=\"rqwpjjxbxtlnqzmsrcnossttmlptixpkffzd\">\n<div class=\"brz-bg overflow-hidden absolute top-0 left-0 w-full h-full\"><\/div>\n<div class=\"brz-row brz-css-zoeyx brz-css-ajycz\">\n<div class=\"brz-columns brz-css-xnzta brz-css-gyspb\" data-custom-id=\"xaaalhzkzqlrmtdjmawghruivhqtxdirzppf\">\n<div class=\"brz-bg overflow-hidden absolute top-0 left-0 w-full h-full\"><\/div>\n<div class=\"brz-column__items brz-css-kjjcd brz-css-xcubn\">\n<div class=\"brz-css-srlvb brz-css-ttzee brz-wrapper\">\n<div class=\"brz-image brz-css-inkyl\"><img decoding=\"async\" class=\"brz-img\" src=\"https:\/\/tlatelolcounam.mx\/caminoreal\/wp-content\/uploads\/brizy\/imgs\/logo-1-293x101x0x1x293x100x1642108354.png\" alt=\"\" loading=\"lazy\" \/><\/div>\n<\/div>\n<div class=\"brz-css-srlvb brz-css-szfrc brz-wrapper\">\n<div class=\"brz-spacer brz-css-baihf brz-css-dgeip\"><\/div>\n<\/div>\n<div class=\"brz-css-srlvb brz-wrapper\">\n<div class=\"brz-rich-text brz-rich-text__custom brz-css-iyorj\" data-custom-id=\"gjegktnrmoofavhpkpcvkadjakmwzcgirice\">\n<div>\n<p class=\"brz-css-obuhx\" data-uniq-id=\"euomf\" data-generated-css=\"brz-css-qlfmh\"><span>Ricardo Flores Mag\u00f3n 1. <\/span><\/p>\n<p class=\"brz-css-wqtui\" data-uniq-id=\"fkrdx\" data-generated-css=\"brz-css-lepkg\"><span>Col. Nonoalco-Tlatelolco C.P. 06995. <\/span><\/p>\n<p class=\"brz-css-xwpha\" data-uniq-id=\"gutxj\" data-generated-css=\"brz-css-zxvpu\"><span>ccutlatelolco@gmail.com<\/span><\/p>\n<p class=\"brz-css-vvzim\" data-generated-css=\"brz-css-fwbyw\" data-uniq-id=\"yzdzu\"><span>5117 2818 ext. 49613<\/span><\/p>\n<\/div>\n<\/div>\n<\/div>\n<\/div>\n<\/div>\n<div class=\"brz-columns brz-css-xnzta brz-css-hebna\" data-custom-id=\"jybrkyhtenvuwpnijtazsyakuxqgnnoseczd\">\n<div class=\"brz-bg overflow-hidden absolute top-0 left-0 w-full h-full\"><\/div>\n<div class=\"brz-column__items brz-css-kjjcd\">\n<div class=\"brz-css-srlvb brz-wrapper\">\n<div class=\"brz-rich-text brz-rich-text__custom brz-css-iyorj\" data-custom-id=\"oimqqfmucarphaxhwlmqbfdxkftpbxtovvqc\">\n<div>\n<p class=\"brz-css-plduc\" data-uniq-id=\"pdybz\" data-generated-css=\"brz-css-custc\"><span>M\u00e1s sobre el CCUT<\/span><\/p>\n<\/div>\n<\/div>\n<\/div>\n<div class=\"brz-css-srlvb brz-css-szfrc brz-wrapper\">\n<div class=\"brz-spacer brz-css-baihf brz-css-vycgv\"><\/div>\n<\/div>\n<div class=\"brz-css-srlvb brz-wrapper\">\n<div class=\"brz-rich-text brz-rich-text__custom brz-css-iyorj\" data-custom-id=\"gxigcfbxvzsgnlvlwcdybycvapjuwmneuqll\">\n<div>\n<p class=\"brz-css-uzljm\" data-uniq-id=\"frwjr\" data-generated-css=\"brz-css-laqsj\"><span>Seminario <\/span><\/p>\n<p class=\"brz-css-bdnza\" data-uniq-id=\"vnkoo\" data-generated-css=\"brz-css-dmrvc\"><span>Memorias<\/span><\/p>\n<p class=\"brz-css-pmerw\" data-uniq-id=\"dcvrt\" data-generated-css=\"brz-css-bwatq\"><span>Resistencias<\/span><\/p>\n<p class=\"brz-css-vnrdi\" data-generated-css=\"brz-css-vpotn\" data-uniq-id=\"xkgby\"><span>Comunidades<\/span><\/p>\n<\/div>\n<\/div>\n<\/div>\n<div class=\"brz-css-srlvb brz-wrapper\">\n<div class=\"brz-rich-text brz-rich-text__custom brz-css-iyorj\" data-custom-id=\"xtcvlflqpoikgxvqpzuaqmrqxcjfkrkjwfvv\">\n<div>\n<p class=\"brz-css-zlmld\" data-uniq-id=\"icvhm\" data-generated-css=\"brz-css-gzhjx\"><\/p>\n<\/div>\n<\/div>\n<\/div>\n<\/div>\n<\/div>\n<div class=\"brz-columns brz-css-xnzta brz-css-cjpwo\" data-custom-id=\"obkciwtkkjpitsdmktdwoxjnkingtwlwtwex\">\n<div class=\"brz-bg overflow-hidden absolute top-0 left-0 w-full h-full\"><\/div>\n<div class=\"brz-column__items brz-css-kjjcd\">\n<div class=\"brz-css-srlvb brz-wrapper\">\n<div class=\"brz-rich-text brz-rich-text__custom brz-css-iyorj\" data-custom-id=\"hejxlkpgheztqygkkhovvbvsxhxiclvfflwn\">\n<div>\n<p class=\"brz-css-oqgdm\" data-uniq-id=\"wbckk\" data-generated-css=\"brz-css-akbyj\"><span class=\"brz-cp-color8\">S\u00edguenos<\/span><\/p>\n<\/div>\n<\/div>\n<\/div>\n<div class=\"brz-css-srlvb brz-css-szfrc brz-wrapper\">\n<div class=\"brz-spacer brz-css-baihf brz-css-kyazx\"><\/div>\n<\/div>\n<div class=\"brz-css-srlvb brz-css-youbc brz-wrapper\">\n<div class=\"brz-icon-text brz-css-jnfvy brz-css-otolp\" data-custom-id=\"hkvvxjleyubdmhedbanhlqpxwtdhpvhyaszc\">\n<div id class=\"brz-icon__container\" data-custom-id=\"ucwnefmefgnvdcmiyczgokacmmcsujrcytip\"><span class=\"brz-icon brz-span brz-css-gcibz brz-css-cxsgw\"><\/span><\/div>\n<div class=\"brz-text-btn\">\n<div class=\"brz-rich-text brz-rich-text__custom brz-css-iyorj\" data-custom-id=\"wcbuysdkccpjzkbekfchujzptciggqhompzj\">\n<div>\n<p class=\"brz-css-ijszo\"><span>Twitter<\/span><\/p>\n<\/div>\n<\/div>\n<\/div>\n<\/div>\n<\/div>\n<div class=\"brz-css-srlvb brz-css-mnizd brz-wrapper\">\n<div class=\"brz-icon-text brz-css-jnfvy brz-css-lmagf\" data-custom-id=\"ikszxadkeozaifxojioelesmfywtcarnsmca\">\n<div id class=\"brz-icon__container\" data-custom-id=\"mtfapomewsekpqgrftisobranvbrmcougqdc\"><span class=\"brz-icon brz-span brz-css-gcibz brz-css-lhkvd\"><\/span><\/div>\n<div class=\"brz-text-btn\">\n<div class=\"brz-rich-text brz-rich-text__custom brz-css-iyorj\" data-custom-id=\"nqdzfkxbnrjlhusyjbvndfwedytoicbgawti\">\n<div>\n<p class=\"brz-css-pnwtq\"><span>Facebook<\/span><\/p>\n<\/div>\n<\/div>\n<\/div>\n<\/div>\n<\/div>\n<div class=\"brz-css-srlvb brz-wrapper\">\n<div class=\"brz-icon-text brz-css-jnfvy brz-css-scmsa\" data-custom-id=\"acmefhnhhauqwjkazatdzpivjexylgfhynym\">\n<div id class=\"brz-icon__container\" data-custom-id=\"sqmtawdmrzpfwksomrrdsabkeuddcaptlfna\"><span class=\"brz-icon brz-span brz-css-gcibz brz-css-hqmyi\"><\/span><\/div>\n<div class=\"brz-text-btn\">\n<div class=\"brz-rich-text brz-rich-text__custom brz-css-iyorj\" data-custom-id=\"gqpegedfnkrbdkvwkrdxddisxzrfmkmnfwnr\">\n<div>\n<p class=\"brz-css-csqoy\"><span>Youtube<\/span><\/p>\n<\/div>\n<\/div>\n<\/div>\n<\/div>\n<\/div>\n<\/div>\n<\/div>\n<\/div>\n<\/div>\n<div class=\"brz-css-srlvb brz-wrapper\">\n<div class=\"brz-image brz-css-ipipl\"><img decoding=\"async\" class=\"brz-img\" src=\"https:\/\/tlatelolcounam.mx\/caminoreal\/wp-content\/uploads\/brizy\/imgs\/escudo-firma-176x88x0x0x176x88x1642108760.png\" alt=\"\" loading=\"lazy\" \/><\/div>\n<\/div>\n<div class=\"brz-css-srlvb brz-css-hzkdj brz-wrapper\">\n<div class=\"brz-line brz-line-default brz-css-eqjnj brz-css-riola\" data-custom-id=\"ajxbhuiaiipvpvmusgjbijyjphdxtqzilafc\">\n<hr class=\"brz-hr\" \/><\/div>\n<\/div>\n<div class=\"brz-css-srlvb brz-wrapper\">\n<div class=\"brz-rich-text brz-rich-text__custom brz-css-iyorj\" data-custom-id=\"mvzortkfjmkxciwtzjnvltotxinxijsnuqnu\">\n<div>\n<p class=\"brz-css-hdfuq\" data-uniq-id=\"yqtzc\" data-generated-css=\"brz-css-kwjoz\"><span>Esta p\u00e1gina y el contenido de la misma se encuentran protegidos por propiedad intelectual, confidencialidad entre las partes, as\u00ed como por normativa general y universitaria vigente de Transparencia, Acceso a la Informaci\u00f3n P\u00fablica y Protecci\u00f3n de Datos Personales. UNAM-CCUT.<\/span><\/p>\n<\/div>\n<\/div>\n<\/div>\n<\/div>\n<\/div>\n<\/section>\n<\/div>\n<p><!-- version:1673298189 --><\/p>\n","protected":false},"excerpt":{"rendered":"<p>Inicio Estados Historia AGUASCALIENTES El Camino Real de Tierra Adentro pasaba por el territorio de Aguascalientes mediante dos tramos: De Quer\u00e9taro a Zacatecas, atravesando el Baj\u00edo, y El Camino de Plata de Quer\u00e9taro a San Miguel de Allende, en el poblado de \u201cEl Cuisillo\u201d; lo cual propici\u00f3 el origen de Villa de Nuestra Se\u00f1ora de [&hellip;]<\/p>\n","protected":false},"author":7,"featured_media":0,"parent":0,"menu_order":0,"comment_status":"closed","ping_status":"closed","template":"brizy-blank-template.php","meta":{"footnotes":""},"class_list":["post-1013","page","type-page","status-publish","hentry"],"_links":{"self":[{"href":"https:\/\/tlatelolcounam.mx\/caminoreal\/wp-json\/wp\/v2\/pages\/1013","targetHints":{"allow":["GET"]}}],"collection":[{"href":"https:\/\/tlatelolcounam.mx\/caminoreal\/wp-json\/wp\/v2\/pages"}],"about":[{"href":"https:\/\/tlatelolcounam.mx\/caminoreal\/wp-json\/wp\/v2\/types\/page"}],"author":[{"embeddable":true,"href":"https:\/\/tlatelolcounam.mx\/caminoreal\/wp-json\/wp\/v2\/users\/7"}],"replies":[{"embeddable":true,"href":"https:\/\/tlatelolcounam.mx\/caminoreal\/wp-json\/wp\/v2\/comments?post=1013"}],"version-history":[{"count":30,"href":"https:\/\/tlatelolcounam.mx\/caminoreal\/wp-json\/wp\/v2\/pages\/1013\/revisions"}],"predecessor-version":[{"id":37803,"href":"https:\/\/tlatelolcounam.mx\/caminoreal\/wp-json\/wp\/v2\/pages\/1013\/revisions\/37803"}],"wp:attachment":[{"href":"https:\/\/tlatelolcounam.mx\/caminoreal\/wp-json\/wp\/v2\/media?parent=1013"}],"curies":[{"name":"wp","href":"https:\/\/api.w.org\/{rel}","templated":true}]}}