{"id":1004,"date":"2022-04-28T18:44:42","date_gmt":"2022-04-28T18:44:42","guid":{"rendered":"https:\/\/tlatelolcounam.mx\/caminoreal\/?page_id=1004"},"modified":"2025-08-11T13:00:58","modified_gmt":"2025-08-11T13:00:58","slug":"hidalgo","status":"publish","type":"page","link":"https:\/\/tlatelolcounam.mx\/caminoreal\/hidalgo\/","title":{"rendered":"Hidalgo"},"content":{"rendered":"<div class=\"brz-root__container brz-reset-all\">\n<section data-uid=\"cdkeghlziiohoukivthemcomadlvolvjzyzx\" id=\"cdkeghlziiohoukivthemcomadlvolvjzyzx\" class=\"brz-section brz-css-feipg\">\n<div class=\"brz-section__content brz-section--boxed brz-css-bfqyn brz-css-gqmcs\" data-custom-id=\"kxtylskpqchveijjrewfnyruqtatzgwljyzm\">\n<div class=\"brz-container brz-css-cxbij\">\n<div class=\"brz-row__container brz-css-nztue\" data-custom-id=\"tnecfxcdykoambyuufnshbafyloyrkvzbfkf\">\n<div class=\"brz-bg overflow-hidden absolute top-0 left-0 w-full h-full\"><\/div>\n<div class=\"brz-row brz-css-bxkng brz-css-rmxbl\">\n<div class=\"brz-columns brz-css-ahwbv brz-css-oscov\" data-custom-id=\"epxscrxbxahcngbhbcghkwdykelzrjhfzqft\">\n<div class=\"brz-bg overflow-hidden absolute top-0 left-0 w-full h-full\"><\/div>\n<div class=\"brz-column__items brz-css-mnfyc brz-css-kycrh\">\n<div class=\"brz-css-axnqv brz-css-xiemv brz-wrapper\">\n<div class=\"brz-image brz-css-snani brz-css-nquaf\"><img decoding=\"async\" class=\"brz-img\" src=\"https:\/\/tlatelolcounam.mx\/caminoreal\/wp-content\/uploads\/2022\/01\/logo.png\" alt=\"\" loading=\"lazy\" \/><\/div>\n<\/div>\n<\/div>\n<\/div>\n<div class=\"brz-columns brz-css-ahwbv brz-css-tiiju\" data-custom-id=\"pzxzuttxxgqksrrdgcwhaktqjdmukvkhahfe\">\n<div class=\"brz-bg overflow-hidden absolute top-0 left-0 w-full h-full\"><\/div>\n<div class=\"brz-column__items brz-css-mnfyc brz-css-ubvli\">\n<div class=\"brz-css-axnqv brz-wrapper\">\n<div class=\"brz-menu__container brz-css-huijf\" data-mmenu-id=\"#jejfoshatdvbwacscbfkdfhfvucqzbbmduur\" data-mmenu-position=\"position-left\" data-mmenu-title=\"Menu\" data-mmenu-stickytitle=\"on\" data-custom-id=\"xbqtfmrcedukngnyygmfwgkwektymnnnuzxj\">\n<nav class=\"brz-menu brz-menu__preview brz-css-pmjyc\">\n<ul class=\"brz-menu__ul\" data-menu-items-active=\"\">\n<li class=\"brz-menu__item\" data-menu-item-id=\"a45e250d979c9b3c26fe6917797cc038\"><a class=\"brz-a menu-item menu-item-type-post_type menu-item-object-page menu-item-home\" href=\"https:\/\/tlatelolcounam.mx\/caminoreal\/\" data-brz-link-type=\"external\" id><span class=\"brz-span\">Inicio<\/span><\/a><\/li>\n<li class=\"brz-menu__item brz-menu__item--current brz-menu__item-dropdown\" data-menu-item-id=\"ba4a85012b5365c17cdf357587076276\"><a class=\"brz-a brz-anchor menu-item menu-item-type-custom menu-item-object-custom current-menu-ancestor current-menu-parent\" href=\"#\" data-brz-link-type=\"anchor\" id><span class=\"brz-span\">Estados<\/span><\/a><\/li>\n<li class=\"brz-menu__item\" data-menu-item-id=\"d3c0c655631b120767a40bd0aed90e47\"><a class=\"brz-a menu-item menu-item-type-post_type menu-item-object-page\" href=\"https:\/\/tlatelolcounam.mx\/caminoreal\/historia\/\" data-brz-link-type=\"external\" id><span class=\"brz-span\">Historia<\/span><\/a><\/li>\n<\/ul>\n<\/nav>\n<div class=\"brz-mm-menu__icon\">\n<\/div>\n<\/div>\n<\/div>\n<\/div>\n<\/div>\n<\/div>\n<\/div>\n<\/div>\n<\/div>\n<\/section>\n<section data-uid=\"dokjzmexqunazctbloammypxiyzspbnjdvyj\" id=\"dokjzmexqunazctbloammypxiyzspbnjdvyj\" class=\"brz-section brz-css-feipg brz-css-fsbtt\">\n<div class=\"brz-section__content brz-section--fullWidth brz-css-bfqyn brz-css-oezam\" data-custom-id=\"ofodesxequsppebghdddegirgebmibqoghuq\">\n<div class=\"brz-bg overflow-hidden absolute top-0 left-0 w-full h-full\">\n<div class=\"brz-bg-color absolute top-0 left-0 w-full h-full\"><\/div>\n<\/div>\n<div class=\"brz-container brz-css-cxbij brz-css-eyhky\">\n<div class=\"brz-row__container brz-css-nztue\" data-custom-id=\"utyrubatiicuodtfdrsdwpqylqelgarpuuon\">\n<div class=\"brz-bg overflow-hidden absolute top-0 left-0 w-full h-full\"><\/div>\n<div class=\"brz-row brz-css-bxkng brz-css-rmxbl\">\n<div class=\"brz-columns brz-css-ahwbv brz-css-pfols\" data-custom-id=\"bwhvzqizgbjedpjcxsmqwrqrinyzgjbgspsj\">\n<div class=\"brz-bg overflow-hidden absolute top-0 left-0 w-full h-full\">\n<div class=\"brz-bg-image absolute top-0 left-0 w-full h-full bg-no-repeat bg-cover\"><\/div>\n<div class=\"brz-bg-color absolute top-0 left-0 w-full h-full\"><\/div>\n<\/div>\n<div class=\"brz-column__items brz-css-mnfyc brz-css-qqbdy\">\n<div class=\"brz-css-axnqv brz-css-wbukr brz-wrapper\">\n<div class=\"brz-spacer brz-css-mgshg brz-css-ebznv\"><\/div>\n<\/div>\n<div class=\"brz-css-axnqv brz-css-lnxqw brz-wrapper\">\n<div class=\"brz-rich-text brz-rich-text__custom brz-css-itrgo\" data-custom-id=\"izorsycabgqshdvrjbcfkgyetwgynrgveamm\">\n<div>\n<p class=\"brz-css-hsoij\" data-uniq-id=\"eogen\" data-generated-css=\"brz-css-uesbd\"><span class=\"brz-capitalize-on\">HIDALGO<\/span><\/p>\n<\/div>\n<\/div>\n<\/div>\n<div class=\"brz-css-axnqv brz-css-wbukr brz-wrapper\">\n<div class=\"brz-spacer brz-css-mgshg brz-css-awfld\"><\/div>\n<\/div>\n<div class=\"brz-row__container brz-css-nztue\" data-custom-id=\"iemwzbgywbmjntnjkmbgdzsueeatkfnmiycl\">\n<div class=\"brz-bg overflow-hidden absolute top-0 left-0 w-full h-full\"><\/div>\n<div class=\"brz-row brz-row--inner brz-css-bxkng brz-css-rmxbl\">\n<div class=\"brz-columns brz-css-ahwbv brz-css-xkgpz\" data-custom-id=\"khuasgoccvopwgcixdaxcaidrylssnunpvoz\">\n<div class=\"brz-bg overflow-hidden absolute top-0 left-0 w-full h-full\"><\/div>\n<div class=\"brz-column__items brz-css-mnfyc\"><\/div>\n<\/div>\n<div class=\"brz-columns brz-css-ahwbv brz-css-lysqo\" data-custom-id=\"lcennqlvouwfakynryokcbcmdgrpneztyreb\">\n<div class=\"brz-bg overflow-hidden absolute top-0 left-0 w-full h-full\"><\/div>\n<div class=\"brz-column__items brz-css-mnfyc\">\n<div class=\"brz-css-axnqv brz-wrapper\">\n<div class=\"brz-rich-text brz-rich-text__custom brz-css-itrgo\" data-custom-id=\"jfkibtmxqsqebnrqbrzdzchytekkgmpjjmcb\">\n<div>\n<p class=\"brz-css-duoag\" data-generated-css=\"brz-css-pkvao\" data-uniq-id=\"amrme\"><span>Hidalgo fue un estado muy afortunado al estar en el primer c\u00edrculo del paso de este camino. Por estar al centro del pa\u00eds, el estado conecta muy bien con el baj\u00edo, occidente y norte de M\u00e9xico; es un tramo empedrado que va desde el Puente La Colmena y la Hacienda de la Ca\u00f1ada, que cuenta con varios puntos de inter\u00e9s como la Iglesia de Santiago Tlautla, el Monumento al soldado, el Puente de Tlautla y el Puente de Atongo. Este segmento del camino real ten\u00eda ramificaciones consideradas caminos reales que conectaban con zonas como los antiguos reales mineros de Plomo Pobre, Zimap\u00e1n, el distrito minero de Pachuca y Real del Monte.<\/span><\/p>\n<\/div>\n<\/div>\n<\/div>\n<\/div>\n<\/div>\n<div class=\"brz-columns brz-css-ahwbv brz-css-fiskk\" data-custom-id=\"iyiqozqfvmyxmlrovhenfaaaxufvonzxmsit\">\n<div class=\"brz-bg overflow-hidden absolute top-0 left-0 w-full h-full\"><\/div>\n<div class=\"brz-column__items brz-css-mnfyc\"><\/div>\n<\/div>\n<\/div>\n<\/div>\n<\/div>\n<\/div>\n<\/div>\n<\/div>\n<\/div>\n<\/div>\n<\/section>\n<section data-uid=\"xbhrizblxdkmlqhrspiolqcmdstswqsqquxa\" id=\"xbhrizblxdkmlqhrspiolqcmdstswqsqquxa\" class=\"brz-section brz-css-feipg\">\n<div class=\"brz-section__content brz-section--boxed brz-css-bfqyn brz-css-mqssl\" data-custom-id=\"gmkaprjgggcuibzvcutclilzjrekrrrjazop\">\n<div class=\"brz-bg overflow-hidden absolute top-0 left-0 w-full h-full\">\n<div class=\"brz-bg-image absolute top-0 left-0 w-full h-full bg-no-repeat bg-cover brz-bg-image-parallax\"><\/div>\n<\/div>\n<div class=\"brz-container brz-css-cxbij\">\n<div class=\"brz-row__container brz-css-nztue\" data-custom-id=\"oztjppprxrqmyupwtsrcyrfxqvnlhelfgutw\">\n<div class=\"brz-bg overflow-hidden absolute top-0 left-0 w-full h-full\"><\/div>\n<div class=\"brz-row brz-css-bxkng brz-css-rmxbl\">\n<div class=\"brz-columns brz-css-ahwbv brz-css-fyhld\" data-custom-id=\"wzsjuvwgwznberiehdxycgsqdugltnfotlrf\">\n<div class=\"brz-bg overflow-hidden absolute top-0 left-0 w-full h-full\"><\/div>\n<div class=\"brz-column__items brz-css-mnfyc brz-css-yubaz\">\n<div class=\"brz-css-axnqv brz-css-qcfzl brz-wrapper\">\n<div class=\"brz-image brz-css-vdapt brz-css-kclcq\"><a class=\"brz-a\" href=\"https:\/\/tlatelolcounam.mx\/caminoreal\/hidalgo\/hidalgo-transporte\/\" data-brz-link-type=\"external\" id data-custom-id=\"dkaixjncvthdezykkaimumwweskkwhpmldca\"><img decoding=\"async\" class=\"brz-img\" src=\"https:\/\/tlatelolcounam.mx\/caminoreal\/wp-content\/uploads\/brizy\/imgs\/TRANSPORTE-360x360x0x14x360x332x1649224137.png\" alt=\"\" loading=\"lazy\" \/><\/a><\/div>\n<\/div>\n<div class=\"brz-css-axnqv brz-css-ydwdu brz-wrapper\">\n<div class=\"brz-image brz-css-dhrbr brz-css-pkulo\"><a class=\"brz-a\" href=\"https:\/\/tlatelolcounam.mx\/caminoreal\/hidalgo\/hidalgo-guias\/\" data-brz-link-type=\"external\" id data-custom-id=\"dvayhoaltrdwrfbxprvkrteztvasqsilvdpe\"><img decoding=\"async\" class=\"brz-img\" src=\"https:\/\/tlatelolcounam.mx\/caminoreal\/wp-content\/uploads\/brizy\/imgs\/TURISMO-360x360x0x52x360x212x1649224165.png\" alt=\"\" loading=\"lazy\" \/><\/a><\/div>\n<\/div>\n<div class=\"brz-css-axnqv brz-css-qfvty brz-wrapper\">\n<div class=\"brz-image brz-css-fynnz brz-css-qbrmx\"><a class=\"brz-a\" href=\"https:\/\/tlatelolcounam.mx\/caminoreal\/hidalgo\/hidalgo-zonas\/\" data-brz-link-type=\"external\" id data-custom-id=\"vyvygxfpbmrsanfthgnbzizhvfzxaikckybg\"><img decoding=\"async\" class=\"brz-img\" src=\"https:\/\/tlatelolcounam.mx\/caminoreal\/wp-content\/uploads\/brizy\/imgs\/ARQUEOLOGICOS-396x396x18x0x360x396x1649223890.png\" alt=\"\" loading=\"lazy\" \/><\/a><\/div>\n<\/div>\n<\/div>\n<\/div>\n<div class=\"brz-columns brz-css-ahwbv brz-css-zudag\" data-custom-id=\"ghvactfmtlkylihokkzbxvzzhuaqftvmbnfx\">\n<div class=\"brz-bg overflow-hidden absolute top-0 left-0 w-full h-full\"><\/div>\n<div class=\"brz-column__items brz-css-mnfyc\">\n<div class=\"brz-css-axnqv brz-css-kwyip brz-wrapper\">\n<div class=\"brz-image brz-css-uxwjk brz-css-ynbsg\"><a class=\"brz-a\" href=\"https:\/\/tlatelolcounam.mx\/caminoreal\/hidalgo\/hidalgo-tradiciones\/\" data-brz-link-type=\"external\" id data-custom-id=\"evsitswzukpgmmkuaueugnfoffyzijqdgyje\"><img decoding=\"async\" class=\"brz-img\" src=\"https:\/\/tlatelolcounam.mx\/caminoreal\/wp-content\/uploads\/brizy\/imgs\/FIESTAS-DANZAS-360x360x0x31x360x298x1649223996.png\" alt=\"\" loading=\"lazy\" \/><\/a><\/div>\n<\/div>\n<div class=\"brz-css-axnqv brz-css-fupje brz-wrapper\">\n<div class=\"brz-image brz-css-xztlj brz-css-gclie\"><a class=\"brz-a\" href=\"https:\/\/tlatelolcounam.mx\/caminoreal\/hidalgo\/hidalgo-cultura\/\" data-brz-link-type=\"external\" id data-custom-id=\"cszzetwcuelibbzwakbnpfymgnxtwbpeosot\"><img decoding=\"async\" class=\"brz-img\" src=\"https:\/\/tlatelolcounam.mx\/caminoreal\/wp-content\/uploads\/brizy\/imgs\/CULTURA-442x442x41x0x360x442x1649223967.png\" alt=\"\" loading=\"lazy\" \/><\/a><\/div>\n<\/div>\n<div class=\"brz-css-axnqv brz-css-yenlt brz-wrapper\">\n<div class=\"brz-image brz-css-dxrba brz-css-dpchk\"><a class=\"brz-a\" href=\"https:\/\/tlatelolcounam.mx\/caminoreal\/hidalgo\/hidalgo-arquitectura\/\" data-brz-link-type=\"external\" id data-custom-id=\"ponksmqoohckslmdnwxunykqeurdsnlqpafu\"><img decoding=\"async\" class=\"brz-img\" src=\"https:\/\/tlatelolcounam.mx\/caminoreal\/wp-content\/uploads\/brizy\/imgs\/ARQUITECTURA-360x360x0x14x360x332x1649223920.png\" alt=\"\" loading=\"lazy\" \/><\/a><\/div>\n<\/div>\n<\/div>\n<\/div>\n<div class=\"brz-columns brz-css-ahwbv brz-css-blfmb\" data-custom-id=\"gdoxbuhzessbqyalltyohvpdokzfdlyevzmb\">\n<div class=\"brz-bg overflow-hidden absolute top-0 left-0 w-full h-full\"><\/div>\n<div class=\"brz-column__items brz-css-mnfyc\">\n<div class=\"brz-css-axnqv brz-css-wbukr brz-css-yqzaw brz-wrapper\">\n<div class=\"brz-spacer brz-css-mgshg brz-css-jnhjw\"><\/div>\n<\/div>\n<div class=\"brz-css-axnqv brz-css-adxqw brz-wrapper\">\n<div class=\"brz-image brz-css-uczpf brz-css-vccmc\"><a class=\"brz-a\" href=\"https:\/\/tlatelolcounam.mx\/caminoreal\/hidalgo\/hidalgo-naturaleza\/\" data-brz-link-type=\"external\" id data-custom-id=\"ysncbvxawyzkvkmwffwyxkyqohwaibnleunz\"><img decoding=\"async\" class=\"brz-img\" src=\"https:\/\/tlatelolcounam.mx\/caminoreal\/wp-content\/uploads\/brizy\/imgs\/NATURALEZA-361x361x0x6x361x306x1649224068.png\" alt=\"\" loading=\"lazy\" \/><\/a><\/div>\n<\/div>\n<div class=\"brz-css-axnqv brz-css-hllop brz-wrapper\">\n<div class=\"brz-image brz-css-tyhyl brz-css-zguga\"><a class=\"brz-a\" href=\"https:\/\/tlatelolcounam.mx\/caminoreal\/hidalgo\/hidalgo-gastronomia\/\" data-brz-link-type=\"external\" id data-custom-id=\"bvjbxklkyytbxvriqjbgbweipfgypmbocxgx\"><img decoding=\"async\" class=\"brz-img\" src=\"https:\/\/tlatelolcounam.mx\/caminoreal\/wp-content\/uploads\/brizy\/imgs\/GASTRONOMIA-361x361x0x14x361x333x1649224018.png\" alt=\"\" loading=\"lazy\" \/><\/a><\/div>\n<\/div>\n<div class=\"brz-css-axnqv brz-css-zjpsh brz-wrapper\">\n<div class=\"brz-image brz-css-quhmo brz-css-gakyp\"><a class=\"brz-a\" href=\"https:\/\/tlatelolcounam.mx\/caminoreal\/hidalgo\/hidalgo-cronistas\/\" data-brz-link-type=\"external\" id data-custom-id=\"ssefxrwjqjavojxfyogftfeqwkgcpluplwin\"><img decoding=\"async\" class=\"brz-img\" src=\"https:\/\/tlatelolcounam.mx\/caminoreal\/wp-content\/uploads\/brizy\/imgs\/CRONISTAS-361x361x0x51x361x260x1649223937.png\" alt=\"\" loading=\"lazy\" \/><\/a><\/div>\n<\/div>\n<div class=\"brz-css-axnqv brz-css-rrvqq brz-wrapper\">\n<div class=\"brz-image brz-css-ptdqk brz-css-suynl\"><a class=\"brz-a\" href=\"https:\/\/tlatelolcounam.mx\/caminoreal\/hidalgo\/hidalgo-hospedaje\/\" data-brz-link-type=\"external\" id data-custom-id=\"leyxodyxayhupzkerwgclafoetaeabmjeopb\"><img decoding=\"async\" class=\"brz-img\" src=\"https:\/\/tlatelolcounam.mx\/caminoreal\/wp-content\/uploads\/brizy\/imgs\/HOSPEDAJE-1-361x361x0x83x361x260x1651034933.png\" alt=\"\" loading=\"lazy\" \/><\/a><\/div>\n<\/div>\n<\/div>\n<\/div>\n<\/div>\n<\/div>\n<\/div>\n<\/div>\n<\/section>\n<section data-uid=\"qbfkutxzivuqimzwvurwhlzlevsnqhyozokv\" id=\"qbfkutxzivuqimzwvurwhlzlevsnqhyozokv\" class=\"brz-section brz-css-feipg\">\n<div class=\"brz-section__content brz-section--boxed brz-css-bfqyn brz-css-islgo\" data-custom-id=\"pjcqvnotppncubgjpoptfczrkxvbldbgpubs\">\n<div class=\"brz-bg overflow-hidden absolute top-0 left-0 w-full h-full\">\n<div class=\"brz-bg-image absolute top-0 left-0 w-full h-full bg-no-repeat bg-cover\"><\/div>\n<\/div>\n<div class=\"brz-container brz-css-cxbij\">\n<div class=\"brz-row__container brz-css-nztue\" data-custom-id=\"uuhodzzbtqloidrwysguigayydrgcpevkakg\">\n<div class=\"brz-bg overflow-hidden absolute top-0 left-0 w-full h-full\"><\/div>\n<div class=\"brz-row brz-css-bxkng brz-css-rmxbl\">\n<div class=\"brz-columns brz-css-ahwbv brz-css-ugdcr\" data-custom-id=\"btzjjiuwgvaygazqnpzkdwkkzkkneihkeioo\">\n<div class=\"brz-bg overflow-hidden absolute top-0 left-0 w-full h-full\"><\/div>\n<div class=\"brz-column__items brz-css-mnfyc brz-css-wyaxz\">\n<div class=\"brz-css-axnqv brz-wrapper\">\n<div class=\"brz-image brz-css-ljycj brz-css-sszrt\"><img decoding=\"async\" class=\"brz-img\" src=\"https:\/\/tlatelolcounam.mx\/caminoreal\/wp-content\/uploads\/brizy\/imgs\/SECRETARI\u0301A-DE-TURISMO-505x505x52x0x411x505x1649224133.png\" alt=\"\" loading=\"lazy\" \/><\/div>\n<\/div>\n<\/div>\n<\/div>\n<div class=\"brz-columns brz-css-ahwbv brz-css-tuxgp\" data-custom-id=\"khwrzdrpaamenuwourpzzggvyyqknqnuvanm\">\n<div class=\"brz-bg overflow-hidden absolute top-0 left-0 w-full h-full\"><\/div>\n<div class=\"brz-column__items brz-css-mnfyc brz-css-pwbtr\">\n<div class=\"brz-css-axnqv brz-wrapper\">\n<div class=\"brz-image brz-css-lqwuh brz-css-oftmr\"><img decoding=\"async\" class=\"brz-img\" src=\"https:\/\/tlatelolcounam.mx\/caminoreal\/wp-content\/uploads\/brizy\/imgs\/ALIADOS-524x524x51x0x433x524x1649223886.png\" alt=\"\" loading=\"lazy\" \/><\/div>\n<\/div>\n<\/div>\n<\/div>\n<\/div>\n<\/div>\n<\/div>\n<\/div>\n<\/section>\n<section data-uid=\"rveuamtmysvwswawebijahrjxkuxjvxlxelg\" id=\"rveuamtmysvwswawebijahrjxkuxjvxlxelg\" class=\"brz-section brz-css-feipg brz-css-stabx\">\n<div class=\"brz-section__content brz-section--boxed brz-css-bfqyn brz-css-aephz\" data-custom-id=\"jevxzucvdlfbjclqnoxdfdxufrptolgfwndq\">\n<div class=\"brz-bg overflow-hidden absolute top-0 left-0 w-full h-full\">\n<div class=\"brz-bg-map absolute top-0 left-0 w-full h-full\"><\/div>\n<\/div>\n<div class=\"brz-container brz-css-cxbij\">\n<div class=\"brz-row__container brz-css-nztue\" data-custom-id=\"muhnzjongognzcnvvgvaclkcabsqqxfrjaxe\">\n<div class=\"brz-bg overflow-hidden absolute top-0 left-0 w-full h-full\"><\/div>\n<div class=\"brz-row brz-css-bxkng brz-css-rmxbl\">\n<div class=\"brz-columns brz-css-ahwbv brz-css-tcaie\" data-custom-id=\"hchivtzhhztivnxnzntzxvwvlxaurklibfzs\">\n<div class=\"brz-bg overflow-hidden absolute top-0 left-0 w-full h-full\"><\/div>\n<div class=\"brz-column__items brz-css-mnfyc\">\n<div class=\"brz-css-axnqv brz-wrapper\">\n<div class=\"brz-wp-shortcode brz-css-mmlaz\" data-custom-id=\"zaywgxnmxjejptywhkbaoiabgsfmupczvdfq\">\n<div><div class=\"twer-map-wrapper treweler-map-fw\" ><div class=\"twer-iframe-embed\" style=\"height:500px;\"><iframe loading=\"lazy\" class=\"twer-iframe\" src=\"https:\/\/tlatelolcounam.mx\/caminoreal\/treweler-map\/hidalgo\/?tw=iframe&#038;twer-index=1&#038;twer-map-id=490&#038;twer-height=500px&#038;twer-type=fullwidth&#038;twer-scrollzoom=yes&#038;twer-width\"  frameborder=\"0\" title=\"Treweler Map\"><\/iframe><\/div><\/div><\/div>\n<\/div>\n<\/div>\n<\/div>\n<\/div>\n<\/div>\n<\/div>\n<\/div>\n<\/div>\n<\/section>\n<section data-uid=\"ndbrjwlkpgkbutqkhndxtwlghyzthupgxoer\" id=\"ndbrjwlkpgkbutqkhndxtwlghyzthupgxoer\" class=\"brz-section brz-css-feipg\">\n<div class=\"brz-section__content brz-section--boxed brz-css-bfqyn brz-css-ipqfe\" data-custom-id=\"pmpyqmquwlwwnbbqravyfmyyfwzjmupdrqwm\">\n<div class=\"brz-bg overflow-hidden absolute top-0 left-0 w-full h-full\">\n<div class=\"brz-bg-image absolute top-0 left-0 w-full h-full bg-no-repeat bg-cover\"><\/div>\n<div class=\"brz-bg-color absolute top-0 left-0 w-full h-full\"><\/div>\n<\/div>\n<div class=\"brz-container brz-css-cxbij\">\n<div class=\"brz-row__container brz-css-nztue\" data-custom-id=\"rqwpjjxbxtlnqzmsrcnossttmlptixpkffzd\">\n<div class=\"brz-bg overflow-hidden absolute top-0 left-0 w-full h-full\"><\/div>\n<div class=\"brz-row brz-css-bxkng brz-css-rmxbl\">\n<div class=\"brz-columns brz-css-ahwbv brz-css-cuqbp\" data-custom-id=\"xaaalhzkzqlrmtdjmawghruivhqtxdirzppf\">\n<div class=\"brz-bg overflow-hidden absolute top-0 left-0 w-full h-full\"><\/div>\n<div class=\"brz-column__items brz-css-mnfyc brz-css-hzpol\">\n<div class=\"brz-css-axnqv brz-css-nwqav brz-wrapper\">\n<div class=\"brz-image brz-css-lnyra\"><img decoding=\"async\" class=\"brz-img\" src=\"https:\/\/tlatelolcounam.mx\/caminoreal\/wp-content\/uploads\/brizy\/imgs\/logo-1-293x101x0x1x293x100x1642108354.png\" alt=\"\" loading=\"lazy\" \/><\/div>\n<\/div>\n<div class=\"brz-css-axnqv brz-css-wbukr brz-wrapper\">\n<div class=\"brz-spacer brz-css-mgshg brz-css-yficc\"><\/div>\n<\/div>\n<div class=\"brz-css-axnqv brz-wrapper\">\n<div class=\"brz-rich-text brz-rich-text__custom brz-css-itrgo\" data-custom-id=\"gjegktnrmoofavhpkpcvkadjakmwzcgirice\">\n<div>\n<p class=\"brz-css-ecebj\" data-uniq-id=\"euomf\" data-generated-css=\"brz-css-qlfmh\"><span>Ricardo Flores Mag\u00f3n 1. <\/span><\/p>\n<p class=\"brz-css-ijoho\" data-uniq-id=\"fkrdx\" data-generated-css=\"brz-css-lepkg\"><span>Col. Nonoalco-Tlatelolco C.P. 06995. <\/span><\/p>\n<p class=\"brz-css-vxsgd\" data-uniq-id=\"gutxj\" data-generated-css=\"brz-css-zxvpu\"><span>ccutlatelolco@gmail.com<\/span><\/p>\n<p class=\"brz-css-aebfb\" data-generated-css=\"brz-css-fwbyw\" data-uniq-id=\"yzdzu\"><span>5117 2818 ext. 49613<\/span><\/p>\n<\/div>\n<\/div>\n<\/div>\n<\/div>\n<\/div>\n<div class=\"brz-columns brz-css-ahwbv brz-css-rpqgh\" data-custom-id=\"jybrkyhtenvuwpnijtazsyakuxqgnnoseczd\">\n<div class=\"brz-bg overflow-hidden absolute top-0 left-0 w-full h-full\"><\/div>\n<div class=\"brz-column__items brz-css-mnfyc\">\n<div class=\"brz-css-axnqv brz-wrapper\">\n<div class=\"brz-rich-text brz-rich-text__custom brz-css-itrgo\" data-custom-id=\"oimqqfmucarphaxhwlmqbfdxkftpbxtovvqc\">\n<div>\n<p class=\"brz-css-zkiha\" data-uniq-id=\"pdybz\" data-generated-css=\"brz-css-custc\"><span>M\u00e1s sobre el CCUT<\/span><\/p>\n<\/div>\n<\/div>\n<\/div>\n<div class=\"brz-css-axnqv brz-css-wbukr brz-wrapper\">\n<div class=\"brz-spacer brz-css-mgshg brz-css-sikzs\"><\/div>\n<\/div>\n<div class=\"brz-css-axnqv brz-wrapper\">\n<div class=\"brz-rich-text brz-rich-text__custom brz-css-itrgo\" data-custom-id=\"gxigcfbxvzsgnlvlwcdybycvapjuwmneuqll\">\n<div>\n<p class=\"brz-css-nlesd\" data-uniq-id=\"frwjr\" data-generated-css=\"brz-css-laqsj\"><span>Seminario <\/span><\/p>\n<p class=\"brz-css-vwxbh\" data-uniq-id=\"vnkoo\" data-generated-css=\"brz-css-dmrvc\"><span>Memorias<\/span><\/p>\n<p class=\"brz-css-qacob\" data-uniq-id=\"dcvrt\" data-generated-css=\"brz-css-bwatq\"><span>Resistencias<\/span><\/p>\n<p class=\"brz-css-yxpbs\" data-generated-css=\"brz-css-vpotn\" data-uniq-id=\"xkgby\"><span>Comunidades<\/span><\/p>\n<\/div>\n<\/div>\n<\/div>\n<div class=\"brz-css-axnqv brz-wrapper\">\n<div class=\"brz-rich-text brz-rich-text__custom brz-css-itrgo\" data-custom-id=\"xtcvlflqpoikgxvqpzuaqmrqxcjfkrkjwfvv\">\n<div>\n<p class=\"brz-css-egfye\" data-uniq-id=\"icvhm\" data-generated-css=\"brz-css-gzhjx\"><\/p>\n<\/div>\n<\/div>\n<\/div>\n<\/div>\n<\/div>\n<div class=\"brz-columns brz-css-ahwbv brz-css-ntscf\" data-custom-id=\"obkciwtkkjpitsdmktdwoxjnkingtwlwtwex\">\n<div class=\"brz-bg overflow-hidden absolute top-0 left-0 w-full h-full\"><\/div>\n<div class=\"brz-column__items brz-css-mnfyc\">\n<div class=\"brz-css-axnqv brz-wrapper\">\n<div class=\"brz-rich-text brz-rich-text__custom brz-css-itrgo\" data-custom-id=\"hejxlkpgheztqygkkhovvbvsxhxiclvfflwn\">\n<div>\n<p class=\"brz-css-vcntn\" data-uniq-id=\"wbckk\" data-generated-css=\"brz-css-akbyj\"><span class=\"brz-cp-color8\">S\u00edguenos<\/span><\/p>\n<\/div>\n<\/div>\n<\/div>\n<div class=\"brz-css-axnqv brz-css-wbukr brz-wrapper\">\n<div class=\"brz-spacer brz-css-mgshg brz-css-tuxth\"><\/div>\n<\/div>\n<div class=\"brz-css-axnqv brz-css-lyyrh brz-wrapper\">\n<div class=\"brz-icon-text brz-css-fkpvc brz-css-jyzgo\" data-custom-id=\"hkvvxjleyubdmhedbanhlqpxwtdhpvhyaszc\">\n<div id class=\"brz-icon__container\" data-custom-id=\"ucwnefmefgnvdcmiyczgokacmmcsujrcytip\"><span class=\"brz-icon brz-span brz-css-mtdcf brz-css-jixtt\"><\/span><\/div>\n<div class=\"brz-text-btn\">\n<div class=\"brz-rich-text brz-rich-text__custom brz-css-itrgo\" data-custom-id=\"wcbuysdkccpjzkbekfchujzptciggqhompzj\">\n<div>\n<p class=\"brz-css-fkbix\"><span>Twitter<\/span><\/p>\n<\/div>\n<\/div>\n<\/div>\n<\/div>\n<\/div>\n<div class=\"brz-css-axnqv brz-css-iojbd brz-wrapper\">\n<div class=\"brz-icon-text brz-css-fkpvc brz-css-mecai\" data-custom-id=\"ikszxadkeozaifxojioelesmfywtcarnsmca\">\n<div id class=\"brz-icon__container\" data-custom-id=\"mtfapomewsekpqgrftisobranvbrmcougqdc\"><span class=\"brz-icon brz-span brz-css-mtdcf brz-css-ksvcy\"><\/span><\/div>\n<div class=\"brz-text-btn\">\n<div class=\"brz-rich-text brz-rich-text__custom brz-css-itrgo\" data-custom-id=\"nqdzfkxbnrjlhusyjbvndfwedytoicbgawti\">\n<div>\n<p class=\"brz-css-fcddd\"><span>Facebook<\/span><\/p>\n<\/div>\n<\/div>\n<\/div>\n<\/div>\n<\/div>\n<div class=\"brz-css-axnqv brz-wrapper\">\n<div class=\"brz-icon-text brz-css-fkpvc brz-css-pgrql\" data-custom-id=\"acmefhnhhauqwjkazatdzpivjexylgfhynym\">\n<div id class=\"brz-icon__container\" data-custom-id=\"sqmtawdmrzpfwksomrrdsabkeuddcaptlfna\"><span class=\"brz-icon brz-span brz-css-mtdcf brz-css-ejnce\"><\/span><\/div>\n<div class=\"brz-text-btn\">\n<div class=\"brz-rich-text brz-rich-text__custom brz-css-itrgo\" data-custom-id=\"gqpegedfnkrbdkvwkrdxddisxzrfmkmnfwnr\">\n<div>\n<p class=\"brz-css-sypqp\"><span>Youtube<\/span><\/p>\n<\/div>\n<\/div>\n<\/div>\n<\/div>\n<\/div>\n<\/div>\n<\/div>\n<\/div>\n<\/div>\n<div class=\"brz-css-axnqv brz-wrapper\">\n<div class=\"brz-image brz-css-mkorj\"><img decoding=\"async\" class=\"brz-img\" src=\"https:\/\/tlatelolcounam.mx\/caminoreal\/wp-content\/uploads\/brizy\/imgs\/escudo-firma-176x88x0x0x176x88x1642108760.png\" alt=\"\" loading=\"lazy\" \/><\/div>\n<\/div>\n<div class=\"brz-css-axnqv brz-css-cijbm brz-wrapper\">\n<div class=\"brz-line brz-line-default brz-css-gpqof brz-css-bnjcc\" data-custom-id=\"ajxbhuiaiipvpvmusgjbijyjphdxtqzilafc\">\n<hr class=\"brz-hr\" \/><\/div>\n<\/div>\n<div class=\"brz-css-axnqv brz-wrapper\">\n<div class=\"brz-rich-text brz-rich-text__custom brz-css-itrgo\" data-custom-id=\"mvzortkfjmkxciwtzjnvltotxinxijsnuqnu\">\n<div>\n<p class=\"brz-css-ypbgd\" data-uniq-id=\"yqtzc\" data-generated-css=\"brz-css-kwjoz\"><span>Esta p\u00e1gina y el contenido de la misma se encuentran protegidos por propiedad intelectual, confidencialidad entre las partes, as\u00ed como por normativa general y universitaria vigente de Transparencia, Acceso a la Informaci\u00f3n P\u00fablica y Protecci\u00f3n de Datos Personales. UNAM-CCUT.<\/span><\/p>\n<\/div>\n<\/div>\n<\/div>\n<\/div>\n<\/div>\n<\/section>\n<\/div>\n<p><!-- version:1673298691 --><\/p>\n","protected":false},"excerpt":{"rendered":"<p>Inicio Estados Historia HIDALGO Hidalgo fue un estado muy afortunado al estar en el primer c\u00edrculo del paso de este camino. Por estar al centro del pa\u00eds, el estado conecta muy bien con el baj\u00edo, occidente y norte de M\u00e9xico; es un tramo empedrado que va desde el Puente La Colmena y la Hacienda de [&hellip;]<\/p>\n","protected":false},"author":3,"featured_media":0,"parent":0,"menu_order":0,"comment_status":"closed","ping_status":"closed","template":"brizy-blank-template.php","meta":{"footnotes":""},"class_list":["post-1004","page","type-page","status-publish","hentry"],"_links":{"self":[{"href":"https:\/\/tlatelolcounam.mx\/caminoreal\/wp-json\/wp\/v2\/pages\/1004","targetHints":{"allow":["GET"]}}],"collection":[{"href":"https:\/\/tlatelolcounam.mx\/caminoreal\/wp-json\/wp\/v2\/pages"}],"about":[{"href":"https:\/\/tlatelolcounam.mx\/caminoreal\/wp-json\/wp\/v2\/types\/page"}],"author":[{"embeddable":true,"href":"https:\/\/tlatelolcounam.mx\/caminoreal\/wp-json\/wp\/v2\/users\/3"}],"replies":[{"embeddable":true,"href":"https:\/\/tlatelolcounam.mx\/caminoreal\/wp-json\/wp\/v2\/comments?post=1004"}],"version-history":[{"count":30,"href":"https:\/\/tlatelolcounam.mx\/caminoreal\/wp-json\/wp\/v2\/pages\/1004\/revisions"}],"predecessor-version":[{"id":41256,"href":"https:\/\/tlatelolcounam.mx\/caminoreal\/wp-json\/wp\/v2\/pages\/1004\/revisions\/41256"}],"wp:attachment":[{"href":"https:\/\/tlatelolcounam.mx\/caminoreal\/wp-json\/wp\/v2\/media?parent=1004"}],"curies":[{"name":"wp","href":"https:\/\/api.w.org\/{rel}","templated":true}]}}