{"id":2201,"date":"2020-08-27T00:52:30","date_gmt":"2020-08-27T00:52:30","guid":{"rendered":"https:\/\/tlatelolcounam.mx\/arbolccut\/?page_id=2201"},"modified":"2022-06-07T00:18:36","modified_gmt":"2022-06-07T00:18:36","slug":"frutosdecolores","status":"publish","type":"page","link":"https:\/\/tlatelolcounam.mx\/arbolccut\/frutosdecolores\/","title":{"rendered":"Frutos de colores"},"content":{"rendered":"\t\t<div data-elementor-type=\"wp-page\" data-elementor-id=\"2201\" class=\"elementor elementor-2201\">\n\t\t\t\t\t\t<section class=\"elementor-section elementor-top-section elementor-element elementor-element-699f46f elementor-section-stretched elementor-section-full_width elementor-section-height-default elementor-section-height-default\" data-id=\"699f46f\" data-element_type=\"section\" data-settings=\"{&quot;stretch_section&quot;:&quot;section-stretched&quot;}\">\n\t\t\t\t\t\t<div class=\"elementor-container elementor-column-gap-no\">\n\t\t\t\t\t<div class=\"elementor-column elementor-col-100 elementor-top-column elementor-element elementor-element-211463e\" data-id=\"211463e\" data-element_type=\"column\">\n\t\t\t<div class=\"elementor-widget-wrap elementor-element-populated\">\n\t\t\t\t\t\t<div class=\"elementor-element elementor-element-ff6d05b elementor-widget elementor-widget-image\" data-id=\"ff6d05b\" data-element_type=\"widget\" data-widget_type=\"image.default\">\n\t\t\t\t<div class=\"elementor-widget-container\">\n\t\t\t\t\t\t\t\t\t\t\t\t\t\t\t<img fetchpriority=\"high\" decoding=\"async\" width=\"2048\" height=\"772\" src=\"https:\/\/tlatelolcounam.mx\/arbolccut\/wp-content\/uploads\/2020\/08\/OE_head_frutos-35-2048x772.jpg\" class=\"attachment-2048x2048 size-2048x2048 wp-image-2203\" alt=\"\" srcset=\"https:\/\/tlatelolcounam.mx\/arbolccut\/wp-content\/uploads\/2020\/08\/OE_head_frutos-35-2048x772.jpg 2048w, https:\/\/tlatelolcounam.mx\/arbolccut\/wp-content\/uploads\/2020\/08\/OE_head_frutos-35-300x113.jpg 300w, https:\/\/tlatelolcounam.mx\/arbolccut\/wp-content\/uploads\/2020\/08\/OE_head_frutos-35-1024x386.jpg 1024w, https:\/\/tlatelolcounam.mx\/arbolccut\/wp-content\/uploads\/2020\/08\/OE_head_frutos-35-768x289.jpg 768w, https:\/\/tlatelolcounam.mx\/arbolccut\/wp-content\/uploads\/2020\/08\/OE_head_frutos-35-1536x579.jpg 1536w\" sizes=\"(max-width: 2048px) 100vw, 2048px\" \/>\t\t\t\t\t\t\t\t\t\t\t\t\t\t\t<\/div>\n\t\t\t\t<\/div>\n\t\t\t\t\t<\/div>\n\t\t<\/div>\n\t\t\t\t\t<\/div>\n\t\t<\/section>\n\t\t\t\t<section class=\"elementor-section elementor-top-section elementor-element elementor-element-5a33cbb elementor-section-full_width elementor-section-stretched elementor-section-height-default elementor-section-height-default\" data-id=\"5a33cbb\" data-element_type=\"section\" data-settings=\"{&quot;background_background&quot;:&quot;classic&quot;,&quot;stretch_section&quot;:&quot;section-stretched&quot;}\">\n\t\t\t\t\t\t<div class=\"elementor-container elementor-column-gap-no\">\n\t\t\t\t\t<div class=\"elementor-column elementor-col-33 elementor-top-column elementor-element elementor-element-d408cde\" data-id=\"d408cde\" data-element_type=\"column\">\n\t\t\t<div class=\"elementor-widget-wrap\">\n\t\t\t\t\t\t\t<\/div>\n\t\t<\/div>\n\t\t\t\t<div class=\"elementor-column elementor-col-33 elementor-top-column elementor-element elementor-element-00aad51\" data-id=\"00aad51\" data-element_type=\"column\">\n\t\t\t<div class=\"elementor-widget-wrap elementor-element-populated\">\n\t\t\t\t\t\t<div class=\"elementor-element elementor-element-3fc4bbd elementor-widget elementor-widget-text-editor\" data-id=\"3fc4bbd\" data-element_type=\"widget\" data-widget_type=\"text-editor.default\">\n\t\t\t\t<div class=\"elementor-widget-container\">\n\t\t\t\t\t\t\t\t\t<h3>DESDE MI GUARIDA<\/h3>\n<p>En el a\u00f1o 2020, en plena pandemia provocada por la COVID-19, dise\u00f1amos el proyecto epistolar Frutos de Colores.<\/p>\n<p>Quer\u00edamos escuchar y preservar sentimientos, emociones e ideas que despert\u00f3 la pandemia en la poblaci\u00f3n infantil.<\/p>\n<p>Para ello, nos apoyamos en seis personajes que mandaron por correo electr\u00f3nico una serie de preguntas a cientos de ni\u00f1xs:<\/p>\n<p>Ariadna \u00bfA Qui\u00e9n Cuidas?, Irving \u00bfQu\u00e9 Ves por tu Ventana?, Marco \u00bfA Qu\u00e9 Juegas?, Maribel \u00bfQu\u00e9 Extra\u00f1as?,&nbsp;<\/p><p>Guari&nbsp;<span style=\"font-weight: var( --e-global-typography-text-font-weight ); letter-spacing: var(--the7-base-letter-spacing); text-transform: var(--the7-base-text-transform); word-spacing: normal;\">\u00bfA Qu\u00e9 le Temes? y Lucelena \u00bfQu\u00e9 Sientes?<\/span><\/p>\n<p><\/p>\n<p>Recibimos 634 respuestas, videos, audios, fotograf\u00edas, dibujos, escritos. A partir de todas esas cartas, en este espacio descubrir\u00e1s c\u00f3mo ni\u00f1os y ni\u00f1as vivieron el confinamiento, sus sentimientos, miedos, cuidados, juegos y su creatividad&#8230;<\/p>\n<p>Con estas cartas conformamos un archivo que tuvo dos salidas, una exposici\u00f3n f\u00edsica en el CCU Tlatelolco de abril a agosto del a\u00f1o 2022 y una publicaci\u00f3n que puedes encontrar aqu\u00ed.<\/p>\t\t\t\t\t\t\t\t<\/div>\n\t\t\t\t<\/div>\n\t\t\t\t\t<\/div>\n\t\t<\/div>\n\t\t\t\t<div class=\"elementor-column elementor-col-33 elementor-top-column elementor-element elementor-element-968e5e1\" data-id=\"968e5e1\" data-element_type=\"column\">\n\t\t\t<div class=\"elementor-widget-wrap\">\n\t\t\t\t\t\t\t<\/div>\n\t\t<\/div>\n\t\t\t\t\t<\/div>\n\t\t<\/section>\n\t\t\t\t<section class=\"elementor-section elementor-top-section elementor-element elementor-element-0021ab8 elementor-section-stretched elementor-section-full_width elementor-section-height-default elementor-section-height-default\" data-id=\"0021ab8\" data-element_type=\"section\" data-settings=\"{&quot;stretch_section&quot;:&quot;section-stretched&quot;}\">\n\t\t\t\t\t\t<div class=\"elementor-container elementor-column-gap-no\">\n\t\t\t\t\t<div class=\"elementor-column elementor-col-100 elementor-top-column elementor-element elementor-element-202f7bb\" data-id=\"202f7bb\" data-element_type=\"column\">\n\t\t\t<div class=\"elementor-widget-wrap elementor-element-populated\">\n\t\t\t\t\t\t<div class=\"elementor-element elementor-element-f33ad1a elementor-widget-divider--view-line elementor-widget elementor-widget-divider\" data-id=\"f33ad1a\" data-element_type=\"widget\" data-widget_type=\"divider.default\">\n\t\t\t\t<div class=\"elementor-widget-container\">\n\t\t\t\t\t\t\t<div class=\"elementor-divider\">\n\t\t\t<span class=\"elementor-divider-separator\">\n\t\t\t\t\t\t<\/span>\n\t\t<\/div>\n\t\t\t\t\t\t<\/div>\n\t\t\t\t<\/div>\n\t\t\t\t\t<\/div>\n\t\t<\/div>\n\t\t\t\t\t<\/div>\n\t\t<\/section>\n\t\t\t\t<section class=\"elementor-section elementor-top-section elementor-element elementor-element-255e71dd elementor-section-boxed elementor-section-height-default elementor-section-height-default\" data-id=\"255e71dd\" data-element_type=\"section\" data-settings=\"{&quot;background_background&quot;:&quot;classic&quot;}\">\n\t\t\t\t\t\t<div class=\"elementor-container elementor-column-gap-default\">\n\t\t\t\t\t<div class=\"elementor-column elementor-col-25 elementor-top-column elementor-element elementor-element-250e03cd\" data-id=\"250e03cd\" data-element_type=\"column\">\n\t\t\t<div class=\"elementor-widget-wrap elementor-element-populated\">\n\t\t\t\t\t\t<div class=\"elementor-element elementor-element-9453391 elementor-widget elementor-widget-image\" data-id=\"9453391\" data-element_type=\"widget\" data-widget_type=\"image.default\">\n\t\t\t\t<div class=\"elementor-widget-container\">\n\t\t\t\t\t\t\t\t\t\t\t\t\t\t\t\t<a href=\"https:\/\/tlatelolcounam.mx\/arbolccut\/frutosdecolores\/ari\/\">\n\t\t\t\t\t\t\t<img decoding=\"async\" width=\"783\" height=\"583\" src=\"https:\/\/tlatelolcounam.mx\/arbolccut\/wp-content\/uploads\/2020\/08\/OE_botones-42.jpg\" class=\"attachment-large size-large wp-image-2204\" alt=\"\" srcset=\"https:\/\/tlatelolcounam.mx\/arbolccut\/wp-content\/uploads\/2020\/08\/OE_botones-42.jpg 783w, https:\/\/tlatelolcounam.mx\/arbolccut\/wp-content\/uploads\/2020\/08\/OE_botones-42-300x223.jpg 300w, https:\/\/tlatelolcounam.mx\/arbolccut\/wp-content\/uploads\/2020\/08\/OE_botones-42-768x572.jpg 768w\" sizes=\"(max-width: 783px) 100vw, 783px\" \/>\t\t\t\t\t\t\t\t<\/a>\n\t\t\t\t\t\t\t\t\t\t\t\t\t\t\t<\/div>\n\t\t\t\t<\/div>\n\t\t\t\t\t<\/div>\n\t\t<\/div>\n\t\t\t\t<div class=\"elementor-column elementor-col-25 elementor-top-column elementor-element elementor-element-6e3aece4\" data-id=\"6e3aece4\" data-element_type=\"column\" data-settings=\"{&quot;background_background&quot;:&quot;slideshow&quot;,&quot;background_slideshow_gallery&quot;:[],&quot;background_slideshow_loop&quot;:&quot;yes&quot;,&quot;background_slideshow_slide_duration&quot;:5000,&quot;background_slideshow_slide_transition&quot;:&quot;fade&quot;,&quot;background_slideshow_transition_duration&quot;:500}\">\n\t\t\t<div class=\"elementor-widget-wrap elementor-element-populated\">\n\t\t\t\t\t\t<div class=\"elementor-element elementor-element-7f55dd4 elementor-widget elementor-widget-image\" data-id=\"7f55dd4\" data-element_type=\"widget\" data-widget_type=\"image.default\">\n\t\t\t\t<div class=\"elementor-widget-container\">\n\t\t\t\t\t\t\t\t\t\t\t\t\t\t\t\t<a href=\"https:\/\/tlatelolcounam.mx\/arbolccut\/frutosdecolores\/marco\/\">\n\t\t\t\t\t\t\t<img decoding=\"async\" width=\"783\" height=\"583\" src=\"https:\/\/tlatelolcounam.mx\/arbolccut\/wp-content\/uploads\/2020\/08\/OE_botones-43.jpg\" class=\"attachment-large size-large wp-image-2210\" alt=\"\" srcset=\"https:\/\/tlatelolcounam.mx\/arbolccut\/wp-content\/uploads\/2020\/08\/OE_botones-43.jpg 783w, https:\/\/tlatelolcounam.mx\/arbolccut\/wp-content\/uploads\/2020\/08\/OE_botones-43-300x223.jpg 300w, https:\/\/tlatelolcounam.mx\/arbolccut\/wp-content\/uploads\/2020\/08\/OE_botones-43-768x572.jpg 768w\" sizes=\"(max-width: 783px) 100vw, 783px\" \/>\t\t\t\t\t\t\t\t<\/a>\n\t\t\t\t\t\t\t\t\t\t\t\t\t\t\t<\/div>\n\t\t\t\t<\/div>\n\t\t\t\t\t<\/div>\n\t\t<\/div>\n\t\t\t\t<div class=\"elementor-column elementor-col-25 elementor-top-column elementor-element elementor-element-ed54a2b\" data-id=\"ed54a2b\" data-element_type=\"column\">\n\t\t\t<div class=\"elementor-widget-wrap elementor-element-populated\">\n\t\t\t\t\t\t<div class=\"elementor-element elementor-element-035969f elementor-widget elementor-widget-image\" data-id=\"035969f\" data-element_type=\"widget\" data-widget_type=\"image.default\">\n\t\t\t\t<div class=\"elementor-widget-container\">\n\t\t\t\t\t\t\t\t\t\t\t\t\t\t\t\t<a href=\"https:\/\/tlatelolcounam.mx\/arbolccut\/frutosdecolores\/maribel\/\">\n\t\t\t\t\t\t\t<img loading=\"lazy\" decoding=\"async\" width=\"783\" height=\"583\" src=\"https:\/\/tlatelolcounam.mx\/arbolccut\/wp-content\/uploads\/2020\/08\/OE_botones-41.jpg\" class=\"attachment-large size-large wp-image-2208\" alt=\"\" srcset=\"https:\/\/tlatelolcounam.mx\/arbolccut\/wp-content\/uploads\/2020\/08\/OE_botones-41.jpg 783w, https:\/\/tlatelolcounam.mx\/arbolccut\/wp-content\/uploads\/2020\/08\/OE_botones-41-300x223.jpg 300w, https:\/\/tlatelolcounam.mx\/arbolccut\/wp-content\/uploads\/2020\/08\/OE_botones-41-768x572.jpg 768w\" sizes=\"(max-width: 783px) 100vw, 783px\" \/>\t\t\t\t\t\t\t\t<\/a>\n\t\t\t\t\t\t\t\t\t\t\t\t\t\t\t<\/div>\n\t\t\t\t<\/div>\n\t\t\t\t\t<\/div>\n\t\t<\/div>\n\t\t\t\t<div class=\"elementor-column elementor-col-25 elementor-top-column elementor-element elementor-element-72a04bb\" data-id=\"72a04bb\" data-element_type=\"column\">\n\t\t\t<div class=\"elementor-widget-wrap elementor-element-populated\">\n\t\t\t\t\t\t<div class=\"elementor-element elementor-element-ac8a654 elementor-widget elementor-widget-image\" data-id=\"ac8a654\" data-element_type=\"widget\" data-widget_type=\"image.default\">\n\t\t\t\t<div class=\"elementor-widget-container\">\n\t\t\t\t\t\t\t\t\t\t\t\t\t\t\t\t<a href=\"https:\/\/tlatelolcounam.mx\/arbolccut\/frutosdecolores\/irving\/\">\n\t\t\t\t\t\t\t<img loading=\"lazy\" decoding=\"async\" width=\"783\" height=\"583\" src=\"https:\/\/tlatelolcounam.mx\/arbolccut\/wp-content\/uploads\/2020\/08\/OE_botones-40.jpg\" class=\"attachment-large size-large wp-image-2206\" alt=\"\" srcset=\"https:\/\/tlatelolcounam.mx\/arbolccut\/wp-content\/uploads\/2020\/08\/OE_botones-40.jpg 783w, https:\/\/tlatelolcounam.mx\/arbolccut\/wp-content\/uploads\/2020\/08\/OE_botones-40-300x223.jpg 300w, https:\/\/tlatelolcounam.mx\/arbolccut\/wp-content\/uploads\/2020\/08\/OE_botones-40-768x572.jpg 768w\" sizes=\"(max-width: 783px) 100vw, 783px\" \/>\t\t\t\t\t\t\t\t<\/a>\n\t\t\t\t\t\t\t\t\t\t\t\t\t\t\t<\/div>\n\t\t\t\t<\/div>\n\t\t\t\t\t<\/div>\n\t\t<\/div>\n\t\t\t\t\t<\/div>\n\t\t<\/section>\n\t\t\t\t<section class=\"elementor-section elementor-top-section elementor-element elementor-element-1f42558 elementor-section-stretched elementor-section-full_width elementor-section-height-default elementor-section-height-default\" data-id=\"1f42558\" data-element_type=\"section\" data-settings=\"{&quot;stretch_section&quot;:&quot;section-stretched&quot;}\">\n\t\t\t\t\t\t<div class=\"elementor-container elementor-column-gap-no\">\n\t\t\t\t\t<div class=\"elementor-column elementor-col-100 elementor-top-column elementor-element elementor-element-3dea8e2\" data-id=\"3dea8e2\" data-element_type=\"column\">\n\t\t\t<div class=\"elementor-widget-wrap elementor-element-populated\">\n\t\t\t\t\t\t<div class=\"elementor-element elementor-element-587780f elementor-widget-divider--view-line elementor-widget elementor-widget-divider\" data-id=\"587780f\" data-element_type=\"widget\" data-widget_type=\"divider.default\">\n\t\t\t\t<div class=\"elementor-widget-container\">\n\t\t\t\t\t\t\t<div class=\"elementor-divider\">\n\t\t\t<span class=\"elementor-divider-separator\">\n\t\t\t\t\t\t<\/span>\n\t\t<\/div>\n\t\t\t\t\t\t<\/div>\n\t\t\t\t<\/div>\n\t\t\t\t\t<\/div>\n\t\t<\/div>\n\t\t\t\t\t<\/div>\n\t\t<\/section>\n\t\t\t\t<section class=\"elementor-section elementor-top-section elementor-element elementor-element-5d5ab61 elementor-section-boxed elementor-section-height-default elementor-section-height-default\" data-id=\"5d5ab61\" data-element_type=\"section\" data-settings=\"{&quot;background_background&quot;:&quot;classic&quot;}\">\n\t\t\t\t\t\t<div class=\"elementor-container elementor-column-gap-default\">\n\t\t\t\t\t<div class=\"elementor-column elementor-col-100 elementor-top-column elementor-element elementor-element-6b742d5\" data-id=\"6b742d5\" data-element_type=\"column\">\n\t\t\t<div class=\"elementor-widget-wrap elementor-element-populated\">\n\t\t\t\t\t\t<div class=\"elementor-element elementor-element-7c4394b elementor-widget elementor-widget-shortcode\" data-id=\"7c4394b\" data-element_type=\"widget\" data-widget_type=\"shortcode.default\">\n\t\t\t\t<div class=\"elementor-widget-container\">\n\t\t\t\t\t\t\t<div class=\"elementor-shortcode\"><div class=\"_df_book df-lite\" id=\"df_2756\"  data-title=\"desde-mi-ventana\" _slug=\"desde-mi-ventana\" wpoptions=\"true\" thumbtype=\"bg\" ><p class=\"df-raw-loading\">Please wait while flipbook is loading. For more related info, FAQs and issues please refer to <a href=\"https:\/\/wordpress.org\/plugins\/3d-flipbook-dflip-lite\/#installation\">DearFlip WordPress Flipbook Plugin Help<\/a> documentation.<\/p><\/div><script class=\"df-shortcode-script\" type=\"application\/javascript\">window.option_df_2756 = {\"outline\":[],\"forceFit\":\"true\",\"autoEnableOutline\":\"false\",\"autoEnableThumbnail\":\"false\",\"overwritePDFOutline\":\"false\",\"direction\":\"1\",\"pageSize\":\"0\",\"source\":\"https:\\\/\\\/tlatelolcounam.mx\\\/arbolccut\\\/wp-content\\\/uploads\\\/2022\\\/06\\\/desde-mi-ventana.pdf\",\"wpOptions\":\"true\"}; if(window.DFLIP && window.DFLIP.parseBooks){window.DFLIP.parseBooks();}<\/script>\n<\/div>\n\t\t\t\t\t\t<\/div>\n\t\t\t\t<\/div>\n\t\t\t\t\t<\/div>\n\t\t<\/div>\n\t\t\t\t\t<\/div>\n\t\t<\/section>\n\t\t\t\t<section class=\"elementor-section elementor-top-section elementor-element elementor-element-7c4d0280 elementor-section-stretched elementor-section-full_width elementor-section-height-default elementor-section-height-default\" data-id=\"7c4d0280\" data-element_type=\"section\" data-settings=\"{&quot;stretch_section&quot;:&quot;section-stretched&quot;}\">\n\t\t\t\t\t\t<div class=\"elementor-container elementor-column-gap-no\">\n\t\t\t\t\t<div class=\"elementor-column elementor-col-100 elementor-top-column elementor-element elementor-element-2833226d\" data-id=\"2833226d\" data-element_type=\"column\">\n\t\t\t<div class=\"elementor-widget-wrap elementor-element-populated\">\n\t\t\t\t\t\t<div class=\"elementor-element elementor-element-76520899 elementor-widget-divider--view-line elementor-widget elementor-widget-divider\" data-id=\"76520899\" data-element_type=\"widget\" data-widget_type=\"divider.default\">\n\t\t\t\t<div class=\"elementor-widget-container\">\n\t\t\t\t\t\t\t<div class=\"elementor-divider\">\n\t\t\t<span class=\"elementor-divider-separator\">\n\t\t\t\t\t\t<\/span>\n\t\t<\/div>\n\t\t\t\t\t\t<\/div>\n\t\t\t\t<\/div>\n\t\t\t\t\t<\/div>\n\t\t<\/div>\n\t\t\t\t\t<\/div>\n\t\t<\/section>\n\t\t\t\t<section class=\"elementor-section elementor-top-section elementor-element elementor-element-4a977bb5 elementor-section-stretched elementor-section-full_width elementor-section-height-default elementor-section-height-default\" data-id=\"4a977bb5\" data-element_type=\"section\" data-settings=\"{&quot;background_background&quot;:&quot;classic&quot;,&quot;stretch_section&quot;:&quot;section-stretched&quot;}\">\n\t\t\t\t\t\t<div class=\"elementor-container elementor-column-gap-default\">\n\t\t\t\t\t<div class=\"elementor-column elementor-col-16 elementor-top-column elementor-element elementor-element-31bee02b\" data-id=\"31bee02b\" data-element_type=\"column\">\n\t\t\t<div class=\"elementor-widget-wrap elementor-element-populated\">\n\t\t\t\t\t\t<div class=\"elementor-element elementor-element-5d098d8 elementor-widget elementor-widget-button\" data-id=\"5d098d8\" data-element_type=\"widget\" data-widget_type=\"button.default\">\n\t\t\t\t<div class=\"elementor-widget-container\">\n\t\t\t\t\t\t\t\t\t<div class=\"elementor-button-wrapper\">\n\t\t\t\t\t<a class=\"elementor-button elementor-button-link elementor-size-sm\" href=\"https:\/\/tlatelolcounam.mx\/arbolccut\">\n\t\t\t\t\t\t<span class=\"elementor-button-content-wrapper\">\n\t\t\t\t\t\t<span class=\"elementor-button-icon\">\n\t\t\t\t<i aria-hidden=\"true\" class=\"far fa-arrow-alt-circle-left\"><\/i>\t\t\t<\/span>\n\t\t\t\t\t\t\t\t\t<span class=\"elementor-button-text\">Regresar <\/span>\n\t\t\t\t\t<\/span>\n\t\t\t\t\t<\/a>\n\t\t\t\t<\/div>\n\t\t\t\t\t\t\t\t<\/div>\n\t\t\t\t<\/div>\n\t\t\t\t\t<\/div>\n\t\t<\/div>\n\t\t\t\t<div class=\"elementor-column elementor-col-66 elementor-top-column elementor-element elementor-element-4c048765\" data-id=\"4c048765\" data-element_type=\"column\">\n\t\t\t<div class=\"elementor-widget-wrap\">\n\t\t\t\t\t\t\t<\/div>\n\t\t<\/div>\n\t\t\t\t<div class=\"elementor-column elementor-col-16 elementor-top-column elementor-element elementor-element-53850a7a\" data-id=\"53850a7a\" data-element_type=\"column\">\n\t\t\t<div class=\"elementor-widget-wrap\">\n\t\t\t\t\t\t\t<\/div>\n\t\t<\/div>\n\t\t\t\t\t<\/div>\n\t\t<\/section>\n\t\t\t\t<\/div>\n\t\t","protected":false},"excerpt":{"rendered":"<p>DESDE MI GUARIDA En el a\u00f1o 2020, en plena pandemia provocada por la COVID-19, dise\u00f1amos el proyecto epistolar Frutos de Colores. Quer\u00edamos escuchar y preservar sentimientos, emociones e ideas que despert\u00f3 la pandemia en la poblaci\u00f3n infantil. Para ello, nos apoyamos en seis personajes que mandaron por correo electr\u00f3nico una serie de preguntas a cientos&hellip;<\/p>\n","protected":false},"author":1,"featured_media":0,"parent":0,"menu_order":10,"comment_status":"closed","ping_status":"closed","template":"","meta":{"footnotes":""},"class_list":["post-2201","page","type-page","status-publish","hentry"],"_links":{"self":[{"href":"https:\/\/tlatelolcounam.mx\/arbolccut\/wp-json\/wp\/v2\/pages\/2201","targetHints":{"allow":["GET"]}}],"collection":[{"href":"https:\/\/tlatelolcounam.mx\/arbolccut\/wp-json\/wp\/v2\/pages"}],"about":[{"href":"https:\/\/tlatelolcounam.mx\/arbolccut\/wp-json\/wp\/v2\/types\/page"}],"author":[{"embeddable":true,"href":"https:\/\/tlatelolcounam.mx\/arbolccut\/wp-json\/wp\/v2\/users\/1"}],"replies":[{"embeddable":true,"href":"https:\/\/tlatelolcounam.mx\/arbolccut\/wp-json\/wp\/v2\/comments?post=2201"}],"version-history":[{"count":41,"href":"https:\/\/tlatelolcounam.mx\/arbolccut\/wp-json\/wp\/v2\/pages\/2201\/revisions"}],"predecessor-version":[{"id":2767,"href":"https:\/\/tlatelolcounam.mx\/arbolccut\/wp-json\/wp\/v2\/pages\/2201\/revisions\/2767"}],"wp:attachment":[{"href":"https:\/\/tlatelolcounam.mx\/arbolccut\/wp-json\/wp\/v2\/media?parent=2201"}],"curies":[{"name":"wp","href":"https:\/\/api.w.org\/{rel}","templated":true}]}}