{"id":1913,"date":"2020-06-06T18:42:24","date_gmt":"2020-06-06T18:42:24","guid":{"rendered":"https:\/\/tlatelolcounam.mx\/arbolccut\/?page_id=1913"},"modified":"2022-06-02T02:17:13","modified_gmt":"2022-06-02T02:17:13","slug":"biologia-planeta","status":"publish","type":"page","link":"https:\/\/tlatelolcounam.mx\/arbolccut\/cambiodeprioridades\/biologia-planeta\/","title":{"rendered":"Biolog\u00eda del planeta"},"content":{"rendered":"\t\t<div data-elementor-type=\"wp-page\" data-elementor-id=\"1913\" class=\"elementor elementor-1913\">\n\t\t\t\t\t\t<section class=\"elementor-section elementor-top-section elementor-element elementor-element-699f46f elementor-section-stretched elementor-section-full_width elementor-section-height-default elementor-section-height-default\" data-id=\"699f46f\" data-element_type=\"section\" data-settings=\"{&quot;stretch_section&quot;:&quot;section-stretched&quot;}\">\n\t\t\t\t\t\t<div class=\"elementor-container elementor-column-gap-no\">\n\t\t\t\t\t<div class=\"elementor-column elementor-col-100 elementor-top-column elementor-element elementor-element-211463e\" data-id=\"211463e\" data-element_type=\"column\">\n\t\t\t<div class=\"elementor-widget-wrap\">\n\t\t\t\t\t\t\t<\/div>\n\t\t<\/div>\n\t\t\t\t\t<\/div>\n\t\t<\/section>\n\t\t\t\t<section class=\"elementor-section elementor-top-section elementor-element elementor-element-7fc7720 elementor-section-boxed elementor-section-height-default elementor-section-height-default\" data-id=\"7fc7720\" data-element_type=\"section\">\n\t\t\t\t\t\t<div class=\"elementor-container elementor-column-gap-default\">\n\t\t\t\t\t<div class=\"elementor-column elementor-col-100 elementor-top-column elementor-element elementor-element-f225219\" data-id=\"f225219\" data-element_type=\"column\">\n\t\t\t<div class=\"elementor-widget-wrap elementor-element-populated\">\n\t\t\t\t\t\t<div class=\"elementor-element elementor-element-3929d43 elementor-widget elementor-widget-image\" data-id=\"3929d43\" data-element_type=\"widget\" data-widget_type=\"image.default\">\n\t\t\t\t<div class=\"elementor-widget-container\">\n\t\t\t\t\t\t\t\t\t\t\t\t\t\t\t<img fetchpriority=\"high\" decoding=\"async\" width=\"1024\" height=\"386\" src=\"https:\/\/tlatelolcounam.mx\/arbolccut\/wp-content\/uploads\/2020\/06\/OE_head_BiologiaPlaneta-1024x386.jpg\" class=\"attachment-large size-large wp-image-1915\" alt=\"\" srcset=\"https:\/\/tlatelolcounam.mx\/arbolccut\/wp-content\/uploads\/2020\/06\/OE_head_BiologiaPlaneta-1024x386.jpg 1024w, https:\/\/tlatelolcounam.mx\/arbolccut\/wp-content\/uploads\/2020\/06\/OE_head_BiologiaPlaneta-300x113.jpg 300w, https:\/\/tlatelolcounam.mx\/arbolccut\/wp-content\/uploads\/2020\/06\/OE_head_BiologiaPlaneta-768x289.jpg 768w, https:\/\/tlatelolcounam.mx\/arbolccut\/wp-content\/uploads\/2020\/06\/OE_head_BiologiaPlaneta-1536x579.jpg 1536w, https:\/\/tlatelolcounam.mx\/arbolccut\/wp-content\/uploads\/2020\/06\/OE_head_BiologiaPlaneta-2048x772.jpg 2048w\" sizes=\"(max-width: 1024px) 100vw, 1024px\" \/>\t\t\t\t\t\t\t\t\t\t\t\t\t\t\t<\/div>\n\t\t\t\t<\/div>\n\t\t\t\t\t<\/div>\n\t\t<\/div>\n\t\t\t\t\t<\/div>\n\t\t<\/section>\n\t\t\t\t<section class=\"elementor-section elementor-top-section elementor-element elementor-element-4fd32d9 elementor-section-boxed elementor-section-height-default elementor-section-height-default\" data-id=\"4fd32d9\" data-element_type=\"section\" data-settings=\"{&quot;background_background&quot;:&quot;classic&quot;}\">\n\t\t\t\t\t\t<div class=\"elementor-container elementor-column-gap-default\">\n\t\t\t\t\t<div class=\"elementor-column elementor-col-100 elementor-top-column elementor-element elementor-element-16889c1\" data-id=\"16889c1\" data-element_type=\"column\">\n\t\t\t<div class=\"elementor-widget-wrap elementor-element-populated\">\n\t\t\t\t\t\t<div class=\"elementor-element elementor-element-7cca2c4 elementor-widget elementor-widget-spacer\" data-id=\"7cca2c4\" data-element_type=\"widget\" data-widget_type=\"spacer.default\">\n\t\t\t\t<div class=\"elementor-widget-container\">\n\t\t\t\t\t\t\t<div class=\"elementor-spacer\">\n\t\t\t<div class=\"elementor-spacer-inner\"><\/div>\n\t\t<\/div>\n\t\t\t\t\t\t<\/div>\n\t\t\t\t<\/div>\n\t\t\t\t\t<\/div>\n\t\t<\/div>\n\t\t\t\t\t<\/div>\n\t\t<\/section>\n\t\t\t\t<section class=\"elementor-section elementor-top-section elementor-element elementor-element-255e71dd elementor-section-boxed elementor-section-height-default elementor-section-height-default\" data-id=\"255e71dd\" data-element_type=\"section\" data-settings=\"{&quot;background_background&quot;:&quot;classic&quot;}\">\n\t\t\t\t\t\t<div class=\"elementor-container elementor-column-gap-default\">\n\t\t\t\t\t<div class=\"elementor-column elementor-col-50 elementor-top-column elementor-element elementor-element-250e03cd\" data-id=\"250e03cd\" data-element_type=\"column\">\n\t\t\t<div class=\"elementor-widget-wrap elementor-element-populated\">\n\t\t\t\t\t\t<div class=\"elementor-element elementor-element-20432c7 elementor-widget elementor-widget-image\" data-id=\"20432c7\" data-element_type=\"widget\" data-widget_type=\"image.default\">\n\t\t\t\t<div class=\"elementor-widget-container\">\n\t\t\t\t\t\t\t\t\t\t\t\t\t\t\t\t<a href=\"https:\/\/tlatelolcounam.mx\/arbolccut\/cambiodeprioridades\/biologia-planeta\/ciencia_accion_corazon\/\">\n\t\t\t\t\t\t\t<img decoding=\"async\" width=\"1024\" height=\"386\" src=\"https:\/\/tlatelolcounam.mx\/arbolccut\/wp-content\/uploads\/2020\/06\/OE_CienciaAccion_Biologia-23-1024x386.jpg\" class=\"attachment-large size-large wp-image-2073\" alt=\"\" srcset=\"https:\/\/tlatelolcounam.mx\/arbolccut\/wp-content\/uploads\/2020\/06\/OE_CienciaAccion_Biologia-23-1024x386.jpg 1024w, https:\/\/tlatelolcounam.mx\/arbolccut\/wp-content\/uploads\/2020\/06\/OE_CienciaAccion_Biologia-23-300x113.jpg 300w, https:\/\/tlatelolcounam.mx\/arbolccut\/wp-content\/uploads\/2020\/06\/OE_CienciaAccion_Biologia-23-768x289.jpg 768w, https:\/\/tlatelolcounam.mx\/arbolccut\/wp-content\/uploads\/2020\/06\/OE_CienciaAccion_Biologia-23-1536x579.jpg 1536w, https:\/\/tlatelolcounam.mx\/arbolccut\/wp-content\/uploads\/2020\/06\/OE_CienciaAccion_Biologia-23-2048x772.jpg 2048w\" sizes=\"(max-width: 1024px) 100vw, 1024px\" \/>\t\t\t\t\t\t\t\t<\/a>\n\t\t\t\t\t\t\t\t\t\t\t\t\t\t\t<\/div>\n\t\t\t\t<\/div>\n\t\t\t\t\t<\/div>\n\t\t<\/div>\n\t\t\t\t<div class=\"elementor-column elementor-col-50 elementor-top-column elementor-element elementor-element-6e3aece4\" data-id=\"6e3aece4\" data-element_type=\"column\" data-settings=\"{&quot;background_background&quot;:&quot;slideshow&quot;,&quot;background_slideshow_gallery&quot;:[],&quot;background_slideshow_loop&quot;:&quot;yes&quot;,&quot;background_slideshow_slide_duration&quot;:5000,&quot;background_slideshow_slide_transition&quot;:&quot;fade&quot;,&quot;background_slideshow_transition_duration&quot;:500}\">\n\t\t\t<div class=\"elementor-widget-wrap elementor-element-populated\">\n\t\t\t\t\t\t<div class=\"elementor-element elementor-element-9380da1 elementor-widget elementor-widget-image\" data-id=\"9380da1\" data-element_type=\"widget\" data-widget_type=\"image.default\">\n\t\t\t\t<div class=\"elementor-widget-container\">\n\t\t\t\t\t\t\t\t\t\t\t\t\t\t\t\t<a href=\"https:\/\/tlatelolcounam.mx\/arbolccut\/cambiodeprioridades\/biologia-planeta\/thalia-fernandez\/\">\n\t\t\t\t\t\t\t<img decoding=\"async\" width=\"1024\" height=\"386\" src=\"https:\/\/tlatelolcounam.mx\/arbolccut\/wp-content\/uploads\/2020\/08\/resistenciaM-y-D-32-1-1024x386.jpg\" class=\"attachment-large size-large wp-image-2158\" alt=\"\" srcset=\"https:\/\/tlatelolcounam.mx\/arbolccut\/wp-content\/uploads\/2020\/08\/resistenciaM-y-D-32-1-1024x386.jpg 1024w, https:\/\/tlatelolcounam.mx\/arbolccut\/wp-content\/uploads\/2020\/08\/resistenciaM-y-D-32-1-300x113.jpg 300w, https:\/\/tlatelolcounam.mx\/arbolccut\/wp-content\/uploads\/2020\/08\/resistenciaM-y-D-32-1-768x289.jpg 768w, https:\/\/tlatelolcounam.mx\/arbolccut\/wp-content\/uploads\/2020\/08\/resistenciaM-y-D-32-1-1536x579.jpg 1536w, https:\/\/tlatelolcounam.mx\/arbolccut\/wp-content\/uploads\/2020\/08\/resistenciaM-y-D-32-1-2048x772.jpg 2048w\" sizes=\"(max-width: 1024px) 100vw, 1024px\" \/>\t\t\t\t\t\t\t\t<\/a>\n\t\t\t\t\t\t\t\t\t\t\t\t\t\t\t<\/div>\n\t\t\t\t<\/div>\n\t\t\t\t\t<\/div>\n\t\t<\/div>\n\t\t\t\t\t<\/div>\n\t\t<\/section>\n\t\t\t\t<section class=\"elementor-section elementor-top-section elementor-element elementor-element-cea2ee9 elementor-section-boxed elementor-section-height-default elementor-section-height-default\" data-id=\"cea2ee9\" data-element_type=\"section\" data-settings=\"{&quot;background_background&quot;:&quot;classic&quot;}\">\n\t\t\t\t\t\t<div class=\"elementor-container elementor-column-gap-default\">\n\t\t\t\t\t<div class=\"elementor-column elementor-col-50 elementor-top-column elementor-element elementor-element-1b342ed\" data-id=\"1b342ed\" data-element_type=\"column\">\n\t\t\t<div class=\"elementor-widget-wrap elementor-element-populated\">\n\t\t\t\t\t\t<div class=\"elementor-element elementor-element-3153885 elementor-widget elementor-widget-text-editor\" data-id=\"3153885\" data-element_type=\"widget\" data-widget_type=\"text-editor.default\">\n\t\t\t\t<div class=\"elementor-widget-container\">\n\t\t\t\t\t\t\t\t\t<h3><span style=\"color: #dbab3f;\"><a style=\"color: #dbab3f;\" href=\"\/arbolccut\/cambiodeprioridades\/biologia-planeta\/ciencia_accion_corazon\/\"><strong>CIENCIA, ACCI\u00d3N Y CORAZ\u00d3N<\/strong><\/a><\/span><\/h3>\n<h4><span style=\"color: #dbab3f;\">David Montiel<\/span><\/h4>\t\t\t\t\t\t\t\t<\/div>\n\t\t\t\t<\/div>\n\t\t\t\t\t<\/div>\n\t\t<\/div>\n\t\t\t\t<div class=\"elementor-column elementor-col-50 elementor-top-column elementor-element elementor-element-faf03e5\" data-id=\"faf03e5\" data-element_type=\"column\">\n\t\t\t<div class=\"elementor-widget-wrap elementor-element-populated\">\n\t\t\t\t\t\t<div class=\"elementor-element elementor-element-c50cbbd elementor-widget elementor-widget-text-editor\" data-id=\"c50cbbd\" data-element_type=\"widget\" data-widget_type=\"text-editor.default\">\n\t\t\t\t<div class=\"elementor-widget-container\">\n\t\t\t\t\t\t\t\t\t<h3><a href=\"https:\/\/tlatelolcounam.mx\/arbolccut\/cambiodeprioridades\/biologia-planeta\/thalia-fernandez\/\"><span style=\"color: #dbab3f;\"><strong>RESISTENCIA, MEMORIA Y DIGNIDAD<\/strong><\/span><\/a><\/h3><h4><span style=\"color: #dbab3f;\">Thal\u00eda Fern\u00e1ndez<\/span><\/h4>\t\t\t\t\t\t\t\t<\/div>\n\t\t\t\t<\/div>\n\t\t\t\t\t<\/div>\n\t\t<\/div>\n\t\t\t\t\t<\/div>\n\t\t<\/section>\n\t\t\t\t<section class=\"elementor-section elementor-top-section elementor-element elementor-element-6f73506 elementor-section-boxed elementor-section-height-default elementor-section-height-default\" data-id=\"6f73506\" data-element_type=\"section\" data-settings=\"{&quot;background_background&quot;:&quot;classic&quot;}\">\n\t\t\t\t\t\t<div class=\"elementor-container elementor-column-gap-default\">\n\t\t\t\t\t<div class=\"elementor-column elementor-col-100 elementor-top-column elementor-element elementor-element-69657c5\" data-id=\"69657c5\" data-element_type=\"column\">\n\t\t\t<div class=\"elementor-widget-wrap elementor-element-populated\">\n\t\t\t\t\t\t<div class=\"elementor-element elementor-element-0886676 elementor-widget elementor-widget-spacer\" data-id=\"0886676\" data-element_type=\"widget\" data-widget_type=\"spacer.default\">\n\t\t\t\t<div class=\"elementor-widget-container\">\n\t\t\t\t\t\t\t<div class=\"elementor-spacer\">\n\t\t\t<div class=\"elementor-spacer-inner\"><\/div>\n\t\t<\/div>\n\t\t\t\t\t\t<\/div>\n\t\t\t\t<\/div>\n\t\t\t\t\t<\/div>\n\t\t<\/div>\n\t\t\t\t\t<\/div>\n\t\t<\/section>\n\t\t\t\t<section class=\"elementor-section elementor-top-section elementor-element elementor-element-a4181d5 elementor-section-boxed elementor-section-height-default elementor-section-height-default\" data-id=\"a4181d5\" data-element_type=\"section\" data-settings=\"{&quot;background_background&quot;:&quot;classic&quot;}\">\n\t\t\t\t\t\t<div class=\"elementor-container elementor-column-gap-default\">\n\t\t\t\t\t<div class=\"elementor-column elementor-col-16 elementor-top-column elementor-element elementor-element-061a630\" data-id=\"061a630\" data-element_type=\"column\">\n\t\t\t<div class=\"elementor-widget-wrap elementor-element-populated\">\n\t\t\t\t\t\t<div class=\"elementor-element elementor-element-ecd36dc elementor-widget elementor-widget-button\" data-id=\"ecd36dc\" data-element_type=\"widget\" data-widget_type=\"button.default\">\n\t\t\t\t<div class=\"elementor-widget-container\">\n\t\t\t\t\t\t\t\t\t<div class=\"elementor-button-wrapper\">\n\t\t\t\t\t<a class=\"elementor-button elementor-button-link elementor-size-sm\" href=\"\/arbolccut\/cambiodeprioridades\/\">\n\t\t\t\t\t\t<span class=\"elementor-button-content-wrapper\">\n\t\t\t\t\t\t<span class=\"elementor-button-icon\">\n\t\t\t\t<i aria-hidden=\"true\" class=\"far fa-arrow-alt-circle-left\"><\/i>\t\t\t<\/span>\n\t\t\t\t\t\t\t\t\t<span class=\"elementor-button-text\">Regresar <\/span>\n\t\t\t\t\t<\/span>\n\t\t\t\t\t<\/a>\n\t\t\t\t<\/div>\n\t\t\t\t\t\t\t\t<\/div>\n\t\t\t\t<\/div>\n\t\t\t\t\t<\/div>\n\t\t<\/div>\n\t\t\t\t<div class=\"elementor-column elementor-col-66 elementor-top-column elementor-element elementor-element-ee25929\" data-id=\"ee25929\" data-element_type=\"column\">\n\t\t\t<div class=\"elementor-widget-wrap\">\n\t\t\t\t\t\t\t<\/div>\n\t\t<\/div>\n\t\t\t\t<div class=\"elementor-column elementor-col-16 elementor-top-column elementor-element elementor-element-e36c281\" data-id=\"e36c281\" data-element_type=\"column\">\n\t\t\t<div class=\"elementor-widget-wrap\">\n\t\t\t\t\t\t\t<\/div>\n\t\t<\/div>\n\t\t\t\t\t<\/div>\n\t\t<\/section>\n\t\t\t\t<section class=\"elementor-section elementor-top-section elementor-element elementor-element-d7202df elementor-section-boxed elementor-section-height-default elementor-section-height-default\" data-id=\"d7202df\" data-element_type=\"section\" data-settings=\"{&quot;background_background&quot;:&quot;classic&quot;}\">\n\t\t\t\t\t\t<div class=\"elementor-container elementor-column-gap-default\">\n\t\t\t\t\t<div class=\"elementor-column elementor-col-100 elementor-top-column elementor-element elementor-element-2c19550\" data-id=\"2c19550\" data-element_type=\"column\">\n\t\t\t<div class=\"elementor-widget-wrap elementor-element-populated\">\n\t\t\t\t\t\t<div class=\"elementor-element elementor-element-72b9dd1 elementor-widget elementor-widget-spacer\" data-id=\"72b9dd1\" data-element_type=\"widget\" data-widget_type=\"spacer.default\">\n\t\t\t\t<div class=\"elementor-widget-container\">\n\t\t\t\t\t\t\t<div class=\"elementor-spacer\">\n\t\t\t<div class=\"elementor-spacer-inner\"><\/div>\n\t\t<\/div>\n\t\t\t\t\t\t<\/div>\n\t\t\t\t<\/div>\n\t\t\t\t\t<\/div>\n\t\t<\/div>\n\t\t\t\t\t<\/div>\n\t\t<\/section>\n\t\t\t\t<\/div>\n\t\t","protected":false},"excerpt":{"rendered":"<p>CIENCIA, ACCI\u00d3N Y CORAZ\u00d3N David Montiel RESISTENCIA, MEMORIA Y DIGNIDAD Thal\u00eda Fern\u00e1ndez Regresar<\/p>\n","protected":false},"author":1,"featured_media":0,"parent":1852,"menu_order":10,"comment_status":"closed","ping_status":"closed","template":"elementor_header_footer","meta":{"footnotes":""},"class_list":["post-1913","page","type-page","status-publish","hentry"],"_links":{"self":[{"href":"https:\/\/tlatelolcounam.mx\/arbolccut\/wp-json\/wp\/v2\/pages\/1913","targetHints":{"allow":["GET"]}}],"collection":[{"href":"https:\/\/tlatelolcounam.mx\/arbolccut\/wp-json\/wp\/v2\/pages"}],"about":[{"href":"https:\/\/tlatelolcounam.mx\/arbolccut\/wp-json\/wp\/v2\/types\/page"}],"author":[{"embeddable":true,"href":"https:\/\/tlatelolcounam.mx\/arbolccut\/wp-json\/wp\/v2\/users\/1"}],"replies":[{"embeddable":true,"href":"https:\/\/tlatelolcounam.mx\/arbolccut\/wp-json\/wp\/v2\/comments?post=1913"}],"version-history":[{"count":15,"href":"https:\/\/tlatelolcounam.mx\/arbolccut\/wp-json\/wp\/v2\/pages\/1913\/revisions"}],"predecessor-version":[{"id":2713,"href":"https:\/\/tlatelolcounam.mx\/arbolccut\/wp-json\/wp\/v2\/pages\/1913\/revisions\/2713"}],"up":[{"embeddable":true,"href":"https:\/\/tlatelolcounam.mx\/arbolccut\/wp-json\/wp\/v2\/pages\/1852"}],"wp:attachment":[{"href":"https:\/\/tlatelolcounam.mx\/arbolccut\/wp-json\/wp\/v2\/media?parent=1913"}],"curies":[{"name":"wp","href":"https:\/\/api.w.org\/{rel}","templated":true}]}}