{"id":1845,"date":"2020-06-06T03:48:33","date_gmt":"2020-06-06T03:48:33","guid":{"rendered":"https:\/\/tlatelolcounam.mx\/arbolccut\/?page_id=1845"},"modified":"2022-06-02T02:37:28","modified_gmt":"2022-06-02T02:37:28","slug":"crisis_y_reinvencion","status":"publish","type":"page","link":"https:\/\/tlatelolcounam.mx\/arbolccut\/crisis_y_reinvencion\/","title":{"rendered":"crisis y reinvenci\u00f3n"},"content":{"rendered":"\t\t<div data-elementor-type=\"wp-page\" data-elementor-id=\"1845\" class=\"elementor elementor-1845\">\n\t\t\t\t\t\t<section class=\"elementor-section elementor-top-section elementor-element elementor-element-699f46f elementor-section-stretched elementor-section-full_width elementor-section-height-default elementor-section-height-default\" data-id=\"699f46f\" data-element_type=\"section\" data-settings=\"{&quot;stretch_section&quot;:&quot;section-stretched&quot;}\">\n\t\t\t\t\t\t<div class=\"elementor-container elementor-column-gap-no\">\n\t\t\t\t\t<div class=\"elementor-column elementor-col-100 elementor-top-column elementor-element elementor-element-211463e\" data-id=\"211463e\" data-element_type=\"column\">\n\t\t\t<div class=\"elementor-widget-wrap elementor-element-populated\">\n\t\t\t\t\t\t<div class=\"elementor-element elementor-element-c8991db elementor-widget elementor-widget-image\" data-id=\"c8991db\" data-element_type=\"widget\" data-widget_type=\"image.default\">\n\t\t\t\t<div class=\"elementor-widget-container\">\n\t\t\t\t\t\t\t\t\t\t\t\t\t\t\t<img fetchpriority=\"high\" decoding=\"async\" width=\"1024\" height=\"386\" src=\"https:\/\/tlatelolcounam.mx\/arbolccut\/wp-content\/uploads\/2020\/06\/OE_head_CrisisReinvencion-1024x386.jpg\" class=\"attachment-large size-large wp-image-1847\" alt=\"\" srcset=\"https:\/\/tlatelolcounam.mx\/arbolccut\/wp-content\/uploads\/2020\/06\/OE_head_CrisisReinvencion-1024x386.jpg 1024w, https:\/\/tlatelolcounam.mx\/arbolccut\/wp-content\/uploads\/2020\/06\/OE_head_CrisisReinvencion-300x113.jpg 300w, https:\/\/tlatelolcounam.mx\/arbolccut\/wp-content\/uploads\/2020\/06\/OE_head_CrisisReinvencion-768x289.jpg 768w, https:\/\/tlatelolcounam.mx\/arbolccut\/wp-content\/uploads\/2020\/06\/OE_head_CrisisReinvencion.jpg 1425w\" sizes=\"(max-width: 1024px) 100vw, 1024px\" \/>\t\t\t\t\t\t\t\t\t\t\t\t\t\t\t<\/div>\n\t\t\t\t<\/div>\n\t\t\t\t\t<\/div>\n\t\t<\/div>\n\t\t\t\t\t<\/div>\n\t\t<\/section>\n\t\t\t\t<section class=\"elementor-section elementor-top-section elementor-element elementor-element-6f73506 elementor-section-boxed elementor-section-height-default elementor-section-height-default\" data-id=\"6f73506\" data-element_type=\"section\" data-settings=\"{&quot;background_background&quot;:&quot;classic&quot;}\">\n\t\t\t\t\t\t<div class=\"elementor-container elementor-column-gap-default\">\n\t\t\t\t\t<div class=\"elementor-column elementor-col-100 elementor-top-column elementor-element elementor-element-69657c5\" data-id=\"69657c5\" data-element_type=\"column\">\n\t\t\t<div class=\"elementor-widget-wrap elementor-element-populated\">\n\t\t\t\t\t\t<div class=\"elementor-element elementor-element-0886676 elementor-widget elementor-widget-spacer\" data-id=\"0886676\" data-element_type=\"widget\" data-widget_type=\"spacer.default\">\n\t\t\t\t<div class=\"elementor-widget-container\">\n\t\t\t\t\t\t\t<div class=\"elementor-spacer\">\n\t\t\t<div class=\"elementor-spacer-inner\"><\/div>\n\t\t<\/div>\n\t\t\t\t\t\t<\/div>\n\t\t\t\t<\/div>\n\t\t\t\t\t<\/div>\n\t\t<\/div>\n\t\t\t\t\t<\/div>\n\t\t<\/section>\n\t\t\t\t<section class=\"elementor-section elementor-top-section elementor-element elementor-element-255e71dd elementor-section-boxed elementor-section-height-default elementor-section-height-default\" data-id=\"255e71dd\" data-element_type=\"section\" data-settings=\"{&quot;background_background&quot;:&quot;classic&quot;}\">\n\t\t\t\t\t\t<div class=\"elementor-container elementor-column-gap-default\">\n\t\t\t\t\t<div class=\"elementor-column elementor-col-33 elementor-top-column elementor-element elementor-element-250e03cd\" data-id=\"250e03cd\" data-element_type=\"column\">\n\t\t\t<div class=\"elementor-widget-wrap elementor-element-populated\">\n\t\t\t\t\t\t<div class=\"elementor-element elementor-element-10fc718 elementor-widget elementor-widget-image\" data-id=\"10fc718\" data-element_type=\"widget\" data-widget_type=\"image.default\">\n\t\t\t\t<div class=\"elementor-widget-container\">\n\t\t\t\t\t\t\t\t\t\t\t\t\t\t\t\t<a href=\"https:\/\/tlatelolcounam.mx\/arbolccut\/crisis_y_reinvencion\/marce\/\">\n\t\t\t\t\t\t\t<img decoding=\"async\" width=\"1024\" height=\"386\" src=\"https:\/\/tlatelolcounam.mx\/arbolccut\/wp-content\/uploads\/2020\/06\/OE_titulo_Obra-33-1024x386.jpg\" class=\"attachment-large size-large wp-image-2036\" alt=\"\" srcset=\"https:\/\/tlatelolcounam.mx\/arbolccut\/wp-content\/uploads\/2020\/06\/OE_titulo_Obra-33-1024x386.jpg 1024w, https:\/\/tlatelolcounam.mx\/arbolccut\/wp-content\/uploads\/2020\/06\/OE_titulo_Obra-33-300x113.jpg 300w, https:\/\/tlatelolcounam.mx\/arbolccut\/wp-content\/uploads\/2020\/06\/OE_titulo_Obra-33-768x289.jpg 768w, https:\/\/tlatelolcounam.mx\/arbolccut\/wp-content\/uploads\/2020\/06\/OE_titulo_Obra-33-1536x579.jpg 1536w, https:\/\/tlatelolcounam.mx\/arbolccut\/wp-content\/uploads\/2020\/06\/OE_titulo_Obra-33-2048x772.jpg 2048w\" sizes=\"(max-width: 1024px) 100vw, 1024px\" \/>\t\t\t\t\t\t\t\t<\/a>\n\t\t\t\t\t\t\t\t\t\t\t\t\t\t\t<\/div>\n\t\t\t\t<\/div>\n\t\t\t\t\t<\/div>\n\t\t<\/div>\n\t\t\t\t<div class=\"elementor-column elementor-col-33 elementor-top-column elementor-element elementor-element-6e3aece4\" data-id=\"6e3aece4\" data-element_type=\"column\" data-settings=\"{&quot;background_background&quot;:&quot;slideshow&quot;,&quot;background_slideshow_gallery&quot;:[],&quot;background_slideshow_loop&quot;:&quot;yes&quot;,&quot;background_slideshow_slide_duration&quot;:5000,&quot;background_slideshow_slide_transition&quot;:&quot;fade&quot;,&quot;background_slideshow_transition_duration&quot;:500}\">\n\t\t\t<div class=\"elementor-widget-wrap elementor-element-populated\">\n\t\t\t\t\t\t<div class=\"elementor-element elementor-element-2a67ff4 elementor-widget elementor-widget-image\" data-id=\"2a67ff4\" data-element_type=\"widget\" data-widget_type=\"image.default\">\n\t\t\t\t<div class=\"elementor-widget-container\">\n\t\t\t\t\t\t\t\t\t\t\t\t\t\t\t\t<a href=\"https:\/\/tlatelolcounam.mx\/arbolccut\/crisis_y_reinvencion\/kenyacuevas\/\">\n\t\t\t\t\t\t\t<img decoding=\"async\" width=\"1024\" height=\"386\" src=\"https:\/\/tlatelolcounam.mx\/arbolccut\/wp-content\/uploads\/2020\/06\/OE_Nuestra_venganza-29-1024x386.jpg\" class=\"attachment-large size-large wp-image-2090\" alt=\"\" srcset=\"https:\/\/tlatelolcounam.mx\/arbolccut\/wp-content\/uploads\/2020\/06\/OE_Nuestra_venganza-29-1024x386.jpg 1024w, https:\/\/tlatelolcounam.mx\/arbolccut\/wp-content\/uploads\/2020\/06\/OE_Nuestra_venganza-29-300x113.jpg 300w, https:\/\/tlatelolcounam.mx\/arbolccut\/wp-content\/uploads\/2020\/06\/OE_Nuestra_venganza-29-768x289.jpg 768w, https:\/\/tlatelolcounam.mx\/arbolccut\/wp-content\/uploads\/2020\/06\/OE_Nuestra_venganza-29-1536x579.jpg 1536w, https:\/\/tlatelolcounam.mx\/arbolccut\/wp-content\/uploads\/2020\/06\/OE_Nuestra_venganza-29-2048x772.jpg 2048w\" sizes=\"(max-width: 1024px) 100vw, 1024px\" \/>\t\t\t\t\t\t\t\t<\/a>\n\t\t\t\t\t\t\t\t\t\t\t\t\t\t\t<\/div>\n\t\t\t\t<\/div>\n\t\t\t\t\t<\/div>\n\t\t<\/div>\n\t\t\t\t<div class=\"elementor-column elementor-col-33 elementor-top-column elementor-element elementor-element-ed54a2b\" data-id=\"ed54a2b\" data-element_type=\"column\">\n\t\t\t<div class=\"elementor-widget-wrap elementor-element-populated\">\n\t\t\t\t\t\t<div class=\"elementor-element elementor-element-86b6eda elementor-widget elementor-widget-image\" data-id=\"86b6eda\" data-element_type=\"widget\" data-widget_type=\"image.default\">\n\t\t\t\t<div class=\"elementor-widget-container\">\n\t\t\t\t\t\t\t\t\t\t\t\t\t\t\t\t<a href=\"https:\/\/tlatelolcounam.mx\/arbolccut\/crisis_y_reinvencion\/kiren-miret\/\">\n\t\t\t\t\t\t\t<img loading=\"lazy\" decoding=\"async\" width=\"1024\" height=\"386\" src=\"https:\/\/tlatelolcounam.mx\/arbolccut\/wp-content\/uploads\/2020\/08\/Kiren-31-1024x386.jpg\" class=\"attachment-large size-large wp-image-2146\" alt=\"\" srcset=\"https:\/\/tlatelolcounam.mx\/arbolccut\/wp-content\/uploads\/2020\/08\/Kiren-31-1024x386.jpg 1024w, https:\/\/tlatelolcounam.mx\/arbolccut\/wp-content\/uploads\/2020\/08\/Kiren-31-300x113.jpg 300w, https:\/\/tlatelolcounam.mx\/arbolccut\/wp-content\/uploads\/2020\/08\/Kiren-31-768x289.jpg 768w, https:\/\/tlatelolcounam.mx\/arbolccut\/wp-content\/uploads\/2020\/08\/Kiren-31-1536x579.jpg 1536w, https:\/\/tlatelolcounam.mx\/arbolccut\/wp-content\/uploads\/2020\/08\/Kiren-31-2048x772.jpg 2048w\" sizes=\"(max-width: 1024px) 100vw, 1024px\" \/>\t\t\t\t\t\t\t\t<\/a>\n\t\t\t\t\t\t\t\t\t\t\t\t\t\t\t<\/div>\n\t\t\t\t<\/div>\n\t\t\t\t\t<\/div>\n\t\t<\/div>\n\t\t\t\t\t<\/div>\n\t\t<\/section>\n\t\t\t\t<section class=\"elementor-section elementor-top-section elementor-element elementor-element-cea2ee9 elementor-section-boxed elementor-section-height-default elementor-section-height-default\" data-id=\"cea2ee9\" data-element_type=\"section\" data-settings=\"{&quot;background_background&quot;:&quot;classic&quot;}\">\n\t\t\t\t\t\t<div class=\"elementor-container elementor-column-gap-default\">\n\t\t\t\t\t<div class=\"elementor-column elementor-col-33 elementor-top-column elementor-element elementor-element-1b342ed\" data-id=\"1b342ed\" data-element_type=\"column\">\n\t\t\t<div class=\"elementor-widget-wrap elementor-element-populated\">\n\t\t\t\t\t\t<div class=\"elementor-element elementor-element-3153885 elementor-widget elementor-widget-text-editor\" data-id=\"3153885\" data-element_type=\"widget\" data-widget_type=\"text-editor.default\">\n\t\t\t\t<div class=\"elementor-widget-container\">\n\t\t\t\t\t\t\t\t\t<h3 style=\"color: #68805e;\"><a  style=\"color: #68805e;\"href=\"https:\/\/tlatelolcounam.mx\/arbolccut\/crisis_y_reinvencion\/marce\/\">BROTES DE RESISTENCIA<\/a><\/h3>\n<h4><span style=\"color: #68805e;\">MUSEO DE ARTE CONTEMPORANEO ECATEPEC<\/span><\/h4>\t\t\t\t\t\t\t\t<\/div>\n\t\t\t\t<\/div>\n\t\t\t\t\t<\/div>\n\t\t<\/div>\n\t\t\t\t<div class=\"elementor-column elementor-col-33 elementor-top-column elementor-element elementor-element-faf03e5\" data-id=\"faf03e5\" data-element_type=\"column\">\n\t\t\t<div class=\"elementor-widget-wrap elementor-element-populated\">\n\t\t\t\t\t\t<div class=\"elementor-element elementor-element-4589bd8 elementor-widget elementor-widget-text-editor\" data-id=\"4589bd8\" data-element_type=\"widget\" data-widget_type=\"text-editor.default\">\n\t\t\t\t<div class=\"elementor-widget-container\">\n\t\t\t\t\t\t\t\t\t<h3 style=\"color: #68805e;\"><span style=\"color: #68805e;\"><a style=\"color: #68805e;\" href=\"\/arbolccut\/crisis_y_reinvencion\/kenyacuevas\/\">NUESTRA VENGANZA SER\u00c1 QUE SEAMOS FELICES<\/a><\/span><\/h3>\n<h4><span style=\"color: #68805e;\">KENYA CUEVAS<\/span><\/h4>\t\t\t\t\t\t\t\t<\/div>\n\t\t\t\t<\/div>\n\t\t\t\t\t<\/div>\n\t\t<\/div>\n\t\t\t\t<div class=\"elementor-column elementor-col-33 elementor-top-column elementor-element elementor-element-1d90d7f\" data-id=\"1d90d7f\" data-element_type=\"column\">\n\t\t\t<div class=\"elementor-widget-wrap elementor-element-populated\">\n\t\t\t\t\t\t<div class=\"elementor-element elementor-element-dce8ac8 elementor-widget elementor-widget-text-editor\" data-id=\"dce8ac8\" data-element_type=\"widget\" data-widget_type=\"text-editor.default\">\n\t\t\t\t<div class=\"elementor-widget-container\">\n\t\t\t\t\t\t\t\t\t<h3 style=\"color: #68805e;\"><span style=\"color: #68805e;\"><a style=\"color: #68805e;\" href=\"\/arbolccut\/crisis_y_reinvencion\/kiren-miret\/\">DE GALLETAS Y OTRAS PEQUE\u00d1AS FRUSTRACIONES<\/a><\/span><\/h3><h4><span style=\"color: #68805e;\">KIR\u00c9N MIRET<\/span><\/h4>\t\t\t\t\t\t\t\t<\/div>\n\t\t\t\t<\/div>\n\t\t\t\t\t<\/div>\n\t\t<\/div>\n\t\t\t\t\t<\/div>\n\t\t<\/section>\n\t\t\t\t<section class=\"elementor-section elementor-top-section elementor-element elementor-element-e13c8f8 elementor-section-boxed elementor-section-height-default elementor-section-height-default\" data-id=\"e13c8f8\" data-element_type=\"section\" data-settings=\"{&quot;background_background&quot;:&quot;classic&quot;}\">\n\t\t\t\t\t\t<div class=\"elementor-container elementor-column-gap-default\">\n\t\t\t\t\t<div class=\"elementor-column elementor-col-100 elementor-top-column elementor-element elementor-element-f014ded\" data-id=\"f014ded\" data-element_type=\"column\">\n\t\t\t<div class=\"elementor-widget-wrap elementor-element-populated\">\n\t\t\t\t\t\t<div class=\"elementor-element elementor-element-67c172e elementor-widget elementor-widget-spacer\" data-id=\"67c172e\" data-element_type=\"widget\" data-widget_type=\"spacer.default\">\n\t\t\t\t<div class=\"elementor-widget-container\">\n\t\t\t\t\t\t\t<div class=\"elementor-spacer\">\n\t\t\t<div class=\"elementor-spacer-inner\"><\/div>\n\t\t<\/div>\n\t\t\t\t\t\t<\/div>\n\t\t\t\t<\/div>\n\t\t\t\t\t<\/div>\n\t\t<\/div>\n\t\t\t\t\t<\/div>\n\t\t<\/section>\n\t\t\t\t<section class=\"elementor-section elementor-top-section elementor-element elementor-element-a4181d5 elementor-section-boxed elementor-section-height-default elementor-section-height-default\" data-id=\"a4181d5\" data-element_type=\"section\" data-settings=\"{&quot;background_background&quot;:&quot;classic&quot;}\">\n\t\t\t\t\t\t<div class=\"elementor-container elementor-column-gap-default\">\n\t\t\t\t\t<div class=\"elementor-column elementor-col-16 elementor-top-column elementor-element elementor-element-061a630\" data-id=\"061a630\" data-element_type=\"column\">\n\t\t\t<div class=\"elementor-widget-wrap elementor-element-populated\">\n\t\t\t\t\t\t<div class=\"elementor-element elementor-element-ecd36dc elementor-widget elementor-widget-button\" data-id=\"ecd36dc\" data-element_type=\"widget\" data-widget_type=\"button.default\">\n\t\t\t\t<div class=\"elementor-widget-container\">\n\t\t\t\t\t\t\t\t\t<div class=\"elementor-button-wrapper\">\n\t\t\t\t\t<a class=\"elementor-button elementor-button-link elementor-size-sm\" href=\"https:\/\/tlatelolcounam.mx\/arbolccut\">\n\t\t\t\t\t\t<span class=\"elementor-button-content-wrapper\">\n\t\t\t\t\t\t<span class=\"elementor-button-icon\">\n\t\t\t\t<i aria-hidden=\"true\" class=\"far fa-arrow-alt-circle-left\"><\/i>\t\t\t<\/span>\n\t\t\t\t\t\t\t\t\t<span class=\"elementor-button-text\">Regresar <\/span>\n\t\t\t\t\t<\/span>\n\t\t\t\t\t<\/a>\n\t\t\t\t<\/div>\n\t\t\t\t\t\t\t\t<\/div>\n\t\t\t\t<\/div>\n\t\t\t\t\t<\/div>\n\t\t<\/div>\n\t\t\t\t<div class=\"elementor-column elementor-col-66 elementor-top-column elementor-element elementor-element-ee25929\" data-id=\"ee25929\" data-element_type=\"column\">\n\t\t\t<div class=\"elementor-widget-wrap\">\n\t\t\t\t\t\t\t<\/div>\n\t\t<\/div>\n\t\t\t\t<div class=\"elementor-column elementor-col-16 elementor-top-column elementor-element elementor-element-e36c281\" data-id=\"e36c281\" data-element_type=\"column\">\n\t\t\t<div class=\"elementor-widget-wrap\">\n\t\t\t\t\t\t\t<\/div>\n\t\t<\/div>\n\t\t\t\t\t<\/div>\n\t\t<\/section>\n\t\t\t\t<section class=\"elementor-section elementor-top-section elementor-element elementor-element-d7202df elementor-section-boxed elementor-section-height-default elementor-section-height-default\" data-id=\"d7202df\" data-element_type=\"section\" data-settings=\"{&quot;background_background&quot;:&quot;classic&quot;}\">\n\t\t\t\t\t\t<div class=\"elementor-container elementor-column-gap-default\">\n\t\t\t\t\t<div class=\"elementor-column elementor-col-100 elementor-top-column elementor-element elementor-element-2c19550\" data-id=\"2c19550\" data-element_type=\"column\">\n\t\t\t<div class=\"elementor-widget-wrap elementor-element-populated\">\n\t\t\t\t\t\t<div class=\"elementor-element elementor-element-72b9dd1 elementor-widget elementor-widget-spacer\" data-id=\"72b9dd1\" data-element_type=\"widget\" data-widget_type=\"spacer.default\">\n\t\t\t\t<div class=\"elementor-widget-container\">\n\t\t\t\t\t\t\t<div class=\"elementor-spacer\">\n\t\t\t<div class=\"elementor-spacer-inner\"><\/div>\n\t\t<\/div>\n\t\t\t\t\t\t<\/div>\n\t\t\t\t<\/div>\n\t\t\t\t\t<\/div>\n\t\t<\/div>\n\t\t\t\t\t<\/div>\n\t\t<\/section>\n\t\t\t\t<section class=\"elementor-section elementor-top-section elementor-element elementor-element-15e0b6f elementor-section-boxed elementor-section-height-default elementor-section-height-default\" data-id=\"15e0b6f\" data-element_type=\"section\">\n\t\t\t\t\t\t<div class=\"elementor-container elementor-column-gap-default\">\n\t\t\t\t\t<div class=\"elementor-column elementor-col-100 elementor-top-column elementor-element elementor-element-51483f8\" data-id=\"51483f8\" data-element_type=\"column\">\n\t\t\t<div class=\"elementor-widget-wrap\">\n\t\t\t\t\t\t\t<\/div>\n\t\t<\/div>\n\t\t\t\t\t<\/div>\n\t\t<\/section>\n\t\t\t\t<\/div>\n\t\t","protected":false},"excerpt":{"rendered":"<p>BROTES DE RESISTENCIA MUSEO DE ARTE CONTEMPORANEO ECATEPEC NUESTRA VENGANZA SER\u00c1 QUE SEAMOS FELICES KENYA CUEVAS DE GALLETAS Y OTRAS PEQUE\u00d1AS FRUSTRACIONES KIR\u00c9N MIRET Regresar<\/p>\n","protected":false},"author":1,"featured_media":0,"parent":0,"menu_order":10,"comment_status":"closed","ping_status":"closed","template":"elementor_header_footer","meta":{"footnotes":""},"class_list":["post-1845","page","type-page","status-publish","hentry"],"_links":{"self":[{"href":"https:\/\/tlatelolcounam.mx\/arbolccut\/wp-json\/wp\/v2\/pages\/1845","targetHints":{"allow":["GET"]}}],"collection":[{"href":"https:\/\/tlatelolcounam.mx\/arbolccut\/wp-json\/wp\/v2\/pages"}],"about":[{"href":"https:\/\/tlatelolcounam.mx\/arbolccut\/wp-json\/wp\/v2\/types\/page"}],"author":[{"embeddable":true,"href":"https:\/\/tlatelolcounam.mx\/arbolccut\/wp-json\/wp\/v2\/users\/1"}],"replies":[{"embeddable":true,"href":"https:\/\/tlatelolcounam.mx\/arbolccut\/wp-json\/wp\/v2\/comments?post=1845"}],"version-history":[{"count":21,"href":"https:\/\/tlatelolcounam.mx\/arbolccut\/wp-json\/wp\/v2\/pages\/1845\/revisions"}],"predecessor-version":[{"id":2727,"href":"https:\/\/tlatelolcounam.mx\/arbolccut\/wp-json\/wp\/v2\/pages\/1845\/revisions\/2727"}],"wp:attachment":[{"href":"https:\/\/tlatelolcounam.mx\/arbolccut\/wp-json\/wp\/v2\/media?parent=1845"}],"curies":[{"name":"wp","href":"https:\/\/api.w.org\/{rel}","templated":true}]}}